{"id":6432,"date":"2025-01-03T21:34:51","date_gmt":"2025-01-03T21:34:51","guid":{"rendered":"https:\/\/raymarine.ee\/?post_type=product&#038;p=6432"},"modified":"2026-04-06T19:01:08","modified_gmt":"2026-04-06T16:01:08","slug":"raymarine-type-1-hydraulic-pump-12v","status":"publish","type":"product","link":"https:\/\/raymarine.ee\/en\/product\/raymarine-type-1-hydraulic-pump-12v\/","title":{"rendered":"Raymarine Type 1 Hydraulic Pump 12V"},"content":{"rendered":"<p data-start=\"34\" data-end=\"72\"><strong data-start=\"34\" data-end=\"72\">Raymarine Type 1 h\u00fcdrauliline ajam<\/strong><\/p>\n<p data-start=\"74\" data-end=\"315\">Raymarine Type 1 h\u00fcdrauliline ajam sobib kasutamiseks S1\/S1G ja S2\/S2G autopiloodi p\u00f5hikomplektidega. See p\u00f6\u00f6rdvoolupump on ideaalne v\u00e4ikese ja keskmise mahuga roolisilindrite jaoks, pakkudes suurep\u00e4rast j\u00f5udlust ja t\u00e4pset roolimiskontrolli.<\/p>\n<p data-start=\"317\" data-end=\"330\"><strong data-start=\"317\" data-end=\"330\">Omadused:<\/strong><\/p>\n<ul data-start=\"331\" data-end=\"610\">\n<li data-start=\"331\" data-end=\"408\">\n<p data-start=\"333\" data-end=\"408\">Kompaktne p\u00f6\u00f6rdvoolupump, mis v\u00f5imaldab kiiret ja t\u00e4pset roolimistoimingut.<\/p>\n<\/li>\n<li data-start=\"409\" data-end=\"467\">\n<p data-start=\"411\" data-end=\"467\">Sobib paatidele, mille roolisilindri maht on 80\u2013230 cm\u00b3.<\/p>\n<\/li>\n<li data-start=\"468\" data-end=\"544\">\n<p data-start=\"470\" data-end=\"544\">Elektromagnetiline sidur, mis suudab kanda suuri p\u00f6\u00f6rdemomente libisemata.<\/p>\n<\/li>\n<li data-start=\"545\" data-end=\"610\">\n<p data-start=\"547\" data-end=\"610\">\u00dchildub nii S1\/S1G kui ka S2\/S2G autopiloodi p\u00f5hikomplektidega.<\/p>\n<\/li>\n<\/ul>\n<p data-start=\"612\" data-end=\"634\"><strong data-start=\"612\" data-end=\"634\">Tehnilised andmed:<\/strong><\/p>\n<ul data-start=\"635\" data-end=\"934\">\n<li data-start=\"635\" data-end=\"680\">\n<p data-start=\"637\" data-end=\"680\">Ajami t\u00fc\u00fcp: DC p\u00f6\u00f6rdvoolu h\u00fcdrauliline pump<\/p>\n<\/li>\n<li data-start=\"681\" data-end=\"738\">\n<p data-start=\"683\" data-end=\"738\">Maksimaalne survetakistus: 50 bar (750 psi) 12 V juures<\/p>\n<\/li>\n<li data-start=\"739\" data-end=\"804\">\n<p data-start=\"741\" data-end=\"804\">T\u00f6\u00f6vooluhulk (ilma koormuseta): 1000 cm\u00b3\/min (67 kuuttolli\/min)<\/p>\n<\/li>\n<li data-start=\"805\" data-end=\"853\">\n<p data-start=\"807\" data-end=\"853\">Nimipinge: 12V (sisendpinge vahemik 10\u201315V DC)<\/p>\n<\/li>\n<li data-start=\"854\" data-end=\"878\">\n<p data-start=\"856\" data-end=\"878\">Energiatarbimine: 24 W<\/p>\n<\/li>\n<li data-start=\"879\" data-end=\"934\">\n<p data-start=\"881\" data-end=\"934\">Roolis\u00fcsteemi mahtuvus: 80\u2013230 cm\u00b3 (4.9\u201314 kuuttolli)<\/p>\n<\/li>\n<\/ul>\n<p data-start=\"980\" data-end=\"1119\"><strong data-start=\"980\" data-end=\"991\">M\u00e4rkus:\u00a0<\/strong>\u00d5ige pumba valikul arvestage t\u00f6\u00f6silindri mahuga ja vajadusel konsulteerige Raymarine spetsialistiga.<\/p>\n<p data-start=\"980\" data-end=\"1119\"><strong>Juhendid:<\/strong><\/p>\n<p data-start=\"980\" data-end=\"1119\">Laadige alla Raymarine autopiloodi <a href=\"https:\/\/raymarine.ee\/wp-content\/uploads\/2026\/04\/Hydraulic-Pump-Installation-Guide-81178-5-EN.pdf\" target=\"_blank\" rel=\"noopener\">pumba paigalduse juhend<\/a>.<\/p>","protected":false},"excerpt":{"rendered":"<p>Raymarine kahes suunas t\u00f6\u00f6tav h\u00fcdrauliline autopiloodi pump on m\u00f5eldud h\u00fcdraulilise juhtimisega paatidega. \u00d5ige pumba valimiseks pead teadma oma paadi rooli t\u00f6\u00f6silindri mahtu. Vastavalt t\u00f6\u00f6silindri mahule saad teada pumba t\u00fc\u00fcbi ja vastavalt pumba t\u00fc\u00fcbile tuleb valida ka automaatpiloodi kursikompuuter. Silmas tuleb pidada ka seda kas paadi elektris\u00fcsteem on 12V v\u00f5i 24V. Kui asendad juba olemasolevat pumpa uuega siis on asi lihtsam, vaata vana pumba pealt t\u00fc\u00fcp ja t\u00f6\u00f6pinge v\u00f5i seerianumber. Tutvu kindlasti ka selle toote\u00a0juhenditega\u00a0ja k\u00fcsimuste korral pea n\u00f5u meie spetsialistiga.<\/p>","protected":false},"featured_media":7685,"template":"","meta":{"_acf_changed":false},"product_brand":[134],"product_cat":[66,52,103],"product_tag":[],"class_list":{"0":"post-6432","1":"product","2":"type-product","3":"status-publish","4":"has-post-thumbnail","6":"product_brand-raymarine","7":"product_cat-ajamid","8":"product_cat-autopiloot-autopiloodid","9":"product_cat-raymarine","11":"first","12":"instock","13":"sale","14":"taxable","15":"shipping-taxable","16":"purchasable","17":"product-type-simple"},"acf":[],"yoast_head":"<!-- This site is optimized with the Yoast SEO Premium plugin v27.5 (Yoast SEO v27.5) - https:\/\/yoast.com\/product\/yoast-seo-premium-wordpress\/ -->\n<title>Raymarine Type 1 Hydraulic Pump 12V - NavSystems Mereelektroonika<\/title>\n<meta name=\"description\" content=\"Raymarine Type 1 h\u00fcdrauliline ajam tagab sujuva ja v\u00f5imsa autopiloodi juhtimise v\u00e4ikese ja keskmise mahuga roolisilindrite jaoks, sobides S1\/S1G ja S2\/S2G p\u00f5hikomplektidele.\" \/>\n<meta name=\"robots\" content=\"index, follow, max-snippet:-1, max-image-preview:large, max-video-preview:-1\" \/>\n<link rel=\"canonical\" href=\"https:\/\/raymarine.ee\/en\/product\/raymarine-type-1-hydraulic-pump-12v\/\" \/>\n<meta property=\"og:locale\" content=\"en_GB\" \/>\n<meta property=\"og:type\" content=\"article\" \/>\n<meta property=\"og:title\" content=\"Raymarine Type 1 Hydraulic Pump 12V\" \/>\n<meta property=\"og:description\" content=\"Raymarine Type 1 h\u00fcdrauliline ajam tagab sujuva ja v\u00f5imsa autopiloodi juhtimise v\u00e4ikese ja keskmise mahuga roolisilindrite jaoks, sobides S1\/S1G ja S2\/S2G p\u00f5hikomplektidele.\" \/>\n<meta property=\"og:url\" content=\"https:\/\/raymarine.ee\/en\/product\/raymarine-type-1-hydraulic-pump-12v\/\" \/>\n<meta property=\"og:site_name\" content=\"NavSystems\" \/>\n<meta property=\"article:publisher\" content=\"https:\/\/www.facebook.com\/NavSystems\" \/>\n<meta property=\"article:modified_time\" content=\"2026-04-06T16:01:08+00:00\" \/>\n<meta property=\"og:image\" content=\"https:\/\/raymarine.ee\/wp-content\/uploads\/2025\/01\/ad0a0980-20d9-4441-b7e9-16dfa71c1c8a.webp\" \/>\n\t<meta property=\"og:image:width\" content=\"1024\" \/>\n\t<meta property=\"og:image:height\" content=\"1024\" \/>\n\t<meta property=\"og:image:type\" content=\"image\/webp\" \/>\n<meta name=\"twitter:card\" content=\"summary_large_image\" \/>\n<meta name=\"twitter:label1\" content=\"Price\" \/>\n\t<meta name=\"twitter:data1\" content=\"1 036,00&nbsp;&euro;\" \/>\n\t<meta name=\"twitter:label2\" content=\"Availability\" \/>\n\t<meta name=\"twitter:data2\" content=\"In stock\" \/>\n<script type=\"application\/ld+json\" class=\"yoast-schema-graph\">{\"@context\":\"https:\\\/\\\/schema.org\",\"@graph\":[{\"@type\":\"WebPage\",\"@id\":\"https:\\\/\\\/raymarine.ee\\\/product\\\/raymarine-type-1-hydraulic-pump-12v\\\/\",\"url\":\"https:\\\/\\\/raymarine.ee\\\/product\\\/raymarine-type-1-hydraulic-pump-12v\\\/\",\"name\":\"Raymarine Type 1 Hydraulic Pump 12V - NavSystems Mereelektroonika\",\"isPartOf\":{\"@id\":\"https:\\\/\\\/raymarine.ee\\\/#website\"},\"primaryImageOfPage\":{\"@id\":\"https:\\\/\\\/raymarine.ee\\\/product\\\/raymarine-type-1-hydraulic-pump-12v\\\/#primaryimage\"},\"image\":{\"@id\":\"https:\\\/\\\/raymarine.ee\\\/product\\\/raymarine-type-1-hydraulic-pump-12v\\\/#primaryimage\"},\"thumbnailUrl\":\"https:\\\/\\\/raymarine.ee\\\/wp-content\\\/uploads\\\/2025\\\/01\\\/ad0a0980-20d9-4441-b7e9-16dfa71c1c8a.webp\",\"datePublished\":\"2025-01-03T21:34:51+00:00\",\"dateModified\":\"2026-04-06T16:01:08+00:00\",\"description\":\"Raymarine Type 1 h\u00fcdrauliline ajam tagab sujuva ja v\u00f5imsa autopiloodi juhtimise v\u00e4ikese ja keskmise mahuga roolisilindrite jaoks, sobides S1\\\/S1G ja S2\\\/S2G p\u00f5hikomplektidele.\",\"breadcrumb\":{\"@id\":\"https:\\\/\\\/raymarine.ee\\\/product\\\/raymarine-type-1-hydraulic-pump-12v\\\/#breadcrumb\"},\"inLanguage\":\"en-GB\",\"potentialAction\":[{\"@type\":\"ReadAction\",\"target\":[\"https:\\\/\\\/raymarine.ee\\\/product\\\/raymarine-type-1-hydraulic-pump-12v\\\/\"]}]},{\"@type\":\"ImageObject\",\"inLanguage\":\"en-GB\",\"@id\":\"https:\\\/\\\/raymarine.ee\\\/product\\\/raymarine-type-1-hydraulic-pump-12v\\\/#primaryimage\",\"url\":\"https:\\\/\\\/raymarine.ee\\\/wp-content\\\/uploads\\\/2025\\\/01\\\/ad0a0980-20d9-4441-b7e9-16dfa71c1c8a.webp\",\"contentUrl\":\"https:\\\/\\\/raymarine.ee\\\/wp-content\\\/uploads\\\/2025\\\/01\\\/ad0a0980-20d9-4441-b7e9-16dfa71c1c8a.webp\",\"width\":1024,\"height\":1024},{\"@type\":\"BreadcrumbList\",\"@id\":\"https:\\\/\\\/raymarine.ee\\\/product\\\/raymarine-type-1-hydraulic-pump-12v\\\/#breadcrumb\",\"itemListElement\":[{\"@type\":\"ListItem\",\"position\":1,\"name\":\"Home\",\"item\":\"https:\\\/\\\/raymarine.ee\\\/\"},{\"@type\":\"ListItem\",\"position\":2,\"name\":\"Tooted\",\"item\":\"https:\\\/\\\/raymarine.ee\\\/shop\\\/\"},{\"@type\":\"ListItem\",\"position\":3,\"name\":\"Raymarine Type 1 Hydraulic Pump 12V\"}]},{\"@type\":\"WebSite\",\"@id\":\"https:\\\/\\\/raymarine.ee\\\/#website\",\"url\":\"https:\\\/\\\/raymarine.ee\\\/\",\"name\":\"www.raymarine.ee\",\"description\":\"Mereelektroonika, kaardiplotter, autopiloot, pinnipiloot, roolipiloot, radar, AIS, VHF, Smart Wind\",\"publisher\":{\"@id\":\"https:\\\/\\\/raymarine.ee\\\/#organization\"},\"alternateName\":\"Raymarine\",\"potentialAction\":[{\"@type\":\"SearchAction\",\"target\":{\"@type\":\"EntryPoint\",\"urlTemplate\":\"https:\\\/\\\/raymarine.ee\\\/?s={search_term_string}\"},\"query-input\":{\"@type\":\"PropertyValueSpecification\",\"valueRequired\":true,\"valueName\":\"search_term_string\"}}],\"inLanguage\":\"en-GB\"},{\"@type\":\"Organization\",\"@id\":\"https:\\\/\\\/raymarine.ee\\\/#organization\",\"name\":\"NavSystems O\u00dc\",\"url\":\"https:\\\/\\\/raymarine.ee\\\/\",\"logo\":{\"@type\":\"ImageObject\",\"inLanguage\":\"en-GB\",\"@id\":\"https:\\\/\\\/raymarine.ee\\\/#\\\/schema\\\/logo\\\/image\\\/\",\"url\":\"https:\\\/\\\/raymarine.ee\\\/wp-content\\\/uploads\\\/2024\\\/10\\\/Screenshot-2024-10-15-151324_bg_removed.webp\",\"contentUrl\":\"https:\\\/\\\/raymarine.ee\\\/wp-content\\\/uploads\\\/2024\\\/10\\\/Screenshot-2024-10-15-151324_bg_removed.webp\",\"width\":420,\"height\":276,\"caption\":\"NavSystems O\u00dc\"},\"image\":{\"@id\":\"https:\\\/\\\/raymarine.ee\\\/#\\\/schema\\\/logo\\\/image\\\/\"},\"sameAs\":[\"https:\\\/\\\/www.facebook.com\\\/NavSystems\"],\"legalName\":\"NavSystems O\u00dc\",\"foundingDate\":\"2011-05-03\",\"numberOfEmployees\":{\"@type\":\"QuantitativeValue\",\"minValue\":\"1\",\"maxValue\":\"10\"}}]}<\/script>\n<meta property=\"product:price:amount\" content=\"1036.00\" \/>\n<meta property=\"product:price:currency\" content=\"EUR\" \/>\n<meta property=\"og:availability\" content=\"instock\" \/>\n<meta property=\"product:availability\" content=\"instock\" \/>\n<meta property=\"product:retailer_item_id\" content=\"M81120\" \/>\n<meta property=\"product:condition\" content=\"new\" \/>\n<!-- \/ Yoast SEO Premium plugin. -->","yoast_head_json":{"title":"Raymarine Type 1 Hydraulic Pump 12V - NavSystems Mereelektroonika","description":"Raymarine Type 1 h\u00fcdrauliline ajam tagab sujuva ja v\u00f5imsa autopiloodi juhtimise v\u00e4ikese ja keskmise mahuga roolisilindrite jaoks, sobides S1\/S1G ja S2\/S2G p\u00f5hikomplektidele.","robots":{"index":"index","follow":"follow","max-snippet":"max-snippet:-1","max-image-preview":"max-image-preview:large","max-video-preview":"max-video-preview:-1"},"canonical":"https:\/\/raymarine.ee\/en\/product\/raymarine-type-1-hydraulic-pump-12v\/","og_locale":"en_GB","og_type":"article","og_title":"Raymarine Type 1 Hydraulic Pump 12V","og_description":"Raymarine Type 1 h\u00fcdrauliline ajam tagab sujuva ja v\u00f5imsa autopiloodi juhtimise v\u00e4ikese ja keskmise mahuga roolisilindrite jaoks, sobides S1\/S1G ja S2\/S2G p\u00f5hikomplektidele.","og_url":"https:\/\/raymarine.ee\/en\/product\/raymarine-type-1-hydraulic-pump-12v\/","og_site_name":"NavSystems","article_publisher":"https:\/\/www.facebook.com\/NavSystems","article_modified_time":"2026-04-06T16:01:08+00:00","og_image":[{"width":1024,"height":1024,"url":"https:\/\/raymarine.ee\/wp-content\/uploads\/2025\/01\/ad0a0980-20d9-4441-b7e9-16dfa71c1c8a.webp","type":"image\/webp"}],"twitter_card":"summary_large_image","twitter_misc":{"Price":"1 036,00&nbsp;&euro;","Availability":"In stock"},"schema":{"@context":"https:\/\/schema.org","@graph":[{"@type":"WebPage","@id":"https:\/\/raymarine.ee\/product\/raymarine-type-1-hydraulic-pump-12v\/","url":"https:\/\/raymarine.ee\/product\/raymarine-type-1-hydraulic-pump-12v\/","name":"Raymarine Type 1 Hydraulic Pump 12V - NavSystems Mereelektroonika","isPartOf":{"@id":"https:\/\/raymarine.ee\/#website"},"primaryImageOfPage":{"@id":"https:\/\/raymarine.ee\/product\/raymarine-type-1-hydraulic-pump-12v\/#primaryimage"},"image":{"@id":"https:\/\/raymarine.ee\/product\/raymarine-type-1-hydraulic-pump-12v\/#primaryimage"},"thumbnailUrl":"https:\/\/raymarine.ee\/wp-content\/uploads\/2025\/01\/ad0a0980-20d9-4441-b7e9-16dfa71c1c8a.webp","datePublished":"2025-01-03T21:34:51+00:00","dateModified":"2026-04-06T16:01:08+00:00","description":"Raymarine Type 1 h\u00fcdrauliline ajam tagab sujuva ja v\u00f5imsa autopiloodi juhtimise v\u00e4ikese ja keskmise mahuga roolisilindrite jaoks, sobides S1\/S1G ja S2\/S2G p\u00f5hikomplektidele.","breadcrumb":{"@id":"https:\/\/raymarine.ee\/product\/raymarine-type-1-hydraulic-pump-12v\/#breadcrumb"},"inLanguage":"en-GB","potentialAction":[{"@type":"ReadAction","target":["https:\/\/raymarine.ee\/product\/raymarine-type-1-hydraulic-pump-12v\/"]}]},{"@type":"ImageObject","inLanguage":"en-GB","@id":"https:\/\/raymarine.ee\/product\/raymarine-type-1-hydraulic-pump-12v\/#primaryimage","url":"https:\/\/raymarine.ee\/wp-content\/uploads\/2025\/01\/ad0a0980-20d9-4441-b7e9-16dfa71c1c8a.webp","contentUrl":"https:\/\/raymarine.ee\/wp-content\/uploads\/2025\/01\/ad0a0980-20d9-4441-b7e9-16dfa71c1c8a.webp","width":1024,"height":1024},{"@type":"BreadcrumbList","@id":"https:\/\/raymarine.ee\/product\/raymarine-type-1-hydraulic-pump-12v\/#breadcrumb","itemListElement":[{"@type":"ListItem","position":1,"name":"Home","item":"https:\/\/raymarine.ee\/"},{"@type":"ListItem","position":2,"name":"Tooted","item":"https:\/\/raymarine.ee\/shop\/"},{"@type":"ListItem","position":3,"name":"Raymarine Type 1 Hydraulic Pump 12V"}]},{"@type":"WebSite","@id":"https:\/\/raymarine.ee\/#website","url":"https:\/\/raymarine.ee\/","name":"www.raymarine.ee","description":"Mereelektroonika, kaardiplotter, autopiloot, pinnipiloot, roolipiloot, radar, AIS, VHF, Smart Wind","publisher":{"@id":"https:\/\/raymarine.ee\/#organization"},"alternateName":"Raymarine","potentialAction":[{"@type":"SearchAction","target":{"@type":"EntryPoint","urlTemplate":"https:\/\/raymarine.ee\/?s={search_term_string}"},"query-input":{"@type":"PropertyValueSpecification","valueRequired":true,"valueName":"search_term_string"}}],"inLanguage":"en-GB"},{"@type":"Organization","@id":"https:\/\/raymarine.ee\/#organization","name":"NavSystems O\u00dc","url":"https:\/\/raymarine.ee\/","logo":{"@type":"ImageObject","inLanguage":"en-GB","@id":"https:\/\/raymarine.ee\/#\/schema\/logo\/image\/","url":"https:\/\/raymarine.ee\/wp-content\/uploads\/2024\/10\/Screenshot-2024-10-15-151324_bg_removed.webp","contentUrl":"https:\/\/raymarine.ee\/wp-content\/uploads\/2024\/10\/Screenshot-2024-10-15-151324_bg_removed.webp","width":420,"height":276,"caption":"NavSystems O\u00dc"},"image":{"@id":"https:\/\/raymarine.ee\/#\/schema\/logo\/image\/"},"sameAs":["https:\/\/www.facebook.com\/NavSystems"],"legalName":"NavSystems O\u00dc","foundingDate":"2011-05-03","numberOfEmployees":{"@type":"QuantitativeValue","minValue":"1","maxValue":"10"}}]},"product_price_amount":"1036.00","product_price_currency":"EUR","og_availability":"instock","product_availability":"instock","product_retailer_item_id":"M81120","product_condition":"new"},"jetpack_sharing_enabled":true,"_links":{"self":[{"href":"https:\/\/raymarine.ee\/en\/wp-json\/wp\/v2\/product\/6432","targetHints":{"allow":["GET"]}}],"collection":[{"href":"https:\/\/raymarine.ee\/en\/wp-json\/wp\/v2\/product"}],"about":[{"href":"https:\/\/raymarine.ee\/en\/wp-json\/wp\/v2\/types\/product"}],"wp:featuredmedia":[{"embeddable":true,"href":"https:\/\/raymarine.ee\/en\/wp-json\/wp\/v2\/media\/7685"}],"wp:attachment":[{"href":"https:\/\/raymarine.ee\/en\/wp-json\/wp\/v2\/media?parent=6432"}],"wp:term":[{"taxonomy":"product_brand","embeddable":true,"href":"https:\/\/raymarine.ee\/en\/wp-json\/wp\/v2\/product_brand?post=6432"},{"taxonomy":"product_cat","embeddable":true,"href":"https:\/\/raymarine.ee\/en\/wp-json\/wp\/v2\/product_cat?post=6432"},{"taxonomy":"product_tag","embeddable":true,"href":"https:\/\/raymarine.ee\/en\/wp-json\/wp\/v2\/product_tag?post=6432"}],"curies":[{"name":"wp","href":"https:\/\/api.w.org\/{rel}","templated":true}]}}