{"id":6433,"date":"2025-01-03T21:33:44","date_gmt":"2025-01-03T21:33:44","guid":{"rendered":"https:\/\/raymarine.ee\/?post_type=product&#038;p=6433"},"modified":"2026-04-06T18:58:50","modified_gmt":"2026-04-06T15:58:50","slug":"raymarine-type-1-hydraulic-pump-24v","status":"publish","type":"product","link":"https:\/\/raymarine.ee\/en\/product\/raymarine-type-1-hydraulic-pump-24v\/","title":{"rendered":"Raymarine Type 1 Hydraulic Pump 24V"},"content":{"rendered":"<div id=\"esctl_837864\" class=\"element-tabs-panel-outer element-tabs-alpha\">\n<div class=\"element-tabs-panel-inner\">\n<div class=\"ContentEditor\">\n<p data-start=\"34\" data-end=\"78\"><strong data-start=\"34\" data-end=\"78\">Raymarine 24V h\u00fcdrauliline pump (Type 1)<\/strong><\/p>\n<p data-start=\"80\" data-end=\"337\">Raymarine 24V p\u00f6\u00f6rdvoolu h\u00fcdrauliline pump on m\u00f5eldud paatidele, millel on olemasolev h\u00fcdrauliline roolis\u00fcsteem ja mis t\u00f6\u00f6tavad 24 V alalisvoolus\u00fcsteemidega. See pump pakub usaldusv\u00e4\u00e4rset ja kiiret juhtimist v\u00e4ikese ja keskmise mahuga roolisilindrite jaoks.<\/p>\n<p data-start=\"339\" data-end=\"352\"><strong data-start=\"339\" data-end=\"352\">Omadused:<\/strong><\/p>\n<ul data-start=\"353\" data-end=\"607\">\n<li data-start=\"353\" data-end=\"415\">\n<p data-start=\"355\" data-end=\"415\">P\u00f6\u00f6rdvoolu DC h\u00fcdrauliline pump t\u00e4pseks roolimisjuhtimiseks.<\/p>\n<\/li>\n<li data-start=\"416\" data-end=\"487\">\n<p data-start=\"418\" data-end=\"487\">Elektromagnetiline sidur tagab k\u00f5rge p\u00f6\u00f6rdemomendi ilma libisemiseta.<\/p>\n<\/li>\n<li data-start=\"488\" data-end=\"551\">\n<p data-start=\"490\" data-end=\"551\">Sobib roolisilindritele mahuga 80\u2013230 cm\u00b3 (4.9\u201314 kuuttolli).<\/p>\n<\/li>\n<li data-start=\"552\" data-end=\"607\">\n<p data-start=\"554\" data-end=\"607\">M\u00f5eldud paatidele, millel on 24 V alalisvoolus\u00fcsteem.<\/p>\n<\/li>\n<\/ul>\n<p data-start=\"609\" data-end=\"631\"><strong data-start=\"609\" data-end=\"631\">Tehnilised andmed:<\/strong><\/p>\n<ul data-start=\"632\" data-end=\"884\">\n<li data-start=\"632\" data-end=\"677\">\n<p data-start=\"634\" data-end=\"677\">Ajami t\u00fc\u00fcp: DC p\u00f6\u00f6rdvoolu h\u00fcdrauliline pump<\/p>\n<\/li>\n<li data-start=\"678\" data-end=\"737\">\n<p data-start=\"680\" data-end=\"737\">Maksimaalne survetakistus: 50 bar (750 psi) 12V s\u00fcsteemis<\/p>\n<\/li>\n<li data-start=\"738\" data-end=\"803\">\n<p data-start=\"740\" data-end=\"803\">T\u00f6\u00f6vooluhulk (ilma koormuseta): 1000 cm\u00b3\/min (67 kuuttolli\/min)<\/p>\n<\/li>\n<li data-start=\"804\" data-end=\"820\">\n<p data-start=\"806\" data-end=\"820\">Nimipinge: 24V<\/p>\n<\/li>\n<li data-start=\"821\" data-end=\"845\">\n<p data-start=\"823\" data-end=\"845\">Energiatarbimine: 24 W<\/p>\n<\/li>\n<li data-start=\"846\" data-end=\"884\">\n<p data-start=\"848\" data-end=\"884\">Sobiv roolisilindri maht: 80\u2013230 cm\u00b3<\/p>\n<\/li>\n<\/ul>\n<p data-start=\"980\" data-end=\"1119\"><strong data-start=\"980\" data-end=\"991\">M\u00e4rkus:\u00a0<\/strong>\u00d5ige pumba valikul arvestage t\u00f6\u00f6silindri mahuga ja vajadusel konsulteerige Raymarine spetsialistiga.<\/p>\n<p data-start=\"980\" data-end=\"1119\"><strong>Juhendid:<\/strong><\/p>\n<p data-start=\"980\" data-end=\"1119\">Laadige alla Raymarine autopiloodi\u00a0<a href=\"https:\/\/raymarine.ee\/wp-content\/uploads\/2026\/04\/Hydraulic-Pump-Installation-Guide-81178-5-EN.pdf\" target=\"_blank\" rel=\"noopener\" data-wpel-link=\"internal\">pumba paigalduse juhend<\/a>.<\/p>\n<\/div>\n<\/div>\n<\/div>","protected":false},"excerpt":{"rendered":"<p>Raymarine kahes suunas t\u00f6\u00f6tav h\u00fcdrauliline autopiloodi pump on m\u00f5eldud h\u00fcdraulilise juhtimisega paatidega. \u00d5ige pumba valimiseks pead teadma oma paadi rooli t\u00f6\u00f6silindri mahtu. Vastavalt t\u00f6\u00f6silindri mahule saad teada pumba t\u00fc\u00fcbi ja vastavalt pumba t\u00fc\u00fcbile tuleb valida ka automaatpiloodi kursikompuuter. Silmas tuleb pidada ka seda kas paadi elektris\u00fcsteem on 12V v\u00f5i 24V. Kui asendad juba olemasolevat pumpa uuega siis on asi lihtsam, vaata vana pumba pealt t\u00fc\u00fcp ja t\u00f6\u00f6pinge v\u00f5i seerianumber. Tutvu kindlasti ka selle toote\u00a0juhenditega\u00a0ja k\u00fcsimuste korral pea n\u00f5u meie spetsialistiga.<\/p>","protected":false},"featured_media":7684,"template":"","meta":{"_acf_changed":false},"product_brand":[134],"product_cat":[66,52,103],"product_tag":[],"class_list":{"0":"post-6433","1":"product","2":"type-product","3":"status-publish","4":"has-post-thumbnail","6":"product_brand-raymarine","7":"product_cat-ajamid","8":"product_cat-autopiloot-autopiloodid","9":"product_cat-raymarine","11":"first","12":"onbackorder","13":"sale","14":"taxable","15":"shipping-taxable","16":"purchasable","17":"product-type-simple"},"acf":[],"yoast_head":"<!-- This site is optimized with the Yoast SEO Premium plugin v27.5 (Yoast SEO v27.5) - https:\/\/yoast.com\/product\/yoast-seo-premium-wordpress\/ -->\n<title>Raymarine Type 1 Hydraulic Pump 24V - NavSystems Mereelektroonika<\/title>\n<meta name=\"description\" content=\"Raymarine 24V h\u00fcdrauliline pump sobib t\u00e4pselt v\u00e4ikese ja keskmise mahuga roolis\u00fcsteemidele, pakkudes kiiret ja t\u00e4pset juhtimist 24V paatide jaoks.\" \/>\n<meta name=\"robots\" content=\"index, follow, max-snippet:-1, max-image-preview:large, max-video-preview:-1\" \/>\n<link rel=\"canonical\" href=\"https:\/\/raymarine.ee\/en\/product\/raymarine-type-1-hydraulic-pump-24v\/\" \/>\n<meta property=\"og:locale\" content=\"en_GB\" \/>\n<meta property=\"og:type\" content=\"article\" \/>\n<meta property=\"og:title\" content=\"Raymarine Type 1 Hydraulic Pump 24V\" \/>\n<meta property=\"og:description\" content=\"Raymarine 24V h\u00fcdrauliline pump sobib t\u00e4pselt v\u00e4ikese ja keskmise mahuga roolis\u00fcsteemidele, pakkudes kiiret ja t\u00e4pset juhtimist 24V paatide jaoks.\" \/>\n<meta property=\"og:url\" content=\"https:\/\/raymarine.ee\/en\/product\/raymarine-type-1-hydraulic-pump-24v\/\" \/>\n<meta property=\"og:site_name\" content=\"NavSystems\" \/>\n<meta property=\"article:publisher\" content=\"https:\/\/www.facebook.com\/NavSystems\" \/>\n<meta property=\"article:modified_time\" content=\"2026-04-06T15:58:50+00:00\" \/>\n<meta property=\"og:image\" content=\"https:\/\/raymarine.ee\/wp-content\/uploads\/2025\/01\/92e9a42c-0ce2-4e61-86ce-7074877c3160.webp\" \/>\n\t<meta property=\"og:image:width\" content=\"1024\" \/>\n\t<meta property=\"og:image:height\" content=\"1024\" \/>\n\t<meta property=\"og:image:type\" content=\"image\/webp\" \/>\n<meta name=\"twitter:card\" content=\"summary_large_image\" \/>\n<meta name=\"twitter:label1\" content=\"Price\" \/>\n\t<meta name=\"twitter:data1\" content=\"1 095,00&nbsp;&euro;\" \/>\n\t<meta name=\"twitter:label2\" content=\"Availability\" \/>\n\t<meta name=\"twitter:data2\" content=\"On back order\" \/>\n<script type=\"application\/ld+json\" class=\"yoast-schema-graph\">{\"@context\":\"https:\\\/\\\/schema.org\",\"@graph\":[{\"@type\":\"WebPage\",\"@id\":\"https:\\\/\\\/raymarine.ee\\\/product\\\/raymarine-type-1-hydraulic-pump-24v\\\/\",\"url\":\"https:\\\/\\\/raymarine.ee\\\/product\\\/raymarine-type-1-hydraulic-pump-24v\\\/\",\"name\":\"Raymarine Type 1 Hydraulic Pump 24V - NavSystems Mereelektroonika\",\"isPartOf\":{\"@id\":\"https:\\\/\\\/raymarine.ee\\\/#website\"},\"primaryImageOfPage\":{\"@id\":\"https:\\\/\\\/raymarine.ee\\\/product\\\/raymarine-type-1-hydraulic-pump-24v\\\/#primaryimage\"},\"image\":{\"@id\":\"https:\\\/\\\/raymarine.ee\\\/product\\\/raymarine-type-1-hydraulic-pump-24v\\\/#primaryimage\"},\"thumbnailUrl\":\"https:\\\/\\\/raymarine.ee\\\/wp-content\\\/uploads\\\/2025\\\/01\\\/92e9a42c-0ce2-4e61-86ce-7074877c3160.webp\",\"datePublished\":\"2025-01-03T21:33:44+00:00\",\"dateModified\":\"2026-04-06T15:58:50+00:00\",\"description\":\"Raymarine 24V h\u00fcdrauliline pump sobib t\u00e4pselt v\u00e4ikese ja keskmise mahuga roolis\u00fcsteemidele, pakkudes kiiret ja t\u00e4pset juhtimist 24V paatide jaoks.\",\"breadcrumb\":{\"@id\":\"https:\\\/\\\/raymarine.ee\\\/product\\\/raymarine-type-1-hydraulic-pump-24v\\\/#breadcrumb\"},\"inLanguage\":\"en-GB\",\"potentialAction\":[{\"@type\":\"ReadAction\",\"target\":[\"https:\\\/\\\/raymarine.ee\\\/product\\\/raymarine-type-1-hydraulic-pump-24v\\\/\"]}]},{\"@type\":\"ImageObject\",\"inLanguage\":\"en-GB\",\"@id\":\"https:\\\/\\\/raymarine.ee\\\/product\\\/raymarine-type-1-hydraulic-pump-24v\\\/#primaryimage\",\"url\":\"https:\\\/\\\/raymarine.ee\\\/wp-content\\\/uploads\\\/2025\\\/01\\\/92e9a42c-0ce2-4e61-86ce-7074877c3160.webp\",\"contentUrl\":\"https:\\\/\\\/raymarine.ee\\\/wp-content\\\/uploads\\\/2025\\\/01\\\/92e9a42c-0ce2-4e61-86ce-7074877c3160.webp\",\"width\":1024,\"height\":1024},{\"@type\":\"BreadcrumbList\",\"@id\":\"https:\\\/\\\/raymarine.ee\\\/product\\\/raymarine-type-1-hydraulic-pump-24v\\\/#breadcrumb\",\"itemListElement\":[{\"@type\":\"ListItem\",\"position\":1,\"name\":\"Home\",\"item\":\"https:\\\/\\\/raymarine.ee\\\/\"},{\"@type\":\"ListItem\",\"position\":2,\"name\":\"Tooted\",\"item\":\"https:\\\/\\\/raymarine.ee\\\/shop\\\/\"},{\"@type\":\"ListItem\",\"position\":3,\"name\":\"Raymarine Type 1 Hydraulic Pump 24V\"}]},{\"@type\":\"WebSite\",\"@id\":\"https:\\\/\\\/raymarine.ee\\\/#website\",\"url\":\"https:\\\/\\\/raymarine.ee\\\/\",\"name\":\"www.raymarine.ee\",\"description\":\"Mereelektroonika, kaardiplotter, autopiloot, pinnipiloot, roolipiloot, radar, AIS, VHF, Smart Wind\",\"publisher\":{\"@id\":\"https:\\\/\\\/raymarine.ee\\\/#organization\"},\"alternateName\":\"Raymarine\",\"potentialAction\":[{\"@type\":\"SearchAction\",\"target\":{\"@type\":\"EntryPoint\",\"urlTemplate\":\"https:\\\/\\\/raymarine.ee\\\/?s={search_term_string}\"},\"query-input\":{\"@type\":\"PropertyValueSpecification\",\"valueRequired\":true,\"valueName\":\"search_term_string\"}}],\"inLanguage\":\"en-GB\"},{\"@type\":\"Organization\",\"@id\":\"https:\\\/\\\/raymarine.ee\\\/#organization\",\"name\":\"NavSystems O\u00dc\",\"url\":\"https:\\\/\\\/raymarine.ee\\\/\",\"logo\":{\"@type\":\"ImageObject\",\"inLanguage\":\"en-GB\",\"@id\":\"https:\\\/\\\/raymarine.ee\\\/#\\\/schema\\\/logo\\\/image\\\/\",\"url\":\"https:\\\/\\\/raymarine.ee\\\/wp-content\\\/uploads\\\/2024\\\/10\\\/Screenshot-2024-10-15-151324_bg_removed.webp\",\"contentUrl\":\"https:\\\/\\\/raymarine.ee\\\/wp-content\\\/uploads\\\/2024\\\/10\\\/Screenshot-2024-10-15-151324_bg_removed.webp\",\"width\":420,\"height\":276,\"caption\":\"NavSystems O\u00dc\"},\"image\":{\"@id\":\"https:\\\/\\\/raymarine.ee\\\/#\\\/schema\\\/logo\\\/image\\\/\"},\"sameAs\":[\"https:\\\/\\\/www.facebook.com\\\/NavSystems\"],\"legalName\":\"NavSystems O\u00dc\",\"foundingDate\":\"2011-05-03\",\"numberOfEmployees\":{\"@type\":\"QuantitativeValue\",\"minValue\":\"1\",\"maxValue\":\"10\"}}]}<\/script>\n<meta property=\"product:price:amount\" content=\"1095.00\" \/>\n<meta property=\"product:price:currency\" content=\"EUR\" \/>\n<meta property=\"og:availability\" content=\"backorder\" \/>\n<meta property=\"product:availability\" content=\"available for order\" \/>\n<meta property=\"product:retailer_item_id\" content=\"M81119\" \/>\n<meta property=\"product:condition\" content=\"new\" \/>\n<!-- \/ Yoast SEO Premium plugin. -->","yoast_head_json":{"title":"Raymarine Type 1 Hydraulic Pump 24V - NavSystems Mereelektroonika","description":"Raymarine 24V h\u00fcdrauliline pump sobib t\u00e4pselt v\u00e4ikese ja keskmise mahuga roolis\u00fcsteemidele, pakkudes kiiret ja t\u00e4pset juhtimist 24V paatide jaoks.","robots":{"index":"index","follow":"follow","max-snippet":"max-snippet:-1","max-image-preview":"max-image-preview:large","max-video-preview":"max-video-preview:-1"},"canonical":"https:\/\/raymarine.ee\/en\/product\/raymarine-type-1-hydraulic-pump-24v\/","og_locale":"en_GB","og_type":"article","og_title":"Raymarine Type 1 Hydraulic Pump 24V","og_description":"Raymarine 24V h\u00fcdrauliline pump sobib t\u00e4pselt v\u00e4ikese ja keskmise mahuga roolis\u00fcsteemidele, pakkudes kiiret ja t\u00e4pset juhtimist 24V paatide jaoks.","og_url":"https:\/\/raymarine.ee\/en\/product\/raymarine-type-1-hydraulic-pump-24v\/","og_site_name":"NavSystems","article_publisher":"https:\/\/www.facebook.com\/NavSystems","article_modified_time":"2026-04-06T15:58:50+00:00","og_image":[{"width":1024,"height":1024,"url":"https:\/\/raymarine.ee\/wp-content\/uploads\/2025\/01\/92e9a42c-0ce2-4e61-86ce-7074877c3160.webp","type":"image\/webp"}],"twitter_card":"summary_large_image","twitter_misc":{"Price":"1 095,00&nbsp;&euro;","Availability":"On back order"},"schema":{"@context":"https:\/\/schema.org","@graph":[{"@type":"WebPage","@id":"https:\/\/raymarine.ee\/product\/raymarine-type-1-hydraulic-pump-24v\/","url":"https:\/\/raymarine.ee\/product\/raymarine-type-1-hydraulic-pump-24v\/","name":"Raymarine Type 1 Hydraulic Pump 24V - NavSystems Mereelektroonika","isPartOf":{"@id":"https:\/\/raymarine.ee\/#website"},"primaryImageOfPage":{"@id":"https:\/\/raymarine.ee\/product\/raymarine-type-1-hydraulic-pump-24v\/#primaryimage"},"image":{"@id":"https:\/\/raymarine.ee\/product\/raymarine-type-1-hydraulic-pump-24v\/#primaryimage"},"thumbnailUrl":"https:\/\/raymarine.ee\/wp-content\/uploads\/2025\/01\/92e9a42c-0ce2-4e61-86ce-7074877c3160.webp","datePublished":"2025-01-03T21:33:44+00:00","dateModified":"2026-04-06T15:58:50+00:00","description":"Raymarine 24V h\u00fcdrauliline pump sobib t\u00e4pselt v\u00e4ikese ja keskmise mahuga roolis\u00fcsteemidele, pakkudes kiiret ja t\u00e4pset juhtimist 24V paatide jaoks.","breadcrumb":{"@id":"https:\/\/raymarine.ee\/product\/raymarine-type-1-hydraulic-pump-24v\/#breadcrumb"},"inLanguage":"en-GB","potentialAction":[{"@type":"ReadAction","target":["https:\/\/raymarine.ee\/product\/raymarine-type-1-hydraulic-pump-24v\/"]}]},{"@type":"ImageObject","inLanguage":"en-GB","@id":"https:\/\/raymarine.ee\/product\/raymarine-type-1-hydraulic-pump-24v\/#primaryimage","url":"https:\/\/raymarine.ee\/wp-content\/uploads\/2025\/01\/92e9a42c-0ce2-4e61-86ce-7074877c3160.webp","contentUrl":"https:\/\/raymarine.ee\/wp-content\/uploads\/2025\/01\/92e9a42c-0ce2-4e61-86ce-7074877c3160.webp","width":1024,"height":1024},{"@type":"BreadcrumbList","@id":"https:\/\/raymarine.ee\/product\/raymarine-type-1-hydraulic-pump-24v\/#breadcrumb","itemListElement":[{"@type":"ListItem","position":1,"name":"Home","item":"https:\/\/raymarine.ee\/"},{"@type":"ListItem","position":2,"name":"Tooted","item":"https:\/\/raymarine.ee\/shop\/"},{"@type":"ListItem","position":3,"name":"Raymarine Type 1 Hydraulic Pump 24V"}]},{"@type":"WebSite","@id":"https:\/\/raymarine.ee\/#website","url":"https:\/\/raymarine.ee\/","name":"www.raymarine.ee","description":"Mereelektroonika, kaardiplotter, autopiloot, pinnipiloot, roolipiloot, radar, AIS, VHF, Smart Wind","publisher":{"@id":"https:\/\/raymarine.ee\/#organization"},"alternateName":"Raymarine","potentialAction":[{"@type":"SearchAction","target":{"@type":"EntryPoint","urlTemplate":"https:\/\/raymarine.ee\/?s={search_term_string}"},"query-input":{"@type":"PropertyValueSpecification","valueRequired":true,"valueName":"search_term_string"}}],"inLanguage":"en-GB"},{"@type":"Organization","@id":"https:\/\/raymarine.ee\/#organization","name":"NavSystems O\u00dc","url":"https:\/\/raymarine.ee\/","logo":{"@type":"ImageObject","inLanguage":"en-GB","@id":"https:\/\/raymarine.ee\/#\/schema\/logo\/image\/","url":"https:\/\/raymarine.ee\/wp-content\/uploads\/2024\/10\/Screenshot-2024-10-15-151324_bg_removed.webp","contentUrl":"https:\/\/raymarine.ee\/wp-content\/uploads\/2024\/10\/Screenshot-2024-10-15-151324_bg_removed.webp","width":420,"height":276,"caption":"NavSystems O\u00dc"},"image":{"@id":"https:\/\/raymarine.ee\/#\/schema\/logo\/image\/"},"sameAs":["https:\/\/www.facebook.com\/NavSystems"],"legalName":"NavSystems O\u00dc","foundingDate":"2011-05-03","numberOfEmployees":{"@type":"QuantitativeValue","minValue":"1","maxValue":"10"}}]},"product_price_amount":"1095.00","product_price_currency":"EUR","og_availability":"backorder","product_availability":"available for order","product_retailer_item_id":"M81119","product_condition":"new"},"jetpack_sharing_enabled":true,"_links":{"self":[{"href":"https:\/\/raymarine.ee\/en\/wp-json\/wp\/v2\/product\/6433","targetHints":{"allow":["GET"]}}],"collection":[{"href":"https:\/\/raymarine.ee\/en\/wp-json\/wp\/v2\/product"}],"about":[{"href":"https:\/\/raymarine.ee\/en\/wp-json\/wp\/v2\/types\/product"}],"wp:featuredmedia":[{"embeddable":true,"href":"https:\/\/raymarine.ee\/en\/wp-json\/wp\/v2\/media\/7684"}],"wp:attachment":[{"href":"https:\/\/raymarine.ee\/en\/wp-json\/wp\/v2\/media?parent=6433"}],"wp:term":[{"taxonomy":"product_brand","embeddable":true,"href":"https:\/\/raymarine.ee\/en\/wp-json\/wp\/v2\/product_brand?post=6433"},{"taxonomy":"product_cat","embeddable":true,"href":"https:\/\/raymarine.ee\/en\/wp-json\/wp\/v2\/product_cat?post=6433"},{"taxonomy":"product_tag","embeddable":true,"href":"https:\/\/raymarine.ee\/en\/wp-json\/wp\/v2\/product_tag?post=6433"}],"curies":[{"name":"wp","href":"https:\/\/api.w.org\/{rel}","templated":true}]}}