{"id":6434,"date":"2025-01-03T21:28:28","date_gmt":"2025-01-03T21:28:28","guid":{"rendered":"https:\/\/raymarine.ee\/?post_type=product&#038;p=6434"},"modified":"2026-04-06T19:04:16","modified_gmt":"2026-04-06T16:04:16","slug":"raymarine-type-2-hydraulic-pump-12v","status":"publish","type":"product","link":"https:\/\/raymarine.ee\/en\/product\/raymarine-type-2-hydraulic-pump-12v\/","title":{"rendered":"Raymarine Type 2 Hydraulic Pump 12V"},"content":{"rendered":"<p data-start=\"34\" data-end=\"89\"><strong data-start=\"34\" data-end=\"89\">Raymarine 12V keskmise v\u00f5imsusega h\u00fcdrauliline pump<\/strong><\/p>\n<p data-start=\"91\" data-end=\"406\">Raymarine 12V keskmise v\u00f5imsusega h\u00fcdrauliline pump on m\u00f5eldud paatidele, millel on olemasolev h\u00fcdrauliline roolis\u00fcsteem ja mis vajavad t\u00e4pset ja kiiret juhtimist. See p\u00f6\u00f6rdvoolu h\u00fcdrauliline pump sobib roolisilindritele mahuga 230\u2013350 cm\u00b3 ning tagab usaldusv\u00e4\u00e4rse ja efektiivse t\u00f6\u00f6 v\u00e4ikese energiatarbimise juures.<\/p>\n<p data-start=\"408\" data-end=\"421\"><strong data-start=\"408\" data-end=\"421\">Omadused:<\/strong><\/p>\n<ul data-start=\"422\" data-end=\"765\">\n<li data-start=\"422\" data-end=\"491\">\n<p data-start=\"424\" data-end=\"491\">Sobib 12V alalisvoolus\u00fcsteemiga paatidele (10V kuni 15V DC sisend).<\/p>\n<\/li>\n<li data-start=\"492\" data-end=\"557\">\n<p data-start=\"494\" data-end=\"557\">M\u00f5eldud roolisilindritele mahuga 230\u2013350 cm\u00b3 (14\u201321 kuuttolli).<\/p>\n<\/li>\n<li data-start=\"558\" data-end=\"618\">\n<p data-start=\"560\" data-end=\"618\">Kiire voolukiirus 2000 cm\u00b3\/min tagab hea roolitundlikkuse.<\/p>\n<\/li>\n<li data-start=\"619\" data-end=\"673\">\n<p data-start=\"621\" data-end=\"673\">DC p\u00f6\u00f6rdvoolu h\u00fcdrauliline ajam t\u00e4pseks roolimiseks.<\/p>\n<\/li>\n<li data-start=\"674\" data-end=\"725\">\n<p data-start=\"676\" data-end=\"725\">Maksimaalne survetaluvus kuni 100 bar (1450 psi).<\/p>\n<\/li>\n<li data-start=\"726\" data-end=\"765\">\n<p data-start=\"728\" data-end=\"765\">V\u00e4ike energiatarbimine \u2013 ainult 60 W.<\/p>\n<\/li>\n<\/ul>\n<p data-start=\"767\" data-end=\"789\"><strong data-start=\"767\" data-end=\"789\">Tehnilised andmed:<\/strong><\/p>\n<ul data-start=\"790\" data-end=\"1040\">\n<li data-start=\"790\" data-end=\"835\">\n<p data-start=\"792\" data-end=\"835\">Ajami t\u00fc\u00fcp: DC p\u00f6\u00f6rdvoolu h\u00fcdrauliline pump<\/p>\n<\/li>\n<li data-start=\"836\" data-end=\"900\">\n<p data-start=\"838\" data-end=\"900\">Tippvoolukiirus: 2000 cm\u00b3\/min (122 kuuttolli\/min) (koormuseta)<\/p>\n<\/li>\n<li data-start=\"901\" data-end=\"948\">\n<p data-start=\"903\" data-end=\"948\">Maksimaalne survetakistus: 100 bar (1450 psi)<\/p>\n<\/li>\n<li data-start=\"949\" data-end=\"976\">\n<p data-start=\"951\" data-end=\"976\">Ram-mahtuvus: 230\u2013350 cm\u00b3<\/p>\n<\/li>\n<li data-start=\"977\" data-end=\"1001\">\n<p data-start=\"979\" data-end=\"1001\">Energiatarbimine: 60 W<\/p>\n<\/li>\n<li data-start=\"1002\" data-end=\"1040\">\n<p data-start=\"1004\" data-end=\"1040\">Nimipinge: 12V DC (10\u201315V DC sisend)<\/p>\n<\/li>\n<\/ul>\n<p data-start=\"980\" data-end=\"1119\"><strong data-start=\"980\" data-end=\"991\">M\u00e4rkus:\u00a0<\/strong>\u00d5ige pumba valikul arvestage t\u00f6\u00f6silindri mahuga ja vajadusel konsulteerige Raymarine spetsialistiga.<\/p>\n<p data-start=\"980\" data-end=\"1119\"><strong>Juhendid:<\/strong><\/p>\n<p data-start=\"980\" data-end=\"1119\">Laadige alla Raymarine autopiloodi\u00a0<a href=\"https:\/\/raymarine.ee\/wp-content\/uploads\/2026\/04\/Hydraulic-Pump-Installation-Guide-81178-5-EN.pdf\" target=\"_blank\" rel=\"noopener\" data-wpel-link=\"internal\">pumba paigalduse juhend<\/a>.<\/p>","protected":false},"excerpt":{"rendered":"<p>Raymarine kahes suunas t\u00f6\u00f6tav h\u00fcdrauliline autopiloodi pump on m\u00f5eldud h\u00fcdraulilise juhtimisega paatidega. \u00d5ige pumba valimiseks pead teadma oma paadi rooli t\u00f6\u00f6silindri mahtu. Vastavalt t\u00f6\u00f6silindri mahule saad teada pumba t\u00fc\u00fcbi ja vastavalt pumba t\u00fc\u00fcbile tuleb valida ka automaatpiloodi kursikompuuter. Silmas tuleb pidada ka seda kas paadi elektris\u00fcsteem on 12V v\u00f5i 24V. Kui asendad juba olemasolevat pumpa uuega siis on asi lihtsam, vaata vana pumba pealt t\u00fc\u00fcp ja t\u00f6\u00f6pinge v\u00f5i seerianumber. Tutvu kindlasti ka selle toote\u00a0juhenditega\u00a0ja k\u00fcsimuste korral pea n\u00f5u meie spetsialistiga.<\/p>","protected":false},"featured_media":7680,"template":"","meta":{"_acf_changed":false},"product_brand":[134],"product_cat":[66,52,103],"product_tag":[],"class_list":{"0":"post-6434","1":"product","2":"type-product","3":"status-publish","4":"has-post-thumbnail","6":"product_brand-raymarine","7":"product_cat-ajamid","8":"product_cat-autopiloot-autopiloodid","9":"product_cat-raymarine","11":"first","12":"onbackorder","13":"sale","14":"taxable","15":"shipping-taxable","16":"purchasable","17":"product-type-simple"},"acf":[],"yoast_head":"<!-- This site is optimized with the Yoast SEO Premium plugin v27.5 (Yoast SEO v27.5) - https:\/\/yoast.com\/product\/yoast-seo-premium-wordpress\/ -->\n<title>Raymarine Type 2 Hydraulic Pump 12V - NavSystems Mereelektroonika<\/title>\n<meta name=\"description\" content=\"Raymarine 12V keskmise v\u00f5imsusega h\u00fcdrauliline pump tagab paatidele kiire ja t\u00e4pse roolit\u00f6\u00f6, sobides roolisilindritele mahuga 230\u2013350 cm\u00b3.\" \/>\n<meta name=\"robots\" content=\"index, follow, max-snippet:-1, max-image-preview:large, max-video-preview:-1\" \/>\n<link rel=\"canonical\" href=\"https:\/\/raymarine.ee\/en\/product\/raymarine-type-2-hydraulic-pump-12v\/\" \/>\n<meta property=\"og:locale\" content=\"en_GB\" \/>\n<meta property=\"og:type\" content=\"article\" \/>\n<meta property=\"og:title\" content=\"Raymarine Type 2 Hydraulic Pump 12V\" \/>\n<meta property=\"og:description\" content=\"Raymarine 12V keskmise v\u00f5imsusega h\u00fcdrauliline pump tagab paatidele kiire ja t\u00e4pse roolit\u00f6\u00f6, sobides roolisilindritele mahuga 230\u2013350 cm\u00b3.\" \/>\n<meta property=\"og:url\" content=\"https:\/\/raymarine.ee\/en\/product\/raymarine-type-2-hydraulic-pump-12v\/\" \/>\n<meta property=\"og:site_name\" content=\"NavSystems\" \/>\n<meta property=\"article:publisher\" content=\"https:\/\/www.facebook.com\/NavSystems\" \/>\n<meta property=\"article:modified_time\" content=\"2026-04-06T16:04:16+00:00\" \/>\n<meta property=\"og:image\" content=\"https:\/\/raymarine.ee\/wp-content\/uploads\/2025\/01\/29655f1a-0125-438b-bb2a-a5926befae77.webp\" \/>\n\t<meta property=\"og:image:width\" content=\"1024\" \/>\n\t<meta property=\"og:image:height\" content=\"1024\" \/>\n\t<meta property=\"og:image:type\" content=\"image\/webp\" \/>\n<meta name=\"twitter:card\" content=\"summary_large_image\" \/>\n<meta name=\"twitter:label1\" content=\"Price\" \/>\n\t<meta name=\"twitter:data1\" content=\"1 154,00&nbsp;&euro;\" \/>\n\t<meta name=\"twitter:label2\" content=\"Availability\" \/>\n\t<meta name=\"twitter:data2\" content=\"On back order\" \/>\n<script type=\"application\/ld+json\" class=\"yoast-schema-graph\">{\"@context\":\"https:\\\/\\\/schema.org\",\"@graph\":[{\"@type\":\"WebPage\",\"@id\":\"https:\\\/\\\/raymarine.ee\\\/product\\\/raymarine-type-2-hydraulic-pump-12v\\\/\",\"url\":\"https:\\\/\\\/raymarine.ee\\\/product\\\/raymarine-type-2-hydraulic-pump-12v\\\/\",\"name\":\"Raymarine Type 2 Hydraulic Pump 12V - NavSystems Mereelektroonika\",\"isPartOf\":{\"@id\":\"https:\\\/\\\/raymarine.ee\\\/#website\"},\"primaryImageOfPage\":{\"@id\":\"https:\\\/\\\/raymarine.ee\\\/product\\\/raymarine-type-2-hydraulic-pump-12v\\\/#primaryimage\"},\"image\":{\"@id\":\"https:\\\/\\\/raymarine.ee\\\/product\\\/raymarine-type-2-hydraulic-pump-12v\\\/#primaryimage\"},\"thumbnailUrl\":\"https:\\\/\\\/raymarine.ee\\\/wp-content\\\/uploads\\\/2025\\\/01\\\/29655f1a-0125-438b-bb2a-a5926befae77.webp\",\"datePublished\":\"2025-01-03T21:28:28+00:00\",\"dateModified\":\"2026-04-06T16:04:16+00:00\",\"description\":\"Raymarine 12V keskmise v\u00f5imsusega h\u00fcdrauliline pump tagab paatidele kiire ja t\u00e4pse roolit\u00f6\u00f6, sobides roolisilindritele mahuga 230\u2013350 cm\u00b3.\",\"breadcrumb\":{\"@id\":\"https:\\\/\\\/raymarine.ee\\\/product\\\/raymarine-type-2-hydraulic-pump-12v\\\/#breadcrumb\"},\"inLanguage\":\"en-GB\",\"potentialAction\":[{\"@type\":\"ReadAction\",\"target\":[\"https:\\\/\\\/raymarine.ee\\\/product\\\/raymarine-type-2-hydraulic-pump-12v\\\/\"]}]},{\"@type\":\"ImageObject\",\"inLanguage\":\"en-GB\",\"@id\":\"https:\\\/\\\/raymarine.ee\\\/product\\\/raymarine-type-2-hydraulic-pump-12v\\\/#primaryimage\",\"url\":\"https:\\\/\\\/raymarine.ee\\\/wp-content\\\/uploads\\\/2025\\\/01\\\/29655f1a-0125-438b-bb2a-a5926befae77.webp\",\"contentUrl\":\"https:\\\/\\\/raymarine.ee\\\/wp-content\\\/uploads\\\/2025\\\/01\\\/29655f1a-0125-438b-bb2a-a5926befae77.webp\",\"width\":1024,\"height\":1024},{\"@type\":\"BreadcrumbList\",\"@id\":\"https:\\\/\\\/raymarine.ee\\\/product\\\/raymarine-type-2-hydraulic-pump-12v\\\/#breadcrumb\",\"itemListElement\":[{\"@type\":\"ListItem\",\"position\":1,\"name\":\"Home\",\"item\":\"https:\\\/\\\/raymarine.ee\\\/\"},{\"@type\":\"ListItem\",\"position\":2,\"name\":\"Tooted\",\"item\":\"https:\\\/\\\/raymarine.ee\\\/shop\\\/\"},{\"@type\":\"ListItem\",\"position\":3,\"name\":\"Raymarine Type 2 Hydraulic Pump 12V\"}]},{\"@type\":\"WebSite\",\"@id\":\"https:\\\/\\\/raymarine.ee\\\/#website\",\"url\":\"https:\\\/\\\/raymarine.ee\\\/\",\"name\":\"www.raymarine.ee\",\"description\":\"Mereelektroonika, kaardiplotter, autopiloot, pinnipiloot, roolipiloot, radar, AIS, VHF, Smart Wind\",\"publisher\":{\"@id\":\"https:\\\/\\\/raymarine.ee\\\/#organization\"},\"alternateName\":\"Raymarine\",\"potentialAction\":[{\"@type\":\"SearchAction\",\"target\":{\"@type\":\"EntryPoint\",\"urlTemplate\":\"https:\\\/\\\/raymarine.ee\\\/?s={search_term_string}\"},\"query-input\":{\"@type\":\"PropertyValueSpecification\",\"valueRequired\":true,\"valueName\":\"search_term_string\"}}],\"inLanguage\":\"en-GB\"},{\"@type\":\"Organization\",\"@id\":\"https:\\\/\\\/raymarine.ee\\\/#organization\",\"name\":\"NavSystems O\u00dc\",\"url\":\"https:\\\/\\\/raymarine.ee\\\/\",\"logo\":{\"@type\":\"ImageObject\",\"inLanguage\":\"en-GB\",\"@id\":\"https:\\\/\\\/raymarine.ee\\\/#\\\/schema\\\/logo\\\/image\\\/\",\"url\":\"https:\\\/\\\/raymarine.ee\\\/wp-content\\\/uploads\\\/2024\\\/10\\\/Screenshot-2024-10-15-151324_bg_removed.webp\",\"contentUrl\":\"https:\\\/\\\/raymarine.ee\\\/wp-content\\\/uploads\\\/2024\\\/10\\\/Screenshot-2024-10-15-151324_bg_removed.webp\",\"width\":420,\"height\":276,\"caption\":\"NavSystems O\u00dc\"},\"image\":{\"@id\":\"https:\\\/\\\/raymarine.ee\\\/#\\\/schema\\\/logo\\\/image\\\/\"},\"sameAs\":[\"https:\\\/\\\/www.facebook.com\\\/NavSystems\"],\"legalName\":\"NavSystems O\u00dc\",\"foundingDate\":\"2011-05-03\",\"numberOfEmployees\":{\"@type\":\"QuantitativeValue\",\"minValue\":\"1\",\"maxValue\":\"10\"}}]}<\/script>\n<meta property=\"product:price:amount\" content=\"1154.00\" \/>\n<meta property=\"product:price:currency\" content=\"EUR\" \/>\n<meta property=\"og:availability\" content=\"backorder\" \/>\n<meta property=\"product:availability\" content=\"available for order\" \/>\n<meta property=\"product:retailer_item_id\" content=\"M81121\" \/>\n<meta property=\"product:condition\" content=\"new\" \/>\n<!-- \/ Yoast SEO Premium plugin. -->","yoast_head_json":{"title":"Raymarine Type 2 Hydraulic Pump 12V - NavSystems Mereelektroonika","description":"Raymarine 12V keskmise v\u00f5imsusega h\u00fcdrauliline pump tagab paatidele kiire ja t\u00e4pse roolit\u00f6\u00f6, sobides roolisilindritele mahuga 230\u2013350 cm\u00b3.","robots":{"index":"index","follow":"follow","max-snippet":"max-snippet:-1","max-image-preview":"max-image-preview:large","max-video-preview":"max-video-preview:-1"},"canonical":"https:\/\/raymarine.ee\/en\/product\/raymarine-type-2-hydraulic-pump-12v\/","og_locale":"en_GB","og_type":"article","og_title":"Raymarine Type 2 Hydraulic Pump 12V","og_description":"Raymarine 12V keskmise v\u00f5imsusega h\u00fcdrauliline pump tagab paatidele kiire ja t\u00e4pse roolit\u00f6\u00f6, sobides roolisilindritele mahuga 230\u2013350 cm\u00b3.","og_url":"https:\/\/raymarine.ee\/en\/product\/raymarine-type-2-hydraulic-pump-12v\/","og_site_name":"NavSystems","article_publisher":"https:\/\/www.facebook.com\/NavSystems","article_modified_time":"2026-04-06T16:04:16+00:00","og_image":[{"width":1024,"height":1024,"url":"https:\/\/raymarine.ee\/wp-content\/uploads\/2025\/01\/29655f1a-0125-438b-bb2a-a5926befae77.webp","type":"image\/webp"}],"twitter_card":"summary_large_image","twitter_misc":{"Price":"1 154,00&nbsp;&euro;","Availability":"On back order"},"schema":{"@context":"https:\/\/schema.org","@graph":[{"@type":"WebPage","@id":"https:\/\/raymarine.ee\/product\/raymarine-type-2-hydraulic-pump-12v\/","url":"https:\/\/raymarine.ee\/product\/raymarine-type-2-hydraulic-pump-12v\/","name":"Raymarine Type 2 Hydraulic Pump 12V - NavSystems Mereelektroonika","isPartOf":{"@id":"https:\/\/raymarine.ee\/#website"},"primaryImageOfPage":{"@id":"https:\/\/raymarine.ee\/product\/raymarine-type-2-hydraulic-pump-12v\/#primaryimage"},"image":{"@id":"https:\/\/raymarine.ee\/product\/raymarine-type-2-hydraulic-pump-12v\/#primaryimage"},"thumbnailUrl":"https:\/\/raymarine.ee\/wp-content\/uploads\/2025\/01\/29655f1a-0125-438b-bb2a-a5926befae77.webp","datePublished":"2025-01-03T21:28:28+00:00","dateModified":"2026-04-06T16:04:16+00:00","description":"Raymarine 12V keskmise v\u00f5imsusega h\u00fcdrauliline pump tagab paatidele kiire ja t\u00e4pse roolit\u00f6\u00f6, sobides roolisilindritele mahuga 230\u2013350 cm\u00b3.","breadcrumb":{"@id":"https:\/\/raymarine.ee\/product\/raymarine-type-2-hydraulic-pump-12v\/#breadcrumb"},"inLanguage":"en-GB","potentialAction":[{"@type":"ReadAction","target":["https:\/\/raymarine.ee\/product\/raymarine-type-2-hydraulic-pump-12v\/"]}]},{"@type":"ImageObject","inLanguage":"en-GB","@id":"https:\/\/raymarine.ee\/product\/raymarine-type-2-hydraulic-pump-12v\/#primaryimage","url":"https:\/\/raymarine.ee\/wp-content\/uploads\/2025\/01\/29655f1a-0125-438b-bb2a-a5926befae77.webp","contentUrl":"https:\/\/raymarine.ee\/wp-content\/uploads\/2025\/01\/29655f1a-0125-438b-bb2a-a5926befae77.webp","width":1024,"height":1024},{"@type":"BreadcrumbList","@id":"https:\/\/raymarine.ee\/product\/raymarine-type-2-hydraulic-pump-12v\/#breadcrumb","itemListElement":[{"@type":"ListItem","position":1,"name":"Home","item":"https:\/\/raymarine.ee\/"},{"@type":"ListItem","position":2,"name":"Tooted","item":"https:\/\/raymarine.ee\/shop\/"},{"@type":"ListItem","position":3,"name":"Raymarine Type 2 Hydraulic Pump 12V"}]},{"@type":"WebSite","@id":"https:\/\/raymarine.ee\/#website","url":"https:\/\/raymarine.ee\/","name":"www.raymarine.ee","description":"Mereelektroonika, kaardiplotter, autopiloot, pinnipiloot, roolipiloot, radar, AIS, VHF, Smart Wind","publisher":{"@id":"https:\/\/raymarine.ee\/#organization"},"alternateName":"Raymarine","potentialAction":[{"@type":"SearchAction","target":{"@type":"EntryPoint","urlTemplate":"https:\/\/raymarine.ee\/?s={search_term_string}"},"query-input":{"@type":"PropertyValueSpecification","valueRequired":true,"valueName":"search_term_string"}}],"inLanguage":"en-GB"},{"@type":"Organization","@id":"https:\/\/raymarine.ee\/#organization","name":"NavSystems O\u00dc","url":"https:\/\/raymarine.ee\/","logo":{"@type":"ImageObject","inLanguage":"en-GB","@id":"https:\/\/raymarine.ee\/#\/schema\/logo\/image\/","url":"https:\/\/raymarine.ee\/wp-content\/uploads\/2024\/10\/Screenshot-2024-10-15-151324_bg_removed.webp","contentUrl":"https:\/\/raymarine.ee\/wp-content\/uploads\/2024\/10\/Screenshot-2024-10-15-151324_bg_removed.webp","width":420,"height":276,"caption":"NavSystems O\u00dc"},"image":{"@id":"https:\/\/raymarine.ee\/#\/schema\/logo\/image\/"},"sameAs":["https:\/\/www.facebook.com\/NavSystems"],"legalName":"NavSystems O\u00dc","foundingDate":"2011-05-03","numberOfEmployees":{"@type":"QuantitativeValue","minValue":"1","maxValue":"10"}}]},"product_price_amount":"1154.00","product_price_currency":"EUR","og_availability":"backorder","product_availability":"available for order","product_retailer_item_id":"M81121","product_condition":"new"},"jetpack_sharing_enabled":true,"_links":{"self":[{"href":"https:\/\/raymarine.ee\/en\/wp-json\/wp\/v2\/product\/6434","targetHints":{"allow":["GET"]}}],"collection":[{"href":"https:\/\/raymarine.ee\/en\/wp-json\/wp\/v2\/product"}],"about":[{"href":"https:\/\/raymarine.ee\/en\/wp-json\/wp\/v2\/types\/product"}],"wp:featuredmedia":[{"embeddable":true,"href":"https:\/\/raymarine.ee\/en\/wp-json\/wp\/v2\/media\/7680"}],"wp:attachment":[{"href":"https:\/\/raymarine.ee\/en\/wp-json\/wp\/v2\/media?parent=6434"}],"wp:term":[{"taxonomy":"product_brand","embeddable":true,"href":"https:\/\/raymarine.ee\/en\/wp-json\/wp\/v2\/product_brand?post=6434"},{"taxonomy":"product_cat","embeddable":true,"href":"https:\/\/raymarine.ee\/en\/wp-json\/wp\/v2\/product_cat?post=6434"},{"taxonomy":"product_tag","embeddable":true,"href":"https:\/\/raymarine.ee\/en\/wp-json\/wp\/v2\/product_tag?post=6434"}],"curies":[{"name":"wp","href":"https:\/\/api.w.org\/{rel}","templated":true}]}}