{"id":6437,"date":"2025-01-03T21:32:25","date_gmt":"2025-01-03T21:32:25","guid":{"rendered":"https:\/\/raymarine.ee\/?post_type=product&#038;p=6437"},"modified":"2026-04-06T19:00:01","modified_gmt":"2026-04-06T16:00:01","slug":"raymarine-type-3-hydraulic-pump-24v","status":"publish","type":"product","link":"https:\/\/raymarine.ee\/en\/product\/raymarine-type-3-hydraulic-pump-24v\/","title":{"rendered":"Raymarine Type 3 Hydraulic Pump 24V"},"content":{"rendered":"<div id=\"esctl_839471\" class=\"element-tabs-panel-outer element-tabs-alpha\">\n<div class=\"element-tabs-panel-inner\">\n<div class=\"ContentEditor\">\n<p data-start=\"34\" data-end=\"85\"><strong data-start=\"34\" data-end=\"85\">Raymarine 24V suurmahtuvusega h\u00fcdrauliline pump<\/strong><\/p>\n<p data-start=\"87\" data-end=\"382\">Raymarine 24V h\u00fcdrauliline pump on spetsiaalselt v\u00e4lja t\u00f6\u00f6tatud paatidele, millel on olemasolev h\u00fcdrauliline roolis\u00fcsteem ja mis vajavad suuremat j\u00f5udlust. See pump pakub suurt voolukiirust ja tugevat r\u00f5hku, tagades sujuva ja kiire roolimiss\u00fcsteemi juhtimise ka suuremate roolisilindrite korral.<\/p>\n<p data-start=\"384\" data-end=\"397\"><strong data-start=\"384\" data-end=\"397\">Omadused:<\/strong><\/p>\n<ul data-start=\"398\" data-end=\"720\">\n<li data-start=\"398\" data-end=\"462\">\n<p data-start=\"400\" data-end=\"462\">DC p\u00f6\u00f6rdvoolu h\u00fcdrauliline pump v\u00f5imsa roolimisj\u00f5udluse jaoks.<\/p>\n<\/li>\n<li data-start=\"463\" data-end=\"528\">\n<p data-start=\"465\" data-end=\"528\">Sobib roolisilindritele mahuga 350\u2013500 cm\u00b3 (21\u201330,5 kuuttolli).<\/p>\n<\/li>\n<li data-start=\"529\" data-end=\"615\">\n<p data-start=\"531\" data-end=\"615\">Suur voolukiirus ja k\u00f5rge survetakistus, sobib raskematele ja suurematele paatidele.<\/p>\n<\/li>\n<li data-start=\"616\" data-end=\"652\">\n<p data-start=\"618\" data-end=\"652\">T\u00f6\u00f6tab 24V alalisvoolus\u00fcsteemides.<\/p>\n<\/li>\n<li data-start=\"653\" data-end=\"720\">\n<p data-start=\"655\" data-end=\"720\">Kompaktne ja vastupidav konstruktsioon igap\u00e4evaseks kasutamiseks.<\/p>\n<\/li>\n<\/ul>\n<p data-start=\"722\" data-end=\"744\"><strong data-start=\"722\" data-end=\"744\">Tehnilised andmed:<\/strong><\/p>\n<ul data-start=\"745\" data-end=\"978\">\n<li data-start=\"745\" data-end=\"790\">\n<p data-start=\"747\" data-end=\"790\">Ajami t\u00fc\u00fcp: DC p\u00f6\u00f6rdvoolu h\u00fcdrauliline pump<\/p>\n<\/li>\n<li data-start=\"791\" data-end=\"816\">\n<p data-start=\"793\" data-end=\"816\">Energiatarbimine: 120 W<\/p>\n<\/li>\n<li data-start=\"817\" data-end=\"844\">\n<p data-start=\"819\" data-end=\"844\">Ram-mahtuvus: 350\u2013500 cm\u00b3<\/p>\n<\/li>\n<li data-start=\"845\" data-end=\"891\">\n<p data-start=\"847\" data-end=\"891\">Maksimaalne survetakistus: 80 bar (1160 psi)<\/p>\n<\/li>\n<li data-start=\"892\" data-end=\"961\">\n<p data-start=\"894\" data-end=\"961\">Tippvoolukiirus (ilma koormuseta): 2900 cm\u00b3\/min (175 kuuttolli\/min)<\/p>\n<\/li>\n<li data-start=\"962\" data-end=\"978\">\n<p data-start=\"964\" data-end=\"978\">Nimipinge: 24V<\/p>\n<\/li>\n<\/ul>\n<p data-start=\"980\" data-end=\"1119\"><strong data-start=\"980\" data-end=\"991\">M\u00e4rkus:\u00a0<\/strong>\u00d5ige pumba valikul arvestage t\u00f6\u00f6silindri mahuga ja vajadusel konsulteerige Raymarine spetsialistiga.<\/p>\n<p data-start=\"980\" data-end=\"1119\"><strong>Juhendid:<\/strong><\/p>\n<p data-start=\"980\" data-end=\"1119\">Laadige alla Raymarine autopiloodi <a href=\"https:\/\/raymarine.ee\/wp-content\/uploads\/2026\/04\/Hydraulic-Pump-Installation-Guide-81178-5-EN.pdf\" target=\"_blank\" rel=\"noopener\">pumba paigalduse juhend<\/a>.<\/p>\n<\/div>\n<\/div>\n<\/div>","protected":false},"excerpt":{"rendered":"<p>Raymarine kahes suunas t\u00f6\u00f6tav h\u00fcdrauliline autopiloodi pump on m\u00f5eldud h\u00fcdraulilise juhtimisega paatidega. \u00d5ige pumba valimiseks pead teadma oma paadi rooli t\u00f6\u00f6silindri mahtu. Vastavalt t\u00f6\u00f6silindri mahule saad teada pumba t\u00fc\u00fcbi ja vastavalt pumba t\u00fc\u00fcbile tuleb valida ka automaatpiloodi kursikompuuter. Silmas tuleb pidada ka seda kas paadi elektris\u00fcsteem on 12V v\u00f5i 24V. Kui asendad juba olemasolevat pumpa uuega siis on asi lihtsam, vaata vana pumba pealt t\u00fc\u00fcp ja t\u00f6\u00f6pinge v\u00f5i seerianumber. Tutvu kindlasti ka selle toote juhenditega\u00a0ja k\u00fcsimuste korral pea n\u00f5u meie spetsialistiga.<\/p>","protected":false},"featured_media":7683,"template":"","meta":{"_acf_changed":false},"product_brand":[134],"product_cat":[66,52,103],"product_tag":[],"class_list":{"0":"post-6437","1":"product","2":"type-product","3":"status-publish","4":"has-post-thumbnail","6":"product_brand-raymarine","7":"product_cat-ajamid","8":"product_cat-autopiloot-autopiloodid","9":"product_cat-raymarine","11":"first","12":"onbackorder","13":"sale","14":"taxable","15":"shipping-taxable","16":"purchasable","17":"product-type-simple"},"acf":[],"yoast_head":"<!-- This site is optimized with the Yoast SEO Premium plugin v27.5 (Yoast SEO v27.5) - https:\/\/yoast.com\/product\/yoast-seo-premium-wordpress\/ -->\n<title>Raymarine autopiloodi pump: Tugev ja usaldusv\u00e4\u00e4rne j\u00f5ud - NavSystems<\/title>\n<meta name=\"description\" content=\"Raymarine 24V h\u00fcdrauliline pump tagab kiire ja kindla t\u00f6\u00f6. Ideaalne suurematele ja raskematele paatidele millel on h\u00fcdrauliline juhtimine.\" \/>\n<meta name=\"robots\" content=\"index, follow, max-snippet:-1, max-image-preview:large, max-video-preview:-1\" \/>\n<link rel=\"canonical\" href=\"https:\/\/raymarine.ee\/en\/product\/raymarine-type-3-hydraulic-pump-24v\/\" \/>\n<meta property=\"og:locale\" content=\"en_GB\" \/>\n<meta property=\"og:type\" content=\"article\" \/>\n<meta property=\"og:title\" content=\"Raymarine Type 3 Hydraulic Pump 24V\" \/>\n<meta property=\"og:description\" content=\"Raymarine 24V h\u00fcdrauliline pump tagab kiire ja kindla t\u00f6\u00f6. Ideaalne suurematele ja raskematele paatidele millel on h\u00fcdrauliline juhtimine.\" \/>\n<meta property=\"og:url\" content=\"https:\/\/raymarine.ee\/en\/product\/raymarine-type-3-hydraulic-pump-24v\/\" \/>\n<meta property=\"og:site_name\" content=\"NavSystems\" \/>\n<meta property=\"article:publisher\" content=\"https:\/\/www.facebook.com\/NavSystems\" \/>\n<meta property=\"article:modified_time\" content=\"2026-04-06T16:00:01+00:00\" \/>\n<meta property=\"og:image\" content=\"https:\/\/raymarine.ee\/wp-content\/uploads\/2025\/01\/5b350cea-aad9-49b2-b2b7-a36e1a3998b9.webp\" \/>\n\t<meta property=\"og:image:width\" content=\"1024\" \/>\n\t<meta property=\"og:image:height\" content=\"1024\" \/>\n\t<meta property=\"og:image:type\" content=\"image\/webp\" \/>\n<meta name=\"twitter:card\" content=\"summary_large_image\" \/>\n<meta name=\"twitter:label1\" content=\"Price\" \/>\n\t<meta name=\"twitter:data1\" content=\"1 532,00&nbsp;&euro;\" \/>\n\t<meta name=\"twitter:label2\" content=\"Availability\" \/>\n\t<meta name=\"twitter:data2\" content=\"On back order\" \/>\n<script type=\"application\/ld+json\" class=\"yoast-schema-graph\">{\"@context\":\"https:\\\/\\\/schema.org\",\"@graph\":[{\"@type\":\"WebPage\",\"@id\":\"https:\\\/\\\/raymarine.ee\\\/product\\\/raymarine-type-3-hydraulic-pump-24v\\\/\",\"url\":\"https:\\\/\\\/raymarine.ee\\\/product\\\/raymarine-type-3-hydraulic-pump-24v\\\/\",\"name\":\"Raymarine autopiloodi pump: Tugev ja usaldusv\u00e4\u00e4rne j\u00f5ud - NavSystems\",\"isPartOf\":{\"@id\":\"https:\\\/\\\/raymarine.ee\\\/#website\"},\"primaryImageOfPage\":{\"@id\":\"https:\\\/\\\/raymarine.ee\\\/product\\\/raymarine-type-3-hydraulic-pump-24v\\\/#primaryimage\"},\"image\":{\"@id\":\"https:\\\/\\\/raymarine.ee\\\/product\\\/raymarine-type-3-hydraulic-pump-24v\\\/#primaryimage\"},\"thumbnailUrl\":\"https:\\\/\\\/raymarine.ee\\\/wp-content\\\/uploads\\\/2025\\\/01\\\/5b350cea-aad9-49b2-b2b7-a36e1a3998b9.webp\",\"datePublished\":\"2025-01-03T21:32:25+00:00\",\"dateModified\":\"2026-04-06T16:00:01+00:00\",\"description\":\"Raymarine 24V h\u00fcdrauliline pump tagab kiire ja kindla t\u00f6\u00f6. Ideaalne suurematele ja raskematele paatidele millel on h\u00fcdrauliline juhtimine.\",\"breadcrumb\":{\"@id\":\"https:\\\/\\\/raymarine.ee\\\/product\\\/raymarine-type-3-hydraulic-pump-24v\\\/#breadcrumb\"},\"inLanguage\":\"en-GB\",\"potentialAction\":[{\"@type\":\"ReadAction\",\"target\":[\"https:\\\/\\\/raymarine.ee\\\/product\\\/raymarine-type-3-hydraulic-pump-24v\\\/\"]}]},{\"@type\":\"ImageObject\",\"inLanguage\":\"en-GB\",\"@id\":\"https:\\\/\\\/raymarine.ee\\\/product\\\/raymarine-type-3-hydraulic-pump-24v\\\/#primaryimage\",\"url\":\"https:\\\/\\\/raymarine.ee\\\/wp-content\\\/uploads\\\/2025\\\/01\\\/5b350cea-aad9-49b2-b2b7-a36e1a3998b9.webp\",\"contentUrl\":\"https:\\\/\\\/raymarine.ee\\\/wp-content\\\/uploads\\\/2025\\\/01\\\/5b350cea-aad9-49b2-b2b7-a36e1a3998b9.webp\",\"width\":1024,\"height\":1024},{\"@type\":\"BreadcrumbList\",\"@id\":\"https:\\\/\\\/raymarine.ee\\\/product\\\/raymarine-type-3-hydraulic-pump-24v\\\/#breadcrumb\",\"itemListElement\":[{\"@type\":\"ListItem\",\"position\":1,\"name\":\"Home\",\"item\":\"https:\\\/\\\/raymarine.ee\\\/\"},{\"@type\":\"ListItem\",\"position\":2,\"name\":\"Tooted\",\"item\":\"https:\\\/\\\/raymarine.ee\\\/shop\\\/\"},{\"@type\":\"ListItem\",\"position\":3,\"name\":\"Raymarine Type 3 Hydraulic Pump 24V\"}]},{\"@type\":\"WebSite\",\"@id\":\"https:\\\/\\\/raymarine.ee\\\/#website\",\"url\":\"https:\\\/\\\/raymarine.ee\\\/\",\"name\":\"www.raymarine.ee\",\"description\":\"Mereelektroonika, kaardiplotter, autopiloot, pinnipiloot, roolipiloot, radar, AIS, VHF, Smart Wind\",\"publisher\":{\"@id\":\"https:\\\/\\\/raymarine.ee\\\/#organization\"},\"alternateName\":\"Raymarine\",\"potentialAction\":[{\"@type\":\"SearchAction\",\"target\":{\"@type\":\"EntryPoint\",\"urlTemplate\":\"https:\\\/\\\/raymarine.ee\\\/?s={search_term_string}\"},\"query-input\":{\"@type\":\"PropertyValueSpecification\",\"valueRequired\":true,\"valueName\":\"search_term_string\"}}],\"inLanguage\":\"en-GB\"},{\"@type\":\"Organization\",\"@id\":\"https:\\\/\\\/raymarine.ee\\\/#organization\",\"name\":\"NavSystems O\u00dc\",\"url\":\"https:\\\/\\\/raymarine.ee\\\/\",\"logo\":{\"@type\":\"ImageObject\",\"inLanguage\":\"en-GB\",\"@id\":\"https:\\\/\\\/raymarine.ee\\\/#\\\/schema\\\/logo\\\/image\\\/\",\"url\":\"https:\\\/\\\/raymarine.ee\\\/wp-content\\\/uploads\\\/2024\\\/10\\\/Screenshot-2024-10-15-151324_bg_removed.webp\",\"contentUrl\":\"https:\\\/\\\/raymarine.ee\\\/wp-content\\\/uploads\\\/2024\\\/10\\\/Screenshot-2024-10-15-151324_bg_removed.webp\",\"width\":420,\"height\":276,\"caption\":\"NavSystems O\u00dc\"},\"image\":{\"@id\":\"https:\\\/\\\/raymarine.ee\\\/#\\\/schema\\\/logo\\\/image\\\/\"},\"sameAs\":[\"https:\\\/\\\/www.facebook.com\\\/NavSystems\"],\"legalName\":\"NavSystems O\u00dc\",\"foundingDate\":\"2011-05-03\",\"numberOfEmployees\":{\"@type\":\"QuantitativeValue\",\"minValue\":\"1\",\"maxValue\":\"10\"}}]}<\/script>\n<meta property=\"product:price:amount\" content=\"1532.00\" \/>\n<meta property=\"product:price:currency\" content=\"EUR\" \/>\n<meta property=\"og:availability\" content=\"backorder\" \/>\n<meta property=\"product:availability\" content=\"available for order\" \/>\n<meta property=\"product:retailer_item_id\" content=\"M81124\" \/>\n<meta property=\"product:condition\" content=\"new\" \/>\n<!-- \/ Yoast SEO Premium plugin. -->","yoast_head_json":{"title":"Raymarine autopiloodi pump: Tugev ja usaldusv\u00e4\u00e4rne j\u00f5ud - NavSystems","description":"Raymarine 24V h\u00fcdrauliline pump tagab kiire ja kindla t\u00f6\u00f6. Ideaalne suurematele ja raskematele paatidele millel on h\u00fcdrauliline juhtimine.","robots":{"index":"index","follow":"follow","max-snippet":"max-snippet:-1","max-image-preview":"max-image-preview:large","max-video-preview":"max-video-preview:-1"},"canonical":"https:\/\/raymarine.ee\/en\/product\/raymarine-type-3-hydraulic-pump-24v\/","og_locale":"en_GB","og_type":"article","og_title":"Raymarine Type 3 Hydraulic Pump 24V","og_description":"Raymarine 24V h\u00fcdrauliline pump tagab kiire ja kindla t\u00f6\u00f6. Ideaalne suurematele ja raskematele paatidele millel on h\u00fcdrauliline juhtimine.","og_url":"https:\/\/raymarine.ee\/en\/product\/raymarine-type-3-hydraulic-pump-24v\/","og_site_name":"NavSystems","article_publisher":"https:\/\/www.facebook.com\/NavSystems","article_modified_time":"2026-04-06T16:00:01+00:00","og_image":[{"width":1024,"height":1024,"url":"https:\/\/raymarine.ee\/wp-content\/uploads\/2025\/01\/5b350cea-aad9-49b2-b2b7-a36e1a3998b9.webp","type":"image\/webp"}],"twitter_card":"summary_large_image","twitter_misc":{"Price":"1 532,00&nbsp;&euro;","Availability":"On back order"},"schema":{"@context":"https:\/\/schema.org","@graph":[{"@type":"WebPage","@id":"https:\/\/raymarine.ee\/product\/raymarine-type-3-hydraulic-pump-24v\/","url":"https:\/\/raymarine.ee\/product\/raymarine-type-3-hydraulic-pump-24v\/","name":"Raymarine autopiloodi pump: Tugev ja usaldusv\u00e4\u00e4rne j\u00f5ud - NavSystems","isPartOf":{"@id":"https:\/\/raymarine.ee\/#website"},"primaryImageOfPage":{"@id":"https:\/\/raymarine.ee\/product\/raymarine-type-3-hydraulic-pump-24v\/#primaryimage"},"image":{"@id":"https:\/\/raymarine.ee\/product\/raymarine-type-3-hydraulic-pump-24v\/#primaryimage"},"thumbnailUrl":"https:\/\/raymarine.ee\/wp-content\/uploads\/2025\/01\/5b350cea-aad9-49b2-b2b7-a36e1a3998b9.webp","datePublished":"2025-01-03T21:32:25+00:00","dateModified":"2026-04-06T16:00:01+00:00","description":"Raymarine 24V h\u00fcdrauliline pump tagab kiire ja kindla t\u00f6\u00f6. Ideaalne suurematele ja raskematele paatidele millel on h\u00fcdrauliline juhtimine.","breadcrumb":{"@id":"https:\/\/raymarine.ee\/product\/raymarine-type-3-hydraulic-pump-24v\/#breadcrumb"},"inLanguage":"en-GB","potentialAction":[{"@type":"ReadAction","target":["https:\/\/raymarine.ee\/product\/raymarine-type-3-hydraulic-pump-24v\/"]}]},{"@type":"ImageObject","inLanguage":"en-GB","@id":"https:\/\/raymarine.ee\/product\/raymarine-type-3-hydraulic-pump-24v\/#primaryimage","url":"https:\/\/raymarine.ee\/wp-content\/uploads\/2025\/01\/5b350cea-aad9-49b2-b2b7-a36e1a3998b9.webp","contentUrl":"https:\/\/raymarine.ee\/wp-content\/uploads\/2025\/01\/5b350cea-aad9-49b2-b2b7-a36e1a3998b9.webp","width":1024,"height":1024},{"@type":"BreadcrumbList","@id":"https:\/\/raymarine.ee\/product\/raymarine-type-3-hydraulic-pump-24v\/#breadcrumb","itemListElement":[{"@type":"ListItem","position":1,"name":"Home","item":"https:\/\/raymarine.ee\/"},{"@type":"ListItem","position":2,"name":"Tooted","item":"https:\/\/raymarine.ee\/shop\/"},{"@type":"ListItem","position":3,"name":"Raymarine Type 3 Hydraulic Pump 24V"}]},{"@type":"WebSite","@id":"https:\/\/raymarine.ee\/#website","url":"https:\/\/raymarine.ee\/","name":"www.raymarine.ee","description":"Mereelektroonika, kaardiplotter, autopiloot, pinnipiloot, roolipiloot, radar, AIS, VHF, Smart Wind","publisher":{"@id":"https:\/\/raymarine.ee\/#organization"},"alternateName":"Raymarine","potentialAction":[{"@type":"SearchAction","target":{"@type":"EntryPoint","urlTemplate":"https:\/\/raymarine.ee\/?s={search_term_string}"},"query-input":{"@type":"PropertyValueSpecification","valueRequired":true,"valueName":"search_term_string"}}],"inLanguage":"en-GB"},{"@type":"Organization","@id":"https:\/\/raymarine.ee\/#organization","name":"NavSystems O\u00dc","url":"https:\/\/raymarine.ee\/","logo":{"@type":"ImageObject","inLanguage":"en-GB","@id":"https:\/\/raymarine.ee\/#\/schema\/logo\/image\/","url":"https:\/\/raymarine.ee\/wp-content\/uploads\/2024\/10\/Screenshot-2024-10-15-151324_bg_removed.webp","contentUrl":"https:\/\/raymarine.ee\/wp-content\/uploads\/2024\/10\/Screenshot-2024-10-15-151324_bg_removed.webp","width":420,"height":276,"caption":"NavSystems O\u00dc"},"image":{"@id":"https:\/\/raymarine.ee\/#\/schema\/logo\/image\/"},"sameAs":["https:\/\/www.facebook.com\/NavSystems"],"legalName":"NavSystems O\u00dc","foundingDate":"2011-05-03","numberOfEmployees":{"@type":"QuantitativeValue","minValue":"1","maxValue":"10"}}]},"product_price_amount":"1532.00","product_price_currency":"EUR","og_availability":"backorder","product_availability":"available for order","product_retailer_item_id":"M81124","product_condition":"new"},"jetpack_sharing_enabled":true,"_links":{"self":[{"href":"https:\/\/raymarine.ee\/en\/wp-json\/wp\/v2\/product\/6437","targetHints":{"allow":["GET"]}}],"collection":[{"href":"https:\/\/raymarine.ee\/en\/wp-json\/wp\/v2\/product"}],"about":[{"href":"https:\/\/raymarine.ee\/en\/wp-json\/wp\/v2\/types\/product"}],"wp:featuredmedia":[{"embeddable":true,"href":"https:\/\/raymarine.ee\/en\/wp-json\/wp\/v2\/media\/7683"}],"wp:attachment":[{"href":"https:\/\/raymarine.ee\/en\/wp-json\/wp\/v2\/media?parent=6437"}],"wp:term":[{"taxonomy":"product_brand","embeddable":true,"href":"https:\/\/raymarine.ee\/en\/wp-json\/wp\/v2\/product_brand?post=6437"},{"taxonomy":"product_cat","embeddable":true,"href":"https:\/\/raymarine.ee\/en\/wp-json\/wp\/v2\/product_cat?post=6437"},{"taxonomy":"product_tag","embeddable":true,"href":"https:\/\/raymarine.ee\/en\/wp-json\/wp\/v2\/product_tag?post=6437"}],"curies":[{"name":"wp","href":"https:\/\/api.w.org\/{rel}","templated":true}]}}