{"id":6439,"date":"2025-01-03T21:24:53","date_gmt":"2025-01-03T21:24:53","guid":{"rendered":"https:\/\/raymarine.ee\/?post_type=product&#038;p=6439"},"modified":"2026-04-25T07:44:23","modified_gmt":"2026-04-25T04:44:23","slug":"raymarine-type-2-hydraulic-linear-drive-24v","status":"publish","type":"product","link":"https:\/\/raymarine.ee\/en\/product\/raymarine-type-2-hydraulic-linear-drive-24v\/","title":{"rendered":"Raymarine Type 2 Hydraulic Linear Drive 24V"},"content":{"rendered":"<p data-start=\"34\" data-end=\"83\"><strong data-start=\"34\" data-end=\"83\">Raymarine Type 2 h\u00fcdrauliline lineaarajam 24V<\/strong><\/p>\n<p data-start=\"85\" data-end=\"377\">Raymarine Type 2 h\u00fcdrauliline lineaarajam 24V on m\u00f5eldud paatidele, millel on olemasolev mehaaniline roolis\u00fcsteem (mitte h\u00fcdrauliline). See s\u00fcsteem pakub t\u00e4ielikult isoleeritud autopiloodi juhtimiss\u00fcsteemi, mis tagab sujuva ja h\u00f5\u00f5rdumisvaba k\u00e4sitsi roolimise, kui autopiloot ei ole kasutusel.<\/p>\n<p data-start=\"379\" data-end=\"392\"><strong data-start=\"379\" data-end=\"392\">Omadused:<\/strong><\/p>\n<ul data-start=\"393\" data-end=\"746\">\n<li data-start=\"393\" data-end=\"484\">\n<p data-start=\"395\" data-end=\"484\">T\u00e4ielikult isoleeritud autopiloodi juhtimiss\u00fcsteem mehaanilise roolis\u00fcsteemiga paatidele.<\/p>\n<\/li>\n<li data-start=\"485\" data-end=\"581\">\n<p data-start=\"487\" data-end=\"581\">Sisaldab h\u00fcdraulilist roolisilindrit, p\u00f6\u00f6rdvoolu h\u00fcdraulikapumpa ja h\u00fcdrovedeliku reservuaari.<\/p>\n<\/li>\n<li data-start=\"582\" data-end=\"686\">\n<p data-start=\"584\" data-end=\"686\">H\u00fcdraulilisel kolvil on koormuse piiraja ja sisseehitatud sidur k\u00e4sitsi roolimiseks ilma h\u00f5\u00f5rdumiseta.<\/p>\n<\/li>\n<li data-start=\"687\" data-end=\"746\">\n<p data-start=\"689\" data-end=\"746\">Eriti vastupidav lahendus suurtele ja rasketele alustele.<\/p>\n<\/li>\n<\/ul>\n<p data-start=\"748\" data-end=\"770\"><strong data-start=\"748\" data-end=\"770\">Tehnilised andmed:<\/strong><\/p>\n<ul data-start=\"771\" data-end=\"1024\">\n<li data-start=\"771\" data-end=\"800\">\n<p data-start=\"773\" data-end=\"800\">Tippj\u00f5ud: 1 290 lb (585 kg)<\/p>\n<\/li>\n<li data-start=\"801\" data-end=\"875\">\n<p data-start=\"803\" data-end=\"875\">Rooli p\u00f6\u00f6ramisaeg: Hardover kuni hardover (\u00b135\u00ba, koormuseta) 10 sekundit<\/p>\n<\/li>\n<li data-start=\"876\" data-end=\"918\">\n<p data-start=\"878\" data-end=\"918\">Maksimaalne kolvik\u00e4ik: 10 tolli (254 mm)<\/p>\n<\/li>\n<li data-start=\"919\" data-end=\"975\">\n<p data-start=\"921\" data-end=\"975\">Maksimaalne aluse veev\u00e4ljasurve: 48 500 lb (22 000 kg)<\/p>\n<\/li>\n<li data-start=\"976\" data-end=\"1024\">\n<p data-start=\"978\" data-end=\"1024\">Maksimaalne p\u00f6\u00f6rdemoment: 11 300 lb.in (1 270 Nm)<\/p>\n<\/li>\n<\/ul>\n<p data-start=\"1026\" data-end=\"1198\"><strong data-start=\"1026\" data-end=\"1037\">M\u00e4rkus:<\/strong><br data-start=\"1037\" data-end=\"1040\" \/>See ajam on sobiv ainult mehaanilise roolis\u00fcsteemiga paatidele. T\u00e4pse sobivuse osas soovitame konsulteerida Raymarine\u2019i klienditoe v\u00f5i volitatud edasim\u00fc\u00fcjaga.<\/p>\n<div id=\"esctl_854385\" class=\"element-tabs-panel-outer element-tabs-gamma\">\n<div class=\"element-tabs-panel-inner\">\n<div class=\"ContentEditor\">\n<p>Lae alla Hydraulic Linear Drive\u00a0<a href=\"https:\/\/raymarine.ee\/wp-content\/uploads\/2026\/04\/Hydraulic-Linear-Drive-E12207-E12208-M81202-M81203-Installation-instructions-81177-5-EN-1.pdf\" target=\"_blank\" rel=\"noopener\">paigaldusjuhend<\/a><\/p>\n<\/div>\n<\/div>\n<\/div>","protected":false},"excerpt":{"rendered":"<p>Raymarine Hydraulic Linear Drive on m\u00f5eldud mehaanilise juhtimisega paatidele. H\u00fcdrauliline lineaarne ajam pakub suurt v\u00f5imsust ja j\u00f5udlust v\u00e4ikese energiakuluga. Vaikne t\u00f6\u00f6, kiire reageerimine ja pikk t\u00f6\u00f6iga. Ajami sobivust Sinu paadile vaata paadi spetsifikatsioonist v\u00f5i pea n\u00f5u meie spetsialistiga. Kui asendad juba olemasolevat ajamit uuega siis on asi lihtsam, vaata vana ajami pealt t\u00fc\u00fcp ja t\u00f6\u00f6pinge v\u00f5i seerianumber. Tutvu kindlasti ka selle toote\u00a0juhenditega\u00a0ja k\u00fcsimuste korral pea n\u00f5u meie spetsialistiga.<\/p>","protected":false},"featured_media":8877,"template":"","meta":{"_acf_changed":false},"product_brand":[134],"product_cat":[66,52,103],"product_tag":[],"class_list":{"0":"post-6439","1":"product","2":"type-product","3":"status-publish","4":"has-post-thumbnail","6":"product_brand-raymarine","7":"product_cat-ajamid","8":"product_cat-autopiloot-autopiloodid","9":"product_cat-raymarine","11":"first","12":"onbackorder","13":"sale","14":"taxable","15":"shipping-taxable","16":"purchasable","17":"product-type-simple"},"acf":[],"yoast_head":"<!-- This site is optimized with the Yoast SEO Premium plugin v27.5 (Yoast SEO v27.5) - https:\/\/yoast.com\/product\/yoast-seo-premium-wordpress\/ -->\n<title>Raymarine Type 2 Hydraulic Linear Drive 24V - NavSystems Mereelektroonika<\/title>\n<meta name=\"description\" content=\"Raymarine Type 2 h\u00fcdrauliline lineaarajam 24V pakub mehaanilise roolis\u00fcsteemiga paatidele v\u00f5imsat ja t\u00e4iesti isoleeritud autopiloodi juhtimislahendust.\" \/>\n<meta name=\"robots\" content=\"index, follow, max-snippet:-1, max-image-preview:large, max-video-preview:-1\" \/>\n<link rel=\"canonical\" href=\"https:\/\/raymarine.ee\/en\/product\/raymarine-type-2-hydraulic-linear-drive-24v\/\" \/>\n<meta property=\"og:locale\" content=\"en_GB\" \/>\n<meta property=\"og:type\" content=\"article\" \/>\n<meta property=\"og:title\" content=\"Raymarine Type 2 Hydraulic Linear Drive 24V\" \/>\n<meta property=\"og:description\" content=\"Raymarine Type 2 h\u00fcdrauliline lineaarajam 24V pakub mehaanilise roolis\u00fcsteemiga paatidele v\u00f5imsat ja t\u00e4iesti isoleeritud autopiloodi juhtimislahendust.\" \/>\n<meta property=\"og:url\" content=\"https:\/\/raymarine.ee\/en\/product\/raymarine-type-2-hydraulic-linear-drive-24v\/\" \/>\n<meta property=\"og:site_name\" content=\"NavSystems\" \/>\n<meta property=\"article:publisher\" content=\"https:\/\/www.facebook.com\/NavSystems\" \/>\n<meta property=\"article:modified_time\" content=\"2026-04-25T04:44:23+00:00\" \/>\n<meta property=\"og:image\" content=\"https:\/\/raymarine.ee\/wp-content\/uploads\/2025\/01\/raymarine-hydraulic-linear-drive-1.jpg\" \/>\n\t<meta property=\"og:image:width\" content=\"800\" \/>\n\t<meta property=\"og:image:height\" content=\"800\" \/>\n\t<meta property=\"og:image:type\" content=\"image\/jpeg\" \/>\n<meta name=\"twitter:card\" content=\"summary_large_image\" \/>\n<meta name=\"twitter:label1\" content=\"Price\" \/>\n\t<meta name=\"twitter:data1\" content=\"4 212,90&nbsp;&euro;\" \/>\n\t<meta name=\"twitter:label2\" content=\"Availability\" \/>\n\t<meta name=\"twitter:data2\" content=\"On back order\" \/>\n<script type=\"application\/ld+json\" class=\"yoast-schema-graph\">{\"@context\":\"https:\\\/\\\/schema.org\",\"@graph\":[{\"@type\":\"WebPage\",\"@id\":\"https:\\\/\\\/raymarine.ee\\\/product\\\/raymarine-type-2-hydraulic-linear-drive-24v\\\/\",\"url\":\"https:\\\/\\\/raymarine.ee\\\/product\\\/raymarine-type-2-hydraulic-linear-drive-24v\\\/\",\"name\":\"Raymarine Type 2 Hydraulic Linear Drive 24V - NavSystems Mereelektroonika\",\"isPartOf\":{\"@id\":\"https:\\\/\\\/raymarine.ee\\\/#website\"},\"primaryImageOfPage\":{\"@id\":\"https:\\\/\\\/raymarine.ee\\\/product\\\/raymarine-type-2-hydraulic-linear-drive-24v\\\/#primaryimage\"},\"image\":{\"@id\":\"https:\\\/\\\/raymarine.ee\\\/product\\\/raymarine-type-2-hydraulic-linear-drive-24v\\\/#primaryimage\"},\"thumbnailUrl\":\"https:\\\/\\\/raymarine.ee\\\/wp-content\\\/uploads\\\/2025\\\/01\\\/raymarine-hydraulic-linear-drive-1.jpg\",\"datePublished\":\"2025-01-03T21:24:53+00:00\",\"dateModified\":\"2026-04-25T04:44:23+00:00\",\"description\":\"Raymarine Type 2 h\u00fcdrauliline lineaarajam 24V pakub mehaanilise roolis\u00fcsteemiga paatidele v\u00f5imsat ja t\u00e4iesti isoleeritud autopiloodi juhtimislahendust.\",\"breadcrumb\":{\"@id\":\"https:\\\/\\\/raymarine.ee\\\/product\\\/raymarine-type-2-hydraulic-linear-drive-24v\\\/#breadcrumb\"},\"inLanguage\":\"en-GB\",\"potentialAction\":[{\"@type\":\"ReadAction\",\"target\":[\"https:\\\/\\\/raymarine.ee\\\/product\\\/raymarine-type-2-hydraulic-linear-drive-24v\\\/\"]}]},{\"@type\":\"ImageObject\",\"inLanguage\":\"en-GB\",\"@id\":\"https:\\\/\\\/raymarine.ee\\\/product\\\/raymarine-type-2-hydraulic-linear-drive-24v\\\/#primaryimage\",\"url\":\"https:\\\/\\\/raymarine.ee\\\/wp-content\\\/uploads\\\/2025\\\/01\\\/raymarine-hydraulic-linear-drive-1.jpg\",\"contentUrl\":\"https:\\\/\\\/raymarine.ee\\\/wp-content\\\/uploads\\\/2025\\\/01\\\/raymarine-hydraulic-linear-drive-1.jpg\",\"width\":800,\"height\":800},{\"@type\":\"BreadcrumbList\",\"@id\":\"https:\\\/\\\/raymarine.ee\\\/product\\\/raymarine-type-2-hydraulic-linear-drive-24v\\\/#breadcrumb\",\"itemListElement\":[{\"@type\":\"ListItem\",\"position\":1,\"name\":\"Home\",\"item\":\"https:\\\/\\\/raymarine.ee\\\/\"},{\"@type\":\"ListItem\",\"position\":2,\"name\":\"Tooted\",\"item\":\"https:\\\/\\\/raymarine.ee\\\/shop\\\/\"},{\"@type\":\"ListItem\",\"position\":3,\"name\":\"Raymarine Type 2 Hydraulic Linear Drive 24V\"}]},{\"@type\":\"WebSite\",\"@id\":\"https:\\\/\\\/raymarine.ee\\\/#website\",\"url\":\"https:\\\/\\\/raymarine.ee\\\/\",\"name\":\"www.raymarine.ee\",\"description\":\"Mereelektroonika, kaardiplotter, autopiloot, pinnipiloot, roolipiloot, radar, AIS, VHF, Smart Wind\",\"publisher\":{\"@id\":\"https:\\\/\\\/raymarine.ee\\\/#organization\"},\"alternateName\":\"Raymarine\",\"potentialAction\":[{\"@type\":\"SearchAction\",\"target\":{\"@type\":\"EntryPoint\",\"urlTemplate\":\"https:\\\/\\\/raymarine.ee\\\/?s={search_term_string}\"},\"query-input\":{\"@type\":\"PropertyValueSpecification\",\"valueRequired\":true,\"valueName\":\"search_term_string\"}}],\"inLanguage\":\"en-GB\"},{\"@type\":\"Organization\",\"@id\":\"https:\\\/\\\/raymarine.ee\\\/#organization\",\"name\":\"NavSystems O\u00dc\",\"url\":\"https:\\\/\\\/raymarine.ee\\\/\",\"logo\":{\"@type\":\"ImageObject\",\"inLanguage\":\"en-GB\",\"@id\":\"https:\\\/\\\/raymarine.ee\\\/#\\\/schema\\\/logo\\\/image\\\/\",\"url\":\"https:\\\/\\\/raymarine.ee\\\/wp-content\\\/uploads\\\/2024\\\/10\\\/Screenshot-2024-10-15-151324_bg_removed.webp\",\"contentUrl\":\"https:\\\/\\\/raymarine.ee\\\/wp-content\\\/uploads\\\/2024\\\/10\\\/Screenshot-2024-10-15-151324_bg_removed.webp\",\"width\":420,\"height\":276,\"caption\":\"NavSystems O\u00dc\"},\"image\":{\"@id\":\"https:\\\/\\\/raymarine.ee\\\/#\\\/schema\\\/logo\\\/image\\\/\"},\"sameAs\":[\"https:\\\/\\\/www.facebook.com\\\/NavSystems\"],\"legalName\":\"NavSystems O\u00dc\",\"foundingDate\":\"2011-05-03\",\"numberOfEmployees\":{\"@type\":\"QuantitativeValue\",\"minValue\":\"1\",\"maxValue\":\"10\"}}]}<\/script>\n<meta property=\"product:price:amount\" content=\"4212.90\" \/>\n<meta property=\"product:price:currency\" content=\"EUR\" \/>\n<meta property=\"og:availability\" content=\"backorder\" \/>\n<meta property=\"product:availability\" content=\"available for order\" \/>\n<meta property=\"product:retailer_item_id\" content=\"E12208\" \/>\n<meta property=\"product:condition\" content=\"new\" \/>\n<!-- \/ Yoast SEO Premium plugin. -->","yoast_head_json":{"title":"Raymarine Type 2 Hydraulic Linear Drive 24V - NavSystems Mereelektroonika","description":"Raymarine Type 2 h\u00fcdrauliline lineaarajam 24V pakub mehaanilise roolis\u00fcsteemiga paatidele v\u00f5imsat ja t\u00e4iesti isoleeritud autopiloodi juhtimislahendust.","robots":{"index":"index","follow":"follow","max-snippet":"max-snippet:-1","max-image-preview":"max-image-preview:large","max-video-preview":"max-video-preview:-1"},"canonical":"https:\/\/raymarine.ee\/en\/product\/raymarine-type-2-hydraulic-linear-drive-24v\/","og_locale":"en_GB","og_type":"article","og_title":"Raymarine Type 2 Hydraulic Linear Drive 24V","og_description":"Raymarine Type 2 h\u00fcdrauliline lineaarajam 24V pakub mehaanilise roolis\u00fcsteemiga paatidele v\u00f5imsat ja t\u00e4iesti isoleeritud autopiloodi juhtimislahendust.","og_url":"https:\/\/raymarine.ee\/en\/product\/raymarine-type-2-hydraulic-linear-drive-24v\/","og_site_name":"NavSystems","article_publisher":"https:\/\/www.facebook.com\/NavSystems","article_modified_time":"2026-04-25T04:44:23+00:00","og_image":[{"width":800,"height":800,"url":"https:\/\/raymarine.ee\/wp-content\/uploads\/2025\/01\/raymarine-hydraulic-linear-drive-1.jpg","type":"image\/jpeg"}],"twitter_card":"summary_large_image","twitter_misc":{"Price":"4 212,90&nbsp;&euro;","Availability":"On back order"},"schema":{"@context":"https:\/\/schema.org","@graph":[{"@type":"WebPage","@id":"https:\/\/raymarine.ee\/product\/raymarine-type-2-hydraulic-linear-drive-24v\/","url":"https:\/\/raymarine.ee\/product\/raymarine-type-2-hydraulic-linear-drive-24v\/","name":"Raymarine Type 2 Hydraulic Linear Drive 24V - NavSystems Mereelektroonika","isPartOf":{"@id":"https:\/\/raymarine.ee\/#website"},"primaryImageOfPage":{"@id":"https:\/\/raymarine.ee\/product\/raymarine-type-2-hydraulic-linear-drive-24v\/#primaryimage"},"image":{"@id":"https:\/\/raymarine.ee\/product\/raymarine-type-2-hydraulic-linear-drive-24v\/#primaryimage"},"thumbnailUrl":"https:\/\/raymarine.ee\/wp-content\/uploads\/2025\/01\/raymarine-hydraulic-linear-drive-1.jpg","datePublished":"2025-01-03T21:24:53+00:00","dateModified":"2026-04-25T04:44:23+00:00","description":"Raymarine Type 2 h\u00fcdrauliline lineaarajam 24V pakub mehaanilise roolis\u00fcsteemiga paatidele v\u00f5imsat ja t\u00e4iesti isoleeritud autopiloodi juhtimislahendust.","breadcrumb":{"@id":"https:\/\/raymarine.ee\/product\/raymarine-type-2-hydraulic-linear-drive-24v\/#breadcrumb"},"inLanguage":"en-GB","potentialAction":[{"@type":"ReadAction","target":["https:\/\/raymarine.ee\/product\/raymarine-type-2-hydraulic-linear-drive-24v\/"]}]},{"@type":"ImageObject","inLanguage":"en-GB","@id":"https:\/\/raymarine.ee\/product\/raymarine-type-2-hydraulic-linear-drive-24v\/#primaryimage","url":"https:\/\/raymarine.ee\/wp-content\/uploads\/2025\/01\/raymarine-hydraulic-linear-drive-1.jpg","contentUrl":"https:\/\/raymarine.ee\/wp-content\/uploads\/2025\/01\/raymarine-hydraulic-linear-drive-1.jpg","width":800,"height":800},{"@type":"BreadcrumbList","@id":"https:\/\/raymarine.ee\/product\/raymarine-type-2-hydraulic-linear-drive-24v\/#breadcrumb","itemListElement":[{"@type":"ListItem","position":1,"name":"Home","item":"https:\/\/raymarine.ee\/"},{"@type":"ListItem","position":2,"name":"Tooted","item":"https:\/\/raymarine.ee\/shop\/"},{"@type":"ListItem","position":3,"name":"Raymarine Type 2 Hydraulic Linear Drive 24V"}]},{"@type":"WebSite","@id":"https:\/\/raymarine.ee\/#website","url":"https:\/\/raymarine.ee\/","name":"www.raymarine.ee","description":"Mereelektroonika, kaardiplotter, autopiloot, pinnipiloot, roolipiloot, radar, AIS, VHF, Smart Wind","publisher":{"@id":"https:\/\/raymarine.ee\/#organization"},"alternateName":"Raymarine","potentialAction":[{"@type":"SearchAction","target":{"@type":"EntryPoint","urlTemplate":"https:\/\/raymarine.ee\/?s={search_term_string}"},"query-input":{"@type":"PropertyValueSpecification","valueRequired":true,"valueName":"search_term_string"}}],"inLanguage":"en-GB"},{"@type":"Organization","@id":"https:\/\/raymarine.ee\/#organization","name":"NavSystems O\u00dc","url":"https:\/\/raymarine.ee\/","logo":{"@type":"ImageObject","inLanguage":"en-GB","@id":"https:\/\/raymarine.ee\/#\/schema\/logo\/image\/","url":"https:\/\/raymarine.ee\/wp-content\/uploads\/2024\/10\/Screenshot-2024-10-15-151324_bg_removed.webp","contentUrl":"https:\/\/raymarine.ee\/wp-content\/uploads\/2024\/10\/Screenshot-2024-10-15-151324_bg_removed.webp","width":420,"height":276,"caption":"NavSystems O\u00dc"},"image":{"@id":"https:\/\/raymarine.ee\/#\/schema\/logo\/image\/"},"sameAs":["https:\/\/www.facebook.com\/NavSystems"],"legalName":"NavSystems O\u00dc","foundingDate":"2011-05-03","numberOfEmployees":{"@type":"QuantitativeValue","minValue":"1","maxValue":"10"}}]},"product_price_amount":"4212.90","product_price_currency":"EUR","og_availability":"backorder","product_availability":"available for order","product_retailer_item_id":"E12208","product_condition":"new"},"jetpack_sharing_enabled":true,"_links":{"self":[{"href":"https:\/\/raymarine.ee\/en\/wp-json\/wp\/v2\/product\/6439","targetHints":{"allow":["GET"]}}],"collection":[{"href":"https:\/\/raymarine.ee\/en\/wp-json\/wp\/v2\/product"}],"about":[{"href":"https:\/\/raymarine.ee\/en\/wp-json\/wp\/v2\/types\/product"}],"wp:featuredmedia":[{"embeddable":true,"href":"https:\/\/raymarine.ee\/en\/wp-json\/wp\/v2\/media\/8877"}],"wp:attachment":[{"href":"https:\/\/raymarine.ee\/en\/wp-json\/wp\/v2\/media?parent=6439"}],"wp:term":[{"taxonomy":"product_brand","embeddable":true,"href":"https:\/\/raymarine.ee\/en\/wp-json\/wp\/v2\/product_brand?post=6439"},{"taxonomy":"product_cat","embeddable":true,"href":"https:\/\/raymarine.ee\/en\/wp-json\/wp\/v2\/product_cat?post=6439"},{"taxonomy":"product_tag","embeddable":true,"href":"https:\/\/raymarine.ee\/en\/wp-json\/wp\/v2\/product_tag?post=6439"}],"curies":[{"name":"wp","href":"https:\/\/api.w.org\/{rel}","templated":true}]}}