{"id":6441,"date":"2025-01-03T21:19:13","date_gmt":"2025-01-03T21:19:13","guid":{"rendered":"https:\/\/raymarine.ee\/?post_type=product&#038;p=6441"},"modified":"2026-04-26T07:33:29","modified_gmt":"2026-04-26T04:33:29","slug":"raymarine-type-3-hydraulic-linear-drive-24v","status":"publish","type":"product","link":"https:\/\/raymarine.ee\/en\/product\/raymarine-type-3-hydraulic-linear-drive-24v\/","title":{"rendered":"Raymarine Type 3 Hydraulic Linear Drive 24V"},"content":{"rendered":"<ul>\n<li>\n<div id=\"esctl_855436\" class=\"element-tabs-panel-outer element-tabs-gamma\">\n<div class=\"element-tabs-panel-inner\">\n<div class=\"ContentEditor\">\n<p data-start=\"34\" data-end=\"83\"><strong data-start=\"34\" data-end=\"83\">Raymarine Type 3 h\u00fcdrauliline lineaarajam 24V<\/strong><\/p>\n<p data-start=\"85\" data-end=\"366\">Raymarine Type 3 h\u00fcdrauliline lineaarajam 24V on m\u00f5eldud paatidele, millel on olemasolev mehaaniline roolis\u00fcsteem (mitte h\u00fcdrauliline). See s\u00fcsteem pakub t\u00e4ielikult isoleeritud autopiloodi juhtimislahendust, mis v\u00f5imaldab roolimist ilma h\u00f5\u00f5rdumiseta, kui autopiloot pole kasutusel.<\/p>\n<p data-start=\"368\" data-end=\"381\"><strong data-start=\"368\" data-end=\"381\">Omadused:<\/strong><\/p>\n<ul data-start=\"382\" data-end=\"785\">\n<li data-start=\"382\" data-end=\"473\">\n<p data-start=\"384\" data-end=\"473\">T\u00e4ielikult isoleeritud autopiloodi juhtimiss\u00fcsteem mehaanilise roolis\u00fcsteemiga paatidele.<\/p>\n<\/li>\n<li data-start=\"474\" data-end=\"563\">\n<p data-start=\"476\" data-end=\"563\">Komplektil on h\u00fcdrauliline kolb, p\u00f6\u00f6rdvoolu h\u00fcdraulikapump ja h\u00fcdrovedeliku reservuaar.<\/p>\n<\/li>\n<li data-start=\"564\" data-end=\"686\">\n<p data-start=\"566\" data-end=\"686\">H\u00fcdrauliline silinder sisaldab koormuse piirajat ja sisseehitatud sidurit, mis v\u00f5imaldab h\u00f5\u00f5rdumiseta k\u00e4sitsi roolimist.<\/p>\n<\/li>\n<li data-start=\"687\" data-end=\"785\">\n<p data-start=\"689\" data-end=\"785\">Sobib suurematele ja raskematele vees\u00f5idukitele, pakkudes usaldusv\u00e4\u00e4rset autopiloodi juhitavust.<\/p>\n<\/li>\n<\/ul>\n<p data-start=\"787\" data-end=\"809\"><strong data-start=\"787\" data-end=\"809\">Tehnilised andmed:<\/strong><\/p>\n<ul data-start=\"810\" data-end=\"1065\">\n<li data-start=\"810\" data-end=\"866\">\n<p data-start=\"812\" data-end=\"866\">Maksimaalne aluse veev\u00e4ljasurve: 77 000 lb (35 000 kg)<\/p>\n<\/li>\n<li data-start=\"867\" data-end=\"898\">\n<p data-start=\"869\" data-end=\"898\">Tippj\u00f5ud: 2 200 lb (1 000 kg)<\/p>\n<\/li>\n<li data-start=\"899\" data-end=\"941\">\n<p data-start=\"901\" data-end=\"941\">Maksimaalne kolvik\u00e4ik: 12 tolli (305 mm)<\/p>\n<\/li>\n<li data-start=\"942\" data-end=\"1016\">\n<p data-start=\"944\" data-end=\"1016\">Rooli p\u00f6\u00f6ramisaeg: Hardover kuni hardover (\u00b135\u00ba, koormuseta) 12 sekundit<\/p>\n<\/li>\n<li data-start=\"1017\" data-end=\"1065\">\n<p data-start=\"1019\" data-end=\"1065\">Maksimaalne rooli p\u00f6\u00f6rdemoment: 23 100 lb.in (2 565 Nm)<\/p>\n<\/li>\n<\/ul>\n<p data-start=\"1067\" data-end=\"1239\"><strong data-start=\"1067\" data-end=\"1078\">M\u00e4rkus:<\/strong><br data-start=\"1078\" data-end=\"1081\" \/>Sobib paatidele, millel on mehaaniline roolis\u00fcsteem. \u00d5ige toote sobivuse tagamiseks soovitame konsulteerida Raymarine\u2019i klienditoe v\u00f5i volitatud edasim\u00fc\u00fcjaga.<\/p>\n<p>Lae alla Hydraulic Linear Drive <a href=\"https:\/\/raymarine.ee\/wp-content\/uploads\/2026\/04\/Hydraulic-Linear-Drive-E12207-E12208-M81202-M81203-Installation-instructions-81177-5-EN-1.pdf\" target=\"_blank\" rel=\"noopener\">paigaldusjuhend<\/a><\/p>\n<\/div>\n<\/div>\n<\/div>\n<\/li>\n<\/ul>","protected":false},"excerpt":{"rendered":"<p>Raymarine Hydraulic Linear Drive on m\u00f5eldud mehaanilise juhtimisega paatidele. H\u00fcdrauliline lineaarne ajam pakub suurt v\u00f5imsust ja j\u00f5udlust v\u00e4ikese energiakuluga. Vaikne t\u00f6\u00f6, kiire reageerimine ja pikk t\u00f6\u00f6iga. Ajami sobivust Sinu paadile vaata paadi spetsifikatsioonist v\u00f5i pea n\u00f5u meie spetsialistiga. Kui asendad juba olemasolevat ajamit uuega siis on asi lihtsam, vaata vana ajami pealt t\u00fc\u00fcp ja t\u00f6\u00f6pinge v\u00f5i seerianumber. Tutvu kindlasti ka selle toote\u00a0juhenditega\u00a0ja k\u00fcsimuste korral pea n\u00f5u meie spetsialistiga.<\/p>","protected":false},"featured_media":8877,"template":"","meta":{"_acf_changed":false},"product_brand":[134],"product_cat":[66,52,103],"product_tag":[],"class_list":{"0":"post-6441","1":"product","2":"type-product","3":"status-publish","4":"has-post-thumbnail","6":"product_brand-raymarine","7":"product_cat-ajamid","8":"product_cat-autopiloot-autopiloodid","9":"product_cat-raymarine","11":"first","12":"onbackorder","13":"sale","14":"taxable","15":"shipping-taxable","16":"purchasable","17":"product-type-simple"},"acf":[],"yoast_head":"<!-- This site is optimized with the Yoast SEO Premium plugin v27.5 (Yoast SEO v27.5) - https:\/\/yoast.com\/product\/yoast-seo-premium-wordpress\/ -->\n<title>Raymarine Type 3 Hydraulic Linear Drive 24V for Boats - NavSystems<\/title>\n<meta name=\"description\" content=\"Raymarine Type 3 h\u00fcdrauliline lineaarajam 24V pakub v\u00f5imsat h\u00fcdraulilist autopiloodi juhtimiss\u00fcsteemi suurtele ja rasketele mehaanilise rooliga paatidele.\" \/>\n<meta name=\"robots\" content=\"index, follow, max-snippet:-1, max-image-preview:large, max-video-preview:-1\" \/>\n<link rel=\"canonical\" href=\"https:\/\/raymarine.ee\/en\/product\/raymarine-type-3-hydraulic-linear-drive-24v\/\" \/>\n<meta property=\"og:locale\" content=\"en_GB\" \/>\n<meta property=\"og:type\" content=\"article\" \/>\n<meta property=\"og:title\" content=\"Raymarine Type 3 Hydraulic Linear Drive 24V\" \/>\n<meta property=\"og:description\" content=\"Raymarine Type 3 h\u00fcdrauliline lineaarajam 24V pakub v\u00f5imsat h\u00fcdraulilist autopiloodi juhtimiss\u00fcsteemi suurtele ja rasketele mehaanilise rooliga paatidele.\" \/>\n<meta property=\"og:url\" content=\"https:\/\/raymarine.ee\/en\/product\/raymarine-type-3-hydraulic-linear-drive-24v\/\" \/>\n<meta property=\"og:site_name\" content=\"NavSystems\" \/>\n<meta property=\"article:publisher\" content=\"https:\/\/www.facebook.com\/NavSystems\" \/>\n<meta property=\"article:modified_time\" content=\"2026-04-26T04:33:29+00:00\" \/>\n<meta property=\"og:image\" content=\"https:\/\/raymarine.ee\/wp-content\/uploads\/2025\/01\/raymarine-hydraulic-linear-drive-1.jpg\" \/>\n\t<meta property=\"og:image:width\" content=\"800\" \/>\n\t<meta property=\"og:image:height\" content=\"800\" \/>\n\t<meta property=\"og:image:type\" content=\"image\/jpeg\" \/>\n<meta name=\"twitter:card\" content=\"summary_large_image\" \/>\n<meta name=\"twitter:label1\" content=\"Price\" \/>\n\t<meta name=\"twitter:data1\" content=\"4 212,90&nbsp;&euro;\" \/>\n\t<meta name=\"twitter:label2\" content=\"Availability\" \/>\n\t<meta name=\"twitter:data2\" content=\"On back order\" \/>\n<script type=\"application\/ld+json\" class=\"yoast-schema-graph\">{\"@context\":\"https:\\\/\\\/schema.org\",\"@graph\":[{\"@type\":\"WebPage\",\"@id\":\"https:\\\/\\\/raymarine.ee\\\/product\\\/raymarine-type-3-hydraulic-linear-drive-24v\\\/\",\"url\":\"https:\\\/\\\/raymarine.ee\\\/product\\\/raymarine-type-3-hydraulic-linear-drive-24v\\\/\",\"name\":\"Raymarine Type 3 Hydraulic Linear Drive 24V for Boats - NavSystems\",\"isPartOf\":{\"@id\":\"https:\\\/\\\/raymarine.ee\\\/#website\"},\"primaryImageOfPage\":{\"@id\":\"https:\\\/\\\/raymarine.ee\\\/product\\\/raymarine-type-3-hydraulic-linear-drive-24v\\\/#primaryimage\"},\"image\":{\"@id\":\"https:\\\/\\\/raymarine.ee\\\/product\\\/raymarine-type-3-hydraulic-linear-drive-24v\\\/#primaryimage\"},\"thumbnailUrl\":\"https:\\\/\\\/raymarine.ee\\\/wp-content\\\/uploads\\\/2025\\\/01\\\/raymarine-hydraulic-linear-drive-1.jpg\",\"datePublished\":\"2025-01-03T21:19:13+00:00\",\"dateModified\":\"2026-04-26T04:33:29+00:00\",\"description\":\"Raymarine Type 3 h\u00fcdrauliline lineaarajam 24V pakub v\u00f5imsat h\u00fcdraulilist autopiloodi juhtimiss\u00fcsteemi suurtele ja rasketele mehaanilise rooliga paatidele.\",\"breadcrumb\":{\"@id\":\"https:\\\/\\\/raymarine.ee\\\/product\\\/raymarine-type-3-hydraulic-linear-drive-24v\\\/#breadcrumb\"},\"inLanguage\":\"en-GB\",\"potentialAction\":[{\"@type\":\"ReadAction\",\"target\":[\"https:\\\/\\\/raymarine.ee\\\/product\\\/raymarine-type-3-hydraulic-linear-drive-24v\\\/\"]}]},{\"@type\":\"ImageObject\",\"inLanguage\":\"en-GB\",\"@id\":\"https:\\\/\\\/raymarine.ee\\\/product\\\/raymarine-type-3-hydraulic-linear-drive-24v\\\/#primaryimage\",\"url\":\"https:\\\/\\\/raymarine.ee\\\/wp-content\\\/uploads\\\/2025\\\/01\\\/raymarine-hydraulic-linear-drive-1.jpg\",\"contentUrl\":\"https:\\\/\\\/raymarine.ee\\\/wp-content\\\/uploads\\\/2025\\\/01\\\/raymarine-hydraulic-linear-drive-1.jpg\",\"width\":800,\"height\":800},{\"@type\":\"BreadcrumbList\",\"@id\":\"https:\\\/\\\/raymarine.ee\\\/product\\\/raymarine-type-3-hydraulic-linear-drive-24v\\\/#breadcrumb\",\"itemListElement\":[{\"@type\":\"ListItem\",\"position\":1,\"name\":\"Home\",\"item\":\"https:\\\/\\\/raymarine.ee\\\/\"},{\"@type\":\"ListItem\",\"position\":2,\"name\":\"Tooted\",\"item\":\"https:\\\/\\\/raymarine.ee\\\/shop\\\/\"},{\"@type\":\"ListItem\",\"position\":3,\"name\":\"Raymarine Type 3 Hydraulic Linear Drive 24V\"}]},{\"@type\":\"WebSite\",\"@id\":\"https:\\\/\\\/raymarine.ee\\\/#website\",\"url\":\"https:\\\/\\\/raymarine.ee\\\/\",\"name\":\"www.raymarine.ee\",\"description\":\"Mereelektroonika, kaardiplotter, autopiloot, pinnipiloot, roolipiloot, radar, AIS, VHF, Smart Wind\",\"publisher\":{\"@id\":\"https:\\\/\\\/raymarine.ee\\\/#organization\"},\"alternateName\":\"Raymarine\",\"potentialAction\":[{\"@type\":\"SearchAction\",\"target\":{\"@type\":\"EntryPoint\",\"urlTemplate\":\"https:\\\/\\\/raymarine.ee\\\/?s={search_term_string}\"},\"query-input\":{\"@type\":\"PropertyValueSpecification\",\"valueRequired\":true,\"valueName\":\"search_term_string\"}}],\"inLanguage\":\"en-GB\"},{\"@type\":\"Organization\",\"@id\":\"https:\\\/\\\/raymarine.ee\\\/#organization\",\"name\":\"NavSystems O\u00dc\",\"url\":\"https:\\\/\\\/raymarine.ee\\\/\",\"logo\":{\"@type\":\"ImageObject\",\"inLanguage\":\"en-GB\",\"@id\":\"https:\\\/\\\/raymarine.ee\\\/#\\\/schema\\\/logo\\\/image\\\/\",\"url\":\"https:\\\/\\\/raymarine.ee\\\/wp-content\\\/uploads\\\/2024\\\/10\\\/Screenshot-2024-10-15-151324_bg_removed.webp\",\"contentUrl\":\"https:\\\/\\\/raymarine.ee\\\/wp-content\\\/uploads\\\/2024\\\/10\\\/Screenshot-2024-10-15-151324_bg_removed.webp\",\"width\":420,\"height\":276,\"caption\":\"NavSystems O\u00dc\"},\"image\":{\"@id\":\"https:\\\/\\\/raymarine.ee\\\/#\\\/schema\\\/logo\\\/image\\\/\"},\"sameAs\":[\"https:\\\/\\\/www.facebook.com\\\/NavSystems\"],\"legalName\":\"NavSystems O\u00dc\",\"foundingDate\":\"2011-05-03\",\"numberOfEmployees\":{\"@type\":\"QuantitativeValue\",\"minValue\":\"1\",\"maxValue\":\"10\"}}]}<\/script>\n<meta property=\"product:price:amount\" content=\"4212.90\" \/>\n<meta property=\"product:price:currency\" content=\"EUR\" \/>\n<meta property=\"og:availability\" content=\"backorder\" \/>\n<meta property=\"product:availability\" content=\"available for order\" \/>\n<meta property=\"product:retailer_item_id\" content=\"M81203\" \/>\n<meta property=\"product:condition\" content=\"new\" \/>\n<!-- \/ Yoast SEO Premium plugin. -->","yoast_head_json":{"title":"Raymarine Type 3 Hydraulic Linear Drive 24V for Boats - NavSystems","description":"Raymarine Type 3 h\u00fcdrauliline lineaarajam 24V pakub v\u00f5imsat h\u00fcdraulilist autopiloodi juhtimiss\u00fcsteemi suurtele ja rasketele mehaanilise rooliga paatidele.","robots":{"index":"index","follow":"follow","max-snippet":"max-snippet:-1","max-image-preview":"max-image-preview:large","max-video-preview":"max-video-preview:-1"},"canonical":"https:\/\/raymarine.ee\/en\/product\/raymarine-type-3-hydraulic-linear-drive-24v\/","og_locale":"en_GB","og_type":"article","og_title":"Raymarine Type 3 Hydraulic Linear Drive 24V","og_description":"Raymarine Type 3 h\u00fcdrauliline lineaarajam 24V pakub v\u00f5imsat h\u00fcdraulilist autopiloodi juhtimiss\u00fcsteemi suurtele ja rasketele mehaanilise rooliga paatidele.","og_url":"https:\/\/raymarine.ee\/en\/product\/raymarine-type-3-hydraulic-linear-drive-24v\/","og_site_name":"NavSystems","article_publisher":"https:\/\/www.facebook.com\/NavSystems","article_modified_time":"2026-04-26T04:33:29+00:00","og_image":[{"width":800,"height":800,"url":"https:\/\/raymarine.ee\/wp-content\/uploads\/2025\/01\/raymarine-hydraulic-linear-drive-1.jpg","type":"image\/jpeg"}],"twitter_card":"summary_large_image","twitter_misc":{"Price":"4 212,90&nbsp;&euro;","Availability":"On back order"},"schema":{"@context":"https:\/\/schema.org","@graph":[{"@type":"WebPage","@id":"https:\/\/raymarine.ee\/product\/raymarine-type-3-hydraulic-linear-drive-24v\/","url":"https:\/\/raymarine.ee\/product\/raymarine-type-3-hydraulic-linear-drive-24v\/","name":"Raymarine Type 3 Hydraulic Linear Drive 24V for Boats - NavSystems","isPartOf":{"@id":"https:\/\/raymarine.ee\/#website"},"primaryImageOfPage":{"@id":"https:\/\/raymarine.ee\/product\/raymarine-type-3-hydraulic-linear-drive-24v\/#primaryimage"},"image":{"@id":"https:\/\/raymarine.ee\/product\/raymarine-type-3-hydraulic-linear-drive-24v\/#primaryimage"},"thumbnailUrl":"https:\/\/raymarine.ee\/wp-content\/uploads\/2025\/01\/raymarine-hydraulic-linear-drive-1.jpg","datePublished":"2025-01-03T21:19:13+00:00","dateModified":"2026-04-26T04:33:29+00:00","description":"Raymarine Type 3 h\u00fcdrauliline lineaarajam 24V pakub v\u00f5imsat h\u00fcdraulilist autopiloodi juhtimiss\u00fcsteemi suurtele ja rasketele mehaanilise rooliga paatidele.","breadcrumb":{"@id":"https:\/\/raymarine.ee\/product\/raymarine-type-3-hydraulic-linear-drive-24v\/#breadcrumb"},"inLanguage":"en-GB","potentialAction":[{"@type":"ReadAction","target":["https:\/\/raymarine.ee\/product\/raymarine-type-3-hydraulic-linear-drive-24v\/"]}]},{"@type":"ImageObject","inLanguage":"en-GB","@id":"https:\/\/raymarine.ee\/product\/raymarine-type-3-hydraulic-linear-drive-24v\/#primaryimage","url":"https:\/\/raymarine.ee\/wp-content\/uploads\/2025\/01\/raymarine-hydraulic-linear-drive-1.jpg","contentUrl":"https:\/\/raymarine.ee\/wp-content\/uploads\/2025\/01\/raymarine-hydraulic-linear-drive-1.jpg","width":800,"height":800},{"@type":"BreadcrumbList","@id":"https:\/\/raymarine.ee\/product\/raymarine-type-3-hydraulic-linear-drive-24v\/#breadcrumb","itemListElement":[{"@type":"ListItem","position":1,"name":"Home","item":"https:\/\/raymarine.ee\/"},{"@type":"ListItem","position":2,"name":"Tooted","item":"https:\/\/raymarine.ee\/shop\/"},{"@type":"ListItem","position":3,"name":"Raymarine Type 3 Hydraulic Linear Drive 24V"}]},{"@type":"WebSite","@id":"https:\/\/raymarine.ee\/#website","url":"https:\/\/raymarine.ee\/","name":"www.raymarine.ee","description":"Mereelektroonika, kaardiplotter, autopiloot, pinnipiloot, roolipiloot, radar, AIS, VHF, Smart Wind","publisher":{"@id":"https:\/\/raymarine.ee\/#organization"},"alternateName":"Raymarine","potentialAction":[{"@type":"SearchAction","target":{"@type":"EntryPoint","urlTemplate":"https:\/\/raymarine.ee\/?s={search_term_string}"},"query-input":{"@type":"PropertyValueSpecification","valueRequired":true,"valueName":"search_term_string"}}],"inLanguage":"en-GB"},{"@type":"Organization","@id":"https:\/\/raymarine.ee\/#organization","name":"NavSystems O\u00dc","url":"https:\/\/raymarine.ee\/","logo":{"@type":"ImageObject","inLanguage":"en-GB","@id":"https:\/\/raymarine.ee\/#\/schema\/logo\/image\/","url":"https:\/\/raymarine.ee\/wp-content\/uploads\/2024\/10\/Screenshot-2024-10-15-151324_bg_removed.webp","contentUrl":"https:\/\/raymarine.ee\/wp-content\/uploads\/2024\/10\/Screenshot-2024-10-15-151324_bg_removed.webp","width":420,"height":276,"caption":"NavSystems O\u00dc"},"image":{"@id":"https:\/\/raymarine.ee\/#\/schema\/logo\/image\/"},"sameAs":["https:\/\/www.facebook.com\/NavSystems"],"legalName":"NavSystems O\u00dc","foundingDate":"2011-05-03","numberOfEmployees":{"@type":"QuantitativeValue","minValue":"1","maxValue":"10"}}]},"product_price_amount":"4212.90","product_price_currency":"EUR","og_availability":"backorder","product_availability":"available for order","product_retailer_item_id":"M81203","product_condition":"new"},"jetpack_sharing_enabled":true,"_links":{"self":[{"href":"https:\/\/raymarine.ee\/en\/wp-json\/wp\/v2\/product\/6441","targetHints":{"allow":["GET"]}}],"collection":[{"href":"https:\/\/raymarine.ee\/en\/wp-json\/wp\/v2\/product"}],"about":[{"href":"https:\/\/raymarine.ee\/en\/wp-json\/wp\/v2\/types\/product"}],"wp:featuredmedia":[{"embeddable":true,"href":"https:\/\/raymarine.ee\/en\/wp-json\/wp\/v2\/media\/8877"}],"wp:attachment":[{"href":"https:\/\/raymarine.ee\/en\/wp-json\/wp\/v2\/media?parent=6441"}],"wp:term":[{"taxonomy":"product_brand","embeddable":true,"href":"https:\/\/raymarine.ee\/en\/wp-json\/wp\/v2\/product_brand?post=6441"},{"taxonomy":"product_cat","embeddable":true,"href":"https:\/\/raymarine.ee\/en\/wp-json\/wp\/v2\/product_cat?post=6441"},{"taxonomy":"product_tag","embeddable":true,"href":"https:\/\/raymarine.ee\/en\/wp-json\/wp\/v2\/product_tag?post=6441"}],"curies":[{"name":"wp","href":"https:\/\/api.w.org\/{rel}","templated":true}]}}