{"id":6445,"date":"2025-01-03T21:17:43","date_gmt":"2025-01-03T21:17:43","guid":{"rendered":"https:\/\/raymarine.ee\/?post_type=product&#038;p=6445"},"modified":"2026-04-25T11:25:48","modified_gmt":"2026-04-25T08:25:48","slug":"nmea-2000-devicenet-male-to-devicenet-female-cable","status":"publish","type":"product","link":"https:\/\/raymarine.ee\/en\/product\/nmea-2000-devicenet-male-to-devicenet-female-cable\/","title":{"rendered":"NMEA 2000 Devicenet male to Devicenet female cable"},"content":{"rendered":"<p data-start=\"34\" data-end=\"81\"><strong data-start=\"34\" data-end=\"81\">NMEA 2000 Devicenet isane\u2013emane kaabel, 2 m<\/strong><\/p>\n<p data-start=\"83\" data-end=\"400\">NMEA 2000 Devicenet kaabel (isane-emane, 2 meetrit) v\u00f5imaldab usaldusv\u00e4\u00e4rset ja kiiret andmeside\u00fchendust NMEA 2000 v\u00f5rgus\u00fcsteemides. See kaabel on ideaalne erinevate NMEA 2000 seadmete omavaheliseks \u00fchendamiseks v\u00f5i s\u00fcsteemi pikendamiseks, tagades stabiilse signaali ja veekindla \u00fchenduse ka karmides meretingimustes.<\/p>\n<p data-start=\"402\" data-end=\"415\"><strong data-start=\"402\" data-end=\"415\">Omadused:<\/strong><\/p>\n<ul data-start=\"416\" data-end=\"680\">\n<li data-start=\"416\" data-end=\"485\">\n<p data-start=\"418\" data-end=\"485\">\u00dchildub k\u00f5igi NMEA 2000 Devicenet standardil p\u00f5hinevate seadmetega.<\/p>\n<\/li>\n<li data-start=\"486\" data-end=\"535\">\n<p data-start=\"488\" data-end=\"535\">\u00dches otsas isane ja teises otsas emane \u00fchendus.<\/p>\n<\/li>\n<li data-start=\"536\" data-end=\"563\">\n<p data-start=\"538\" data-end=\"563\">Kaabli pikkus: 2 meetrit.<\/p>\n<\/li>\n<li data-start=\"564\" data-end=\"609\">\n<p data-start=\"566\" data-end=\"609\">Vastupidav ja merekeskkonnale sobiv disain.<\/p>\n<\/li>\n<li data-start=\"610\" data-end=\"680\">\n<p data-start=\"612\" data-end=\"680\">Sobib s\u00fcsteemide laiendamiseks ja seadmete paindlikuks \u00fchendamiseks.<\/p>\n<\/li>\n<\/ul>\n<p data-start=\"682\" data-end=\"859\"><strong data-start=\"682\" data-end=\"693\">M\u00e4rkus:<\/strong><br data-start=\"693\" data-end=\"696\" \/>NMEA 2000 s\u00fcsteemides on oluline kasutada ainult spetsiaalseid NMEA 2000 heakskiidetud kaableid ja pistikuid, et tagada korrektne andmeedastus ja v\u00f5rgu t\u00f6\u00f6kindlus.<\/p>","protected":false},"excerpt":{"rendered":"<p>NMEA 2000 Devicenet male to Devicenet female cable 2m.<\/p>","protected":false},"featured_media":7806,"template":"","meta":{"_acf_changed":false},"product_brand":[134],"product_cat":[72,103,83],"product_tag":[],"class_list":{"0":"post-6445","1":"product","2":"type-product","3":"status-publish","4":"has-post-thumbnail","6":"product_brand-raymarine","7":"product_cat-tarvikud","8":"product_cat-raymarine","9":"product_cat-stng_tarvikud","11":"first","12":"instock","13":"sale","14":"featured","15":"taxable","16":"shipping-taxable","17":"purchasable","18":"product-type-simple"},"acf":[],"yoast_head":"<!-- This site is optimized with the Yoast SEO Premium plugin v27.5 (Yoast SEO v27.5) - https:\/\/yoast.com\/product\/yoast-seo-premium-wordpress\/ -->\n<title>NMEA 2000 Devicenet male to Devicenet female cable - NavSystems Mereelektroonika<\/title>\n<meta name=\"description\" content=\"2-meetrine NMEA 2000 Devicenet isane-emane kaabel seadmete \u00fchendamiseks ja v\u00f5rgu laiendamiseks merekeskkonnas.\" \/>\n<meta name=\"robots\" content=\"index, follow, max-snippet:-1, max-image-preview:large, max-video-preview:-1\" \/>\n<link rel=\"canonical\" href=\"https:\/\/raymarine.ee\/en\/product\/nmea-2000-devicenet-male-to-devicenet-female-cable\/\" \/>\n<meta property=\"og:locale\" content=\"en_GB\" \/>\n<meta property=\"og:type\" content=\"article\" \/>\n<meta property=\"og:title\" content=\"NMEA 2000 Devicenet male to Devicenet female cable\" \/>\n<meta property=\"og:description\" content=\"2-meetrine NMEA 2000 Devicenet isane-emane kaabel seadmete \u00fchendamiseks ja v\u00f5rgu laiendamiseks merekeskkonnas.\" \/>\n<meta property=\"og:url\" content=\"https:\/\/raymarine.ee\/en\/product\/nmea-2000-devicenet-male-to-devicenet-female-cable\/\" \/>\n<meta property=\"og:site_name\" content=\"NavSystems\" \/>\n<meta property=\"article:publisher\" content=\"https:\/\/www.facebook.com\/NavSystems\" \/>\n<meta property=\"article:modified_time\" content=\"2026-04-25T08:25:48+00:00\" \/>\n<meta property=\"og:image\" content=\"https:\/\/raymarine.ee\/wp-content\/uploads\/2025\/01\/d5087ce7-726b-401c-b6ef-81879127da2b.webp\" \/>\n\t<meta property=\"og:image:width\" content=\"1024\" \/>\n\t<meta property=\"og:image:height\" content=\"1024\" \/>\n\t<meta property=\"og:image:type\" content=\"image\/webp\" \/>\n<meta name=\"twitter:card\" content=\"summary_large_image\" \/>\n<meta name=\"twitter:label1\" content=\"Price\" \/>\n\t<meta name=\"twitter:data1\" content=\"95,00&nbsp;&euro;\" \/>\n\t<meta name=\"twitter:label2\" content=\"Availability\" \/>\n\t<meta name=\"twitter:data2\" content=\"In stock\" \/>\n<script type=\"application\/ld+json\" class=\"yoast-schema-graph\">{\"@context\":\"https:\\\/\\\/schema.org\",\"@graph\":[{\"@type\":\"WebPage\",\"@id\":\"https:\\\/\\\/raymarine.ee\\\/product\\\/nmea-2000-devicenet-male-to-devicenet-female-cable\\\/\",\"url\":\"https:\\\/\\\/raymarine.ee\\\/product\\\/nmea-2000-devicenet-male-to-devicenet-female-cable\\\/\",\"name\":\"NMEA 2000 Devicenet male to Devicenet female cable - NavSystems Mereelektroonika\",\"isPartOf\":{\"@id\":\"https:\\\/\\\/raymarine.ee\\\/#website\"},\"primaryImageOfPage\":{\"@id\":\"https:\\\/\\\/raymarine.ee\\\/product\\\/nmea-2000-devicenet-male-to-devicenet-female-cable\\\/#primaryimage\"},\"image\":{\"@id\":\"https:\\\/\\\/raymarine.ee\\\/product\\\/nmea-2000-devicenet-male-to-devicenet-female-cable\\\/#primaryimage\"},\"thumbnailUrl\":\"https:\\\/\\\/raymarine.ee\\\/wp-content\\\/uploads\\\/2025\\\/01\\\/d5087ce7-726b-401c-b6ef-81879127da2b.webp\",\"datePublished\":\"2025-01-03T21:17:43+00:00\",\"dateModified\":\"2026-04-25T08:25:48+00:00\",\"description\":\"2-meetrine NMEA 2000 Devicenet isane-emane kaabel seadmete \u00fchendamiseks ja v\u00f5rgu laiendamiseks merekeskkonnas.\",\"breadcrumb\":{\"@id\":\"https:\\\/\\\/raymarine.ee\\\/product\\\/nmea-2000-devicenet-male-to-devicenet-female-cable\\\/#breadcrumb\"},\"inLanguage\":\"en-GB\",\"potentialAction\":[{\"@type\":\"ReadAction\",\"target\":[\"https:\\\/\\\/raymarine.ee\\\/product\\\/nmea-2000-devicenet-male-to-devicenet-female-cable\\\/\"]}]},{\"@type\":\"ImageObject\",\"inLanguage\":\"en-GB\",\"@id\":\"https:\\\/\\\/raymarine.ee\\\/product\\\/nmea-2000-devicenet-male-to-devicenet-female-cable\\\/#primaryimage\",\"url\":\"https:\\\/\\\/raymarine.ee\\\/wp-content\\\/uploads\\\/2025\\\/01\\\/d5087ce7-726b-401c-b6ef-81879127da2b.webp\",\"contentUrl\":\"https:\\\/\\\/raymarine.ee\\\/wp-content\\\/uploads\\\/2025\\\/01\\\/d5087ce7-726b-401c-b6ef-81879127da2b.webp\",\"width\":1024,\"height\":1024},{\"@type\":\"BreadcrumbList\",\"@id\":\"https:\\\/\\\/raymarine.ee\\\/product\\\/nmea-2000-devicenet-male-to-devicenet-female-cable\\\/#breadcrumb\",\"itemListElement\":[{\"@type\":\"ListItem\",\"position\":1,\"name\":\"Home\",\"item\":\"https:\\\/\\\/raymarine.ee\\\/\"},{\"@type\":\"ListItem\",\"position\":2,\"name\":\"Tooted\",\"item\":\"https:\\\/\\\/raymarine.ee\\\/shop\\\/\"},{\"@type\":\"ListItem\",\"position\":3,\"name\":\"NMEA 2000 Devicenet male to Devicenet female cable\"}]},{\"@type\":\"WebSite\",\"@id\":\"https:\\\/\\\/raymarine.ee\\\/#website\",\"url\":\"https:\\\/\\\/raymarine.ee\\\/\",\"name\":\"www.raymarine.ee\",\"description\":\"Mereelektroonika, kaardiplotter, autopiloot, pinnipiloot, roolipiloot, radar, AIS, VHF, Smart Wind\",\"publisher\":{\"@id\":\"https:\\\/\\\/raymarine.ee\\\/#organization\"},\"alternateName\":\"Raymarine\",\"potentialAction\":[{\"@type\":\"SearchAction\",\"target\":{\"@type\":\"EntryPoint\",\"urlTemplate\":\"https:\\\/\\\/raymarine.ee\\\/?s={search_term_string}\"},\"query-input\":{\"@type\":\"PropertyValueSpecification\",\"valueRequired\":true,\"valueName\":\"search_term_string\"}}],\"inLanguage\":\"en-GB\"},{\"@type\":\"Organization\",\"@id\":\"https:\\\/\\\/raymarine.ee\\\/#organization\",\"name\":\"NavSystems O\u00dc\",\"url\":\"https:\\\/\\\/raymarine.ee\\\/\",\"logo\":{\"@type\":\"ImageObject\",\"inLanguage\":\"en-GB\",\"@id\":\"https:\\\/\\\/raymarine.ee\\\/#\\\/schema\\\/logo\\\/image\\\/\",\"url\":\"https:\\\/\\\/raymarine.ee\\\/wp-content\\\/uploads\\\/2024\\\/10\\\/Screenshot-2024-10-15-151324_bg_removed.webp\",\"contentUrl\":\"https:\\\/\\\/raymarine.ee\\\/wp-content\\\/uploads\\\/2024\\\/10\\\/Screenshot-2024-10-15-151324_bg_removed.webp\",\"width\":420,\"height\":276,\"caption\":\"NavSystems O\u00dc\"},\"image\":{\"@id\":\"https:\\\/\\\/raymarine.ee\\\/#\\\/schema\\\/logo\\\/image\\\/\"},\"sameAs\":[\"https:\\\/\\\/www.facebook.com\\\/NavSystems\"],\"legalName\":\"NavSystems O\u00dc\",\"foundingDate\":\"2011-05-03\",\"numberOfEmployees\":{\"@type\":\"QuantitativeValue\",\"minValue\":\"1\",\"maxValue\":\"10\"}}]}<\/script>\n<meta property=\"product:price:amount\" content=\"95.00\" \/>\n<meta property=\"product:price:currency\" content=\"EUR\" \/>\n<meta property=\"og:availability\" content=\"instock\" \/>\n<meta property=\"product:availability\" content=\"instock\" \/>\n<meta property=\"product:retailer_item_id\" content=\"E70260\" \/>\n<meta property=\"product:condition\" content=\"new\" \/>\n<!-- \/ Yoast SEO Premium plugin. -->","yoast_head_json":{"title":"NMEA 2000 Devicenet male to Devicenet female cable - NavSystems Mereelektroonika","description":"2-meetrine NMEA 2000 Devicenet isane-emane kaabel seadmete \u00fchendamiseks ja v\u00f5rgu laiendamiseks merekeskkonnas.","robots":{"index":"index","follow":"follow","max-snippet":"max-snippet:-1","max-image-preview":"max-image-preview:large","max-video-preview":"max-video-preview:-1"},"canonical":"https:\/\/raymarine.ee\/en\/product\/nmea-2000-devicenet-male-to-devicenet-female-cable\/","og_locale":"en_GB","og_type":"article","og_title":"NMEA 2000 Devicenet male to Devicenet female cable","og_description":"2-meetrine NMEA 2000 Devicenet isane-emane kaabel seadmete \u00fchendamiseks ja v\u00f5rgu laiendamiseks merekeskkonnas.","og_url":"https:\/\/raymarine.ee\/en\/product\/nmea-2000-devicenet-male-to-devicenet-female-cable\/","og_site_name":"NavSystems","article_publisher":"https:\/\/www.facebook.com\/NavSystems","article_modified_time":"2026-04-25T08:25:48+00:00","og_image":[{"width":1024,"height":1024,"url":"https:\/\/raymarine.ee\/wp-content\/uploads\/2025\/01\/d5087ce7-726b-401c-b6ef-81879127da2b.webp","type":"image\/webp"}],"twitter_card":"summary_large_image","twitter_misc":{"Price":"95,00&nbsp;&euro;","Availability":"In stock"},"schema":{"@context":"https:\/\/schema.org","@graph":[{"@type":"WebPage","@id":"https:\/\/raymarine.ee\/product\/nmea-2000-devicenet-male-to-devicenet-female-cable\/","url":"https:\/\/raymarine.ee\/product\/nmea-2000-devicenet-male-to-devicenet-female-cable\/","name":"NMEA 2000 Devicenet male to Devicenet female cable - NavSystems Mereelektroonika","isPartOf":{"@id":"https:\/\/raymarine.ee\/#website"},"primaryImageOfPage":{"@id":"https:\/\/raymarine.ee\/product\/nmea-2000-devicenet-male-to-devicenet-female-cable\/#primaryimage"},"image":{"@id":"https:\/\/raymarine.ee\/product\/nmea-2000-devicenet-male-to-devicenet-female-cable\/#primaryimage"},"thumbnailUrl":"https:\/\/raymarine.ee\/wp-content\/uploads\/2025\/01\/d5087ce7-726b-401c-b6ef-81879127da2b.webp","datePublished":"2025-01-03T21:17:43+00:00","dateModified":"2026-04-25T08:25:48+00:00","description":"2-meetrine NMEA 2000 Devicenet isane-emane kaabel seadmete \u00fchendamiseks ja v\u00f5rgu laiendamiseks merekeskkonnas.","breadcrumb":{"@id":"https:\/\/raymarine.ee\/product\/nmea-2000-devicenet-male-to-devicenet-female-cable\/#breadcrumb"},"inLanguage":"en-GB","potentialAction":[{"@type":"ReadAction","target":["https:\/\/raymarine.ee\/product\/nmea-2000-devicenet-male-to-devicenet-female-cable\/"]}]},{"@type":"ImageObject","inLanguage":"en-GB","@id":"https:\/\/raymarine.ee\/product\/nmea-2000-devicenet-male-to-devicenet-female-cable\/#primaryimage","url":"https:\/\/raymarine.ee\/wp-content\/uploads\/2025\/01\/d5087ce7-726b-401c-b6ef-81879127da2b.webp","contentUrl":"https:\/\/raymarine.ee\/wp-content\/uploads\/2025\/01\/d5087ce7-726b-401c-b6ef-81879127da2b.webp","width":1024,"height":1024},{"@type":"BreadcrumbList","@id":"https:\/\/raymarine.ee\/product\/nmea-2000-devicenet-male-to-devicenet-female-cable\/#breadcrumb","itemListElement":[{"@type":"ListItem","position":1,"name":"Home","item":"https:\/\/raymarine.ee\/"},{"@type":"ListItem","position":2,"name":"Tooted","item":"https:\/\/raymarine.ee\/shop\/"},{"@type":"ListItem","position":3,"name":"NMEA 2000 Devicenet male to Devicenet female cable"}]},{"@type":"WebSite","@id":"https:\/\/raymarine.ee\/#website","url":"https:\/\/raymarine.ee\/","name":"www.raymarine.ee","description":"Mereelektroonika, kaardiplotter, autopiloot, pinnipiloot, roolipiloot, radar, AIS, VHF, Smart Wind","publisher":{"@id":"https:\/\/raymarine.ee\/#organization"},"alternateName":"Raymarine","potentialAction":[{"@type":"SearchAction","target":{"@type":"EntryPoint","urlTemplate":"https:\/\/raymarine.ee\/?s={search_term_string}"},"query-input":{"@type":"PropertyValueSpecification","valueRequired":true,"valueName":"search_term_string"}}],"inLanguage":"en-GB"},{"@type":"Organization","@id":"https:\/\/raymarine.ee\/#organization","name":"NavSystems O\u00dc","url":"https:\/\/raymarine.ee\/","logo":{"@type":"ImageObject","inLanguage":"en-GB","@id":"https:\/\/raymarine.ee\/#\/schema\/logo\/image\/","url":"https:\/\/raymarine.ee\/wp-content\/uploads\/2024\/10\/Screenshot-2024-10-15-151324_bg_removed.webp","contentUrl":"https:\/\/raymarine.ee\/wp-content\/uploads\/2024\/10\/Screenshot-2024-10-15-151324_bg_removed.webp","width":420,"height":276,"caption":"NavSystems O\u00dc"},"image":{"@id":"https:\/\/raymarine.ee\/#\/schema\/logo\/image\/"},"sameAs":["https:\/\/www.facebook.com\/NavSystems"],"legalName":"NavSystems O\u00dc","foundingDate":"2011-05-03","numberOfEmployees":{"@type":"QuantitativeValue","minValue":"1","maxValue":"10"}}]},"product_price_amount":"95.00","product_price_currency":"EUR","og_availability":"instock","product_availability":"instock","product_retailer_item_id":"E70260","product_condition":"new"},"jetpack_sharing_enabled":true,"_links":{"self":[{"href":"https:\/\/raymarine.ee\/en\/wp-json\/wp\/v2\/product\/6445","targetHints":{"allow":["GET"]}}],"collection":[{"href":"https:\/\/raymarine.ee\/en\/wp-json\/wp\/v2\/product"}],"about":[{"href":"https:\/\/raymarine.ee\/en\/wp-json\/wp\/v2\/types\/product"}],"wp:featuredmedia":[{"embeddable":true,"href":"https:\/\/raymarine.ee\/en\/wp-json\/wp\/v2\/media\/7806"}],"wp:attachment":[{"href":"https:\/\/raymarine.ee\/en\/wp-json\/wp\/v2\/media?parent=6445"}],"wp:term":[{"taxonomy":"product_brand","embeddable":true,"href":"https:\/\/raymarine.ee\/en\/wp-json\/wp\/v2\/product_brand?post=6445"},{"taxonomy":"product_cat","embeddable":true,"href":"https:\/\/raymarine.ee\/en\/wp-json\/wp\/v2\/product_cat?post=6445"},{"taxonomy":"product_tag","embeddable":true,"href":"https:\/\/raymarine.ee\/en\/wp-json\/wp\/v2\/product_tag?post=6445"}],"curies":[{"name":"wp","href":"https:\/\/api.w.org\/{rel}","templated":true}]}}