{"id":6446,"date":"2025-01-03T20:43:26","date_gmt":"2025-01-03T20:43:26","guid":{"rendered":"https:\/\/raymarine.ee\/?post_type=product&#038;p=6446"},"modified":"2026-04-14T23:23:18","modified_gmt":"2026-04-14T20:23:18","slug":"raymarine-roolinurga-andur","status":"publish","type":"product","link":"https:\/\/raymarine.ee\/en\/product\/raymarine-roolinurga-andur\/","title":{"rendered":"Raymarine roolinurga andur"},"content":{"rendered":"<p>Raymarine roolinurga andur (Rotary Rudder Reference Transducer) sobib kokku S1\/S3\/S3, SPX, ja EV autopilootidega ja ST60 seeria instrumentidega ja iTC-5 konverteriga. Kuigi uued EV ja vanemad SPX seeria autopiloodid t\u00f6\u00f6tavad ka ilma roolinurga andurita parandab roolinurga andur seadme niigi sujuvat t\u00f6\u00f6d veelgi.<\/p>\n<p>Volvo-Penta D4 ja D6 jaoks on vajalik spetsiaalne\u00a0<a href=\"https:\/\/raymarine.ee\/en\/product\/volvo-penta-rudder-indicator-kit-for-drive-units-dph-a-dph-b\/\">paigalduskomplekt<\/a>.<\/p>\n<p>Lae alla roolinurga anduri <a href=\"https:\/\/raymarine.ee\/wp-content\/uploads\/2026\/04\/Rudder-Angle-Sensor-M81105-Installation-instructions-87012-3-EN.pdf\" target=\"_blank\" rel=\"noopener\">paigaldusjuhend<\/a><\/p>","protected":false},"excerpt":{"rendered":"<p>Raymarine roolinurga andur (Rotary Rudder Reference Transducer) sobib kokku S1\/S2\/S3, SPX, EV autopilootidega, ST60+ seeria instrumentidega ja iTC-5 konverteriga. Kuigi uued EV ja vanemad SPX seeria autopiloodid t\u00f6\u00f6tavad ka ilma roolinurga andurita parandab roolinurga andur seadme niigi sujuvat t\u00f6\u00f6d veelgi. Parima tulemuse saate kui paigaldate anduri balleriga paralleelselt, nii p\u00f6\u00f6rdub andur t\u00e4pselt sama palju kui baller ja anduri n\u00e4it on k\u00f5ige t\u00f5ep\u00e4rasem. Paigaldades vaadake, et roolilehe f\u00fc\u00fcsiline null asend ja anduri null asend langeksid kokku. V\u00e4ikeseid k\u00f5rvalekaldeid saab hiljem tarkvaraliselt korrigeerida. Peale autopiloodi esimest sissel\u00fclitamist kontrollige kas anduri n\u00e4it autopiloodi ekraani peal liigub \u00f5iges suunas, juhul kui liigub vales suunas vahetage ACU plokis anduri kaabli roheline ja punane ots ringi.<\/p>","protected":false},"featured_media":9280,"template":"","meta":{"_acf_changed":false},"product_brand":[134],"product_cat":[66,52,103,65,63],"product_tag":[],"class_list":{"0":"post-6446","1":"product","2":"type-product","3":"status-publish","4":"has-post-thumbnail","6":"product_brand-raymarine","7":"product_cat-ajamid","8":"product_cat-autopiloot-autopiloodid","9":"product_cat-raymarine","10":"product_cat-roolipiloodid","11":"product_cat-systeemipiloodid","13":"first","14":"instock","15":"sale","16":"taxable","17":"shipping-taxable","18":"purchasable","19":"product-type-simple"},"acf":[],"yoast_head":"<!-- This site is optimized with the Yoast SEO Premium plugin v27.5 (Yoast SEO v27.5) - https:\/\/yoast.com\/product\/yoast-seo-premium-wordpress\/ -->\n<title>Roolinurga andur: Parandab autopiloodi t\u00e4psust - NavSystems Mereelektroonika<\/title>\n<meta name=\"description\" content=\"Paranda oma autopiloodi t\u00e4psust ja sujuvust roolinurga anduriga! Laadi alla paigaldusjuhend ja tutvu asjaga l\u00e4hemalt. Lihtne paigaldus.\" \/>\n<meta name=\"robots\" content=\"index, follow, max-snippet:-1, max-image-preview:large, max-video-preview:-1\" \/>\n<link rel=\"canonical\" href=\"https:\/\/raymarine.ee\/en\/product\/raymarine-roolinurga-andur\/\" \/>\n<meta property=\"og:locale\" content=\"en_GB\" \/>\n<meta property=\"og:type\" content=\"article\" \/>\n<meta property=\"og:title\" content=\"Raymarine roolinurga andur\" \/>\n<meta property=\"og:description\" content=\"Paranda oma autopiloodi t\u00e4psust ja sujuvust roolinurga anduriga! Laadi alla paigaldusjuhend ja tutvu asjaga l\u00e4hemalt. Lihtne paigaldus.\" \/>\n<meta property=\"og:url\" content=\"https:\/\/raymarine.ee\/en\/product\/raymarine-roolinurga-andur\/\" \/>\n<meta property=\"og:site_name\" content=\"NavSystems\" \/>\n<meta property=\"article:publisher\" content=\"https:\/\/www.facebook.com\/NavSystems\" \/>\n<meta property=\"article:modified_time\" content=\"2026-04-14T20:23:18+00:00\" \/>\n<meta property=\"og:image\" content=\"https:\/\/raymarine.ee\/wp-content\/uploads\/2025\/01\/d82cda65-129b-4104-bd3d-d6cac3b54522.png\" \/>\n\t<meta property=\"og:image:width\" content=\"2000\" \/>\n\t<meta property=\"og:image:height\" content=\"2000\" \/>\n\t<meta property=\"og:image:type\" content=\"image\/png\" \/>\n<meta name=\"twitter:card\" content=\"summary_large_image\" \/>\n<meta name=\"twitter:label1\" content=\"Price\" \/>\n\t<meta name=\"twitter:data1\" content=\"396,92&nbsp;&euro;\" \/>\n\t<meta name=\"twitter:label2\" content=\"Availability\" \/>\n\t<meta name=\"twitter:data2\" content=\"In stock\" \/>\n<script type=\"application\/ld+json\" class=\"yoast-schema-graph\">{\"@context\":\"https:\\\/\\\/schema.org\",\"@graph\":[{\"@type\":\"WebPage\",\"@id\":\"https:\\\/\\\/raymarine.ee\\\/product\\\/raymarine-roolinurga-andur\\\/\",\"url\":\"https:\\\/\\\/raymarine.ee\\\/product\\\/raymarine-roolinurga-andur\\\/\",\"name\":\"Roolinurga andur: Parandab autopiloodi t\u00e4psust - NavSystems Mereelektroonika\",\"isPartOf\":{\"@id\":\"https:\\\/\\\/raymarine.ee\\\/#website\"},\"primaryImageOfPage\":{\"@id\":\"https:\\\/\\\/raymarine.ee\\\/product\\\/raymarine-roolinurga-andur\\\/#primaryimage\"},\"image\":{\"@id\":\"https:\\\/\\\/raymarine.ee\\\/product\\\/raymarine-roolinurga-andur\\\/#primaryimage\"},\"thumbnailUrl\":\"https:\\\/\\\/raymarine.ee\\\/wp-content\\\/uploads\\\/2025\\\/01\\\/d82cda65-129b-4104-bd3d-d6cac3b54522.png\",\"datePublished\":\"2025-01-03T20:43:26+00:00\",\"dateModified\":\"2026-04-14T20:23:18+00:00\",\"description\":\"Paranda oma autopiloodi t\u00e4psust ja sujuvust roolinurga anduriga! Laadi alla paigaldusjuhend ja tutvu asjaga l\u00e4hemalt. Lihtne paigaldus.\",\"breadcrumb\":{\"@id\":\"https:\\\/\\\/raymarine.ee\\\/product\\\/raymarine-roolinurga-andur\\\/#breadcrumb\"},\"inLanguage\":\"en-GB\",\"potentialAction\":[{\"@type\":\"ReadAction\",\"target\":[\"https:\\\/\\\/raymarine.ee\\\/product\\\/raymarine-roolinurga-andur\\\/\"]}]},{\"@type\":\"ImageObject\",\"inLanguage\":\"en-GB\",\"@id\":\"https:\\\/\\\/raymarine.ee\\\/product\\\/raymarine-roolinurga-andur\\\/#primaryimage\",\"url\":\"https:\\\/\\\/raymarine.ee\\\/wp-content\\\/uploads\\\/2025\\\/01\\\/d82cda65-129b-4104-bd3d-d6cac3b54522.png\",\"contentUrl\":\"https:\\\/\\\/raymarine.ee\\\/wp-content\\\/uploads\\\/2025\\\/01\\\/d82cda65-129b-4104-bd3d-d6cac3b54522.png\",\"width\":2000,\"height\":2000},{\"@type\":\"BreadcrumbList\",\"@id\":\"https:\\\/\\\/raymarine.ee\\\/product\\\/raymarine-roolinurga-andur\\\/#breadcrumb\",\"itemListElement\":[{\"@type\":\"ListItem\",\"position\":1,\"name\":\"Home\",\"item\":\"https:\\\/\\\/raymarine.ee\\\/\"},{\"@type\":\"ListItem\",\"position\":2,\"name\":\"Tooted\",\"item\":\"https:\\\/\\\/raymarine.ee\\\/shop\\\/\"},{\"@type\":\"ListItem\",\"position\":3,\"name\":\"Raymarine roolinurga andur\"}]},{\"@type\":\"WebSite\",\"@id\":\"https:\\\/\\\/raymarine.ee\\\/#website\",\"url\":\"https:\\\/\\\/raymarine.ee\\\/\",\"name\":\"www.raymarine.ee\",\"description\":\"Mereelektroonika, kaardiplotter, autopiloot, pinnipiloot, roolipiloot, radar, AIS, VHF, Smart Wind\",\"publisher\":{\"@id\":\"https:\\\/\\\/raymarine.ee\\\/#organization\"},\"alternateName\":\"Raymarine\",\"potentialAction\":[{\"@type\":\"SearchAction\",\"target\":{\"@type\":\"EntryPoint\",\"urlTemplate\":\"https:\\\/\\\/raymarine.ee\\\/?s={search_term_string}\"},\"query-input\":{\"@type\":\"PropertyValueSpecification\",\"valueRequired\":true,\"valueName\":\"search_term_string\"}}],\"inLanguage\":\"en-GB\"},{\"@type\":\"Organization\",\"@id\":\"https:\\\/\\\/raymarine.ee\\\/#organization\",\"name\":\"NavSystems O\u00dc\",\"url\":\"https:\\\/\\\/raymarine.ee\\\/\",\"logo\":{\"@type\":\"ImageObject\",\"inLanguage\":\"en-GB\",\"@id\":\"https:\\\/\\\/raymarine.ee\\\/#\\\/schema\\\/logo\\\/image\\\/\",\"url\":\"https:\\\/\\\/raymarine.ee\\\/wp-content\\\/uploads\\\/2024\\\/10\\\/Screenshot-2024-10-15-151324_bg_removed.webp\",\"contentUrl\":\"https:\\\/\\\/raymarine.ee\\\/wp-content\\\/uploads\\\/2024\\\/10\\\/Screenshot-2024-10-15-151324_bg_removed.webp\",\"width\":420,\"height\":276,\"caption\":\"NavSystems O\u00dc\"},\"image\":{\"@id\":\"https:\\\/\\\/raymarine.ee\\\/#\\\/schema\\\/logo\\\/image\\\/\"},\"sameAs\":[\"https:\\\/\\\/www.facebook.com\\\/NavSystems\"],\"legalName\":\"NavSystems O\u00dc\",\"foundingDate\":\"2011-05-03\",\"numberOfEmployees\":{\"@type\":\"QuantitativeValue\",\"minValue\":\"1\",\"maxValue\":\"10\"}}]}<\/script>\n<meta property=\"product:price:amount\" content=\"396.92\" \/>\n<meta property=\"product:price:currency\" content=\"EUR\" \/>\n<meta property=\"og:availability\" content=\"instock\" \/>\n<meta property=\"product:availability\" content=\"instock\" \/>\n<meta property=\"product:retailer_item_id\" content=\"M81105\" \/>\n<meta property=\"product:condition\" content=\"new\" \/>\n<!-- \/ Yoast SEO Premium plugin. -->","yoast_head_json":{"title":"Roolinurga andur: Parandab autopiloodi t\u00e4psust - NavSystems Mereelektroonika","description":"Paranda oma autopiloodi t\u00e4psust ja sujuvust roolinurga anduriga! Laadi alla paigaldusjuhend ja tutvu asjaga l\u00e4hemalt. Lihtne paigaldus.","robots":{"index":"index","follow":"follow","max-snippet":"max-snippet:-1","max-image-preview":"max-image-preview:large","max-video-preview":"max-video-preview:-1"},"canonical":"https:\/\/raymarine.ee\/en\/product\/raymarine-roolinurga-andur\/","og_locale":"en_GB","og_type":"article","og_title":"Raymarine roolinurga andur","og_description":"Paranda oma autopiloodi t\u00e4psust ja sujuvust roolinurga anduriga! Laadi alla paigaldusjuhend ja tutvu asjaga l\u00e4hemalt. Lihtne paigaldus.","og_url":"https:\/\/raymarine.ee\/en\/product\/raymarine-roolinurga-andur\/","og_site_name":"NavSystems","article_publisher":"https:\/\/www.facebook.com\/NavSystems","article_modified_time":"2026-04-14T20:23:18+00:00","og_image":[{"width":2000,"height":2000,"url":"https:\/\/raymarine.ee\/wp-content\/uploads\/2025\/01\/d82cda65-129b-4104-bd3d-d6cac3b54522.png","type":"image\/png"}],"twitter_card":"summary_large_image","twitter_misc":{"Price":"396,92&nbsp;&euro;","Availability":"In stock"},"schema":{"@context":"https:\/\/schema.org","@graph":[{"@type":"WebPage","@id":"https:\/\/raymarine.ee\/product\/raymarine-roolinurga-andur\/","url":"https:\/\/raymarine.ee\/product\/raymarine-roolinurga-andur\/","name":"Roolinurga andur: Parandab autopiloodi t\u00e4psust - NavSystems Mereelektroonika","isPartOf":{"@id":"https:\/\/raymarine.ee\/#website"},"primaryImageOfPage":{"@id":"https:\/\/raymarine.ee\/product\/raymarine-roolinurga-andur\/#primaryimage"},"image":{"@id":"https:\/\/raymarine.ee\/product\/raymarine-roolinurga-andur\/#primaryimage"},"thumbnailUrl":"https:\/\/raymarine.ee\/wp-content\/uploads\/2025\/01\/d82cda65-129b-4104-bd3d-d6cac3b54522.png","datePublished":"2025-01-03T20:43:26+00:00","dateModified":"2026-04-14T20:23:18+00:00","description":"Paranda oma autopiloodi t\u00e4psust ja sujuvust roolinurga anduriga! Laadi alla paigaldusjuhend ja tutvu asjaga l\u00e4hemalt. Lihtne paigaldus.","breadcrumb":{"@id":"https:\/\/raymarine.ee\/product\/raymarine-roolinurga-andur\/#breadcrumb"},"inLanguage":"en-GB","potentialAction":[{"@type":"ReadAction","target":["https:\/\/raymarine.ee\/product\/raymarine-roolinurga-andur\/"]}]},{"@type":"ImageObject","inLanguage":"en-GB","@id":"https:\/\/raymarine.ee\/product\/raymarine-roolinurga-andur\/#primaryimage","url":"https:\/\/raymarine.ee\/wp-content\/uploads\/2025\/01\/d82cda65-129b-4104-bd3d-d6cac3b54522.png","contentUrl":"https:\/\/raymarine.ee\/wp-content\/uploads\/2025\/01\/d82cda65-129b-4104-bd3d-d6cac3b54522.png","width":2000,"height":2000},{"@type":"BreadcrumbList","@id":"https:\/\/raymarine.ee\/product\/raymarine-roolinurga-andur\/#breadcrumb","itemListElement":[{"@type":"ListItem","position":1,"name":"Home","item":"https:\/\/raymarine.ee\/"},{"@type":"ListItem","position":2,"name":"Tooted","item":"https:\/\/raymarine.ee\/shop\/"},{"@type":"ListItem","position":3,"name":"Raymarine roolinurga andur"}]},{"@type":"WebSite","@id":"https:\/\/raymarine.ee\/#website","url":"https:\/\/raymarine.ee\/","name":"www.raymarine.ee","description":"Mereelektroonika, kaardiplotter, autopiloot, pinnipiloot, roolipiloot, radar, AIS, VHF, Smart Wind","publisher":{"@id":"https:\/\/raymarine.ee\/#organization"},"alternateName":"Raymarine","potentialAction":[{"@type":"SearchAction","target":{"@type":"EntryPoint","urlTemplate":"https:\/\/raymarine.ee\/?s={search_term_string}"},"query-input":{"@type":"PropertyValueSpecification","valueRequired":true,"valueName":"search_term_string"}}],"inLanguage":"en-GB"},{"@type":"Organization","@id":"https:\/\/raymarine.ee\/#organization","name":"NavSystems O\u00dc","url":"https:\/\/raymarine.ee\/","logo":{"@type":"ImageObject","inLanguage":"en-GB","@id":"https:\/\/raymarine.ee\/#\/schema\/logo\/image\/","url":"https:\/\/raymarine.ee\/wp-content\/uploads\/2024\/10\/Screenshot-2024-10-15-151324_bg_removed.webp","contentUrl":"https:\/\/raymarine.ee\/wp-content\/uploads\/2024\/10\/Screenshot-2024-10-15-151324_bg_removed.webp","width":420,"height":276,"caption":"NavSystems O\u00dc"},"image":{"@id":"https:\/\/raymarine.ee\/#\/schema\/logo\/image\/"},"sameAs":["https:\/\/www.facebook.com\/NavSystems"],"legalName":"NavSystems O\u00dc","foundingDate":"2011-05-03","numberOfEmployees":{"@type":"QuantitativeValue","minValue":"1","maxValue":"10"}}]},"product_price_amount":"396.92","product_price_currency":"EUR","og_availability":"instock","product_availability":"instock","product_retailer_item_id":"M81105","product_condition":"new"},"jetpack_sharing_enabled":true,"_links":{"self":[{"href":"https:\/\/raymarine.ee\/en\/wp-json\/wp\/v2\/product\/6446","targetHints":{"allow":["GET"]}}],"collection":[{"href":"https:\/\/raymarine.ee\/en\/wp-json\/wp\/v2\/product"}],"about":[{"href":"https:\/\/raymarine.ee\/en\/wp-json\/wp\/v2\/types\/product"}],"wp:featuredmedia":[{"embeddable":true,"href":"https:\/\/raymarine.ee\/en\/wp-json\/wp\/v2\/media\/9280"}],"wp:attachment":[{"href":"https:\/\/raymarine.ee\/en\/wp-json\/wp\/v2\/media?parent=6446"}],"wp:term":[{"taxonomy":"product_brand","embeddable":true,"href":"https:\/\/raymarine.ee\/en\/wp-json\/wp\/v2\/product_brand?post=6446"},{"taxonomy":"product_cat","embeddable":true,"href":"https:\/\/raymarine.ee\/en\/wp-json\/wp\/v2\/product_cat?post=6446"},{"taxonomy":"product_tag","embeddable":true,"href":"https:\/\/raymarine.ee\/en\/wp-json\/wp\/v2\/product_tag?post=6446"}],"curies":[{"name":"wp","href":"https:\/\/api.w.org\/{rel}","templated":true}]}}