{"id":6447,"date":"2025-01-03T21:13:32","date_gmt":"2025-01-03T21:13:32","guid":{"rendered":"https:\/\/raymarine.ee\/?post_type=product&#038;p=6447"},"modified":"2026-03-27T06:09:21","modified_gmt":"2026-03-27T04:09:21","slug":"volvo-penta-rudder-indicator-kit-for-drive-units-dph-a-dph-b","status":"publish","type":"product","link":"https:\/\/raymarine.ee\/en\/product\/volvo-penta-rudder-indicator-kit-for-drive-units-dph-a-dph-b\/","title":{"rendered":"Volvo-Penta Rudder Indicator Kit for Drive Units DPH-A, DPH-B"},"content":{"rendered":"<p class=\"\" data-start=\"34\" data-end=\"124\"><strong data-start=\"34\" data-end=\"124\">Volvo-Penta paigalduskomplekt roolinurga anduri \u00fchendamiseks veojalgadega DPH-A, DPH-B<\/strong><\/p>\n<p class=\"\" data-start=\"126\" data-end=\"531\">See paigalduskomplekt v\u00f5imaldab \u00fchendada autopiloodi roolinurga anduri Volvo-Penta DPH-A ja DPH-B t\u00fc\u00fcpi veojalgadega. Kuigi uued Raymarine EV1 ja EV2 autopiloodid t\u00f6\u00f6tavad ka ilma roolinurga andurita, parandab anduri kasutamine autopiloodi t\u00e4psust ja sujuvust veelgi. Lisaks sellele n\u00e4eb autopiloodi juhtpanelilt rooli asendit mis on hea indikatsioon paadiga man\u00f6\u00f6verdades.<br data-start=\"401\" data-end=\"404\" \/>Komplekti paigaldamine on tehniliselt keerukas ja eeldab spetsialisti kaasamist, et tagada seadmete \u00f5ige ja usaldusv\u00e4\u00e4rne t\u00f6\u00f6.<\/p>\n<p class=\"\" data-start=\"533\" data-end=\"546\"><strong data-start=\"533\" data-end=\"546\">Omadused:<\/strong><\/p>\n<ul data-start=\"547\" data-end=\"737\">\n<li class=\"\" data-start=\"547\" data-end=\"599\">\n<p class=\"\" data-start=\"549\" data-end=\"599\">\u00dchilduvus Volvo-Penta D4, D6, DPH-A, DPH-C, DPH-D1, DPH-E, DPI-A, DPR-A, DPR-B, DPR-C, TSK DP-H,<br \/>\nTSK DP-H\/DPR, TSK DPH, TSK DPH- A, TSK DPH-AP, TSK DPH-AS, TSK DPH-B, TSK DPH-BP, TSK DPH-BS,<br \/>\nTSK DPH-C, TSK DPH-D, TSK DPH-E veojalgadega.<\/p>\n<\/li>\n<li class=\"\" data-start=\"600\" data-end=\"645\">\n<p class=\"\" data-start=\"602\" data-end=\"645\">T\u00e4iustab autopiloodi juhtimist ja sujuvust.<\/p>\n<\/li>\n<li class=\"\" data-start=\"646\" data-end=\"697\">\n<p class=\"\" data-start=\"648\" data-end=\"697\">Vajalik komponent roolinurga anduri kasutamiseks.<\/p>\n<\/li>\n<li class=\"\" data-start=\"698\" data-end=\"737\">\n<p class=\"\" data-start=\"700\" data-end=\"737\">Soovitatav professionaalne paigaldus.<\/p>\n<\/li>\n<\/ul>\n<p class=\"\" data-start=\"739\" data-end=\"846\"><strong data-start=\"739\" data-end=\"750\">M\u00e4rkus:<\/strong><br data-start=\"750\" data-end=\"753\" \/>Enne paigaldamist soovitame konsulteerida volitatud Volvo-Penta v\u00f5i Raymarine spetsialistiga.<\/p>\n<p>Vaata l\u00e4hemalt\u00a0<a href=\"https:\/\/raymarine.ee\/en\/product\/raymarine-roolinurga-andur\/\">roolinurga andurit<\/a>.<\/p>","protected":false},"excerpt":{"rendered":"<p>Volvo-Penta DPH-A ja DPH-B t\u00fc\u00fcpi veojalgadega. Kuigi uued Raymarine EV1 ja EV2 autopiloodid t\u00f6\u00f6tavad ka ilma roolinurga andurita, parandab anduri kasutamine autopiloodi t\u00e4psust ja sujuvust veelgi. Lisaks sellele n\u00e4eb autopiloodi juhtpanelilt rooli asendit mis on hea indikatsioon paadiga man\u00f6\u00f6verdades. Komplekti paigaldamine on tehniliselt keerukas ja eeldab spetsialisti kaasamist, et tagada seadmete \u00f5ige ja usaldusv\u00e4\u00e4rne t\u00f6\u00f6.<\/p>","protected":false},"featured_media":7862,"template":"","meta":{"_acf_changed":false},"product_brand":[],"product_cat":[132],"product_tag":[],"class_list":{"0":"post-6447","1":"product","2":"type-product","3":"status-publish","4":"has-post-thumbnail","6":"product_cat-volvo-penta","8":"first","9":"onbackorder","10":"taxable","11":"shipping-taxable","12":"purchasable","13":"product-type-simple"},"acf":[],"yoast_head":"<!-- This site is optimized with the Yoast SEO Premium plugin v27.5 (Yoast SEO v27.5) - https:\/\/yoast.com\/product\/yoast-seo-premium-wordpress\/ -->\n<title>Volvo-Penta Rudder Indicator Kit for Drive Units DPH-A, DPH-B - NavSystems Mereelektroonika<\/title>\n<meta name=\"description\" content=\"Volvo-Penta paigalduskomplekt roolinurga anduri \u00fchendamiseks DPH-A ja DPH-B veojalgadega parandab autopiloodi t\u00f6\u00f6 t\u00e4psust; soovitatav kasutada spetsialisti abi.\" \/>\n<meta name=\"robots\" content=\"index, follow, max-snippet:-1, max-image-preview:large, max-video-preview:-1\" \/>\n<link rel=\"canonical\" href=\"https:\/\/raymarine.ee\/en\/product\/volvo-penta-rudder-indicator-kit-for-drive-units-dph-a-dph-b\/\" \/>\n<meta property=\"og:locale\" content=\"en_GB\" \/>\n<meta property=\"og:type\" content=\"article\" \/>\n<meta property=\"og:title\" content=\"Volvo-Penta Rudder Indicator Kit for Drive Units DPH-A, DPH-B\" \/>\n<meta property=\"og:description\" content=\"Volvo-Penta paigalduskomplekt roolinurga anduri \u00fchendamiseks DPH-A ja DPH-B veojalgadega parandab autopiloodi t\u00f6\u00f6 t\u00e4psust; soovitatav kasutada spetsialisti abi.\" \/>\n<meta property=\"og:url\" content=\"https:\/\/raymarine.ee\/en\/product\/volvo-penta-rudder-indicator-kit-for-drive-units-dph-a-dph-b\/\" \/>\n<meta property=\"og:site_name\" content=\"NavSystems\" \/>\n<meta property=\"article:publisher\" content=\"https:\/\/www.facebook.com\/NavSystems\" \/>\n<meta property=\"article:modified_time\" content=\"2026-03-27T04:09:21+00:00\" \/>\n<meta property=\"og:image\" content=\"https:\/\/raymarine.ee\/wp-content\/uploads\/2025\/01\/7038d834-cd13-4e06-b5e2-8856a81e69cb.webp\" \/>\n\t<meta property=\"og:image:width\" content=\"1024\" \/>\n\t<meta property=\"og:image:height\" content=\"1024\" \/>\n\t<meta property=\"og:image:type\" content=\"image\/webp\" \/>\n<meta name=\"twitter:card\" content=\"summary_large_image\" \/>\n<meta name=\"twitter:label1\" content=\"Price\" \/>\n\t<meta name=\"twitter:data1\" content=\"650,00&nbsp;&euro;\" \/>\n\t<meta name=\"twitter:label2\" content=\"Availability\" \/>\n\t<meta name=\"twitter:data2\" content=\"On back order\" \/>\n<script type=\"application\/ld+json\" class=\"yoast-schema-graph\">{\"@context\":\"https:\\\/\\\/schema.org\",\"@graph\":[{\"@type\":\"WebPage\",\"@id\":\"https:\\\/\\\/raymarine.ee\\\/product\\\/volvo-penta-rudder-indicator-kit-for-drive-units-dph-a-dph-b\\\/\",\"url\":\"https:\\\/\\\/raymarine.ee\\\/product\\\/volvo-penta-rudder-indicator-kit-for-drive-units-dph-a-dph-b\\\/\",\"name\":\"Volvo-Penta Rudder Indicator Kit for Drive Units DPH-A, DPH-B - NavSystems Mereelektroonika\",\"isPartOf\":{\"@id\":\"https:\\\/\\\/raymarine.ee\\\/#website\"},\"primaryImageOfPage\":{\"@id\":\"https:\\\/\\\/raymarine.ee\\\/product\\\/volvo-penta-rudder-indicator-kit-for-drive-units-dph-a-dph-b\\\/#primaryimage\"},\"image\":{\"@id\":\"https:\\\/\\\/raymarine.ee\\\/product\\\/volvo-penta-rudder-indicator-kit-for-drive-units-dph-a-dph-b\\\/#primaryimage\"},\"thumbnailUrl\":\"https:\\\/\\\/raymarine.ee\\\/wp-content\\\/uploads\\\/2025\\\/01\\\/7038d834-cd13-4e06-b5e2-8856a81e69cb.webp\",\"datePublished\":\"2025-01-03T21:13:32+00:00\",\"dateModified\":\"2026-03-27T04:09:21+00:00\",\"description\":\"Volvo-Penta paigalduskomplekt roolinurga anduri \u00fchendamiseks DPH-A ja DPH-B veojalgadega parandab autopiloodi t\u00f6\u00f6 t\u00e4psust; soovitatav kasutada spetsialisti abi.\",\"breadcrumb\":{\"@id\":\"https:\\\/\\\/raymarine.ee\\\/product\\\/volvo-penta-rudder-indicator-kit-for-drive-units-dph-a-dph-b\\\/#breadcrumb\"},\"inLanguage\":\"en-GB\",\"potentialAction\":[{\"@type\":\"ReadAction\",\"target\":[\"https:\\\/\\\/raymarine.ee\\\/product\\\/volvo-penta-rudder-indicator-kit-for-drive-units-dph-a-dph-b\\\/\"]}]},{\"@type\":\"ImageObject\",\"inLanguage\":\"en-GB\",\"@id\":\"https:\\\/\\\/raymarine.ee\\\/product\\\/volvo-penta-rudder-indicator-kit-for-drive-units-dph-a-dph-b\\\/#primaryimage\",\"url\":\"https:\\\/\\\/raymarine.ee\\\/wp-content\\\/uploads\\\/2025\\\/01\\\/7038d834-cd13-4e06-b5e2-8856a81e69cb.webp\",\"contentUrl\":\"https:\\\/\\\/raymarine.ee\\\/wp-content\\\/uploads\\\/2025\\\/01\\\/7038d834-cd13-4e06-b5e2-8856a81e69cb.webp\",\"width\":1024,\"height\":1024},{\"@type\":\"BreadcrumbList\",\"@id\":\"https:\\\/\\\/raymarine.ee\\\/product\\\/volvo-penta-rudder-indicator-kit-for-drive-units-dph-a-dph-b\\\/#breadcrumb\",\"itemListElement\":[{\"@type\":\"ListItem\",\"position\":1,\"name\":\"Home\",\"item\":\"https:\\\/\\\/raymarine.ee\\\/\"},{\"@type\":\"ListItem\",\"position\":2,\"name\":\"Tooted\",\"item\":\"https:\\\/\\\/raymarine.ee\\\/shop\\\/\"},{\"@type\":\"ListItem\",\"position\":3,\"name\":\"Volvo-Penta Rudder Indicator Kit for Drive Units DPH-A, DPH-B\"}]},{\"@type\":\"WebSite\",\"@id\":\"https:\\\/\\\/raymarine.ee\\\/#website\",\"url\":\"https:\\\/\\\/raymarine.ee\\\/\",\"name\":\"www.raymarine.ee\",\"description\":\"Mereelektroonika, kaardiplotter, autopiloot, pinnipiloot, roolipiloot, radar, AIS, VHF, Smart Wind\",\"publisher\":{\"@id\":\"https:\\\/\\\/raymarine.ee\\\/#organization\"},\"alternateName\":\"Raymarine\",\"potentialAction\":[{\"@type\":\"SearchAction\",\"target\":{\"@type\":\"EntryPoint\",\"urlTemplate\":\"https:\\\/\\\/raymarine.ee\\\/?s={search_term_string}\"},\"query-input\":{\"@type\":\"PropertyValueSpecification\",\"valueRequired\":true,\"valueName\":\"search_term_string\"}}],\"inLanguage\":\"en-GB\"},{\"@type\":\"Organization\",\"@id\":\"https:\\\/\\\/raymarine.ee\\\/#organization\",\"name\":\"NavSystems O\u00dc\",\"url\":\"https:\\\/\\\/raymarine.ee\\\/\",\"logo\":{\"@type\":\"ImageObject\",\"inLanguage\":\"en-GB\",\"@id\":\"https:\\\/\\\/raymarine.ee\\\/#\\\/schema\\\/logo\\\/image\\\/\",\"url\":\"https:\\\/\\\/raymarine.ee\\\/wp-content\\\/uploads\\\/2024\\\/10\\\/Screenshot-2024-10-15-151324_bg_removed.webp\",\"contentUrl\":\"https:\\\/\\\/raymarine.ee\\\/wp-content\\\/uploads\\\/2024\\\/10\\\/Screenshot-2024-10-15-151324_bg_removed.webp\",\"width\":420,\"height\":276,\"caption\":\"NavSystems O\u00dc\"},\"image\":{\"@id\":\"https:\\\/\\\/raymarine.ee\\\/#\\\/schema\\\/logo\\\/image\\\/\"},\"sameAs\":[\"https:\\\/\\\/www.facebook.com\\\/NavSystems\"],\"legalName\":\"NavSystems O\u00dc\",\"foundingDate\":\"2011-05-03\",\"numberOfEmployees\":{\"@type\":\"QuantitativeValue\",\"minValue\":\"1\",\"maxValue\":\"10\"}}]}<\/script>\n<meta property=\"product:price:amount\" content=\"650.00\" \/>\n<meta property=\"product:price:currency\" content=\"EUR\" \/>\n<meta property=\"og:availability\" content=\"backorder\" \/>\n<meta property=\"product:availability\" content=\"available for order\" \/>\n<meta property=\"product:retailer_item_id\" content=\"VP 3594073\" \/>\n<meta property=\"product:condition\" content=\"new\" \/>\n<!-- \/ Yoast SEO Premium plugin. -->","yoast_head_json":{"title":"Volvo-Penta Rudder Indicator Kit for Drive Units DPH-A, DPH-B - NavSystems Mereelektroonika","description":"Volvo-Penta paigalduskomplekt roolinurga anduri \u00fchendamiseks DPH-A ja DPH-B veojalgadega parandab autopiloodi t\u00f6\u00f6 t\u00e4psust; soovitatav kasutada spetsialisti abi.","robots":{"index":"index","follow":"follow","max-snippet":"max-snippet:-1","max-image-preview":"max-image-preview:large","max-video-preview":"max-video-preview:-1"},"canonical":"https:\/\/raymarine.ee\/en\/product\/volvo-penta-rudder-indicator-kit-for-drive-units-dph-a-dph-b\/","og_locale":"en_GB","og_type":"article","og_title":"Volvo-Penta Rudder Indicator Kit for Drive Units DPH-A, DPH-B","og_description":"Volvo-Penta paigalduskomplekt roolinurga anduri \u00fchendamiseks DPH-A ja DPH-B veojalgadega parandab autopiloodi t\u00f6\u00f6 t\u00e4psust; soovitatav kasutada spetsialisti abi.","og_url":"https:\/\/raymarine.ee\/en\/product\/volvo-penta-rudder-indicator-kit-for-drive-units-dph-a-dph-b\/","og_site_name":"NavSystems","article_publisher":"https:\/\/www.facebook.com\/NavSystems","article_modified_time":"2026-03-27T04:09:21+00:00","og_image":[{"width":1024,"height":1024,"url":"https:\/\/raymarine.ee\/wp-content\/uploads\/2025\/01\/7038d834-cd13-4e06-b5e2-8856a81e69cb.webp","type":"image\/webp"}],"twitter_card":"summary_large_image","twitter_misc":{"Price":"650,00&nbsp;&euro;","Availability":"On back order"},"schema":{"@context":"https:\/\/schema.org","@graph":[{"@type":"WebPage","@id":"https:\/\/raymarine.ee\/product\/volvo-penta-rudder-indicator-kit-for-drive-units-dph-a-dph-b\/","url":"https:\/\/raymarine.ee\/product\/volvo-penta-rudder-indicator-kit-for-drive-units-dph-a-dph-b\/","name":"Volvo-Penta Rudder Indicator Kit for Drive Units DPH-A, DPH-B - NavSystems Mereelektroonika","isPartOf":{"@id":"https:\/\/raymarine.ee\/#website"},"primaryImageOfPage":{"@id":"https:\/\/raymarine.ee\/product\/volvo-penta-rudder-indicator-kit-for-drive-units-dph-a-dph-b\/#primaryimage"},"image":{"@id":"https:\/\/raymarine.ee\/product\/volvo-penta-rudder-indicator-kit-for-drive-units-dph-a-dph-b\/#primaryimage"},"thumbnailUrl":"https:\/\/raymarine.ee\/wp-content\/uploads\/2025\/01\/7038d834-cd13-4e06-b5e2-8856a81e69cb.webp","datePublished":"2025-01-03T21:13:32+00:00","dateModified":"2026-03-27T04:09:21+00:00","description":"Volvo-Penta paigalduskomplekt roolinurga anduri \u00fchendamiseks DPH-A ja DPH-B veojalgadega parandab autopiloodi t\u00f6\u00f6 t\u00e4psust; soovitatav kasutada spetsialisti abi.","breadcrumb":{"@id":"https:\/\/raymarine.ee\/product\/volvo-penta-rudder-indicator-kit-for-drive-units-dph-a-dph-b\/#breadcrumb"},"inLanguage":"en-GB","potentialAction":[{"@type":"ReadAction","target":["https:\/\/raymarine.ee\/product\/volvo-penta-rudder-indicator-kit-for-drive-units-dph-a-dph-b\/"]}]},{"@type":"ImageObject","inLanguage":"en-GB","@id":"https:\/\/raymarine.ee\/product\/volvo-penta-rudder-indicator-kit-for-drive-units-dph-a-dph-b\/#primaryimage","url":"https:\/\/raymarine.ee\/wp-content\/uploads\/2025\/01\/7038d834-cd13-4e06-b5e2-8856a81e69cb.webp","contentUrl":"https:\/\/raymarine.ee\/wp-content\/uploads\/2025\/01\/7038d834-cd13-4e06-b5e2-8856a81e69cb.webp","width":1024,"height":1024},{"@type":"BreadcrumbList","@id":"https:\/\/raymarine.ee\/product\/volvo-penta-rudder-indicator-kit-for-drive-units-dph-a-dph-b\/#breadcrumb","itemListElement":[{"@type":"ListItem","position":1,"name":"Home","item":"https:\/\/raymarine.ee\/"},{"@type":"ListItem","position":2,"name":"Tooted","item":"https:\/\/raymarine.ee\/shop\/"},{"@type":"ListItem","position":3,"name":"Volvo-Penta Rudder Indicator Kit for Drive Units DPH-A, DPH-B"}]},{"@type":"WebSite","@id":"https:\/\/raymarine.ee\/#website","url":"https:\/\/raymarine.ee\/","name":"www.raymarine.ee","description":"Mereelektroonika, kaardiplotter, autopiloot, pinnipiloot, roolipiloot, radar, AIS, VHF, Smart Wind","publisher":{"@id":"https:\/\/raymarine.ee\/#organization"},"alternateName":"Raymarine","potentialAction":[{"@type":"SearchAction","target":{"@type":"EntryPoint","urlTemplate":"https:\/\/raymarine.ee\/?s={search_term_string}"},"query-input":{"@type":"PropertyValueSpecification","valueRequired":true,"valueName":"search_term_string"}}],"inLanguage":"en-GB"},{"@type":"Organization","@id":"https:\/\/raymarine.ee\/#organization","name":"NavSystems O\u00dc","url":"https:\/\/raymarine.ee\/","logo":{"@type":"ImageObject","inLanguage":"en-GB","@id":"https:\/\/raymarine.ee\/#\/schema\/logo\/image\/","url":"https:\/\/raymarine.ee\/wp-content\/uploads\/2024\/10\/Screenshot-2024-10-15-151324_bg_removed.webp","contentUrl":"https:\/\/raymarine.ee\/wp-content\/uploads\/2024\/10\/Screenshot-2024-10-15-151324_bg_removed.webp","width":420,"height":276,"caption":"NavSystems O\u00dc"},"image":{"@id":"https:\/\/raymarine.ee\/#\/schema\/logo\/image\/"},"sameAs":["https:\/\/www.facebook.com\/NavSystems"],"legalName":"NavSystems O\u00dc","foundingDate":"2011-05-03","numberOfEmployees":{"@type":"QuantitativeValue","minValue":"1","maxValue":"10"}}]},"product_price_amount":"650.00","product_price_currency":"EUR","og_availability":"backorder","product_availability":"available for order","product_retailer_item_id":"VP 3594073","product_condition":"new"},"jetpack_sharing_enabled":true,"_links":{"self":[{"href":"https:\/\/raymarine.ee\/en\/wp-json\/wp\/v2\/product\/6447","targetHints":{"allow":["GET"]}}],"collection":[{"href":"https:\/\/raymarine.ee\/en\/wp-json\/wp\/v2\/product"}],"about":[{"href":"https:\/\/raymarine.ee\/en\/wp-json\/wp\/v2\/types\/product"}],"wp:featuredmedia":[{"embeddable":true,"href":"https:\/\/raymarine.ee\/en\/wp-json\/wp\/v2\/media\/7862"}],"wp:attachment":[{"href":"https:\/\/raymarine.ee\/en\/wp-json\/wp\/v2\/media?parent=6447"}],"wp:term":[{"taxonomy":"product_brand","embeddable":true,"href":"https:\/\/raymarine.ee\/en\/wp-json\/wp\/v2\/product_brand?post=6447"},{"taxonomy":"product_cat","embeddable":true,"href":"https:\/\/raymarine.ee\/en\/wp-json\/wp\/v2\/product_cat?post=6447"},{"taxonomy":"product_tag","embeddable":true,"href":"https:\/\/raymarine.ee\/en\/wp-json\/wp\/v2\/product_tag?post=6447"}],"curies":[{"name":"wp","href":"https:\/\/api.w.org\/{rel}","templated":true}]}}