{"id":6448,"date":"2025-01-03T20:41:59","date_gmt":"2025-01-03T20:41:59","guid":{"rendered":"https:\/\/raymarine.ee\/?post_type=product&#038;p=6448"},"modified":"2026-04-12T18:28:49","modified_gmt":"2026-04-12T15:28:49","slug":"i70s-multifunction-instrument","status":"publish","type":"product","link":"https:\/\/raymarine.ee\/en\/product\/i70s-multifunction-instrument\/","title":{"rendered":"i70s Multifunction Instrument"},"content":{"rendered":"<p data-start=\"34\" data-end=\"88\"><strong data-start=\"34\" data-end=\"88\">Raymarine i70s Multifunktsionaalne V\u00e4rviinstrument<\/strong><\/p>\n<p data-start=\"90\" data-end=\"436\">Raymarine i70s on uusima p\u00f5lvkonna multifunktsionaalne instrument, mis pakub suurt 4,1-tollist LED-taustvalgustusega ekraani maksimaalse n\u00e4htavuse ja minimaalse ruumivajadusega. i70s instrumendid on energias\u00e4\u00e4stlikud, v\u00e4ga eredate taustvalgustusega (1200 cd\/m\u00b2) mist\u00f5ttu on need suurep\u00e4raselt loetavad ka eredas p\u00e4ikesevalguses.<\/p>\n<p data-start=\"438\" data-end=\"841\">i70s pakub rikkalikku graafikat ja v\u00f5imaldab valida digitaalsete, graafiliste v\u00f5i analoogsete kuvade vahel. T\u00e4nu kuni 2-tollisele numbrite k\u00f5rgusele sobib see ideaalselt paigaldamiseks mastide- ja laekonsoolidesse kust andmeid j\u00e4lgitakse kaugemalt. i70s toetab mitut v\u00e4rvipaletti ja pakub r\u00fchmade kaupa ekraani heleduse muutmist. See ananb v\u00f5imaluse \u00f6isel navigeerimisel mugavat ekraanivalgustuse reguleerimist\u00a0 erinevates gruppides. N\u00e4iteks mastis heledam ja rooli juures tumedam.<\/p>\n<p data-start=\"843\" data-end=\"1091\">Lisaks s\u00fcgavuse, kiiruse, tuule ja kompassi andmete kuvamisele suudab i70s esitada ka muid erinevaid andmeid, sealhulgas GPS, ilm, mootorid ja paagitase. T\u00e4nu integreeritud AIS kordus-vaatele kuvab i70s l\u00e4heduses olevad AIS sihtm\u00e4rgid.<\/p>\n<p data-start=\"1093\" data-end=\"1225\">i70s \u00fchildub Raymarine SeaTalkng ja NMEA2000 v\u00f5rkudega (NMEA2000 puhul on vajalik adapter <a href=\"https:\/\/raymarine.ee\/en\/product\/devicenet-male-to-stng-spur-female-adaptor-cable-120-mm\/\">DeviceNet\u2013SeaTalkng<\/a> kaabel v\u00f5i <a href=\"https:\/\/raymarine.ee\/en\/product\/stng-nmea2000-male-adapter\/\">STNG-DeviceNet Male<\/a> adapter). Lihtne paigaldus, i70s sobib t\u00e4pselt vanemate ST60 kellade 92mm \u00fcmmarguse avaga.<\/p>\n<p data-start=\"1227\" data-end=\"1251\"><strong data-start=\"1227\" data-end=\"1251\">Olulisemad omadused:<\/strong><\/p>\n<ul data-start=\"1252\" data-end=\"1661\">\n<li data-start=\"1252\" data-end=\"1303\">\n<p data-start=\"1254\" data-end=\"1303\">4,1&#8243; ere v\u00e4rviline ekraan, LED-taustvalgustusega.<\/p>\n<\/li>\n<li data-start=\"1304\" data-end=\"1341\">\n<p data-start=\"1306\" data-end=\"1341\">V\u00e4ga madal energiatarbimine (1,7W).<\/p>\n<\/li>\n<li data-start=\"1342\" data-end=\"1406\">\n<p data-start=\"1344\" data-end=\"1406\">Mitmek\u00fclgsed andmevaated: s\u00fcgavus, kiirus, tuul, GPS, AIS jne.<\/p>\n<\/li>\n<li data-start=\"1407\" data-end=\"1447\">\n<p data-start=\"1409\" data-end=\"1447\">AIS kordusvaade 25 l\u00e4hima sihtm\u00e4rgiga.<\/p>\n<\/li>\n<li data-start=\"1448\" data-end=\"1500\">\n<p data-start=\"1450\" data-end=\"1500\">\u00dchildub SeaTalkng, SeaTalk ja NMEA2000 seadmetega.<\/p>\n<\/li>\n<li data-start=\"1501\" data-end=\"1581\">\n<p data-start=\"1503\" data-end=\"1581\">S\u00fcnkroniseeritud heledus- ja v\u00e4rvihaldus koos i70s\/p70s ja Raymarine MFD-dega.<\/p>\n<\/li>\n<li data-start=\"1582\" data-end=\"1633\">\n<p data-start=\"1584\" data-end=\"1633\">Lihtne seadistamine LightHouse kasutajaliidesega.<\/p>\n<\/li>\n<li data-start=\"1634\" data-end=\"1661\">\n<p data-start=\"1636\" data-end=\"1661\">Kaitseklass IPX6 ja IPX7.<\/p>\n<\/li>\n<\/ul>\n<p data-start=\"1663\" data-end=\"1685\"><strong data-start=\"1663\" data-end=\"1685\">Tehnilised andmed:<\/strong><\/p>\n<ul data-start=\"1686\" data-end=\"1911\">\n<li data-start=\"1686\" data-end=\"1723\">\n<p data-start=\"1688\" data-end=\"1723\">Nimipinge: 12 V DC (vahemik 9\u201316 V)<\/p>\n<\/li>\n<li data-start=\"1724\" data-end=\"1756\">\n<p data-start=\"1726\" data-end=\"1756\">Energiatarbimine: 1,7W (LEN-3)<\/p>\n<\/li>\n<li data-start=\"1757\" data-end=\"1781\">\n<p data-start=\"1759\" data-end=\"1781\">LCD eredus: 1200 cd\/m\u00b2<\/p>\n<\/li>\n<li data-start=\"1782\" data-end=\"1815\">\n<p data-start=\"1784\" data-end=\"1815\">Resolutsioon: 320 \u00d7 240 pikslit<\/p>\n<\/li>\n<li data-start=\"1816\" data-end=\"1857\">\n<p data-start=\"1818\" data-end=\"1857\">T\u00f6\u00f6tamistemperatuur: -20 \u00b0C kuni +55 \u00b0C<\/p>\n<\/li>\n<li data-start=\"1858\" data-end=\"1884\">\n<p data-start=\"1860\" data-end=\"1884\">Veekindlus: IPX6 ja IPX7<\/p>\n<\/li>\n<li data-start=\"1885\" data-end=\"1911\">\n<p data-start=\"1887\" data-end=\"1911\">\u00dchendused: 1 \u00d7 SeaTalkng<\/p>\n<\/li>\n<\/ul>\n<p><strong>Juhendid:<\/strong><\/p>\n<p>Lae alla <a href=\"https:\/\/raymarine.ee\/wp-content\/uploads\/2026\/04\/i70s-Installation-Instructions-87420-Rev-2-EN.pdf\" target=\"_blank\" rel=\"noopener\">i70s paigaldusjuhend<\/a><\/p>\n<p>Lae alla i70 ja <a href=\"https:\/\/raymarine.ee\/wp-content\/uploads\/2026\/04\/i70-i70s-Instrument-Operation-Instructions-81401-Rev-6-EN.pdf\" target=\"_blank\" rel=\"noopener\">i70s kasutusjuhend<\/a><\/p>\n<div>Vaata ka teiste <a href=\"https:\/\/www.raymarine.com\/en-gb\/our-products\/marine-instruments\" target=\"_blank\" rel=\"noopener\">Raymarine instrumentide<\/a>\u00a0tutvustust.<\/div>","protected":false},"excerpt":{"rendered":"<p>i70s Multi-Instrument on 4,1&#8243; (320 x 240 pikselit) v\u00e4rvilise, p\u00e4ikese k\u00e4es h\u00e4sti n\u00e4htava TFT LCD 16 bit v\u00e4rvilise ekraaniga uue p\u00f5lvkonna multi-instrument. Nelja nupuga juhitav v\u00f5imalusterohke ja lihtsalt kasutatav instrument kuvab kogu navigatsiooniinfo mis on k\u00e4ttesaadav Seatalk NG (NMEA2000) v\u00f5rgus: tuul, kiirus, s\u00fcgavus, kurss, mootori n\u00e4idud, akupinge, temperatuur jne. i70s multi-instrumenti on v\u00f5imalik integreerida k\u00f5ikidesse Raymarine v\u00f5rkudesse, see t\u00f6\u00f6tab ka vanas SeaTalk1 v\u00f5rgus. 18 erinevat ekraani jagamise v\u00f5imalust, 1 kuni 6 erinevate andmetega ruutu v\u00f5i riba korraga ekraanil. Pakendis on i70s multi-instrument, ekraanikate, paigaldusraam, 40 Cm STNG harukaabel, tihend ja kinnituskruvid.<\/p>","protected":false},"featured_media":8191,"template":"","meta":{"_acf_changed":false},"product_brand":[134],"product_cat":[70,32,343,103],"product_tag":[],"class_list":{"0":"post-6448","1":"product","2":"type-product","3":"status-publish","4":"has-post-thumbnail","6":"product_brand-raymarine","7":"product_cat-i70_alpha","8":"product_cat-instruments","9":"product_cat-kampaaniad","10":"product_cat-raymarine","12":"first","13":"instock","14":"sale","15":"taxable","16":"shipping-taxable","17":"purchasable","18":"product-type-simple"},"acf":[],"yoast_head":"<!-- This site is optimized with the Yoast SEO Premium plugin v27.5 (Yoast SEO v27.5) - https:\/\/yoast.com\/product\/yoast-seo-premium-wordpress\/ -->\n<title>i70s Multikell: Suur selge ekraan. Kogu info \u00fche kella peal - NavSystems<\/title>\n<meta name=\"description\" content=\"Kasutage Raymarine i70s multikella ja nautige suurep\u00e4rast n\u00e4htavust igas olukorras! Energias\u00e4\u00e4stlik ja erksate v\u00e4rvidega STNG (NMEA2000) multi-instrument.\" \/>\n<meta name=\"robots\" content=\"index, follow, max-snippet:-1, max-image-preview:large, max-video-preview:-1\" \/>\n<link rel=\"canonical\" href=\"https:\/\/raymarine.ee\/en\/product\/i70s-multifunction-instrument\/\" \/>\n<meta property=\"og:locale\" content=\"en_GB\" \/>\n<meta property=\"og:type\" content=\"article\" \/>\n<meta property=\"og:title\" content=\"i70s Multifunction Instrument\" \/>\n<meta property=\"og:description\" content=\"Kasutage Raymarine i70s multikella ja nautige suurep\u00e4rast n\u00e4htavust igas olukorras! Energias\u00e4\u00e4stlik ja erksate v\u00e4rvidega STNG (NMEA2000) multi-instrument.\" \/>\n<meta property=\"og:url\" content=\"https:\/\/raymarine.ee\/en\/product\/i70s-multifunction-instrument\/\" \/>\n<meta property=\"og:site_name\" content=\"NavSystems\" \/>\n<meta property=\"article:publisher\" content=\"https:\/\/www.facebook.com\/NavSystems\" \/>\n<meta property=\"article:modified_time\" content=\"2026-04-12T15:28:49+00:00\" \/>\n<meta property=\"og:image\" content=\"https:\/\/raymarine.ee\/wp-content\/uploads\/2025\/01\/27e69f34-6b30-4f56-8d67-a3323c12f343.webp\" \/>\n\t<meta property=\"og:image:width\" content=\"1024\" \/>\n\t<meta property=\"og:image:height\" content=\"1024\" \/>\n\t<meta property=\"og:image:type\" content=\"image\/webp\" \/>\n<meta name=\"twitter:card\" content=\"summary_large_image\" \/>\n<meta name=\"twitter:label1\" content=\"Price\" \/>\n\t<meta name=\"twitter:data1\" content=\"699,50&nbsp;&euro;\" \/>\n\t<meta name=\"twitter:label2\" content=\"Availability\" \/>\n\t<meta name=\"twitter:data2\" content=\"In stock\" \/>\n<script type=\"application\/ld+json\" class=\"yoast-schema-graph\">{\"@context\":\"https:\\\/\\\/schema.org\",\"@graph\":[{\"@type\":\"WebPage\",\"@id\":\"https:\\\/\\\/raymarine.ee\\\/product\\\/i70s-multifunction-instrument\\\/\",\"url\":\"https:\\\/\\\/raymarine.ee\\\/product\\\/i70s-multifunction-instrument\\\/\",\"name\":\"i70s Multikell: Suur selge ekraan. Kogu info \u00fche kella peal - NavSystems\",\"isPartOf\":{\"@id\":\"https:\\\/\\\/raymarine.ee\\\/#website\"},\"primaryImageOfPage\":{\"@id\":\"https:\\\/\\\/raymarine.ee\\\/product\\\/i70s-multifunction-instrument\\\/#primaryimage\"},\"image\":{\"@id\":\"https:\\\/\\\/raymarine.ee\\\/product\\\/i70s-multifunction-instrument\\\/#primaryimage\"},\"thumbnailUrl\":\"https:\\\/\\\/raymarine.ee\\\/wp-content\\\/uploads\\\/2025\\\/01\\\/27e69f34-6b30-4f56-8d67-a3323c12f343.webp\",\"datePublished\":\"2025-01-03T20:41:59+00:00\",\"dateModified\":\"2026-04-12T15:28:49+00:00\",\"description\":\"Kasutage Raymarine i70s multikella ja nautige suurep\u00e4rast n\u00e4htavust igas olukorras! Energias\u00e4\u00e4stlik ja erksate v\u00e4rvidega STNG (NMEA2000) multi-instrument.\",\"breadcrumb\":{\"@id\":\"https:\\\/\\\/raymarine.ee\\\/product\\\/i70s-multifunction-instrument\\\/#breadcrumb\"},\"inLanguage\":\"en-GB\",\"potentialAction\":[{\"@type\":\"ReadAction\",\"target\":[\"https:\\\/\\\/raymarine.ee\\\/product\\\/i70s-multifunction-instrument\\\/\"]}]},{\"@type\":\"ImageObject\",\"inLanguage\":\"en-GB\",\"@id\":\"https:\\\/\\\/raymarine.ee\\\/product\\\/i70s-multifunction-instrument\\\/#primaryimage\",\"url\":\"https:\\\/\\\/raymarine.ee\\\/wp-content\\\/uploads\\\/2025\\\/01\\\/27e69f34-6b30-4f56-8d67-a3323c12f343.webp\",\"contentUrl\":\"https:\\\/\\\/raymarine.ee\\\/wp-content\\\/uploads\\\/2025\\\/01\\\/27e69f34-6b30-4f56-8d67-a3323c12f343.webp\",\"width\":1024,\"height\":1024,\"caption\":\"i70s Multifunctional Display\"},{\"@type\":\"BreadcrumbList\",\"@id\":\"https:\\\/\\\/raymarine.ee\\\/product\\\/i70s-multifunction-instrument\\\/#breadcrumb\",\"itemListElement\":[{\"@type\":\"ListItem\",\"position\":1,\"name\":\"Home\",\"item\":\"https:\\\/\\\/raymarine.ee\\\/\"},{\"@type\":\"ListItem\",\"position\":2,\"name\":\"Tooted\",\"item\":\"https:\\\/\\\/raymarine.ee\\\/shop\\\/\"},{\"@type\":\"ListItem\",\"position\":3,\"name\":\"i70s Multifunction Instrument\"}]},{\"@type\":\"WebSite\",\"@id\":\"https:\\\/\\\/raymarine.ee\\\/#website\",\"url\":\"https:\\\/\\\/raymarine.ee\\\/\",\"name\":\"www.raymarine.ee\",\"description\":\"Mereelektroonika, kaardiplotter, autopiloot, pinnipiloot, roolipiloot, radar, AIS, VHF, Smart Wind\",\"publisher\":{\"@id\":\"https:\\\/\\\/raymarine.ee\\\/#organization\"},\"alternateName\":\"Raymarine\",\"potentialAction\":[{\"@type\":\"SearchAction\",\"target\":{\"@type\":\"EntryPoint\",\"urlTemplate\":\"https:\\\/\\\/raymarine.ee\\\/?s={search_term_string}\"},\"query-input\":{\"@type\":\"PropertyValueSpecification\",\"valueRequired\":true,\"valueName\":\"search_term_string\"}}],\"inLanguage\":\"en-GB\"},{\"@type\":\"Organization\",\"@id\":\"https:\\\/\\\/raymarine.ee\\\/#organization\",\"name\":\"NavSystems O\u00dc\",\"url\":\"https:\\\/\\\/raymarine.ee\\\/\",\"logo\":{\"@type\":\"ImageObject\",\"inLanguage\":\"en-GB\",\"@id\":\"https:\\\/\\\/raymarine.ee\\\/#\\\/schema\\\/logo\\\/image\\\/\",\"url\":\"https:\\\/\\\/raymarine.ee\\\/wp-content\\\/uploads\\\/2024\\\/10\\\/Screenshot-2024-10-15-151324_bg_removed.webp\",\"contentUrl\":\"https:\\\/\\\/raymarine.ee\\\/wp-content\\\/uploads\\\/2024\\\/10\\\/Screenshot-2024-10-15-151324_bg_removed.webp\",\"width\":420,\"height\":276,\"caption\":\"NavSystems O\u00dc\"},\"image\":{\"@id\":\"https:\\\/\\\/raymarine.ee\\\/#\\\/schema\\\/logo\\\/image\\\/\"},\"sameAs\":[\"https:\\\/\\\/www.facebook.com\\\/NavSystems\"],\"legalName\":\"NavSystems O\u00dc\",\"foundingDate\":\"2011-05-03\",\"numberOfEmployees\":{\"@type\":\"QuantitativeValue\",\"minValue\":\"1\",\"maxValue\":\"10\"}}]}<\/script>\n<meta property=\"product:price:amount\" content=\"699.50\" \/>\n<meta property=\"product:price:currency\" content=\"EUR\" \/>\n<meta property=\"og:availability\" content=\"instock\" \/>\n<meta property=\"product:availability\" content=\"instock\" \/>\n<meta property=\"product:retailer_item_id\" content=\"E70327\" \/>\n<meta property=\"product:condition\" content=\"new\" \/>\n<!-- \/ Yoast SEO Premium plugin. -->","yoast_head_json":{"title":"i70s Multikell: Suur selge ekraan. Kogu info \u00fche kella peal - NavSystems","description":"Kasutage Raymarine i70s multikella ja nautige suurep\u00e4rast n\u00e4htavust igas olukorras! Energias\u00e4\u00e4stlik ja erksate v\u00e4rvidega STNG (NMEA2000) multi-instrument.","robots":{"index":"index","follow":"follow","max-snippet":"max-snippet:-1","max-image-preview":"max-image-preview:large","max-video-preview":"max-video-preview:-1"},"canonical":"https:\/\/raymarine.ee\/en\/product\/i70s-multifunction-instrument\/","og_locale":"en_GB","og_type":"article","og_title":"i70s Multifunction Instrument","og_description":"Kasutage Raymarine i70s multikella ja nautige suurep\u00e4rast n\u00e4htavust igas olukorras! Energias\u00e4\u00e4stlik ja erksate v\u00e4rvidega STNG (NMEA2000) multi-instrument.","og_url":"https:\/\/raymarine.ee\/en\/product\/i70s-multifunction-instrument\/","og_site_name":"NavSystems","article_publisher":"https:\/\/www.facebook.com\/NavSystems","article_modified_time":"2026-04-12T15:28:49+00:00","og_image":[{"width":1024,"height":1024,"url":"https:\/\/raymarine.ee\/wp-content\/uploads\/2025\/01\/27e69f34-6b30-4f56-8d67-a3323c12f343.webp","type":"image\/webp"}],"twitter_card":"summary_large_image","twitter_misc":{"Price":"699,50&nbsp;&euro;","Availability":"In stock"},"schema":{"@context":"https:\/\/schema.org","@graph":[{"@type":"WebPage","@id":"https:\/\/raymarine.ee\/product\/i70s-multifunction-instrument\/","url":"https:\/\/raymarine.ee\/product\/i70s-multifunction-instrument\/","name":"i70s Multikell: Suur selge ekraan. Kogu info \u00fche kella peal - NavSystems","isPartOf":{"@id":"https:\/\/raymarine.ee\/#website"},"primaryImageOfPage":{"@id":"https:\/\/raymarine.ee\/product\/i70s-multifunction-instrument\/#primaryimage"},"image":{"@id":"https:\/\/raymarine.ee\/product\/i70s-multifunction-instrument\/#primaryimage"},"thumbnailUrl":"https:\/\/raymarine.ee\/wp-content\/uploads\/2025\/01\/27e69f34-6b30-4f56-8d67-a3323c12f343.webp","datePublished":"2025-01-03T20:41:59+00:00","dateModified":"2026-04-12T15:28:49+00:00","description":"Kasutage Raymarine i70s multikella ja nautige suurep\u00e4rast n\u00e4htavust igas olukorras! Energias\u00e4\u00e4stlik ja erksate v\u00e4rvidega STNG (NMEA2000) multi-instrument.","breadcrumb":{"@id":"https:\/\/raymarine.ee\/product\/i70s-multifunction-instrument\/#breadcrumb"},"inLanguage":"en-GB","potentialAction":[{"@type":"ReadAction","target":["https:\/\/raymarine.ee\/product\/i70s-multifunction-instrument\/"]}]},{"@type":"ImageObject","inLanguage":"en-GB","@id":"https:\/\/raymarine.ee\/product\/i70s-multifunction-instrument\/#primaryimage","url":"https:\/\/raymarine.ee\/wp-content\/uploads\/2025\/01\/27e69f34-6b30-4f56-8d67-a3323c12f343.webp","contentUrl":"https:\/\/raymarine.ee\/wp-content\/uploads\/2025\/01\/27e69f34-6b30-4f56-8d67-a3323c12f343.webp","width":1024,"height":1024,"caption":"i70s Multifunctional Display"},{"@type":"BreadcrumbList","@id":"https:\/\/raymarine.ee\/product\/i70s-multifunction-instrument\/#breadcrumb","itemListElement":[{"@type":"ListItem","position":1,"name":"Home","item":"https:\/\/raymarine.ee\/"},{"@type":"ListItem","position":2,"name":"Tooted","item":"https:\/\/raymarine.ee\/shop\/"},{"@type":"ListItem","position":3,"name":"i70s Multifunction Instrument"}]},{"@type":"WebSite","@id":"https:\/\/raymarine.ee\/#website","url":"https:\/\/raymarine.ee\/","name":"www.raymarine.ee","description":"Mereelektroonika, kaardiplotter, autopiloot, pinnipiloot, roolipiloot, radar, AIS, VHF, Smart Wind","publisher":{"@id":"https:\/\/raymarine.ee\/#organization"},"alternateName":"Raymarine","potentialAction":[{"@type":"SearchAction","target":{"@type":"EntryPoint","urlTemplate":"https:\/\/raymarine.ee\/?s={search_term_string}"},"query-input":{"@type":"PropertyValueSpecification","valueRequired":true,"valueName":"search_term_string"}}],"inLanguage":"en-GB"},{"@type":"Organization","@id":"https:\/\/raymarine.ee\/#organization","name":"NavSystems O\u00dc","url":"https:\/\/raymarine.ee\/","logo":{"@type":"ImageObject","inLanguage":"en-GB","@id":"https:\/\/raymarine.ee\/#\/schema\/logo\/image\/","url":"https:\/\/raymarine.ee\/wp-content\/uploads\/2024\/10\/Screenshot-2024-10-15-151324_bg_removed.webp","contentUrl":"https:\/\/raymarine.ee\/wp-content\/uploads\/2024\/10\/Screenshot-2024-10-15-151324_bg_removed.webp","width":420,"height":276,"caption":"NavSystems O\u00dc"},"image":{"@id":"https:\/\/raymarine.ee\/#\/schema\/logo\/image\/"},"sameAs":["https:\/\/www.facebook.com\/NavSystems"],"legalName":"NavSystems O\u00dc","foundingDate":"2011-05-03","numberOfEmployees":{"@type":"QuantitativeValue","minValue":"1","maxValue":"10"}}]},"product_price_amount":"699.50","product_price_currency":"EUR","og_availability":"instock","product_availability":"instock","product_retailer_item_id":"E70327","product_condition":"new"},"jetpack_sharing_enabled":true,"_links":{"self":[{"href":"https:\/\/raymarine.ee\/en\/wp-json\/wp\/v2\/product\/6448","targetHints":{"allow":["GET"]}}],"collection":[{"href":"https:\/\/raymarine.ee\/en\/wp-json\/wp\/v2\/product"}],"about":[{"href":"https:\/\/raymarine.ee\/en\/wp-json\/wp\/v2\/types\/product"}],"wp:featuredmedia":[{"embeddable":true,"href":"https:\/\/raymarine.ee\/en\/wp-json\/wp\/v2\/media\/8191"}],"wp:attachment":[{"href":"https:\/\/raymarine.ee\/en\/wp-json\/wp\/v2\/media?parent=6448"}],"wp:term":[{"taxonomy":"product_brand","embeddable":true,"href":"https:\/\/raymarine.ee\/en\/wp-json\/wp\/v2\/product_brand?post=6448"},{"taxonomy":"product_cat","embeddable":true,"href":"https:\/\/raymarine.ee\/en\/wp-json\/wp\/v2\/product_cat?post=6448"},{"taxonomy":"product_tag","embeddable":true,"href":"https:\/\/raymarine.ee\/en\/wp-json\/wp\/v2\/product_tag?post=6448"}],"curies":[{"name":"wp","href":"https:\/\/api.w.org\/{rel}","templated":true}]}}