{"id":6449,"date":"2025-01-03T21:12:34","date_gmt":"2025-01-03T21:12:34","guid":{"rendered":"https:\/\/raymarine.ee\/?post_type=product&#038;p=6449"},"modified":"2026-04-14T21:50:16","modified_gmt":"2026-04-14T18:50:16","slug":"i70s-system-pack-wind-vane-dst800","status":"publish","type":"product","link":"https:\/\/raymarine.ee\/en\/product\/i70s-system-pack-wind-vane-dst800\/","title":{"rendered":"i70s System Pack Wind &#038; DST"},"content":{"rendered":"<p data-start=\"34\" data-end=\"66\"><strong data-start=\"34\" data-end=\"66\">Raymarine i70s tuulekomplekt<\/strong><\/p>\n<p data-start=\"68\" data-end=\"788\">Raymarine i70s tuulekomplekt sisaldab k\u00f5ike vajalikku tuule-, kiiruse-, s\u00fcgavuse- ja temperatuuriandurite s\u00fcsteemi loomiseks. Komplekti keskmes on i70s v\u00e4rvilise ekraaniga multi-instrument, mis kuvab m\u00f5\u00f5detud andmeid selgelt ja t\u00e4pselt.<br data-start=\"304\" data-end=\"307\" \/>Komplektis olev l\u00fchikese varrega Wind Vane tuuleandur \u00fchendub komplekti kuuluva 30-meetrise mastikaabliga. Lisaks sisaldub kiirus-, s\u00fcgavus- ja temperatuurin\u00e4itude jaoks DST800 analoogv\u00e4ljundiga andur, mis paigaldatakse l\u00e4bi p\u00f5hja, soovitatavalt kiilu ette.<br data-start=\"564\" data-end=\"567\" \/>iTC-5 andurite konverter muudab analoogsignaalid digitaalseks, v\u00f5imaldades sujuva liidestuse SeaTalkNG v\u00f5rguga. Kaablid, T-liitmikud ja terminaatorid on k\u00f5ik komplektis kaasas, et s\u00fcsteemi paigaldus oleks lihtne ja kiire.<\/p>\n<p data-start=\"790\" data-end=\"809\"><strong data-start=\"790\" data-end=\"809\">Komplekti sisu:<\/strong><\/p>\n<ul data-start=\"810\" data-end=\"1227\">\n<li data-start=\"810\" data-end=\"861\">\n<p data-start=\"812\" data-end=\"861\"><strong data-start=\"812\" data-end=\"822\">E22172<\/strong> i70s v\u00e4rviline multi-instrument (1 tk)<\/p>\n<\/li>\n<li data-start=\"862\" data-end=\"906\">\n<p data-start=\"864\" data-end=\"906\"><strong data-start=\"864\" data-end=\"874\">E70010<\/strong> iTC-5 andurite konverter (1 tk)<\/p>\n<\/li>\n<li data-start=\"907\" data-end=\"993\">\n<p data-start=\"909\" data-end=\"993\"><strong data-start=\"909\" data-end=\"919\">A22154<\/strong> DST800 analoogv\u00e4ljundiga kiiruse-, s\u00fcgavuse- ja temperatuurisensor (1 tk)<\/p>\n<\/li>\n<li data-start=\"994\" data-end=\"1041\">\n<p data-start=\"996\" data-end=\"1041\"><strong data-start=\"996\" data-end=\"1006\">A06031<\/strong> STNG backbone terminaatorid (2 tk)<\/p>\n<\/li>\n<li data-start=\"1042\" data-end=\"1087\">\n<p data-start=\"1044\" data-end=\"1087\"><strong data-start=\"1044\" data-end=\"1054\">A06064<\/strong> STNG 5-tee \u00fchendusliitmik (1 tk)<\/p>\n<\/li>\n<li data-start=\"1088\" data-end=\"1132\">\n<p data-start=\"1090\" data-end=\"1132\"><strong data-start=\"1090\" data-end=\"1100\">A06035<\/strong> STNG backbone kaabel 3 m (1 tk)<\/p>\n<\/li>\n<li data-start=\"1133\" data-end=\"1169\">\n<p data-start=\"1135\" data-end=\"1169\"><strong data-start=\"1135\" data-end=\"1145\">A06049<\/strong> STNG toitekaabel (1 tk)<\/p>\n<\/li>\n<li data-start=\"1170\" data-end=\"1227\">\n<p data-start=\"1172\" data-end=\"1227\"><strong data-start=\"1172\" data-end=\"1182\">E22078<\/strong> l\u00fchikese varrega Wind Vane tuuleandur (1 tk)<\/p>\n<\/li>\n<\/ul>\n<p data-start=\"1229\" data-end=\"1242\"><strong data-start=\"1229\" data-end=\"1242\">Omadused:<\/strong><\/p>\n<ul data-start=\"1243\" data-end=\"1488\">\n<li data-start=\"1243\" data-end=\"1276\">\n<p data-start=\"1245\" data-end=\"1276\">Selge ja v\u00e4rviline i70s ekraan.<\/p>\n<\/li>\n<li data-start=\"1277\" data-end=\"1317\">\n<p data-start=\"1279\" data-end=\"1317\">T\u00e4pne tuulekiiruse ja -suuna m\u00f5\u00f5tmine.<\/p>\n<\/li>\n<li data-start=\"1318\" data-end=\"1377\">\n<p data-start=\"1320\" data-end=\"1377\">Kiiruse-, s\u00fcgavuse- ja temperatuuriandmed \u00fchest andurist.<\/p>\n<\/li>\n<li data-start=\"1378\" data-end=\"1426\">\n<p data-start=\"1380\" data-end=\"1426\">Lihtne integreerida Raymarine SeaTalkNG v\u00f5rku.<\/p>\n<\/li>\n<li data-start=\"1427\" data-end=\"1488\">\n<p data-start=\"1429\" data-end=\"1488\">Komplektis k\u00f5ik vajalikud kaablid ja tarvikud paigalduseks.<\/p>\n<\/li>\n<\/ul>\n<p><strong>Juhendid:<\/strong><\/p>\n<p>Lae alla <a href=\"https:\/\/raymarine.ee\/wp-content\/uploads\/2026\/04\/i70s-Installation-Instructions-87420-Rev-2-EN.pdf\" target=\"_blank\" rel=\"noopener\">i70s paigaldusjuhend<\/a><\/p>\n<p>Lae alla i70 ja <a href=\"https:\/\/raymarine.ee\/wp-content\/uploads\/2026\/04\/i70-i70s-Instrument-Operation-Instructions-81401-Rev-6-EN.pdf\" target=\"_blank\" rel=\"noopener\">i70s kasutusjuhend<\/a><\/p>\n<p>Lae alla <a href=\"https:\/\/raymarine.ee\/wp-content\/uploads\/2026\/04\/E22078-E22079-Long-Short-Arm-Wind-Vane-Installation-Instructions-87220-Rev-3-EN.pdf\" target=\"_blank\" rel=\"noopener\">Wind Vane paigaldusjuhend<\/a><\/p>\n<p>Lae alla <a href=\"https:\/\/raymarine.ee\/wp-content\/uploads\/2026\/04\/iTC-5-Installation-instructions-87138-Rev-5-EN.pdf\" target=\"_blank\" rel=\"noopener\">iTC-5 paigaldusjuhend<\/a><\/p>\n<p>Lae alla <a href=\"https:\/\/raymarine.ee\/wp-content\/uploads\/2026\/04\/DST800-Manual.pdf\" target=\"_blank\" rel=\"noopener\">DST800 paigaldusjuhend<\/a><\/p>\n<p>Lae alla <a href=\"https:\/\/raymarine.ee\/wp-content\/uploads\/2026\/04\/SeaTalkng-Reference-manual-81300-1-EN.pdf\" target=\"_blank\" rel=\"noopener\">STNG v\u00f5rgu paigaldusjuhend<\/a><\/p>","protected":false},"excerpt":{"rendered":"<p>Raymarine i70s tuulekomplekt sisaldab i70s multi-instrumenti, l\u00fchikese varrega Wind Vane tuuleandurit koos 30 meetrise mastikaabliga, 1 x DST800 analoogv\u00e4ljundiga (kiirus, s\u00fcgavus, temperatuur) andurit, iTC-5 andurite konverterit, 3m backbone kaablit, T liitmikku, STNG power kaablit ja kahte terminaatorit. DST800 anduri puhul tuleb l\u00e4bi p\u00f5hja teha \u00fcks ava, soovitatavalt kiilu ette. Pakendis on k\u00f5ik vajalik mis tuules\u00fcsteemi paigalduse alustamiseks vaja l\u00e4heb. Tutvu kindlasti ka selle komplekti juhenditega ja k\u00fcsimuste korral pea n\u00f5u meie spetsialistiga.<\/p>","protected":false},"featured_media":8190,"template":"","meta":{"_acf_changed":false},"product_brand":[134],"product_cat":[70,32,343,103],"product_tag":[],"class_list":{"0":"post-6449","1":"product","2":"type-product","3":"status-publish","4":"has-post-thumbnail","6":"product_brand-raymarine","7":"product_cat-i70_alpha","8":"product_cat-instruments","9":"product_cat-kampaaniad","10":"product_cat-raymarine","12":"first","13":"instock","14":"sale","15":"taxable","16":"shipping-taxable","17":"purchasable","18":"product-type-simple"},"acf":[],"yoast_head":"<!-- This site is optimized with the Yoast SEO Premium plugin v27.5 (Yoast SEO v27.5) - https:\/\/yoast.com\/product\/yoast-seo-premium-wordpress\/ -->\n<title>i70s Tuules\u00fcsteem: Tuul, kiirus, s\u00fcgavus ja temperatuur i70s - NavSystems<\/title>\n<meta name=\"description\" content=\"Raymarine i70s Tuules\u00fcsteem pakub selget ja t\u00e4pset teavet tuule, s\u00fcgavuse, kiiruse ja temperatuuri kohta. K\u00f5ik n\u00e4idud \u00fche i70s display peal.\" \/>\n<meta name=\"robots\" content=\"index, follow, max-snippet:-1, max-image-preview:large, max-video-preview:-1\" \/>\n<link rel=\"canonical\" href=\"https:\/\/raymarine.ee\/en\/product\/i70s-system-pack-wind-vane-dst800\/\" \/>\n<meta property=\"og:locale\" content=\"en_GB\" \/>\n<meta property=\"og:type\" content=\"article\" \/>\n<meta property=\"og:title\" content=\"i70s System Pack Wind &amp; DST\" \/>\n<meta property=\"og:description\" content=\"Raymarine i70s Tuules\u00fcsteem pakub selget ja t\u00e4pset teavet tuule, s\u00fcgavuse, kiiruse ja temperatuuri kohta. K\u00f5ik n\u00e4idud \u00fche i70s display peal.\" \/>\n<meta property=\"og:url\" content=\"https:\/\/raymarine.ee\/en\/product\/i70s-system-pack-wind-vane-dst800\/\" \/>\n<meta property=\"og:site_name\" content=\"NavSystems\" \/>\n<meta property=\"article:publisher\" content=\"https:\/\/www.facebook.com\/NavSystems\" \/>\n<meta property=\"article:modified_time\" content=\"2026-04-14T18:50:16+00:00\" \/>\n<meta property=\"og:image\" content=\"https:\/\/raymarine.ee\/wp-content\/uploads\/2025\/01\/i70s-wind-vane-itc5-dst800.webp\" \/>\n\t<meta property=\"og:image:width\" content=\"1200\" \/>\n\t<meta property=\"og:image:height\" content=\"1200\" \/>\n\t<meta property=\"og:image:type\" content=\"image\/webp\" \/>\n<meta name=\"twitter:card\" content=\"summary_large_image\" \/>\n<meta name=\"twitter:label1\" content=\"Price\" \/>\n\t<meta name=\"twitter:data1\" content=\"1 400,00&nbsp;&euro;\" \/>\n\t<meta name=\"twitter:label2\" content=\"Availability\" \/>\n\t<meta name=\"twitter:data2\" content=\"In stock\" \/>\n<script type=\"application\/ld+json\" class=\"yoast-schema-graph\">{\"@context\":\"https:\\\/\\\/schema.org\",\"@graph\":[{\"@type\":\"WebPage\",\"@id\":\"https:\\\/\\\/raymarine.ee\\\/product\\\/i70s-system-pack-wind-vane-dst800\\\/\",\"url\":\"https:\\\/\\\/raymarine.ee\\\/product\\\/i70s-system-pack-wind-vane-dst800\\\/\",\"name\":\"i70s Tuules\u00fcsteem: Tuul, kiirus, s\u00fcgavus ja temperatuur i70s - NavSystems\",\"isPartOf\":{\"@id\":\"https:\\\/\\\/raymarine.ee\\\/#website\"},\"primaryImageOfPage\":{\"@id\":\"https:\\\/\\\/raymarine.ee\\\/product\\\/i70s-system-pack-wind-vane-dst800\\\/#primaryimage\"},\"image\":{\"@id\":\"https:\\\/\\\/raymarine.ee\\\/product\\\/i70s-system-pack-wind-vane-dst800\\\/#primaryimage\"},\"thumbnailUrl\":\"https:\\\/\\\/raymarine.ee\\\/wp-content\\\/uploads\\\/2025\\\/01\\\/i70s-wind-vane-itc5-dst800.webp\",\"datePublished\":\"2025-01-03T21:12:34+00:00\",\"dateModified\":\"2026-04-14T18:50:16+00:00\",\"description\":\"Raymarine i70s Tuules\u00fcsteem pakub selget ja t\u00e4pset teavet tuule, s\u00fcgavuse, kiiruse ja temperatuuri kohta. K\u00f5ik n\u00e4idud \u00fche i70s display peal.\",\"breadcrumb\":{\"@id\":\"https:\\\/\\\/raymarine.ee\\\/product\\\/i70s-system-pack-wind-vane-dst800\\\/#breadcrumb\"},\"inLanguage\":\"en-GB\",\"potentialAction\":[{\"@type\":\"ReadAction\",\"target\":[\"https:\\\/\\\/raymarine.ee\\\/product\\\/i70s-system-pack-wind-vane-dst800\\\/\"]}]},{\"@type\":\"ImageObject\",\"inLanguage\":\"en-GB\",\"@id\":\"https:\\\/\\\/raymarine.ee\\\/product\\\/i70s-system-pack-wind-vane-dst800\\\/#primaryimage\",\"url\":\"https:\\\/\\\/raymarine.ee\\\/wp-content\\\/uploads\\\/2025\\\/01\\\/i70s-wind-vane-itc5-dst800.webp\",\"contentUrl\":\"https:\\\/\\\/raymarine.ee\\\/wp-content\\\/uploads\\\/2025\\\/01\\\/i70s-wind-vane-itc5-dst800.webp\",\"width\":1200,\"height\":1200,\"caption\":\"i70 wind\"},{\"@type\":\"BreadcrumbList\",\"@id\":\"https:\\\/\\\/raymarine.ee\\\/product\\\/i70s-system-pack-wind-vane-dst800\\\/#breadcrumb\",\"itemListElement\":[{\"@type\":\"ListItem\",\"position\":1,\"name\":\"Home\",\"item\":\"https:\\\/\\\/raymarine.ee\\\/\"},{\"@type\":\"ListItem\",\"position\":2,\"name\":\"Tooted\",\"item\":\"https:\\\/\\\/raymarine.ee\\\/shop\\\/\"},{\"@type\":\"ListItem\",\"position\":3,\"name\":\"i70s System Pack Wind &#038; DST\"}]},{\"@type\":\"WebSite\",\"@id\":\"https:\\\/\\\/raymarine.ee\\\/#website\",\"url\":\"https:\\\/\\\/raymarine.ee\\\/\",\"name\":\"www.raymarine.ee\",\"description\":\"Mereelektroonika, kaardiplotter, autopiloot, pinnipiloot, roolipiloot, radar, AIS, VHF, Smart Wind\",\"publisher\":{\"@id\":\"https:\\\/\\\/raymarine.ee\\\/#organization\"},\"alternateName\":\"Raymarine\",\"potentialAction\":[{\"@type\":\"SearchAction\",\"target\":{\"@type\":\"EntryPoint\",\"urlTemplate\":\"https:\\\/\\\/raymarine.ee\\\/?s={search_term_string}\"},\"query-input\":{\"@type\":\"PropertyValueSpecification\",\"valueRequired\":true,\"valueName\":\"search_term_string\"}}],\"inLanguage\":\"en-GB\"},{\"@type\":\"Organization\",\"@id\":\"https:\\\/\\\/raymarine.ee\\\/#organization\",\"name\":\"NavSystems O\u00dc\",\"url\":\"https:\\\/\\\/raymarine.ee\\\/\",\"logo\":{\"@type\":\"ImageObject\",\"inLanguage\":\"en-GB\",\"@id\":\"https:\\\/\\\/raymarine.ee\\\/#\\\/schema\\\/logo\\\/image\\\/\",\"url\":\"https:\\\/\\\/raymarine.ee\\\/wp-content\\\/uploads\\\/2024\\\/10\\\/Screenshot-2024-10-15-151324_bg_removed.webp\",\"contentUrl\":\"https:\\\/\\\/raymarine.ee\\\/wp-content\\\/uploads\\\/2024\\\/10\\\/Screenshot-2024-10-15-151324_bg_removed.webp\",\"width\":420,\"height\":276,\"caption\":\"NavSystems O\u00dc\"},\"image\":{\"@id\":\"https:\\\/\\\/raymarine.ee\\\/#\\\/schema\\\/logo\\\/image\\\/\"},\"sameAs\":[\"https:\\\/\\\/www.facebook.com\\\/NavSystems\"],\"legalName\":\"NavSystems O\u00dc\",\"foundingDate\":\"2011-05-03\",\"numberOfEmployees\":{\"@type\":\"QuantitativeValue\",\"minValue\":\"1\",\"maxValue\":\"10\"}}]}<\/script>\n<meta property=\"product:price:amount\" content=\"1400.00\" \/>\n<meta property=\"product:price:currency\" content=\"EUR\" \/>\n<meta property=\"og:availability\" content=\"instock\" \/>\n<meta property=\"product:availability\" content=\"instock\" \/>\n<meta property=\"product:retailer_item_id\" content=\"T70216\" \/>\n<meta property=\"product:condition\" content=\"new\" \/>\n<!-- \/ Yoast SEO Premium plugin. -->","yoast_head_json":{"title":"i70s Tuules\u00fcsteem: Tuul, kiirus, s\u00fcgavus ja temperatuur i70s - NavSystems","description":"Raymarine i70s Tuules\u00fcsteem pakub selget ja t\u00e4pset teavet tuule, s\u00fcgavuse, kiiruse ja temperatuuri kohta. K\u00f5ik n\u00e4idud \u00fche i70s display peal.","robots":{"index":"index","follow":"follow","max-snippet":"max-snippet:-1","max-image-preview":"max-image-preview:large","max-video-preview":"max-video-preview:-1"},"canonical":"https:\/\/raymarine.ee\/en\/product\/i70s-system-pack-wind-vane-dst800\/","og_locale":"en_GB","og_type":"article","og_title":"i70s System Pack Wind & DST","og_description":"Raymarine i70s Tuules\u00fcsteem pakub selget ja t\u00e4pset teavet tuule, s\u00fcgavuse, kiiruse ja temperatuuri kohta. K\u00f5ik n\u00e4idud \u00fche i70s display peal.","og_url":"https:\/\/raymarine.ee\/en\/product\/i70s-system-pack-wind-vane-dst800\/","og_site_name":"NavSystems","article_publisher":"https:\/\/www.facebook.com\/NavSystems","article_modified_time":"2026-04-14T18:50:16+00:00","og_image":[{"width":1200,"height":1200,"url":"https:\/\/raymarine.ee\/wp-content\/uploads\/2025\/01\/i70s-wind-vane-itc5-dst800.webp","type":"image\/webp"}],"twitter_card":"summary_large_image","twitter_misc":{"Price":"1 400,00&nbsp;&euro;","Availability":"In stock"},"schema":{"@context":"https:\/\/schema.org","@graph":[{"@type":"WebPage","@id":"https:\/\/raymarine.ee\/product\/i70s-system-pack-wind-vane-dst800\/","url":"https:\/\/raymarine.ee\/product\/i70s-system-pack-wind-vane-dst800\/","name":"i70s Tuules\u00fcsteem: Tuul, kiirus, s\u00fcgavus ja temperatuur i70s - NavSystems","isPartOf":{"@id":"https:\/\/raymarine.ee\/#website"},"primaryImageOfPage":{"@id":"https:\/\/raymarine.ee\/product\/i70s-system-pack-wind-vane-dst800\/#primaryimage"},"image":{"@id":"https:\/\/raymarine.ee\/product\/i70s-system-pack-wind-vane-dst800\/#primaryimage"},"thumbnailUrl":"https:\/\/raymarine.ee\/wp-content\/uploads\/2025\/01\/i70s-wind-vane-itc5-dst800.webp","datePublished":"2025-01-03T21:12:34+00:00","dateModified":"2026-04-14T18:50:16+00:00","description":"Raymarine i70s Tuules\u00fcsteem pakub selget ja t\u00e4pset teavet tuule, s\u00fcgavuse, kiiruse ja temperatuuri kohta. K\u00f5ik n\u00e4idud \u00fche i70s display peal.","breadcrumb":{"@id":"https:\/\/raymarine.ee\/product\/i70s-system-pack-wind-vane-dst800\/#breadcrumb"},"inLanguage":"en-GB","potentialAction":[{"@type":"ReadAction","target":["https:\/\/raymarine.ee\/product\/i70s-system-pack-wind-vane-dst800\/"]}]},{"@type":"ImageObject","inLanguage":"en-GB","@id":"https:\/\/raymarine.ee\/product\/i70s-system-pack-wind-vane-dst800\/#primaryimage","url":"https:\/\/raymarine.ee\/wp-content\/uploads\/2025\/01\/i70s-wind-vane-itc5-dst800.webp","contentUrl":"https:\/\/raymarine.ee\/wp-content\/uploads\/2025\/01\/i70s-wind-vane-itc5-dst800.webp","width":1200,"height":1200,"caption":"i70 wind"},{"@type":"BreadcrumbList","@id":"https:\/\/raymarine.ee\/product\/i70s-system-pack-wind-vane-dst800\/#breadcrumb","itemListElement":[{"@type":"ListItem","position":1,"name":"Home","item":"https:\/\/raymarine.ee\/"},{"@type":"ListItem","position":2,"name":"Tooted","item":"https:\/\/raymarine.ee\/shop\/"},{"@type":"ListItem","position":3,"name":"i70s System Pack Wind &#038; DST"}]},{"@type":"WebSite","@id":"https:\/\/raymarine.ee\/#website","url":"https:\/\/raymarine.ee\/","name":"www.raymarine.ee","description":"Mereelektroonika, kaardiplotter, autopiloot, pinnipiloot, roolipiloot, radar, AIS, VHF, Smart Wind","publisher":{"@id":"https:\/\/raymarine.ee\/#organization"},"alternateName":"Raymarine","potentialAction":[{"@type":"SearchAction","target":{"@type":"EntryPoint","urlTemplate":"https:\/\/raymarine.ee\/?s={search_term_string}"},"query-input":{"@type":"PropertyValueSpecification","valueRequired":true,"valueName":"search_term_string"}}],"inLanguage":"en-GB"},{"@type":"Organization","@id":"https:\/\/raymarine.ee\/#organization","name":"NavSystems O\u00dc","url":"https:\/\/raymarine.ee\/","logo":{"@type":"ImageObject","inLanguage":"en-GB","@id":"https:\/\/raymarine.ee\/#\/schema\/logo\/image\/","url":"https:\/\/raymarine.ee\/wp-content\/uploads\/2024\/10\/Screenshot-2024-10-15-151324_bg_removed.webp","contentUrl":"https:\/\/raymarine.ee\/wp-content\/uploads\/2024\/10\/Screenshot-2024-10-15-151324_bg_removed.webp","width":420,"height":276,"caption":"NavSystems O\u00dc"},"image":{"@id":"https:\/\/raymarine.ee\/#\/schema\/logo\/image\/"},"sameAs":["https:\/\/www.facebook.com\/NavSystems"],"legalName":"NavSystems O\u00dc","foundingDate":"2011-05-03","numberOfEmployees":{"@type":"QuantitativeValue","minValue":"1","maxValue":"10"}}]},"product_price_amount":"1400.00","product_price_currency":"EUR","og_availability":"instock","product_availability":"instock","product_retailer_item_id":"T70216","product_condition":"new"},"jetpack_sharing_enabled":true,"_links":{"self":[{"href":"https:\/\/raymarine.ee\/en\/wp-json\/wp\/v2\/product\/6449","targetHints":{"allow":["GET"]}}],"collection":[{"href":"https:\/\/raymarine.ee\/en\/wp-json\/wp\/v2\/product"}],"about":[{"href":"https:\/\/raymarine.ee\/en\/wp-json\/wp\/v2\/types\/product"}],"wp:featuredmedia":[{"embeddable":true,"href":"https:\/\/raymarine.ee\/en\/wp-json\/wp\/v2\/media\/8190"}],"wp:attachment":[{"href":"https:\/\/raymarine.ee\/en\/wp-json\/wp\/v2\/media?parent=6449"}],"wp:term":[{"taxonomy":"product_brand","embeddable":true,"href":"https:\/\/raymarine.ee\/en\/wp-json\/wp\/v2\/product_brand?post=6449"},{"taxonomy":"product_cat","embeddable":true,"href":"https:\/\/raymarine.ee\/en\/wp-json\/wp\/v2\/product_cat?post=6449"},{"taxonomy":"product_tag","embeddable":true,"href":"https:\/\/raymarine.ee\/en\/wp-json\/wp\/v2\/product_tag?post=6449"}],"curies":[{"name":"wp","href":"https:\/\/api.w.org\/{rel}","templated":true}]}}