{"id":6450,"date":"2025-01-03T20:40:31","date_gmt":"2025-01-03T20:40:31","guid":{"rendered":"https:\/\/raymarine.ee\/?post_type=product&#038;p=6450"},"modified":"2025-04-28T18:36:35","modified_gmt":"2025-04-28T16:36:35","slug":"i70s-wireless-wind-dst810-and-backbone-kit","status":"publish","type":"product","link":"https:\/\/raymarine.ee\/en\/product\/i70s-wireless-wind-dst810-and-backbone-kit\/","title":{"rendered":"i70s Wireless Wind, DST810 and Backbone Kit"},"content":{"rendered":"<p>Vaata\u00a0<a href=\"https:\/\/www.raymarine.com\/instrument-displays.html\" target=\"_blank\" rel=\"noopener\">Raymarine instrumentide<\/a>\u00a0tutvustust.<\/p>\n<p class=\"\" data-start=\"34\" data-end=\"90\"><strong data-start=\"34\" data-end=\"90\">Raymarine i70s Wireless Wind, DST810 ja Backbone Kit<\/strong><\/p>\n<p class=\"\" data-start=\"92\" data-end=\"473\">K\u00f5igile neile, kes hindavad juhtmevaba lahendust tuuleanduri paigaldamisel mastitippu, pakub Raymarine i70s Wireless Wind, DST810 ja Backbone Kit ideaalset terviklahendust. Komplekt sisaldab esmaklassilist i70s v\u00e4rvilist multifunktsionaalset instrumenti, juhtmevaba T120 mastiandurit ning Airmar DST810 s\u00fcgavuse-, kiiruse- ja temperatuuriandurit, mis \u00fchendub otse SeaTalk NG v\u00f5rku.<\/p>\n<p class=\"\" data-start=\"475\" data-end=\"718\">Komplekti kuuluv Micro-Talk\u2122 Wireless Gateway v\u00f5imaldab T120 juhtmevaba tuuleanduri ja T113 juhtmevaba kaugjuhtimispuldi andmete sujuvat \u00fchendamist STNG v\u00f5rguga. K\u00f5ik v\u00f5rgu andmed on n\u00e4htavad nii i70s instrumendil kui ka T113 Remote Display&#8217;l.<\/p>\n<p class=\"\" data-start=\"720\" data-end=\"741\"><strong data-start=\"720\" data-end=\"741\">Komplekti kuulub:<\/strong><\/p>\n<ul data-start=\"742\" data-end=\"1375\">\n<li class=\"\" data-start=\"742\" data-end=\"799\">\n<p class=\"\" data-start=\"744\" data-end=\"799\">E70361 Micro-Talk\u2122 Wireless Performance Sailing Gateway<\/p>\n<\/li>\n<li class=\"\" data-start=\"800\" data-end=\"865\">\n<p class=\"\" data-start=\"802\" data-end=\"865\">T120 Wireless Masthead Transducer (masti juhtmevaba tuuleandur)<\/p>\n<\/li>\n<li class=\"\" data-start=\"866\" data-end=\"940\">\n<p class=\"\" data-start=\"868\" data-end=\"940\">T113 Multifunction Wireless Remote Display (juhtmevaba kaugjuhtimispult)<\/p>\n<\/li>\n<li class=\"\" data-start=\"941\" data-end=\"1036\">\n<p class=\"\" data-start=\"943\" data-end=\"1036\">E70327 i70s Multifunction Color Instrument Display (v\u00e4rviline multifunktsionaalne instrument)<\/p>\n<\/li>\n<li class=\"\" data-start=\"1037\" data-end=\"1132\">\n<p class=\"\" data-start=\"1039\" data-end=\"1132\">E70617 DST810 Depth, Speed, Temperature Transducer (s\u00fcgavuse-, kiiruse- ja temperatuuriandur)<\/p>\n<\/li>\n<li class=\"\" data-start=\"1133\" data-end=\"1177\">\n<p class=\"\" data-start=\"1135\" data-end=\"1177\">A06049 SeaTalkng Power Cable (toitekaabel)<\/p>\n<\/li>\n<li class=\"\" data-start=\"1178\" data-end=\"1230\">\n<p class=\"\" data-start=\"1180\" data-end=\"1230\">A06036 SeaTalkng Backbone Cable 5m (selgrookaabel)<\/p>\n<\/li>\n<li class=\"\" data-start=\"1231\" data-end=\"1285\">\n<p class=\"\" data-start=\"1233\" data-end=\"1285\">A06064 SeaTalkng 5-Way Connector (5-haruline pistik)<\/p>\n<\/li>\n<li class=\"\" data-start=\"1286\" data-end=\"1344\">\n<p class=\"\" data-start=\"1288\" data-end=\"1344\">A06031 SeaTalkng Network Terminator (x2) (v\u00f5rgu l\u00f5petid)<\/p>\n<\/li>\n<li class=\"\" data-start=\"1345\" data-end=\"1375\">\n<p class=\"\" data-start=\"1347\" data-end=\"1375\">A06028 SeaTalkng T-Connector<\/p>\n<\/li>\n<\/ul>\n<p class=\"\" data-start=\"1377\" data-end=\"1463\">K\u00f5ik SeaTalk NG v\u00f5rgu alustamiseks vajalikud kaablid ja pistikud on komplektis kaasas.<\/p>","protected":false},"excerpt":{"rendered":"<p>Raymarine i70s Wireless Wind, DST810 ja Backbone Kit. K\u00f5ik kes on seda meelt, et tuuleandur mastis peab kindlasti olema juhtmevaba saavad n\u00fc\u00fcd nautida selle t\u00e4iusliku instrumendikomplekti mugavust ja lihtsust. Komplekt sisaldab Raymarine esmaklassilist i70s v\u00e4rvilist multifunktsionaalset instrumenti, T120 juhtmevaba tuuleandurit, otse STNG v\u00f5rku \u00fchenduvat Airmar-i uut DST810 s\u00fcgavuse-, kiiruse- ja temperatuuriandurit millel on ka muid uusi funktsioone. K\u00f5ik SeaTalk NG v\u00f5rgu alustamiseks vajalikud kaablid ja pistikud on komplektis kaasas. Komplekti kuuluv Micro-Talk\u2122 Wireless Performance Sailing Gateway suhtleb komplekti kuuluva T120 juhtmevaba mastianduri- ja T113 juhtmevaba Remote Display-ga otse ja integreerib need STNG v\u00f5rguga. K\u00f5iki v\u00f5rgus olevaid andmeid saab kuvada kaasasoleval i70s v\u00e4rvilisel multifunktsionaalsel instrumendil ja ka T113 juhtmevaba Remote Display peal.<\/p>","protected":false},"featured_media":7842,"template":"","meta":{"_acf_changed":false},"product_brand":[],"product_cat":[70,32,103,71],"product_tag":[],"class_list":{"0":"post-6450","1":"product","2":"type-product","3":"status-publish","4":"has-post-thumbnail","6":"product_cat-i70_alpha","7":"product_cat-instruments","8":"product_cat-raymarine","9":"product_cat-wireless","11":"first","12":"instock","13":"sale","14":"taxable","15":"shipping-taxable","16":"purchasable","17":"product-type-simple"},"acf":[],"yoast_head":"<!-- This site is optimized with the Yoast SEO Premium plugin v27.5 (Yoast SEO v27.5) - https:\/\/yoast.com\/product\/yoast-seo-premium-wordpress\/ -->\n<title>i70s Wireless Wind, DST810 and Backbone Kit - NavSystems Mereelektroonika<\/title>\n<meta name=\"description\" content=\"Raymarine i70s Wireless Wind, DST810 ja Backbone Kit on t\u00e4islahendus juhtmevaba tuuleanduri ja STNG v\u00f5rgu loomiseks, pakkudes t\u00e4pset tuule-, s\u00fcgavuse- ja kiirusandmete kuvamist.\" \/>\n<meta name=\"robots\" content=\"index, follow, max-snippet:-1, max-image-preview:large, max-video-preview:-1\" \/>\n<link rel=\"canonical\" href=\"https:\/\/raymarine.ee\/en\/product\/i70s-wireless-wind-dst810-and-backbone-kit\/\" \/>\n<meta property=\"og:locale\" content=\"en_GB\" \/>\n<meta property=\"og:type\" content=\"article\" \/>\n<meta property=\"og:title\" content=\"i70s Wireless Wind, DST810 and Backbone Kit\" \/>\n<meta property=\"og:description\" content=\"Raymarine i70s Wireless Wind, DST810 ja Backbone Kit on t\u00e4islahendus juhtmevaba tuuleanduri ja STNG v\u00f5rgu loomiseks, pakkudes t\u00e4pset tuule-, s\u00fcgavuse- ja kiirusandmete kuvamist.\" \/>\n<meta property=\"og:url\" content=\"https:\/\/raymarine.ee\/en\/product\/i70s-wireless-wind-dst810-and-backbone-kit\/\" \/>\n<meta property=\"og:site_name\" content=\"NavSystems\" \/>\n<meta property=\"article:publisher\" content=\"https:\/\/www.facebook.com\/NavSystems\" \/>\n<meta property=\"article:modified_time\" content=\"2025-04-28T16:36:35+00:00\" \/>\n<meta property=\"og:image\" content=\"https:\/\/raymarine.ee\/wp-content\/uploads\/2025\/01\/790eceb6-dad2-4d10-88d8-8907fc7522f1.webp\" \/>\n\t<meta property=\"og:image:width\" content=\"1024\" \/>\n\t<meta property=\"og:image:height\" content=\"1024\" \/>\n\t<meta property=\"og:image:type\" content=\"image\/webp\" \/>\n<meta name=\"twitter:card\" content=\"summary_large_image\" \/>\n<meta name=\"twitter:label1\" content=\"Price\" \/>\n\t<meta name=\"twitter:data1\" content=\"2 243,00&nbsp;&euro;\" \/>\n\t<meta name=\"twitter:label2\" content=\"Availability\" \/>\n\t<meta name=\"twitter:data2\" content=\"In stock\" \/>\n<script type=\"application\/ld+json\" class=\"yoast-schema-graph\">{\"@context\":\"https:\\\/\\\/schema.org\",\"@graph\":[{\"@type\":\"WebPage\",\"@id\":\"https:\\\/\\\/raymarine.ee\\\/product\\\/i70s-wireless-wind-dst810-and-backbone-kit\\\/\",\"url\":\"https:\\\/\\\/raymarine.ee\\\/product\\\/i70s-wireless-wind-dst810-and-backbone-kit\\\/\",\"name\":\"i70s Wireless Wind, DST810 and Backbone Kit - NavSystems Mereelektroonika\",\"isPartOf\":{\"@id\":\"https:\\\/\\\/raymarine.ee\\\/#website\"},\"primaryImageOfPage\":{\"@id\":\"https:\\\/\\\/raymarine.ee\\\/product\\\/i70s-wireless-wind-dst810-and-backbone-kit\\\/#primaryimage\"},\"image\":{\"@id\":\"https:\\\/\\\/raymarine.ee\\\/product\\\/i70s-wireless-wind-dst810-and-backbone-kit\\\/#primaryimage\"},\"thumbnailUrl\":\"https:\\\/\\\/raymarine.ee\\\/wp-content\\\/uploads\\\/2025\\\/01\\\/790eceb6-dad2-4d10-88d8-8907fc7522f1.webp\",\"datePublished\":\"2025-01-03T20:40:31+00:00\",\"dateModified\":\"2025-04-28T16:36:35+00:00\",\"description\":\"Raymarine i70s Wireless Wind, DST810 ja Backbone Kit on t\u00e4islahendus juhtmevaba tuuleanduri ja STNG v\u00f5rgu loomiseks, pakkudes t\u00e4pset tuule-, s\u00fcgavuse- ja kiirusandmete kuvamist.\",\"breadcrumb\":{\"@id\":\"https:\\\/\\\/raymarine.ee\\\/product\\\/i70s-wireless-wind-dst810-and-backbone-kit\\\/#breadcrumb\"},\"inLanguage\":\"en-GB\",\"potentialAction\":[{\"@type\":\"ReadAction\",\"target\":[\"https:\\\/\\\/raymarine.ee\\\/product\\\/i70s-wireless-wind-dst810-and-backbone-kit\\\/\"]}]},{\"@type\":\"ImageObject\",\"inLanguage\":\"en-GB\",\"@id\":\"https:\\\/\\\/raymarine.ee\\\/product\\\/i70s-wireless-wind-dst810-and-backbone-kit\\\/#primaryimage\",\"url\":\"https:\\\/\\\/raymarine.ee\\\/wp-content\\\/uploads\\\/2025\\\/01\\\/790eceb6-dad2-4d10-88d8-8907fc7522f1.webp\",\"contentUrl\":\"https:\\\/\\\/raymarine.ee\\\/wp-content\\\/uploads\\\/2025\\\/01\\\/790eceb6-dad2-4d10-88d8-8907fc7522f1.webp\",\"width\":1024,\"height\":1024},{\"@type\":\"BreadcrumbList\",\"@id\":\"https:\\\/\\\/raymarine.ee\\\/product\\\/i70s-wireless-wind-dst810-and-backbone-kit\\\/#breadcrumb\",\"itemListElement\":[{\"@type\":\"ListItem\",\"position\":1,\"name\":\"Home\",\"item\":\"https:\\\/\\\/raymarine.ee\\\/\"},{\"@type\":\"ListItem\",\"position\":2,\"name\":\"Tooted\",\"item\":\"https:\\\/\\\/raymarine.ee\\\/shop\\\/\"},{\"@type\":\"ListItem\",\"position\":3,\"name\":\"i70s Wireless Wind, DST810 and Backbone Kit\"}]},{\"@type\":\"WebSite\",\"@id\":\"https:\\\/\\\/raymarine.ee\\\/#website\",\"url\":\"https:\\\/\\\/raymarine.ee\\\/\",\"name\":\"www.raymarine.ee\",\"description\":\"Mereelektroonika, kaardiplotter, autopiloot, pinnipiloot, roolipiloot, radar, AIS, VHF, Smart Wind\",\"publisher\":{\"@id\":\"https:\\\/\\\/raymarine.ee\\\/#organization\"},\"alternateName\":\"Raymarine\",\"potentialAction\":[{\"@type\":\"SearchAction\",\"target\":{\"@type\":\"EntryPoint\",\"urlTemplate\":\"https:\\\/\\\/raymarine.ee\\\/?s={search_term_string}\"},\"query-input\":{\"@type\":\"PropertyValueSpecification\",\"valueRequired\":true,\"valueName\":\"search_term_string\"}}],\"inLanguage\":\"en-GB\"},{\"@type\":\"Organization\",\"@id\":\"https:\\\/\\\/raymarine.ee\\\/#organization\",\"name\":\"NavSystems O\u00dc\",\"url\":\"https:\\\/\\\/raymarine.ee\\\/\",\"logo\":{\"@type\":\"ImageObject\",\"inLanguage\":\"en-GB\",\"@id\":\"https:\\\/\\\/raymarine.ee\\\/#\\\/schema\\\/logo\\\/image\\\/\",\"url\":\"https:\\\/\\\/raymarine.ee\\\/wp-content\\\/uploads\\\/2024\\\/10\\\/Screenshot-2024-10-15-151324_bg_removed.webp\",\"contentUrl\":\"https:\\\/\\\/raymarine.ee\\\/wp-content\\\/uploads\\\/2024\\\/10\\\/Screenshot-2024-10-15-151324_bg_removed.webp\",\"width\":420,\"height\":276,\"caption\":\"NavSystems O\u00dc\"},\"image\":{\"@id\":\"https:\\\/\\\/raymarine.ee\\\/#\\\/schema\\\/logo\\\/image\\\/\"},\"sameAs\":[\"https:\\\/\\\/www.facebook.com\\\/NavSystems\"],\"legalName\":\"NavSystems O\u00dc\",\"foundingDate\":\"2011-05-03\",\"numberOfEmployees\":{\"@type\":\"QuantitativeValue\",\"minValue\":\"1\",\"maxValue\":\"10\"}}]}<\/script>\n<meta property=\"product:price:amount\" content=\"2243.00\" \/>\n<meta property=\"product:price:currency\" content=\"EUR\" \/>\n<meta property=\"og:availability\" content=\"instock\" \/>\n<meta property=\"product:availability\" content=\"instock\" \/>\n<meta property=\"product:retailer_item_id\" content=\"T70340\" \/>\n<meta property=\"product:condition\" content=\"new\" \/>\n<!-- \/ Yoast SEO Premium plugin. -->","yoast_head_json":{"title":"i70s Wireless Wind, DST810 and Backbone Kit - NavSystems Mereelektroonika","description":"Raymarine i70s Wireless Wind, DST810 ja Backbone Kit on t\u00e4islahendus juhtmevaba tuuleanduri ja STNG v\u00f5rgu loomiseks, pakkudes t\u00e4pset tuule-, s\u00fcgavuse- ja kiirusandmete kuvamist.","robots":{"index":"index","follow":"follow","max-snippet":"max-snippet:-1","max-image-preview":"max-image-preview:large","max-video-preview":"max-video-preview:-1"},"canonical":"https:\/\/raymarine.ee\/en\/product\/i70s-wireless-wind-dst810-and-backbone-kit\/","og_locale":"en_GB","og_type":"article","og_title":"i70s Wireless Wind, DST810 and Backbone Kit","og_description":"Raymarine i70s Wireless Wind, DST810 ja Backbone Kit on t\u00e4islahendus juhtmevaba tuuleanduri ja STNG v\u00f5rgu loomiseks, pakkudes t\u00e4pset tuule-, s\u00fcgavuse- ja kiirusandmete kuvamist.","og_url":"https:\/\/raymarine.ee\/en\/product\/i70s-wireless-wind-dst810-and-backbone-kit\/","og_site_name":"NavSystems","article_publisher":"https:\/\/www.facebook.com\/NavSystems","article_modified_time":"2025-04-28T16:36:35+00:00","og_image":[{"width":1024,"height":1024,"url":"https:\/\/raymarine.ee\/wp-content\/uploads\/2025\/01\/790eceb6-dad2-4d10-88d8-8907fc7522f1.webp","type":"image\/webp"}],"twitter_card":"summary_large_image","twitter_misc":{"Price":"2 243,00&nbsp;&euro;","Availability":"In stock"},"schema":{"@context":"https:\/\/schema.org","@graph":[{"@type":"WebPage","@id":"https:\/\/raymarine.ee\/product\/i70s-wireless-wind-dst810-and-backbone-kit\/","url":"https:\/\/raymarine.ee\/product\/i70s-wireless-wind-dst810-and-backbone-kit\/","name":"i70s Wireless Wind, DST810 and Backbone Kit - NavSystems Mereelektroonika","isPartOf":{"@id":"https:\/\/raymarine.ee\/#website"},"primaryImageOfPage":{"@id":"https:\/\/raymarine.ee\/product\/i70s-wireless-wind-dst810-and-backbone-kit\/#primaryimage"},"image":{"@id":"https:\/\/raymarine.ee\/product\/i70s-wireless-wind-dst810-and-backbone-kit\/#primaryimage"},"thumbnailUrl":"https:\/\/raymarine.ee\/wp-content\/uploads\/2025\/01\/790eceb6-dad2-4d10-88d8-8907fc7522f1.webp","datePublished":"2025-01-03T20:40:31+00:00","dateModified":"2025-04-28T16:36:35+00:00","description":"Raymarine i70s Wireless Wind, DST810 ja Backbone Kit on t\u00e4islahendus juhtmevaba tuuleanduri ja STNG v\u00f5rgu loomiseks, pakkudes t\u00e4pset tuule-, s\u00fcgavuse- ja kiirusandmete kuvamist.","breadcrumb":{"@id":"https:\/\/raymarine.ee\/product\/i70s-wireless-wind-dst810-and-backbone-kit\/#breadcrumb"},"inLanguage":"en-GB","potentialAction":[{"@type":"ReadAction","target":["https:\/\/raymarine.ee\/product\/i70s-wireless-wind-dst810-and-backbone-kit\/"]}]},{"@type":"ImageObject","inLanguage":"en-GB","@id":"https:\/\/raymarine.ee\/product\/i70s-wireless-wind-dst810-and-backbone-kit\/#primaryimage","url":"https:\/\/raymarine.ee\/wp-content\/uploads\/2025\/01\/790eceb6-dad2-4d10-88d8-8907fc7522f1.webp","contentUrl":"https:\/\/raymarine.ee\/wp-content\/uploads\/2025\/01\/790eceb6-dad2-4d10-88d8-8907fc7522f1.webp","width":1024,"height":1024},{"@type":"BreadcrumbList","@id":"https:\/\/raymarine.ee\/product\/i70s-wireless-wind-dst810-and-backbone-kit\/#breadcrumb","itemListElement":[{"@type":"ListItem","position":1,"name":"Home","item":"https:\/\/raymarine.ee\/"},{"@type":"ListItem","position":2,"name":"Tooted","item":"https:\/\/raymarine.ee\/shop\/"},{"@type":"ListItem","position":3,"name":"i70s Wireless Wind, DST810 and Backbone Kit"}]},{"@type":"WebSite","@id":"https:\/\/raymarine.ee\/#website","url":"https:\/\/raymarine.ee\/","name":"www.raymarine.ee","description":"Mereelektroonika, kaardiplotter, autopiloot, pinnipiloot, roolipiloot, radar, AIS, VHF, Smart Wind","publisher":{"@id":"https:\/\/raymarine.ee\/#organization"},"alternateName":"Raymarine","potentialAction":[{"@type":"SearchAction","target":{"@type":"EntryPoint","urlTemplate":"https:\/\/raymarine.ee\/?s={search_term_string}"},"query-input":{"@type":"PropertyValueSpecification","valueRequired":true,"valueName":"search_term_string"}}],"inLanguage":"en-GB"},{"@type":"Organization","@id":"https:\/\/raymarine.ee\/#organization","name":"NavSystems O\u00dc","url":"https:\/\/raymarine.ee\/","logo":{"@type":"ImageObject","inLanguage":"en-GB","@id":"https:\/\/raymarine.ee\/#\/schema\/logo\/image\/","url":"https:\/\/raymarine.ee\/wp-content\/uploads\/2024\/10\/Screenshot-2024-10-15-151324_bg_removed.webp","contentUrl":"https:\/\/raymarine.ee\/wp-content\/uploads\/2024\/10\/Screenshot-2024-10-15-151324_bg_removed.webp","width":420,"height":276,"caption":"NavSystems O\u00dc"},"image":{"@id":"https:\/\/raymarine.ee\/#\/schema\/logo\/image\/"},"sameAs":["https:\/\/www.facebook.com\/NavSystems"],"legalName":"NavSystems O\u00dc","foundingDate":"2011-05-03","numberOfEmployees":{"@type":"QuantitativeValue","minValue":"1","maxValue":"10"}}]},"product_price_amount":"2243.00","product_price_currency":"EUR","og_availability":"instock","product_availability":"instock","product_retailer_item_id":"T70340","product_condition":"new"},"jetpack_sharing_enabled":true,"_links":{"self":[{"href":"https:\/\/raymarine.ee\/en\/wp-json\/wp\/v2\/product\/6450","targetHints":{"allow":["GET"]}}],"collection":[{"href":"https:\/\/raymarine.ee\/en\/wp-json\/wp\/v2\/product"}],"about":[{"href":"https:\/\/raymarine.ee\/en\/wp-json\/wp\/v2\/types\/product"}],"wp:featuredmedia":[{"embeddable":true,"href":"https:\/\/raymarine.ee\/en\/wp-json\/wp\/v2\/media\/7842"}],"wp:attachment":[{"href":"https:\/\/raymarine.ee\/en\/wp-json\/wp\/v2\/media?parent=6450"}],"wp:term":[{"taxonomy":"product_brand","embeddable":true,"href":"https:\/\/raymarine.ee\/en\/wp-json\/wp\/v2\/product_brand?post=6450"},{"taxonomy":"product_cat","embeddable":true,"href":"https:\/\/raymarine.ee\/en\/wp-json\/wp\/v2\/product_cat?post=6450"},{"taxonomy":"product_tag","embeddable":true,"href":"https:\/\/raymarine.ee\/en\/wp-json\/wp\/v2\/product_tag?post=6450"}],"curies":[{"name":"wp","href":"https:\/\/api.w.org\/{rel}","templated":true}]}}