{"id":6451,"date":"2025-01-03T20:39:37","date_gmt":"2025-01-03T20:39:37","guid":{"rendered":"https:\/\/raymarine.ee\/?post_type=product&#038;p=6451"},"modified":"2026-04-02T19:28:17","modified_gmt":"2026-04-02T17:28:17","slug":"itc-5-instrument-transducer-converter","status":"publish","type":"product","link":"https:\/\/raymarine.ee\/en\/product\/itc-5-instrument-transducer-converter\/","title":{"rendered":"iTC-5 Instrument Transducer Converter"},"content":{"rendered":"<p data-start=\"34\" data-end=\"85\"><strong data-start=\"34\" data-end=\"85\">Raymarine iTC-5 Instrument Transducer Converter<\/strong><\/p>\n<p data-start=\"87\" data-end=\"439\">Raymarine iTC-5 v\u00f5imaldab kasutada tavap\u00e4raseid analoogandureid uute digitaalinstrumentide, nagu Raymarine i70\/i70s ja ST70 Plus, ekraanidega. \u00dclikompaktne iTC-5 \u00fchildub viie enimlevinud anduriga: s\u00fcgavus-, kiirus-\/temperatuuri-, tuule-, kompassi- ja roolinurgaanduriga. iTC-5 muudab need analoogsignaalid reaalajas digitaalseks SeaTalkng protokolliks.<\/p>\n<p data-start=\"441\" data-end=\"913\">Lisaks analoog-digitaal konversioonile varustab iTC-5 andureid vajaliku toite ja suhtlus\u00fchendustega, lihtsustades seel\u00e4bi oluliselt uute s\u00fcsteemide paigaldust ja pakkudes \u00f6konoomset lahendust vanemate analoogseadmete omanikele, kes soovivad \u00fcle minna kaasaegsele digitaaltehnoloogiale. iTC-5 kaotab vajaduse kallite \u201cnutikate\u201d andurite v\u00f5i individuaalsete instrumendimoodulite j\u00e4rele. Kalibreerimine ja alarmide seadistus toimub i70\/i70s v\u00f5i ST70 Plus instrumentide kaudu.<\/p>\n<p data-start=\"915\" data-end=\"1193\">iTC-5 \u00fchendub Raymarine SeaTalkng v\u00f5rku ja t\u00f6\u00f6tab enamiku Raymarine ST30, ST40, ST50, ST60, ST80 ja ST290 seeria analooganduritega. Samuti \u00fchildub iTC-5 Raymarine fluxgate kompassidega ning p\u00f6\u00f6rlevate ja lineaarsete roolinurga anduritega, toetades kursi- ja roolinurgan\u00e4idikuid.<\/p>\n<p data-start=\"1195\" data-end=\"1212\"><strong data-start=\"1195\" data-end=\"1212\">Funktsioonid:<\/strong><\/p>\n<ul data-start=\"1213\" data-end=\"1660\">\n<li data-start=\"1213\" data-end=\"1326\">\n<p data-start=\"1215\" data-end=\"1326\">K\u00f5ik-\u00fches analoog-digitaal konverter s\u00fcgavus-, kiirus-\/temperatuuri-, tuule-, kompassi- ja roolinurgaanduritele<\/p>\n<\/li>\n<li data-start=\"1327\" data-end=\"1434\">\n<p data-start=\"1329\" data-end=\"1434\">V\u00e4ljundid SeaTalkng ja NMEA2000 andmete edastamiseks digitaalsetele instrumentidele ja kaardiplotteritele<\/p>\n<\/li>\n<li data-start=\"1435\" data-end=\"1510\">\n<p data-start=\"1437\" data-end=\"1510\">V\u00f5imaldab uuendada vanu analooginstrumente ilma andureid v\u00e4lja vahetamata<\/p>\n<\/li>\n<li data-start=\"1511\" data-end=\"1575\">\n<p data-start=\"1513\" data-end=\"1575\">SeaTalkng v\u00f5rk tagab kogu vajaliku toite- ja andmeside\u00fchenduse<\/p>\n<\/li>\n<li data-start=\"1576\" data-end=\"1660\">\n<p data-start=\"1578\" data-end=\"1660\">Ideaalne kasutamiseks Raymarine i70\/i70s ja ST70 Plus digitaalsete instrumentidega<\/p>\n<\/li>\n<\/ul>\n<p><strong>Juhendid:<\/strong><\/p>\n<p>Lae alla <a href=\"https:\/\/raymarine.ee\/wp-content\/uploads\/2026\/04\/iTC-5-Installation-instructions-87138-Rev-5-EN.pdf\" target=\"_blank\" rel=\"noopener\">iTC-5 paigaldusjuhend<\/a><\/p>\n<p>Lae alle <a href=\"https:\/\/raymarine.ee\/wp-content\/uploads\/2026\/04\/SeaTalkng-Reference-manual-81300-1-EN-1.pdf\" target=\"_blank\" rel=\"noopener\">STNG p\u00f5him\u00f5tte- ja paigaldusjuhend<\/a><\/p>","protected":false},"excerpt":{"rendered":"<p>iTC-5 on SeaTalk NG v\u00f5rguga \u00fchilduv analoogandurite konverter. iTC-5 v\u00f5imaldab \u00fchendada SeaTalk NG v\u00f5rku s\u00fcgavuse-, kiiruse-, tuule-, roolinurga- ning temperatuuriandurit ja fluxgate kompassi. Tutvu kindlasti ka selle toote ja \u00fcldise STNG v\u00f5rgu ja selle t\u00f6\u00f6p\u00f5him\u00f5tte juhenditega, k\u00fcsimuste korral pea n\u00f5u meie spetsialistiga.<\/p>","protected":false},"featured_media":7726,"template":"","meta":{"_acf_changed":false},"product_brand":[134],"product_cat":[70,32,103,83],"product_tag":[],"class_list":{"0":"post-6451","1":"product","2":"type-product","3":"status-publish","4":"has-post-thumbnail","6":"product_brand-raymarine","7":"product_cat-i70_alpha","8":"product_cat-instruments","9":"product_cat-raymarine","10":"product_cat-stng_tarvikud","12":"first","13":"instock","14":"sale","15":"taxable","16":"shipping-taxable","17":"purchasable","18":"product-type-simple"},"acf":[],"yoast_head":"<!-- This site is optimized with the Yoast SEO Premium plugin v27.5 (Yoast SEO v27.5) - https:\/\/yoast.com\/product\/yoast-seo-premium-wordpress\/ -->\n<title>iTC-5 Instrument Transducer Converter - NavSystems Mereelektroonika<\/title>\n<meta name=\"description\" content=\"Raymarine iTC-5 muudab vanad analoogandurid kaasaegseks digitaalandmeks SeaTalkng ja NMEA2000 v\u00f5rgu kaudu, lihtsustades paigaldust ja andes v\u00f5imaluse seadmete mugavaks uuendamiseks.\" \/>\n<meta name=\"robots\" content=\"index, follow, max-snippet:-1, max-image-preview:large, max-video-preview:-1\" \/>\n<link rel=\"canonical\" href=\"https:\/\/raymarine.ee\/en\/product\/itc-5-instrument-transducer-converter\/\" \/>\n<meta property=\"og:locale\" content=\"en_GB\" \/>\n<meta property=\"og:type\" content=\"article\" \/>\n<meta property=\"og:title\" content=\"iTC-5 Instrument Transducer Converter\" \/>\n<meta property=\"og:description\" content=\"Raymarine iTC-5 muudab vanad analoogandurid kaasaegseks digitaalandmeks SeaTalkng ja NMEA2000 v\u00f5rgu kaudu, lihtsustades paigaldust ja andes v\u00f5imaluse seadmete mugavaks uuendamiseks.\" \/>\n<meta property=\"og:url\" content=\"https:\/\/raymarine.ee\/en\/product\/itc-5-instrument-transducer-converter\/\" \/>\n<meta property=\"og:site_name\" content=\"NavSystems\" \/>\n<meta property=\"article:publisher\" content=\"https:\/\/www.facebook.com\/NavSystems\" \/>\n<meta property=\"article:modified_time\" content=\"2026-04-02T17:28:17+00:00\" \/>\n<meta property=\"og:image\" content=\"https:\/\/raymarine.ee\/wp-content\/uploads\/2025\/01\/3464a4f3-9389-47cb-9cde-7cdfc2e30a9a.webp\" \/>\n\t<meta property=\"og:image:width\" content=\"1024\" \/>\n\t<meta property=\"og:image:height\" content=\"1024\" \/>\n\t<meta property=\"og:image:type\" content=\"image\/webp\" \/>\n<meta name=\"twitter:card\" content=\"summary_large_image\" \/>\n<meta name=\"twitter:label1\" content=\"Price\" \/>\n\t<meta name=\"twitter:data1\" content=\"390,91&nbsp;&euro;\" \/>\n\t<meta name=\"twitter:label2\" content=\"Availability\" \/>\n\t<meta name=\"twitter:data2\" content=\"In stock\" \/>\n<script type=\"application\/ld+json\" class=\"yoast-schema-graph\">{\"@context\":\"https:\\\/\\\/schema.org\",\"@graph\":[{\"@type\":\"WebPage\",\"@id\":\"https:\\\/\\\/raymarine.ee\\\/product\\\/itc-5-instrument-transducer-converter\\\/\",\"url\":\"https:\\\/\\\/raymarine.ee\\\/product\\\/itc-5-instrument-transducer-converter\\\/\",\"name\":\"iTC-5 Instrument Transducer Converter - NavSystems Mereelektroonika\",\"isPartOf\":{\"@id\":\"https:\\\/\\\/raymarine.ee\\\/#website\"},\"primaryImageOfPage\":{\"@id\":\"https:\\\/\\\/raymarine.ee\\\/product\\\/itc-5-instrument-transducer-converter\\\/#primaryimage\"},\"image\":{\"@id\":\"https:\\\/\\\/raymarine.ee\\\/product\\\/itc-5-instrument-transducer-converter\\\/#primaryimage\"},\"thumbnailUrl\":\"https:\\\/\\\/raymarine.ee\\\/wp-content\\\/uploads\\\/2025\\\/01\\\/3464a4f3-9389-47cb-9cde-7cdfc2e30a9a.webp\",\"datePublished\":\"2025-01-03T20:39:37+00:00\",\"dateModified\":\"2026-04-02T17:28:17+00:00\",\"description\":\"Raymarine iTC-5 muudab vanad analoogandurid kaasaegseks digitaalandmeks SeaTalkng ja NMEA2000 v\u00f5rgu kaudu, lihtsustades paigaldust ja andes v\u00f5imaluse seadmete mugavaks uuendamiseks.\",\"breadcrumb\":{\"@id\":\"https:\\\/\\\/raymarine.ee\\\/product\\\/itc-5-instrument-transducer-converter\\\/#breadcrumb\"},\"inLanguage\":\"en-GB\",\"potentialAction\":[{\"@type\":\"ReadAction\",\"target\":[\"https:\\\/\\\/raymarine.ee\\\/product\\\/itc-5-instrument-transducer-converter\\\/\"]}]},{\"@type\":\"ImageObject\",\"inLanguage\":\"en-GB\",\"@id\":\"https:\\\/\\\/raymarine.ee\\\/product\\\/itc-5-instrument-transducer-converter\\\/#primaryimage\",\"url\":\"https:\\\/\\\/raymarine.ee\\\/wp-content\\\/uploads\\\/2025\\\/01\\\/3464a4f3-9389-47cb-9cde-7cdfc2e30a9a.webp\",\"contentUrl\":\"https:\\\/\\\/raymarine.ee\\\/wp-content\\\/uploads\\\/2025\\\/01\\\/3464a4f3-9389-47cb-9cde-7cdfc2e30a9a.webp\",\"width\":1024,\"height\":1024},{\"@type\":\"BreadcrumbList\",\"@id\":\"https:\\\/\\\/raymarine.ee\\\/product\\\/itc-5-instrument-transducer-converter\\\/#breadcrumb\",\"itemListElement\":[{\"@type\":\"ListItem\",\"position\":1,\"name\":\"Home\",\"item\":\"https:\\\/\\\/raymarine.ee\\\/\"},{\"@type\":\"ListItem\",\"position\":2,\"name\":\"Tooted\",\"item\":\"https:\\\/\\\/raymarine.ee\\\/shop\\\/\"},{\"@type\":\"ListItem\",\"position\":3,\"name\":\"iTC-5 Instrument Transducer Converter\"}]},{\"@type\":\"WebSite\",\"@id\":\"https:\\\/\\\/raymarine.ee\\\/#website\",\"url\":\"https:\\\/\\\/raymarine.ee\\\/\",\"name\":\"www.raymarine.ee\",\"description\":\"Mereelektroonika, kaardiplotter, autopiloot, pinnipiloot, roolipiloot, radar, AIS, VHF, Smart Wind\",\"publisher\":{\"@id\":\"https:\\\/\\\/raymarine.ee\\\/#organization\"},\"alternateName\":\"Raymarine\",\"potentialAction\":[{\"@type\":\"SearchAction\",\"target\":{\"@type\":\"EntryPoint\",\"urlTemplate\":\"https:\\\/\\\/raymarine.ee\\\/?s={search_term_string}\"},\"query-input\":{\"@type\":\"PropertyValueSpecification\",\"valueRequired\":true,\"valueName\":\"search_term_string\"}}],\"inLanguage\":\"en-GB\"},{\"@type\":\"Organization\",\"@id\":\"https:\\\/\\\/raymarine.ee\\\/#organization\",\"name\":\"NavSystems O\u00dc\",\"url\":\"https:\\\/\\\/raymarine.ee\\\/\",\"logo\":{\"@type\":\"ImageObject\",\"inLanguage\":\"en-GB\",\"@id\":\"https:\\\/\\\/raymarine.ee\\\/#\\\/schema\\\/logo\\\/image\\\/\",\"url\":\"https:\\\/\\\/raymarine.ee\\\/wp-content\\\/uploads\\\/2024\\\/10\\\/Screenshot-2024-10-15-151324_bg_removed.webp\",\"contentUrl\":\"https:\\\/\\\/raymarine.ee\\\/wp-content\\\/uploads\\\/2024\\\/10\\\/Screenshot-2024-10-15-151324_bg_removed.webp\",\"width\":420,\"height\":276,\"caption\":\"NavSystems O\u00dc\"},\"image\":{\"@id\":\"https:\\\/\\\/raymarine.ee\\\/#\\\/schema\\\/logo\\\/image\\\/\"},\"sameAs\":[\"https:\\\/\\\/www.facebook.com\\\/NavSystems\"],\"legalName\":\"NavSystems O\u00dc\",\"foundingDate\":\"2011-05-03\",\"numberOfEmployees\":{\"@type\":\"QuantitativeValue\",\"minValue\":\"1\",\"maxValue\":\"10\"}}]}<\/script>\n<meta property=\"product:price:amount\" content=\"390.91\" \/>\n<meta property=\"product:price:currency\" content=\"EUR\" \/>\n<meta property=\"og:availability\" content=\"instock\" \/>\n<meta property=\"product:availability\" content=\"instock\" \/>\n<meta property=\"product:retailer_item_id\" content=\"E70010\" \/>\n<meta property=\"product:condition\" content=\"new\" \/>\n<!-- \/ Yoast SEO Premium plugin. -->","yoast_head_json":{"title":"iTC-5 Instrument Transducer Converter - NavSystems Mereelektroonika","description":"Raymarine iTC-5 muudab vanad analoogandurid kaasaegseks digitaalandmeks SeaTalkng ja NMEA2000 v\u00f5rgu kaudu, lihtsustades paigaldust ja andes v\u00f5imaluse seadmete mugavaks uuendamiseks.","robots":{"index":"index","follow":"follow","max-snippet":"max-snippet:-1","max-image-preview":"max-image-preview:large","max-video-preview":"max-video-preview:-1"},"canonical":"https:\/\/raymarine.ee\/en\/product\/itc-5-instrument-transducer-converter\/","og_locale":"en_GB","og_type":"article","og_title":"iTC-5 Instrument Transducer Converter","og_description":"Raymarine iTC-5 muudab vanad analoogandurid kaasaegseks digitaalandmeks SeaTalkng ja NMEA2000 v\u00f5rgu kaudu, lihtsustades paigaldust ja andes v\u00f5imaluse seadmete mugavaks uuendamiseks.","og_url":"https:\/\/raymarine.ee\/en\/product\/itc-5-instrument-transducer-converter\/","og_site_name":"NavSystems","article_publisher":"https:\/\/www.facebook.com\/NavSystems","article_modified_time":"2026-04-02T17:28:17+00:00","og_image":[{"width":1024,"height":1024,"url":"https:\/\/raymarine.ee\/wp-content\/uploads\/2025\/01\/3464a4f3-9389-47cb-9cde-7cdfc2e30a9a.webp","type":"image\/webp"}],"twitter_card":"summary_large_image","twitter_misc":{"Price":"390,91&nbsp;&euro;","Availability":"In stock"},"schema":{"@context":"https:\/\/schema.org","@graph":[{"@type":"WebPage","@id":"https:\/\/raymarine.ee\/product\/itc-5-instrument-transducer-converter\/","url":"https:\/\/raymarine.ee\/product\/itc-5-instrument-transducer-converter\/","name":"iTC-5 Instrument Transducer Converter - NavSystems Mereelektroonika","isPartOf":{"@id":"https:\/\/raymarine.ee\/#website"},"primaryImageOfPage":{"@id":"https:\/\/raymarine.ee\/product\/itc-5-instrument-transducer-converter\/#primaryimage"},"image":{"@id":"https:\/\/raymarine.ee\/product\/itc-5-instrument-transducer-converter\/#primaryimage"},"thumbnailUrl":"https:\/\/raymarine.ee\/wp-content\/uploads\/2025\/01\/3464a4f3-9389-47cb-9cde-7cdfc2e30a9a.webp","datePublished":"2025-01-03T20:39:37+00:00","dateModified":"2026-04-02T17:28:17+00:00","description":"Raymarine iTC-5 muudab vanad analoogandurid kaasaegseks digitaalandmeks SeaTalkng ja NMEA2000 v\u00f5rgu kaudu, lihtsustades paigaldust ja andes v\u00f5imaluse seadmete mugavaks uuendamiseks.","breadcrumb":{"@id":"https:\/\/raymarine.ee\/product\/itc-5-instrument-transducer-converter\/#breadcrumb"},"inLanguage":"en-GB","potentialAction":[{"@type":"ReadAction","target":["https:\/\/raymarine.ee\/product\/itc-5-instrument-transducer-converter\/"]}]},{"@type":"ImageObject","inLanguage":"en-GB","@id":"https:\/\/raymarine.ee\/product\/itc-5-instrument-transducer-converter\/#primaryimage","url":"https:\/\/raymarine.ee\/wp-content\/uploads\/2025\/01\/3464a4f3-9389-47cb-9cde-7cdfc2e30a9a.webp","contentUrl":"https:\/\/raymarine.ee\/wp-content\/uploads\/2025\/01\/3464a4f3-9389-47cb-9cde-7cdfc2e30a9a.webp","width":1024,"height":1024},{"@type":"BreadcrumbList","@id":"https:\/\/raymarine.ee\/product\/itc-5-instrument-transducer-converter\/#breadcrumb","itemListElement":[{"@type":"ListItem","position":1,"name":"Home","item":"https:\/\/raymarine.ee\/"},{"@type":"ListItem","position":2,"name":"Tooted","item":"https:\/\/raymarine.ee\/shop\/"},{"@type":"ListItem","position":3,"name":"iTC-5 Instrument Transducer Converter"}]},{"@type":"WebSite","@id":"https:\/\/raymarine.ee\/#website","url":"https:\/\/raymarine.ee\/","name":"www.raymarine.ee","description":"Mereelektroonika, kaardiplotter, autopiloot, pinnipiloot, roolipiloot, radar, AIS, VHF, Smart Wind","publisher":{"@id":"https:\/\/raymarine.ee\/#organization"},"alternateName":"Raymarine","potentialAction":[{"@type":"SearchAction","target":{"@type":"EntryPoint","urlTemplate":"https:\/\/raymarine.ee\/?s={search_term_string}"},"query-input":{"@type":"PropertyValueSpecification","valueRequired":true,"valueName":"search_term_string"}}],"inLanguage":"en-GB"},{"@type":"Organization","@id":"https:\/\/raymarine.ee\/#organization","name":"NavSystems O\u00dc","url":"https:\/\/raymarine.ee\/","logo":{"@type":"ImageObject","inLanguage":"en-GB","@id":"https:\/\/raymarine.ee\/#\/schema\/logo\/image\/","url":"https:\/\/raymarine.ee\/wp-content\/uploads\/2024\/10\/Screenshot-2024-10-15-151324_bg_removed.webp","contentUrl":"https:\/\/raymarine.ee\/wp-content\/uploads\/2024\/10\/Screenshot-2024-10-15-151324_bg_removed.webp","width":420,"height":276,"caption":"NavSystems O\u00dc"},"image":{"@id":"https:\/\/raymarine.ee\/#\/schema\/logo\/image\/"},"sameAs":["https:\/\/www.facebook.com\/NavSystems"],"legalName":"NavSystems O\u00dc","foundingDate":"2011-05-03","numberOfEmployees":{"@type":"QuantitativeValue","minValue":"1","maxValue":"10"}}]},"product_price_amount":"390.91","product_price_currency":"EUR","og_availability":"instock","product_availability":"instock","product_retailer_item_id":"E70010","product_condition":"new"},"jetpack_sharing_enabled":true,"_links":{"self":[{"href":"https:\/\/raymarine.ee\/en\/wp-json\/wp\/v2\/product\/6451","targetHints":{"allow":["GET"]}}],"collection":[{"href":"https:\/\/raymarine.ee\/en\/wp-json\/wp\/v2\/product"}],"about":[{"href":"https:\/\/raymarine.ee\/en\/wp-json\/wp\/v2\/types\/product"}],"wp:featuredmedia":[{"embeddable":true,"href":"https:\/\/raymarine.ee\/en\/wp-json\/wp\/v2\/media\/7726"}],"wp:attachment":[{"href":"https:\/\/raymarine.ee\/en\/wp-json\/wp\/v2\/media?parent=6451"}],"wp:term":[{"taxonomy":"product_brand","embeddable":true,"href":"https:\/\/raymarine.ee\/en\/wp-json\/wp\/v2\/product_brand?post=6451"},{"taxonomy":"product_cat","embeddable":true,"href":"https:\/\/raymarine.ee\/en\/wp-json\/wp\/v2\/product_cat?post=6451"},{"taxonomy":"product_tag","embeddable":true,"href":"https:\/\/raymarine.ee\/en\/wp-json\/wp\/v2\/product_tag?post=6451"}],"curies":[{"name":"wp","href":"https:\/\/api.w.org\/{rel}","templated":true}]}}