{"id":6453,"date":"2025-01-03T20:35:39","date_gmt":"2025-01-03T20:35:39","guid":{"rendered":"https:\/\/raymarine.ee\/?post_type=product&#038;p=6453"},"modified":"2026-04-28T20:53:00","modified_gmt":"2026-04-28T17:53:00","slug":"raymarine-short-arm-wind-vane-tuuleandur","status":"publish","type":"product","link":"https:\/\/raymarine.ee\/en\/product\/raymarine-short-arm-wind-vane-tuuleandur\/","title":{"rendered":"Raymarine Short Arm Wind Vane tuuleandur (ilma mastikaablita)"},"content":{"rendered":"<p data-start=\"61\" data-end=\"115\"><strong data-start=\"61\" data-end=\"115\">Raymarine l\u00fchikese varrega Wind Vane tuuleandur.<\/strong><\/p>\n<p data-start=\"117\" data-end=\"420\">Raymarine l\u00fchikese varrega (short arm) tuuleandur sobib ideaalselt ST40\/ST60+ ja teiste Raymarine instrumentidega tuule suuna ja kiiruse t\u00e4pseks m\u00f5\u00f5tmiseks. Komplekt ei sisalda 30m mastikaablit. L\u00fchikese varrega tuuleanduri pikkus on 300 mm.<\/p>\n<p data-start=\"422\" data-end=\"470\"><strong data-start=\"422\" data-end=\"470\">\u00dchildub j\u00e4rgmiste Raymarine instrumentidega:<\/strong><\/p>\n<ul data-start=\"471\" data-end=\"543\">\n<li data-start=\"471\" data-end=\"477\">\n<p data-start=\"473\" data-end=\"477\">ST40<\/p>\n<\/li>\n<li data-start=\"478\" data-end=\"485\">\n<p data-start=\"480\" data-end=\"485\">ST60+<\/p>\n<\/li>\n<li data-start=\"486\" data-end=\"495\">\n<p data-start=\"488\" data-end=\"495\">ST70*<\/p>\n<\/li>\n<li data-start=\"496\" data-end=\"506\">\n<p data-start=\"498\" data-end=\"506\">ST70+*<\/p>\n<\/li>\n<li data-start=\"507\" data-end=\"516\">\n<p data-start=\"509\" data-end=\"516\">ST290<\/p>\n<\/li>\n<li data-start=\"517\" data-end=\"524\">\n<p data-start=\"519\" data-end=\"524\">i60<\/p>\n<\/li>\n<li data-start=\"525\" data-end=\"533\">\n<p data-start=\"527\" data-end=\"533\">i70*<\/p>\n<\/li>\n<li data-start=\"534\" data-end=\"543\">\n<p data-start=\"536\" data-end=\"543\">i70s*<\/p>\n<\/li>\n<\/ul>\n<p data-start=\"545\" data-end=\"574\">(* = Vajalik <a href=\"https:\/\/raymarine.ee\/en\/product\/itc-5-instrument-transducer-converter\/\">iTC-5<\/a> konverter)<\/p>\n<p data-start=\"576\" data-end=\"598\"><strong data-start=\"576\" data-end=\"598\">Peamised omadused:<\/strong><\/p>\n<ul data-start=\"599\" data-end=\"782\">\n<li data-start=\"599\" data-end=\"639\">\n<p data-start=\"601\" data-end=\"639\">M\u00f5\u00f5dab t\u00e4pselt tuule suunda ja kiirust<\/p>\n<\/li>\n<li data-start=\"640\" data-end=\"682\">\n<p data-start=\"642\" data-end=\"682\">Sobib erinevatele Raymarine s\u00fcsteemidele<\/p>\n<\/li>\n<li data-start=\"715\" data-end=\"743\">\n<p data-start=\"717\" data-end=\"743\">300 mm pikkune l\u00fchike vars<\/p>\n<\/li>\n<li data-start=\"744\" data-end=\"782\">\n<p data-start=\"746\" data-end=\"782\">Vastupidav ja ilmastikukindel disain<\/p>\n<\/li>\n<\/ul>\n<p data-start=\"784\" data-end=\"894\"><strong data-start=\"784\" data-end=\"799\">T\u00e4helepanu!<\/strong><\/p>\n<p data-start=\"784\" data-end=\"894\">Wind Vane tuuleanduri \u00fchendamiseks ST70, ST70+, i70 ja i70s instrumentidega on vajalik <a href=\"https:\/\/raymarine.ee\/en\/product\/itc-5-instrument-transducer-converter\/\">iTC-5 konverteri<\/a> kasutamine.<\/p>\n<p><strong>Juhendid:<\/strong><\/p>\n<p>Lae alla\u00a0<a href=\"https:\/\/raymarine.ee\/wp-content\/uploads\/2026\/04\/iTC-5-Installation-instructions-87138-Rev-5-EN.pdf\" target=\"_blank\" rel=\"noopener\" data-wpel-link=\"internal\">iTC-5 paigaldusjuhend<\/a><\/p>\n<p>Lae alla <a href=\"https:\/\/raymarine.ee\/wp-content\/uploads\/2026\/04\/Wind-Vane-Installation-instructions-82178-4-EN.pdf\" target=\"_blank\" rel=\"noopener\">Short Arm Wind Vane tuuleanduri paigaldusjuhend<\/a><\/p>\n<p>Lae alle\u00a0<a href=\"https:\/\/raymarine.ee\/wp-content\/uploads\/2026\/04\/SeaTalkng-Reference-manual-81300-1-EN-1.pdf\" target=\"_blank\" rel=\"noopener\" data-wpel-link=\"internal\">STNG p\u00f5him\u00f5tte- ja paigaldusjuhend<\/a><\/p>","protected":false},"excerpt":{"rendered":"<p>Raymarine ettevaatav l\u00fchikese varrega Wind Vane tuuleandur. Sobib kokku ST60+\/ST70\/ST70+\/ST290\/i60\/i70 seeriaga. Tutvu kindlasti ka selle toote ja \u00fcldise STNG v\u00f5rgu ja selle t\u00f6\u00f6p\u00f5him\u00f5tte\u00a0juhenditega, k\u00fcsimuste korral pea n\u00f5u meie spetsialistiga.<\/p>","protected":false},"featured_media":9628,"template":"","meta":{"_acf_changed":false},"product_brand":[134],"product_cat":[69,70,32,72,103],"product_tag":[],"class_list":{"0":"post-6453","1":"product","2":"type-product","3":"status-publish","4":"has-post-thumbnail","6":"product_brand-raymarine","7":"product_cat-i50_i60","8":"product_cat-i70_alpha","9":"product_cat-instruments","10":"product_cat-tarvikud","11":"product_cat-raymarine","13":"first","14":"instock","15":"sale","16":"taxable","17":"shipping-taxable","18":"purchasable","19":"product-type-simple"},"acf":[],"yoast_head":"<!-- This site is optimized with the Yoast SEO Premium plugin v27.5 (Yoast SEO v27.5) - https:\/\/yoast.com\/product\/yoast-seo-premium-wordpress\/ -->\n<title>Raymarine Short Arm Wind Vane tuuleandur (ilma mastikaablita) - NavSystems Mereelektroonika<\/title>\n<meta name=\"description\" content=\"Raymarine l\u00fchikese varrega tuuleandur 20m kaabliga \u2013 sobib ST40, ST60+, i60 ja teiste Raymarine instrumentidega. T\u00e4pne ja vastupidav tuulem\u00f5\u00f5tmine.\" \/>\n<meta name=\"robots\" content=\"index, follow, max-snippet:-1, max-image-preview:large, max-video-preview:-1\" \/>\n<link rel=\"canonical\" href=\"https:\/\/raymarine.ee\/en\/product\/raymarine-short-arm-wind-vane-tuuleandur\/\" \/>\n<meta property=\"og:locale\" content=\"en_GB\" \/>\n<meta property=\"og:type\" content=\"article\" \/>\n<meta property=\"og:title\" content=\"Raymarine Short Arm Wind Vane tuuleandur (ilma mastikaablita)\" \/>\n<meta property=\"og:description\" content=\"Raymarine l\u00fchikese varrega tuuleandur 20m kaabliga \u2013 sobib ST40, ST60+, i60 ja teiste Raymarine instrumentidega. T\u00e4pne ja vastupidav tuulem\u00f5\u00f5tmine.\" \/>\n<meta property=\"og:url\" content=\"https:\/\/raymarine.ee\/en\/product\/raymarine-short-arm-wind-vane-tuuleandur\/\" \/>\n<meta property=\"og:site_name\" content=\"NavSystems\" \/>\n<meta property=\"article:publisher\" content=\"https:\/\/www.facebook.com\/NavSystems\" \/>\n<meta property=\"article:modified_time\" content=\"2026-04-28T17:53:00+00:00\" \/>\n<meta property=\"og:image\" content=\"https:\/\/raymarine.ee\/wp-content\/uploads\/2025\/01\/8f5f8cc5-093b-44bf-ad8b-5a912f265bff.png\" \/>\n\t<meta property=\"og:image:width\" content=\"2000\" \/>\n\t<meta property=\"og:image:height\" content=\"2000\" \/>\n\t<meta property=\"og:image:type\" content=\"image\/png\" \/>\n<meta name=\"twitter:card\" content=\"summary_large_image\" \/>\n<meta name=\"twitter:label1\" content=\"Price\" \/>\n\t<meta name=\"twitter:data1\" content=\"488,87&nbsp;&euro;\" \/>\n\t<meta name=\"twitter:label2\" content=\"Availability\" \/>\n\t<meta name=\"twitter:data2\" content=\"In stock\" \/>\n<script type=\"application\/ld+json\" class=\"yoast-schema-graph\">{\"@context\":\"https:\\\/\\\/schema.org\",\"@graph\":[{\"@type\":\"WebPage\",\"@id\":\"https:\\\/\\\/raymarine.ee\\\/product\\\/raymarine-short-arm-wind-vane-tuuleandur\\\/\",\"url\":\"https:\\\/\\\/raymarine.ee\\\/product\\\/raymarine-short-arm-wind-vane-tuuleandur\\\/\",\"name\":\"Raymarine Short Arm Wind Vane tuuleandur (ilma mastikaablita) - NavSystems Mereelektroonika\",\"isPartOf\":{\"@id\":\"https:\\\/\\\/raymarine.ee\\\/#website\"},\"primaryImageOfPage\":{\"@id\":\"https:\\\/\\\/raymarine.ee\\\/product\\\/raymarine-short-arm-wind-vane-tuuleandur\\\/#primaryimage\"},\"image\":{\"@id\":\"https:\\\/\\\/raymarine.ee\\\/product\\\/raymarine-short-arm-wind-vane-tuuleandur\\\/#primaryimage\"},\"thumbnailUrl\":\"https:\\\/\\\/raymarine.ee\\\/wp-content\\\/uploads\\\/2025\\\/01\\\/8f5f8cc5-093b-44bf-ad8b-5a912f265bff.png\",\"datePublished\":\"2025-01-03T20:35:39+00:00\",\"dateModified\":\"2026-04-28T17:53:00+00:00\",\"description\":\"Raymarine l\u00fchikese varrega tuuleandur 20m kaabliga \u2013 sobib ST40, ST60+, i60 ja teiste Raymarine instrumentidega. T\u00e4pne ja vastupidav tuulem\u00f5\u00f5tmine.\",\"breadcrumb\":{\"@id\":\"https:\\\/\\\/raymarine.ee\\\/product\\\/raymarine-short-arm-wind-vane-tuuleandur\\\/#breadcrumb\"},\"inLanguage\":\"en-GB\",\"potentialAction\":[{\"@type\":\"ReadAction\",\"target\":[\"https:\\\/\\\/raymarine.ee\\\/product\\\/raymarine-short-arm-wind-vane-tuuleandur\\\/\"]}]},{\"@type\":\"ImageObject\",\"inLanguage\":\"en-GB\",\"@id\":\"https:\\\/\\\/raymarine.ee\\\/product\\\/raymarine-short-arm-wind-vane-tuuleandur\\\/#primaryimage\",\"url\":\"https:\\\/\\\/raymarine.ee\\\/wp-content\\\/uploads\\\/2025\\\/01\\\/8f5f8cc5-093b-44bf-ad8b-5a912f265bff.png\",\"contentUrl\":\"https:\\\/\\\/raymarine.ee\\\/wp-content\\\/uploads\\\/2025\\\/01\\\/8f5f8cc5-093b-44bf-ad8b-5a912f265bff.png\",\"width\":2000,\"height\":2000,\"caption\":\"R28170-wind-vane\"},{\"@type\":\"BreadcrumbList\",\"@id\":\"https:\\\/\\\/raymarine.ee\\\/product\\\/raymarine-short-arm-wind-vane-tuuleandur\\\/#breadcrumb\",\"itemListElement\":[{\"@type\":\"ListItem\",\"position\":1,\"name\":\"Home\",\"item\":\"https:\\\/\\\/raymarine.ee\\\/\"},{\"@type\":\"ListItem\",\"position\":2,\"name\":\"Tooted\",\"item\":\"https:\\\/\\\/raymarine.ee\\\/shop\\\/\"},{\"@type\":\"ListItem\",\"position\":3,\"name\":\"Raymarine Short Arm Wind Vane tuuleandur (ilma mastikaablita)\"}]},{\"@type\":\"WebSite\",\"@id\":\"https:\\\/\\\/raymarine.ee\\\/#website\",\"url\":\"https:\\\/\\\/raymarine.ee\\\/\",\"name\":\"www.raymarine.ee\",\"description\":\"Mereelektroonika, kaardiplotter, autopiloot, pinnipiloot, roolipiloot, radar, AIS, VHF, Smart Wind\",\"publisher\":{\"@id\":\"https:\\\/\\\/raymarine.ee\\\/#organization\"},\"alternateName\":\"Raymarine\",\"potentialAction\":[{\"@type\":\"SearchAction\",\"target\":{\"@type\":\"EntryPoint\",\"urlTemplate\":\"https:\\\/\\\/raymarine.ee\\\/?s={search_term_string}\"},\"query-input\":{\"@type\":\"PropertyValueSpecification\",\"valueRequired\":true,\"valueName\":\"search_term_string\"}}],\"inLanguage\":\"en-GB\"},{\"@type\":\"Organization\",\"@id\":\"https:\\\/\\\/raymarine.ee\\\/#organization\",\"name\":\"NavSystems O\u00dc\",\"url\":\"https:\\\/\\\/raymarine.ee\\\/\",\"logo\":{\"@type\":\"ImageObject\",\"inLanguage\":\"en-GB\",\"@id\":\"https:\\\/\\\/raymarine.ee\\\/#\\\/schema\\\/logo\\\/image\\\/\",\"url\":\"https:\\\/\\\/raymarine.ee\\\/wp-content\\\/uploads\\\/2024\\\/10\\\/Screenshot-2024-10-15-151324_bg_removed.webp\",\"contentUrl\":\"https:\\\/\\\/raymarine.ee\\\/wp-content\\\/uploads\\\/2024\\\/10\\\/Screenshot-2024-10-15-151324_bg_removed.webp\",\"width\":420,\"height\":276,\"caption\":\"NavSystems O\u00dc\"},\"image\":{\"@id\":\"https:\\\/\\\/raymarine.ee\\\/#\\\/schema\\\/logo\\\/image\\\/\"},\"sameAs\":[\"https:\\\/\\\/www.facebook.com\\\/NavSystems\"],\"legalName\":\"NavSystems O\u00dc\",\"foundingDate\":\"2011-05-03\",\"numberOfEmployees\":{\"@type\":\"QuantitativeValue\",\"minValue\":\"1\",\"maxValue\":\"10\"}}]}<\/script>\n<meta property=\"product:price:amount\" content=\"488.87\" \/>\n<meta property=\"product:price:currency\" content=\"EUR\" \/>\n<meta property=\"og:availability\" content=\"instock\" \/>\n<meta property=\"product:availability\" content=\"instock\" \/>\n<meta property=\"product:retailer_item_id\" content=\"R28170\" \/>\n<meta property=\"product:condition\" content=\"new\" \/>\n<!-- \/ Yoast SEO Premium plugin. -->","yoast_head_json":{"title":"Raymarine Short Arm Wind Vane tuuleandur (ilma mastikaablita) - NavSystems Mereelektroonika","description":"Raymarine l\u00fchikese varrega tuuleandur 20m kaabliga \u2013 sobib ST40, ST60+, i60 ja teiste Raymarine instrumentidega. T\u00e4pne ja vastupidav tuulem\u00f5\u00f5tmine.","robots":{"index":"index","follow":"follow","max-snippet":"max-snippet:-1","max-image-preview":"max-image-preview:large","max-video-preview":"max-video-preview:-1"},"canonical":"https:\/\/raymarine.ee\/en\/product\/raymarine-short-arm-wind-vane-tuuleandur\/","og_locale":"en_GB","og_type":"article","og_title":"Raymarine Short Arm Wind Vane tuuleandur (ilma mastikaablita)","og_description":"Raymarine l\u00fchikese varrega tuuleandur 20m kaabliga \u2013 sobib ST40, ST60+, i60 ja teiste Raymarine instrumentidega. T\u00e4pne ja vastupidav tuulem\u00f5\u00f5tmine.","og_url":"https:\/\/raymarine.ee\/en\/product\/raymarine-short-arm-wind-vane-tuuleandur\/","og_site_name":"NavSystems","article_publisher":"https:\/\/www.facebook.com\/NavSystems","article_modified_time":"2026-04-28T17:53:00+00:00","og_image":[{"width":2000,"height":2000,"url":"https:\/\/raymarine.ee\/wp-content\/uploads\/2025\/01\/8f5f8cc5-093b-44bf-ad8b-5a912f265bff.png","type":"image\/png"}],"twitter_card":"summary_large_image","twitter_misc":{"Price":"488,87&nbsp;&euro;","Availability":"In stock"},"schema":{"@context":"https:\/\/schema.org","@graph":[{"@type":"WebPage","@id":"https:\/\/raymarine.ee\/product\/raymarine-short-arm-wind-vane-tuuleandur\/","url":"https:\/\/raymarine.ee\/product\/raymarine-short-arm-wind-vane-tuuleandur\/","name":"Raymarine Short Arm Wind Vane tuuleandur (ilma mastikaablita) - NavSystems Mereelektroonika","isPartOf":{"@id":"https:\/\/raymarine.ee\/#website"},"primaryImageOfPage":{"@id":"https:\/\/raymarine.ee\/product\/raymarine-short-arm-wind-vane-tuuleandur\/#primaryimage"},"image":{"@id":"https:\/\/raymarine.ee\/product\/raymarine-short-arm-wind-vane-tuuleandur\/#primaryimage"},"thumbnailUrl":"https:\/\/raymarine.ee\/wp-content\/uploads\/2025\/01\/8f5f8cc5-093b-44bf-ad8b-5a912f265bff.png","datePublished":"2025-01-03T20:35:39+00:00","dateModified":"2026-04-28T17:53:00+00:00","description":"Raymarine l\u00fchikese varrega tuuleandur 20m kaabliga \u2013 sobib ST40, ST60+, i60 ja teiste Raymarine instrumentidega. T\u00e4pne ja vastupidav tuulem\u00f5\u00f5tmine.","breadcrumb":{"@id":"https:\/\/raymarine.ee\/product\/raymarine-short-arm-wind-vane-tuuleandur\/#breadcrumb"},"inLanguage":"en-GB","potentialAction":[{"@type":"ReadAction","target":["https:\/\/raymarine.ee\/product\/raymarine-short-arm-wind-vane-tuuleandur\/"]}]},{"@type":"ImageObject","inLanguage":"en-GB","@id":"https:\/\/raymarine.ee\/product\/raymarine-short-arm-wind-vane-tuuleandur\/#primaryimage","url":"https:\/\/raymarine.ee\/wp-content\/uploads\/2025\/01\/8f5f8cc5-093b-44bf-ad8b-5a912f265bff.png","contentUrl":"https:\/\/raymarine.ee\/wp-content\/uploads\/2025\/01\/8f5f8cc5-093b-44bf-ad8b-5a912f265bff.png","width":2000,"height":2000,"caption":"R28170-wind-vane"},{"@type":"BreadcrumbList","@id":"https:\/\/raymarine.ee\/product\/raymarine-short-arm-wind-vane-tuuleandur\/#breadcrumb","itemListElement":[{"@type":"ListItem","position":1,"name":"Home","item":"https:\/\/raymarine.ee\/"},{"@type":"ListItem","position":2,"name":"Tooted","item":"https:\/\/raymarine.ee\/shop\/"},{"@type":"ListItem","position":3,"name":"Raymarine Short Arm Wind Vane tuuleandur (ilma mastikaablita)"}]},{"@type":"WebSite","@id":"https:\/\/raymarine.ee\/#website","url":"https:\/\/raymarine.ee\/","name":"www.raymarine.ee","description":"Mereelektroonika, kaardiplotter, autopiloot, pinnipiloot, roolipiloot, radar, AIS, VHF, Smart Wind","publisher":{"@id":"https:\/\/raymarine.ee\/#organization"},"alternateName":"Raymarine","potentialAction":[{"@type":"SearchAction","target":{"@type":"EntryPoint","urlTemplate":"https:\/\/raymarine.ee\/?s={search_term_string}"},"query-input":{"@type":"PropertyValueSpecification","valueRequired":true,"valueName":"search_term_string"}}],"inLanguage":"en-GB"},{"@type":"Organization","@id":"https:\/\/raymarine.ee\/#organization","name":"NavSystems O\u00dc","url":"https:\/\/raymarine.ee\/","logo":{"@type":"ImageObject","inLanguage":"en-GB","@id":"https:\/\/raymarine.ee\/#\/schema\/logo\/image\/","url":"https:\/\/raymarine.ee\/wp-content\/uploads\/2024\/10\/Screenshot-2024-10-15-151324_bg_removed.webp","contentUrl":"https:\/\/raymarine.ee\/wp-content\/uploads\/2024\/10\/Screenshot-2024-10-15-151324_bg_removed.webp","width":420,"height":276,"caption":"NavSystems O\u00dc"},"image":{"@id":"https:\/\/raymarine.ee\/#\/schema\/logo\/image\/"},"sameAs":["https:\/\/www.facebook.com\/NavSystems"],"legalName":"NavSystems O\u00dc","foundingDate":"2011-05-03","numberOfEmployees":{"@type":"QuantitativeValue","minValue":"1","maxValue":"10"}}]},"product_price_amount":"488.87","product_price_currency":"EUR","og_availability":"instock","product_availability":"instock","product_retailer_item_id":"R28170","product_condition":"new"},"jetpack_sharing_enabled":true,"_links":{"self":[{"href":"https:\/\/raymarine.ee\/en\/wp-json\/wp\/v2\/product\/6453","targetHints":{"allow":["GET"]}}],"collection":[{"href":"https:\/\/raymarine.ee\/en\/wp-json\/wp\/v2\/product"}],"about":[{"href":"https:\/\/raymarine.ee\/en\/wp-json\/wp\/v2\/types\/product"}],"wp:featuredmedia":[{"embeddable":true,"href":"https:\/\/raymarine.ee\/en\/wp-json\/wp\/v2\/media\/9628"}],"wp:attachment":[{"href":"https:\/\/raymarine.ee\/en\/wp-json\/wp\/v2\/media?parent=6453"}],"wp:term":[{"taxonomy":"product_brand","embeddable":true,"href":"https:\/\/raymarine.ee\/en\/wp-json\/wp\/v2\/product_brand?post=6453"},{"taxonomy":"product_cat","embeddable":true,"href":"https:\/\/raymarine.ee\/en\/wp-json\/wp\/v2\/product_cat?post=6453"},{"taxonomy":"product_tag","embeddable":true,"href":"https:\/\/raymarine.ee\/en\/wp-json\/wp\/v2\/product_tag?post=6453"}],"curies":[{"name":"wp","href":"https:\/\/api.w.org\/{rel}","templated":true}]}}