{"id":6455,"date":"2025-01-03T20:32:50","date_gmt":"2025-01-03T20:32:50","guid":{"rendered":"https:\/\/raymarine.ee\/?post_type=product&#038;p=6455"},"modified":"2026-04-28T20:51:24","modified_gmt":"2026-04-28T17:51:24","slug":"raymarine-long-arm-wind-vane-tuuleandur","status":"publish","type":"product","link":"https:\/\/raymarine.ee\/en\/product\/raymarine-long-arm-wind-vane-tuuleandur\/","title":{"rendered":"Raymarine Long Arm Wind Vane tuuleandur"},"content":{"rendered":"<p data-start=\"71\" data-end=\"108\"><strong data-start=\"71\" data-end=\"108\">Raymarine pika varrega tuuleandur<\/strong><\/p>\n<p data-start=\"110\" data-end=\"369\">Raymarine pika varrega tuuleandur on m\u00f5eldud t\u00e4pseks tuule suuna ja kiiruse m\u00f5\u00f5tmiseks ning sobib ideaalselt Raymarine erinevate instrumentide s\u00fcsteemidesse. Pika varrega andur pakub suuremat stabiilsust ja t\u00e4psust, eriti k\u00f5rgemates mastitippudes paigaldades.<\/p>\n<p data-start=\"371\" data-end=\"419\"><strong data-start=\"371\" data-end=\"419\">\u00dchildub j\u00e4rgmiste Raymarine instrumentidega:<\/strong><\/p>\n<ul data-start=\"420\" data-end=\"485\">\n<li data-start=\"420\" data-end=\"427\">\n<p data-start=\"422\" data-end=\"427\">ST60+<\/p>\n<\/li>\n<li data-start=\"428\" data-end=\"437\">\n<p data-start=\"430\" data-end=\"437\">ST70*<\/p>\n<\/li>\n<li data-start=\"438\" data-end=\"448\">\n<p data-start=\"440\" data-end=\"448\">ST70+*<\/p>\n<\/li>\n<li data-start=\"449\" data-end=\"458\">\n<p data-start=\"451\" data-end=\"458\">ST290<\/p>\n<\/li>\n<li data-start=\"459\" data-end=\"466\">\n<p data-start=\"461\" data-end=\"466\">i60<\/p>\n<\/li>\n<li data-start=\"467\" data-end=\"475\">\n<p data-start=\"469\" data-end=\"475\">i70*<\/p>\n<\/li>\n<li data-start=\"476\" data-end=\"485\">\n<p data-start=\"478\" data-end=\"485\">i70s*<\/p>\n<\/li>\n<\/ul>\n<p data-start=\"487\" data-end=\"597\">(* Kasutades andurit ST70, ST70 Plus, i70 v\u00f5i i70s seeria instrumentidega, on vajalik lisaks iTC-5 konverter.)<\/p>\n<p data-start=\"599\" data-end=\"621\"><strong data-start=\"599\" data-end=\"621\">Peamised omadused:<\/strong><\/p>\n<ul data-start=\"622\" data-end=\"868\">\n<li data-start=\"622\" data-end=\"668\">\n<p data-start=\"624\" data-end=\"668\">Pika varrega tuuleandur, varre pikkus 600 mm<\/p>\n<\/li>\n<li data-start=\"669\" data-end=\"709\">\n<p data-start=\"671\" data-end=\"709\">M\u00f5\u00f5dab t\u00e4pselt tuule suunda ja kiirust<\/p>\n<\/li>\n<li data-start=\"710\" data-end=\"754\">\n<p data-start=\"712\" data-end=\"754\">Sobib ideaalselt mastitippu paigaldamiseks<\/p>\n<\/li>\n<li data-start=\"755\" data-end=\"796\">\n<p data-start=\"757\" data-end=\"796\">Tugev ja ilmastikukindel konstruktsioon<\/p>\n<\/li>\n<li data-start=\"797\" data-end=\"868\">\n<p data-start=\"799\" data-end=\"868\">Vajadusel \u00fchendatav iTC-5 konverteriga digitaalsetele instrumentidele<\/p>\n<\/li>\n<\/ul>","protected":false},"excerpt":{"rendered":"<p>Raymarine ettevaatav pika varrega tuuleandur. Sobib kokku ST60+\/ST70\/ST70+\/ST290\/i60\/i70 seeriaga.<\/p>","protected":false},"featured_media":6582,"template":"","meta":{"_acf_changed":false},"product_brand":[134],"product_cat":[69,70,32,103],"product_tag":[],"class_list":{"0":"post-6455","1":"product","2":"type-product","3":"status-publish","4":"has-post-thumbnail","6":"product_brand-raymarine","7":"product_cat-i50_i60","8":"product_cat-i70_alpha","9":"product_cat-instruments","10":"product_cat-raymarine","12":"first","13":"onbackorder","14":"sale","15":"taxable","16":"shipping-taxable","17":"purchasable","18":"product-type-simple"},"acf":[],"yoast_head":"<!-- This site is optimized with the Yoast SEO Premium plugin v27.5 (Yoast SEO v27.5) - https:\/\/yoast.com\/product\/yoast-seo-premium-wordpress\/ -->\n<title>Raymarine Long Arm Wind Vane tuuleandur - NavSystems Mereelektroonika<\/title>\n<meta name=\"description\" content=\"Raymarine pika varrega tuuleandur 600mm \u2013 sobib ST60+, i60, i70 ja teiste Raymarine instrumentidega. T\u00e4pne ja t\u00f6\u00f6kindel lahendus purje- ja mootorpaadile.\" \/>\n<meta name=\"robots\" content=\"index, follow, max-snippet:-1, max-image-preview:large, max-video-preview:-1\" \/>\n<link rel=\"canonical\" href=\"https:\/\/raymarine.ee\/en\/product\/raymarine-long-arm-wind-vane-tuuleandur\/\" \/>\n<meta property=\"og:locale\" content=\"en_GB\" \/>\n<meta property=\"og:type\" content=\"article\" \/>\n<meta property=\"og:title\" content=\"Raymarine Long Arm Wind Vane tuuleandur\" \/>\n<meta property=\"og:description\" content=\"Raymarine pika varrega tuuleandur 600mm \u2013 sobib ST60+, i60, i70 ja teiste Raymarine instrumentidega. T\u00e4pne ja t\u00f6\u00f6kindel lahendus purje- ja mootorpaadile.\" \/>\n<meta property=\"og:url\" content=\"https:\/\/raymarine.ee\/en\/product\/raymarine-long-arm-wind-vane-tuuleandur\/\" \/>\n<meta property=\"og:site_name\" content=\"NavSystems\" \/>\n<meta property=\"article:publisher\" content=\"https:\/\/www.facebook.com\/NavSystems\" \/>\n<meta property=\"article:modified_time\" content=\"2026-04-28T17:51:24+00:00\" \/>\n<meta property=\"og:image\" content=\"https:\/\/raymarine.ee\/wp-content\/uploads\/2025\/01\/WVtransd1.webp\" \/>\n\t<meta property=\"og:image:width\" content=\"260\" \/>\n\t<meta property=\"og:image:height\" content=\"195\" \/>\n\t<meta property=\"og:image:type\" content=\"image\/webp\" \/>\n<meta name=\"twitter:card\" content=\"summary_large_image\" \/>\n<meta name=\"twitter:label1\" content=\"Price\" \/>\n\t<meta name=\"twitter:data1\" content=\"651,00&nbsp;&euro;\" \/>\n\t<meta name=\"twitter:label2\" content=\"Availability\" \/>\n\t<meta name=\"twitter:data2\" content=\"On back order\" \/>\n<script type=\"application\/ld+json\" class=\"yoast-schema-graph\">{\"@context\":\"https:\\\/\\\/schema.org\",\"@graph\":[{\"@type\":\"WebPage\",\"@id\":\"https:\\\/\\\/raymarine.ee\\\/product\\\/raymarine-long-arm-wind-vane-tuuleandur\\\/\",\"url\":\"https:\\\/\\\/raymarine.ee\\\/product\\\/raymarine-long-arm-wind-vane-tuuleandur\\\/\",\"name\":\"Raymarine Long Arm Wind Vane tuuleandur - NavSystems Mereelektroonika\",\"isPartOf\":{\"@id\":\"https:\\\/\\\/raymarine.ee\\\/#website\"},\"primaryImageOfPage\":{\"@id\":\"https:\\\/\\\/raymarine.ee\\\/product\\\/raymarine-long-arm-wind-vane-tuuleandur\\\/#primaryimage\"},\"image\":{\"@id\":\"https:\\\/\\\/raymarine.ee\\\/product\\\/raymarine-long-arm-wind-vane-tuuleandur\\\/#primaryimage\"},\"thumbnailUrl\":\"https:\\\/\\\/raymarine.ee\\\/wp-content\\\/uploads\\\/2025\\\/01\\\/WVtransd1.webp\",\"datePublished\":\"2025-01-03T20:32:50+00:00\",\"dateModified\":\"2026-04-28T17:51:24+00:00\",\"description\":\"Raymarine pika varrega tuuleandur 600mm \u2013 sobib ST60+, i60, i70 ja teiste Raymarine instrumentidega. T\u00e4pne ja t\u00f6\u00f6kindel lahendus purje- ja mootorpaadile.\",\"breadcrumb\":{\"@id\":\"https:\\\/\\\/raymarine.ee\\\/product\\\/raymarine-long-arm-wind-vane-tuuleandur\\\/#breadcrumb\"},\"inLanguage\":\"en-GB\",\"potentialAction\":[{\"@type\":\"ReadAction\",\"target\":[\"https:\\\/\\\/raymarine.ee\\\/product\\\/raymarine-long-arm-wind-vane-tuuleandur\\\/\"]}]},{\"@type\":\"ImageObject\",\"inLanguage\":\"en-GB\",\"@id\":\"https:\\\/\\\/raymarine.ee\\\/product\\\/raymarine-long-arm-wind-vane-tuuleandur\\\/#primaryimage\",\"url\":\"https:\\\/\\\/raymarine.ee\\\/wp-content\\\/uploads\\\/2025\\\/01\\\/WVtransd1.webp\",\"contentUrl\":\"https:\\\/\\\/raymarine.ee\\\/wp-content\\\/uploads\\\/2025\\\/01\\\/WVtransd1.webp\",\"width\":260,\"height\":195},{\"@type\":\"BreadcrumbList\",\"@id\":\"https:\\\/\\\/raymarine.ee\\\/product\\\/raymarine-long-arm-wind-vane-tuuleandur\\\/#breadcrumb\",\"itemListElement\":[{\"@type\":\"ListItem\",\"position\":1,\"name\":\"Home\",\"item\":\"https:\\\/\\\/raymarine.ee\\\/\"},{\"@type\":\"ListItem\",\"position\":2,\"name\":\"Tooted\",\"item\":\"https:\\\/\\\/raymarine.ee\\\/shop\\\/\"},{\"@type\":\"ListItem\",\"position\":3,\"name\":\"Raymarine Long Arm Wind Vane tuuleandur\"}]},{\"@type\":\"WebSite\",\"@id\":\"https:\\\/\\\/raymarine.ee\\\/#website\",\"url\":\"https:\\\/\\\/raymarine.ee\\\/\",\"name\":\"www.raymarine.ee\",\"description\":\"Mereelektroonika, kaardiplotter, autopiloot, pinnipiloot, roolipiloot, radar, AIS, VHF, Smart Wind\",\"publisher\":{\"@id\":\"https:\\\/\\\/raymarine.ee\\\/#organization\"},\"alternateName\":\"Raymarine\",\"potentialAction\":[{\"@type\":\"SearchAction\",\"target\":{\"@type\":\"EntryPoint\",\"urlTemplate\":\"https:\\\/\\\/raymarine.ee\\\/?s={search_term_string}\"},\"query-input\":{\"@type\":\"PropertyValueSpecification\",\"valueRequired\":true,\"valueName\":\"search_term_string\"}}],\"inLanguage\":\"en-GB\"},{\"@type\":\"Organization\",\"@id\":\"https:\\\/\\\/raymarine.ee\\\/#organization\",\"name\":\"NavSystems O\u00dc\",\"url\":\"https:\\\/\\\/raymarine.ee\\\/\",\"logo\":{\"@type\":\"ImageObject\",\"inLanguage\":\"en-GB\",\"@id\":\"https:\\\/\\\/raymarine.ee\\\/#\\\/schema\\\/logo\\\/image\\\/\",\"url\":\"https:\\\/\\\/raymarine.ee\\\/wp-content\\\/uploads\\\/2024\\\/10\\\/Screenshot-2024-10-15-151324_bg_removed.webp\",\"contentUrl\":\"https:\\\/\\\/raymarine.ee\\\/wp-content\\\/uploads\\\/2024\\\/10\\\/Screenshot-2024-10-15-151324_bg_removed.webp\",\"width\":420,\"height\":276,\"caption\":\"NavSystems O\u00dc\"},\"image\":{\"@id\":\"https:\\\/\\\/raymarine.ee\\\/#\\\/schema\\\/logo\\\/image\\\/\"},\"sameAs\":[\"https:\\\/\\\/www.facebook.com\\\/NavSystems\"],\"legalName\":\"NavSystems O\u00dc\",\"foundingDate\":\"2011-05-03\",\"numberOfEmployees\":{\"@type\":\"QuantitativeValue\",\"minValue\":\"1\",\"maxValue\":\"10\"}}]}<\/script>\n<meta property=\"product:price:amount\" content=\"651.00\" \/>\n<meta property=\"product:price:currency\" content=\"EUR\" \/>\n<meta property=\"og:availability\" content=\"backorder\" \/>\n<meta property=\"product:availability\" content=\"available for order\" \/>\n<meta property=\"product:retailer_item_id\" content=\"R28171\" \/>\n<meta property=\"product:condition\" content=\"new\" \/>\n<!-- \/ Yoast SEO Premium plugin. -->","yoast_head_json":{"title":"Raymarine Long Arm Wind Vane tuuleandur - NavSystems Mereelektroonika","description":"Raymarine pika varrega tuuleandur 600mm \u2013 sobib ST60+, i60, i70 ja teiste Raymarine instrumentidega. T\u00e4pne ja t\u00f6\u00f6kindel lahendus purje- ja mootorpaadile.","robots":{"index":"index","follow":"follow","max-snippet":"max-snippet:-1","max-image-preview":"max-image-preview:large","max-video-preview":"max-video-preview:-1"},"canonical":"https:\/\/raymarine.ee\/en\/product\/raymarine-long-arm-wind-vane-tuuleandur\/","og_locale":"en_GB","og_type":"article","og_title":"Raymarine Long Arm Wind Vane tuuleandur","og_description":"Raymarine pika varrega tuuleandur 600mm \u2013 sobib ST60+, i60, i70 ja teiste Raymarine instrumentidega. T\u00e4pne ja t\u00f6\u00f6kindel lahendus purje- ja mootorpaadile.","og_url":"https:\/\/raymarine.ee\/en\/product\/raymarine-long-arm-wind-vane-tuuleandur\/","og_site_name":"NavSystems","article_publisher":"https:\/\/www.facebook.com\/NavSystems","article_modified_time":"2026-04-28T17:51:24+00:00","og_image":[{"width":260,"height":195,"url":"https:\/\/raymarine.ee\/wp-content\/uploads\/2025\/01\/WVtransd1.webp","type":"image\/webp"}],"twitter_card":"summary_large_image","twitter_misc":{"Price":"651,00&nbsp;&euro;","Availability":"On back order"},"schema":{"@context":"https:\/\/schema.org","@graph":[{"@type":"WebPage","@id":"https:\/\/raymarine.ee\/product\/raymarine-long-arm-wind-vane-tuuleandur\/","url":"https:\/\/raymarine.ee\/product\/raymarine-long-arm-wind-vane-tuuleandur\/","name":"Raymarine Long Arm Wind Vane tuuleandur - NavSystems Mereelektroonika","isPartOf":{"@id":"https:\/\/raymarine.ee\/#website"},"primaryImageOfPage":{"@id":"https:\/\/raymarine.ee\/product\/raymarine-long-arm-wind-vane-tuuleandur\/#primaryimage"},"image":{"@id":"https:\/\/raymarine.ee\/product\/raymarine-long-arm-wind-vane-tuuleandur\/#primaryimage"},"thumbnailUrl":"https:\/\/raymarine.ee\/wp-content\/uploads\/2025\/01\/WVtransd1.webp","datePublished":"2025-01-03T20:32:50+00:00","dateModified":"2026-04-28T17:51:24+00:00","description":"Raymarine pika varrega tuuleandur 600mm \u2013 sobib ST60+, i60, i70 ja teiste Raymarine instrumentidega. T\u00e4pne ja t\u00f6\u00f6kindel lahendus purje- ja mootorpaadile.","breadcrumb":{"@id":"https:\/\/raymarine.ee\/product\/raymarine-long-arm-wind-vane-tuuleandur\/#breadcrumb"},"inLanguage":"en-GB","potentialAction":[{"@type":"ReadAction","target":["https:\/\/raymarine.ee\/product\/raymarine-long-arm-wind-vane-tuuleandur\/"]}]},{"@type":"ImageObject","inLanguage":"en-GB","@id":"https:\/\/raymarine.ee\/product\/raymarine-long-arm-wind-vane-tuuleandur\/#primaryimage","url":"https:\/\/raymarine.ee\/wp-content\/uploads\/2025\/01\/WVtransd1.webp","contentUrl":"https:\/\/raymarine.ee\/wp-content\/uploads\/2025\/01\/WVtransd1.webp","width":260,"height":195},{"@type":"BreadcrumbList","@id":"https:\/\/raymarine.ee\/product\/raymarine-long-arm-wind-vane-tuuleandur\/#breadcrumb","itemListElement":[{"@type":"ListItem","position":1,"name":"Home","item":"https:\/\/raymarine.ee\/"},{"@type":"ListItem","position":2,"name":"Tooted","item":"https:\/\/raymarine.ee\/shop\/"},{"@type":"ListItem","position":3,"name":"Raymarine Long Arm Wind Vane tuuleandur"}]},{"@type":"WebSite","@id":"https:\/\/raymarine.ee\/#website","url":"https:\/\/raymarine.ee\/","name":"www.raymarine.ee","description":"Mereelektroonika, kaardiplotter, autopiloot, pinnipiloot, roolipiloot, radar, AIS, VHF, Smart Wind","publisher":{"@id":"https:\/\/raymarine.ee\/#organization"},"alternateName":"Raymarine","potentialAction":[{"@type":"SearchAction","target":{"@type":"EntryPoint","urlTemplate":"https:\/\/raymarine.ee\/?s={search_term_string}"},"query-input":{"@type":"PropertyValueSpecification","valueRequired":true,"valueName":"search_term_string"}}],"inLanguage":"en-GB"},{"@type":"Organization","@id":"https:\/\/raymarine.ee\/#organization","name":"NavSystems O\u00dc","url":"https:\/\/raymarine.ee\/","logo":{"@type":"ImageObject","inLanguage":"en-GB","@id":"https:\/\/raymarine.ee\/#\/schema\/logo\/image\/","url":"https:\/\/raymarine.ee\/wp-content\/uploads\/2024\/10\/Screenshot-2024-10-15-151324_bg_removed.webp","contentUrl":"https:\/\/raymarine.ee\/wp-content\/uploads\/2024\/10\/Screenshot-2024-10-15-151324_bg_removed.webp","width":420,"height":276,"caption":"NavSystems O\u00dc"},"image":{"@id":"https:\/\/raymarine.ee\/#\/schema\/logo\/image\/"},"sameAs":["https:\/\/www.facebook.com\/NavSystems"],"legalName":"NavSystems O\u00dc","foundingDate":"2011-05-03","numberOfEmployees":{"@type":"QuantitativeValue","minValue":"1","maxValue":"10"}}]},"product_price_amount":"651.00","product_price_currency":"EUR","og_availability":"backorder","product_availability":"available for order","product_retailer_item_id":"R28171","product_condition":"new"},"jetpack_sharing_enabled":true,"_links":{"self":[{"href":"https:\/\/raymarine.ee\/en\/wp-json\/wp\/v2\/product\/6455","targetHints":{"allow":["GET"]}}],"collection":[{"href":"https:\/\/raymarine.ee\/en\/wp-json\/wp\/v2\/product"}],"about":[{"href":"https:\/\/raymarine.ee\/en\/wp-json\/wp\/v2\/types\/product"}],"wp:featuredmedia":[{"embeddable":true,"href":"https:\/\/raymarine.ee\/en\/wp-json\/wp\/v2\/media\/6582"}],"wp:attachment":[{"href":"https:\/\/raymarine.ee\/en\/wp-json\/wp\/v2\/media?parent=6455"}],"wp:term":[{"taxonomy":"product_brand","embeddable":true,"href":"https:\/\/raymarine.ee\/en\/wp-json\/wp\/v2\/product_brand?post=6455"},{"taxonomy":"product_cat","embeddable":true,"href":"https:\/\/raymarine.ee\/en\/wp-json\/wp\/v2\/product_cat?post=6455"},{"taxonomy":"product_tag","embeddable":true,"href":"https:\/\/raymarine.ee\/en\/wp-json\/wp\/v2\/product_tag?post=6455"}],"curies":[{"name":"wp","href":"https:\/\/api.w.org\/{rel}","templated":true}]}}