{"id":6456,"date":"2025-01-03T20:30:37","date_gmt":"2025-01-03T20:30:37","guid":{"rendered":"https:\/\/raymarine.ee\/?post_type=product&#038;p=6456"},"modified":"2026-04-28T20:49:19","modified_gmt":"2026-04-28T17:49:19","slug":"raymarine-long-arm-wind-vane-tuuleandur-50m-kaabliga","status":"publish","type":"product","link":"https:\/\/raymarine.ee\/en\/product\/raymarine-long-arm-wind-vane-tuuleandur-50m-kaabliga\/","title":{"rendered":"Raymarine Long Arm Wind Vane tuuleandur (50m kaabliga)"},"content":{"rendered":"<p data-start=\"50\" data-end=\"106\"><strong data-start=\"50\" data-end=\"106\">Raymarine pika varrega tuuleandur 600mm + 50m kaabel<\/strong><\/p>\n<p data-start=\"108\" data-end=\"447\">Raymarine pika varrega tuuleandur on m\u00f5eldud tuule suuna ja kiiruse t\u00e4pseks m\u00f5\u00f5tmiseks ning sobib erinevate Raymarine instrumentidega. Pikem 600 mm vars tagab suurema stabiilsuse ja t\u00e4psuse, eriti k\u00f5rgele mastitippu paigaldades. Komplekti kuulub 50 meetri pikkune tuulekaabel koos mastitopi pistikuga, tagades lihtsa ja t\u00f6\u00f6kindla \u00fchenduse.<\/p>\n<p data-start=\"449\" data-end=\"497\"><strong data-start=\"449\" data-end=\"497\">\u00dchildub j\u00e4rgmiste Raymarine instrumentidega:<\/strong><\/p>\n<ul data-start=\"498\" data-end=\"551\">\n<li data-start=\"498\" data-end=\"505\">\n<p data-start=\"500\" data-end=\"505\">ST60+<\/p>\n<\/li>\n<li data-start=\"506\" data-end=\"513\">\n<p data-start=\"508\" data-end=\"513\">ST70*<\/p>\n<\/li>\n<li data-start=\"514\" data-end=\"522\">\n<p data-start=\"516\" data-end=\"522\">ST70+*<\/p>\n<\/li>\n<li data-start=\"523\" data-end=\"530\">\n<p data-start=\"525\" data-end=\"530\">ST290<\/p>\n<\/li>\n<li data-start=\"531\" data-end=\"536\">\n<p data-start=\"533\" data-end=\"536\">i60<\/p>\n<\/li>\n<li data-start=\"537\" data-end=\"543\">\n<p data-start=\"539\" data-end=\"543\">i70*<\/p>\n<\/li>\n<li data-start=\"544\" data-end=\"551\">\n<p data-start=\"546\" data-end=\"551\">i70s*<\/p>\n<\/li>\n<\/ul>\n<p data-start=\"553\" data-end=\"663\">(* Kasutades andurit ST70, ST70 Plus, i70 v\u00f5i i70s seeria instrumentidega, on vajalik lisaks iTC-5 konverter.)<\/p>\n<p data-start=\"665\" data-end=\"687\"><strong data-start=\"665\" data-end=\"687\">Peamised omadused:<\/strong><\/p>\n<ul data-start=\"688\" data-end=\"998\">\n<li data-start=\"688\" data-end=\"734\">\n<p data-start=\"690\" data-end=\"734\">Pika varrega tuuleandur, varre pikkus 600 mm<\/p>\n<\/li>\n<li data-start=\"735\" data-end=\"802\">\n<p data-start=\"737\" data-end=\"802\">Komplektis 50 meetri pikkune tuulekaabel koos mastitopi pistikuga<\/p>\n<\/li>\n<li data-start=\"803\" data-end=\"842\">\n<p data-start=\"805\" data-end=\"842\">T\u00e4pne tuule suuna ja kiiruse m\u00f5\u00f5tmine<\/p>\n<\/li>\n<li data-start=\"843\" data-end=\"881\">\n<p data-start=\"845\" data-end=\"881\">Ilmastikukindel ja vastupidav disain<\/p>\n<\/li>\n<li data-start=\"882\" data-end=\"926\">\n<p data-start=\"884\" data-end=\"926\">Sobib ideaalselt mastitippu paigaldamiseks<\/p>\n<\/li>\n<li data-start=\"927\" data-end=\"998\">\n<p data-start=\"929\" data-end=\"998\">Vajadusel \u00fchendatav iTC-5 konverteriga digitaalsetele instrumentidele<\/p>\n<\/li>\n<\/ul>","protected":false},"excerpt":{"rendered":"<p>Raymarine ettevaatav pika varrega ja 50m kaabliga tuuleandur. Sobib kokku ST60+\/ST70\/ST70+\/ST290\/i60\/i70 seeriaga.<\/p>","protected":false},"featured_media":6575,"template":"","meta":{"_acf_changed":false},"product_brand":[134],"product_cat":[69,70,32,103],"product_tag":[],"class_list":{"0":"post-6456","1":"product","2":"type-product","3":"status-publish","4":"has-post-thumbnail","6":"product_brand-raymarine","7":"product_cat-i50_i60","8":"product_cat-i70_alpha","9":"product_cat-instruments","10":"product_cat-raymarine","12":"first","13":"onbackorder","14":"sale","15":"taxable","16":"shipping-taxable","17":"purchasable","18":"product-type-simple"},"acf":[],"yoast_head":"<!-- This site is optimized with the Yoast SEO Premium plugin v27.5 (Yoast SEO v27.5) - https:\/\/yoast.com\/product\/yoast-seo-premium-wordpress\/ -->\n<title>Raymarine Long Arm Wind Vane tuuleandur (50m kaabliga) - NavSystems Mereelektroonika<\/title>\n<meta name=\"description\" content=\"Raymarine 600 mm pika varrega tuuleandur koos 50m kaabliga \u2013 sobib ST60+, i60, i70 ja teiste Raymarine instrumentidega. T\u00e4pne ja vastupidav lahendus igale purje- ja mootorpaadile.\" \/>\n<meta name=\"robots\" content=\"index, follow, max-snippet:-1, max-image-preview:large, max-video-preview:-1\" \/>\n<link rel=\"canonical\" href=\"https:\/\/raymarine.ee\/en\/product\/raymarine-long-arm-wind-vane-tuuleandur-50m-kaabliga\/\" \/>\n<meta property=\"og:locale\" content=\"en_GB\" \/>\n<meta property=\"og:type\" content=\"article\" \/>\n<meta property=\"og:title\" content=\"Raymarine Long Arm Wind Vane tuuleandur (50m kaabliga)\" \/>\n<meta property=\"og:description\" content=\"Raymarine 600 mm pika varrega tuuleandur koos 50m kaabliga \u2013 sobib ST60+, i60, i70 ja teiste Raymarine instrumentidega. T\u00e4pne ja vastupidav lahendus igale purje- ja mootorpaadile.\" \/>\n<meta property=\"og:url\" content=\"https:\/\/raymarine.ee\/en\/product\/raymarine-long-arm-wind-vane-tuuleandur-50m-kaabliga\/\" \/>\n<meta property=\"og:site_name\" content=\"NavSystems\" \/>\n<meta property=\"article:publisher\" content=\"https:\/\/www.facebook.com\/NavSystems\" \/>\n<meta property=\"article:modified_time\" content=\"2026-04-28T17:49:19+00:00\" \/>\n<meta property=\"og:image\" content=\"https:\/\/raymarine.ee\/wp-content\/uploads\/2025\/01\/WindVane-with-Cable.webp\" \/>\n\t<meta property=\"og:image:width\" content=\"300\" \/>\n\t<meta property=\"og:image:height\" content=\"300\" \/>\n\t<meta property=\"og:image:type\" content=\"image\/webp\" \/>\n<meta name=\"twitter:card\" content=\"summary_large_image\" \/>\n<meta name=\"twitter:label1\" content=\"Price\" \/>\n\t<meta name=\"twitter:data1\" content=\"846,00&nbsp;&euro;\" \/>\n\t<meta name=\"twitter:label2\" content=\"Availability\" \/>\n\t<meta name=\"twitter:data2\" content=\"On back order\" \/>\n<script type=\"application\/ld+json\" class=\"yoast-schema-graph\">{\"@context\":\"https:\\\/\\\/schema.org\",\"@graph\":[{\"@type\":\"WebPage\",\"@id\":\"https:\\\/\\\/raymarine.ee\\\/product\\\/raymarine-long-arm-wind-vane-tuuleandur-50m-kaabliga\\\/\",\"url\":\"https:\\\/\\\/raymarine.ee\\\/product\\\/raymarine-long-arm-wind-vane-tuuleandur-50m-kaabliga\\\/\",\"name\":\"Raymarine Long Arm Wind Vane tuuleandur (50m kaabliga) - NavSystems Mereelektroonika\",\"isPartOf\":{\"@id\":\"https:\\\/\\\/raymarine.ee\\\/#website\"},\"primaryImageOfPage\":{\"@id\":\"https:\\\/\\\/raymarine.ee\\\/product\\\/raymarine-long-arm-wind-vane-tuuleandur-50m-kaabliga\\\/#primaryimage\"},\"image\":{\"@id\":\"https:\\\/\\\/raymarine.ee\\\/product\\\/raymarine-long-arm-wind-vane-tuuleandur-50m-kaabliga\\\/#primaryimage\"},\"thumbnailUrl\":\"https:\\\/\\\/raymarine.ee\\\/wp-content\\\/uploads\\\/2025\\\/01\\\/WindVane-with-Cable.webp\",\"datePublished\":\"2025-01-03T20:30:37+00:00\",\"dateModified\":\"2026-04-28T17:49:19+00:00\",\"description\":\"Raymarine 600 mm pika varrega tuuleandur koos 50m kaabliga \u2013 sobib ST60+, i60, i70 ja teiste Raymarine instrumentidega. T\u00e4pne ja vastupidav lahendus igale purje- ja mootorpaadile.\",\"breadcrumb\":{\"@id\":\"https:\\\/\\\/raymarine.ee\\\/product\\\/raymarine-long-arm-wind-vane-tuuleandur-50m-kaabliga\\\/#breadcrumb\"},\"inLanguage\":\"en-GB\",\"potentialAction\":[{\"@type\":\"ReadAction\",\"target\":[\"https:\\\/\\\/raymarine.ee\\\/product\\\/raymarine-long-arm-wind-vane-tuuleandur-50m-kaabliga\\\/\"]}]},{\"@type\":\"ImageObject\",\"inLanguage\":\"en-GB\",\"@id\":\"https:\\\/\\\/raymarine.ee\\\/product\\\/raymarine-long-arm-wind-vane-tuuleandur-50m-kaabliga\\\/#primaryimage\",\"url\":\"https:\\\/\\\/raymarine.ee\\\/wp-content\\\/uploads\\\/2025\\\/01\\\/WindVane-with-Cable.webp\",\"contentUrl\":\"https:\\\/\\\/raymarine.ee\\\/wp-content\\\/uploads\\\/2025\\\/01\\\/WindVane-with-Cable.webp\",\"width\":300,\"height\":300,\"caption\":\"WindVane-with-Cable\"},{\"@type\":\"BreadcrumbList\",\"@id\":\"https:\\\/\\\/raymarine.ee\\\/product\\\/raymarine-long-arm-wind-vane-tuuleandur-50m-kaabliga\\\/#breadcrumb\",\"itemListElement\":[{\"@type\":\"ListItem\",\"position\":1,\"name\":\"Home\",\"item\":\"https:\\\/\\\/raymarine.ee\\\/\"},{\"@type\":\"ListItem\",\"position\":2,\"name\":\"Tooted\",\"item\":\"https:\\\/\\\/raymarine.ee\\\/shop\\\/\"},{\"@type\":\"ListItem\",\"position\":3,\"name\":\"Raymarine Long Arm Wind Vane tuuleandur (50m kaabliga)\"}]},{\"@type\":\"WebSite\",\"@id\":\"https:\\\/\\\/raymarine.ee\\\/#website\",\"url\":\"https:\\\/\\\/raymarine.ee\\\/\",\"name\":\"www.raymarine.ee\",\"description\":\"Mereelektroonika, kaardiplotter, autopiloot, pinnipiloot, roolipiloot, radar, AIS, VHF, Smart Wind\",\"publisher\":{\"@id\":\"https:\\\/\\\/raymarine.ee\\\/#organization\"},\"alternateName\":\"Raymarine\",\"potentialAction\":[{\"@type\":\"SearchAction\",\"target\":{\"@type\":\"EntryPoint\",\"urlTemplate\":\"https:\\\/\\\/raymarine.ee\\\/?s={search_term_string}\"},\"query-input\":{\"@type\":\"PropertyValueSpecification\",\"valueRequired\":true,\"valueName\":\"search_term_string\"}}],\"inLanguage\":\"en-GB\"},{\"@type\":\"Organization\",\"@id\":\"https:\\\/\\\/raymarine.ee\\\/#organization\",\"name\":\"NavSystems O\u00dc\",\"url\":\"https:\\\/\\\/raymarine.ee\\\/\",\"logo\":{\"@type\":\"ImageObject\",\"inLanguage\":\"en-GB\",\"@id\":\"https:\\\/\\\/raymarine.ee\\\/#\\\/schema\\\/logo\\\/image\\\/\",\"url\":\"https:\\\/\\\/raymarine.ee\\\/wp-content\\\/uploads\\\/2024\\\/10\\\/Screenshot-2024-10-15-151324_bg_removed.webp\",\"contentUrl\":\"https:\\\/\\\/raymarine.ee\\\/wp-content\\\/uploads\\\/2024\\\/10\\\/Screenshot-2024-10-15-151324_bg_removed.webp\",\"width\":420,\"height\":276,\"caption\":\"NavSystems O\u00dc\"},\"image\":{\"@id\":\"https:\\\/\\\/raymarine.ee\\\/#\\\/schema\\\/logo\\\/image\\\/\"},\"sameAs\":[\"https:\\\/\\\/www.facebook.com\\\/NavSystems\"],\"legalName\":\"NavSystems O\u00dc\",\"foundingDate\":\"2011-05-03\",\"numberOfEmployees\":{\"@type\":\"QuantitativeValue\",\"minValue\":\"1\",\"maxValue\":\"10\"}}]}<\/script>\n<meta property=\"product:price:amount\" content=\"846.00\" \/>\n<meta property=\"product:price:currency\" content=\"EUR\" \/>\n<meta property=\"og:availability\" content=\"backorder\" \/>\n<meta property=\"product:availability\" content=\"available for order\" \/>\n<meta property=\"product:retailer_item_id\" content=\"E22079\" \/>\n<meta property=\"product:condition\" content=\"new\" \/>\n<!-- \/ Yoast SEO Premium plugin. -->","yoast_head_json":{"title":"Raymarine Long Arm Wind Vane tuuleandur (50m kaabliga) - NavSystems Mereelektroonika","description":"Raymarine 600 mm pika varrega tuuleandur koos 50m kaabliga \u2013 sobib ST60+, i60, i70 ja teiste Raymarine instrumentidega. T\u00e4pne ja vastupidav lahendus igale purje- ja mootorpaadile.","robots":{"index":"index","follow":"follow","max-snippet":"max-snippet:-1","max-image-preview":"max-image-preview:large","max-video-preview":"max-video-preview:-1"},"canonical":"https:\/\/raymarine.ee\/en\/product\/raymarine-long-arm-wind-vane-tuuleandur-50m-kaabliga\/","og_locale":"en_GB","og_type":"article","og_title":"Raymarine Long Arm Wind Vane tuuleandur (50m kaabliga)","og_description":"Raymarine 600 mm pika varrega tuuleandur koos 50m kaabliga \u2013 sobib ST60+, i60, i70 ja teiste Raymarine instrumentidega. T\u00e4pne ja vastupidav lahendus igale purje- ja mootorpaadile.","og_url":"https:\/\/raymarine.ee\/en\/product\/raymarine-long-arm-wind-vane-tuuleandur-50m-kaabliga\/","og_site_name":"NavSystems","article_publisher":"https:\/\/www.facebook.com\/NavSystems","article_modified_time":"2026-04-28T17:49:19+00:00","og_image":[{"width":300,"height":300,"url":"https:\/\/raymarine.ee\/wp-content\/uploads\/2025\/01\/WindVane-with-Cable.webp","type":"image\/webp"}],"twitter_card":"summary_large_image","twitter_misc":{"Price":"846,00&nbsp;&euro;","Availability":"On back order"},"schema":{"@context":"https:\/\/schema.org","@graph":[{"@type":"WebPage","@id":"https:\/\/raymarine.ee\/product\/raymarine-long-arm-wind-vane-tuuleandur-50m-kaabliga\/","url":"https:\/\/raymarine.ee\/product\/raymarine-long-arm-wind-vane-tuuleandur-50m-kaabliga\/","name":"Raymarine Long Arm Wind Vane tuuleandur (50m kaabliga) - NavSystems Mereelektroonika","isPartOf":{"@id":"https:\/\/raymarine.ee\/#website"},"primaryImageOfPage":{"@id":"https:\/\/raymarine.ee\/product\/raymarine-long-arm-wind-vane-tuuleandur-50m-kaabliga\/#primaryimage"},"image":{"@id":"https:\/\/raymarine.ee\/product\/raymarine-long-arm-wind-vane-tuuleandur-50m-kaabliga\/#primaryimage"},"thumbnailUrl":"https:\/\/raymarine.ee\/wp-content\/uploads\/2025\/01\/WindVane-with-Cable.webp","datePublished":"2025-01-03T20:30:37+00:00","dateModified":"2026-04-28T17:49:19+00:00","description":"Raymarine 600 mm pika varrega tuuleandur koos 50m kaabliga \u2013 sobib ST60+, i60, i70 ja teiste Raymarine instrumentidega. T\u00e4pne ja vastupidav lahendus igale purje- ja mootorpaadile.","breadcrumb":{"@id":"https:\/\/raymarine.ee\/product\/raymarine-long-arm-wind-vane-tuuleandur-50m-kaabliga\/#breadcrumb"},"inLanguage":"en-GB","potentialAction":[{"@type":"ReadAction","target":["https:\/\/raymarine.ee\/product\/raymarine-long-arm-wind-vane-tuuleandur-50m-kaabliga\/"]}]},{"@type":"ImageObject","inLanguage":"en-GB","@id":"https:\/\/raymarine.ee\/product\/raymarine-long-arm-wind-vane-tuuleandur-50m-kaabliga\/#primaryimage","url":"https:\/\/raymarine.ee\/wp-content\/uploads\/2025\/01\/WindVane-with-Cable.webp","contentUrl":"https:\/\/raymarine.ee\/wp-content\/uploads\/2025\/01\/WindVane-with-Cable.webp","width":300,"height":300,"caption":"WindVane-with-Cable"},{"@type":"BreadcrumbList","@id":"https:\/\/raymarine.ee\/product\/raymarine-long-arm-wind-vane-tuuleandur-50m-kaabliga\/#breadcrumb","itemListElement":[{"@type":"ListItem","position":1,"name":"Home","item":"https:\/\/raymarine.ee\/"},{"@type":"ListItem","position":2,"name":"Tooted","item":"https:\/\/raymarine.ee\/shop\/"},{"@type":"ListItem","position":3,"name":"Raymarine Long Arm Wind Vane tuuleandur (50m kaabliga)"}]},{"@type":"WebSite","@id":"https:\/\/raymarine.ee\/#website","url":"https:\/\/raymarine.ee\/","name":"www.raymarine.ee","description":"Mereelektroonika, kaardiplotter, autopiloot, pinnipiloot, roolipiloot, radar, AIS, VHF, Smart Wind","publisher":{"@id":"https:\/\/raymarine.ee\/#organization"},"alternateName":"Raymarine","potentialAction":[{"@type":"SearchAction","target":{"@type":"EntryPoint","urlTemplate":"https:\/\/raymarine.ee\/?s={search_term_string}"},"query-input":{"@type":"PropertyValueSpecification","valueRequired":true,"valueName":"search_term_string"}}],"inLanguage":"en-GB"},{"@type":"Organization","@id":"https:\/\/raymarine.ee\/#organization","name":"NavSystems O\u00dc","url":"https:\/\/raymarine.ee\/","logo":{"@type":"ImageObject","inLanguage":"en-GB","@id":"https:\/\/raymarine.ee\/#\/schema\/logo\/image\/","url":"https:\/\/raymarine.ee\/wp-content\/uploads\/2024\/10\/Screenshot-2024-10-15-151324_bg_removed.webp","contentUrl":"https:\/\/raymarine.ee\/wp-content\/uploads\/2024\/10\/Screenshot-2024-10-15-151324_bg_removed.webp","width":420,"height":276,"caption":"NavSystems O\u00dc"},"image":{"@id":"https:\/\/raymarine.ee\/#\/schema\/logo\/image\/"},"sameAs":["https:\/\/www.facebook.com\/NavSystems"],"legalName":"NavSystems O\u00dc","foundingDate":"2011-05-03","numberOfEmployees":{"@type":"QuantitativeValue","minValue":"1","maxValue":"10"}}]},"product_price_amount":"846.00","product_price_currency":"EUR","og_availability":"backorder","product_availability":"available for order","product_retailer_item_id":"E22079","product_condition":"new"},"jetpack_sharing_enabled":true,"_links":{"self":[{"href":"https:\/\/raymarine.ee\/en\/wp-json\/wp\/v2\/product\/6456","targetHints":{"allow":["GET"]}}],"collection":[{"href":"https:\/\/raymarine.ee\/en\/wp-json\/wp\/v2\/product"}],"about":[{"href":"https:\/\/raymarine.ee\/en\/wp-json\/wp\/v2\/types\/product"}],"wp:featuredmedia":[{"embeddable":true,"href":"https:\/\/raymarine.ee\/en\/wp-json\/wp\/v2\/media\/6575"}],"wp:attachment":[{"href":"https:\/\/raymarine.ee\/en\/wp-json\/wp\/v2\/media?parent=6456"}],"wp:term":[{"taxonomy":"product_brand","embeddable":true,"href":"https:\/\/raymarine.ee\/en\/wp-json\/wp\/v2\/product_brand?post=6456"},{"taxonomy":"product_cat","embeddable":true,"href":"https:\/\/raymarine.ee\/en\/wp-json\/wp\/v2\/product_cat?post=6456"},{"taxonomy":"product_tag","embeddable":true,"href":"https:\/\/raymarine.ee\/en\/wp-json\/wp\/v2\/product_tag?post=6456"}],"curies":[{"name":"wp","href":"https:\/\/api.w.org\/{rel}","templated":true}]}}