{"id":6457,"date":"2025-01-03T20:28:28","date_gmt":"2025-01-03T20:28:28","guid":{"rendered":"https:\/\/raymarine.ee\/?post_type=product&#038;p=6457"},"modified":"2026-04-11T12:37:57","modified_gmt":"2026-04-11T09:37:57","slug":"raymarine-st60-wind-transducer-service-kit","status":"publish","type":"product","link":"https:\/\/raymarine.ee\/en\/product\/raymarine-st60-wind-transducer-service-kit\/","title":{"rendered":"Raymarine ST60 Wind Transducer Service Kit"},"content":{"rendered":"<p data-start=\"63\" data-end=\"108\"><strong data-start=\"63\" data-end=\"108\">Raymarine ST60 Wind Vane varuosa komplekt<\/strong><\/p>\n<p data-start=\"110\" data-end=\"351\">Raymarine ST60 Wind Vane tuuleanduri varuosade komplekt sisaldab k\u00f5iki vajalikke komponente, et taastada tuuleanduri t\u00e4pne t\u00f6\u00f6 p\u00e4rast kulumist v\u00f5i kahjustusi. Komplekti kuuluvad tuule kiiruse kulbid, tuule suuna laba ja vajalikud kinnituskruvid.<\/p>\n<p data-start=\"353\" data-end=\"372\"><strong data-start=\"353\" data-end=\"372\">Komplekti sisu:<\/strong><\/p>\n<ul data-start=\"373\" data-end=\"429\">\n<li data-start=\"373\" data-end=\"394\">\n<p data-start=\"375\" data-end=\"394\">Tuule kiiruse kulbid<\/p>\n<\/li>\n<li data-start=\"395\" data-end=\"412\">\n<p data-start=\"397\" data-end=\"412\">Tuule suuna laba<\/p>\n<\/li>\n<li data-start=\"413\" data-end=\"429\">\n<p data-start=\"415\" data-end=\"429\">Kinnituskruvid<\/p>\n<\/li>\n<\/ul>\n<p data-start=\"431\" data-end=\"474\"><strong data-start=\"431\" data-end=\"474\">\u00dchildub j\u00e4rgmiste Raymarine seadmetega:<\/strong><\/p>\n<ul data-start=\"475\" data-end=\"502\">\n<li data-start=\"475\" data-end=\"502\">\n<p data-start=\"477\" data-end=\"502\">ST60 Wind Vane tuuleandur<\/p>\n<\/li>\n<\/ul>\n<p data-start=\"504\" data-end=\"526\"><strong data-start=\"504\" data-end=\"526\">Peamised omadused:<\/strong><\/p>\n<ul data-start=\"527\" data-end=\"722\">\n<li data-start=\"527\" data-end=\"567\">\n<p data-start=\"529\" data-end=\"567\">Originaalne Raymarine varuosa komplekt<\/p>\n<\/li>\n<li data-start=\"568\" data-end=\"614\">\n<p data-start=\"570\" data-end=\"614\">Tagab tuuleanduri t\u00e4pse ja usaldusv\u00e4\u00e4rse t\u00f6\u00f6<\/p>\n<\/li>\n<li data-start=\"615\" data-end=\"666\">\n<p data-start=\"617\" data-end=\"666\">Lihtne ja kiire asendamine olemasolevale andurile<\/p>\n<\/li>\n<li data-start=\"667\" data-end=\"722\">\n<p data-start=\"669\" data-end=\"722\">Vastupidav ja merekeskkonna tingimustele sobiv disain<\/p>\n<\/li>\n<\/ul>","protected":false},"excerpt":{"rendered":"<p>Raymarine ST60 Wind Vane tuuleanduri kiiruse kulbid, suuna laba ja kinnituskruvid<\/p>","protected":false},"featured_media":7713,"template":"","meta":{"_acf_changed":false},"product_brand":[134],"product_cat":[69,70,32,103],"product_tag":[],"class_list":{"0":"post-6457","1":"product","2":"type-product","3":"status-publish","4":"has-post-thumbnail","6":"product_brand-raymarine","7":"product_cat-i50_i60","8":"product_cat-i70_alpha","9":"product_cat-instruments","10":"product_cat-raymarine","12":"first","13":"instock","14":"sale","15":"featured","16":"taxable","17":"shipping-taxable","18":"purchasable","19":"product-type-simple"},"acf":[],"yoast_head":"<!-- This site is optimized with the Yoast SEO Premium plugin v27.5 (Yoast SEO v27.5) - https:\/\/yoast.com\/product\/yoast-seo-premium-wordpress\/ -->\n<title>Raymarine ST60 Wind Transducer Service Kit - NavSystems Mereelektroonika<\/title>\n<meta name=\"description\" content=\"Raymarine ST60 Wind Vane tuuleanduri varuosa komplekt \u2013 sisaldab tuulekiiruse kulpe, suuna labat ja kinnituskruvisid. Taasta oma tuuleanduri t\u00e4psus ja t\u00f6\u00f6kindlus kiiresti ja lihtsalt.\" \/>\n<meta name=\"robots\" content=\"index, follow, max-snippet:-1, max-image-preview:large, max-video-preview:-1\" \/>\n<link rel=\"canonical\" href=\"https:\/\/raymarine.ee\/en\/product\/raymarine-st60-wind-transducer-service-kit\/\" \/>\n<meta property=\"og:locale\" content=\"en_GB\" \/>\n<meta property=\"og:type\" content=\"article\" \/>\n<meta property=\"og:title\" content=\"Raymarine ST60 Wind Transducer Service Kit\" \/>\n<meta property=\"og:description\" content=\"Raymarine ST60 Wind Vane tuuleanduri varuosa komplekt \u2013 sisaldab tuulekiiruse kulpe, suuna labat ja kinnituskruvisid. Taasta oma tuuleanduri t\u00e4psus ja t\u00f6\u00f6kindlus kiiresti ja lihtsalt.\" \/>\n<meta property=\"og:url\" content=\"https:\/\/raymarine.ee\/en\/product\/raymarine-st60-wind-transducer-service-kit\/\" \/>\n<meta property=\"og:site_name\" content=\"NavSystems\" \/>\n<meta property=\"article:publisher\" content=\"https:\/\/www.facebook.com\/NavSystems\" \/>\n<meta property=\"article:modified_time\" content=\"2026-04-11T09:37:57+00:00\" \/>\n<meta property=\"og:image\" content=\"https:\/\/raymarine.ee\/wp-content\/uploads\/2025\/01\/3b6ba242-6d5d-48c4-bc8a-887799b78c5d.webp\" \/>\n\t<meta property=\"og:image:width\" content=\"1024\" \/>\n\t<meta property=\"og:image:height\" content=\"1024\" \/>\n\t<meta property=\"og:image:type\" content=\"image\/webp\" \/>\n<meta name=\"twitter:card\" content=\"summary_large_image\" \/>\n<meta name=\"twitter:label1\" content=\"Price\" \/>\n\t<meta name=\"twitter:data1\" content=\"82,50&nbsp;&euro;\" \/>\n\t<meta name=\"twitter:label2\" content=\"Availability\" \/>\n\t<meta name=\"twitter:data2\" content=\"In stock\" \/>\n<script type=\"application\/ld+json\" class=\"yoast-schema-graph\">{\"@context\":\"https:\\\/\\\/schema.org\",\"@graph\":[{\"@type\":\"WebPage\",\"@id\":\"https:\\\/\\\/raymarine.ee\\\/product\\\/raymarine-st60-wind-transducer-service-kit\\\/\",\"url\":\"https:\\\/\\\/raymarine.ee\\\/product\\\/raymarine-st60-wind-transducer-service-kit\\\/\",\"name\":\"Raymarine ST60 Wind Transducer Service Kit - NavSystems Mereelektroonika\",\"isPartOf\":{\"@id\":\"https:\\\/\\\/raymarine.ee\\\/#website\"},\"primaryImageOfPage\":{\"@id\":\"https:\\\/\\\/raymarine.ee\\\/product\\\/raymarine-st60-wind-transducer-service-kit\\\/#primaryimage\"},\"image\":{\"@id\":\"https:\\\/\\\/raymarine.ee\\\/product\\\/raymarine-st60-wind-transducer-service-kit\\\/#primaryimage\"},\"thumbnailUrl\":\"https:\\\/\\\/raymarine.ee\\\/wp-content\\\/uploads\\\/2025\\\/01\\\/3b6ba242-6d5d-48c4-bc8a-887799b78c5d.webp\",\"datePublished\":\"2025-01-03T20:28:28+00:00\",\"dateModified\":\"2026-04-11T09:37:57+00:00\",\"description\":\"Raymarine ST60 Wind Vane tuuleanduri varuosa komplekt \u2013 sisaldab tuulekiiruse kulpe, suuna labat ja kinnituskruvisid. Taasta oma tuuleanduri t\u00e4psus ja t\u00f6\u00f6kindlus kiiresti ja lihtsalt.\",\"breadcrumb\":{\"@id\":\"https:\\\/\\\/raymarine.ee\\\/product\\\/raymarine-st60-wind-transducer-service-kit\\\/#breadcrumb\"},\"inLanguage\":\"en-GB\",\"potentialAction\":[{\"@type\":\"ReadAction\",\"target\":[\"https:\\\/\\\/raymarine.ee\\\/product\\\/raymarine-st60-wind-transducer-service-kit\\\/\"]}]},{\"@type\":\"ImageObject\",\"inLanguage\":\"en-GB\",\"@id\":\"https:\\\/\\\/raymarine.ee\\\/product\\\/raymarine-st60-wind-transducer-service-kit\\\/#primaryimage\",\"url\":\"https:\\\/\\\/raymarine.ee\\\/wp-content\\\/uploads\\\/2025\\\/01\\\/3b6ba242-6d5d-48c4-bc8a-887799b78c5d.webp\",\"contentUrl\":\"https:\\\/\\\/raymarine.ee\\\/wp-content\\\/uploads\\\/2025\\\/01\\\/3b6ba242-6d5d-48c4-bc8a-887799b78c5d.webp\",\"width\":1024,\"height\":1024},{\"@type\":\"BreadcrumbList\",\"@id\":\"https:\\\/\\\/raymarine.ee\\\/product\\\/raymarine-st60-wind-transducer-service-kit\\\/#breadcrumb\",\"itemListElement\":[{\"@type\":\"ListItem\",\"position\":1,\"name\":\"Home\",\"item\":\"https:\\\/\\\/raymarine.ee\\\/\"},{\"@type\":\"ListItem\",\"position\":2,\"name\":\"Tooted\",\"item\":\"https:\\\/\\\/raymarine.ee\\\/shop\\\/\"},{\"@type\":\"ListItem\",\"position\":3,\"name\":\"Raymarine ST60 Wind Transducer Service Kit\"}]},{\"@type\":\"WebSite\",\"@id\":\"https:\\\/\\\/raymarine.ee\\\/#website\",\"url\":\"https:\\\/\\\/raymarine.ee\\\/\",\"name\":\"www.raymarine.ee\",\"description\":\"Mereelektroonika, kaardiplotter, autopiloot, pinnipiloot, roolipiloot, radar, AIS, VHF, Smart Wind\",\"publisher\":{\"@id\":\"https:\\\/\\\/raymarine.ee\\\/#organization\"},\"alternateName\":\"Raymarine\",\"potentialAction\":[{\"@type\":\"SearchAction\",\"target\":{\"@type\":\"EntryPoint\",\"urlTemplate\":\"https:\\\/\\\/raymarine.ee\\\/?s={search_term_string}\"},\"query-input\":{\"@type\":\"PropertyValueSpecification\",\"valueRequired\":true,\"valueName\":\"search_term_string\"}}],\"inLanguage\":\"en-GB\"},{\"@type\":\"Organization\",\"@id\":\"https:\\\/\\\/raymarine.ee\\\/#organization\",\"name\":\"NavSystems O\u00dc\",\"url\":\"https:\\\/\\\/raymarine.ee\\\/\",\"logo\":{\"@type\":\"ImageObject\",\"inLanguage\":\"en-GB\",\"@id\":\"https:\\\/\\\/raymarine.ee\\\/#\\\/schema\\\/logo\\\/image\\\/\",\"url\":\"https:\\\/\\\/raymarine.ee\\\/wp-content\\\/uploads\\\/2024\\\/10\\\/Screenshot-2024-10-15-151324_bg_removed.webp\",\"contentUrl\":\"https:\\\/\\\/raymarine.ee\\\/wp-content\\\/uploads\\\/2024\\\/10\\\/Screenshot-2024-10-15-151324_bg_removed.webp\",\"width\":420,\"height\":276,\"caption\":\"NavSystems O\u00dc\"},\"image\":{\"@id\":\"https:\\\/\\\/raymarine.ee\\\/#\\\/schema\\\/logo\\\/image\\\/\"},\"sameAs\":[\"https:\\\/\\\/www.facebook.com\\\/NavSystems\"],\"legalName\":\"NavSystems O\u00dc\",\"foundingDate\":\"2011-05-03\",\"numberOfEmployees\":{\"@type\":\"QuantitativeValue\",\"minValue\":\"1\",\"maxValue\":\"10\"}}]}<\/script>\n<meta property=\"product:price:amount\" content=\"82.50\" \/>\n<meta property=\"product:price:currency\" content=\"EUR\" \/>\n<meta property=\"og:availability\" content=\"instock\" \/>\n<meta property=\"product:availability\" content=\"instock\" \/>\n<meta property=\"product:retailer_item_id\" content=\"A28167\" \/>\n<meta property=\"product:condition\" content=\"new\" \/>\n<!-- \/ Yoast SEO Premium plugin. -->","yoast_head_json":{"title":"Raymarine ST60 Wind Transducer Service Kit - NavSystems Mereelektroonika","description":"Raymarine ST60 Wind Vane tuuleanduri varuosa komplekt \u2013 sisaldab tuulekiiruse kulpe, suuna labat ja kinnituskruvisid. Taasta oma tuuleanduri t\u00e4psus ja t\u00f6\u00f6kindlus kiiresti ja lihtsalt.","robots":{"index":"index","follow":"follow","max-snippet":"max-snippet:-1","max-image-preview":"max-image-preview:large","max-video-preview":"max-video-preview:-1"},"canonical":"https:\/\/raymarine.ee\/en\/product\/raymarine-st60-wind-transducer-service-kit\/","og_locale":"en_GB","og_type":"article","og_title":"Raymarine ST60 Wind Transducer Service Kit","og_description":"Raymarine ST60 Wind Vane tuuleanduri varuosa komplekt \u2013 sisaldab tuulekiiruse kulpe, suuna labat ja kinnituskruvisid. Taasta oma tuuleanduri t\u00e4psus ja t\u00f6\u00f6kindlus kiiresti ja lihtsalt.","og_url":"https:\/\/raymarine.ee\/en\/product\/raymarine-st60-wind-transducer-service-kit\/","og_site_name":"NavSystems","article_publisher":"https:\/\/www.facebook.com\/NavSystems","article_modified_time":"2026-04-11T09:37:57+00:00","og_image":[{"width":1024,"height":1024,"url":"https:\/\/raymarine.ee\/wp-content\/uploads\/2025\/01\/3b6ba242-6d5d-48c4-bc8a-887799b78c5d.webp","type":"image\/webp"}],"twitter_card":"summary_large_image","twitter_misc":{"Price":"82,50&nbsp;&euro;","Availability":"In stock"},"schema":{"@context":"https:\/\/schema.org","@graph":[{"@type":"WebPage","@id":"https:\/\/raymarine.ee\/product\/raymarine-st60-wind-transducer-service-kit\/","url":"https:\/\/raymarine.ee\/product\/raymarine-st60-wind-transducer-service-kit\/","name":"Raymarine ST60 Wind Transducer Service Kit - NavSystems Mereelektroonika","isPartOf":{"@id":"https:\/\/raymarine.ee\/#website"},"primaryImageOfPage":{"@id":"https:\/\/raymarine.ee\/product\/raymarine-st60-wind-transducer-service-kit\/#primaryimage"},"image":{"@id":"https:\/\/raymarine.ee\/product\/raymarine-st60-wind-transducer-service-kit\/#primaryimage"},"thumbnailUrl":"https:\/\/raymarine.ee\/wp-content\/uploads\/2025\/01\/3b6ba242-6d5d-48c4-bc8a-887799b78c5d.webp","datePublished":"2025-01-03T20:28:28+00:00","dateModified":"2026-04-11T09:37:57+00:00","description":"Raymarine ST60 Wind Vane tuuleanduri varuosa komplekt \u2013 sisaldab tuulekiiruse kulpe, suuna labat ja kinnituskruvisid. Taasta oma tuuleanduri t\u00e4psus ja t\u00f6\u00f6kindlus kiiresti ja lihtsalt.","breadcrumb":{"@id":"https:\/\/raymarine.ee\/product\/raymarine-st60-wind-transducer-service-kit\/#breadcrumb"},"inLanguage":"en-GB","potentialAction":[{"@type":"ReadAction","target":["https:\/\/raymarine.ee\/product\/raymarine-st60-wind-transducer-service-kit\/"]}]},{"@type":"ImageObject","inLanguage":"en-GB","@id":"https:\/\/raymarine.ee\/product\/raymarine-st60-wind-transducer-service-kit\/#primaryimage","url":"https:\/\/raymarine.ee\/wp-content\/uploads\/2025\/01\/3b6ba242-6d5d-48c4-bc8a-887799b78c5d.webp","contentUrl":"https:\/\/raymarine.ee\/wp-content\/uploads\/2025\/01\/3b6ba242-6d5d-48c4-bc8a-887799b78c5d.webp","width":1024,"height":1024},{"@type":"BreadcrumbList","@id":"https:\/\/raymarine.ee\/product\/raymarine-st60-wind-transducer-service-kit\/#breadcrumb","itemListElement":[{"@type":"ListItem","position":1,"name":"Home","item":"https:\/\/raymarine.ee\/"},{"@type":"ListItem","position":2,"name":"Tooted","item":"https:\/\/raymarine.ee\/shop\/"},{"@type":"ListItem","position":3,"name":"Raymarine ST60 Wind Transducer Service Kit"}]},{"@type":"WebSite","@id":"https:\/\/raymarine.ee\/#website","url":"https:\/\/raymarine.ee\/","name":"www.raymarine.ee","description":"Mereelektroonika, kaardiplotter, autopiloot, pinnipiloot, roolipiloot, radar, AIS, VHF, Smart Wind","publisher":{"@id":"https:\/\/raymarine.ee\/#organization"},"alternateName":"Raymarine","potentialAction":[{"@type":"SearchAction","target":{"@type":"EntryPoint","urlTemplate":"https:\/\/raymarine.ee\/?s={search_term_string}"},"query-input":{"@type":"PropertyValueSpecification","valueRequired":true,"valueName":"search_term_string"}}],"inLanguage":"en-GB"},{"@type":"Organization","@id":"https:\/\/raymarine.ee\/#organization","name":"NavSystems O\u00dc","url":"https:\/\/raymarine.ee\/","logo":{"@type":"ImageObject","inLanguage":"en-GB","@id":"https:\/\/raymarine.ee\/#\/schema\/logo\/image\/","url":"https:\/\/raymarine.ee\/wp-content\/uploads\/2024\/10\/Screenshot-2024-10-15-151324_bg_removed.webp","contentUrl":"https:\/\/raymarine.ee\/wp-content\/uploads\/2024\/10\/Screenshot-2024-10-15-151324_bg_removed.webp","width":420,"height":276,"caption":"NavSystems O\u00dc"},"image":{"@id":"https:\/\/raymarine.ee\/#\/schema\/logo\/image\/"},"sameAs":["https:\/\/www.facebook.com\/NavSystems"],"legalName":"NavSystems O\u00dc","foundingDate":"2011-05-03","numberOfEmployees":{"@type":"QuantitativeValue","minValue":"1","maxValue":"10"}}]},"product_price_amount":"82.50","product_price_currency":"EUR","og_availability":"instock","product_availability":"instock","product_retailer_item_id":"A28167","product_condition":"new"},"jetpack_sharing_enabled":true,"_links":{"self":[{"href":"https:\/\/raymarine.ee\/en\/wp-json\/wp\/v2\/product\/6457","targetHints":{"allow":["GET"]}}],"collection":[{"href":"https:\/\/raymarine.ee\/en\/wp-json\/wp\/v2\/product"}],"about":[{"href":"https:\/\/raymarine.ee\/en\/wp-json\/wp\/v2\/types\/product"}],"wp:featuredmedia":[{"embeddable":true,"href":"https:\/\/raymarine.ee\/en\/wp-json\/wp\/v2\/media\/7713"}],"wp:attachment":[{"href":"https:\/\/raymarine.ee\/en\/wp-json\/wp\/v2\/media?parent=6457"}],"wp:term":[{"taxonomy":"product_brand","embeddable":true,"href":"https:\/\/raymarine.ee\/en\/wp-json\/wp\/v2\/product_brand?post=6457"},{"taxonomy":"product_cat","embeddable":true,"href":"https:\/\/raymarine.ee\/en\/wp-json\/wp\/v2\/product_cat?post=6457"},{"taxonomy":"product_tag","embeddable":true,"href":"https:\/\/raymarine.ee\/en\/wp-json\/wp\/v2\/product_tag?post=6457"}],"curies":[{"name":"wp","href":"https:\/\/api.w.org\/{rel}","templated":true}]}}