{"id":6458,"date":"2025-01-03T20:23:09","date_gmt":"2025-01-03T20:23:09","guid":{"rendered":"https:\/\/raymarine.ee\/?post_type=product&#038;p=6458"},"modified":"2026-04-28T20:54:25","modified_gmt":"2026-04-28T17:54:25","slug":"raymarine-wind-vane-mast-cable-30m-and-connector","status":"publish","type":"product","link":"https:\/\/raymarine.ee\/en\/product\/raymarine-wind-vane-mast-cable-30m-and-connector\/","title":{"rendered":"Raymarine Wind Vane mast Cable 30m and Connector"},"content":{"rendered":"<p data-start=\"60\" data-end=\"123\"><strong data-start=\"60\" data-end=\"123\">Raymarine Wind Vane 30m mastikaabel koos anduri kinnitusega<\/strong><\/p>\n<p data-start=\"125\" data-end=\"511\">Raymarine Wind Vane 30-meetrine mastikaabel v\u00f5imaldab \u00fchendada tuuleanduri kindlalt ja t\u00f6\u00f6kindlalt mastitipust pardasisestesse seadmetesse. Kaabel on varustatud spetsiaalse mastitopi pistikuga ja sobiva andurikinnitusega, tagades lihtsa ja turvalise paigalduse. Sobib kasutamiseks Raymarine tuuleanduritega, pakkudes usaldusv\u00e4\u00e4rset andmeedastust ka k\u00f5ige n\u00f5udlikemates purjetamisoludes.<\/p>\n<p data-start=\"513\" data-end=\"526\"><strong data-start=\"513\" data-end=\"526\">Omadused:<\/strong><\/p>\n<ul data-start=\"527\" data-end=\"767\">\n<li data-start=\"527\" data-end=\"565\">\n<p data-start=\"529\" data-end=\"565\">30 meetrit kvaliteetset mastikaablit<\/p>\n<\/li>\n<li data-start=\"566\" data-end=\"608\">\n<p data-start=\"568\" data-end=\"608\">Komplektis anduri kinnitusmast ja pistik<\/p>\n<\/li>\n<li data-start=\"609\" data-end=\"652\">\n<p data-start=\"611\" data-end=\"652\">Sobib Raymarine Wind Vane tuuleanduritele<\/p>\n<\/li>\n<li data-start=\"653\" data-end=\"715\">\n<p data-start=\"655\" data-end=\"715\">Vastupidav ilmastiku- ja UV-kiirguse kaitsega konstruktsioon<\/p>\n<\/li>\n<li data-start=\"716\" data-end=\"767\">\n<p data-start=\"718\" data-end=\"767\">M\u00f5eldud pikaajalise ja kindla \u00fchenduse tagamiseks<\/p>\n<\/li>\n<\/ul>","protected":false},"excerpt":{"rendered":"<p>Raymarine Wind Vane 30m mastikaabel koos anduri kinnitusega.<\/p>","protected":false},"featured_media":7701,"template":"","meta":{"_acf_changed":false},"product_brand":[134],"product_cat":[69,70,72,103],"product_tag":[],"class_list":{"0":"post-6458","1":"product","2":"type-product","3":"status-publish","4":"has-post-thumbnail","6":"product_brand-raymarine","7":"product_cat-i50_i60","8":"product_cat-i70_alpha","9":"product_cat-tarvikud","10":"product_cat-raymarine","12":"first","13":"instock","14":"sale","15":"featured","16":"taxable","17":"shipping-taxable","18":"purchasable","19":"product-type-simple"},"acf":[],"yoast_head":"<!-- This site is optimized with the Yoast SEO Premium plugin v27.5 (Yoast SEO v27.5) - https:\/\/yoast.com\/product\/yoast-seo-premium-wordpress\/ -->\n<title>Raymarine Wind Vane mast Cable 30m and Connector - NavSystems Mereelektroonika<\/title>\n<meta name=\"description\" content=\"Raymarine Wind Vane 30m mastikaabel koos anduri kinnitusega tagab lihtsa ja t\u00f6\u00f6kindla tuuleanduri \u00fchenduse mastitipust pardasiseste seadmeteni.\" \/>\n<meta name=\"robots\" content=\"index, follow, max-snippet:-1, max-image-preview:large, max-video-preview:-1\" \/>\n<link rel=\"canonical\" href=\"https:\/\/raymarine.ee\/en\/product\/raymarine-wind-vane-mast-cable-30m-and-connector\/\" \/>\n<meta property=\"og:locale\" content=\"en_GB\" \/>\n<meta property=\"og:type\" content=\"article\" \/>\n<meta property=\"og:title\" content=\"Raymarine Wind Vane mast Cable 30m and Connector\" \/>\n<meta property=\"og:description\" content=\"Raymarine Wind Vane 30m mastikaabel koos anduri kinnitusega tagab lihtsa ja t\u00f6\u00f6kindla tuuleanduri \u00fchenduse mastitipust pardasiseste seadmeteni.\" \/>\n<meta property=\"og:url\" content=\"https:\/\/raymarine.ee\/en\/product\/raymarine-wind-vane-mast-cable-30m-and-connector\/\" \/>\n<meta property=\"og:site_name\" content=\"NavSystems\" \/>\n<meta property=\"article:publisher\" content=\"https:\/\/www.facebook.com\/NavSystems\" \/>\n<meta property=\"article:modified_time\" content=\"2026-04-28T17:54:25+00:00\" \/>\n<meta property=\"og:image\" content=\"https:\/\/raymarine.ee\/wp-content\/uploads\/2025\/01\/337f6013-f503-43ca-881d-7694027c353e.webp\" \/>\n\t<meta property=\"og:image:width\" content=\"1024\" \/>\n\t<meta property=\"og:image:height\" content=\"1024\" \/>\n\t<meta property=\"og:image:type\" content=\"image\/webp\" \/>\n<meta name=\"twitter:card\" content=\"summary_large_image\" \/>\n<meta name=\"twitter:label1\" content=\"Price\" \/>\n\t<meta name=\"twitter:data1\" content=\"178,00&nbsp;&euro;\" \/>\n\t<meta name=\"twitter:label2\" content=\"Availability\" \/>\n\t<meta name=\"twitter:data2\" content=\"In stock\" \/>\n<script type=\"application\/ld+json\" class=\"yoast-schema-graph\">{\"@context\":\"https:\\\/\\\/schema.org\",\"@graph\":[{\"@type\":\"WebPage\",\"@id\":\"https:\\\/\\\/raymarine.ee\\\/product\\\/raymarine-wind-vane-mast-cable-30m-and-connector\\\/\",\"url\":\"https:\\\/\\\/raymarine.ee\\\/product\\\/raymarine-wind-vane-mast-cable-30m-and-connector\\\/\",\"name\":\"Raymarine Wind Vane mast Cable 30m and Connector - NavSystems Mereelektroonika\",\"isPartOf\":{\"@id\":\"https:\\\/\\\/raymarine.ee\\\/#website\"},\"primaryImageOfPage\":{\"@id\":\"https:\\\/\\\/raymarine.ee\\\/product\\\/raymarine-wind-vane-mast-cable-30m-and-connector\\\/#primaryimage\"},\"image\":{\"@id\":\"https:\\\/\\\/raymarine.ee\\\/product\\\/raymarine-wind-vane-mast-cable-30m-and-connector\\\/#primaryimage\"},\"thumbnailUrl\":\"https:\\\/\\\/raymarine.ee\\\/wp-content\\\/uploads\\\/2025\\\/01\\\/337f6013-f503-43ca-881d-7694027c353e.webp\",\"datePublished\":\"2025-01-03T20:23:09+00:00\",\"dateModified\":\"2026-04-28T17:54:25+00:00\",\"description\":\"Raymarine Wind Vane 30m mastikaabel koos anduri kinnitusega tagab lihtsa ja t\u00f6\u00f6kindla tuuleanduri \u00fchenduse mastitipust pardasiseste seadmeteni.\",\"breadcrumb\":{\"@id\":\"https:\\\/\\\/raymarine.ee\\\/product\\\/raymarine-wind-vane-mast-cable-30m-and-connector\\\/#breadcrumb\"},\"inLanguage\":\"en-GB\",\"potentialAction\":[{\"@type\":\"ReadAction\",\"target\":[\"https:\\\/\\\/raymarine.ee\\\/product\\\/raymarine-wind-vane-mast-cable-30m-and-connector\\\/\"]}]},{\"@type\":\"ImageObject\",\"inLanguage\":\"en-GB\",\"@id\":\"https:\\\/\\\/raymarine.ee\\\/product\\\/raymarine-wind-vane-mast-cable-30m-and-connector\\\/#primaryimage\",\"url\":\"https:\\\/\\\/raymarine.ee\\\/wp-content\\\/uploads\\\/2025\\\/01\\\/337f6013-f503-43ca-881d-7694027c353e.webp\",\"contentUrl\":\"https:\\\/\\\/raymarine.ee\\\/wp-content\\\/uploads\\\/2025\\\/01\\\/337f6013-f503-43ca-881d-7694027c353e.webp\",\"width\":1024,\"height\":1024},{\"@type\":\"BreadcrumbList\",\"@id\":\"https:\\\/\\\/raymarine.ee\\\/product\\\/raymarine-wind-vane-mast-cable-30m-and-connector\\\/#breadcrumb\",\"itemListElement\":[{\"@type\":\"ListItem\",\"position\":1,\"name\":\"Home\",\"item\":\"https:\\\/\\\/raymarine.ee\\\/\"},{\"@type\":\"ListItem\",\"position\":2,\"name\":\"Tooted\",\"item\":\"https:\\\/\\\/raymarine.ee\\\/shop\\\/\"},{\"@type\":\"ListItem\",\"position\":3,\"name\":\"Raymarine Wind Vane mast Cable 30m and Connector\"}]},{\"@type\":\"WebSite\",\"@id\":\"https:\\\/\\\/raymarine.ee\\\/#website\",\"url\":\"https:\\\/\\\/raymarine.ee\\\/\",\"name\":\"www.raymarine.ee\",\"description\":\"Mereelektroonika, kaardiplotter, autopiloot, pinnipiloot, roolipiloot, radar, AIS, VHF, Smart Wind\",\"publisher\":{\"@id\":\"https:\\\/\\\/raymarine.ee\\\/#organization\"},\"alternateName\":\"Raymarine\",\"potentialAction\":[{\"@type\":\"SearchAction\",\"target\":{\"@type\":\"EntryPoint\",\"urlTemplate\":\"https:\\\/\\\/raymarine.ee\\\/?s={search_term_string}\"},\"query-input\":{\"@type\":\"PropertyValueSpecification\",\"valueRequired\":true,\"valueName\":\"search_term_string\"}}],\"inLanguage\":\"en-GB\"},{\"@type\":\"Organization\",\"@id\":\"https:\\\/\\\/raymarine.ee\\\/#organization\",\"name\":\"NavSystems O\u00dc\",\"url\":\"https:\\\/\\\/raymarine.ee\\\/\",\"logo\":{\"@type\":\"ImageObject\",\"inLanguage\":\"en-GB\",\"@id\":\"https:\\\/\\\/raymarine.ee\\\/#\\\/schema\\\/logo\\\/image\\\/\",\"url\":\"https:\\\/\\\/raymarine.ee\\\/wp-content\\\/uploads\\\/2024\\\/10\\\/Screenshot-2024-10-15-151324_bg_removed.webp\",\"contentUrl\":\"https:\\\/\\\/raymarine.ee\\\/wp-content\\\/uploads\\\/2024\\\/10\\\/Screenshot-2024-10-15-151324_bg_removed.webp\",\"width\":420,\"height\":276,\"caption\":\"NavSystems O\u00dc\"},\"image\":{\"@id\":\"https:\\\/\\\/raymarine.ee\\\/#\\\/schema\\\/logo\\\/image\\\/\"},\"sameAs\":[\"https:\\\/\\\/www.facebook.com\\\/NavSystems\"],\"legalName\":\"NavSystems O\u00dc\",\"foundingDate\":\"2011-05-03\",\"numberOfEmployees\":{\"@type\":\"QuantitativeValue\",\"minValue\":\"1\",\"maxValue\":\"10\"}}]}<\/script>\n<meta property=\"product:price:amount\" content=\"178.00\" \/>\n<meta property=\"product:price:currency\" content=\"EUR\" \/>\n<meta property=\"og:availability\" content=\"instock\" \/>\n<meta property=\"product:availability\" content=\"instock\" \/>\n<meta property=\"product:retailer_item_id\" content=\"A28162\" \/>\n<meta property=\"product:condition\" content=\"new\" \/>\n<!-- \/ Yoast SEO Premium plugin. -->","yoast_head_json":{"title":"Raymarine Wind Vane mast Cable 30m and Connector - NavSystems Mereelektroonika","description":"Raymarine Wind Vane 30m mastikaabel koos anduri kinnitusega tagab lihtsa ja t\u00f6\u00f6kindla tuuleanduri \u00fchenduse mastitipust pardasiseste seadmeteni.","robots":{"index":"index","follow":"follow","max-snippet":"max-snippet:-1","max-image-preview":"max-image-preview:large","max-video-preview":"max-video-preview:-1"},"canonical":"https:\/\/raymarine.ee\/en\/product\/raymarine-wind-vane-mast-cable-30m-and-connector\/","og_locale":"en_GB","og_type":"article","og_title":"Raymarine Wind Vane mast Cable 30m and Connector","og_description":"Raymarine Wind Vane 30m mastikaabel koos anduri kinnitusega tagab lihtsa ja t\u00f6\u00f6kindla tuuleanduri \u00fchenduse mastitipust pardasiseste seadmeteni.","og_url":"https:\/\/raymarine.ee\/en\/product\/raymarine-wind-vane-mast-cable-30m-and-connector\/","og_site_name":"NavSystems","article_publisher":"https:\/\/www.facebook.com\/NavSystems","article_modified_time":"2026-04-28T17:54:25+00:00","og_image":[{"width":1024,"height":1024,"url":"https:\/\/raymarine.ee\/wp-content\/uploads\/2025\/01\/337f6013-f503-43ca-881d-7694027c353e.webp","type":"image\/webp"}],"twitter_card":"summary_large_image","twitter_misc":{"Price":"178,00&nbsp;&euro;","Availability":"In stock"},"schema":{"@context":"https:\/\/schema.org","@graph":[{"@type":"WebPage","@id":"https:\/\/raymarine.ee\/product\/raymarine-wind-vane-mast-cable-30m-and-connector\/","url":"https:\/\/raymarine.ee\/product\/raymarine-wind-vane-mast-cable-30m-and-connector\/","name":"Raymarine Wind Vane mast Cable 30m and Connector - NavSystems Mereelektroonika","isPartOf":{"@id":"https:\/\/raymarine.ee\/#website"},"primaryImageOfPage":{"@id":"https:\/\/raymarine.ee\/product\/raymarine-wind-vane-mast-cable-30m-and-connector\/#primaryimage"},"image":{"@id":"https:\/\/raymarine.ee\/product\/raymarine-wind-vane-mast-cable-30m-and-connector\/#primaryimage"},"thumbnailUrl":"https:\/\/raymarine.ee\/wp-content\/uploads\/2025\/01\/337f6013-f503-43ca-881d-7694027c353e.webp","datePublished":"2025-01-03T20:23:09+00:00","dateModified":"2026-04-28T17:54:25+00:00","description":"Raymarine Wind Vane 30m mastikaabel koos anduri kinnitusega tagab lihtsa ja t\u00f6\u00f6kindla tuuleanduri \u00fchenduse mastitipust pardasiseste seadmeteni.","breadcrumb":{"@id":"https:\/\/raymarine.ee\/product\/raymarine-wind-vane-mast-cable-30m-and-connector\/#breadcrumb"},"inLanguage":"en-GB","potentialAction":[{"@type":"ReadAction","target":["https:\/\/raymarine.ee\/product\/raymarine-wind-vane-mast-cable-30m-and-connector\/"]}]},{"@type":"ImageObject","inLanguage":"en-GB","@id":"https:\/\/raymarine.ee\/product\/raymarine-wind-vane-mast-cable-30m-and-connector\/#primaryimage","url":"https:\/\/raymarine.ee\/wp-content\/uploads\/2025\/01\/337f6013-f503-43ca-881d-7694027c353e.webp","contentUrl":"https:\/\/raymarine.ee\/wp-content\/uploads\/2025\/01\/337f6013-f503-43ca-881d-7694027c353e.webp","width":1024,"height":1024},{"@type":"BreadcrumbList","@id":"https:\/\/raymarine.ee\/product\/raymarine-wind-vane-mast-cable-30m-and-connector\/#breadcrumb","itemListElement":[{"@type":"ListItem","position":1,"name":"Home","item":"https:\/\/raymarine.ee\/"},{"@type":"ListItem","position":2,"name":"Tooted","item":"https:\/\/raymarine.ee\/shop\/"},{"@type":"ListItem","position":3,"name":"Raymarine Wind Vane mast Cable 30m and Connector"}]},{"@type":"WebSite","@id":"https:\/\/raymarine.ee\/#website","url":"https:\/\/raymarine.ee\/","name":"www.raymarine.ee","description":"Mereelektroonika, kaardiplotter, autopiloot, pinnipiloot, roolipiloot, radar, AIS, VHF, Smart Wind","publisher":{"@id":"https:\/\/raymarine.ee\/#organization"},"alternateName":"Raymarine","potentialAction":[{"@type":"SearchAction","target":{"@type":"EntryPoint","urlTemplate":"https:\/\/raymarine.ee\/?s={search_term_string}"},"query-input":{"@type":"PropertyValueSpecification","valueRequired":true,"valueName":"search_term_string"}}],"inLanguage":"en-GB"},{"@type":"Organization","@id":"https:\/\/raymarine.ee\/#organization","name":"NavSystems O\u00dc","url":"https:\/\/raymarine.ee\/","logo":{"@type":"ImageObject","inLanguage":"en-GB","@id":"https:\/\/raymarine.ee\/#\/schema\/logo\/image\/","url":"https:\/\/raymarine.ee\/wp-content\/uploads\/2024\/10\/Screenshot-2024-10-15-151324_bg_removed.webp","contentUrl":"https:\/\/raymarine.ee\/wp-content\/uploads\/2024\/10\/Screenshot-2024-10-15-151324_bg_removed.webp","width":420,"height":276,"caption":"NavSystems O\u00dc"},"image":{"@id":"https:\/\/raymarine.ee\/#\/schema\/logo\/image\/"},"sameAs":["https:\/\/www.facebook.com\/NavSystems"],"legalName":"NavSystems O\u00dc","foundingDate":"2011-05-03","numberOfEmployees":{"@type":"QuantitativeValue","minValue":"1","maxValue":"10"}}]},"product_price_amount":"178.00","product_price_currency":"EUR","og_availability":"instock","product_availability":"instock","product_retailer_item_id":"A28162","product_condition":"new"},"jetpack_sharing_enabled":true,"_links":{"self":[{"href":"https:\/\/raymarine.ee\/en\/wp-json\/wp\/v2\/product\/6458","targetHints":{"allow":["GET"]}}],"collection":[{"href":"https:\/\/raymarine.ee\/en\/wp-json\/wp\/v2\/product"}],"about":[{"href":"https:\/\/raymarine.ee\/en\/wp-json\/wp\/v2\/types\/product"}],"wp:featuredmedia":[{"embeddable":true,"href":"https:\/\/raymarine.ee\/en\/wp-json\/wp\/v2\/media\/7701"}],"wp:attachment":[{"href":"https:\/\/raymarine.ee\/en\/wp-json\/wp\/v2\/media?parent=6458"}],"wp:term":[{"taxonomy":"product_brand","embeddable":true,"href":"https:\/\/raymarine.ee\/en\/wp-json\/wp\/v2\/product_brand?post=6458"},{"taxonomy":"product_cat","embeddable":true,"href":"https:\/\/raymarine.ee\/en\/wp-json\/wp\/v2\/product_cat?post=6458"},{"taxonomy":"product_tag","embeddable":true,"href":"https:\/\/raymarine.ee\/en\/wp-json\/wp\/v2\/product_tag?post=6458"}],"curies":[{"name":"wp","href":"https:\/\/api.w.org\/{rel}","templated":true}]}}