{"id":6459,"date":"2025-01-03T20:26:20","date_gmt":"2025-01-03T20:26:20","guid":{"rendered":"https:\/\/raymarine.ee\/?post_type=product&#038;p=6459"},"modified":"2026-04-13T21:43:10","modified_gmt":"2026-04-13T18:43:10","slug":"raymarine-rsw-smart-performance-wind-transducer","status":"publish","type":"product","link":"https:\/\/raymarine.ee\/en\/product\/raymarine-rsw-smart-performance-wind-transducer\/","title":{"rendered":"Raymarine RSW Smart Performance Wind Transducer"},"content":{"rendered":"<p data-start=\"123\" data-end=\"168\"><strong data-start=\"123\" data-end=\"168\">Raymarine RSW Wired Smart Wind tuuleandur<\/strong><\/p>\n<p data-start=\"170\" data-end=\"378\">Raymarine RSW Wired Smart Wind tuuleandur on professionaalse tasemega tuuleandur, mis pakub \u00fclit\u00e4pset ja kalibreeritud tuulekiiruse ja -suuna n\u00e4itu. Standardkomplektis on 30 meetrine Smart Wind mastikaabel, RSW Gateway ja NMEA2000 Female &gt; STNG Female adapterkaabel.<\/p>\n<p data-start=\"380\" data-end=\"430\"><strong data-start=\"380\" data-end=\"430\">T\u00e4psed tuuleandurid \u2013 Smart Wind tehnoloogiaga<\/strong><\/p>\n<p data-start=\"432\" data-end=\"741\">Raymarine RSW tuuleandur on loodud vabaajas\u00f5itjate vajadusi arvestades. Integreeritud 3D liikumisanduri ja Raymarine Smart Wind\u2122 tehnoloogia abil tagab andur erakordse t\u00e4psuse nii tuulekiiruse, -suuna kui ka t\u00f5elise tuule ja polaarandmete m\u00f5\u00f5tmisel, aidates teha targemaid otsuseid v\u00f5istlus- ja j\u00f5udluss\u00f5idul.<\/p>\n<p data-start=\"743\" data-end=\"792\"><strong data-start=\"743\" data-end=\"792\">T\u00e4pselt h\u00e4\u00e4lestatud ja tuuletunnelis testitud<\/strong><\/p>\n<p data-start=\"794\" data-end=\"953\">RSW tuuleandur on hoolikalt tasakaalustatud ja h\u00e4\u00e4lestatud, et tagada mastitipust saadavad andmed maksimaalse t\u00e4psusega ja stabiilsusega ka keerulistes oludes.<\/p>\n<p data-start=\"955\" data-end=\"991\"><strong data-start=\"955\" data-end=\"991\">Smart Wind tehnoloogia omadused:<\/strong><\/p>\n<ul data-start=\"992\" data-end=\"1435\">\n<li data-start=\"992\" data-end=\"1143\">\n<p data-start=\"994\" data-end=\"1143\"><strong data-start=\"994\" data-end=\"1017\">Suurendatud t\u00e4psus:<\/strong> T\u00e4pne tuuleandur ilma kallite protsessorite ja keeruliste kalibreerimistabeliteta. Toetab ka p\u00f6\u00f6rlevaid mastiinstallatsioone.<\/p>\n<\/li>\n<li data-start=\"1144\" data-end=\"1303\">\n<p data-start=\"1146\" data-end=\"1303\"><strong data-start=\"1146\" data-end=\"1165\">Isekalibreeruv:<\/strong> Integreeritud 3D liikumisandur (AHRS tehnoloogia) arvestab aluse k\u00f5ikumist ja kallutamist, parandades automaatselt t\u00f5elise tuule t\u00e4psust.<\/p>\n<\/li>\n<li data-start=\"1304\" data-end=\"1435\">\n<p data-start=\"1306\" data-end=\"1435\"><strong data-start=\"1306\" data-end=\"1327\">Tark purjetamine:<\/strong> Kompenseerib purjede \u00fcmber tekkivat \u00f5huvoolu ja \u00fclesvoolu (upwash) m\u00f5ju, samuti masti v\u00e4\u00e4ndumist ja painet.<\/p>\n<\/li>\n<\/ul>\n<p data-start=\"1437\" data-end=\"1472\"><strong data-start=\"1437\" data-end=\"1472\">Lihtne paigaldus \u2013 Install &amp; Go<\/strong><\/p>\n<p data-start=\"1474\" data-end=\"1586\">RSW andur tagab professionaalse t\u00e4psuse ilma lisaprotsessoriteta ja keerulise seadistamiseta. \u00dchenda ja purjeta!<\/p>\n<p data-start=\"1588\" data-end=\"1612\"><strong data-start=\"1588\" data-end=\"1612\">Komplektis sisaldub:<\/strong><\/p>\n<ul data-start=\"1613\" data-end=\"1811\">\n<li data-start=\"1613\" data-end=\"1625\">\n<p data-start=\"1615\" data-end=\"1625\">Tuuleandur<\/p>\n<\/li>\n<li data-start=\"1626\" data-end=\"1652\">\n<p data-start=\"1628\" data-end=\"1652\">Smart Wind Wired Gateway<\/p>\n<\/li>\n<li data-start=\"1653\" data-end=\"1671\">\n<p data-start=\"1655\" data-end=\"1671\">30 m mastikaabel<\/p>\n<\/li>\n<li data-start=\"1672\" data-end=\"1717\">\n<p data-start=\"1674\" data-end=\"1717\">SeaTalk NG\u2013DeviceNet adapterkaabel (120 mm)<\/p>\n<\/li>\n<li data-start=\"1718\" data-end=\"1755\">\n<p data-start=\"1720\" data-end=\"1755\">Paigalduskruvid ja kinnitustarvikud<\/p>\n<\/li>\n<li data-start=\"1756\" data-end=\"1793\">\n<p data-start=\"1758\" data-end=\"1793\">Kuumakut\u00f5mbetoru ja maandusterminal<\/p>\n<\/li>\n<li data-start=\"1794\" data-end=\"1811\">\n<p data-start=\"1796\" data-end=\"1811\">Dokumentatsioon<\/p>\n<\/li>\n<\/ul>\n<p data-start=\"1813\" data-end=\"1835\"><strong data-start=\"1813\" data-end=\"1835\">Tehnilised andmed:<\/strong><\/p>\n<ul data-start=\"1836\" data-end=\"1981\">\n<li data-start=\"1836\" data-end=\"1857\">\n<p data-start=\"1838\" data-end=\"1857\">Kaabli pikkus: 30 m<\/p>\n<\/li>\n<li data-start=\"1858\" data-end=\"1905\">\n<p data-start=\"1860\" data-end=\"1905\">\u00dchenduvus: SeaTalk NG \/ NMEA2000 (adapteriga)<\/p>\n<\/li>\n<li data-start=\"1906\" data-end=\"1939\">\n<p data-start=\"1908\" data-end=\"1939\">Isekalibreeruv 3D liikumisandur<\/p>\n<\/li>\n<li data-start=\"1940\" data-end=\"1981\">\n<p data-start=\"1942\" data-end=\"1981\">Toetab masti p\u00f6\u00f6rlemise kompensatsiooni<\/p>\n<\/li>\n<\/ul>\n<p><strong>Juhendid:<\/strong><\/p>\n<p>Lae alla Raymarine <a href=\"https:\/\/raymarine.ee\/wp-content\/uploads\/2026\/04\/RSW-Wired-Smart-Wind-Transducer-Gateway-Installation-Instructions-87465-Rev-5-EN.pdf\" target=\"_blank\" rel=\"noopener\">RSW Wind paigaldusjuhend<\/a><\/p>\n<p>Lae alla i70s\u00a0<a href=\"https:\/\/raymarine.ee\/wp-content\/uploads\/2026\/04\/i70s-Installation-Instructions-87420-Rev-2-EN.pdf\" target=\"_blank\" rel=\"noopener\" data-wpel-link=\"internal\">paigaldusjuhend<\/a><\/p>\n<p>Lae alla i70 ja i70s\u00a0<a href=\"https:\/\/raymarine.ee\/wp-content\/uploads\/2026\/04\/i70-i70s-Instrument-Operation-Instructions-81401-Rev-6-EN.pdf\" target=\"_blank\" rel=\"noopener\" data-wpel-link=\"internal\">kasutusjuhend<\/a><\/p>","protected":false},"excerpt":{"rendered":"<p>Raymarine RSW Wired Smart Wind tuuleandur on professionaalse tasemega tuuleandur, mis pakub \u00fclit\u00e4pset ja kalibreeritud tuulekiiruse ja -suuna n\u00e4itu. Standardkomplektis on 30 meetrine Smart Wind mastikaabel, RSW Gateway ja NMEA2000 Female &gt; STNG Female adapterkaabel. Tutvu kindlasti ka selle komplekti juhenditega ja k\u00fcsimuste korral pea n\u00f5u meie spetsialistiga.<\/p>","protected":false},"featured_media":9723,"template":"","meta":{"_acf_changed":false},"product_brand":[134],"product_cat":[70,32,343,103],"product_tag":[],"class_list":{"0":"post-6459","1":"product","2":"type-product","3":"status-publish","4":"has-post-thumbnail","6":"product_brand-raymarine","7":"product_cat-i70_alpha","8":"product_cat-instruments","9":"product_cat-kampaaniad","10":"product_cat-raymarine","12":"first","13":"instock","14":"sale","15":"taxable","16":"shipping-taxable","17":"purchasable","18":"product-type-simple"},"acf":[],"yoast_head":"<!-- This site is optimized with the Yoast SEO Premium plugin v27.5 (Yoast SEO v27.5) - https:\/\/yoast.com\/product\/yoast-seo-premium-wordpress\/ -->\n<title>RSW Smart Wind tuuleandur \u2013 Professionaalne tase - NavSystems<\/title>\n<meta name=\"description\" content=\"Raymarine RSW Wired Smart Wind tuuleandur pakub \u00fclit\u00e4pset tuulekiiruse ja -suuna m\u00f5\u00f5tmist, isekalibreeruvat 3D liikumisandurit ning lihtsat paigaldust.\" \/>\n<meta name=\"robots\" content=\"index, follow, max-snippet:-1, max-image-preview:large, max-video-preview:-1\" \/>\n<link rel=\"canonical\" href=\"https:\/\/raymarine.ee\/en\/product\/raymarine-rsw-smart-performance-wind-transducer\/\" \/>\n<meta property=\"og:locale\" content=\"en_GB\" \/>\n<meta property=\"og:type\" content=\"article\" \/>\n<meta property=\"og:title\" content=\"Raymarine RSW Smart Performance Wind Transducer\" \/>\n<meta property=\"og:description\" content=\"Raymarine RSW Wired Smart Wind tuuleandur pakub \u00fclit\u00e4pset tuulekiiruse ja -suuna m\u00f5\u00f5tmist, isekalibreeruvat 3D liikumisandurit ning lihtsat paigaldust.\" \/>\n<meta property=\"og:url\" content=\"https:\/\/raymarine.ee\/en\/product\/raymarine-rsw-smart-performance-wind-transducer\/\" \/>\n<meta property=\"og:site_name\" content=\"NavSystems\" \/>\n<meta property=\"article:publisher\" content=\"https:\/\/www.facebook.com\/NavSystems\" \/>\n<meta property=\"article:modified_time\" content=\"2026-04-13T18:43:10+00:00\" \/>\n<meta property=\"og:image\" content=\"https:\/\/raymarine.ee\/wp-content\/uploads\/2025\/01\/rsw-wind.jpg\" \/>\n\t<meta property=\"og:image:width\" content=\"1200\" \/>\n\t<meta property=\"og:image:height\" content=\"1200\" \/>\n\t<meta property=\"og:image:type\" content=\"image\/jpeg\" \/>\n<meta name=\"twitter:card\" content=\"summary_large_image\" \/>\n<meta name=\"twitter:label1\" content=\"Price\" \/>\n\t<meta name=\"twitter:data1\" content=\"835,00&nbsp;&euro;\" \/>\n\t<meta name=\"twitter:label2\" content=\"Availability\" \/>\n\t<meta name=\"twitter:data2\" content=\"In stock\" \/>\n<script type=\"application\/ld+json\" class=\"yoast-schema-graph\">{\"@context\":\"https:\\\/\\\/schema.org\",\"@graph\":[{\"@type\":\"WebPage\",\"@id\":\"https:\\\/\\\/raymarine.ee\\\/product\\\/raymarine-rsw-smart-performance-wind-transducer\\\/\",\"url\":\"https:\\\/\\\/raymarine.ee\\\/product\\\/raymarine-rsw-smart-performance-wind-transducer\\\/\",\"name\":\"RSW Smart Wind tuuleandur \u2013 Professionaalne tase - NavSystems\",\"isPartOf\":{\"@id\":\"https:\\\/\\\/raymarine.ee\\\/#website\"},\"primaryImageOfPage\":{\"@id\":\"https:\\\/\\\/raymarine.ee\\\/product\\\/raymarine-rsw-smart-performance-wind-transducer\\\/#primaryimage\"},\"image\":{\"@id\":\"https:\\\/\\\/raymarine.ee\\\/product\\\/raymarine-rsw-smart-performance-wind-transducer\\\/#primaryimage\"},\"thumbnailUrl\":\"https:\\\/\\\/raymarine.ee\\\/wp-content\\\/uploads\\\/2025\\\/01\\\/rsw-wind.jpg\",\"datePublished\":\"2025-01-03T20:26:20+00:00\",\"dateModified\":\"2026-04-13T18:43:10+00:00\",\"description\":\"Raymarine RSW Wired Smart Wind tuuleandur pakub \u00fclit\u00e4pset tuulekiiruse ja -suuna m\u00f5\u00f5tmist, isekalibreeruvat 3D liikumisandurit ning lihtsat paigaldust.\",\"breadcrumb\":{\"@id\":\"https:\\\/\\\/raymarine.ee\\\/product\\\/raymarine-rsw-smart-performance-wind-transducer\\\/#breadcrumb\"},\"inLanguage\":\"en-GB\",\"potentialAction\":[{\"@type\":\"ReadAction\",\"target\":[\"https:\\\/\\\/raymarine.ee\\\/product\\\/raymarine-rsw-smart-performance-wind-transducer\\\/\"]}]},{\"@type\":\"ImageObject\",\"inLanguage\":\"en-GB\",\"@id\":\"https:\\\/\\\/raymarine.ee\\\/product\\\/raymarine-rsw-smart-performance-wind-transducer\\\/#primaryimage\",\"url\":\"https:\\\/\\\/raymarine.ee\\\/wp-content\\\/uploads\\\/2025\\\/01\\\/rsw-wind.jpg\",\"contentUrl\":\"https:\\\/\\\/raymarine.ee\\\/wp-content\\\/uploads\\\/2025\\\/01\\\/rsw-wind.jpg\",\"width\":1200,\"height\":1200,\"caption\":\"E70670\"},{\"@type\":\"BreadcrumbList\",\"@id\":\"https:\\\/\\\/raymarine.ee\\\/product\\\/raymarine-rsw-smart-performance-wind-transducer\\\/#breadcrumb\",\"itemListElement\":[{\"@type\":\"ListItem\",\"position\":1,\"name\":\"Home\",\"item\":\"https:\\\/\\\/raymarine.ee\\\/\"},{\"@type\":\"ListItem\",\"position\":2,\"name\":\"Tooted\",\"item\":\"https:\\\/\\\/raymarine.ee\\\/shop\\\/\"},{\"@type\":\"ListItem\",\"position\":3,\"name\":\"Raymarine RSW Smart Performance Wind Transducer\"}]},{\"@type\":\"WebSite\",\"@id\":\"https:\\\/\\\/raymarine.ee\\\/#website\",\"url\":\"https:\\\/\\\/raymarine.ee\\\/\",\"name\":\"www.raymarine.ee\",\"description\":\"Mereelektroonika, kaardiplotter, autopiloot, pinnipiloot, roolipiloot, radar, AIS, VHF, Smart Wind\",\"publisher\":{\"@id\":\"https:\\\/\\\/raymarine.ee\\\/#organization\"},\"alternateName\":\"Raymarine\",\"potentialAction\":[{\"@type\":\"SearchAction\",\"target\":{\"@type\":\"EntryPoint\",\"urlTemplate\":\"https:\\\/\\\/raymarine.ee\\\/?s={search_term_string}\"},\"query-input\":{\"@type\":\"PropertyValueSpecification\",\"valueRequired\":true,\"valueName\":\"search_term_string\"}}],\"inLanguage\":\"en-GB\"},{\"@type\":\"Organization\",\"@id\":\"https:\\\/\\\/raymarine.ee\\\/#organization\",\"name\":\"NavSystems O\u00dc\",\"url\":\"https:\\\/\\\/raymarine.ee\\\/\",\"logo\":{\"@type\":\"ImageObject\",\"inLanguage\":\"en-GB\",\"@id\":\"https:\\\/\\\/raymarine.ee\\\/#\\\/schema\\\/logo\\\/image\\\/\",\"url\":\"https:\\\/\\\/raymarine.ee\\\/wp-content\\\/uploads\\\/2024\\\/10\\\/Screenshot-2024-10-15-151324_bg_removed.webp\",\"contentUrl\":\"https:\\\/\\\/raymarine.ee\\\/wp-content\\\/uploads\\\/2024\\\/10\\\/Screenshot-2024-10-15-151324_bg_removed.webp\",\"width\":420,\"height\":276,\"caption\":\"NavSystems O\u00dc\"},\"image\":{\"@id\":\"https:\\\/\\\/raymarine.ee\\\/#\\\/schema\\\/logo\\\/image\\\/\"},\"sameAs\":[\"https:\\\/\\\/www.facebook.com\\\/NavSystems\"],\"legalName\":\"NavSystems O\u00dc\",\"foundingDate\":\"2011-05-03\",\"numberOfEmployees\":{\"@type\":\"QuantitativeValue\",\"minValue\":\"1\",\"maxValue\":\"10\"}}]}<\/script>\n<meta property=\"product:price:amount\" content=\"835.00\" \/>\n<meta property=\"product:price:currency\" content=\"EUR\" \/>\n<meta property=\"og:availability\" content=\"instock\" \/>\n<meta property=\"product:availability\" content=\"instock\" \/>\n<meta property=\"product:retailer_item_id\" content=\"E70670\" \/>\n<meta property=\"product:condition\" content=\"new\" \/>\n<!-- \/ Yoast SEO Premium plugin. -->","yoast_head_json":{"title":"RSW Smart Wind tuuleandur \u2013 Professionaalne tase - NavSystems","description":"Raymarine RSW Wired Smart Wind tuuleandur pakub \u00fclit\u00e4pset tuulekiiruse ja -suuna m\u00f5\u00f5tmist, isekalibreeruvat 3D liikumisandurit ning lihtsat paigaldust.","robots":{"index":"index","follow":"follow","max-snippet":"max-snippet:-1","max-image-preview":"max-image-preview:large","max-video-preview":"max-video-preview:-1"},"canonical":"https:\/\/raymarine.ee\/en\/product\/raymarine-rsw-smart-performance-wind-transducer\/","og_locale":"en_GB","og_type":"article","og_title":"Raymarine RSW Smart Performance Wind Transducer","og_description":"Raymarine RSW Wired Smart Wind tuuleandur pakub \u00fclit\u00e4pset tuulekiiruse ja -suuna m\u00f5\u00f5tmist, isekalibreeruvat 3D liikumisandurit ning lihtsat paigaldust.","og_url":"https:\/\/raymarine.ee\/en\/product\/raymarine-rsw-smart-performance-wind-transducer\/","og_site_name":"NavSystems","article_publisher":"https:\/\/www.facebook.com\/NavSystems","article_modified_time":"2026-04-13T18:43:10+00:00","og_image":[{"width":1200,"height":1200,"url":"https:\/\/raymarine.ee\/wp-content\/uploads\/2025\/01\/rsw-wind.jpg","type":"image\/jpeg"}],"twitter_card":"summary_large_image","twitter_misc":{"Price":"835,00&nbsp;&euro;","Availability":"In stock"},"schema":{"@context":"https:\/\/schema.org","@graph":[{"@type":"WebPage","@id":"https:\/\/raymarine.ee\/product\/raymarine-rsw-smart-performance-wind-transducer\/","url":"https:\/\/raymarine.ee\/product\/raymarine-rsw-smart-performance-wind-transducer\/","name":"RSW Smart Wind tuuleandur \u2013 Professionaalne tase - NavSystems","isPartOf":{"@id":"https:\/\/raymarine.ee\/#website"},"primaryImageOfPage":{"@id":"https:\/\/raymarine.ee\/product\/raymarine-rsw-smart-performance-wind-transducer\/#primaryimage"},"image":{"@id":"https:\/\/raymarine.ee\/product\/raymarine-rsw-smart-performance-wind-transducer\/#primaryimage"},"thumbnailUrl":"https:\/\/raymarine.ee\/wp-content\/uploads\/2025\/01\/rsw-wind.jpg","datePublished":"2025-01-03T20:26:20+00:00","dateModified":"2026-04-13T18:43:10+00:00","description":"Raymarine RSW Wired Smart Wind tuuleandur pakub \u00fclit\u00e4pset tuulekiiruse ja -suuna m\u00f5\u00f5tmist, isekalibreeruvat 3D liikumisandurit ning lihtsat paigaldust.","breadcrumb":{"@id":"https:\/\/raymarine.ee\/product\/raymarine-rsw-smart-performance-wind-transducer\/#breadcrumb"},"inLanguage":"en-GB","potentialAction":[{"@type":"ReadAction","target":["https:\/\/raymarine.ee\/product\/raymarine-rsw-smart-performance-wind-transducer\/"]}]},{"@type":"ImageObject","inLanguage":"en-GB","@id":"https:\/\/raymarine.ee\/product\/raymarine-rsw-smart-performance-wind-transducer\/#primaryimage","url":"https:\/\/raymarine.ee\/wp-content\/uploads\/2025\/01\/rsw-wind.jpg","contentUrl":"https:\/\/raymarine.ee\/wp-content\/uploads\/2025\/01\/rsw-wind.jpg","width":1200,"height":1200,"caption":"E70670"},{"@type":"BreadcrumbList","@id":"https:\/\/raymarine.ee\/product\/raymarine-rsw-smart-performance-wind-transducer\/#breadcrumb","itemListElement":[{"@type":"ListItem","position":1,"name":"Home","item":"https:\/\/raymarine.ee\/"},{"@type":"ListItem","position":2,"name":"Tooted","item":"https:\/\/raymarine.ee\/shop\/"},{"@type":"ListItem","position":3,"name":"Raymarine RSW Smart Performance Wind Transducer"}]},{"@type":"WebSite","@id":"https:\/\/raymarine.ee\/#website","url":"https:\/\/raymarine.ee\/","name":"www.raymarine.ee","description":"Mereelektroonika, kaardiplotter, autopiloot, pinnipiloot, roolipiloot, radar, AIS, VHF, Smart Wind","publisher":{"@id":"https:\/\/raymarine.ee\/#organization"},"alternateName":"Raymarine","potentialAction":[{"@type":"SearchAction","target":{"@type":"EntryPoint","urlTemplate":"https:\/\/raymarine.ee\/?s={search_term_string}"},"query-input":{"@type":"PropertyValueSpecification","valueRequired":true,"valueName":"search_term_string"}}],"inLanguage":"en-GB"},{"@type":"Organization","@id":"https:\/\/raymarine.ee\/#organization","name":"NavSystems O\u00dc","url":"https:\/\/raymarine.ee\/","logo":{"@type":"ImageObject","inLanguage":"en-GB","@id":"https:\/\/raymarine.ee\/#\/schema\/logo\/image\/","url":"https:\/\/raymarine.ee\/wp-content\/uploads\/2024\/10\/Screenshot-2024-10-15-151324_bg_removed.webp","contentUrl":"https:\/\/raymarine.ee\/wp-content\/uploads\/2024\/10\/Screenshot-2024-10-15-151324_bg_removed.webp","width":420,"height":276,"caption":"NavSystems O\u00dc"},"image":{"@id":"https:\/\/raymarine.ee\/#\/schema\/logo\/image\/"},"sameAs":["https:\/\/www.facebook.com\/NavSystems"],"legalName":"NavSystems O\u00dc","foundingDate":"2011-05-03","numberOfEmployees":{"@type":"QuantitativeValue","minValue":"1","maxValue":"10"}}]},"product_price_amount":"835.00","product_price_currency":"EUR","og_availability":"instock","product_availability":"instock","product_retailer_item_id":"E70670","product_condition":"new"},"jetpack_sharing_enabled":true,"_links":{"self":[{"href":"https:\/\/raymarine.ee\/en\/wp-json\/wp\/v2\/product\/6459","targetHints":{"allow":["GET"]}}],"collection":[{"href":"https:\/\/raymarine.ee\/en\/wp-json\/wp\/v2\/product"}],"about":[{"href":"https:\/\/raymarine.ee\/en\/wp-json\/wp\/v2\/types\/product"}],"wp:featuredmedia":[{"embeddable":true,"href":"https:\/\/raymarine.ee\/en\/wp-json\/wp\/v2\/media\/9723"}],"wp:attachment":[{"href":"https:\/\/raymarine.ee\/en\/wp-json\/wp\/v2\/media?parent=6459"}],"wp:term":[{"taxonomy":"product_brand","embeddable":true,"href":"https:\/\/raymarine.ee\/en\/wp-json\/wp\/v2\/product_brand?post=6459"},{"taxonomy":"product_cat","embeddable":true,"href":"https:\/\/raymarine.ee\/en\/wp-json\/wp\/v2\/product_cat?post=6459"},{"taxonomy":"product_tag","embeddable":true,"href":"https:\/\/raymarine.ee\/en\/wp-json\/wp\/v2\/product_tag?post=6459"}],"curies":[{"name":"wp","href":"https:\/\/api.w.org\/{rel}","templated":true}]}}