{"id":6460,"date":"2025-01-03T20:27:14","date_gmt":"2025-01-03T20:27:14","guid":{"rendered":"https:\/\/raymarine.ee\/?post_type=product&#038;p=6460"},"modified":"2026-04-11T12:58:06","modified_gmt":"2026-04-11T09:58:06","slug":"dst810-0-gen2-smart-transducer-with-trim-heal-and-bluetooth","status":"publish","type":"product","link":"https:\/\/raymarine.ee\/en\/product\/dst810-0-gen2-smart-transducer-with-trim-heal-and-bluetooth\/","title":{"rendered":"DST810 0\u00b0 Gen2 Smart Transducer with Trim &#038; Heal and Bluetooth"},"content":{"rendered":"<p data-start=\"67\" data-end=\"145\"><strong data-start=\"67\" data-end=\"145\">DST810 Smart Multisensor \u2013 s\u00fcgavus, kiirus, vee temperatuur ja paadi asend<\/strong><\/p>\n<p data-start=\"147\" data-end=\"470\">DST810 Smart Multisensor koos Airmar CAST\u2122 rakendusega on t\u00f5eline l\u00e4bimurre \u2013 see muudab paadis\u00f5iduandmete kogumise ja kalibreerimise kiiremaks, t\u00e4psemaks ja lihtsamaks. DST810 m\u00f5\u00f5dab s\u00fcgavust, kiirust vees, vee temperatuuri ja n\u00fc\u00fcd ka paadi kallutust ja trimmi, v\u00f5imaldades t\u00e4iustatud juhtimist ja j\u00f5udlust igas olukorras.<\/p>\n<p data-start=\"472\" data-end=\"696\">Koos tasuta Airmar CAST rakendusega saad kiirusanduri kalibreerida juhtmevabalt ja lihtsalt \u2013 olenemata pardal olevast instrumentide s\u00fcsteemist. K\u00f5ik seadistused salvestatakse otse DST810 sensorisse, mitte pardadispleidesse.<\/p>\n<p data-start=\"698\" data-end=\"715\"><strong data-start=\"698\" data-end=\"715\">Funktsioonid:<\/strong><\/p>\n<ul data-start=\"716\" data-end=\"1460\">\n<li data-start=\"716\" data-end=\"776\">\n<p data-start=\"718\" data-end=\"776\"><strong data-start=\"718\" data-end=\"743\">Uus \u2013 Gen2 labaratas:<\/strong> parendatud t\u00e4psus ja t\u00f6\u00f6kindlus.<\/p>\n<\/li>\n<li data-start=\"777\" data-end=\"884\">\n<p data-start=\"779\" data-end=\"884\"><strong data-start=\"779\" data-end=\"807\">Uus \u2013 5 Hz andmesagedus:<\/strong> kiiruse v\u00e4rskendus 5 korda sekundis tagab sujuvama ja kiirema andmeedastuse.<\/p>\n<\/li>\n<li data-start=\"885\" data-end=\"1014\">\n<p data-start=\"887\" data-end=\"1014\"><strong data-start=\"887\" data-end=\"923\">Uus \u2013 integreeritud asendiandur:<\/strong> m\u00f5\u00f5dab paadi kallutust (heel) ja trimmi (trim), kasulik nii purje- kui ka mootorpaatidele.<\/p>\n<\/li>\n<li data-start=\"1015\" data-end=\"1096\">\n<p data-start=\"1017\" data-end=\"1096\"><strong data-start=\"1017\" data-end=\"1050\">Lihtne asendi kalibreerimine:<\/strong> korrektsioon v\u00f5imalike paigaldusvigade jaoks.<\/p>\n<\/li>\n<li data-start=\"1097\" data-end=\"1370\">\n<p data-start=\"1099\" data-end=\"1146\"><strong data-start=\"1099\" data-end=\"1146\">Juhtmevaba \u00fchendus Airmar CAST rakendusega:<\/strong><\/p>\n<ul data-start=\"1149\" data-end=\"1370\">\n<li data-start=\"1149\" data-end=\"1221\">\n<p data-start=\"1151\" data-end=\"1221\">Kiirusanduri kalibreerimine intuitiivselt ja s\u00f5ltumata pardaseadmetest<\/p>\n<\/li>\n<li data-start=\"1224\" data-end=\"1301\">\n<p data-start=\"1226\" data-end=\"1301\">T\u00e4pne kiiruse kalibreerimine erinevatel kallutusnurkadel ja kiirusvahemikel<\/p>\n<\/li>\n<li data-start=\"1304\" data-end=\"1370\">\n<p data-start=\"1306\" data-end=\"1370\">PGN-de lubamine\/keelamine, offset&#8217;ide ja andmesageduste seadmine<\/p>\n<\/li>\n<\/ul>\n<\/li>\n<li data-start=\"1371\" data-end=\"1460\">\n<p data-start=\"1373\" data-end=\"1460\"><strong data-start=\"1373\" data-end=\"1419\">\u00dchendatav otse SeaTalkNG v\u00f5rku. <\/strong>.<\/p>\n<\/li>\n<\/ul>\n<p data-start=\"1462\" data-end=\"1484\"><strong data-start=\"1462\" data-end=\"1484\">Tehnilised andmed:<\/strong><\/p>\n<ul data-start=\"1485\" data-end=\"1676\">\n<li data-start=\"1485\" data-end=\"1522\">\n<p data-start=\"1487\" data-end=\"1522\">Minimaalne s\u00fcgavuse m\u00f5\u00f5tmine: 0,5 m<\/p>\n<\/li>\n<li data-start=\"1523\" data-end=\"1561\">\n<p data-start=\"1525\" data-end=\"1561\">Maksimaalne s\u00fcgavuse m\u00f5\u00f5tmine: 100 m<\/p>\n<\/li>\n<li data-start=\"1562\" data-end=\"1590\">\n<p data-start=\"1564\" data-end=\"1590\">S\u00fcgavuse t\u00f6\u00f6taaju: 235 kHz<\/p>\n<\/li>\n<li data-start=\"1591\" data-end=\"1644\">\n<p data-start=\"1593\" data-end=\"1644\">Veekiiruse m\u00f5\u00f5tmine: labarataga (paddlewheel) andur<\/p>\n<\/li>\n<li data-start=\"1645\" data-end=\"1676\">\n<p data-start=\"1647\" data-end=\"1676\">Toetab NMEA2000 ja STNG v\u00f5rke<\/p>\n<\/li>\n<\/ul>\n<p data-start=\"1678\" data-end=\"1693\"><strong data-start=\"1678\" data-end=\"1693\">Komplektis:<\/strong><\/p>\n<ul data-start=\"1694\" data-end=\"1736\">\n<li data-start=\"1694\" data-end=\"1708\">\n<p data-start=\"1696\" data-end=\"1708\">DST810 andur (STNG versioon)<\/p>\n<\/li>\n<li data-start=\"1709\" data-end=\"1736\">\n<p data-start=\"1711\" data-end=\"1736\">Kere l\u00e4biviik ja pime kork<\/p>\n<\/li>\n<\/ul>\n<p><strong>Juhendid:<\/strong><\/p>\n<p>Lae alla DST810 <a href=\"https:\/\/raymarine.ee\/wp-content\/uploads\/2026\/04\/dst810-installation.pdf\" target=\"_blank\" rel=\"noopener\">paigaldusjuhend<\/a><\/p>\n<p>Lae alla i70s <a href=\"https:\/\/raymarine.ee\/wp-content\/uploads\/2026\/04\/i70s-Installation-Instructions-87420-Rev-2-EN.pdf\" target=\"_blank\" rel=\"noopener\">paigaldusjuhend<\/a><\/p>\n<p>Lae alla i70 ja i70s <a href=\"https:\/\/raymarine.ee\/wp-content\/uploads\/2026\/04\/i70-i70s-Instrument-Operation-Instructions-81401-Rev-6-EN.pdf\" target=\"_blank\" rel=\"noopener\">kasutusjuhend<\/a><\/p>","protected":false},"excerpt":{"rendered":"<p>Uus DST810 0\u00b0, Trim &amp; Heal and Bluetooth, Gen2 kiiruserulli ja STNG liidesega andur. \u00dches anduris on kiirus, temperatuur ja s\u00fcgavus ning lisaks veel Trim &amp; Heal and Bluetooth. Andur \u00fchendatakse otse Seatalk NG (NMEA2000) v\u00f5rku. Kalibreerida saab andurit l\u00e4bi Raymarine kaardiplotteri v\u00f5i multi-instrumendi ja nutiseadmele m\u00f5eldud Airmar CAST App-i. Lisaks eelnevalt nimetatud uuendustele edastatakse kiiruse infot veepinna suhtes n\u00fc\u00fcd 5Hz sagedusega. Anduri paigaldamisel j\u00e4lgi anduri \u00fclaosas olevaid nooli mis n\u00e4itavad s\u00f5idu suunda. \u00c4ra kunagi paigalda kajaloe andurit paadi p\u00f5hja alt v\u00e4ljaulatuvate konstruktsioonide ega s\u00f5ukruvide l\u00e4hedale. Anduri ava paadi p\u00f5hja puuri alati v\u00e4ljastpoolt sissepoole ja t\u00e4pselt risti p\u00f5hja v\u00e4lispinnaga. Enne ava puurimist veendu, et seespool ei ole segavaid detaile ja avale on tagatud piisav ligip\u00e4\u00e4s. Kindluse m\u00f5ttes puuri seestpoolt v\u00e4ljapoole 3mm juhtava. Tutvu kindlasti ka selle toote juhenditega ja k\u00fcsimuste korral pea n\u00f5u meie spetsialistiga.<\/p>","protected":false},"featured_media":9715,"template":"","meta":{"_acf_changed":false},"product_brand":[134],"product_cat":[70,343,103],"product_tag":[],"class_list":{"0":"post-6460","1":"product","2":"type-product","3":"status-publish","4":"has-post-thumbnail","6":"product_brand-raymarine","7":"product_cat-i70_alpha","8":"product_cat-kampaaniad","9":"product_cat-raymarine","11":"first","12":"instock","13":"sale","14":"taxable","15":"shipping-taxable","16":"purchasable","17":"product-type-simple"},"acf":[],"yoast_head":"<!-- This site is optimized with the Yoast SEO Premium plugin v27.5 (Yoast SEO v27.5) - https:\/\/yoast.com\/product\/yoast-seo-premium-wordpress\/ -->\n<title>DST810 Smart Andur: T\u00e4pne s\u00fcgavuse ja kiiruse m\u00f5\u00f5tmine - NavSystems<\/title>\n<meta name=\"description\" content=\"DST810 Smart anduriga muudad kiiruse ja s\u00fcgavuse andmete m\u00f5\u00f5tmise ja kalibreerimise lihtsaks, t\u00e4pseks ja kiireks. Uuri rohkem ja paranda oma tulemust!\" \/>\n<meta name=\"robots\" content=\"index, follow, max-snippet:-1, max-image-preview:large, max-video-preview:-1\" \/>\n<link rel=\"canonical\" href=\"https:\/\/raymarine.ee\/en\/product\/dst810-0-gen2-smart-transducer-with-trim-heal-and-bluetooth\/\" \/>\n<meta property=\"og:locale\" content=\"en_GB\" \/>\n<meta property=\"og:type\" content=\"article\" \/>\n<meta property=\"og:title\" content=\"DST810 0\u00b0 Gen2 Smart Transducer with Trim &amp; Heal and Bluetooth\" \/>\n<meta property=\"og:description\" content=\"DST810 Smart anduriga muudad kiiruse ja s\u00fcgavuse andmete m\u00f5\u00f5tmise ja kalibreerimise lihtsaks, t\u00e4pseks ja kiireks. Uuri rohkem ja paranda oma tulemust!\" \/>\n<meta property=\"og:url\" content=\"https:\/\/raymarine.ee\/en\/product\/dst810-0-gen2-smart-transducer-with-trim-heal-and-bluetooth\/\" \/>\n<meta property=\"og:site_name\" content=\"NavSystems\" \/>\n<meta property=\"article:publisher\" content=\"https:\/\/www.facebook.com\/NavSystems\" \/>\n<meta property=\"article:modified_time\" content=\"2026-04-11T09:58:06+00:00\" \/>\n<meta property=\"og:image\" content=\"https:\/\/raymarine.ee\/wp-content\/uploads\/2025\/01\/raymarine-dst810-gen2-th-stng-bluetooth.jpg\" \/>\n\t<meta property=\"og:image:width\" content=\"1198\" \/>\n\t<meta property=\"og:image:height\" content=\"819\" \/>\n\t<meta property=\"og:image:type\" content=\"image\/jpeg\" \/>\n<meta name=\"twitter:card\" content=\"summary_large_image\" \/>\n<meta name=\"twitter:label1\" content=\"Price\" \/>\n\t<meta name=\"twitter:data1\" content=\"450,00&nbsp;&euro;\" \/>\n\t<meta name=\"twitter:label2\" content=\"Availability\" \/>\n\t<meta name=\"twitter:data2\" content=\"In stock\" \/>\n<script type=\"application\/ld+json\" class=\"yoast-schema-graph\">{\"@context\":\"https:\\\/\\\/schema.org\",\"@graph\":[{\"@type\":\"WebPage\",\"@id\":\"https:\\\/\\\/raymarine.ee\\\/product\\\/dst810-0-gen2-smart-transducer-with-trim-heal-and-bluetooth\\\/\",\"url\":\"https:\\\/\\\/raymarine.ee\\\/product\\\/dst810-0-gen2-smart-transducer-with-trim-heal-and-bluetooth\\\/\",\"name\":\"DST810 Smart Andur: T\u00e4pne s\u00fcgavuse ja kiiruse m\u00f5\u00f5tmine - NavSystems\",\"isPartOf\":{\"@id\":\"https:\\\/\\\/raymarine.ee\\\/#website\"},\"primaryImageOfPage\":{\"@id\":\"https:\\\/\\\/raymarine.ee\\\/product\\\/dst810-0-gen2-smart-transducer-with-trim-heal-and-bluetooth\\\/#primaryimage\"},\"image\":{\"@id\":\"https:\\\/\\\/raymarine.ee\\\/product\\\/dst810-0-gen2-smart-transducer-with-trim-heal-and-bluetooth\\\/#primaryimage\"},\"thumbnailUrl\":\"https:\\\/\\\/raymarine.ee\\\/wp-content\\\/uploads\\\/2025\\\/01\\\/raymarine-dst810-gen2-th-stng-bluetooth.jpg\",\"datePublished\":\"2025-01-03T20:27:14+00:00\",\"dateModified\":\"2026-04-11T09:58:06+00:00\",\"description\":\"DST810 Smart anduriga muudad kiiruse ja s\u00fcgavuse andmete m\u00f5\u00f5tmise ja kalibreerimise lihtsaks, t\u00e4pseks ja kiireks. Uuri rohkem ja paranda oma tulemust!\",\"breadcrumb\":{\"@id\":\"https:\\\/\\\/raymarine.ee\\\/product\\\/dst810-0-gen2-smart-transducer-with-trim-heal-and-bluetooth\\\/#breadcrumb\"},\"inLanguage\":\"en-GB\",\"potentialAction\":[{\"@type\":\"ReadAction\",\"target\":[\"https:\\\/\\\/raymarine.ee\\\/product\\\/dst810-0-gen2-smart-transducer-with-trim-heal-and-bluetooth\\\/\"]}]},{\"@type\":\"ImageObject\",\"inLanguage\":\"en-GB\",\"@id\":\"https:\\\/\\\/raymarine.ee\\\/product\\\/dst810-0-gen2-smart-transducer-with-trim-heal-and-bluetooth\\\/#primaryimage\",\"url\":\"https:\\\/\\\/raymarine.ee\\\/wp-content\\\/uploads\\\/2025\\\/01\\\/raymarine-dst810-gen2-th-stng-bluetooth.jpg\",\"contentUrl\":\"https:\\\/\\\/raymarine.ee\\\/wp-content\\\/uploads\\\/2025\\\/01\\\/raymarine-dst810-gen2-th-stng-bluetooth.jpg\",\"width\":1198,\"height\":819,\"caption\":\"dst810-stng\"},{\"@type\":\"BreadcrumbList\",\"@id\":\"https:\\\/\\\/raymarine.ee\\\/product\\\/dst810-0-gen2-smart-transducer-with-trim-heal-and-bluetooth\\\/#breadcrumb\",\"itemListElement\":[{\"@type\":\"ListItem\",\"position\":1,\"name\":\"Home\",\"item\":\"https:\\\/\\\/raymarine.ee\\\/\"},{\"@type\":\"ListItem\",\"position\":2,\"name\":\"Tooted\",\"item\":\"https:\\\/\\\/raymarine.ee\\\/shop\\\/\"},{\"@type\":\"ListItem\",\"position\":3,\"name\":\"DST810 0\u00b0 Gen2 Smart Transducer with Trim &#038; Heal and Bluetooth\"}]},{\"@type\":\"WebSite\",\"@id\":\"https:\\\/\\\/raymarine.ee\\\/#website\",\"url\":\"https:\\\/\\\/raymarine.ee\\\/\",\"name\":\"www.raymarine.ee\",\"description\":\"Mereelektroonika, kaardiplotter, autopiloot, pinnipiloot, roolipiloot, radar, AIS, VHF, Smart Wind\",\"publisher\":{\"@id\":\"https:\\\/\\\/raymarine.ee\\\/#organization\"},\"alternateName\":\"Raymarine\",\"potentialAction\":[{\"@type\":\"SearchAction\",\"target\":{\"@type\":\"EntryPoint\",\"urlTemplate\":\"https:\\\/\\\/raymarine.ee\\\/?s={search_term_string}\"},\"query-input\":{\"@type\":\"PropertyValueSpecification\",\"valueRequired\":true,\"valueName\":\"search_term_string\"}}],\"inLanguage\":\"en-GB\"},{\"@type\":\"Organization\",\"@id\":\"https:\\\/\\\/raymarine.ee\\\/#organization\",\"name\":\"NavSystems O\u00dc\",\"url\":\"https:\\\/\\\/raymarine.ee\\\/\",\"logo\":{\"@type\":\"ImageObject\",\"inLanguage\":\"en-GB\",\"@id\":\"https:\\\/\\\/raymarine.ee\\\/#\\\/schema\\\/logo\\\/image\\\/\",\"url\":\"https:\\\/\\\/raymarine.ee\\\/wp-content\\\/uploads\\\/2024\\\/10\\\/Screenshot-2024-10-15-151324_bg_removed.webp\",\"contentUrl\":\"https:\\\/\\\/raymarine.ee\\\/wp-content\\\/uploads\\\/2024\\\/10\\\/Screenshot-2024-10-15-151324_bg_removed.webp\",\"width\":420,\"height\":276,\"caption\":\"NavSystems O\u00dc\"},\"image\":{\"@id\":\"https:\\\/\\\/raymarine.ee\\\/#\\\/schema\\\/logo\\\/image\\\/\"},\"sameAs\":[\"https:\\\/\\\/www.facebook.com\\\/NavSystems\"],\"legalName\":\"NavSystems O\u00dc\",\"foundingDate\":\"2011-05-03\",\"numberOfEmployees\":{\"@type\":\"QuantitativeValue\",\"minValue\":\"1\",\"maxValue\":\"10\"}}]}<\/script>\n<meta property=\"product:price:amount\" content=\"450.00\" \/>\n<meta property=\"product:price:currency\" content=\"EUR\" \/>\n<meta property=\"og:availability\" content=\"instock\" \/>\n<meta property=\"product:availability\" content=\"instock\" \/>\n<meta property=\"product:retailer_item_id\" content=\"E70667\" \/>\n<meta property=\"product:condition\" content=\"new\" \/>\n<!-- \/ Yoast SEO Premium plugin. -->","yoast_head_json":{"title":"DST810 Smart Andur: T\u00e4pne s\u00fcgavuse ja kiiruse m\u00f5\u00f5tmine - NavSystems","description":"DST810 Smart anduriga muudad kiiruse ja s\u00fcgavuse andmete m\u00f5\u00f5tmise ja kalibreerimise lihtsaks, t\u00e4pseks ja kiireks. Uuri rohkem ja paranda oma tulemust!","robots":{"index":"index","follow":"follow","max-snippet":"max-snippet:-1","max-image-preview":"max-image-preview:large","max-video-preview":"max-video-preview:-1"},"canonical":"https:\/\/raymarine.ee\/en\/product\/dst810-0-gen2-smart-transducer-with-trim-heal-and-bluetooth\/","og_locale":"en_GB","og_type":"article","og_title":"DST810 0\u00b0 Gen2 Smart Transducer with Trim & Heal and Bluetooth","og_description":"DST810 Smart anduriga muudad kiiruse ja s\u00fcgavuse andmete m\u00f5\u00f5tmise ja kalibreerimise lihtsaks, t\u00e4pseks ja kiireks. Uuri rohkem ja paranda oma tulemust!","og_url":"https:\/\/raymarine.ee\/en\/product\/dst810-0-gen2-smart-transducer-with-trim-heal-and-bluetooth\/","og_site_name":"NavSystems","article_publisher":"https:\/\/www.facebook.com\/NavSystems","article_modified_time":"2026-04-11T09:58:06+00:00","og_image":[{"width":1198,"height":819,"url":"https:\/\/raymarine.ee\/wp-content\/uploads\/2025\/01\/raymarine-dst810-gen2-th-stng-bluetooth.jpg","type":"image\/jpeg"}],"twitter_card":"summary_large_image","twitter_misc":{"Price":"450,00&nbsp;&euro;","Availability":"In stock"},"schema":{"@context":"https:\/\/schema.org","@graph":[{"@type":"WebPage","@id":"https:\/\/raymarine.ee\/product\/dst810-0-gen2-smart-transducer-with-trim-heal-and-bluetooth\/","url":"https:\/\/raymarine.ee\/product\/dst810-0-gen2-smart-transducer-with-trim-heal-and-bluetooth\/","name":"DST810 Smart Andur: T\u00e4pne s\u00fcgavuse ja kiiruse m\u00f5\u00f5tmine - NavSystems","isPartOf":{"@id":"https:\/\/raymarine.ee\/#website"},"primaryImageOfPage":{"@id":"https:\/\/raymarine.ee\/product\/dst810-0-gen2-smart-transducer-with-trim-heal-and-bluetooth\/#primaryimage"},"image":{"@id":"https:\/\/raymarine.ee\/product\/dst810-0-gen2-smart-transducer-with-trim-heal-and-bluetooth\/#primaryimage"},"thumbnailUrl":"https:\/\/raymarine.ee\/wp-content\/uploads\/2025\/01\/raymarine-dst810-gen2-th-stng-bluetooth.jpg","datePublished":"2025-01-03T20:27:14+00:00","dateModified":"2026-04-11T09:58:06+00:00","description":"DST810 Smart anduriga muudad kiiruse ja s\u00fcgavuse andmete m\u00f5\u00f5tmise ja kalibreerimise lihtsaks, t\u00e4pseks ja kiireks. Uuri rohkem ja paranda oma tulemust!","breadcrumb":{"@id":"https:\/\/raymarine.ee\/product\/dst810-0-gen2-smart-transducer-with-trim-heal-and-bluetooth\/#breadcrumb"},"inLanguage":"en-GB","potentialAction":[{"@type":"ReadAction","target":["https:\/\/raymarine.ee\/product\/dst810-0-gen2-smart-transducer-with-trim-heal-and-bluetooth\/"]}]},{"@type":"ImageObject","inLanguage":"en-GB","@id":"https:\/\/raymarine.ee\/product\/dst810-0-gen2-smart-transducer-with-trim-heal-and-bluetooth\/#primaryimage","url":"https:\/\/raymarine.ee\/wp-content\/uploads\/2025\/01\/raymarine-dst810-gen2-th-stng-bluetooth.jpg","contentUrl":"https:\/\/raymarine.ee\/wp-content\/uploads\/2025\/01\/raymarine-dst810-gen2-th-stng-bluetooth.jpg","width":1198,"height":819,"caption":"dst810-stng"},{"@type":"BreadcrumbList","@id":"https:\/\/raymarine.ee\/product\/dst810-0-gen2-smart-transducer-with-trim-heal-and-bluetooth\/#breadcrumb","itemListElement":[{"@type":"ListItem","position":1,"name":"Home","item":"https:\/\/raymarine.ee\/"},{"@type":"ListItem","position":2,"name":"Tooted","item":"https:\/\/raymarine.ee\/shop\/"},{"@type":"ListItem","position":3,"name":"DST810 0\u00b0 Gen2 Smart Transducer with Trim &#038; Heal and Bluetooth"}]},{"@type":"WebSite","@id":"https:\/\/raymarine.ee\/#website","url":"https:\/\/raymarine.ee\/","name":"www.raymarine.ee","description":"Mereelektroonika, kaardiplotter, autopiloot, pinnipiloot, roolipiloot, radar, AIS, VHF, Smart Wind","publisher":{"@id":"https:\/\/raymarine.ee\/#organization"},"alternateName":"Raymarine","potentialAction":[{"@type":"SearchAction","target":{"@type":"EntryPoint","urlTemplate":"https:\/\/raymarine.ee\/?s={search_term_string}"},"query-input":{"@type":"PropertyValueSpecification","valueRequired":true,"valueName":"search_term_string"}}],"inLanguage":"en-GB"},{"@type":"Organization","@id":"https:\/\/raymarine.ee\/#organization","name":"NavSystems O\u00dc","url":"https:\/\/raymarine.ee\/","logo":{"@type":"ImageObject","inLanguage":"en-GB","@id":"https:\/\/raymarine.ee\/#\/schema\/logo\/image\/","url":"https:\/\/raymarine.ee\/wp-content\/uploads\/2024\/10\/Screenshot-2024-10-15-151324_bg_removed.webp","contentUrl":"https:\/\/raymarine.ee\/wp-content\/uploads\/2024\/10\/Screenshot-2024-10-15-151324_bg_removed.webp","width":420,"height":276,"caption":"NavSystems O\u00dc"},"image":{"@id":"https:\/\/raymarine.ee\/#\/schema\/logo\/image\/"},"sameAs":["https:\/\/www.facebook.com\/NavSystems"],"legalName":"NavSystems O\u00dc","foundingDate":"2011-05-03","numberOfEmployees":{"@type":"QuantitativeValue","minValue":"1","maxValue":"10"}}]},"product_price_amount":"450.00","product_price_currency":"EUR","og_availability":"instock","product_availability":"instock","product_retailer_item_id":"E70667","product_condition":"new"},"jetpack_sharing_enabled":true,"_links":{"self":[{"href":"https:\/\/raymarine.ee\/en\/wp-json\/wp\/v2\/product\/6460","targetHints":{"allow":["GET"]}}],"collection":[{"href":"https:\/\/raymarine.ee\/en\/wp-json\/wp\/v2\/product"}],"about":[{"href":"https:\/\/raymarine.ee\/en\/wp-json\/wp\/v2\/types\/product"}],"wp:featuredmedia":[{"embeddable":true,"href":"https:\/\/raymarine.ee\/en\/wp-json\/wp\/v2\/media\/9715"}],"wp:attachment":[{"href":"https:\/\/raymarine.ee\/en\/wp-json\/wp\/v2\/media?parent=6460"}],"wp:term":[{"taxonomy":"product_brand","embeddable":true,"href":"https:\/\/raymarine.ee\/en\/wp-json\/wp\/v2\/product_brand?post=6460"},{"taxonomy":"product_cat","embeddable":true,"href":"https:\/\/raymarine.ee\/en\/wp-json\/wp\/v2\/product_cat?post=6460"},{"taxonomy":"product_tag","embeddable":true,"href":"https:\/\/raymarine.ee\/en\/wp-json\/wp\/v2\/product_tag?post=6460"}],"curies":[{"name":"wp","href":"https:\/\/api.w.org\/{rel}","templated":true}]}}