{"id":6462,"date":"2025-01-03T19:24:30","date_gmt":"2025-01-03T19:24:30","guid":{"rendered":"https:\/\/raymarine.ee\/?post_type=product&#038;p=6462"},"modified":"2026-04-22T08:16:38","modified_gmt":"2026-04-22T05:16:38","slug":"raymerine-ray63-vhf-raadio-integreeritud-gps-iga","status":"publish","type":"product","link":"https:\/\/raymarine.ee\/en\/product\/raymerine-ray63-vhf-raadio-integreeritud-gps-iga\/","title":{"rendered":"Raymerine Ray63 VHF raadio integreeritud GPS-iga"},"content":{"rendered":"<p><strong>MMSI numbri saab tellida Tarbijakaitse- ja Tehnilise J\u00e4relvalve Ametist<\/strong><\/p>\n<p><a href=\"https:\/\/ttja.ee\/eraklient\/side-ja-meediateenused\/raadioside\/vee-ja-ohusoiduki-raadioload\" target=\"_blank\" rel=\"noopener nofollow external noreferrer\" data-wpel-link=\"external\">https:\/\/ttja.ee\/eraklient\/side-ja-meediateenused\/raadioside\/vee-ja-ohusoiduki-raadioload<\/a><\/p>\n<p data-start=\"54\" data-end=\"115\"><strong data-start=\"54\" data-end=\"115\">Raymarine Ray63 VHF raadio sisseehitatud GPS vastuv\u00f5tjaga<\/strong><\/p>\n<p data-start=\"117\" data-end=\"465\">Raymarine Ray63 on kaasaegne FM-raadio, mis sisaldab sisseehitatud GPS vastuv\u00f5tjat ja pakub suurep\u00e4rast j\u00f5udlust ning paindlikke \u00fchendusv\u00f5imalusi. Suur ekraan ja suured juhtnupud tagavad lihtsa ja mugava kasutamise. Ray63 raadiot saab laiendada lisavarustuses oleva RayMic juhtmega kaugjuhtimispuldiga, v\u00f5imaldades mugavat juhtimist k\u00f5ikjal pardal.<\/p>\n<p data-start=\"467\" data-end=\"489\"><strong data-start=\"467\" data-end=\"489\">Peamised omadused:<\/strong><\/p>\n<ul data-start=\"490\" data-end=\"751\">\n<li data-start=\"490\" data-end=\"547\">\n<p data-start=\"492\" data-end=\"547\">VHF-raadio digitaalse selektiivk\u00f5ne (DSC) funktsiooniga<\/p>\n<\/li>\n<li data-start=\"548\" data-end=\"611\">\n<p data-start=\"550\" data-end=\"611\">Laiendatav juhtmega RayMic kaugjuhtimispuldiga (lisavarustus)<\/p>\n<\/li>\n<li data-start=\"612\" data-end=\"677\">\n<p data-start=\"614\" data-end=\"677\">Sisseehitatud GPS vastuv\u00f5tja, v\u00f5imalus lisada v\u00e4line GPS antenn<\/p>\n<\/li>\n<li data-start=\"678\" data-end=\"711\">\n<p data-start=\"680\" data-end=\"711\">\u00dchenduvus: NMEA2000 ja NMEA0183<\/p>\n<\/li>\n<li data-start=\"712\" data-end=\"751\">\n<p data-start=\"714\" data-end=\"751\">Heliv\u00e4ljund lisak\u00f5larite \u00fchendamiseks<\/p>\n<\/li>\n<\/ul>\n<p data-start=\"753\" data-end=\"775\"><strong data-start=\"753\" data-end=\"775\">Tehnilised andmed:<\/strong><\/p>\n<ul data-start=\"776\" data-end=\"1710\">\n<li data-start=\"776\" data-end=\"812\">\n<p data-start=\"778\" data-end=\"812\">T\u00f6\u00f6temperatuur: -20 \u00b0C kuni +60 \u00b0C<\/p>\n<\/li>\n<li data-start=\"813\" data-end=\"856\">\n<p data-start=\"815\" data-end=\"856\">Hoiustamistemperatuur: -25 \u00b0C kuni +70 \u00b0C<\/p>\n<\/li>\n<li data-start=\"857\" data-end=\"883\">\n<p data-start=\"859\" data-end=\"883\">Veekindlus: IPX6 ja IPX7<\/p>\n<\/li>\n<li data-start=\"884\" data-end=\"1092\">\n<p data-start=\"886\" data-end=\"896\">\u00dchendused:<\/p>\n<ul data-start=\"899\" data-end=\"1092\">\n<li data-start=\"899\" data-end=\"912\">\n<p data-start=\"901\" data-end=\"912\">1x NMEA0183<\/p>\n<\/li>\n<li data-start=\"915\" data-end=\"940\">\n<p data-start=\"917\" data-end=\"940\">1x SeaTalkNG \/ NMEA2000<\/p>\n<\/li>\n<li data-start=\"943\" data-end=\"982\">\n<p data-start=\"945\" data-end=\"982\">1x esipaneeli \u00fchendus k\u00e4simikrofonile<\/p>\n<\/li>\n<li data-start=\"985\" data-end=\"1027\">\n<p data-start=\"987\" data-end=\"1027\">1x tagapaneeli \u00fchendus teise jaama jaoks<\/p>\n<\/li>\n<li data-start=\"1030\" data-end=\"1052\">\n<p data-start=\"1032\" data-end=\"1052\">1x heliv\u00e4ljund (RCA)<\/p>\n<\/li>\n<li data-start=\"1055\" data-end=\"1092\">\n<p data-start=\"1057\" data-end=\"1092\">1x GNSS (GPS) antenni \u00fchendus (TNC)<\/p>\n<\/li>\n<\/ul>\n<\/li>\n<li data-start=\"1093\" data-end=\"1116\">\n<p data-start=\"1095\" data-end=\"1116\">Nominaalpinge: 12V DC<\/p>\n<\/li>\n<li data-start=\"1117\" data-end=\"1150\">\n<p data-start=\"1119\" data-end=\"1150\">T\u00f6\u00f6pingepiirkond: 9 kuni 16V DC<\/p>\n<\/li>\n<li data-start=\"1151\" data-end=\"1251\">\n<p data-start=\"1153\" data-end=\"1163\">Tarbimine:<\/p>\n<ul data-start=\"1166\" data-end=\"1251\">\n<li data-start=\"1166\" data-end=\"1211\">\n<p data-start=\"1168\" data-end=\"1211\">V\u00e4hem kui 6A maksimaalsel v\u00f5imsusel (13.6V)<\/p>\n<\/li>\n<li data-start=\"1214\" data-end=\"1233\">\n<p data-start=\"1216\" data-end=\"1233\">Ootere\u017eiim: 600mA<\/p>\n<\/li>\n<li data-start=\"1236\" data-end=\"1251\">\n<p data-start=\"1238\" data-end=\"1251\">Vastuv\u00f5tt: 2A<\/p>\n<\/li>\n<\/ul>\n<\/li>\n<li data-start=\"1252\" data-end=\"1386\">\n<p data-start=\"1254\" data-end=\"1265\">Sagedusala:<\/p>\n<ul data-start=\"1268\" data-end=\"1386\">\n<li data-start=\"1268\" data-end=\"1325\">\n<p data-start=\"1270\" data-end=\"1325\">Saatmine: 156,000 \u2013 157,425 MHz \/ 155,500 \u2013 161,425 MHz<\/p>\n<\/li>\n<li data-start=\"1328\" data-end=\"1386\">\n<p data-start=\"1330\" data-end=\"1386\">Vastuv\u00f5tt: 156,050 \u2013 163,275 MHz \/ 155,500 \u2013 161,425 MHz<\/p>\n<\/li>\n<\/ul>\n<\/li>\n<li data-start=\"1387\" data-end=\"1413\">\n<p data-start=\"1389\" data-end=\"1413\">Saatmisv\u00f5imsus: 1W \/ 25W<\/p>\n<\/li>\n<li data-start=\"1414\" data-end=\"1439\">\n<p data-start=\"1416\" data-end=\"1439\">V\u00e4lisk\u00f5lari v\u00f5imsus: 5W<\/p>\n<\/li>\n<li data-start=\"1440\" data-end=\"1527\">\n<p data-start=\"1442\" data-end=\"1527\">GPS: Sisseehitatud 72-kanaliline GPS vastuv\u00f5tja (GA150 GPS antenn ei kuulu komplekti)<\/p>\n<\/li>\n<li data-start=\"1528\" data-end=\"1710\">\n<p data-start=\"1530\" data-end=\"1710\">Komplektis: Ray63 raadio, p\u00e4ikesekaitsekate, paigaldustihend, k\u00e4simikrofon, kinnituskronsteinid, kinnituskruvid, SeaTalkNG kaabel (400mm), SeaTalkNG pimedusotsikud, dokumentatsioon<\/p>\n<\/li>\n<\/ul>\n<p>&nbsp;<\/p>\n<p>Vaata\u00a0<a href=\"https:\/\/www.raymarine.eu\/en-gb\/our-products\/ais\" target=\"_blank\" rel=\"noopener nofollow external noreferrer\" data-wpel-link=\"external\">Raymarine AIS<\/a>\u00a0seadmete ja\u00a0<a href=\"https:\/\/www.raymarine.eu\/en-gb\/our-products\/marine-vhf-radio-communications\" target=\"_blank\" rel=\"noopener nofollow external noreferrer\" data-wpel-link=\"external\">VHF raadiote<\/a>\u00a0tootetutvustust.<\/p>\n<p><strong>Juhendid:<\/strong><\/p>\n<p>Lae alla <a href=\"https:\/\/raymarine.ee\/wp-content\/uploads\/2026\/04\/Ray53-Ray63-Ray73-Installation-and-Operation-instructions-81381-Rev-8-EN.pdf\" target=\"_blank\" rel=\"noopener\">Ray63 paigaldus- ja kasutusjuhend<\/a><\/p>\n<p><a href=\"https:\/\/raymarine.ee\/en\/public\/files\/Raymarine\/Juhendid\/AIS700\/GA200-GNSS-GPS-AntennaInstallation-instructions-88092-3-EN.pdf\/\" target=\"_blank\" rel=\"noopener\" data-wpel-link=\"internal\"><img decoding=\"async\" src=\"https:\/\/www.raymarine.ee\/public\/files\/Raymarine\/Juhendid\/Axiom%20MFD\/pdf.png\" alt=\"\" \/><\/a>Lae alla\u00a0<a href=\"https:\/\/raymarine.ee\/wp-content\/uploads\/2026\/04\/GA200-GNSS-GPS-Antenna-Installation-instructions-88092-3-EN.pdf\" target=\"_blank\" rel=\"noopener\" data-wpel-link=\"internal\">GA200 GNSS GPS antenni paigaldusjuhend<\/a><\/p>\n<p>Lae alla <a href=\"https:\/\/raymarine.ee\/wp-content\/uploads\/2026\/04\/Wired-Handset-Installation-instructions-87354-Rev-2-EN.pdf\" target=\"_blank\" rel=\"noopener\">RayMic teise k\u00f5netoru paigaldusjuhend<\/a><\/p>\n<p>Lae alla <a href=\"https:\/\/raymarine.ee\/wp-content\/uploads\/2026\/04\/Passive-Speaker-Installation-sheet-Mounting-template-87332-Rev-1-EN.pdf\" target=\"_blank\" rel=\"noopener\">Passive speaker paigaldusjuhend<\/a><\/p>","protected":false},"excerpt":{"rendered":"<p>Ray63 on soodsa hinnaga kuid k\u00f5ikide vajalike funktsioonidega h\u00e4sti loetava LCD ekraaniga D klassi DSC mereraadio koos integreeritud GPS vastuv\u00f5tjaga, vajadusel saab lisada ka v\u00e4lise GPS antenni. Esipaneelil oleva DISTRESS nupuga saab saata h\u00e4dakutsungi kaldajaamadele ja teistele alustele. Mitme kanali j\u00e4lgimis- ja skaneerimisfunktsioon. 25W\/5W saatja ja tundlik vastuv\u00f5tja. Mikrofoni sees on ka nupud kanalite vahetamiseks. Ilmastikukindluse standard IPX7. Ray63 disain sobib kokku Raymarine kaardiplotteritega. Ray63 mereraadiol on STNG (NMEA2000) ja NMEA0183 liidesed seadme lihtsaks integreerimiseks uude- v\u00f5i juba olemasolevasse v\u00f5rku. Ray63 VHF raadiole saab lisada teise k\u00f5netoru ja passiivse valjuh\u00e4\u00e4ldi mis annab teise t\u00e4isfunktsionaalse r\u00e4\u00e4kimiskoha ja ka laevasisese intercom funktsiooni. LoudHailerit sellele\u00a0 mudelile lisada ei saa ja automaatsete udusireenide ja h\u00e4\u00e4lk\u00e4skluste andmise v\u00f5imalus puudub. Tutvu kindlasti ka selle komplekti juhenditega ja k\u00fcsimuste korral pea n\u00f5u meie spetsialistiga.<\/p>","protected":false},"featured_media":7822,"template":"","meta":{"_acf_changed":false},"product_brand":[134],"product_cat":[343,103,74,53],"product_tag":[],"class_list":{"0":"post-6462","1":"product","2":"type-product","3":"status-publish","4":"has-post-thumbnail","6":"product_brand-raymarine","7":"product_cat-kampaaniad","8":"product_cat-raymarine","9":"product_cat-ray_vhf","10":"product_cat-raadioside-ja-ais","12":"first","13":"instock","14":"sale","15":"taxable","16":"shipping-taxable","17":"purchasable","18":"product-type-simple"},"acf":[],"yoast_head":"<!-- This site is optimized with the Yoast SEO Premium plugin v27.5 (Yoast SEO v27.5) - https:\/\/yoast.com\/product\/yoast-seo-premium-wordpress\/ -->\n<title>Raymerine Ray63 VHF raadio integreeritud GPS-iga - NavSystems Mereelektroonika<\/title>\n<meta name=\"description\" content=\"Ray63 VHF raadio on ideaalne lahendus, pakkudes sisseehitatud GPS vastuv\u00f5tjat ja intuitiivseid juhtnuppe. 2-nd station v\u00f5imalus. Hankige oma raadio n\u00fc\u00fcd! \ud83d\udce1\" \/>\n<meta name=\"robots\" content=\"index, follow, max-snippet:-1, max-image-preview:large, max-video-preview:-1\" \/>\n<link rel=\"canonical\" href=\"https:\/\/raymarine.ee\/en\/product\/raymerine-ray63-vhf-raadio-integreeritud-gps-iga\/\" \/>\n<meta property=\"og:locale\" content=\"en_GB\" \/>\n<meta property=\"og:type\" content=\"article\" \/>\n<meta property=\"og:title\" content=\"Raymerine Ray63 VHF raadio integreeritud GPS-iga\" \/>\n<meta property=\"og:description\" content=\"Ray63 VHF raadio on ideaalne lahendus, pakkudes sisseehitatud GPS vastuv\u00f5tjat ja intuitiivseid juhtnuppe. 2-nd station v\u00f5imalus. Hankige oma raadio n\u00fc\u00fcd! \ud83d\udce1\" \/>\n<meta property=\"og:url\" content=\"https:\/\/raymarine.ee\/en\/product\/raymerine-ray63-vhf-raadio-integreeritud-gps-iga\/\" \/>\n<meta property=\"og:site_name\" content=\"NavSystems\" \/>\n<meta property=\"article:publisher\" content=\"https:\/\/www.facebook.com\/NavSystems\" \/>\n<meta property=\"article:modified_time\" content=\"2026-04-22T05:16:38+00:00\" \/>\n<meta property=\"og:image\" content=\"https:\/\/raymarine.ee\/wp-content\/uploads\/2025\/01\/0cf47034-8432-4d0f-801b-27d906c72e79.webp\" \/>\n\t<meta property=\"og:image:width\" content=\"1024\" \/>\n\t<meta property=\"og:image:height\" content=\"1024\" \/>\n\t<meta property=\"og:image:type\" content=\"image\/webp\" \/>\n<meta name=\"twitter:card\" content=\"summary_large_image\" \/>\n<meta name=\"twitter:label1\" content=\"Price\" \/>\n\t<meta name=\"twitter:data1\" content=\"565,00&nbsp;&euro;\" \/>\n\t<meta name=\"twitter:label2\" content=\"Availability\" \/>\n\t<meta name=\"twitter:data2\" content=\"In stock\" \/>\n<script type=\"application\/ld+json\" class=\"yoast-schema-graph\">{\"@context\":\"https:\\\/\\\/schema.org\",\"@graph\":[{\"@type\":\"WebPage\",\"@id\":\"https:\\\/\\\/raymarine.ee\\\/product\\\/raymerine-ray63-vhf-raadio-integreeritud-gps-iga\\\/\",\"url\":\"https:\\\/\\\/raymarine.ee\\\/product\\\/raymerine-ray63-vhf-raadio-integreeritud-gps-iga\\\/\",\"name\":\"Raymerine Ray63 VHF raadio integreeritud GPS-iga - NavSystems Mereelektroonika\",\"isPartOf\":{\"@id\":\"https:\\\/\\\/raymarine.ee\\\/#website\"},\"primaryImageOfPage\":{\"@id\":\"https:\\\/\\\/raymarine.ee\\\/product\\\/raymerine-ray63-vhf-raadio-integreeritud-gps-iga\\\/#primaryimage\"},\"image\":{\"@id\":\"https:\\\/\\\/raymarine.ee\\\/product\\\/raymerine-ray63-vhf-raadio-integreeritud-gps-iga\\\/#primaryimage\"},\"thumbnailUrl\":\"https:\\\/\\\/raymarine.ee\\\/wp-content\\\/uploads\\\/2025\\\/01\\\/0cf47034-8432-4d0f-801b-27d906c72e79.webp\",\"datePublished\":\"2025-01-03T19:24:30+00:00\",\"dateModified\":\"2026-04-22T05:16:38+00:00\",\"description\":\"Ray63 VHF raadio on ideaalne lahendus, pakkudes sisseehitatud GPS vastuv\u00f5tjat ja intuitiivseid juhtnuppe. 2-nd station v\u00f5imalus. Hankige oma raadio n\u00fc\u00fcd! \ud83d\udce1\",\"breadcrumb\":{\"@id\":\"https:\\\/\\\/raymarine.ee\\\/product\\\/raymerine-ray63-vhf-raadio-integreeritud-gps-iga\\\/#breadcrumb\"},\"inLanguage\":\"en-GB\",\"potentialAction\":[{\"@type\":\"ReadAction\",\"target\":[\"https:\\\/\\\/raymarine.ee\\\/product\\\/raymerine-ray63-vhf-raadio-integreeritud-gps-iga\\\/\"]}]},{\"@type\":\"ImageObject\",\"inLanguage\":\"en-GB\",\"@id\":\"https:\\\/\\\/raymarine.ee\\\/product\\\/raymerine-ray63-vhf-raadio-integreeritud-gps-iga\\\/#primaryimage\",\"url\":\"https:\\\/\\\/raymarine.ee\\\/wp-content\\\/uploads\\\/2025\\\/01\\\/0cf47034-8432-4d0f-801b-27d906c72e79.webp\",\"contentUrl\":\"https:\\\/\\\/raymarine.ee\\\/wp-content\\\/uploads\\\/2025\\\/01\\\/0cf47034-8432-4d0f-801b-27d906c72e79.webp\",\"width\":1024,\"height\":1024,\"caption\":\"ray63-vhf-radio\"},{\"@type\":\"BreadcrumbList\",\"@id\":\"https:\\\/\\\/raymarine.ee\\\/product\\\/raymerine-ray63-vhf-raadio-integreeritud-gps-iga\\\/#breadcrumb\",\"itemListElement\":[{\"@type\":\"ListItem\",\"position\":1,\"name\":\"Home\",\"item\":\"https:\\\/\\\/raymarine.ee\\\/\"},{\"@type\":\"ListItem\",\"position\":2,\"name\":\"Tooted\",\"item\":\"https:\\\/\\\/raymarine.ee\\\/shop\\\/\"},{\"@type\":\"ListItem\",\"position\":3,\"name\":\"Raymerine Ray63 VHF raadio integreeritud GPS-iga\"}]},{\"@type\":\"WebSite\",\"@id\":\"https:\\\/\\\/raymarine.ee\\\/#website\",\"url\":\"https:\\\/\\\/raymarine.ee\\\/\",\"name\":\"www.raymarine.ee\",\"description\":\"Mereelektroonika, kaardiplotter, autopiloot, pinnipiloot, roolipiloot, radar, AIS, VHF, Smart Wind\",\"publisher\":{\"@id\":\"https:\\\/\\\/raymarine.ee\\\/#organization\"},\"alternateName\":\"Raymarine\",\"potentialAction\":[{\"@type\":\"SearchAction\",\"target\":{\"@type\":\"EntryPoint\",\"urlTemplate\":\"https:\\\/\\\/raymarine.ee\\\/?s={search_term_string}\"},\"query-input\":{\"@type\":\"PropertyValueSpecification\",\"valueRequired\":true,\"valueName\":\"search_term_string\"}}],\"inLanguage\":\"en-GB\"},{\"@type\":\"Organization\",\"@id\":\"https:\\\/\\\/raymarine.ee\\\/#organization\",\"name\":\"NavSystems O\u00dc\",\"url\":\"https:\\\/\\\/raymarine.ee\\\/\",\"logo\":{\"@type\":\"ImageObject\",\"inLanguage\":\"en-GB\",\"@id\":\"https:\\\/\\\/raymarine.ee\\\/#\\\/schema\\\/logo\\\/image\\\/\",\"url\":\"https:\\\/\\\/raymarine.ee\\\/wp-content\\\/uploads\\\/2024\\\/10\\\/Screenshot-2024-10-15-151324_bg_removed.webp\",\"contentUrl\":\"https:\\\/\\\/raymarine.ee\\\/wp-content\\\/uploads\\\/2024\\\/10\\\/Screenshot-2024-10-15-151324_bg_removed.webp\",\"width\":420,\"height\":276,\"caption\":\"NavSystems O\u00dc\"},\"image\":{\"@id\":\"https:\\\/\\\/raymarine.ee\\\/#\\\/schema\\\/logo\\\/image\\\/\"},\"sameAs\":[\"https:\\\/\\\/www.facebook.com\\\/NavSystems\"],\"legalName\":\"NavSystems O\u00dc\",\"foundingDate\":\"2011-05-03\",\"numberOfEmployees\":{\"@type\":\"QuantitativeValue\",\"minValue\":\"1\",\"maxValue\":\"10\"}}]}<\/script>\n<meta property=\"product:price:amount\" content=\"565.00\" \/>\n<meta property=\"product:price:currency\" content=\"EUR\" \/>\n<meta property=\"og:availability\" content=\"instock\" \/>\n<meta property=\"product:availability\" content=\"instock\" \/>\n<meta property=\"product:retailer_item_id\" content=\"E70516\" \/>\n<meta property=\"product:condition\" content=\"new\" \/>\n<!-- \/ Yoast SEO Premium plugin. -->","yoast_head_json":{"title":"Raymerine Ray63 VHF raadio integreeritud GPS-iga - NavSystems Mereelektroonika","description":"Ray63 VHF raadio on ideaalne lahendus, pakkudes sisseehitatud GPS vastuv\u00f5tjat ja intuitiivseid juhtnuppe. 2-nd station v\u00f5imalus. Hankige oma raadio n\u00fc\u00fcd! \ud83d\udce1","robots":{"index":"index","follow":"follow","max-snippet":"max-snippet:-1","max-image-preview":"max-image-preview:large","max-video-preview":"max-video-preview:-1"},"canonical":"https:\/\/raymarine.ee\/en\/product\/raymerine-ray63-vhf-raadio-integreeritud-gps-iga\/","og_locale":"en_GB","og_type":"article","og_title":"Raymerine Ray63 VHF raadio integreeritud GPS-iga","og_description":"Ray63 VHF raadio on ideaalne lahendus, pakkudes sisseehitatud GPS vastuv\u00f5tjat ja intuitiivseid juhtnuppe. 2-nd station v\u00f5imalus. Hankige oma raadio n\u00fc\u00fcd! \ud83d\udce1","og_url":"https:\/\/raymarine.ee\/en\/product\/raymerine-ray63-vhf-raadio-integreeritud-gps-iga\/","og_site_name":"NavSystems","article_publisher":"https:\/\/www.facebook.com\/NavSystems","article_modified_time":"2026-04-22T05:16:38+00:00","og_image":[{"width":1024,"height":1024,"url":"https:\/\/raymarine.ee\/wp-content\/uploads\/2025\/01\/0cf47034-8432-4d0f-801b-27d906c72e79.webp","type":"image\/webp"}],"twitter_card":"summary_large_image","twitter_misc":{"Price":"565,00&nbsp;&euro;","Availability":"In stock"},"schema":{"@context":"https:\/\/schema.org","@graph":[{"@type":"WebPage","@id":"https:\/\/raymarine.ee\/product\/raymerine-ray63-vhf-raadio-integreeritud-gps-iga\/","url":"https:\/\/raymarine.ee\/product\/raymerine-ray63-vhf-raadio-integreeritud-gps-iga\/","name":"Raymerine Ray63 VHF raadio integreeritud GPS-iga - NavSystems Mereelektroonika","isPartOf":{"@id":"https:\/\/raymarine.ee\/#website"},"primaryImageOfPage":{"@id":"https:\/\/raymarine.ee\/product\/raymerine-ray63-vhf-raadio-integreeritud-gps-iga\/#primaryimage"},"image":{"@id":"https:\/\/raymarine.ee\/product\/raymerine-ray63-vhf-raadio-integreeritud-gps-iga\/#primaryimage"},"thumbnailUrl":"https:\/\/raymarine.ee\/wp-content\/uploads\/2025\/01\/0cf47034-8432-4d0f-801b-27d906c72e79.webp","datePublished":"2025-01-03T19:24:30+00:00","dateModified":"2026-04-22T05:16:38+00:00","description":"Ray63 VHF raadio on ideaalne lahendus, pakkudes sisseehitatud GPS vastuv\u00f5tjat ja intuitiivseid juhtnuppe. 2-nd station v\u00f5imalus. Hankige oma raadio n\u00fc\u00fcd! \ud83d\udce1","breadcrumb":{"@id":"https:\/\/raymarine.ee\/product\/raymerine-ray63-vhf-raadio-integreeritud-gps-iga\/#breadcrumb"},"inLanguage":"en-GB","potentialAction":[{"@type":"ReadAction","target":["https:\/\/raymarine.ee\/product\/raymerine-ray63-vhf-raadio-integreeritud-gps-iga\/"]}]},{"@type":"ImageObject","inLanguage":"en-GB","@id":"https:\/\/raymarine.ee\/product\/raymerine-ray63-vhf-raadio-integreeritud-gps-iga\/#primaryimage","url":"https:\/\/raymarine.ee\/wp-content\/uploads\/2025\/01\/0cf47034-8432-4d0f-801b-27d906c72e79.webp","contentUrl":"https:\/\/raymarine.ee\/wp-content\/uploads\/2025\/01\/0cf47034-8432-4d0f-801b-27d906c72e79.webp","width":1024,"height":1024,"caption":"ray63-vhf-radio"},{"@type":"BreadcrumbList","@id":"https:\/\/raymarine.ee\/product\/raymerine-ray63-vhf-raadio-integreeritud-gps-iga\/#breadcrumb","itemListElement":[{"@type":"ListItem","position":1,"name":"Home","item":"https:\/\/raymarine.ee\/"},{"@type":"ListItem","position":2,"name":"Tooted","item":"https:\/\/raymarine.ee\/shop\/"},{"@type":"ListItem","position":3,"name":"Raymerine Ray63 VHF raadio integreeritud GPS-iga"}]},{"@type":"WebSite","@id":"https:\/\/raymarine.ee\/#website","url":"https:\/\/raymarine.ee\/","name":"www.raymarine.ee","description":"Mereelektroonika, kaardiplotter, autopiloot, pinnipiloot, roolipiloot, radar, AIS, VHF, Smart Wind","publisher":{"@id":"https:\/\/raymarine.ee\/#organization"},"alternateName":"Raymarine","potentialAction":[{"@type":"SearchAction","target":{"@type":"EntryPoint","urlTemplate":"https:\/\/raymarine.ee\/?s={search_term_string}"},"query-input":{"@type":"PropertyValueSpecification","valueRequired":true,"valueName":"search_term_string"}}],"inLanguage":"en-GB"},{"@type":"Organization","@id":"https:\/\/raymarine.ee\/#organization","name":"NavSystems O\u00dc","url":"https:\/\/raymarine.ee\/","logo":{"@type":"ImageObject","inLanguage":"en-GB","@id":"https:\/\/raymarine.ee\/#\/schema\/logo\/image\/","url":"https:\/\/raymarine.ee\/wp-content\/uploads\/2024\/10\/Screenshot-2024-10-15-151324_bg_removed.webp","contentUrl":"https:\/\/raymarine.ee\/wp-content\/uploads\/2024\/10\/Screenshot-2024-10-15-151324_bg_removed.webp","width":420,"height":276,"caption":"NavSystems O\u00dc"},"image":{"@id":"https:\/\/raymarine.ee\/#\/schema\/logo\/image\/"},"sameAs":["https:\/\/www.facebook.com\/NavSystems"],"legalName":"NavSystems O\u00dc","foundingDate":"2011-05-03","numberOfEmployees":{"@type":"QuantitativeValue","minValue":"1","maxValue":"10"}}]},"product_price_amount":"565.00","product_price_currency":"EUR","og_availability":"instock","product_availability":"instock","product_retailer_item_id":"E70516","product_condition":"new"},"jetpack_sharing_enabled":true,"_links":{"self":[{"href":"https:\/\/raymarine.ee\/en\/wp-json\/wp\/v2\/product\/6462","targetHints":{"allow":["GET"]}}],"collection":[{"href":"https:\/\/raymarine.ee\/en\/wp-json\/wp\/v2\/product"}],"about":[{"href":"https:\/\/raymarine.ee\/en\/wp-json\/wp\/v2\/types\/product"}],"wp:featuredmedia":[{"embeddable":true,"href":"https:\/\/raymarine.ee\/en\/wp-json\/wp\/v2\/media\/7822"}],"wp:attachment":[{"href":"https:\/\/raymarine.ee\/en\/wp-json\/wp\/v2\/media?parent=6462"}],"wp:term":[{"taxonomy":"product_brand","embeddable":true,"href":"https:\/\/raymarine.ee\/en\/wp-json\/wp\/v2\/product_brand?post=6462"},{"taxonomy":"product_cat","embeddable":true,"href":"https:\/\/raymarine.ee\/en\/wp-json\/wp\/v2\/product_cat?post=6462"},{"taxonomy":"product_tag","embeddable":true,"href":"https:\/\/raymarine.ee\/en\/wp-json\/wp\/v2\/product_tag?post=6462"}],"curies":[{"name":"wp","href":"https:\/\/api.w.org\/{rel}","templated":true}]}}