{"id":6463,"date":"2025-01-03T19:25:27","date_gmt":"2025-01-03T19:25:27","guid":{"rendered":"https:\/\/raymarine.ee\/?post_type=product&#038;p=6463"},"modified":"2026-04-27T12:38:36","modified_gmt":"2026-04-27T09:38:36","slug":"raymarine-ray73-vhf-raadio-ais-vastuvotja-ja-integreeritud-gps-iga","status":"publish","type":"product","link":"https:\/\/raymarine.ee\/en\/product\/raymarine-ray73-vhf-raadio-ais-vastuvotja-ja-integreeritud-gps-iga\/","title":{"rendered":"Raymarine Ray73 VHF raadio AIS vastuv\u00f5tja ja integreeritud GPS-iga"},"content":{"rendered":"<p><strong><a href=\"https:\/\/ttja.ee\/eraklient\/side-ja-meediateenused\/raadioside\/vee-ja-ohusoiduki-raadioload\" target=\"_blank\" rel=\"noopener\">MMSI numbri saab tellida<\/a> Tarbijakaitse- ja Tehnilise J\u00e4relvalve Ametist<\/strong><\/p>\n<p data-start=\"54\" data-end=\"101\"><strong data-start=\"54\" data-end=\"101\">Raymarine Ray73 VHF raadio AIS vastuv\u00f5tjaga<\/strong><\/p>\n<p data-start=\"103\" data-end=\"571\">Raymarine Ray73 on uusima p\u00f5lvkonna FM-raadio, millel on sisseehitatud GPS- ja AIS-vastuv\u00f5tjad, pakkudes suurep\u00e4rast j\u00f5udlust ja mitmek\u00fclgseid \u00fchenduvusv\u00f5imalusi. Suur ekraan ja suured juhtnupud muudavad seadme kasutamise lihtsaks ja mugavaks. Ray73 raadiot saab laiendada lisavarustuses oleva RayMic juhtmega kaugjuhtimispuldiga, v\u00f5imaldades juhtida raadiot ka teistest paadi osadest. Soovi korral saab \u00fchendada ka udupasuna automaatsete uduhoiatuste genereerimiseks.<\/p>\n<p data-start=\"573\" data-end=\"595\"><strong data-start=\"573\" data-end=\"595\">Peamised omadused:<\/strong><\/p>\n<ul data-start=\"596\" data-end=\"954\">\n<li data-start=\"596\" data-end=\"653\">\n<p data-start=\"598\" data-end=\"653\">VHF-raadio digitaalse selektiivk\u00f5ne (DSC) funktsiooniga<\/p>\n<\/li>\n<li data-start=\"654\" data-end=\"750\">\n<p data-start=\"656\" data-end=\"750\">Sisseehitatud AIS vastuv\u00f5tja kuvab sihtm\u00e4rkide andmeid plotterile, radarile ja instrumentidele<\/p>\n<\/li>\n<li data-start=\"751\" data-end=\"814\">\n<p data-start=\"753\" data-end=\"814\">Laiendatav RayMic juhtmega kaugjuhtimispuldiga (lisavarustus)<\/p>\n<\/li>\n<li data-start=\"815\" data-end=\"880\">\n<p data-start=\"817\" data-end=\"880\">Sisseehitatud GPS vastuv\u00f5tja, v\u00f5imalus lisada v\u00e4line GPS antenn<\/p>\n<\/li>\n<li data-start=\"881\" data-end=\"914\">\n<p data-start=\"883\" data-end=\"914\">\u00dchenduvus: NMEA2000 ja NMEA0183<\/p>\n<\/li>\n<li data-start=\"915\" data-end=\"954\">\n<p data-start=\"917\" data-end=\"954\">Heliv\u00e4ljund lisak\u00f5larite \u00fchendamiseks<\/p>\n<\/li>\n<\/ul>\n<p data-start=\"956\" data-end=\"978\"><strong data-start=\"956\" data-end=\"978\">Tehnilised andmed:<\/strong><\/p>\n<ul data-start=\"979\" data-end=\"1950\">\n<li data-start=\"979\" data-end=\"1015\">\n<p data-start=\"981\" data-end=\"1015\">T\u00f6\u00f6temperatuur: -20 \u00b0C kuni +60 \u00b0C<\/p>\n<\/li>\n<li data-start=\"1016\" data-end=\"1059\">\n<p data-start=\"1018\" data-end=\"1059\">Hoiustamistemperatuur: -25 \u00b0C kuni +70 \u00b0C<\/p>\n<\/li>\n<li data-start=\"1060\" data-end=\"1086\">\n<p data-start=\"1062\" data-end=\"1086\">Veekindlus: IPX6 ja IPX7<\/p>\n<\/li>\n<li data-start=\"1087\" data-end=\"1307\">\n<p data-start=\"1089\" data-end=\"1101\">\u00dchendused:<\/p>\n<ul data-start=\"1104\" data-end=\"1307\">\n<li data-start=\"1104\" data-end=\"1119\">\n<p data-start=\"1106\" data-end=\"1119\">1x NMEA0183<\/p>\n<\/li>\n<li data-start=\"1122\" data-end=\"1149\">\n<p data-start=\"1124\" data-end=\"1149\">1x SeaTalkNG \/ NMEA2000<\/p>\n<\/li>\n<li data-start=\"1152\" data-end=\"1193\">\n<p data-start=\"1154\" data-end=\"1193\">1x esipaneeli \u00fchendus k\u00e4simikrofonile<\/p>\n<\/li>\n<li data-start=\"1196\" data-end=\"1240\">\n<p data-start=\"1198\" data-end=\"1240\">1x tagapaneeli \u00fchendus teise jaama jaoks<\/p>\n<\/li>\n<li data-start=\"1243\" data-end=\"1267\">\n<p data-start=\"1245\" data-end=\"1267\">1x heliv\u00e4ljund (RCA)<\/p>\n<\/li>\n<li data-start=\"1270\" data-end=\"1307\">\n<p data-start=\"1272\" data-end=\"1307\">1x GNSS (GPS) antenni \u00fchendus (TNC)<\/p>\n<\/li>\n<\/ul>\n<\/li>\n<li data-start=\"1308\" data-end=\"1331\">\n<p data-start=\"1310\" data-end=\"1331\">Nominaalpinge: 12V DC<\/p>\n<\/li>\n<li data-start=\"1332\" data-end=\"1365\">\n<p data-start=\"1334\" data-end=\"1365\">T\u00f6\u00f6pingepiirkond: 9 kuni 16V DC<\/p>\n<\/li>\n<li data-start=\"1366\" data-end=\"1472\">\n<p data-start=\"1368\" data-end=\"1380\">Tarbimine:<\/p>\n<ul data-start=\"1383\" data-end=\"1472\">\n<li data-start=\"1383\" data-end=\"1430\">\n<p data-start=\"1385\" data-end=\"1430\">V\u00e4hem kui 6A maksimaalsel v\u00f5imsusel (13,6V)<\/p>\n<\/li>\n<li data-start=\"1433\" data-end=\"1454\">\n<p data-start=\"1435\" data-end=\"1454\">Ootere\u017eiim: 600mA<\/p>\n<\/li>\n<li data-start=\"1457\" data-end=\"1472\">\n<p data-start=\"1459\" data-end=\"1472\">Vastuv\u00f5tt: 2A<\/p>\n<\/li>\n<\/ul>\n<\/li>\n<li data-start=\"1473\" data-end=\"1611\">\n<p data-start=\"1475\" data-end=\"1488\">Sagedusala:<\/p>\n<ul data-start=\"1491\" data-end=\"1611\">\n<li data-start=\"1491\" data-end=\"1550\">\n<p data-start=\"1493\" data-end=\"1550\">Saatmine: 156,000 \u2013 157,425 MHz \/ 155,500 \u2013 161,425 MHz<\/p>\n<\/li>\n<li data-start=\"1553\" data-end=\"1611\">\n<p data-start=\"1555\" data-end=\"1611\">Vastuv\u00f5tt: 156,050 \u2013 163,275 MHz \/ 155,500 \u2013 161,425 MHz<\/p>\n<\/li>\n<\/ul>\n<\/li>\n<li data-start=\"1612\" data-end=\"1638\">\n<p data-start=\"1614\" data-end=\"1638\">Saatmisv\u00f5imsus: 1W \/ 25W<\/p>\n<\/li>\n<li data-start=\"1639\" data-end=\"1664\">\n<p data-start=\"1641\" data-end=\"1664\">V\u00e4lisk\u00f5lari v\u00f5imsus: 5W<\/p>\n<\/li>\n<li data-start=\"1665\" data-end=\"1752\">\n<p data-start=\"1667\" data-end=\"1752\">GPS: Sisseehitatud 72-kanaliline GPS vastuv\u00f5tja (GA150 GPS antenn ei kuulu komplekti)<\/p>\n<\/li>\n<li data-start=\"1753\" data-end=\"1774\">\n<p data-start=\"1755\" data-end=\"1774\">AIS vastuv\u00f5tja: Jah<\/p>\n<\/li>\n<li data-start=\"1775\" data-end=\"1950\">\n<p data-start=\"1777\" data-end=\"1950\">Komplektis: Ray73 raadio, p\u00e4ikesekate, paigaldustihend, k\u00e4simikrofon, kinnituskronsteinid, kinnituskruvid, 400 mm SeaTalkNG kaabel, SeaTalkNG pimedusotsikud, dokumentatsioon<\/p>\n<\/li>\n<\/ul>\n<p>&nbsp;<\/p>\n<p>Vaata\u00a0<a href=\"https:\/\/www.raymarine.eu\/en-gb\/our-products\/ais\" target=\"_blank\" rel=\"noopener external noreferrer nofollow\" data-wpel-link=\"external\">Raymarine AIS<\/a>\u00a0seadmete ja\u00a0<a href=\"https:\/\/www.raymarine.eu\/en-gb\/our-products\/marine-vhf-radio-communications\" target=\"_blank\" rel=\"noopener external noreferrer nofollow\" data-wpel-link=\"external\">VHF raadiote<\/a>\u00a0tootetutvustust.<\/p>\n<p><strong>Juhendid:<\/strong><\/p>\n<p>Lae alla\u00a0<a href=\"https:\/\/raymarine.ee\/wp-content\/uploads\/2026\/04\/Ray53-Ray63-Ray73-Installation-and-Operation-instructions-81381-Rev-8-EN.pdf\" target=\"_blank\" rel=\"noopener\" data-wpel-link=\"internal\">Ray73 paigaldus- ja kasutusjuhend<\/a><\/p>\n<p><a href=\"https:\/\/raymarine.ee\/en\/public\/files\/Raymarine\/Juhendid\/AIS700\/GA200-GNSS-GPS-AntennaInstallation-instructions-88092-3-EN.pdf\/\" target=\"_blank\" rel=\"noopener\" data-wpel-link=\"internal\"><img decoding=\"async\" src=\"https:\/\/www.raymarine.ee\/public\/files\/Raymarine\/Juhendid\/Axiom%20MFD\/pdf.png\" alt=\"\" \/><\/a>Lae alla\u00a0<a href=\"https:\/\/raymarine.ee\/wp-content\/uploads\/2026\/04\/GA200-GNSS-GPS-Antenna-Installation-instructions-88092-3-EN.pdf\" target=\"_blank\" rel=\"noopener\" data-wpel-link=\"internal\">GA200 GNSS GPS antenni paigaldusjuhend<\/a><\/p>\n<p>Lae alla\u00a0<a href=\"https:\/\/raymarine.ee\/wp-content\/uploads\/2026\/04\/Wired-Handset-Installation-instructions-87354-Rev-2-EN.pdf\" target=\"_blank\" rel=\"noopener\" data-wpel-link=\"internal\">RayMic teise k\u00f5netoru paigaldusjuhend<\/a><\/p>\n<p>Lae alla\u00a0<a href=\"https:\/\/raymarine.ee\/wp-content\/uploads\/2026\/04\/Passive-Speaker-Installation-sheet-Mounting-template-87332-Rev-1-EN.pdf\" target=\"_blank\" rel=\"noopener\" data-wpel-link=\"internal\">Passive speaker paigaldusjuhend<\/a><\/p>","protected":false},"excerpt":{"rendered":"<p>Ray73 on soodsa hinnaga kuid k\u00f5ikide vajalike funktsioonidega h\u00e4sti loetava LCD ekraaniga D klassi DSC mereraadio millel on integreeritud AIS vastuv\u00f5tja ja 72 kanaliga WAAS GPS. Ray73 VHF raadiole on v\u00f5imalik lisada r\u00e4\u00e4kimis- ja kuulamisfunktsiooniga 30W Loudhailer mis v\u00f5imaldab edastada ka automaatseid udusignaale. Esipaneelil oleva DISTRESS nupuga saab saata h\u00e4dakutsungi kaldajaamadele ja teistele alustele. Mitme kanali j\u00e4lgimis- ja skaneerimisfunktsioon. 25W\/5W saatja ja tundlik vastuv\u00f5tja. Mikrofoni peal on ka nupud kanalite vahetamiseks. Ilmastikukindluse standard IPX7. Ray73 disain sobib kokku Raymarine kaardiplotteritega. Ray73 mereraadiol on STNG (NMEA2000) ja NMEA0183 liidesed lihtsaks integreerimiseks uude- v\u00f5i juba olemasolevasse v\u00f5rku. Ray73 VHF raadiole saab lisada teise k\u00f5netoru mis annab t\u00e4isfunktsionaalse r\u00e4\u00e4kimiskoha, LoudHaileri kasutamise v\u00f5imaluse ja ka laevasisese intercom funktsiooni. Tutvu kindlasti ka selle komplekti juhenditega ja k\u00fcsimuste korral pea n\u00f5u meie spetsialistiga.<\/p>","protected":false},"featured_media":7821,"template":"","meta":{"_acf_changed":false},"product_brand":[134],"product_cat":[343,103,75,74,53],"product_tag":[],"class_list":{"0":"post-6463","1":"product","2":"type-product","3":"status-publish","4":"has-post-thumbnail","6":"product_brand-raymarine","7":"product_cat-kampaaniad","8":"product_cat-raymarine","9":"product_cat-ais","10":"product_cat-ray_vhf","11":"product_cat-raadioside-ja-ais","13":"first","14":"onbackorder","15":"sale","16":"taxable","17":"shipping-taxable","18":"purchasable","19":"product-type-simple"},"acf":[],"yoast_head":"<!-- This site is optimized with the Yoast SEO Premium plugin v27.5 (Yoast SEO v27.5) - https:\/\/yoast.com\/product\/yoast-seo-premium-wordpress\/ -->\n<title>Ray73 VHF raadio ja AIS vastuv\u00f5tja: Suurep\u00e4rane lahendus - NavSystems<\/title>\n<meta name=\"description\" content=\"Raymarine Ray73 VHF raadio koos sisseehitatud GPS-i ja AIS vastuv\u00f5tjaga, NMEA2000 ja NMEA0183 \u00fchendustega ning laiendatavusega RayMic kaugjuhtimispuldiga.\" \/>\n<meta name=\"robots\" content=\"index, follow, max-snippet:-1, max-image-preview:large, max-video-preview:-1\" \/>\n<link rel=\"canonical\" href=\"https:\/\/raymarine.ee\/en\/product\/raymarine-ray73-vhf-raadio-ais-vastuvotja-ja-integreeritud-gps-iga\/\" \/>\n<meta property=\"og:locale\" content=\"en_GB\" \/>\n<meta property=\"og:type\" content=\"article\" \/>\n<meta property=\"og:title\" content=\"Raymarine Ray73 VHF raadio AIS vastuv\u00f5tja ja integreeritud GPS-iga\" \/>\n<meta property=\"og:description\" content=\"Raymarine Ray73 VHF raadio koos sisseehitatud GPS-i ja AIS vastuv\u00f5tjaga, NMEA2000 ja NMEA0183 \u00fchendustega ning laiendatavusega RayMic kaugjuhtimispuldiga.\" \/>\n<meta property=\"og:url\" content=\"https:\/\/raymarine.ee\/en\/product\/raymarine-ray73-vhf-raadio-ais-vastuvotja-ja-integreeritud-gps-iga\/\" \/>\n<meta property=\"og:site_name\" content=\"NavSystems\" \/>\n<meta property=\"article:publisher\" content=\"https:\/\/www.facebook.com\/NavSystems\" \/>\n<meta property=\"article:modified_time\" content=\"2026-04-27T09:38:36+00:00\" \/>\n<meta property=\"og:image\" content=\"https:\/\/raymarine.ee\/wp-content\/uploads\/2025\/01\/16842444-0146-461d-9222-4d1f87f8fa8c.webp\" \/>\n\t<meta property=\"og:image:width\" content=\"1024\" \/>\n\t<meta property=\"og:image:height\" content=\"1024\" \/>\n\t<meta property=\"og:image:type\" content=\"image\/webp\" \/>\n<meta name=\"twitter:card\" content=\"summary_large_image\" \/>\n<meta name=\"twitter:label1\" content=\"Price\" \/>\n\t<meta name=\"twitter:data1\" content=\"785,00&nbsp;&euro;\" \/>\n\t<meta name=\"twitter:label2\" content=\"Availability\" \/>\n\t<meta name=\"twitter:data2\" content=\"On back order\" \/>\n<script type=\"application\/ld+json\" class=\"yoast-schema-graph\">{\"@context\":\"https:\\\/\\\/schema.org\",\"@graph\":[{\"@type\":\"WebPage\",\"@id\":\"https:\\\/\\\/raymarine.ee\\\/product\\\/raymarine-ray73-vhf-raadio-ais-vastuvotja-ja-integreeritud-gps-iga\\\/\",\"url\":\"https:\\\/\\\/raymarine.ee\\\/product\\\/raymarine-ray73-vhf-raadio-ais-vastuvotja-ja-integreeritud-gps-iga\\\/\",\"name\":\"Ray73 VHF raadio ja AIS vastuv\u00f5tja: Suurep\u00e4rane lahendus - NavSystems\",\"isPartOf\":{\"@id\":\"https:\\\/\\\/raymarine.ee\\\/#website\"},\"primaryImageOfPage\":{\"@id\":\"https:\\\/\\\/raymarine.ee\\\/product\\\/raymarine-ray73-vhf-raadio-ais-vastuvotja-ja-integreeritud-gps-iga\\\/#primaryimage\"},\"image\":{\"@id\":\"https:\\\/\\\/raymarine.ee\\\/product\\\/raymarine-ray73-vhf-raadio-ais-vastuvotja-ja-integreeritud-gps-iga\\\/#primaryimage\"},\"thumbnailUrl\":\"https:\\\/\\\/raymarine.ee\\\/wp-content\\\/uploads\\\/2025\\\/01\\\/16842444-0146-461d-9222-4d1f87f8fa8c.webp\",\"datePublished\":\"2025-01-03T19:25:27+00:00\",\"dateModified\":\"2026-04-27T09:38:36+00:00\",\"description\":\"Raymarine Ray73 VHF raadio koos sisseehitatud GPS-i ja AIS vastuv\u00f5tjaga, NMEA2000 ja NMEA0183 \u00fchendustega ning laiendatavusega RayMic kaugjuhtimispuldiga.\",\"breadcrumb\":{\"@id\":\"https:\\\/\\\/raymarine.ee\\\/product\\\/raymarine-ray73-vhf-raadio-ais-vastuvotja-ja-integreeritud-gps-iga\\\/#breadcrumb\"},\"inLanguage\":\"en-GB\",\"potentialAction\":[{\"@type\":\"ReadAction\",\"target\":[\"https:\\\/\\\/raymarine.ee\\\/product\\\/raymarine-ray73-vhf-raadio-ais-vastuvotja-ja-integreeritud-gps-iga\\\/\"]}]},{\"@type\":\"ImageObject\",\"inLanguage\":\"en-GB\",\"@id\":\"https:\\\/\\\/raymarine.ee\\\/product\\\/raymarine-ray73-vhf-raadio-ais-vastuvotja-ja-integreeritud-gps-iga\\\/#primaryimage\",\"url\":\"https:\\\/\\\/raymarine.ee\\\/wp-content\\\/uploads\\\/2025\\\/01\\\/16842444-0146-461d-9222-4d1f87f8fa8c.webp\",\"contentUrl\":\"https:\\\/\\\/raymarine.ee\\\/wp-content\\\/uploads\\\/2025\\\/01\\\/16842444-0146-461d-9222-4d1f87f8fa8c.webp\",\"width\":1024,\"height\":1024,\"caption\":\"ray73-vhf-radio-with-ais-receiver\"},{\"@type\":\"BreadcrumbList\",\"@id\":\"https:\\\/\\\/raymarine.ee\\\/product\\\/raymarine-ray73-vhf-raadio-ais-vastuvotja-ja-integreeritud-gps-iga\\\/#breadcrumb\",\"itemListElement\":[{\"@type\":\"ListItem\",\"position\":1,\"name\":\"Home\",\"item\":\"https:\\\/\\\/raymarine.ee\\\/\"},{\"@type\":\"ListItem\",\"position\":2,\"name\":\"Tooted\",\"item\":\"https:\\\/\\\/raymarine.ee\\\/shop\\\/\"},{\"@type\":\"ListItem\",\"position\":3,\"name\":\"Raymarine Ray73 VHF raadio AIS vastuv\u00f5tja ja integreeritud GPS-iga\"}]},{\"@type\":\"WebSite\",\"@id\":\"https:\\\/\\\/raymarine.ee\\\/#website\",\"url\":\"https:\\\/\\\/raymarine.ee\\\/\",\"name\":\"www.raymarine.ee\",\"description\":\"Mereelektroonika, kaardiplotter, autopiloot, pinnipiloot, roolipiloot, radar, AIS, VHF, Smart Wind\",\"publisher\":{\"@id\":\"https:\\\/\\\/raymarine.ee\\\/#organization\"},\"alternateName\":\"Raymarine\",\"potentialAction\":[{\"@type\":\"SearchAction\",\"target\":{\"@type\":\"EntryPoint\",\"urlTemplate\":\"https:\\\/\\\/raymarine.ee\\\/?s={search_term_string}\"},\"query-input\":{\"@type\":\"PropertyValueSpecification\",\"valueRequired\":true,\"valueName\":\"search_term_string\"}}],\"inLanguage\":\"en-GB\"},{\"@type\":\"Organization\",\"@id\":\"https:\\\/\\\/raymarine.ee\\\/#organization\",\"name\":\"NavSystems O\u00dc\",\"url\":\"https:\\\/\\\/raymarine.ee\\\/\",\"logo\":{\"@type\":\"ImageObject\",\"inLanguage\":\"en-GB\",\"@id\":\"https:\\\/\\\/raymarine.ee\\\/#\\\/schema\\\/logo\\\/image\\\/\",\"url\":\"https:\\\/\\\/raymarine.ee\\\/wp-content\\\/uploads\\\/2024\\\/10\\\/Screenshot-2024-10-15-151324_bg_removed.webp\",\"contentUrl\":\"https:\\\/\\\/raymarine.ee\\\/wp-content\\\/uploads\\\/2024\\\/10\\\/Screenshot-2024-10-15-151324_bg_removed.webp\",\"width\":420,\"height\":276,\"caption\":\"NavSystems O\u00dc\"},\"image\":{\"@id\":\"https:\\\/\\\/raymarine.ee\\\/#\\\/schema\\\/logo\\\/image\\\/\"},\"sameAs\":[\"https:\\\/\\\/www.facebook.com\\\/NavSystems\"],\"legalName\":\"NavSystems O\u00dc\",\"foundingDate\":\"2011-05-03\",\"numberOfEmployees\":{\"@type\":\"QuantitativeValue\",\"minValue\":\"1\",\"maxValue\":\"10\"}}]}<\/script>\n<meta property=\"product:price:amount\" content=\"785.00\" \/>\n<meta property=\"product:price:currency\" content=\"EUR\" \/>\n<meta property=\"og:availability\" content=\"backorder\" \/>\n<meta property=\"product:availability\" content=\"available for order\" \/>\n<meta property=\"product:retailer_item_id\" content=\"E70517\" \/>\n<meta property=\"product:condition\" content=\"new\" \/>\n<!-- \/ Yoast SEO Premium plugin. -->","yoast_head_json":{"title":"Ray73 VHF raadio ja AIS vastuv\u00f5tja: Suurep\u00e4rane lahendus - NavSystems","description":"Raymarine Ray73 VHF raadio koos sisseehitatud GPS-i ja AIS vastuv\u00f5tjaga, NMEA2000 ja NMEA0183 \u00fchendustega ning laiendatavusega RayMic kaugjuhtimispuldiga.","robots":{"index":"index","follow":"follow","max-snippet":"max-snippet:-1","max-image-preview":"max-image-preview:large","max-video-preview":"max-video-preview:-1"},"canonical":"https:\/\/raymarine.ee\/en\/product\/raymarine-ray73-vhf-raadio-ais-vastuvotja-ja-integreeritud-gps-iga\/","og_locale":"en_GB","og_type":"article","og_title":"Raymarine Ray73 VHF raadio AIS vastuv\u00f5tja ja integreeritud GPS-iga","og_description":"Raymarine Ray73 VHF raadio koos sisseehitatud GPS-i ja AIS vastuv\u00f5tjaga, NMEA2000 ja NMEA0183 \u00fchendustega ning laiendatavusega RayMic kaugjuhtimispuldiga.","og_url":"https:\/\/raymarine.ee\/en\/product\/raymarine-ray73-vhf-raadio-ais-vastuvotja-ja-integreeritud-gps-iga\/","og_site_name":"NavSystems","article_publisher":"https:\/\/www.facebook.com\/NavSystems","article_modified_time":"2026-04-27T09:38:36+00:00","og_image":[{"width":1024,"height":1024,"url":"https:\/\/raymarine.ee\/wp-content\/uploads\/2025\/01\/16842444-0146-461d-9222-4d1f87f8fa8c.webp","type":"image\/webp"}],"twitter_card":"summary_large_image","twitter_misc":{"Price":"785,00&nbsp;&euro;","Availability":"On back order"},"schema":{"@context":"https:\/\/schema.org","@graph":[{"@type":"WebPage","@id":"https:\/\/raymarine.ee\/product\/raymarine-ray73-vhf-raadio-ais-vastuvotja-ja-integreeritud-gps-iga\/","url":"https:\/\/raymarine.ee\/product\/raymarine-ray73-vhf-raadio-ais-vastuvotja-ja-integreeritud-gps-iga\/","name":"Ray73 VHF raadio ja AIS vastuv\u00f5tja: Suurep\u00e4rane lahendus - NavSystems","isPartOf":{"@id":"https:\/\/raymarine.ee\/#website"},"primaryImageOfPage":{"@id":"https:\/\/raymarine.ee\/product\/raymarine-ray73-vhf-raadio-ais-vastuvotja-ja-integreeritud-gps-iga\/#primaryimage"},"image":{"@id":"https:\/\/raymarine.ee\/product\/raymarine-ray73-vhf-raadio-ais-vastuvotja-ja-integreeritud-gps-iga\/#primaryimage"},"thumbnailUrl":"https:\/\/raymarine.ee\/wp-content\/uploads\/2025\/01\/16842444-0146-461d-9222-4d1f87f8fa8c.webp","datePublished":"2025-01-03T19:25:27+00:00","dateModified":"2026-04-27T09:38:36+00:00","description":"Raymarine Ray73 VHF raadio koos sisseehitatud GPS-i ja AIS vastuv\u00f5tjaga, NMEA2000 ja NMEA0183 \u00fchendustega ning laiendatavusega RayMic kaugjuhtimispuldiga.","breadcrumb":{"@id":"https:\/\/raymarine.ee\/product\/raymarine-ray73-vhf-raadio-ais-vastuvotja-ja-integreeritud-gps-iga\/#breadcrumb"},"inLanguage":"en-GB","potentialAction":[{"@type":"ReadAction","target":["https:\/\/raymarine.ee\/product\/raymarine-ray73-vhf-raadio-ais-vastuvotja-ja-integreeritud-gps-iga\/"]}]},{"@type":"ImageObject","inLanguage":"en-GB","@id":"https:\/\/raymarine.ee\/product\/raymarine-ray73-vhf-raadio-ais-vastuvotja-ja-integreeritud-gps-iga\/#primaryimage","url":"https:\/\/raymarine.ee\/wp-content\/uploads\/2025\/01\/16842444-0146-461d-9222-4d1f87f8fa8c.webp","contentUrl":"https:\/\/raymarine.ee\/wp-content\/uploads\/2025\/01\/16842444-0146-461d-9222-4d1f87f8fa8c.webp","width":1024,"height":1024,"caption":"ray73-vhf-radio-with-ais-receiver"},{"@type":"BreadcrumbList","@id":"https:\/\/raymarine.ee\/product\/raymarine-ray73-vhf-raadio-ais-vastuvotja-ja-integreeritud-gps-iga\/#breadcrumb","itemListElement":[{"@type":"ListItem","position":1,"name":"Home","item":"https:\/\/raymarine.ee\/"},{"@type":"ListItem","position":2,"name":"Tooted","item":"https:\/\/raymarine.ee\/shop\/"},{"@type":"ListItem","position":3,"name":"Raymarine Ray73 VHF raadio AIS vastuv\u00f5tja ja integreeritud GPS-iga"}]},{"@type":"WebSite","@id":"https:\/\/raymarine.ee\/#website","url":"https:\/\/raymarine.ee\/","name":"www.raymarine.ee","description":"Mereelektroonika, kaardiplotter, autopiloot, pinnipiloot, roolipiloot, radar, AIS, VHF, Smart Wind","publisher":{"@id":"https:\/\/raymarine.ee\/#organization"},"alternateName":"Raymarine","potentialAction":[{"@type":"SearchAction","target":{"@type":"EntryPoint","urlTemplate":"https:\/\/raymarine.ee\/?s={search_term_string}"},"query-input":{"@type":"PropertyValueSpecification","valueRequired":true,"valueName":"search_term_string"}}],"inLanguage":"en-GB"},{"@type":"Organization","@id":"https:\/\/raymarine.ee\/#organization","name":"NavSystems O\u00dc","url":"https:\/\/raymarine.ee\/","logo":{"@type":"ImageObject","inLanguage":"en-GB","@id":"https:\/\/raymarine.ee\/#\/schema\/logo\/image\/","url":"https:\/\/raymarine.ee\/wp-content\/uploads\/2024\/10\/Screenshot-2024-10-15-151324_bg_removed.webp","contentUrl":"https:\/\/raymarine.ee\/wp-content\/uploads\/2024\/10\/Screenshot-2024-10-15-151324_bg_removed.webp","width":420,"height":276,"caption":"NavSystems O\u00dc"},"image":{"@id":"https:\/\/raymarine.ee\/#\/schema\/logo\/image\/"},"sameAs":["https:\/\/www.facebook.com\/NavSystems"],"legalName":"NavSystems O\u00dc","foundingDate":"2011-05-03","numberOfEmployees":{"@type":"QuantitativeValue","minValue":"1","maxValue":"10"}}]},"product_price_amount":"785.00","product_price_currency":"EUR","og_availability":"backorder","product_availability":"available for order","product_retailer_item_id":"E70517","product_condition":"new"},"jetpack_sharing_enabled":true,"_links":{"self":[{"href":"https:\/\/raymarine.ee\/en\/wp-json\/wp\/v2\/product\/6463","targetHints":{"allow":["GET"]}}],"collection":[{"href":"https:\/\/raymarine.ee\/en\/wp-json\/wp\/v2\/product"}],"about":[{"href":"https:\/\/raymarine.ee\/en\/wp-json\/wp\/v2\/types\/product"}],"wp:featuredmedia":[{"embeddable":true,"href":"https:\/\/raymarine.ee\/en\/wp-json\/wp\/v2\/media\/7821"}],"wp:attachment":[{"href":"https:\/\/raymarine.ee\/en\/wp-json\/wp\/v2\/media?parent=6463"}],"wp:term":[{"taxonomy":"product_brand","embeddable":true,"href":"https:\/\/raymarine.ee\/en\/wp-json\/wp\/v2\/product_brand?post=6463"},{"taxonomy":"product_cat","embeddable":true,"href":"https:\/\/raymarine.ee\/en\/wp-json\/wp\/v2\/product_cat?post=6463"},{"taxonomy":"product_tag","embeddable":true,"href":"https:\/\/raymarine.ee\/en\/wp-json\/wp\/v2\/product_tag?post=6463"}],"curies":[{"name":"wp","href":"https:\/\/api.w.org\/{rel}","templated":true}]}}