{"id":6464,"date":"2025-01-03T19:23:51","date_gmt":"2025-01-03T19:23:51","guid":{"rendered":"https:\/\/raymarine.ee\/?post_type=product&#038;p=6464"},"modified":"2026-04-25T11:35:22","modified_gmt":"2026-04-25T08:35:22","slug":"ray90-vhf-black-box-inc-wired-handset-passive-speaker-and-cable","status":"publish","type":"product","link":"https:\/\/raymarine.ee\/en\/product\/ray90-vhf-black-box-inc-wired-handset-passive-speaker-and-cable\/","title":{"rendered":"Ray90 VHF Black Box (inc wired handset, passive speaker and cable)"},"content":{"rendered":"<p><strong>MMSI numbri saab tellida Tarbijakaitse- ja Tehnilise J\u00e4relvalve Ametist<\/strong><\/p>\n<p><a href=\"https:\/\/ttja.ee\/eraklient\/side-ja-meediateenused\/raadioside\/vee-ja-ohusoiduki-raadioload\" target=\"_blank\" rel=\"noopener nofollow external noreferrer\" data-wpel-link=\"external\">https:\/\/ttja.ee\/eraklient\/side-ja-meediateenused\/raadioside\/vee-ja-ohusoiduki-raadioload<\/a><\/p>\n<h5><strong>Ray90 details<\/strong><\/h5>\n<div class=\"panel-body\">\n<div id=\"description\">Raymarine&#8217;s new RAY90 black box DSC VHF radio takes up little space and is completely flexible when it comes to installation on board. The radio is controlled in its entirety by means of the supplied remote control. Featuring the latest technology, Raymarine&#8217;s RAY90 holds the promise of superior performance with a long lifetime. Thanks to NMEA2000 and NMEA0183 interfaces, the radio can be easily connected to existing networks. Delivery includes a remote control and passive speaker.<\/div>\n<div>\n<p>Main features<\/p>\n<ul>\n<li>Black box, multi-station capable VHF radio<\/li>\n<li>Wired handset and passive speaker included<\/li>\n<li>Expandable to 2 RayMic handsets<\/li>\n<li>Built-in loudhailer and fog signal generator<\/li>\n<li>Internal GPS receiver (can be extended by an optional GPS)<\/li>\n<li>Simple NMEA2000 and NMEA0183 networking<\/li>\n<\/ul>\n<p>&nbsp;<\/p>\n<p>A communications power house<\/p>\n<p>Ray90 is equipped with a powerful 25 W transmitter and commercial grade electronics for long life and high performance. Channel scanning, dual watch, tri-watch and weather alerts are standard. The integrated GPS makes it easy to set up advanced safety and calling functions. Just enter your ship&#8217;s MMSI number when setting up and you&#8217;re ready to go.\u00a0For GPS operation, the optional GA150 passive GPS antenna is required.<\/p>\n<p>Position tracking<\/p>\n<p>The Ray90 position tracking feature allows you to keep track of up to 5 DSC-equipped vessels in your area. Their positions are automatically shared with your Raymarine MFD. In Europe the Ray90 supports the ATIS system on navigable inland waterways.<\/p>\n<p>Loudhailer<\/p>\n<p>With its integrated megaphone, you will be heard on deck and accross the harbour. Connect an optional hailing horn and make your presence known with 30 watts of audio output, plus 2-way talkback. If it gets foggy, the loudhailer can be set up to automatically sound necessary fog signals for power and sailing vessels on the water and at anchor.<\/p>\n<p>Waterproof and sturdy<\/p>\n<p>The Ray90 transceiver unit is made of solid aluminium for shock and vibration resistance and maximum heat dissipation. For easy viewing in all conditions, the RayMic handset features a super bright backlight. The oversized keys provide a secure grip with easy access to commonly used functions.<\/p>\n<p>Technical specifications<\/p>\n<div class=\"tableWrapper\">\n<table class=\"ordinary\">\n<tbody>\n<tr>\n<td>Dimensions (h x w x d)<\/td>\n<td>63 x 235 x 160 mm<\/td>\n<\/tr>\n<tr>\n<td>Weight:<\/td>\n<td>2.6 kg<\/td>\n<\/tr>\n<tr>\n<td>Operating temperature range<\/td>\n<td>-25 \u00b0C &#8211; +55 \u00b0C<\/td>\n<\/tr>\n<tr>\n<td>Water rating<\/td>\n<td>IPX6 and IPX7<\/td>\n<\/tr>\n<tr>\n<td>Voltage<\/td>\n<td>12 V DC<\/td>\n<\/tr>\n<tr>\n<td>Operating voltage range<\/td>\n<td>9 to 16 V DC<\/td>\n<\/tr>\n<tr>\n<td>Current consumption<\/td>\n<td>Maximum: &lt; 6 A<br \/>\nStandby: 600 mA<br \/>\nReceive: 2 A<\/td>\n<\/tr>\n<tr>\n<td>Channels<\/td>\n<td>All available US, International and Canadian VHF marine bands<\/td>\n<\/tr>\n<tr>\n<td>Frequency coverage<\/td>\n<td>156,000 &#8211; 157,425 MHz<\/td>\n<\/tr>\n<tr>\n<td>Output power<\/td>\n<td>High power = 25 W<br \/>\nLow power = 1 W<\/td>\n<\/tr>\n<tr>\n<td>GPS<\/td>\n<td>Integrated GNSS receiver,\u00a0GA150\u00a0GPS antenna not included<\/td>\n<\/tr>\n<tr>\n<td>NMEA0183<\/td>\n<td>Yes<\/td>\n<\/tr>\n<tr>\n<td>NMEA2000<\/td>\n<td>Yes<\/td>\n<\/tr>\n<tr>\n<td>AIS<\/td>\n<td>No<\/td>\n<\/tr>\n<tr>\n<td>External passive speaker performance<\/td>\n<td>5 W (4 \u03a9) \/ 2,5 W (8 \u03a9)<\/td>\n<\/tr>\n<tr>\n<td>Megaphone output power<\/td>\n<td>24 W (4 \u03a9) \/ 12 W (8 \u03a9)<\/td>\n<\/tr>\n<\/tbody>\n<\/table>\n<p>Vaata\u00a0<a href=\"https:\/\/www.raymarine.eu\/en-gb\/our-products\/ais\" target=\"_blank\" rel=\"noopener external noreferrer nofollow\" data-wpel-link=\"external\">Raymarine AIS<\/a>\u00a0seadmete ja\u00a0<a href=\"https:\/\/www.raymarine.eu\/en-gb\/our-products\/marine-vhf-radio-communications\" target=\"_blank\" rel=\"noopener external noreferrer nofollow\" data-wpel-link=\"external\">VHF raadiote<\/a>\u00a0tootetutvustust.<\/p>\n<p><strong>Juhendid:<\/strong><\/p>\n<p>Lae alla\u00a0<a href=\"https:\/\/raymarine.ee\/wp-content\/uploads\/2026\/04\/Ray90-Ray91-Installation-Operation-instructions-81377-Rev-10-EN.pdf\" target=\"_blank\" rel=\"noopener\">Ray90 paigaldus- ja kasutusjuhend<\/a><\/p>\n<p><a href=\"https:\/\/raymarine.ee\/en\/public\/files\/Raymarine\/Juhendid\/AIS700\/GA200-GNSS-GPS-AntennaInstallation-instructions-88092-3-EN.pdf\/\" target=\"_blank\" rel=\"noopener\" data-wpel-link=\"internal\"><img decoding=\"async\" src=\"https:\/\/www.raymarine.ee\/public\/files\/Raymarine\/Juhendid\/Axiom%20MFD\/pdf.png\" alt=\"\" \/><\/a>Lae alla\u00a0<a href=\"https:\/\/raymarine.ee\/wp-content\/uploads\/2026\/04\/GA200-GNSS-GPS-Antenna-Installation-instructions-88092-3-EN.pdf\" target=\"_blank\" rel=\"noopener\" data-wpel-link=\"internal\">GA200 GNSS GPS antenni paigaldusjuhend<\/a><\/p>\n<p>Lae alla\u00a0<a href=\"https:\/\/raymarine.ee\/wp-content\/uploads\/2026\/04\/Wired-Handset-Installation-instructions-87354-Rev-2-EN.pdf\" target=\"_blank\" rel=\"noopener\" data-wpel-link=\"internal\">RayMic teise k\u00f5netoru paigaldusjuhend<\/a><\/p>\n<p>Lae alla\u00a0<a href=\"https:\/\/raymarine.ee\/wp-content\/uploads\/2026\/04\/Passive-Speaker-Installation-sheet-Mounting-template-87332-Rev-1-EN.pdf\" target=\"_blank\" rel=\"noopener\" data-wpel-link=\"internal\">Passive speaker paigaldusjuhend<\/a><\/p>\n<\/div>\n<\/div>\n<\/div>","protected":false},"excerpt":{"rendered":"<p>Ray90 VHF on Black Box t\u00fc\u00fcpi raadiojaam mis v\u00f5imaldab seadme paigaldada nii, et seda n\u00e4ha pole ja kasutaja jaoks on armatuurlauas n\u00e4ha ainult ekraaniga varustatud mikrofon. Ray90 VHF raadiole on v\u00f5imalik lisada r\u00e4\u00e4kimis- ja kuulamisfunktsiooniga 30W Loudhailer mis v\u00f5imaldab edastada ka automaatseid udusignaale. Integreeritud DISTRESS nupuga saab saata h\u00e4dakutsungi kaldajaamadele ja teistele alustele. Mitme kanali j\u00e4lgimise ja skaneerimis funktsioon. 25W\/5W saatja ja tundlik vastuv\u00f5tja. Mikrofoni sees on ka nupud kanalite vahetamiseks ja raadiojaama seadistamiseks. Ray90 mereraadiol on sisene GPS antenn koos v\u00e4lise antenni lisamise v\u00f5imalusega ja NMEA2000 ja NMEA0183 liidesed lihtsaks integreerimiseks \u00fchtsesse v\u00f5rku. Ray90 VHF raadiole saab lisada ka teise- ja kolmanda k\u00f5netoru mis annab juurde kuni 2 t\u00e4isfunktsionaalset r\u00e4\u00e4kimiskohta ja ka laevasisese intercom funktsiooni. Tutvu kindlasti ka selle komplekti\u00a0juhenditega\u00a0ja k\u00fcsimuste korral pea n\u00f5u meie spetsialistiga.<\/p>","protected":false},"featured_media":7710,"template":"","meta":{"_acf_changed":false},"product_brand":[134],"product_cat":[343,103,74,53],"product_tag":[],"class_list":{"0":"post-6464","1":"product","2":"type-product","3":"status-publish","4":"has-post-thumbnail","6":"product_brand-raymarine","7":"product_cat-kampaaniad","8":"product_cat-raymarine","9":"product_cat-ray_vhf","10":"product_cat-raadioside-ja-ais","12":"first","13":"instock","14":"sale","15":"taxable","16":"shipping-taxable","17":"purchasable","18":"product-type-simple"},"acf":[],"yoast_head":"<!-- This site is optimized with the Yoast SEO Premium plugin v27.5 (Yoast SEO v27.5) - https:\/\/yoast.com\/product\/yoast-seo-premium-wordpress\/ -->\n<title>Ray90 VHF: Kvaliteetne Black-Box t\u00fc\u00fcpi VHF Raadiokomplekt - NavSystems<\/title>\n<meta name=\"description\" content=\"Ray90 VHF raadio pakub suurep\u00e4rast j\u00f5udlust ja pika kasutusiga. Paigaldage see lihtsalt oma paati ja nautige selget suhtlust! \ud83c\udf0a\" \/>\n<meta name=\"robots\" content=\"index, follow, max-snippet:-1, max-image-preview:large, max-video-preview:-1\" \/>\n<link rel=\"canonical\" href=\"https:\/\/raymarine.ee\/en\/product\/ray90-vhf-black-box-inc-wired-handset-passive-speaker-and-cable\/\" \/>\n<meta property=\"og:locale\" content=\"en_GB\" \/>\n<meta property=\"og:type\" content=\"article\" \/>\n<meta property=\"og:title\" content=\"Ray90 VHF Black Box (inc wired handset, passive speaker and cable)\" \/>\n<meta property=\"og:description\" content=\"Ray90 VHF raadio pakub suurep\u00e4rast j\u00f5udlust ja pika kasutusiga. Paigaldage see lihtsalt oma paati ja nautige selget suhtlust! \ud83c\udf0a\" \/>\n<meta property=\"og:url\" content=\"https:\/\/raymarine.ee\/en\/product\/ray90-vhf-black-box-inc-wired-handset-passive-speaker-and-cable\/\" \/>\n<meta property=\"og:site_name\" content=\"NavSystems\" \/>\n<meta property=\"article:publisher\" content=\"https:\/\/www.facebook.com\/NavSystems\" \/>\n<meta property=\"article:modified_time\" content=\"2026-04-25T08:35:22+00:00\" \/>\n<meta property=\"og:image\" content=\"https:\/\/raymarine.ee\/wp-content\/uploads\/2025\/01\/935b502d-ef30-43da-9f64-3440de161d1c.webp\" \/>\n\t<meta property=\"og:image:width\" content=\"1024\" \/>\n\t<meta property=\"og:image:height\" content=\"1024\" \/>\n\t<meta property=\"og:image:type\" content=\"image\/webp\" \/>\n<meta name=\"twitter:card\" content=\"summary_large_image\" \/>\n<meta name=\"twitter:label1\" content=\"Price\" \/>\n\t<meta name=\"twitter:data1\" content=\"955,00&nbsp;&euro;\" \/>\n\t<meta name=\"twitter:label2\" content=\"Availability\" \/>\n\t<meta name=\"twitter:data2\" content=\"In stock\" \/>\n<script type=\"application\/ld+json\" class=\"yoast-schema-graph\">{\"@context\":\"https:\\\/\\\/schema.org\",\"@graph\":[{\"@type\":\"WebPage\",\"@id\":\"https:\\\/\\\/raymarine.ee\\\/product\\\/ray90-vhf-black-box-inc-wired-handset-passive-speaker-and-cable\\\/\",\"url\":\"https:\\\/\\\/raymarine.ee\\\/product\\\/ray90-vhf-black-box-inc-wired-handset-passive-speaker-and-cable\\\/\",\"name\":\"Ray90 VHF: Kvaliteetne Black-Box t\u00fc\u00fcpi VHF Raadiokomplekt - NavSystems\",\"isPartOf\":{\"@id\":\"https:\\\/\\\/raymarine.ee\\\/#website\"},\"primaryImageOfPage\":{\"@id\":\"https:\\\/\\\/raymarine.ee\\\/product\\\/ray90-vhf-black-box-inc-wired-handset-passive-speaker-and-cable\\\/#primaryimage\"},\"image\":{\"@id\":\"https:\\\/\\\/raymarine.ee\\\/product\\\/ray90-vhf-black-box-inc-wired-handset-passive-speaker-and-cable\\\/#primaryimage\"},\"thumbnailUrl\":\"https:\\\/\\\/raymarine.ee\\\/wp-content\\\/uploads\\\/2025\\\/01\\\/935b502d-ef30-43da-9f64-3440de161d1c.webp\",\"datePublished\":\"2025-01-03T19:23:51+00:00\",\"dateModified\":\"2026-04-25T08:35:22+00:00\",\"description\":\"Ray90 VHF raadio pakub suurep\u00e4rast j\u00f5udlust ja pika kasutusiga. Paigaldage see lihtsalt oma paati ja nautige selget suhtlust! \ud83c\udf0a\",\"breadcrumb\":{\"@id\":\"https:\\\/\\\/raymarine.ee\\\/product\\\/ray90-vhf-black-box-inc-wired-handset-passive-speaker-and-cable\\\/#breadcrumb\"},\"inLanguage\":\"en-GB\",\"potentialAction\":[{\"@type\":\"ReadAction\",\"target\":[\"https:\\\/\\\/raymarine.ee\\\/product\\\/ray90-vhf-black-box-inc-wired-handset-passive-speaker-and-cable\\\/\"]}]},{\"@type\":\"ImageObject\",\"inLanguage\":\"en-GB\",\"@id\":\"https:\\\/\\\/raymarine.ee\\\/product\\\/ray90-vhf-black-box-inc-wired-handset-passive-speaker-and-cable\\\/#primaryimage\",\"url\":\"https:\\\/\\\/raymarine.ee\\\/wp-content\\\/uploads\\\/2025\\\/01\\\/935b502d-ef30-43da-9f64-3440de161d1c.webp\",\"contentUrl\":\"https:\\\/\\\/raymarine.ee\\\/wp-content\\\/uploads\\\/2025\\\/01\\\/935b502d-ef30-43da-9f64-3440de161d1c.webp\",\"width\":1024,\"height\":1024,\"caption\":\"ray90-black-box-vhf-radio\"},{\"@type\":\"BreadcrumbList\",\"@id\":\"https:\\\/\\\/raymarine.ee\\\/product\\\/ray90-vhf-black-box-inc-wired-handset-passive-speaker-and-cable\\\/#breadcrumb\",\"itemListElement\":[{\"@type\":\"ListItem\",\"position\":1,\"name\":\"Home\",\"item\":\"https:\\\/\\\/raymarine.ee\\\/\"},{\"@type\":\"ListItem\",\"position\":2,\"name\":\"Tooted\",\"item\":\"https:\\\/\\\/raymarine.ee\\\/shop\\\/\"},{\"@type\":\"ListItem\",\"position\":3,\"name\":\"Ray90 VHF Black Box (inc wired handset, passive speaker and cable)\"}]},{\"@type\":\"WebSite\",\"@id\":\"https:\\\/\\\/raymarine.ee\\\/#website\",\"url\":\"https:\\\/\\\/raymarine.ee\\\/\",\"name\":\"www.raymarine.ee\",\"description\":\"Mereelektroonika, kaardiplotter, autopiloot, pinnipiloot, roolipiloot, radar, AIS, VHF, Smart Wind\",\"publisher\":{\"@id\":\"https:\\\/\\\/raymarine.ee\\\/#organization\"},\"alternateName\":\"Raymarine\",\"potentialAction\":[{\"@type\":\"SearchAction\",\"target\":{\"@type\":\"EntryPoint\",\"urlTemplate\":\"https:\\\/\\\/raymarine.ee\\\/?s={search_term_string}\"},\"query-input\":{\"@type\":\"PropertyValueSpecification\",\"valueRequired\":true,\"valueName\":\"search_term_string\"}}],\"inLanguage\":\"en-GB\"},{\"@type\":\"Organization\",\"@id\":\"https:\\\/\\\/raymarine.ee\\\/#organization\",\"name\":\"NavSystems O\u00dc\",\"url\":\"https:\\\/\\\/raymarine.ee\\\/\",\"logo\":{\"@type\":\"ImageObject\",\"inLanguage\":\"en-GB\",\"@id\":\"https:\\\/\\\/raymarine.ee\\\/#\\\/schema\\\/logo\\\/image\\\/\",\"url\":\"https:\\\/\\\/raymarine.ee\\\/wp-content\\\/uploads\\\/2024\\\/10\\\/Screenshot-2024-10-15-151324_bg_removed.webp\",\"contentUrl\":\"https:\\\/\\\/raymarine.ee\\\/wp-content\\\/uploads\\\/2024\\\/10\\\/Screenshot-2024-10-15-151324_bg_removed.webp\",\"width\":420,\"height\":276,\"caption\":\"NavSystems O\u00dc\"},\"image\":{\"@id\":\"https:\\\/\\\/raymarine.ee\\\/#\\\/schema\\\/logo\\\/image\\\/\"},\"sameAs\":[\"https:\\\/\\\/www.facebook.com\\\/NavSystems\"],\"legalName\":\"NavSystems O\u00dc\",\"foundingDate\":\"2011-05-03\",\"numberOfEmployees\":{\"@type\":\"QuantitativeValue\",\"minValue\":\"1\",\"maxValue\":\"10\"}}]}<\/script>\n<meta property=\"product:price:amount\" content=\"955.00\" \/>\n<meta property=\"product:price:currency\" content=\"EUR\" \/>\n<meta property=\"og:availability\" content=\"instock\" \/>\n<meta property=\"product:availability\" content=\"instock\" \/>\n<meta property=\"product:retailer_item_id\" content=\"E70492\" \/>\n<meta property=\"product:condition\" content=\"new\" \/>\n<!-- \/ Yoast SEO Premium plugin. -->","yoast_head_json":{"title":"Ray90 VHF: Kvaliteetne Black-Box t\u00fc\u00fcpi VHF Raadiokomplekt - NavSystems","description":"Ray90 VHF raadio pakub suurep\u00e4rast j\u00f5udlust ja pika kasutusiga. Paigaldage see lihtsalt oma paati ja nautige selget suhtlust! \ud83c\udf0a","robots":{"index":"index","follow":"follow","max-snippet":"max-snippet:-1","max-image-preview":"max-image-preview:large","max-video-preview":"max-video-preview:-1"},"canonical":"https:\/\/raymarine.ee\/en\/product\/ray90-vhf-black-box-inc-wired-handset-passive-speaker-and-cable\/","og_locale":"en_GB","og_type":"article","og_title":"Ray90 VHF Black Box (inc wired handset, passive speaker and cable)","og_description":"Ray90 VHF raadio pakub suurep\u00e4rast j\u00f5udlust ja pika kasutusiga. Paigaldage see lihtsalt oma paati ja nautige selget suhtlust! \ud83c\udf0a","og_url":"https:\/\/raymarine.ee\/en\/product\/ray90-vhf-black-box-inc-wired-handset-passive-speaker-and-cable\/","og_site_name":"NavSystems","article_publisher":"https:\/\/www.facebook.com\/NavSystems","article_modified_time":"2026-04-25T08:35:22+00:00","og_image":[{"width":1024,"height":1024,"url":"https:\/\/raymarine.ee\/wp-content\/uploads\/2025\/01\/935b502d-ef30-43da-9f64-3440de161d1c.webp","type":"image\/webp"}],"twitter_card":"summary_large_image","twitter_misc":{"Price":"955,00&nbsp;&euro;","Availability":"In stock"},"schema":{"@context":"https:\/\/schema.org","@graph":[{"@type":"WebPage","@id":"https:\/\/raymarine.ee\/product\/ray90-vhf-black-box-inc-wired-handset-passive-speaker-and-cable\/","url":"https:\/\/raymarine.ee\/product\/ray90-vhf-black-box-inc-wired-handset-passive-speaker-and-cable\/","name":"Ray90 VHF: Kvaliteetne Black-Box t\u00fc\u00fcpi VHF Raadiokomplekt - NavSystems","isPartOf":{"@id":"https:\/\/raymarine.ee\/#website"},"primaryImageOfPage":{"@id":"https:\/\/raymarine.ee\/product\/ray90-vhf-black-box-inc-wired-handset-passive-speaker-and-cable\/#primaryimage"},"image":{"@id":"https:\/\/raymarine.ee\/product\/ray90-vhf-black-box-inc-wired-handset-passive-speaker-and-cable\/#primaryimage"},"thumbnailUrl":"https:\/\/raymarine.ee\/wp-content\/uploads\/2025\/01\/935b502d-ef30-43da-9f64-3440de161d1c.webp","datePublished":"2025-01-03T19:23:51+00:00","dateModified":"2026-04-25T08:35:22+00:00","description":"Ray90 VHF raadio pakub suurep\u00e4rast j\u00f5udlust ja pika kasutusiga. Paigaldage see lihtsalt oma paati ja nautige selget suhtlust! \ud83c\udf0a","breadcrumb":{"@id":"https:\/\/raymarine.ee\/product\/ray90-vhf-black-box-inc-wired-handset-passive-speaker-and-cable\/#breadcrumb"},"inLanguage":"en-GB","potentialAction":[{"@type":"ReadAction","target":["https:\/\/raymarine.ee\/product\/ray90-vhf-black-box-inc-wired-handset-passive-speaker-and-cable\/"]}]},{"@type":"ImageObject","inLanguage":"en-GB","@id":"https:\/\/raymarine.ee\/product\/ray90-vhf-black-box-inc-wired-handset-passive-speaker-and-cable\/#primaryimage","url":"https:\/\/raymarine.ee\/wp-content\/uploads\/2025\/01\/935b502d-ef30-43da-9f64-3440de161d1c.webp","contentUrl":"https:\/\/raymarine.ee\/wp-content\/uploads\/2025\/01\/935b502d-ef30-43da-9f64-3440de161d1c.webp","width":1024,"height":1024,"caption":"ray90-black-box-vhf-radio"},{"@type":"BreadcrumbList","@id":"https:\/\/raymarine.ee\/product\/ray90-vhf-black-box-inc-wired-handset-passive-speaker-and-cable\/#breadcrumb","itemListElement":[{"@type":"ListItem","position":1,"name":"Home","item":"https:\/\/raymarine.ee\/"},{"@type":"ListItem","position":2,"name":"Tooted","item":"https:\/\/raymarine.ee\/shop\/"},{"@type":"ListItem","position":3,"name":"Ray90 VHF Black Box (inc wired handset, passive speaker and cable)"}]},{"@type":"WebSite","@id":"https:\/\/raymarine.ee\/#website","url":"https:\/\/raymarine.ee\/","name":"www.raymarine.ee","description":"Mereelektroonika, kaardiplotter, autopiloot, pinnipiloot, roolipiloot, radar, AIS, VHF, Smart Wind","publisher":{"@id":"https:\/\/raymarine.ee\/#organization"},"alternateName":"Raymarine","potentialAction":[{"@type":"SearchAction","target":{"@type":"EntryPoint","urlTemplate":"https:\/\/raymarine.ee\/?s={search_term_string}"},"query-input":{"@type":"PropertyValueSpecification","valueRequired":true,"valueName":"search_term_string"}}],"inLanguage":"en-GB"},{"@type":"Organization","@id":"https:\/\/raymarine.ee\/#organization","name":"NavSystems O\u00dc","url":"https:\/\/raymarine.ee\/","logo":{"@type":"ImageObject","inLanguage":"en-GB","@id":"https:\/\/raymarine.ee\/#\/schema\/logo\/image\/","url":"https:\/\/raymarine.ee\/wp-content\/uploads\/2024\/10\/Screenshot-2024-10-15-151324_bg_removed.webp","contentUrl":"https:\/\/raymarine.ee\/wp-content\/uploads\/2024\/10\/Screenshot-2024-10-15-151324_bg_removed.webp","width":420,"height":276,"caption":"NavSystems O\u00dc"},"image":{"@id":"https:\/\/raymarine.ee\/#\/schema\/logo\/image\/"},"sameAs":["https:\/\/www.facebook.com\/NavSystems"],"legalName":"NavSystems O\u00dc","foundingDate":"2011-05-03","numberOfEmployees":{"@type":"QuantitativeValue","minValue":"1","maxValue":"10"}}]},"product_price_amount":"955.00","product_price_currency":"EUR","og_availability":"instock","product_availability":"instock","product_retailer_item_id":"E70492","product_condition":"new"},"jetpack_sharing_enabled":true,"_links":{"self":[{"href":"https:\/\/raymarine.ee\/en\/wp-json\/wp\/v2\/product\/6464","targetHints":{"allow":["GET"]}}],"collection":[{"href":"https:\/\/raymarine.ee\/en\/wp-json\/wp\/v2\/product"}],"about":[{"href":"https:\/\/raymarine.ee\/en\/wp-json\/wp\/v2\/types\/product"}],"wp:featuredmedia":[{"embeddable":true,"href":"https:\/\/raymarine.ee\/en\/wp-json\/wp\/v2\/media\/7710"}],"wp:attachment":[{"href":"https:\/\/raymarine.ee\/en\/wp-json\/wp\/v2\/media?parent=6464"}],"wp:term":[{"taxonomy":"product_brand","embeddable":true,"href":"https:\/\/raymarine.ee\/en\/wp-json\/wp\/v2\/product_brand?post=6464"},{"taxonomy":"product_cat","embeddable":true,"href":"https:\/\/raymarine.ee\/en\/wp-json\/wp\/v2\/product_cat?post=6464"},{"taxonomy":"product_tag","embeddable":true,"href":"https:\/\/raymarine.ee\/en\/wp-json\/wp\/v2\/product_tag?post=6464"}],"curies":[{"name":"wp","href":"https:\/\/api.w.org\/{rel}","templated":true}]}}