{"id":6465,"date":"2025-01-03T19:22:11","date_gmt":"2025-01-03T19:22:11","guid":{"rendered":"https:\/\/raymarine.ee\/?post_type=product&#038;p=6465"},"modified":"2026-04-27T12:40:11","modified_gmt":"2026-04-27T09:40:11","slug":"ray91-vhf-black-box-with-ais-rx-inc-wired-handset-passive-speaker-and-cable","status":"publish","type":"product","link":"https:\/\/raymarine.ee\/en\/product\/ray91-vhf-black-box-with-ais-rx-inc-wired-handset-passive-speaker-and-cable\/","title":{"rendered":"Ray91 VHF Black Box with AIS Rx (inc wired handset, passive speaker and cable)"},"content":{"rendered":"<p><strong><a href=\"https:\/\/ttja.ee\/eraklient\/side-ja-meediateenused\/raadioside\/vee-ja-ohusoiduki-raadioload\" target=\"_blank\" rel=\"noopener\">MMSI numbri saab tellida<\/a> Tarbijakaitse- ja Tehnilise J\u00e4relvalve Ametist<\/strong><\/p>\n<h3>Product details<\/h3>\n<div class=\"panel-body\">\n<div id=\"description\">The new Ray91 modular VHF radio features superior performance, crystal clear sound and flexibility: The radio consists of an out-of-sight transceiver, while the ergonomic RayMic handset and remote speaker give you full control of the radio with crystal clear sound.<\/div>\n<div>\n<p>Key Features<\/p>\n<ul>\n<li>Black box, dual-station-capable VHF radio<\/li>\n<li>Integrated Class B Automatic Identification System receiver (AIS)<\/li>\n<li>Wired handset and passive speaker included<\/li>\n<li>Expandable to 2 RayMic handsets<\/li>\n<li>Integrated loudhailer, fog signal generator<\/li>\n<li>Optional external GPS receiver and Class D Selective Calling system<\/li>\n<li>Simple NMEA2000 and NMEA018 networking<\/li>\n<\/ul>\n<p>&nbsp;<\/p>\n<p>Integrated AIS receiver<\/p>\n<p>With its integrated AIS receiver, the Ray91 can receive navigation and safety broadcasts from nearby AIS-equipped ships. The NMEA2000 and NMEA0183 interfaces allow the received information (vessel name, course, speed, CPA and other voyage information) to be easily transmitted to compatible multifunction displays.<\/p>\n<p>A communications powerhouse<\/p>\n<p>Ray91 is equipped with a powerful 25 W transmitter and commercial grade electronics for long life and high performance. Channel scanning, dual watch, tri-watch and weather alerts are standard. Class D Digital Selective Calling radio and integrated GPS make it easy to set up advanced safety and call functions. Just enter your ship&#8217;s MMSI number when setting up and you&#8217;re ready to go.\u00a0For GPS operation, the optional GA150 passive GPS antenna is required.<\/p>\n<p>Position tracking<\/p>\n<p>The Ray91 position tracking feature allows you to keep track of up to 5 DSC-equipped vessels in your area. Their positions are automatically shared with your Raymarine MFD. The radio supports the ATIS system on navigable inland waterways in Europe.<\/p>\n<p>Loudhailer<\/p>\n<p>With its integrated megaphone, you will be heard on deck and across the harbour. Connect an optional hailing horn and make your presence known with 30 watts of audio output, plus 2-way talkback. If it gets foggy, the loudhailer can be set up to automatically sound necessary fog signals for power and sailing vessels on the water and at anchor.<\/p>\n<p>Waterproof and sturdy<\/p>\n<p>The Ray91 transceiver unit is made of solid aluminium for shock and vibration resistance and maximum heat dissipation. For easy viewing in all conditions, the RayMic handset features a super bright backlight. The oversized keys provide a secure grip with easy access to commonly used functions.<\/p>\n<p>Technical Data<\/p>\n<div class=\"tableWrapper\">\n<table class=\"ordinary\">\n<tbody>\n<tr>\n<td>Dimensions (h x w x d)<\/td>\n<td>63 x 235 x 160 mm<\/td>\n<\/tr>\n<tr>\n<td>Weight:<\/td>\n<td>2.6 kg<\/td>\n<\/tr>\n<tr>\n<td>Operating temperature range<\/td>\n<td>-25 \u00b0C &#8211; +55 \u00b0C<\/td>\n<\/tr>\n<tr>\n<td>Water rating<\/td>\n<td>IPX6 and IPX7<\/td>\n<\/tr>\n<tr>\n<td>Voltage<\/td>\n<td>12 V DC<\/td>\n<\/tr>\n<tr>\n<td>Operating voltage range<\/td>\n<td>9 to 16 V DC<\/td>\n<\/tr>\n<tr>\n<td>Current consumption<\/td>\n<td>Maximum: &lt; 6 A<br \/>\nStandby: 600 mA<br \/>\nReceive: 2 A<\/td>\n<\/tr>\n<tr>\n<td>Channels<\/td>\n<td>All available US, International and Canadian VHF marine bands<\/td>\n<\/tr>\n<tr>\n<td>Frequency coverage<\/td>\n<td>156,000 &#8211; 157,425 MHz<\/td>\n<\/tr>\n<tr>\n<td>Output power<\/td>\n<td>High power = 25 W<br \/>\nLow power = 1 W<\/td>\n<\/tr>\n<tr>\n<td>GPS<\/td>\n<td>Integrated GNSS receiver, GA150 GPS antenna not included<\/td>\n<\/tr>\n<tr>\n<td>NMEA0183<\/td>\n<td>Yes<\/td>\n<\/tr>\n<tr>\n<td>NMEA2000<\/td>\n<td>Yes (Micro-C male &#8211; adapter cable to SeaTalkNG included)<\/td>\n<\/tr>\n<tr>\n<td>AIS<\/td>\n<td>Integrated AIS receiver<\/td>\n<\/tr>\n<tr>\n<td>External passive speaker performance<\/td>\n<td>5 W \/ 2.5 W<\/td>\n<\/tr>\n<tr>\n<td>Megaphone output power<\/td>\n<td>24 W \/ 12 W<\/td>\n<\/tr>\n<\/tbody>\n<\/table>\n<p>Vaata\u00a0<a href=\"https:\/\/www.raymarine.eu\/en-gb\/our-products\/ais\" target=\"_blank\" rel=\"noopener external noreferrer nofollow\" data-wpel-link=\"external\">Raymarine AIS<\/a>\u00a0seadmete ja\u00a0<a href=\"https:\/\/www.raymarine.eu\/en-gb\/our-products\/marine-vhf-radio-communications\" target=\"_blank\" rel=\"noopener external noreferrer nofollow\" data-wpel-link=\"external\">VHF raadiote<\/a>\u00a0tootetutvustust.<\/p>\n<p><strong>Juhendid:<\/strong><\/p>\n<p>Lae alla\u00a0<a href=\"https:\/\/raymarine.ee\/wp-content\/uploads\/2026\/04\/Ray90-Ray91-Installation-Operation-instructions-81377-Rev-10-EN.pdf\" target=\"_blank\" rel=\"noopener\">Ray91 paigaldus- ja kasutusjuhend<\/a><\/p>\n<p><a href=\"https:\/\/raymarine.ee\/en\/public\/files\/Raymarine\/Juhendid\/AIS700\/GA200-GNSS-GPS-AntennaInstallation-instructions-88092-3-EN.pdf\/\" target=\"_blank\" rel=\"noopener\" data-wpel-link=\"internal\"><img decoding=\"async\" src=\"https:\/\/www.raymarine.ee\/public\/files\/Raymarine\/Juhendid\/Axiom%20MFD\/pdf.png\" alt=\"\" \/><\/a>Lae alla\u00a0<a href=\"https:\/\/raymarine.ee\/wp-content\/uploads\/2026\/04\/GA200-GNSS-GPS-Antenna-Installation-instructions-88092-3-EN.pdf\" target=\"_blank\" rel=\"noopener\" data-wpel-link=\"internal\">GA200 GNSS GPS antenni paigaldusjuhend<\/a><\/p>\n<p>Lae alla\u00a0<a href=\"https:\/\/raymarine.ee\/wp-content\/uploads\/2026\/04\/Wired-Handset-Installation-instructions-87354-Rev-2-EN.pdf\" target=\"_blank\" rel=\"noopener\" data-wpel-link=\"internal\">RayMic teise k\u00f5netoru paigaldusjuhend<\/a><\/p>\n<p>Lae alla\u00a0<a href=\"https:\/\/raymarine.ee\/wp-content\/uploads\/2026\/04\/Passive-Speaker-Installation-sheet-Mounting-template-87332-Rev-1-EN.pdf\" target=\"_blank\" rel=\"noopener\" data-wpel-link=\"internal\">Passive speaker paigaldusjuhend<\/a><\/p>\n<\/div>\n<\/div>\n<\/div>","protected":false},"excerpt":{"rendered":"<p>Ray91 VHF, Black Box VHF raadio integreeritud AIS vastuv\u00f5tjaga on Black Box t\u00fc\u00fcpi raadiojaam mis v\u00f5imaldab seadme paigaldada nii, et seda n\u00e4ha pole ja kasutaja jaoks on armatuurlauas n\u00e4ha ainult ekraaniga varustatud mikrofon. Ray91 VHF raadiole on v\u00f5imalik lisada r\u00e4\u00e4kimis- ja kuulamisfunktsiooniga 30W Loudhailer mis v\u00f5imaldab edastada ka automaatseid udusignaale. Integreeritud DISTRESS nupuga saab saata h\u00e4dakutsungi kaldajaamadele ja teistele alustele. Mitme kanali j\u00e4lgimise ja skaneerimis funktsioon. 25W\/5W saatja ja tundlik vastuv\u00f5tja. Mikrofoni sees on ka nupud kanalite vahetamiseks ja raadiojaama seadistamiseks. Ray91 mereraadiol on sisene GPS antenn koos v\u00e4lise antenni lisamise v\u00f5imalusega ja NMEA2000 ja NMEA0183 liidesed lihtsaks integreerimiseks \u00fchtsesse v\u00f5rku. Ray91 VHF raadiole saab lisada ka teise ja kolmanda k\u00f5netoru mis annab juurde kuni 2 t\u00e4isfunktsionaalset r\u00e4\u00e4kimiskohta ja ka laevasisese intercom funktsiooni. Tutvu kindlasti ka selle komplekti\u00a0juhenditega\u00a0ja k\u00fcsimuste korral pea n\u00f5u meie spetsialistiga.<\/p>","protected":false},"featured_media":7727,"template":"","meta":{"_acf_changed":false},"product_brand":[134],"product_cat":[343,103,75,74,53],"product_tag":[],"class_list":{"0":"post-6465","1":"product","2":"type-product","3":"status-publish","4":"has-post-thumbnail","6":"product_brand-raymarine","7":"product_cat-kampaaniad","8":"product_cat-raymarine","9":"product_cat-ais","10":"product_cat-ray_vhf","11":"product_cat-raadioside-ja-ais","13":"first","14":"onbackorder","15":"sale","16":"taxable","17":"shipping-taxable","18":"purchasable","19":"product-type-simple"},"acf":[],"yoast_head":"<!-- This site is optimized with the Yoast SEO Premium plugin v27.5 (Yoast SEO v27.5) - https:\/\/yoast.com\/product\/yoast-seo-premium-wordpress\/ -->\n<title>Ray91 VHF raadio ja AIS vastuv\u00f5tja: Selge h\u00e4\u00e4lega VHF Black-Box - NavSystems<\/title>\n<meta name=\"description\" content=\"Suurendage oma merereisi turvalisust Ray91 VHF raadio koos AIS vastuv\u00f5tjaga. Tellige omale MMSI number ja nautige sujuvat navigatsiooni! \u26f5\" \/>\n<meta name=\"robots\" content=\"index, follow, max-snippet:-1, max-image-preview:large, max-video-preview:-1\" \/>\n<link rel=\"canonical\" href=\"https:\/\/raymarine.ee\/en\/product\/ray91-vhf-black-box-with-ais-rx-inc-wired-handset-passive-speaker-and-cable\/\" \/>\n<meta property=\"og:locale\" content=\"en_GB\" \/>\n<meta property=\"og:type\" content=\"article\" \/>\n<meta property=\"og:title\" content=\"Ray91 VHF Black Box with AIS Rx (inc wired handset, passive speaker and cable)\" \/>\n<meta property=\"og:description\" content=\"Suurendage oma merereisi turvalisust Ray91 VHF raadio koos AIS vastuv\u00f5tjaga. Tellige omale MMSI number ja nautige sujuvat navigatsiooni! \u26f5\" \/>\n<meta property=\"og:url\" content=\"https:\/\/raymarine.ee\/en\/product\/ray91-vhf-black-box-with-ais-rx-inc-wired-handset-passive-speaker-and-cable\/\" \/>\n<meta property=\"og:site_name\" content=\"NavSystems\" \/>\n<meta property=\"article:publisher\" content=\"https:\/\/www.facebook.com\/NavSystems\" \/>\n<meta property=\"article:modified_time\" content=\"2026-04-27T09:40:11+00:00\" \/>\n<meta property=\"og:image\" content=\"https:\/\/raymarine.ee\/wp-content\/uploads\/2025\/01\/2f6663ed-1bd7-4d8a-8d34-10fafb53688d.webp\" \/>\n\t<meta property=\"og:image:width\" content=\"1024\" \/>\n\t<meta property=\"og:image:height\" content=\"1024\" \/>\n\t<meta property=\"og:image:type\" content=\"image\/webp\" \/>\n<meta name=\"twitter:card\" content=\"summary_large_image\" \/>\n<meta name=\"twitter:label1\" content=\"Price\" \/>\n\t<meta name=\"twitter:data1\" content=\"1 155,00&nbsp;&euro;\" \/>\n\t<meta name=\"twitter:label2\" content=\"Availability\" \/>\n\t<meta name=\"twitter:data2\" content=\"On back order\" \/>\n<script type=\"application\/ld+json\" class=\"yoast-schema-graph\">{\"@context\":\"https:\\\/\\\/schema.org\",\"@graph\":[{\"@type\":\"WebPage\",\"@id\":\"https:\\\/\\\/raymarine.ee\\\/product\\\/ray91-vhf-black-box-with-ais-rx-inc-wired-handset-passive-speaker-and-cable\\\/\",\"url\":\"https:\\\/\\\/raymarine.ee\\\/product\\\/ray91-vhf-black-box-with-ais-rx-inc-wired-handset-passive-speaker-and-cable\\\/\",\"name\":\"Ray91 VHF raadio ja AIS vastuv\u00f5tja: Selge h\u00e4\u00e4lega VHF Black-Box - NavSystems\",\"isPartOf\":{\"@id\":\"https:\\\/\\\/raymarine.ee\\\/#website\"},\"primaryImageOfPage\":{\"@id\":\"https:\\\/\\\/raymarine.ee\\\/product\\\/ray91-vhf-black-box-with-ais-rx-inc-wired-handset-passive-speaker-and-cable\\\/#primaryimage\"},\"image\":{\"@id\":\"https:\\\/\\\/raymarine.ee\\\/product\\\/ray91-vhf-black-box-with-ais-rx-inc-wired-handset-passive-speaker-and-cable\\\/#primaryimage\"},\"thumbnailUrl\":\"https:\\\/\\\/raymarine.ee\\\/wp-content\\\/uploads\\\/2025\\\/01\\\/2f6663ed-1bd7-4d8a-8d34-10fafb53688d.webp\",\"datePublished\":\"2025-01-03T19:22:11+00:00\",\"dateModified\":\"2026-04-27T09:40:11+00:00\",\"description\":\"Suurendage oma merereisi turvalisust Ray91 VHF raadio koos AIS vastuv\u00f5tjaga. Tellige omale MMSI number ja nautige sujuvat navigatsiooni! \u26f5\",\"breadcrumb\":{\"@id\":\"https:\\\/\\\/raymarine.ee\\\/product\\\/ray91-vhf-black-box-with-ais-rx-inc-wired-handset-passive-speaker-and-cable\\\/#breadcrumb\"},\"inLanguage\":\"en-GB\",\"potentialAction\":[{\"@type\":\"ReadAction\",\"target\":[\"https:\\\/\\\/raymarine.ee\\\/product\\\/ray91-vhf-black-box-with-ais-rx-inc-wired-handset-passive-speaker-and-cable\\\/\"]}]},{\"@type\":\"ImageObject\",\"inLanguage\":\"en-GB\",\"@id\":\"https:\\\/\\\/raymarine.ee\\\/product\\\/ray91-vhf-black-box-with-ais-rx-inc-wired-handset-passive-speaker-and-cable\\\/#primaryimage\",\"url\":\"https:\\\/\\\/raymarine.ee\\\/wp-content\\\/uploads\\\/2025\\\/01\\\/2f6663ed-1bd7-4d8a-8d34-10fafb53688d.webp\",\"contentUrl\":\"https:\\\/\\\/raymarine.ee\\\/wp-content\\\/uploads\\\/2025\\\/01\\\/2f6663ed-1bd7-4d8a-8d34-10fafb53688d.webp\",\"width\":1024,\"height\":1024,\"caption\":\"ray91-black-box-vhf-radio-ais-receiver\"},{\"@type\":\"BreadcrumbList\",\"@id\":\"https:\\\/\\\/raymarine.ee\\\/product\\\/ray91-vhf-black-box-with-ais-rx-inc-wired-handset-passive-speaker-and-cable\\\/#breadcrumb\",\"itemListElement\":[{\"@type\":\"ListItem\",\"position\":1,\"name\":\"Home\",\"item\":\"https:\\\/\\\/raymarine.ee\\\/\"},{\"@type\":\"ListItem\",\"position\":2,\"name\":\"Tooted\",\"item\":\"https:\\\/\\\/raymarine.ee\\\/shop\\\/\"},{\"@type\":\"ListItem\",\"position\":3,\"name\":\"Ray91 VHF Black Box with AIS Rx (inc wired handset, passive speaker and cable)\"}]},{\"@type\":\"WebSite\",\"@id\":\"https:\\\/\\\/raymarine.ee\\\/#website\",\"url\":\"https:\\\/\\\/raymarine.ee\\\/\",\"name\":\"www.raymarine.ee\",\"description\":\"Mereelektroonika, kaardiplotter, autopiloot, pinnipiloot, roolipiloot, radar, AIS, VHF, Smart Wind\",\"publisher\":{\"@id\":\"https:\\\/\\\/raymarine.ee\\\/#organization\"},\"alternateName\":\"Raymarine\",\"potentialAction\":[{\"@type\":\"SearchAction\",\"target\":{\"@type\":\"EntryPoint\",\"urlTemplate\":\"https:\\\/\\\/raymarine.ee\\\/?s={search_term_string}\"},\"query-input\":{\"@type\":\"PropertyValueSpecification\",\"valueRequired\":true,\"valueName\":\"search_term_string\"}}],\"inLanguage\":\"en-GB\"},{\"@type\":\"Organization\",\"@id\":\"https:\\\/\\\/raymarine.ee\\\/#organization\",\"name\":\"NavSystems O\u00dc\",\"url\":\"https:\\\/\\\/raymarine.ee\\\/\",\"logo\":{\"@type\":\"ImageObject\",\"inLanguage\":\"en-GB\",\"@id\":\"https:\\\/\\\/raymarine.ee\\\/#\\\/schema\\\/logo\\\/image\\\/\",\"url\":\"https:\\\/\\\/raymarine.ee\\\/wp-content\\\/uploads\\\/2024\\\/10\\\/Screenshot-2024-10-15-151324_bg_removed.webp\",\"contentUrl\":\"https:\\\/\\\/raymarine.ee\\\/wp-content\\\/uploads\\\/2024\\\/10\\\/Screenshot-2024-10-15-151324_bg_removed.webp\",\"width\":420,\"height\":276,\"caption\":\"NavSystems O\u00dc\"},\"image\":{\"@id\":\"https:\\\/\\\/raymarine.ee\\\/#\\\/schema\\\/logo\\\/image\\\/\"},\"sameAs\":[\"https:\\\/\\\/www.facebook.com\\\/NavSystems\"],\"legalName\":\"NavSystems O\u00dc\",\"foundingDate\":\"2011-05-03\",\"numberOfEmployees\":{\"@type\":\"QuantitativeValue\",\"minValue\":\"1\",\"maxValue\":\"10\"}}]}<\/script>\n<meta property=\"product:price:amount\" content=\"1155.00\" \/>\n<meta property=\"product:price:currency\" content=\"EUR\" \/>\n<meta property=\"og:availability\" content=\"backorder\" \/>\n<meta property=\"product:availability\" content=\"available for order\" \/>\n<meta property=\"product:retailer_item_id\" content=\"E70493\" \/>\n<meta property=\"product:condition\" content=\"new\" \/>\n<!-- \/ Yoast SEO Premium plugin. -->","yoast_head_json":{"title":"Ray91 VHF raadio ja AIS vastuv\u00f5tja: Selge h\u00e4\u00e4lega VHF Black-Box - NavSystems","description":"Suurendage oma merereisi turvalisust Ray91 VHF raadio koos AIS vastuv\u00f5tjaga. Tellige omale MMSI number ja nautige sujuvat navigatsiooni! \u26f5","robots":{"index":"index","follow":"follow","max-snippet":"max-snippet:-1","max-image-preview":"max-image-preview:large","max-video-preview":"max-video-preview:-1"},"canonical":"https:\/\/raymarine.ee\/en\/product\/ray91-vhf-black-box-with-ais-rx-inc-wired-handset-passive-speaker-and-cable\/","og_locale":"en_GB","og_type":"article","og_title":"Ray91 VHF Black Box with AIS Rx (inc wired handset, passive speaker and cable)","og_description":"Suurendage oma merereisi turvalisust Ray91 VHF raadio koos AIS vastuv\u00f5tjaga. Tellige omale MMSI number ja nautige sujuvat navigatsiooni! \u26f5","og_url":"https:\/\/raymarine.ee\/en\/product\/ray91-vhf-black-box-with-ais-rx-inc-wired-handset-passive-speaker-and-cable\/","og_site_name":"NavSystems","article_publisher":"https:\/\/www.facebook.com\/NavSystems","article_modified_time":"2026-04-27T09:40:11+00:00","og_image":[{"width":1024,"height":1024,"url":"https:\/\/raymarine.ee\/wp-content\/uploads\/2025\/01\/2f6663ed-1bd7-4d8a-8d34-10fafb53688d.webp","type":"image\/webp"}],"twitter_card":"summary_large_image","twitter_misc":{"Price":"1 155,00&nbsp;&euro;","Availability":"On back order"},"schema":{"@context":"https:\/\/schema.org","@graph":[{"@type":"WebPage","@id":"https:\/\/raymarine.ee\/product\/ray91-vhf-black-box-with-ais-rx-inc-wired-handset-passive-speaker-and-cable\/","url":"https:\/\/raymarine.ee\/product\/ray91-vhf-black-box-with-ais-rx-inc-wired-handset-passive-speaker-and-cable\/","name":"Ray91 VHF raadio ja AIS vastuv\u00f5tja: Selge h\u00e4\u00e4lega VHF Black-Box - NavSystems","isPartOf":{"@id":"https:\/\/raymarine.ee\/#website"},"primaryImageOfPage":{"@id":"https:\/\/raymarine.ee\/product\/ray91-vhf-black-box-with-ais-rx-inc-wired-handset-passive-speaker-and-cable\/#primaryimage"},"image":{"@id":"https:\/\/raymarine.ee\/product\/ray91-vhf-black-box-with-ais-rx-inc-wired-handset-passive-speaker-and-cable\/#primaryimage"},"thumbnailUrl":"https:\/\/raymarine.ee\/wp-content\/uploads\/2025\/01\/2f6663ed-1bd7-4d8a-8d34-10fafb53688d.webp","datePublished":"2025-01-03T19:22:11+00:00","dateModified":"2026-04-27T09:40:11+00:00","description":"Suurendage oma merereisi turvalisust Ray91 VHF raadio koos AIS vastuv\u00f5tjaga. Tellige omale MMSI number ja nautige sujuvat navigatsiooni! \u26f5","breadcrumb":{"@id":"https:\/\/raymarine.ee\/product\/ray91-vhf-black-box-with-ais-rx-inc-wired-handset-passive-speaker-and-cable\/#breadcrumb"},"inLanguage":"en-GB","potentialAction":[{"@type":"ReadAction","target":["https:\/\/raymarine.ee\/product\/ray91-vhf-black-box-with-ais-rx-inc-wired-handset-passive-speaker-and-cable\/"]}]},{"@type":"ImageObject","inLanguage":"en-GB","@id":"https:\/\/raymarine.ee\/product\/ray91-vhf-black-box-with-ais-rx-inc-wired-handset-passive-speaker-and-cable\/#primaryimage","url":"https:\/\/raymarine.ee\/wp-content\/uploads\/2025\/01\/2f6663ed-1bd7-4d8a-8d34-10fafb53688d.webp","contentUrl":"https:\/\/raymarine.ee\/wp-content\/uploads\/2025\/01\/2f6663ed-1bd7-4d8a-8d34-10fafb53688d.webp","width":1024,"height":1024,"caption":"ray91-black-box-vhf-radio-ais-receiver"},{"@type":"BreadcrumbList","@id":"https:\/\/raymarine.ee\/product\/ray91-vhf-black-box-with-ais-rx-inc-wired-handset-passive-speaker-and-cable\/#breadcrumb","itemListElement":[{"@type":"ListItem","position":1,"name":"Home","item":"https:\/\/raymarine.ee\/"},{"@type":"ListItem","position":2,"name":"Tooted","item":"https:\/\/raymarine.ee\/shop\/"},{"@type":"ListItem","position":3,"name":"Ray91 VHF Black Box with AIS Rx (inc wired handset, passive speaker and cable)"}]},{"@type":"WebSite","@id":"https:\/\/raymarine.ee\/#website","url":"https:\/\/raymarine.ee\/","name":"www.raymarine.ee","description":"Mereelektroonika, kaardiplotter, autopiloot, pinnipiloot, roolipiloot, radar, AIS, VHF, Smart Wind","publisher":{"@id":"https:\/\/raymarine.ee\/#organization"},"alternateName":"Raymarine","potentialAction":[{"@type":"SearchAction","target":{"@type":"EntryPoint","urlTemplate":"https:\/\/raymarine.ee\/?s={search_term_string}"},"query-input":{"@type":"PropertyValueSpecification","valueRequired":true,"valueName":"search_term_string"}}],"inLanguage":"en-GB"},{"@type":"Organization","@id":"https:\/\/raymarine.ee\/#organization","name":"NavSystems O\u00dc","url":"https:\/\/raymarine.ee\/","logo":{"@type":"ImageObject","inLanguage":"en-GB","@id":"https:\/\/raymarine.ee\/#\/schema\/logo\/image\/","url":"https:\/\/raymarine.ee\/wp-content\/uploads\/2024\/10\/Screenshot-2024-10-15-151324_bg_removed.webp","contentUrl":"https:\/\/raymarine.ee\/wp-content\/uploads\/2024\/10\/Screenshot-2024-10-15-151324_bg_removed.webp","width":420,"height":276,"caption":"NavSystems O\u00dc"},"image":{"@id":"https:\/\/raymarine.ee\/#\/schema\/logo\/image\/"},"sameAs":["https:\/\/www.facebook.com\/NavSystems"],"legalName":"NavSystems O\u00dc","foundingDate":"2011-05-03","numberOfEmployees":{"@type":"QuantitativeValue","minValue":"1","maxValue":"10"}}]},"product_price_amount":"1155.00","product_price_currency":"EUR","og_availability":"backorder","product_availability":"available for order","product_retailer_item_id":"E70493","product_condition":"new"},"jetpack_sharing_enabled":true,"_links":{"self":[{"href":"https:\/\/raymarine.ee\/en\/wp-json\/wp\/v2\/product\/6465","targetHints":{"allow":["GET"]}}],"collection":[{"href":"https:\/\/raymarine.ee\/en\/wp-json\/wp\/v2\/product"}],"about":[{"href":"https:\/\/raymarine.ee\/en\/wp-json\/wp\/v2\/types\/product"}],"wp:featuredmedia":[{"embeddable":true,"href":"https:\/\/raymarine.ee\/en\/wp-json\/wp\/v2\/media\/7727"}],"wp:attachment":[{"href":"https:\/\/raymarine.ee\/en\/wp-json\/wp\/v2\/media?parent=6465"}],"wp:term":[{"taxonomy":"product_brand","embeddable":true,"href":"https:\/\/raymarine.ee\/en\/wp-json\/wp\/v2\/product_brand?post=6465"},{"taxonomy":"product_cat","embeddable":true,"href":"https:\/\/raymarine.ee\/en\/wp-json\/wp\/v2\/product_cat?post=6465"},{"taxonomy":"product_tag","embeddable":true,"href":"https:\/\/raymarine.ee\/en\/wp-json\/wp\/v2\/product_tag?post=6465"}],"curies":[{"name":"wp","href":"https:\/\/api.w.org\/{rel}","templated":true}]}}