{"id":6466,"date":"2025-01-03T19:22:43","date_gmt":"2025-01-03T19:22:43","guid":{"rendered":"https:\/\/raymarine.ee\/?post_type=product&#038;p=6466"},"modified":"2026-04-22T08:23:11","modified_gmt":"2026-04-22T05:23:11","slug":"ray-63-73-90-91-wired-2nd-station-including-raymic-handset-y-cable-passive-speaker-10m-cable","status":"publish","type":"product","link":"https:\/\/raymarine.ee\/en\/product\/ray-63-73-90-91-wired-2nd-station-including-raymic-handset-y-cable-passive-speaker-10m-cable\/","title":{"rendered":"Ray 63\/73\/90\/91 Wired 2nd Station including Raymic Handset, Y-cable, Passive Speaker &#038; 10m cable"},"content":{"rendered":"<p>The RayMic features an oversized LCD display high contrast text and graphics that are visible day or night. RayMics intuitive icons and menus make operating the system a breeze. The compact and self-contained RayMic can be mounted just about anywhere, above or below decks. Raymarine\u2019s passive speaker kit is ideal for lower-noise areas like pilot houses, salons, staterooms and navigation tables. The unamplified speaker is housed in a compact enclosure that is both rugged and waterproof. The speaker can be mounted horizontally or vertically in any bulkhead or overhead and plugs directly into the wired handset base. Pack contains RayMic, Passive Speaker, Y-Cable and 10 meter Extension Cable.<\/p>\n<p>Vaata\u00a0<a href=\"https:\/\/www.raymarine.eu\/en-gb\/our-products\/ais\" target=\"_blank\" rel=\"noopener external noreferrer nofollow\" data-wpel-link=\"external\">Raymarine AIS<\/a>\u00a0seadmete ja\u00a0<a href=\"https:\/\/www.raymarine.eu\/en-gb\/our-products\/marine-vhf-radio-communications\" target=\"_blank\" rel=\"noopener external noreferrer nofollow\" data-wpel-link=\"external\">VHF raadiote<\/a>\u00a0tootetutvustust.<\/p>\n<p><strong>Juhendid:<\/strong><\/p>\n<p>Lae alla\u00a0<a href=\"https:\/\/raymarine.ee\/wp-content\/uploads\/2026\/04\/Ray53-Ray63-Ray73-Installation-and-Operation-instructions-81381-Rev-8-EN.pdf\" target=\"_blank\" rel=\"noopener\" data-wpel-link=\"internal\">Ray63, Ray73 paigaldus- ja kasutusjuhend<\/a><\/p>\n<p>Lae alla\u00a0<a href=\"https:\/\/raymarine.ee\/wp-content\/uploads\/2026\/04\/Ray90-Ray91-Installation-Operation-instructions-81377-Rev-10-EN.pdf\" target=\"_blank\" rel=\"noopener\" data-wpel-link=\"internal\">Ray90, Ray91 paigaldus- ja kasutusjuhend<\/a><\/p>\n<p><a href=\"https:\/\/raymarine.ee\/en\/public\/files\/Raymarine\/Juhendid\/AIS700\/GA200-GNSS-GPS-AntennaInstallation-instructions-88092-3-EN.pdf\/\" target=\"_blank\" rel=\"noopener\" data-wpel-link=\"internal\"><img decoding=\"async\" src=\"https:\/\/www.raymarine.ee\/public\/files\/Raymarine\/Juhendid\/Axiom%20MFD\/pdf.png\" alt=\"\" \/><\/a>Lae alla\u00a0<a href=\"https:\/\/raymarine.ee\/wp-content\/uploads\/2026\/04\/GA200-GNSS-GPS-Antenna-Installation-instructions-88092-3-EN.pdf\" target=\"_blank\" rel=\"noopener\" data-wpel-link=\"internal\">GA200 GNSS GPS antenni paigaldusjuhend<\/a><\/p>\n<p>Lae alla\u00a0<a href=\"https:\/\/raymarine.ee\/wp-content\/uploads\/2026\/04\/Wired-Handset-Installation-instructions-87354-Rev-2-EN.pdf\" target=\"_blank\" rel=\"noopener\" data-wpel-link=\"internal\">RayMic teise k\u00f5netoru paigaldusjuhend<\/a><\/p>\n<p>Lae alla\u00a0<a href=\"https:\/\/raymarine.ee\/wp-content\/uploads\/2026\/04\/Passive-Speaker-Installation-sheet-Mounting-template-87332-Rev-1-EN.pdf\" target=\"_blank\" rel=\"noopener\" data-wpel-link=\"internal\">Passive speaker paigaldusjuhend<\/a><\/p>","protected":false},"excerpt":{"rendered":"<p>The RayMic features an oversized LCD display high contrast text and graphics that are visible day or night. RayMics intuitive icons and menus make operating the system a breeze. The compact and self-contained RayMic can be mounted just about anywhere, above or below decks. Raymarine\u2019s passive speaker kit is ideal for lower-noise areas like pilot houses, salons, staterooms and navigation tables. The unamplified speaker is housed in a compact enclosure that is both rugged and waterproof. The speaker can be mounted horizontally or vertically in any bulkhead or overhead and plugs directly into the wired handset base. Pack contains RayMic, Passive Speaker, Y-Cable and 10 meter Extension Cable. Tutvu kindlasti ka selle komplekti\u00a0juhenditega\u00a0ja k\u00fcsimuste korral pea n\u00f5u meie spetsialistiga.<\/p>","protected":false},"featured_media":9025,"template":"","meta":{"_acf_changed":false},"product_brand":[134],"product_cat":[343,103,74,53],"product_tag":[],"class_list":{"0":"post-6466","1":"product","2":"type-product","3":"status-publish","4":"has-post-thumbnail","6":"product_brand-raymarine","7":"product_cat-kampaaniad","8":"product_cat-raymarine","9":"product_cat-ray_vhf","10":"product_cat-raadioside-ja-ais","12":"first","13":"instock","14":"sale","15":"taxable","16":"shipping-taxable","17":"purchasable","18":"product-type-simple"},"acf":[],"yoast_head":"<!-- This site is optimized with the Yoast SEO Premium plugin v27.5 (Yoast SEO v27.5) - https:\/\/yoast.com\/product\/yoast-seo-premium-wordpress\/ -->\n<title>RayMic: Suur LCD Ekraan ja lihtne kasutada - NavSystems Mereelektroonika<\/title>\n<meta name=\"description\" content=\"Teine r\u00e4\u00e4kimiskoht teie VHF raadiole. Suur LCD-ekraan ja selged men\u00fc\u00fcd. RayMic on ideaalne valik kaptenitele kes v\u00e4\u00e4rtustavad mugavust!\" \/>\n<meta name=\"robots\" content=\"index, follow, max-snippet:-1, max-image-preview:large, max-video-preview:-1\" \/>\n<link rel=\"canonical\" href=\"https:\/\/raymarine.ee\/en\/product\/ray-63-73-90-91-wired-2nd-station-including-raymic-handset-y-cable-passive-speaker-10m-cable\/\" \/>\n<meta property=\"og:locale\" content=\"en_GB\" \/>\n<meta property=\"og:type\" content=\"article\" \/>\n<meta property=\"og:title\" content=\"Ray 63\/73\/90\/91 Wired 2nd Station including Raymic Handset, Y-cable, Passive Speaker &amp; 10m cable\" \/>\n<meta property=\"og:description\" content=\"Teine r\u00e4\u00e4kimiskoht teie VHF raadiole. Suur LCD-ekraan ja selged men\u00fc\u00fcd. RayMic on ideaalne valik kaptenitele kes v\u00e4\u00e4rtustavad mugavust!\" \/>\n<meta property=\"og:url\" content=\"https:\/\/raymarine.ee\/en\/product\/ray-63-73-90-91-wired-2nd-station-including-raymic-handset-y-cable-passive-speaker-10m-cable\/\" \/>\n<meta property=\"og:site_name\" content=\"NavSystems\" \/>\n<meta property=\"article:publisher\" content=\"https:\/\/www.facebook.com\/NavSystems\" \/>\n<meta property=\"article:modified_time\" content=\"2026-04-22T05:23:11+00:00\" \/>\n<meta property=\"og:image\" content=\"https:\/\/raymarine.ee\/wp-content\/uploads\/2025\/01\/T70432-Raymarine-Ray90-Ray91-Wired-Second-Station-Pack-T70432.jpg\" \/>\n\t<meta property=\"og:image:width\" content=\"518\" \/>\n\t<meta property=\"og:image:height\" content=\"399\" \/>\n\t<meta property=\"og:image:type\" content=\"image\/jpeg\" \/>\n<meta name=\"twitter:card\" content=\"summary_large_image\" \/>\n<meta name=\"twitter:label1\" content=\"Price\" \/>\n\t<meta name=\"twitter:data1\" content=\"535,00&nbsp;&euro;\" \/>\n\t<meta name=\"twitter:label2\" content=\"Availability\" \/>\n\t<meta name=\"twitter:data2\" content=\"In stock\" \/>\n<script type=\"application\/ld+json\" class=\"yoast-schema-graph\">{\"@context\":\"https:\\\/\\\/schema.org\",\"@graph\":[{\"@type\":\"WebPage\",\"@id\":\"https:\\\/\\\/raymarine.ee\\\/product\\\/ray-63-73-90-91-wired-2nd-station-including-raymic-handset-y-cable-passive-speaker-10m-cable\\\/\",\"url\":\"https:\\\/\\\/raymarine.ee\\\/product\\\/ray-63-73-90-91-wired-2nd-station-including-raymic-handset-y-cable-passive-speaker-10m-cable\\\/\",\"name\":\"RayMic: Suur LCD Ekraan ja lihtne kasutada - NavSystems Mereelektroonika\",\"isPartOf\":{\"@id\":\"https:\\\/\\\/raymarine.ee\\\/#website\"},\"primaryImageOfPage\":{\"@id\":\"https:\\\/\\\/raymarine.ee\\\/product\\\/ray-63-73-90-91-wired-2nd-station-including-raymic-handset-y-cable-passive-speaker-10m-cable\\\/#primaryimage\"},\"image\":{\"@id\":\"https:\\\/\\\/raymarine.ee\\\/product\\\/ray-63-73-90-91-wired-2nd-station-including-raymic-handset-y-cable-passive-speaker-10m-cable\\\/#primaryimage\"},\"thumbnailUrl\":\"https:\\\/\\\/raymarine.ee\\\/wp-content\\\/uploads\\\/2025\\\/01\\\/T70432-Raymarine-Ray90-Ray91-Wired-Second-Station-Pack-T70432.jpg\",\"datePublished\":\"2025-01-03T19:22:43+00:00\",\"dateModified\":\"2026-04-22T05:23:11+00:00\",\"description\":\"Teine r\u00e4\u00e4kimiskoht teie VHF raadiole. Suur LCD-ekraan ja selged men\u00fc\u00fcd. RayMic on ideaalne valik kaptenitele kes v\u00e4\u00e4rtustavad mugavust!\",\"breadcrumb\":{\"@id\":\"https:\\\/\\\/raymarine.ee\\\/product\\\/ray-63-73-90-91-wired-2nd-station-including-raymic-handset-y-cable-passive-speaker-10m-cable\\\/#breadcrumb\"},\"inLanguage\":\"en-GB\",\"potentialAction\":[{\"@type\":\"ReadAction\",\"target\":[\"https:\\\/\\\/raymarine.ee\\\/product\\\/ray-63-73-90-91-wired-2nd-station-including-raymic-handset-y-cable-passive-speaker-10m-cable\\\/\"]}]},{\"@type\":\"ImageObject\",\"inLanguage\":\"en-GB\",\"@id\":\"https:\\\/\\\/raymarine.ee\\\/product\\\/ray-63-73-90-91-wired-2nd-station-including-raymic-handset-y-cable-passive-speaker-10m-cable\\\/#primaryimage\",\"url\":\"https:\\\/\\\/raymarine.ee\\\/wp-content\\\/uploads\\\/2025\\\/01\\\/T70432-Raymarine-Ray90-Ray91-Wired-Second-Station-Pack-T70432.jpg\",\"contentUrl\":\"https:\\\/\\\/raymarine.ee\\\/wp-content\\\/uploads\\\/2025\\\/01\\\/T70432-Raymarine-Ray90-Ray91-Wired-Second-Station-Pack-T70432.jpg\",\"width\":518,\"height\":399},{\"@type\":\"BreadcrumbList\",\"@id\":\"https:\\\/\\\/raymarine.ee\\\/product\\\/ray-63-73-90-91-wired-2nd-station-including-raymic-handset-y-cable-passive-speaker-10m-cable\\\/#breadcrumb\",\"itemListElement\":[{\"@type\":\"ListItem\",\"position\":1,\"name\":\"Home\",\"item\":\"https:\\\/\\\/raymarine.ee\\\/\"},{\"@type\":\"ListItem\",\"position\":2,\"name\":\"Tooted\",\"item\":\"https:\\\/\\\/raymarine.ee\\\/shop\\\/\"},{\"@type\":\"ListItem\",\"position\":3,\"name\":\"Ray 63\\\/73\\\/90\\\/91 Wired 2nd Station including Raymic Handset, Y-cable, Passive Speaker &#038; 10m cable\"}]},{\"@type\":\"WebSite\",\"@id\":\"https:\\\/\\\/raymarine.ee\\\/#website\",\"url\":\"https:\\\/\\\/raymarine.ee\\\/\",\"name\":\"www.raymarine.ee\",\"description\":\"Mereelektroonika, kaardiplotter, autopiloot, pinnipiloot, roolipiloot, radar, AIS, VHF, Smart Wind\",\"publisher\":{\"@id\":\"https:\\\/\\\/raymarine.ee\\\/#organization\"},\"alternateName\":\"Raymarine\",\"potentialAction\":[{\"@type\":\"SearchAction\",\"target\":{\"@type\":\"EntryPoint\",\"urlTemplate\":\"https:\\\/\\\/raymarine.ee\\\/?s={search_term_string}\"},\"query-input\":{\"@type\":\"PropertyValueSpecification\",\"valueRequired\":true,\"valueName\":\"search_term_string\"}}],\"inLanguage\":\"en-GB\"},{\"@type\":\"Organization\",\"@id\":\"https:\\\/\\\/raymarine.ee\\\/#organization\",\"name\":\"NavSystems O\u00dc\",\"url\":\"https:\\\/\\\/raymarine.ee\\\/\",\"logo\":{\"@type\":\"ImageObject\",\"inLanguage\":\"en-GB\",\"@id\":\"https:\\\/\\\/raymarine.ee\\\/#\\\/schema\\\/logo\\\/image\\\/\",\"url\":\"https:\\\/\\\/raymarine.ee\\\/wp-content\\\/uploads\\\/2024\\\/10\\\/Screenshot-2024-10-15-151324_bg_removed.webp\",\"contentUrl\":\"https:\\\/\\\/raymarine.ee\\\/wp-content\\\/uploads\\\/2024\\\/10\\\/Screenshot-2024-10-15-151324_bg_removed.webp\",\"width\":420,\"height\":276,\"caption\":\"NavSystems O\u00dc\"},\"image\":{\"@id\":\"https:\\\/\\\/raymarine.ee\\\/#\\\/schema\\\/logo\\\/image\\\/\"},\"sameAs\":[\"https:\\\/\\\/www.facebook.com\\\/NavSystems\"],\"legalName\":\"NavSystems O\u00dc\",\"foundingDate\":\"2011-05-03\",\"numberOfEmployees\":{\"@type\":\"QuantitativeValue\",\"minValue\":\"1\",\"maxValue\":\"10\"}}]}<\/script>\n<meta property=\"product:price:amount\" content=\"535.00\" \/>\n<meta property=\"product:price:currency\" content=\"EUR\" \/>\n<meta property=\"og:availability\" content=\"instock\" \/>\n<meta property=\"product:availability\" content=\"instock\" \/>\n<meta property=\"product:retailer_item_id\" content=\"T70432\" \/>\n<meta property=\"product:condition\" content=\"new\" \/>\n<!-- \/ Yoast SEO Premium plugin. -->","yoast_head_json":{"title":"RayMic: Suur LCD Ekraan ja lihtne kasutada - NavSystems Mereelektroonika","description":"Teine r\u00e4\u00e4kimiskoht teie VHF raadiole. Suur LCD-ekraan ja selged men\u00fc\u00fcd. RayMic on ideaalne valik kaptenitele kes v\u00e4\u00e4rtustavad mugavust!","robots":{"index":"index","follow":"follow","max-snippet":"max-snippet:-1","max-image-preview":"max-image-preview:large","max-video-preview":"max-video-preview:-1"},"canonical":"https:\/\/raymarine.ee\/en\/product\/ray-63-73-90-91-wired-2nd-station-including-raymic-handset-y-cable-passive-speaker-10m-cable\/","og_locale":"en_GB","og_type":"article","og_title":"Ray 63\/73\/90\/91 Wired 2nd Station including Raymic Handset, Y-cable, Passive Speaker & 10m cable","og_description":"Teine r\u00e4\u00e4kimiskoht teie VHF raadiole. Suur LCD-ekraan ja selged men\u00fc\u00fcd. RayMic on ideaalne valik kaptenitele kes v\u00e4\u00e4rtustavad mugavust!","og_url":"https:\/\/raymarine.ee\/en\/product\/ray-63-73-90-91-wired-2nd-station-including-raymic-handset-y-cable-passive-speaker-10m-cable\/","og_site_name":"NavSystems","article_publisher":"https:\/\/www.facebook.com\/NavSystems","article_modified_time":"2026-04-22T05:23:11+00:00","og_image":[{"width":518,"height":399,"url":"https:\/\/raymarine.ee\/wp-content\/uploads\/2025\/01\/T70432-Raymarine-Ray90-Ray91-Wired-Second-Station-Pack-T70432.jpg","type":"image\/jpeg"}],"twitter_card":"summary_large_image","twitter_misc":{"Price":"535,00&nbsp;&euro;","Availability":"In stock"},"schema":{"@context":"https:\/\/schema.org","@graph":[{"@type":"WebPage","@id":"https:\/\/raymarine.ee\/product\/ray-63-73-90-91-wired-2nd-station-including-raymic-handset-y-cable-passive-speaker-10m-cable\/","url":"https:\/\/raymarine.ee\/product\/ray-63-73-90-91-wired-2nd-station-including-raymic-handset-y-cable-passive-speaker-10m-cable\/","name":"RayMic: Suur LCD Ekraan ja lihtne kasutada - NavSystems Mereelektroonika","isPartOf":{"@id":"https:\/\/raymarine.ee\/#website"},"primaryImageOfPage":{"@id":"https:\/\/raymarine.ee\/product\/ray-63-73-90-91-wired-2nd-station-including-raymic-handset-y-cable-passive-speaker-10m-cable\/#primaryimage"},"image":{"@id":"https:\/\/raymarine.ee\/product\/ray-63-73-90-91-wired-2nd-station-including-raymic-handset-y-cable-passive-speaker-10m-cable\/#primaryimage"},"thumbnailUrl":"https:\/\/raymarine.ee\/wp-content\/uploads\/2025\/01\/T70432-Raymarine-Ray90-Ray91-Wired-Second-Station-Pack-T70432.jpg","datePublished":"2025-01-03T19:22:43+00:00","dateModified":"2026-04-22T05:23:11+00:00","description":"Teine r\u00e4\u00e4kimiskoht teie VHF raadiole. Suur LCD-ekraan ja selged men\u00fc\u00fcd. RayMic on ideaalne valik kaptenitele kes v\u00e4\u00e4rtustavad mugavust!","breadcrumb":{"@id":"https:\/\/raymarine.ee\/product\/ray-63-73-90-91-wired-2nd-station-including-raymic-handset-y-cable-passive-speaker-10m-cable\/#breadcrumb"},"inLanguage":"en-GB","potentialAction":[{"@type":"ReadAction","target":["https:\/\/raymarine.ee\/product\/ray-63-73-90-91-wired-2nd-station-including-raymic-handset-y-cable-passive-speaker-10m-cable\/"]}]},{"@type":"ImageObject","inLanguage":"en-GB","@id":"https:\/\/raymarine.ee\/product\/ray-63-73-90-91-wired-2nd-station-including-raymic-handset-y-cable-passive-speaker-10m-cable\/#primaryimage","url":"https:\/\/raymarine.ee\/wp-content\/uploads\/2025\/01\/T70432-Raymarine-Ray90-Ray91-Wired-Second-Station-Pack-T70432.jpg","contentUrl":"https:\/\/raymarine.ee\/wp-content\/uploads\/2025\/01\/T70432-Raymarine-Ray90-Ray91-Wired-Second-Station-Pack-T70432.jpg","width":518,"height":399},{"@type":"BreadcrumbList","@id":"https:\/\/raymarine.ee\/product\/ray-63-73-90-91-wired-2nd-station-including-raymic-handset-y-cable-passive-speaker-10m-cable\/#breadcrumb","itemListElement":[{"@type":"ListItem","position":1,"name":"Home","item":"https:\/\/raymarine.ee\/"},{"@type":"ListItem","position":2,"name":"Tooted","item":"https:\/\/raymarine.ee\/shop\/"},{"@type":"ListItem","position":3,"name":"Ray 63\/73\/90\/91 Wired 2nd Station including Raymic Handset, Y-cable, Passive Speaker &#038; 10m cable"}]},{"@type":"WebSite","@id":"https:\/\/raymarine.ee\/#website","url":"https:\/\/raymarine.ee\/","name":"www.raymarine.ee","description":"Mereelektroonika, kaardiplotter, autopiloot, pinnipiloot, roolipiloot, radar, AIS, VHF, Smart Wind","publisher":{"@id":"https:\/\/raymarine.ee\/#organization"},"alternateName":"Raymarine","potentialAction":[{"@type":"SearchAction","target":{"@type":"EntryPoint","urlTemplate":"https:\/\/raymarine.ee\/?s={search_term_string}"},"query-input":{"@type":"PropertyValueSpecification","valueRequired":true,"valueName":"search_term_string"}}],"inLanguage":"en-GB"},{"@type":"Organization","@id":"https:\/\/raymarine.ee\/#organization","name":"NavSystems O\u00dc","url":"https:\/\/raymarine.ee\/","logo":{"@type":"ImageObject","inLanguage":"en-GB","@id":"https:\/\/raymarine.ee\/#\/schema\/logo\/image\/","url":"https:\/\/raymarine.ee\/wp-content\/uploads\/2024\/10\/Screenshot-2024-10-15-151324_bg_removed.webp","contentUrl":"https:\/\/raymarine.ee\/wp-content\/uploads\/2024\/10\/Screenshot-2024-10-15-151324_bg_removed.webp","width":420,"height":276,"caption":"NavSystems O\u00dc"},"image":{"@id":"https:\/\/raymarine.ee\/#\/schema\/logo\/image\/"},"sameAs":["https:\/\/www.facebook.com\/NavSystems"],"legalName":"NavSystems O\u00dc","foundingDate":"2011-05-03","numberOfEmployees":{"@type":"QuantitativeValue","minValue":"1","maxValue":"10"}}]},"product_price_amount":"535.00","product_price_currency":"EUR","og_availability":"instock","product_availability":"instock","product_retailer_item_id":"T70432","product_condition":"new"},"jetpack_sharing_enabled":true,"_links":{"self":[{"href":"https:\/\/raymarine.ee\/en\/wp-json\/wp\/v2\/product\/6466","targetHints":{"allow":["GET"]}}],"collection":[{"href":"https:\/\/raymarine.ee\/en\/wp-json\/wp\/v2\/product"}],"about":[{"href":"https:\/\/raymarine.ee\/en\/wp-json\/wp\/v2\/types\/product"}],"wp:featuredmedia":[{"embeddable":true,"href":"https:\/\/raymarine.ee\/en\/wp-json\/wp\/v2\/media\/9025"}],"wp:attachment":[{"href":"https:\/\/raymarine.ee\/en\/wp-json\/wp\/v2\/media?parent=6466"}],"wp:term":[{"taxonomy":"product_brand","embeddable":true,"href":"https:\/\/raymarine.ee\/en\/wp-json\/wp\/v2\/product_brand?post=6466"},{"taxonomy":"product_cat","embeddable":true,"href":"https:\/\/raymarine.ee\/en\/wp-json\/wp\/v2\/product_cat?post=6466"},{"taxonomy":"product_tag","embeddable":true,"href":"https:\/\/raymarine.ee\/en\/wp-json\/wp\/v2\/product_tag?post=6466"}],"curies":[{"name":"wp","href":"https:\/\/api.w.org\/{rel}","templated":true}]}}