{"id":6467,"date":"2025-01-03T19:20:59","date_gmt":"2025-01-03T19:20:59","guid":{"rendered":"https:\/\/raymarine.ee\/?post_type=product&#038;p=6467"},"modified":"2026-04-13T20:10:37","modified_gmt":"2026-04-13T17:10:37","slug":"raymarine-ray63-ray73-ray90-additional-handset","status":"publish","type":"product","link":"https:\/\/raymarine.ee\/en\/product\/raymarine-ray63-ray73-ray90-additional-handset\/","title":{"rendered":"Raymarine Ray63 \/ Ray73 \/ Ray90 additional handset"},"content":{"rendered":"<h2>RayMic 2nd Station Kit for Ray60\/63 and Ray70\/73 VHF Radios<\/h2>\n<p>The RayMic from Raymarine is a fully-functional secondary control unit and gives you access to all the functions of the Ray60, Ray63, Ray70, Ray73, Ray90 and Ray91 VHF radios from another location on board.<\/p>\n<div>RayMic features an oversized LCD display and high contrast text and graphics that are visible day or night. Intuitive icons and menus make operating the system a breeze. The compact, remote device can be mounted just about anywhere, above or below decks.<\/div>\n<div><\/div>\n<div>In addition to providing full access to all VHF capabilities, you will also enjoy the convenience of station-to-station intercom calling between the RayMic and the main radio.<\/div>\n<div><\/div>\n<div>Main features<\/div>\n<ul>\n<li>Compact, fully functional second handset solution for Ray60, Ray70, Ray90 and Ray91 VHF radios<\/li>\n<li>Enables station-to-station intercom calling between radio and RayMic<\/li>\n<li>Compact, waterproof handset mounts anywhere inside or out<\/li>\n<li>Built-in premium quality speaker for crystal-clear audio<\/li>\n<\/ul>\n<p>Vaata\u00a0<a href=\"https:\/\/www.raymarine.eu\/en-gb\/our-products\/ais\" target=\"_blank\" rel=\"noopener external noreferrer nofollow\" data-wpel-link=\"external\">Raymarine AIS<\/a>\u00a0seadmete ja\u00a0<a href=\"https:\/\/www.raymarine.eu\/en-gb\/our-products\/marine-vhf-radio-communications\" target=\"_blank\" rel=\"noopener external noreferrer nofollow\" data-wpel-link=\"external\">VHF raadiote<\/a>\u00a0tootetutvustust.<\/p>\n<p><strong>Juhendid:<\/strong><\/p>\n<p>Lae alla\u00a0<a href=\"https:\/\/raymarine.ee\/wp-content\/uploads\/2026\/04\/Ray53-Ray63-Ray73-Installation-and-Operation-instructions-81381-Rev-8-EN.pdf\" target=\"_blank\" rel=\"noopener\" data-wpel-link=\"internal\">Ray63, Ray73 paigaldus- ja kasutusjuhend<\/a><\/p>\n<p>Lae alla\u00a0<a href=\"https:\/\/raymarine.ee\/wp-content\/uploads\/2026\/04\/Ray90-Ray91-Installation-Operation-instructions-81377-Rev-10-EN.pdf\" target=\"_blank\" rel=\"noopener\" data-wpel-link=\"internal\">Ray90, Ray91 paigaldus- ja kasutusjuhend<\/a><\/p>\n<p><a href=\"https:\/\/raymarine.ee\/en\/public\/files\/Raymarine\/Juhendid\/AIS700\/GA200-GNSS-GPS-AntennaInstallation-instructions-88092-3-EN.pdf\/\" target=\"_blank\" rel=\"noopener\" data-wpel-link=\"internal\"><img decoding=\"async\" src=\"https:\/\/www.raymarine.ee\/public\/files\/Raymarine\/Juhendid\/Axiom%20MFD\/pdf.png\" alt=\"\" \/><\/a>Lae alla\u00a0<a href=\"https:\/\/raymarine.ee\/wp-content\/uploads\/2026\/04\/GA200-GNSS-GPS-Antenna-Installation-instructions-88092-3-EN.pdf\" target=\"_blank\" rel=\"noopener\" data-wpel-link=\"internal\">GA200 GNSS GPS antenni paigaldusjuhend<\/a><\/p>\n<p>Lae alla\u00a0<a href=\"https:\/\/raymarine.ee\/wp-content\/uploads\/2026\/04\/Wired-Handset-Installation-instructions-87354-Rev-2-EN.pdf\" target=\"_blank\" rel=\"noopener\" data-wpel-link=\"internal\">RayMic teise k\u00f5netoru paigaldusjuhend<\/a><\/p>\n<p>Lae alla\u00a0<a href=\"https:\/\/raymarine.ee\/wp-content\/uploads\/2026\/04\/Passive-Speaker-Installation-sheet-Mounting-template-87332-Rev-1-EN.pdf\" target=\"_blank\" rel=\"noopener\" data-wpel-link=\"internal\">Passive speaker paigaldusjuhend<\/a><\/p>","protected":false},"excerpt":{"rendered":"<p>Compact, full-function second-station solution for Ray60\/63 and Ray70\/73 VHF Radios Enables station-to-station intercom calling between radio and RayMic Compact, waterproof handset mounts anywhere inside or out Built-in premium quality speaker for crystal-clear audio. Tutvu kindlasti ka selle komplekti\u00a0juhenditega\u00a0ja k\u00fcsimuste korral pea n\u00f5u meie spetsialistiga.<\/p>","protected":false},"featured_media":9022,"template":"","meta":{"_acf_changed":false},"product_brand":[134],"product_cat":[343,103,74,53],"product_tag":[],"class_list":{"0":"post-6467","1":"product","2":"type-product","3":"status-publish","4":"has-post-thumbnail","6":"product_brand-raymarine","7":"product_cat-kampaaniad","8":"product_cat-raymarine","9":"product_cat-ray_vhf","10":"product_cat-raadioside-ja-ais","12":"first","13":"instock","14":"sale","15":"taxable","16":"shipping-taxable","17":"purchasable","18":"product-type-simple"},"acf":[],"yoast_head":"<!-- This site is optimized with the Yoast SEO Premium plugin v27.5 (Yoast SEO v27.5) - https:\/\/yoast.com\/product\/yoast-seo-premium-wordpress\/ -->\n<title>RayMic 2nd Station: Teine r\u00e4\u00e4kimiskoht VHF raadiole - NavSystems<\/title>\n<meta name=\"description\" content=\"RayMic 2nd Station v\u00f5imaldab sul hallata Raymarine VHF raadiot eemalt! Koge kaasaegset mugavust ja suurep\u00e4rast helikvaliteeti iga p\u00e4ev.\" \/>\n<meta name=\"robots\" content=\"index, follow, max-snippet:-1, max-image-preview:large, max-video-preview:-1\" \/>\n<link rel=\"canonical\" href=\"https:\/\/raymarine.ee\/en\/product\/raymarine-ray63-ray73-ray90-additional-handset\/\" \/>\n<meta property=\"og:locale\" content=\"en_GB\" \/>\n<meta property=\"og:type\" content=\"article\" \/>\n<meta property=\"og:title\" content=\"Raymarine Ray63 \/ Ray73 \/ Ray90 additional handset\" \/>\n<meta property=\"og:description\" content=\"RayMic 2nd Station v\u00f5imaldab sul hallata Raymarine VHF raadiot eemalt! Koge kaasaegset mugavust ja suurep\u00e4rast helikvaliteeti iga p\u00e4ev.\" \/>\n<meta property=\"og:url\" content=\"https:\/\/raymarine.ee\/en\/product\/raymarine-ray63-ray73-ray90-additional-handset\/\" \/>\n<meta property=\"og:site_name\" content=\"NavSystems\" \/>\n<meta property=\"article:publisher\" content=\"https:\/\/www.facebook.com\/NavSystems\" \/>\n<meta property=\"article:modified_time\" content=\"2026-04-13T17:10:37+00:00\" \/>\n<meta property=\"og:image\" content=\"https:\/\/raymarine.ee\/wp-content\/uploads\/2025\/01\/raymarine-2nd-handset-raymic-A80289.jpg\" \/>\n\t<meta property=\"og:image:width\" content=\"500\" \/>\n\t<meta property=\"og:image:height\" content=\"500\" \/>\n\t<meta property=\"og:image:type\" content=\"image\/jpeg\" \/>\n<meta name=\"twitter:card\" content=\"summary_large_image\" \/>\n<meta name=\"twitter:label1\" content=\"Price\" \/>\n\t<meta name=\"twitter:data1\" content=\"275,00&nbsp;&euro;\" \/>\n\t<meta name=\"twitter:label2\" content=\"Availability\" \/>\n\t<meta name=\"twitter:data2\" content=\"In stock\" \/>\n<script type=\"application\/ld+json\" class=\"yoast-schema-graph\">{\"@context\":\"https:\\\/\\\/schema.org\",\"@graph\":[{\"@type\":\"WebPage\",\"@id\":\"https:\\\/\\\/raymarine.ee\\\/product\\\/raymarine-ray63-ray73-ray90-additional-handset\\\/\",\"url\":\"https:\\\/\\\/raymarine.ee\\\/product\\\/raymarine-ray63-ray73-ray90-additional-handset\\\/\",\"name\":\"RayMic 2nd Station: Teine r\u00e4\u00e4kimiskoht VHF raadiole - NavSystems\",\"isPartOf\":{\"@id\":\"https:\\\/\\\/raymarine.ee\\\/#website\"},\"primaryImageOfPage\":{\"@id\":\"https:\\\/\\\/raymarine.ee\\\/product\\\/raymarine-ray63-ray73-ray90-additional-handset\\\/#primaryimage\"},\"image\":{\"@id\":\"https:\\\/\\\/raymarine.ee\\\/product\\\/raymarine-ray63-ray73-ray90-additional-handset\\\/#primaryimage\"},\"thumbnailUrl\":\"https:\\\/\\\/raymarine.ee\\\/wp-content\\\/uploads\\\/2025\\\/01\\\/raymarine-2nd-handset-raymic-A80289.jpg\",\"datePublished\":\"2025-01-03T19:20:59+00:00\",\"dateModified\":\"2026-04-13T17:10:37+00:00\",\"description\":\"RayMic 2nd Station v\u00f5imaldab sul hallata Raymarine VHF raadiot eemalt! Koge kaasaegset mugavust ja suurep\u00e4rast helikvaliteeti iga p\u00e4ev.\",\"breadcrumb\":{\"@id\":\"https:\\\/\\\/raymarine.ee\\\/product\\\/raymarine-ray63-ray73-ray90-additional-handset\\\/#breadcrumb\"},\"inLanguage\":\"en-GB\",\"potentialAction\":[{\"@type\":\"ReadAction\",\"target\":[\"https:\\\/\\\/raymarine.ee\\\/product\\\/raymarine-ray63-ray73-ray90-additional-handset\\\/\"]}]},{\"@type\":\"ImageObject\",\"inLanguage\":\"en-GB\",\"@id\":\"https:\\\/\\\/raymarine.ee\\\/product\\\/raymarine-ray63-ray73-ray90-additional-handset\\\/#primaryimage\",\"url\":\"https:\\\/\\\/raymarine.ee\\\/wp-content\\\/uploads\\\/2025\\\/01\\\/raymarine-2nd-handset-raymic-A80289.jpg\",\"contentUrl\":\"https:\\\/\\\/raymarine.ee\\\/wp-content\\\/uploads\\\/2025\\\/01\\\/raymarine-2nd-handset-raymic-A80289.jpg\",\"width\":500,\"height\":500,\"caption\":\"Teine k\u00f5netoru VHF raadiole\"},{\"@type\":\"BreadcrumbList\",\"@id\":\"https:\\\/\\\/raymarine.ee\\\/product\\\/raymarine-ray63-ray73-ray90-additional-handset\\\/#breadcrumb\",\"itemListElement\":[{\"@type\":\"ListItem\",\"position\":1,\"name\":\"Home\",\"item\":\"https:\\\/\\\/raymarine.ee\\\/\"},{\"@type\":\"ListItem\",\"position\":2,\"name\":\"Tooted\",\"item\":\"https:\\\/\\\/raymarine.ee\\\/shop\\\/\"},{\"@type\":\"ListItem\",\"position\":3,\"name\":\"Raymarine Ray63 \\\/ Ray73 \\\/ Ray90 additional handset\"}]},{\"@type\":\"WebSite\",\"@id\":\"https:\\\/\\\/raymarine.ee\\\/#website\",\"url\":\"https:\\\/\\\/raymarine.ee\\\/\",\"name\":\"www.raymarine.ee\",\"description\":\"Mereelektroonika, kaardiplotter, autopiloot, pinnipiloot, roolipiloot, radar, AIS, VHF, Smart Wind\",\"publisher\":{\"@id\":\"https:\\\/\\\/raymarine.ee\\\/#organization\"},\"alternateName\":\"Raymarine\",\"potentialAction\":[{\"@type\":\"SearchAction\",\"target\":{\"@type\":\"EntryPoint\",\"urlTemplate\":\"https:\\\/\\\/raymarine.ee\\\/?s={search_term_string}\"},\"query-input\":{\"@type\":\"PropertyValueSpecification\",\"valueRequired\":true,\"valueName\":\"search_term_string\"}}],\"inLanguage\":\"en-GB\"},{\"@type\":\"Organization\",\"@id\":\"https:\\\/\\\/raymarine.ee\\\/#organization\",\"name\":\"NavSystems O\u00dc\",\"url\":\"https:\\\/\\\/raymarine.ee\\\/\",\"logo\":{\"@type\":\"ImageObject\",\"inLanguage\":\"en-GB\",\"@id\":\"https:\\\/\\\/raymarine.ee\\\/#\\\/schema\\\/logo\\\/image\\\/\",\"url\":\"https:\\\/\\\/raymarine.ee\\\/wp-content\\\/uploads\\\/2024\\\/10\\\/Screenshot-2024-10-15-151324_bg_removed.webp\",\"contentUrl\":\"https:\\\/\\\/raymarine.ee\\\/wp-content\\\/uploads\\\/2024\\\/10\\\/Screenshot-2024-10-15-151324_bg_removed.webp\",\"width\":420,\"height\":276,\"caption\":\"NavSystems O\u00dc\"},\"image\":{\"@id\":\"https:\\\/\\\/raymarine.ee\\\/#\\\/schema\\\/logo\\\/image\\\/\"},\"sameAs\":[\"https:\\\/\\\/www.facebook.com\\\/NavSystems\"],\"legalName\":\"NavSystems O\u00dc\",\"foundingDate\":\"2011-05-03\",\"numberOfEmployees\":{\"@type\":\"QuantitativeValue\",\"minValue\":\"1\",\"maxValue\":\"10\"}}]}<\/script>\n<meta property=\"product:price:amount\" content=\"275.00\" \/>\n<meta property=\"product:price:currency\" content=\"EUR\" \/>\n<meta property=\"og:availability\" content=\"instock\" \/>\n<meta property=\"product:availability\" content=\"instock\" \/>\n<meta property=\"product:retailer_item_id\" content=\"A80289\" \/>\n<meta property=\"product:condition\" content=\"new\" \/>\n<!-- \/ Yoast SEO Premium plugin. -->","yoast_head_json":{"title":"RayMic 2nd Station: Teine r\u00e4\u00e4kimiskoht VHF raadiole - NavSystems","description":"RayMic 2nd Station v\u00f5imaldab sul hallata Raymarine VHF raadiot eemalt! Koge kaasaegset mugavust ja suurep\u00e4rast helikvaliteeti iga p\u00e4ev.","robots":{"index":"index","follow":"follow","max-snippet":"max-snippet:-1","max-image-preview":"max-image-preview:large","max-video-preview":"max-video-preview:-1"},"canonical":"https:\/\/raymarine.ee\/en\/product\/raymarine-ray63-ray73-ray90-additional-handset\/","og_locale":"en_GB","og_type":"article","og_title":"Raymarine Ray63 \/ Ray73 \/ Ray90 additional handset","og_description":"RayMic 2nd Station v\u00f5imaldab sul hallata Raymarine VHF raadiot eemalt! Koge kaasaegset mugavust ja suurep\u00e4rast helikvaliteeti iga p\u00e4ev.","og_url":"https:\/\/raymarine.ee\/en\/product\/raymarine-ray63-ray73-ray90-additional-handset\/","og_site_name":"NavSystems","article_publisher":"https:\/\/www.facebook.com\/NavSystems","article_modified_time":"2026-04-13T17:10:37+00:00","og_image":[{"width":500,"height":500,"url":"https:\/\/raymarine.ee\/wp-content\/uploads\/2025\/01\/raymarine-2nd-handset-raymic-A80289.jpg","type":"image\/jpeg"}],"twitter_card":"summary_large_image","twitter_misc":{"Price":"275,00&nbsp;&euro;","Availability":"In stock"},"schema":{"@context":"https:\/\/schema.org","@graph":[{"@type":"WebPage","@id":"https:\/\/raymarine.ee\/product\/raymarine-ray63-ray73-ray90-additional-handset\/","url":"https:\/\/raymarine.ee\/product\/raymarine-ray63-ray73-ray90-additional-handset\/","name":"RayMic 2nd Station: Teine r\u00e4\u00e4kimiskoht VHF raadiole - NavSystems","isPartOf":{"@id":"https:\/\/raymarine.ee\/#website"},"primaryImageOfPage":{"@id":"https:\/\/raymarine.ee\/product\/raymarine-ray63-ray73-ray90-additional-handset\/#primaryimage"},"image":{"@id":"https:\/\/raymarine.ee\/product\/raymarine-ray63-ray73-ray90-additional-handset\/#primaryimage"},"thumbnailUrl":"https:\/\/raymarine.ee\/wp-content\/uploads\/2025\/01\/raymarine-2nd-handset-raymic-A80289.jpg","datePublished":"2025-01-03T19:20:59+00:00","dateModified":"2026-04-13T17:10:37+00:00","description":"RayMic 2nd Station v\u00f5imaldab sul hallata Raymarine VHF raadiot eemalt! Koge kaasaegset mugavust ja suurep\u00e4rast helikvaliteeti iga p\u00e4ev.","breadcrumb":{"@id":"https:\/\/raymarine.ee\/product\/raymarine-ray63-ray73-ray90-additional-handset\/#breadcrumb"},"inLanguage":"en-GB","potentialAction":[{"@type":"ReadAction","target":["https:\/\/raymarine.ee\/product\/raymarine-ray63-ray73-ray90-additional-handset\/"]}]},{"@type":"ImageObject","inLanguage":"en-GB","@id":"https:\/\/raymarine.ee\/product\/raymarine-ray63-ray73-ray90-additional-handset\/#primaryimage","url":"https:\/\/raymarine.ee\/wp-content\/uploads\/2025\/01\/raymarine-2nd-handset-raymic-A80289.jpg","contentUrl":"https:\/\/raymarine.ee\/wp-content\/uploads\/2025\/01\/raymarine-2nd-handset-raymic-A80289.jpg","width":500,"height":500,"caption":"Teine k\u00f5netoru VHF raadiole"},{"@type":"BreadcrumbList","@id":"https:\/\/raymarine.ee\/product\/raymarine-ray63-ray73-ray90-additional-handset\/#breadcrumb","itemListElement":[{"@type":"ListItem","position":1,"name":"Home","item":"https:\/\/raymarine.ee\/"},{"@type":"ListItem","position":2,"name":"Tooted","item":"https:\/\/raymarine.ee\/shop\/"},{"@type":"ListItem","position":3,"name":"Raymarine Ray63 \/ Ray73 \/ Ray90 additional handset"}]},{"@type":"WebSite","@id":"https:\/\/raymarine.ee\/#website","url":"https:\/\/raymarine.ee\/","name":"www.raymarine.ee","description":"Mereelektroonika, kaardiplotter, autopiloot, pinnipiloot, roolipiloot, radar, AIS, VHF, Smart Wind","publisher":{"@id":"https:\/\/raymarine.ee\/#organization"},"alternateName":"Raymarine","potentialAction":[{"@type":"SearchAction","target":{"@type":"EntryPoint","urlTemplate":"https:\/\/raymarine.ee\/?s={search_term_string}"},"query-input":{"@type":"PropertyValueSpecification","valueRequired":true,"valueName":"search_term_string"}}],"inLanguage":"en-GB"},{"@type":"Organization","@id":"https:\/\/raymarine.ee\/#organization","name":"NavSystems O\u00dc","url":"https:\/\/raymarine.ee\/","logo":{"@type":"ImageObject","inLanguage":"en-GB","@id":"https:\/\/raymarine.ee\/#\/schema\/logo\/image\/","url":"https:\/\/raymarine.ee\/wp-content\/uploads\/2024\/10\/Screenshot-2024-10-15-151324_bg_removed.webp","contentUrl":"https:\/\/raymarine.ee\/wp-content\/uploads\/2024\/10\/Screenshot-2024-10-15-151324_bg_removed.webp","width":420,"height":276,"caption":"NavSystems O\u00dc"},"image":{"@id":"https:\/\/raymarine.ee\/#\/schema\/logo\/image\/"},"sameAs":["https:\/\/www.facebook.com\/NavSystems"],"legalName":"NavSystems O\u00dc","foundingDate":"2011-05-03","numberOfEmployees":{"@type":"QuantitativeValue","minValue":"1","maxValue":"10"}}]},"product_price_amount":"275.00","product_price_currency":"EUR","og_availability":"instock","product_availability":"instock","product_retailer_item_id":"A80289","product_condition":"new"},"jetpack_sharing_enabled":true,"_links":{"self":[{"href":"https:\/\/raymarine.ee\/en\/wp-json\/wp\/v2\/product\/6467","targetHints":{"allow":["GET"]}}],"collection":[{"href":"https:\/\/raymarine.ee\/en\/wp-json\/wp\/v2\/product"}],"about":[{"href":"https:\/\/raymarine.ee\/en\/wp-json\/wp\/v2\/types\/product"}],"wp:featuredmedia":[{"embeddable":true,"href":"https:\/\/raymarine.ee\/en\/wp-json\/wp\/v2\/media\/9022"}],"wp:attachment":[{"href":"https:\/\/raymarine.ee\/en\/wp-json\/wp\/v2\/media?parent=6467"}],"wp:term":[{"taxonomy":"product_brand","embeddable":true,"href":"https:\/\/raymarine.ee\/en\/wp-json\/wp\/v2\/product_brand?post=6467"},{"taxonomy":"product_cat","embeddable":true,"href":"https:\/\/raymarine.ee\/en\/wp-json\/wp\/v2\/product_cat?post=6467"},{"taxonomy":"product_tag","embeddable":true,"href":"https:\/\/raymarine.ee\/en\/wp-json\/wp\/v2\/product_tag?post=6467"}],"curies":[{"name":"wp","href":"https:\/\/api.w.org\/{rel}","templated":true}]}}