{"id":6469,"date":"2025-01-02T17:51:40","date_gmt":"2025-01-02T17:51:40","guid":{"rendered":"https:\/\/raymarine.ee\/?post_type=product&#038;p=6469"},"modified":"2026-04-03T18:51:35","modified_gmt":"2026-04-03T16:51:35","slug":"raymarine-vhf-handset-adaptor-cable-12-pin-to-12-pin-with-passive-spk-output-400mm","status":"publish","type":"product","link":"https:\/\/raymarine.ee\/en\/product\/raymarine-vhf-handset-adaptor-cable-12-pin-to-12-pin-with-passive-spk-output-400mm\/","title":{"rendered":"Raymarine VHF Handset Adaptor cable (12 pin to 12 pin) with passive spk output (400mm)"},"content":{"rendered":"<h2>Raymarine VHF Handset Adaptor cable (12 pin to 12 pin) with passive spk output (400mm)<\/h2>\n<p>Adapterkaabel koos RCA v\u00e4ljungiga mis on vajalik passivse k\u00f5lari \u00fchendamiseks teise k\u00f5nekoha l\u00e4hedale.<\/p>","protected":false},"excerpt":{"rendered":"<p>Raymarine VHF Handset Adaptor cable (12 pin to 12 pin) with passive spk output (400mm). Adapterkaabel koos RCA v\u00e4ljungiga mis on vajalik passivse k\u00f5lari \u00fchendamiseks teise k\u00f5nekoha l\u00e4hedale.<\/p>","protected":false},"featured_media":9303,"template":"","meta":{"_acf_changed":false},"product_brand":[],"product_cat":[103,74],"product_tag":[],"class_list":{"0":"post-6469","1":"product","2":"type-product","3":"status-publish","4":"has-post-thumbnail","6":"product_cat-raymarine","7":"product_cat-ray_vhf","9":"first","10":"instock","11":"taxable","12":"shipping-taxable","13":"purchasable","14":"product-type-simple"},"acf":[],"yoast_head":"<!-- This site is optimized with the Yoast SEO Premium plugin v27.5 (Yoast SEO v27.5) - https:\/\/yoast.com\/product\/yoast-seo-premium-wordpress\/ -->\n<title>Raymarine VHF Handset Adaptor cable (12 pin to 12 pin) with passive spk output (400mm) - NavSystems Mereelektroonika<\/title>\n<meta name=\"description\" content=\"Kaardiplotter, autopiloot, vhf, radar, pinnipiloot, roolipiloot, tuules\u00fcsteem, dst810, rsw wind, wind vane,\" \/>\n<meta name=\"robots\" content=\"index, follow, max-snippet:-1, max-image-preview:large, max-video-preview:-1\" \/>\n<link rel=\"canonical\" href=\"https:\/\/raymarine.ee\/en\/product\/raymarine-vhf-handset-adaptor-cable-12-pin-to-12-pin-with-passive-spk-output-400mm\/\" \/>\n<meta property=\"og:locale\" content=\"en_GB\" \/>\n<meta property=\"og:type\" content=\"article\" \/>\n<meta property=\"og:title\" content=\"Raymarine VHF Handset Adaptor cable (12 pin to 12 pin) with passive spk output (400mm)\" \/>\n<meta property=\"og:description\" content=\"Kaardiplotter, autopiloot, vhf, radar, pinnipiloot, roolipiloot, tuules\u00fcsteem, dst810, rsw wind, wind vane,\" \/>\n<meta property=\"og:url\" content=\"https:\/\/raymarine.ee\/en\/product\/raymarine-vhf-handset-adaptor-cable-12-pin-to-12-pin-with-passive-spk-output-400mm\/\" \/>\n<meta property=\"og:site_name\" content=\"NavSystems\" \/>\n<meta property=\"article:publisher\" content=\"https:\/\/www.facebook.com\/NavSystems\" \/>\n<meta property=\"article:modified_time\" content=\"2026-04-03T16:51:35+00:00\" \/>\n<meta property=\"og:image\" content=\"https:\/\/raymarine.ee\/wp-content\/uploads\/2025\/01\/f4b695b8-4cda-4a91-9af4-6955b947af7a.png\" \/>\n\t<meta property=\"og:image:width\" content=\"2000\" \/>\n\t<meta property=\"og:image:height\" content=\"2000\" \/>\n\t<meta property=\"og:image:type\" content=\"image\/png\" \/>\n<meta name=\"twitter:card\" content=\"summary_large_image\" \/>\n<meta name=\"twitter:label1\" content=\"Price\" \/>\n\t<meta name=\"twitter:data1\" content=\"97,00&nbsp;&euro;\" \/>\n\t<meta name=\"twitter:label2\" content=\"Availability\" \/>\n\t<meta name=\"twitter:data2\" content=\"In stock\" \/>\n<script type=\"application\/ld+json\" class=\"yoast-schema-graph\">{\"@context\":\"https:\\\/\\\/schema.org\",\"@graph\":[{\"@type\":\"WebPage\",\"@id\":\"https:\\\/\\\/raymarine.ee\\\/product\\\/raymarine-vhf-handset-adaptor-cable-12-pin-to-12-pin-with-passive-spk-output-400mm\\\/\",\"url\":\"https:\\\/\\\/raymarine.ee\\\/product\\\/raymarine-vhf-handset-adaptor-cable-12-pin-to-12-pin-with-passive-spk-output-400mm\\\/\",\"name\":\"Raymarine VHF Handset Adaptor cable (12 pin to 12 pin) with passive spk output (400mm) - NavSystems Mereelektroonika\",\"isPartOf\":{\"@id\":\"https:\\\/\\\/raymarine.ee\\\/#website\"},\"primaryImageOfPage\":{\"@id\":\"https:\\\/\\\/raymarine.ee\\\/product\\\/raymarine-vhf-handset-adaptor-cable-12-pin-to-12-pin-with-passive-spk-output-400mm\\\/#primaryimage\"},\"image\":{\"@id\":\"https:\\\/\\\/raymarine.ee\\\/product\\\/raymarine-vhf-handset-adaptor-cable-12-pin-to-12-pin-with-passive-spk-output-400mm\\\/#primaryimage\"},\"thumbnailUrl\":\"https:\\\/\\\/raymarine.ee\\\/wp-content\\\/uploads\\\/2025\\\/01\\\/f4b695b8-4cda-4a91-9af4-6955b947af7a.png\",\"datePublished\":\"2025-01-02T17:51:40+00:00\",\"dateModified\":\"2026-04-03T16:51:35+00:00\",\"description\":\"Kaardiplotter, autopiloot, vhf, radar, pinnipiloot, roolipiloot, tuules\u00fcsteem, dst810, rsw wind, wind vane,\",\"breadcrumb\":{\"@id\":\"https:\\\/\\\/raymarine.ee\\\/product\\\/raymarine-vhf-handset-adaptor-cable-12-pin-to-12-pin-with-passive-spk-output-400mm\\\/#breadcrumb\"},\"inLanguage\":\"en-GB\",\"potentialAction\":[{\"@type\":\"ReadAction\",\"target\":[\"https:\\\/\\\/raymarine.ee\\\/product\\\/raymarine-vhf-handset-adaptor-cable-12-pin-to-12-pin-with-passive-spk-output-400mm\\\/\"]}]},{\"@type\":\"ImageObject\",\"inLanguage\":\"en-GB\",\"@id\":\"https:\\\/\\\/raymarine.ee\\\/product\\\/raymarine-vhf-handset-adaptor-cable-12-pin-to-12-pin-with-passive-spk-output-400mm\\\/#primaryimage\",\"url\":\"https:\\\/\\\/raymarine.ee\\\/wp-content\\\/uploads\\\/2025\\\/01\\\/f4b695b8-4cda-4a91-9af4-6955b947af7a.png\",\"contentUrl\":\"https:\\\/\\\/raymarine.ee\\\/wp-content\\\/uploads\\\/2025\\\/01\\\/f4b695b8-4cda-4a91-9af4-6955b947af7a.png\",\"width\":2000,\"height\":2000},{\"@type\":\"BreadcrumbList\",\"@id\":\"https:\\\/\\\/raymarine.ee\\\/product\\\/raymarine-vhf-handset-adaptor-cable-12-pin-to-12-pin-with-passive-spk-output-400mm\\\/#breadcrumb\",\"itemListElement\":[{\"@type\":\"ListItem\",\"position\":1,\"name\":\"Home\",\"item\":\"https:\\\/\\\/raymarine.ee\\\/\"},{\"@type\":\"ListItem\",\"position\":2,\"name\":\"Tooted\",\"item\":\"https:\\\/\\\/raymarine.ee\\\/shop\\\/\"},{\"@type\":\"ListItem\",\"position\":3,\"name\":\"Raymarine VHF Handset Adaptor cable (12 pin to 12 pin) with passive spk output (400mm)\"}]},{\"@type\":\"WebSite\",\"@id\":\"https:\\\/\\\/raymarine.ee\\\/#website\",\"url\":\"https:\\\/\\\/raymarine.ee\\\/\",\"name\":\"www.raymarine.ee\",\"description\":\"Mereelektroonika, kaardiplotter, autopiloot, pinnipiloot, roolipiloot, radar, AIS, VHF, Smart Wind\",\"publisher\":{\"@id\":\"https:\\\/\\\/raymarine.ee\\\/#organization\"},\"alternateName\":\"Raymarine\",\"potentialAction\":[{\"@type\":\"SearchAction\",\"target\":{\"@type\":\"EntryPoint\",\"urlTemplate\":\"https:\\\/\\\/raymarine.ee\\\/?s={search_term_string}\"},\"query-input\":{\"@type\":\"PropertyValueSpecification\",\"valueRequired\":true,\"valueName\":\"search_term_string\"}}],\"inLanguage\":\"en-GB\"},{\"@type\":\"Organization\",\"@id\":\"https:\\\/\\\/raymarine.ee\\\/#organization\",\"name\":\"NavSystems O\u00dc\",\"url\":\"https:\\\/\\\/raymarine.ee\\\/\",\"logo\":{\"@type\":\"ImageObject\",\"inLanguage\":\"en-GB\",\"@id\":\"https:\\\/\\\/raymarine.ee\\\/#\\\/schema\\\/logo\\\/image\\\/\",\"url\":\"https:\\\/\\\/raymarine.ee\\\/wp-content\\\/uploads\\\/2024\\\/10\\\/Screenshot-2024-10-15-151324_bg_removed.webp\",\"contentUrl\":\"https:\\\/\\\/raymarine.ee\\\/wp-content\\\/uploads\\\/2024\\\/10\\\/Screenshot-2024-10-15-151324_bg_removed.webp\",\"width\":420,\"height\":276,\"caption\":\"NavSystems O\u00dc\"},\"image\":{\"@id\":\"https:\\\/\\\/raymarine.ee\\\/#\\\/schema\\\/logo\\\/image\\\/\"},\"sameAs\":[\"https:\\\/\\\/www.facebook.com\\\/NavSystems\"],\"legalName\":\"NavSystems O\u00dc\",\"foundingDate\":\"2011-05-03\",\"numberOfEmployees\":{\"@type\":\"QuantitativeValue\",\"minValue\":\"1\",\"maxValue\":\"10\"}}]}<\/script>\n<meta property=\"product:price:amount\" content=\"97.00\" \/>\n<meta property=\"product:price:currency\" content=\"EUR\" \/>\n<meta property=\"og:availability\" content=\"instock\" \/>\n<meta property=\"product:availability\" content=\"instock\" \/>\n<meta property=\"product:retailer_item_id\" content=\"A80297\" \/>\n<meta property=\"product:condition\" content=\"new\" \/>\n<!-- \/ Yoast SEO Premium plugin. -->","yoast_head_json":{"title":"Raymarine VHF Handset Adaptor cable (12 pin to 12 pin) with passive spk output (400mm) - NavSystems Mereelektroonika","description":"Kaardiplotter, autopiloot, vhf, radar, pinnipiloot, roolipiloot, tuules\u00fcsteem, dst810, rsw wind, wind vane,","robots":{"index":"index","follow":"follow","max-snippet":"max-snippet:-1","max-image-preview":"max-image-preview:large","max-video-preview":"max-video-preview:-1"},"canonical":"https:\/\/raymarine.ee\/en\/product\/raymarine-vhf-handset-adaptor-cable-12-pin-to-12-pin-with-passive-spk-output-400mm\/","og_locale":"en_GB","og_type":"article","og_title":"Raymarine VHF Handset Adaptor cable (12 pin to 12 pin) with passive spk output (400mm)","og_description":"Kaardiplotter, autopiloot, vhf, radar, pinnipiloot, roolipiloot, tuules\u00fcsteem, dst810, rsw wind, wind vane,","og_url":"https:\/\/raymarine.ee\/en\/product\/raymarine-vhf-handset-adaptor-cable-12-pin-to-12-pin-with-passive-spk-output-400mm\/","og_site_name":"NavSystems","article_publisher":"https:\/\/www.facebook.com\/NavSystems","article_modified_time":"2026-04-03T16:51:35+00:00","og_image":[{"width":2000,"height":2000,"url":"https:\/\/raymarine.ee\/wp-content\/uploads\/2025\/01\/f4b695b8-4cda-4a91-9af4-6955b947af7a.png","type":"image\/png"}],"twitter_card":"summary_large_image","twitter_misc":{"Price":"97,00&nbsp;&euro;","Availability":"In stock"},"schema":{"@context":"https:\/\/schema.org","@graph":[{"@type":"WebPage","@id":"https:\/\/raymarine.ee\/product\/raymarine-vhf-handset-adaptor-cable-12-pin-to-12-pin-with-passive-spk-output-400mm\/","url":"https:\/\/raymarine.ee\/product\/raymarine-vhf-handset-adaptor-cable-12-pin-to-12-pin-with-passive-spk-output-400mm\/","name":"Raymarine VHF Handset Adaptor cable (12 pin to 12 pin) with passive spk output (400mm) - NavSystems Mereelektroonika","isPartOf":{"@id":"https:\/\/raymarine.ee\/#website"},"primaryImageOfPage":{"@id":"https:\/\/raymarine.ee\/product\/raymarine-vhf-handset-adaptor-cable-12-pin-to-12-pin-with-passive-spk-output-400mm\/#primaryimage"},"image":{"@id":"https:\/\/raymarine.ee\/product\/raymarine-vhf-handset-adaptor-cable-12-pin-to-12-pin-with-passive-spk-output-400mm\/#primaryimage"},"thumbnailUrl":"https:\/\/raymarine.ee\/wp-content\/uploads\/2025\/01\/f4b695b8-4cda-4a91-9af4-6955b947af7a.png","datePublished":"2025-01-02T17:51:40+00:00","dateModified":"2026-04-03T16:51:35+00:00","description":"Kaardiplotter, autopiloot, vhf, radar, pinnipiloot, roolipiloot, tuules\u00fcsteem, dst810, rsw wind, wind vane,","breadcrumb":{"@id":"https:\/\/raymarine.ee\/product\/raymarine-vhf-handset-adaptor-cable-12-pin-to-12-pin-with-passive-spk-output-400mm\/#breadcrumb"},"inLanguage":"en-GB","potentialAction":[{"@type":"ReadAction","target":["https:\/\/raymarine.ee\/product\/raymarine-vhf-handset-adaptor-cable-12-pin-to-12-pin-with-passive-spk-output-400mm\/"]}]},{"@type":"ImageObject","inLanguage":"en-GB","@id":"https:\/\/raymarine.ee\/product\/raymarine-vhf-handset-adaptor-cable-12-pin-to-12-pin-with-passive-spk-output-400mm\/#primaryimage","url":"https:\/\/raymarine.ee\/wp-content\/uploads\/2025\/01\/f4b695b8-4cda-4a91-9af4-6955b947af7a.png","contentUrl":"https:\/\/raymarine.ee\/wp-content\/uploads\/2025\/01\/f4b695b8-4cda-4a91-9af4-6955b947af7a.png","width":2000,"height":2000},{"@type":"BreadcrumbList","@id":"https:\/\/raymarine.ee\/product\/raymarine-vhf-handset-adaptor-cable-12-pin-to-12-pin-with-passive-spk-output-400mm\/#breadcrumb","itemListElement":[{"@type":"ListItem","position":1,"name":"Home","item":"https:\/\/raymarine.ee\/"},{"@type":"ListItem","position":2,"name":"Tooted","item":"https:\/\/raymarine.ee\/shop\/"},{"@type":"ListItem","position":3,"name":"Raymarine VHF Handset Adaptor cable (12 pin to 12 pin) with passive spk output (400mm)"}]},{"@type":"WebSite","@id":"https:\/\/raymarine.ee\/#website","url":"https:\/\/raymarine.ee\/","name":"www.raymarine.ee","description":"Mereelektroonika, kaardiplotter, autopiloot, pinnipiloot, roolipiloot, radar, AIS, VHF, Smart Wind","publisher":{"@id":"https:\/\/raymarine.ee\/#organization"},"alternateName":"Raymarine","potentialAction":[{"@type":"SearchAction","target":{"@type":"EntryPoint","urlTemplate":"https:\/\/raymarine.ee\/?s={search_term_string}"},"query-input":{"@type":"PropertyValueSpecification","valueRequired":true,"valueName":"search_term_string"}}],"inLanguage":"en-GB"},{"@type":"Organization","@id":"https:\/\/raymarine.ee\/#organization","name":"NavSystems O\u00dc","url":"https:\/\/raymarine.ee\/","logo":{"@type":"ImageObject","inLanguage":"en-GB","@id":"https:\/\/raymarine.ee\/#\/schema\/logo\/image\/","url":"https:\/\/raymarine.ee\/wp-content\/uploads\/2024\/10\/Screenshot-2024-10-15-151324_bg_removed.webp","contentUrl":"https:\/\/raymarine.ee\/wp-content\/uploads\/2024\/10\/Screenshot-2024-10-15-151324_bg_removed.webp","width":420,"height":276,"caption":"NavSystems O\u00dc"},"image":{"@id":"https:\/\/raymarine.ee\/#\/schema\/logo\/image\/"},"sameAs":["https:\/\/www.facebook.com\/NavSystems"],"legalName":"NavSystems O\u00dc","foundingDate":"2011-05-03","numberOfEmployees":{"@type":"QuantitativeValue","minValue":"1","maxValue":"10"}}]},"product_price_amount":"97.00","product_price_currency":"EUR","og_availability":"instock","product_availability":"instock","product_retailer_item_id":"A80297","product_condition":"new"},"jetpack_sharing_enabled":true,"_links":{"self":[{"href":"https:\/\/raymarine.ee\/en\/wp-json\/wp\/v2\/product\/6469","targetHints":{"allow":["GET"]}}],"collection":[{"href":"https:\/\/raymarine.ee\/en\/wp-json\/wp\/v2\/product"}],"about":[{"href":"https:\/\/raymarine.ee\/en\/wp-json\/wp\/v2\/types\/product"}],"wp:featuredmedia":[{"embeddable":true,"href":"https:\/\/raymarine.ee\/en\/wp-json\/wp\/v2\/media\/9303"}],"wp:attachment":[{"href":"https:\/\/raymarine.ee\/en\/wp-json\/wp\/v2\/media?parent=6469"}],"wp:term":[{"taxonomy":"product_brand","embeddable":true,"href":"https:\/\/raymarine.ee\/en\/wp-json\/wp\/v2\/product_brand?post=6469"},{"taxonomy":"product_cat","embeddable":true,"href":"https:\/\/raymarine.ee\/en\/wp-json\/wp\/v2\/product_cat?post=6469"},{"taxonomy":"product_tag","embeddable":true,"href":"https:\/\/raymarine.ee\/en\/wp-json\/wp\/v2\/product_tag?post=6469"}],"curies":[{"name":"wp","href":"https:\/\/api.w.org\/{rel}","templated":true}]}}