{"id":6472,"date":"2025-01-02T17:38:57","date_gmt":"2025-01-02T17:38:57","guid":{"rendered":"https:\/\/raymarine.ee\/?post_type=product&#038;p=6472"},"modified":"2026-04-21T17:29:09","modified_gmt":"2026-04-21T14:29:09","slug":"ray-90-91-wireless-1st-station-including-wireless-handset-wireless-hub-and-active-speaker","status":"publish","type":"product","link":"https:\/\/raymarine.ee\/en\/product\/ray-90-91-wireless-1st-station-including-wireless-handset-wireless-hub-and-active-speaker\/","title":{"rendered":"Ray 90\/91 Wireless 1st Station including Wireless Handset, Wireless Hub and Active Speaker"},"content":{"rendered":"<h3>Ray 90\/91 Wireless 1st Station including Wireless Handset, Wireless Hub and Active Speaker<\/h3>\n<p>The\u00a0Raymarine Ray90 Wireless 1st Station Pack\u00a0includes the Ray 90\/91 Wireless Handset, Active Speaker and\u00a0Wireless Hub.\u00a0The Wireless Handset\u00a0features an oversized LCD display with super-bright backlighting for easy viewing in all conditions. Rubberized, oversized keys provide sure grip and easy access to commonly used features and functions. The Active Speaker lets you hear every word loud and clear with an active, amplified speaker kit for your Ray 90 or 91 VHF radio. This speaker kit is ideal for high-noise areas like open powerboats, express cruisers, windy flybridges, or even below-decks on loud vessels. The active speaker contains its own on-board audio amplifier and audiophile-grade speaker. Even at its highest volume setting it delivers crystal-clear audio that you\u2019ll be able to hear and understand.\u00a0The speaker is enclosed in a compact housing that is both rugged and waterproof. Mount it vertically or horizontally in any bulkhead or overhead. The speaker connects directly into the nearest wireless handset base. The Wireless Hub allows you to add up to 3 wireless handsets to the VHF system and\u00a0carries both data and audio to and from your wireless handset stations.<\/p>\n<p><strong>Juhendid:<\/strong><\/p>\n<p>Lae alla <a href=\"https:\/\/raymarine.ee\/wp-content\/uploads\/2026\/04\/Wireless-VHF-Handset-Charging-Holster-Installation-instructions-87334-Rev-3-EN.pdf\" target=\"_blank\" rel=\"noopener\">Ray90 Wireless Handset<\/a> paigaldusjuhend.<\/p>\n<p>Lae alla <a href=\"https:\/\/raymarine.ee\/wp-content\/uploads\/2026\/04\/Wireless-VHF-Hub-Installation-Sheet-87330-Rev-1-EN.pdf\" target=\"_blank\" rel=\"noopener\">Ray90 Wireless hub<\/a> paigaldusjuhend<\/p>","protected":false},"excerpt":{"rendered":"<p>The Raymarine Ray90 Wireless 1st Station Pack includes the Ray 90\/91 Wireless Handset, Active Speaker and Wireless Hub. The Wireless Handset features an oversized LCD display with super-bright backlighting for easy viewing in all conditions. Rubberized, oversized keys provide sure grip and easy access to commonly used features and functions. The Active Speaker lets you hear every word loud and clear with an active, amplified speaker kit for your Ray 90 or 91 VHF radio. This speaker kit is ideal for high-noise areas like open powerboats, express cruisers, windy flybridges, or even below-decks on loud vessels. The active speaker contains its own on-board audio amplifier and audiophile-grade speaker. Even at its highest volume setting it delivers crystal-clear audio that you\u2019ll be able to hear and understand. The speaker is enclosed in a compact housing that is both rugged and waterproof. Mount it vertically or horizontally in any bulkhead or overhead. The speaker connects directly into the nearest wireless handset base. The Wireless Hub allows you to add up to 3 wireless handsets to the VHF system and carries both data and audio to and from your wireless handset stations. Tutvu kindlasti ka selle komplekti\u00a0juhenditega\u00a0ja k\u00fcsimuste korral pea n\u00f5u meie spetsialistiga.<\/p>","protected":false},"featured_media":9304,"template":"","meta":{"_acf_changed":false},"product_brand":[],"product_cat":[103,74],"product_tag":[],"class_list":{"0":"post-6472","1":"product","2":"type-product","3":"status-publish","4":"has-post-thumbnail","6":"product_cat-raymarine","7":"product_cat-ray_vhf","9":"first","10":"onbackorder","11":"taxable","12":"shipping-taxable","13":"purchasable","14":"product-type-simple"},"acf":[],"yoast_head":"<!-- This site is optimized with the Yoast SEO Premium plugin v27.5 (Yoast SEO v27.5) - https:\/\/yoast.com\/product\/yoast-seo-premium-wordpress\/ -->\n<title>Ray 90\/91 Wireless 1st Station NavSystems - Mereelektroonika<\/title>\n<meta name=\"description\" content=\"Avastage Raymarine Ray90 Wireless 1st Station, suurep\u00e4rane ekraan ja kvaliteetne heli muudavad kasutamise mugavaks. Ostke juhtmevaba k\u00f5netoru juba t\u00e4na!\" \/>\n<meta name=\"robots\" content=\"index, follow, max-snippet:-1, max-image-preview:large, max-video-preview:-1\" \/>\n<link rel=\"canonical\" href=\"https:\/\/raymarine.ee\/en\/product\/ray-90-91-wireless-1st-station-including-wireless-handset-wireless-hub-and-active-speaker\/\" \/>\n<meta property=\"og:locale\" content=\"en_GB\" \/>\n<meta property=\"og:type\" content=\"article\" \/>\n<meta property=\"og:title\" content=\"Ray 90\/91 Wireless 1st Station including Wireless Handset, Wireless Hub and Active Speaker\" \/>\n<meta property=\"og:description\" content=\"Avastage Raymarine Ray90 Wireless 1st Station, suurep\u00e4rane ekraan ja kvaliteetne heli muudavad kasutamise mugavaks. Ostke juhtmevaba k\u00f5netoru juba t\u00e4na!\" \/>\n<meta property=\"og:url\" content=\"https:\/\/raymarine.ee\/en\/product\/ray-90-91-wireless-1st-station-including-wireless-handset-wireless-hub-and-active-speaker\/\" \/>\n<meta property=\"og:site_name\" content=\"NavSystems\" \/>\n<meta property=\"article:publisher\" content=\"https:\/\/www.facebook.com\/NavSystems\" \/>\n<meta property=\"article:modified_time\" content=\"2026-04-21T14:29:09+00:00\" \/>\n<meta property=\"og:image\" content=\"https:\/\/raymarine.ee\/wp-content\/uploads\/2025\/01\/2ed0f495-e311-4be5-a19b-940b9176d843.png\" \/>\n\t<meta property=\"og:image:width\" content=\"2000\" \/>\n\t<meta property=\"og:image:height\" content=\"2000\" \/>\n\t<meta property=\"og:image:type\" content=\"image\/png\" \/>\n<meta name=\"twitter:card\" content=\"summary_large_image\" \/>\n<meta name=\"twitter:label1\" content=\"Price\" \/>\n\t<meta name=\"twitter:data1\" content=\"799,00&nbsp;&euro;\" \/>\n\t<meta name=\"twitter:label2\" content=\"Availability\" \/>\n\t<meta name=\"twitter:data2\" content=\"On back order\" \/>\n<script type=\"application\/ld+json\" class=\"yoast-schema-graph\">{\"@context\":\"https:\\\/\\\/schema.org\",\"@graph\":[{\"@type\":\"WebPage\",\"@id\":\"https:\\\/\\\/raymarine.ee\\\/product\\\/ray-90-91-wireless-1st-station-including-wireless-handset-wireless-hub-and-active-speaker\\\/\",\"url\":\"https:\\\/\\\/raymarine.ee\\\/product\\\/ray-90-91-wireless-1st-station-including-wireless-handset-wireless-hub-and-active-speaker\\\/\",\"name\":\"Ray 90\\\/91 Wireless 1st Station NavSystems - Mereelektroonika\",\"isPartOf\":{\"@id\":\"https:\\\/\\\/raymarine.ee\\\/#website\"},\"primaryImageOfPage\":{\"@id\":\"https:\\\/\\\/raymarine.ee\\\/product\\\/ray-90-91-wireless-1st-station-including-wireless-handset-wireless-hub-and-active-speaker\\\/#primaryimage\"},\"image\":{\"@id\":\"https:\\\/\\\/raymarine.ee\\\/product\\\/ray-90-91-wireless-1st-station-including-wireless-handset-wireless-hub-and-active-speaker\\\/#primaryimage\"},\"thumbnailUrl\":\"https:\\\/\\\/raymarine.ee\\\/wp-content\\\/uploads\\\/2025\\\/01\\\/2ed0f495-e311-4be5-a19b-940b9176d843.png\",\"datePublished\":\"2025-01-02T17:38:57+00:00\",\"dateModified\":\"2026-04-21T14:29:09+00:00\",\"description\":\"Avastage Raymarine Ray90 Wireless 1st Station, suurep\u00e4rane ekraan ja kvaliteetne heli muudavad kasutamise mugavaks. Ostke juhtmevaba k\u00f5netoru juba t\u00e4na!\",\"breadcrumb\":{\"@id\":\"https:\\\/\\\/raymarine.ee\\\/product\\\/ray-90-91-wireless-1st-station-including-wireless-handset-wireless-hub-and-active-speaker\\\/#breadcrumb\"},\"inLanguage\":\"en-GB\",\"potentialAction\":[{\"@type\":\"ReadAction\",\"target\":[\"https:\\\/\\\/raymarine.ee\\\/product\\\/ray-90-91-wireless-1st-station-including-wireless-handset-wireless-hub-and-active-speaker\\\/\"]}]},{\"@type\":\"ImageObject\",\"inLanguage\":\"en-GB\",\"@id\":\"https:\\\/\\\/raymarine.ee\\\/product\\\/ray-90-91-wireless-1st-station-including-wireless-handset-wireless-hub-and-active-speaker\\\/#primaryimage\",\"url\":\"https:\\\/\\\/raymarine.ee\\\/wp-content\\\/uploads\\\/2025\\\/01\\\/2ed0f495-e311-4be5-a19b-940b9176d843.png\",\"contentUrl\":\"https:\\\/\\\/raymarine.ee\\\/wp-content\\\/uploads\\\/2025\\\/01\\\/2ed0f495-e311-4be5-a19b-940b9176d843.png\",\"width\":2000,\"height\":2000},{\"@type\":\"BreadcrumbList\",\"@id\":\"https:\\\/\\\/raymarine.ee\\\/product\\\/ray-90-91-wireless-1st-station-including-wireless-handset-wireless-hub-and-active-speaker\\\/#breadcrumb\",\"itemListElement\":[{\"@type\":\"ListItem\",\"position\":1,\"name\":\"Home\",\"item\":\"https:\\\/\\\/raymarine.ee\\\/\"},{\"@type\":\"ListItem\",\"position\":2,\"name\":\"Tooted\",\"item\":\"https:\\\/\\\/raymarine.ee\\\/shop\\\/\"},{\"@type\":\"ListItem\",\"position\":3,\"name\":\"Ray 90\\\/91 Wireless 1st Station including Wireless Handset, Wireless Hub and Active Speaker\"}]},{\"@type\":\"WebSite\",\"@id\":\"https:\\\/\\\/raymarine.ee\\\/#website\",\"url\":\"https:\\\/\\\/raymarine.ee\\\/\",\"name\":\"www.raymarine.ee\",\"description\":\"Mereelektroonika, kaardiplotter, autopiloot, pinnipiloot, roolipiloot, radar, AIS, VHF, Smart Wind\",\"publisher\":{\"@id\":\"https:\\\/\\\/raymarine.ee\\\/#organization\"},\"alternateName\":\"Raymarine\",\"potentialAction\":[{\"@type\":\"SearchAction\",\"target\":{\"@type\":\"EntryPoint\",\"urlTemplate\":\"https:\\\/\\\/raymarine.ee\\\/?s={search_term_string}\"},\"query-input\":{\"@type\":\"PropertyValueSpecification\",\"valueRequired\":true,\"valueName\":\"search_term_string\"}}],\"inLanguage\":\"en-GB\"},{\"@type\":\"Organization\",\"@id\":\"https:\\\/\\\/raymarine.ee\\\/#organization\",\"name\":\"NavSystems O\u00dc\",\"url\":\"https:\\\/\\\/raymarine.ee\\\/\",\"logo\":{\"@type\":\"ImageObject\",\"inLanguage\":\"en-GB\",\"@id\":\"https:\\\/\\\/raymarine.ee\\\/#\\\/schema\\\/logo\\\/image\\\/\",\"url\":\"https:\\\/\\\/raymarine.ee\\\/wp-content\\\/uploads\\\/2024\\\/10\\\/Screenshot-2024-10-15-151324_bg_removed.webp\",\"contentUrl\":\"https:\\\/\\\/raymarine.ee\\\/wp-content\\\/uploads\\\/2024\\\/10\\\/Screenshot-2024-10-15-151324_bg_removed.webp\",\"width\":420,\"height\":276,\"caption\":\"NavSystems O\u00dc\"},\"image\":{\"@id\":\"https:\\\/\\\/raymarine.ee\\\/#\\\/schema\\\/logo\\\/image\\\/\"},\"sameAs\":[\"https:\\\/\\\/www.facebook.com\\\/NavSystems\"],\"legalName\":\"NavSystems O\u00dc\",\"foundingDate\":\"2011-05-03\",\"numberOfEmployees\":{\"@type\":\"QuantitativeValue\",\"minValue\":\"1\",\"maxValue\":\"10\"}}]}<\/script>\n<meta property=\"product:price:amount\" content=\"799.00\" \/>\n<meta property=\"product:price:currency\" content=\"EUR\" \/>\n<meta property=\"og:availability\" content=\"backorder\" \/>\n<meta property=\"product:availability\" content=\"available for order\" \/>\n<meta property=\"product:retailer_item_id\" content=\"T70433\" \/>\n<meta property=\"product:condition\" content=\"new\" \/>\n<!-- \/ Yoast SEO Premium plugin. -->","yoast_head_json":{"title":"Ray 90\/91 Wireless 1st Station NavSystems - Mereelektroonika","description":"Avastage Raymarine Ray90 Wireless 1st Station, suurep\u00e4rane ekraan ja kvaliteetne heli muudavad kasutamise mugavaks. Ostke juhtmevaba k\u00f5netoru juba t\u00e4na!","robots":{"index":"index","follow":"follow","max-snippet":"max-snippet:-1","max-image-preview":"max-image-preview:large","max-video-preview":"max-video-preview:-1"},"canonical":"https:\/\/raymarine.ee\/en\/product\/ray-90-91-wireless-1st-station-including-wireless-handset-wireless-hub-and-active-speaker\/","og_locale":"en_GB","og_type":"article","og_title":"Ray 90\/91 Wireless 1st Station including Wireless Handset, Wireless Hub and Active Speaker","og_description":"Avastage Raymarine Ray90 Wireless 1st Station, suurep\u00e4rane ekraan ja kvaliteetne heli muudavad kasutamise mugavaks. Ostke juhtmevaba k\u00f5netoru juba t\u00e4na!","og_url":"https:\/\/raymarine.ee\/en\/product\/ray-90-91-wireless-1st-station-including-wireless-handset-wireless-hub-and-active-speaker\/","og_site_name":"NavSystems","article_publisher":"https:\/\/www.facebook.com\/NavSystems","article_modified_time":"2026-04-21T14:29:09+00:00","og_image":[{"width":2000,"height":2000,"url":"https:\/\/raymarine.ee\/wp-content\/uploads\/2025\/01\/2ed0f495-e311-4be5-a19b-940b9176d843.png","type":"image\/png"}],"twitter_card":"summary_large_image","twitter_misc":{"Price":"799,00&nbsp;&euro;","Availability":"On back order"},"schema":{"@context":"https:\/\/schema.org","@graph":[{"@type":"WebPage","@id":"https:\/\/raymarine.ee\/product\/ray-90-91-wireless-1st-station-including-wireless-handset-wireless-hub-and-active-speaker\/","url":"https:\/\/raymarine.ee\/product\/ray-90-91-wireless-1st-station-including-wireless-handset-wireless-hub-and-active-speaker\/","name":"Ray 90\/91 Wireless 1st Station NavSystems - Mereelektroonika","isPartOf":{"@id":"https:\/\/raymarine.ee\/#website"},"primaryImageOfPage":{"@id":"https:\/\/raymarine.ee\/product\/ray-90-91-wireless-1st-station-including-wireless-handset-wireless-hub-and-active-speaker\/#primaryimage"},"image":{"@id":"https:\/\/raymarine.ee\/product\/ray-90-91-wireless-1st-station-including-wireless-handset-wireless-hub-and-active-speaker\/#primaryimage"},"thumbnailUrl":"https:\/\/raymarine.ee\/wp-content\/uploads\/2025\/01\/2ed0f495-e311-4be5-a19b-940b9176d843.png","datePublished":"2025-01-02T17:38:57+00:00","dateModified":"2026-04-21T14:29:09+00:00","description":"Avastage Raymarine Ray90 Wireless 1st Station, suurep\u00e4rane ekraan ja kvaliteetne heli muudavad kasutamise mugavaks. Ostke juhtmevaba k\u00f5netoru juba t\u00e4na!","breadcrumb":{"@id":"https:\/\/raymarine.ee\/product\/ray-90-91-wireless-1st-station-including-wireless-handset-wireless-hub-and-active-speaker\/#breadcrumb"},"inLanguage":"en-GB","potentialAction":[{"@type":"ReadAction","target":["https:\/\/raymarine.ee\/product\/ray-90-91-wireless-1st-station-including-wireless-handset-wireless-hub-and-active-speaker\/"]}]},{"@type":"ImageObject","inLanguage":"en-GB","@id":"https:\/\/raymarine.ee\/product\/ray-90-91-wireless-1st-station-including-wireless-handset-wireless-hub-and-active-speaker\/#primaryimage","url":"https:\/\/raymarine.ee\/wp-content\/uploads\/2025\/01\/2ed0f495-e311-4be5-a19b-940b9176d843.png","contentUrl":"https:\/\/raymarine.ee\/wp-content\/uploads\/2025\/01\/2ed0f495-e311-4be5-a19b-940b9176d843.png","width":2000,"height":2000},{"@type":"BreadcrumbList","@id":"https:\/\/raymarine.ee\/product\/ray-90-91-wireless-1st-station-including-wireless-handset-wireless-hub-and-active-speaker\/#breadcrumb","itemListElement":[{"@type":"ListItem","position":1,"name":"Home","item":"https:\/\/raymarine.ee\/"},{"@type":"ListItem","position":2,"name":"Tooted","item":"https:\/\/raymarine.ee\/shop\/"},{"@type":"ListItem","position":3,"name":"Ray 90\/91 Wireless 1st Station including Wireless Handset, Wireless Hub and Active Speaker"}]},{"@type":"WebSite","@id":"https:\/\/raymarine.ee\/#website","url":"https:\/\/raymarine.ee\/","name":"www.raymarine.ee","description":"Mereelektroonika, kaardiplotter, autopiloot, pinnipiloot, roolipiloot, radar, AIS, VHF, Smart Wind","publisher":{"@id":"https:\/\/raymarine.ee\/#organization"},"alternateName":"Raymarine","potentialAction":[{"@type":"SearchAction","target":{"@type":"EntryPoint","urlTemplate":"https:\/\/raymarine.ee\/?s={search_term_string}"},"query-input":{"@type":"PropertyValueSpecification","valueRequired":true,"valueName":"search_term_string"}}],"inLanguage":"en-GB"},{"@type":"Organization","@id":"https:\/\/raymarine.ee\/#organization","name":"NavSystems O\u00dc","url":"https:\/\/raymarine.ee\/","logo":{"@type":"ImageObject","inLanguage":"en-GB","@id":"https:\/\/raymarine.ee\/#\/schema\/logo\/image\/","url":"https:\/\/raymarine.ee\/wp-content\/uploads\/2024\/10\/Screenshot-2024-10-15-151324_bg_removed.webp","contentUrl":"https:\/\/raymarine.ee\/wp-content\/uploads\/2024\/10\/Screenshot-2024-10-15-151324_bg_removed.webp","width":420,"height":276,"caption":"NavSystems O\u00dc"},"image":{"@id":"https:\/\/raymarine.ee\/#\/schema\/logo\/image\/"},"sameAs":["https:\/\/www.facebook.com\/NavSystems"],"legalName":"NavSystems O\u00dc","foundingDate":"2011-05-03","numberOfEmployees":{"@type":"QuantitativeValue","minValue":"1","maxValue":"10"}}]},"product_price_amount":"799.00","product_price_currency":"EUR","og_availability":"backorder","product_availability":"available for order","product_retailer_item_id":"T70433","product_condition":"new"},"jetpack_sharing_enabled":true,"_links":{"self":[{"href":"https:\/\/raymarine.ee\/en\/wp-json\/wp\/v2\/product\/6472","targetHints":{"allow":["GET"]}}],"collection":[{"href":"https:\/\/raymarine.ee\/en\/wp-json\/wp\/v2\/product"}],"about":[{"href":"https:\/\/raymarine.ee\/en\/wp-json\/wp\/v2\/types\/product"}],"wp:featuredmedia":[{"embeddable":true,"href":"https:\/\/raymarine.ee\/en\/wp-json\/wp\/v2\/media\/9304"}],"wp:attachment":[{"href":"https:\/\/raymarine.ee\/en\/wp-json\/wp\/v2\/media?parent=6472"}],"wp:term":[{"taxonomy":"product_brand","embeddable":true,"href":"https:\/\/raymarine.ee\/en\/wp-json\/wp\/v2\/product_brand?post=6472"},{"taxonomy":"product_cat","embeddable":true,"href":"https:\/\/raymarine.ee\/en\/wp-json\/wp\/v2\/product_cat?post=6472"},{"taxonomy":"product_tag","embeddable":true,"href":"https:\/\/raymarine.ee\/en\/wp-json\/wp\/v2\/product_tag?post=6472"}],"curies":[{"name":"wp","href":"https:\/\/api.w.org\/{rel}","templated":true}]}}