{"id":6475,"date":"2025-01-02T17:33:08","date_gmt":"2025-01-02T17:33:08","guid":{"rendered":"https:\/\/raymarine.ee\/?post_type=product&#038;p=6475"},"modified":"2026-04-10T21:38:56","modified_gmt":"2026-04-10T18:38:56","slug":"glomex-vhf-antenn-ra106grpsb25","status":"publish","type":"product","link":"https:\/\/raymarine.ee\/en\/product\/glomex-vhf-antenn-ra106grpsb25\/","title":{"rendered":"Glomex RA106GRPSB25 VHF antenn 0,9m, 3dB, 25m kaabliga"},"content":{"rendered":"<p>Glomex RA106GRPSB on 0,9m pikkune klaasplastikust VHF antenn purjepaatidele. Sagedusala on 156-162 MHz ja v\u00f5imendustegur 3dB. Komplektis on antenni kinnitus masti k\u00fcljele, 25m antennikaablit ja pistik VHF raadioga \u00fchendamiseks. Antennipoolne ots \u00fchendatakse ilma pistikuta, vajalikud liitmikud on antenniga kaasas.<\/p>\n<table width=\"250\" cellspacing=\"0\" cellpadding=\"2\" align=\"center\">\n<tbody>\n<tr>\n<td style=\"text-align: left;\" colspan=\"2\"><strong><span style=\"font-size: small;\">TECHNICAL SPECIFICATIONS<\/span><\/strong><\/td>\n<\/tr>\n<tr>\n<td bgcolor=\"#e0e0e0\"><strong>FREQUENCY RANGE<\/strong><\/td>\n<td bgcolor=\"#e0e0e0\" width=\"150\">156\/162 MHz<\/td>\n<\/tr>\n<tr>\n<td width=\"120\"><strong>GAIN AVERAGE<\/strong><\/td>\n<td width=\"120\">3\u00a0dB<\/td>\n<\/tr>\n<tr>\n<td bgcolor=\"#e0e0e0\"><strong>IMPEDANCE<\/strong><\/td>\n<td bgcolor=\"#e0e0e0\">50\u00a0ohms<\/td>\n<\/tr>\n<tr>\n<td><strong>POLARIZATION<\/strong><\/td>\n<td>Vertical<\/td>\n<\/tr>\n<tr>\n<td bgcolor=\"#e0e0e0\"><strong>SWR<\/strong><\/td>\n<td bgcolor=\"#e0e0e0\">\u2264 1,3 at 156,8 MHz<\/td>\n<\/tr>\n<tr>\n<td><strong>MAX INPUT POWER<\/strong><\/td>\n<td>100\u00a0W<\/td>\n<\/tr>\n<tr>\n<td bgcolor=\"#e0e0e0\"><strong>DC GROUND<\/strong><\/td>\n<td bgcolor=\"#e0e0e0\">Yes<\/td>\n<\/tr>\n<tr>\n<td><strong>ANTENNA LENGHT<\/strong><\/td>\n<td>900mm\/35&#8221;<\/td>\n<\/tr>\n<tr>\n<td bgcolor=\"#e0e0e0\"><strong>ANTENNA WEIGHT<\/strong><\/td>\n<td bgcolor=\"#e0e0e0\">180g\/6,35oz<\/td>\n<\/tr>\n<tr>\n<td><strong>TERMINATION<\/strong><\/td>\n<td>RA106 solderless connector<\/td>\n<\/tr>\n<\/tbody>\n<\/table>","protected":false},"excerpt":{"rendered":"<p>Glomex RA106GRPSB on 0,9m pikkune klaasplastikust VHF antenn purjepaatidele. Sagedusala on 156\/162 MHz ja v\u00f5imendustegur 3dB. Komplektis on antenni kinnitus masti k\u00fcljele, 25m antennikaablit ja pistik VHF raadioga \u00fchendamiseks. Antennipoolne ots \u00fchendatakse ilma pistikuta, vajalikud liitmikud on antenniga kaasas.<\/p>","protected":false},"featured_media":6536,"template":"","meta":{"_acf_changed":false},"product_brand":[136],"product_cat":[131,76],"product_tag":[],"class_list":{"0":"post-6475","1":"product","2":"type-product","3":"status-publish","4":"has-post-thumbnail","6":"product_brand-glomex","7":"product_cat-glomex","8":"product_cat-mereantennid","10":"first","11":"instock","12":"sale","13":"featured","14":"taxable","15":"shipping-taxable","16":"purchasable","17":"product-type-simple"},"acf":[],"yoast_head":"<!-- This site is optimized with the Yoast SEO Premium plugin v27.5 (Yoast SEO v27.5) - https:\/\/yoast.com\/product\/yoast-seo-premium-wordpress\/ -->\n<title>Glomex RA106GRPSB25 VHF antenn purjepaadile - 25m kaabliga - NavSystems<\/title>\n<meta name=\"description\" content=\"Usaldusv\u00e4\u00e4rne Glomex RA106GRPSB25 VHF antenn purjepaadile tagab kvaliteetse kommunikatoni. Valige oma jahtidele parim VHF antenn!\" \/>\n<meta name=\"robots\" content=\"index, follow, max-snippet:-1, max-image-preview:large, max-video-preview:-1\" \/>\n<link rel=\"canonical\" href=\"https:\/\/raymarine.ee\/en\/product\/glomex-vhf-antenn-ra106grpsb25\/\" \/>\n<meta property=\"og:locale\" content=\"en_GB\" \/>\n<meta property=\"og:type\" content=\"article\" \/>\n<meta property=\"og:title\" content=\"Glomex RA106GRPSB25 VHF antenn 0,9m, 3dB, 25m kaabliga\" \/>\n<meta property=\"og:description\" content=\"Usaldusv\u00e4\u00e4rne Glomex RA106GRPSB25 VHF antenn purjepaadile tagab kvaliteetse kommunikatoni. Valige oma jahtidele parim VHF antenn!\" \/>\n<meta property=\"og:url\" content=\"https:\/\/raymarine.ee\/en\/product\/glomex-vhf-antenn-ra106grpsb25\/\" \/>\n<meta property=\"og:site_name\" content=\"NavSystems\" \/>\n<meta property=\"article:publisher\" content=\"https:\/\/www.facebook.com\/NavSystems\" \/>\n<meta property=\"article:modified_time\" content=\"2026-04-10T18:38:56+00:00\" \/>\n<meta property=\"og:image\" content=\"https:\/\/raymarine.ee\/wp-content\/uploads\/2025\/01\/ra106grpsb18.webp\" \/>\n\t<meta property=\"og:image:width\" content=\"400\" \/>\n\t<meta property=\"og:image:height\" content=\"268\" \/>\n\t<meta property=\"og:image:type\" content=\"image\/webp\" \/>\n<meta name=\"twitter:card\" content=\"summary_large_image\" \/>\n<meta name=\"twitter:label1\" content=\"Price\" \/>\n\t<meta name=\"twitter:data1\" content=\"155,00&nbsp;&euro;\" \/>\n\t<meta name=\"twitter:label2\" content=\"Availability\" \/>\n\t<meta name=\"twitter:data2\" content=\"In stock\" \/>\n<script type=\"application\/ld+json\" class=\"yoast-schema-graph\">{\"@context\":\"https:\\\/\\\/schema.org\",\"@graph\":[{\"@type\":\"WebPage\",\"@id\":\"https:\\\/\\\/raymarine.ee\\\/product\\\/glomex-vhf-antenn-ra106grpsb25\\\/\",\"url\":\"https:\\\/\\\/raymarine.ee\\\/product\\\/glomex-vhf-antenn-ra106grpsb25\\\/\",\"name\":\"Glomex RA106GRPSB25 VHF antenn purjepaadile - 25m kaabliga - NavSystems\",\"isPartOf\":{\"@id\":\"https:\\\/\\\/raymarine.ee\\\/#website\"},\"primaryImageOfPage\":{\"@id\":\"https:\\\/\\\/raymarine.ee\\\/product\\\/glomex-vhf-antenn-ra106grpsb25\\\/#primaryimage\"},\"image\":{\"@id\":\"https:\\\/\\\/raymarine.ee\\\/product\\\/glomex-vhf-antenn-ra106grpsb25\\\/#primaryimage\"},\"thumbnailUrl\":\"https:\\\/\\\/raymarine.ee\\\/wp-content\\\/uploads\\\/2025\\\/01\\\/ra106grpsb18.webp\",\"datePublished\":\"2025-01-02T17:33:08+00:00\",\"dateModified\":\"2026-04-10T18:38:56+00:00\",\"description\":\"Usaldusv\u00e4\u00e4rne Glomex RA106GRPSB25 VHF antenn purjepaadile tagab kvaliteetse kommunikatoni. Valige oma jahtidele parim VHF antenn!\",\"breadcrumb\":{\"@id\":\"https:\\\/\\\/raymarine.ee\\\/product\\\/glomex-vhf-antenn-ra106grpsb25\\\/#breadcrumb\"},\"inLanguage\":\"en-GB\",\"potentialAction\":[{\"@type\":\"ReadAction\",\"target\":[\"https:\\\/\\\/raymarine.ee\\\/product\\\/glomex-vhf-antenn-ra106grpsb25\\\/\"]}]},{\"@type\":\"ImageObject\",\"inLanguage\":\"en-GB\",\"@id\":\"https:\\\/\\\/raymarine.ee\\\/product\\\/glomex-vhf-antenn-ra106grpsb25\\\/#primaryimage\",\"url\":\"https:\\\/\\\/raymarine.ee\\\/wp-content\\\/uploads\\\/2025\\\/01\\\/ra106grpsb18.webp\",\"contentUrl\":\"https:\\\/\\\/raymarine.ee\\\/wp-content\\\/uploads\\\/2025\\\/01\\\/ra106grpsb18.webp\",\"width\":400,\"height\":268,\"caption\":\"ra106grpsb18\"},{\"@type\":\"BreadcrumbList\",\"@id\":\"https:\\\/\\\/raymarine.ee\\\/product\\\/glomex-vhf-antenn-ra106grpsb25\\\/#breadcrumb\",\"itemListElement\":[{\"@type\":\"ListItem\",\"position\":1,\"name\":\"Home\",\"item\":\"https:\\\/\\\/raymarine.ee\\\/\"},{\"@type\":\"ListItem\",\"position\":2,\"name\":\"Tooted\",\"item\":\"https:\\\/\\\/raymarine.ee\\\/shop\\\/\"},{\"@type\":\"ListItem\",\"position\":3,\"name\":\"Glomex RA106GRPSB25 VHF antenn 0,9m, 3dB, 25m kaabliga\"}]},{\"@type\":\"WebSite\",\"@id\":\"https:\\\/\\\/raymarine.ee\\\/#website\",\"url\":\"https:\\\/\\\/raymarine.ee\\\/\",\"name\":\"www.raymarine.ee\",\"description\":\"Mereelektroonika, kaardiplotter, autopiloot, pinnipiloot, roolipiloot, radar, AIS, VHF, Smart Wind\",\"publisher\":{\"@id\":\"https:\\\/\\\/raymarine.ee\\\/#organization\"},\"alternateName\":\"Raymarine\",\"potentialAction\":[{\"@type\":\"SearchAction\",\"target\":{\"@type\":\"EntryPoint\",\"urlTemplate\":\"https:\\\/\\\/raymarine.ee\\\/?s={search_term_string}\"},\"query-input\":{\"@type\":\"PropertyValueSpecification\",\"valueRequired\":true,\"valueName\":\"search_term_string\"}}],\"inLanguage\":\"en-GB\"},{\"@type\":\"Organization\",\"@id\":\"https:\\\/\\\/raymarine.ee\\\/#organization\",\"name\":\"NavSystems O\u00dc\",\"url\":\"https:\\\/\\\/raymarine.ee\\\/\",\"logo\":{\"@type\":\"ImageObject\",\"inLanguage\":\"en-GB\",\"@id\":\"https:\\\/\\\/raymarine.ee\\\/#\\\/schema\\\/logo\\\/image\\\/\",\"url\":\"https:\\\/\\\/raymarine.ee\\\/wp-content\\\/uploads\\\/2024\\\/10\\\/Screenshot-2024-10-15-151324_bg_removed.webp\",\"contentUrl\":\"https:\\\/\\\/raymarine.ee\\\/wp-content\\\/uploads\\\/2024\\\/10\\\/Screenshot-2024-10-15-151324_bg_removed.webp\",\"width\":420,\"height\":276,\"caption\":\"NavSystems O\u00dc\"},\"image\":{\"@id\":\"https:\\\/\\\/raymarine.ee\\\/#\\\/schema\\\/logo\\\/image\\\/\"},\"sameAs\":[\"https:\\\/\\\/www.facebook.com\\\/NavSystems\"],\"legalName\":\"NavSystems O\u00dc\",\"foundingDate\":\"2011-05-03\",\"numberOfEmployees\":{\"@type\":\"QuantitativeValue\",\"minValue\":\"1\",\"maxValue\":\"10\"}}]}<\/script>\n<meta property=\"product:price:amount\" content=\"155.00\" \/>\n<meta property=\"product:price:currency\" content=\"EUR\" \/>\n<meta property=\"og:availability\" content=\"instock\" \/>\n<meta property=\"product:availability\" content=\"instock\" \/>\n<meta property=\"product:retailer_item_id\" content=\"RA106GRPSB25\" \/>\n<meta property=\"product:condition\" content=\"new\" \/>\n<!-- \/ Yoast SEO Premium plugin. -->","yoast_head_json":{"title":"Glomex RA106GRPSB25 VHF antenn purjepaadile - 25m kaabliga - NavSystems","description":"Usaldusv\u00e4\u00e4rne Glomex RA106GRPSB25 VHF antenn purjepaadile tagab kvaliteetse kommunikatoni. Valige oma jahtidele parim VHF antenn!","robots":{"index":"index","follow":"follow","max-snippet":"max-snippet:-1","max-image-preview":"max-image-preview:large","max-video-preview":"max-video-preview:-1"},"canonical":"https:\/\/raymarine.ee\/en\/product\/glomex-vhf-antenn-ra106grpsb25\/","og_locale":"en_GB","og_type":"article","og_title":"Glomex RA106GRPSB25 VHF antenn 0,9m, 3dB, 25m kaabliga","og_description":"Usaldusv\u00e4\u00e4rne Glomex RA106GRPSB25 VHF antenn purjepaadile tagab kvaliteetse kommunikatoni. Valige oma jahtidele parim VHF antenn!","og_url":"https:\/\/raymarine.ee\/en\/product\/glomex-vhf-antenn-ra106grpsb25\/","og_site_name":"NavSystems","article_publisher":"https:\/\/www.facebook.com\/NavSystems","article_modified_time":"2026-04-10T18:38:56+00:00","og_image":[{"width":400,"height":268,"url":"https:\/\/raymarine.ee\/wp-content\/uploads\/2025\/01\/ra106grpsb18.webp","type":"image\/webp"}],"twitter_card":"summary_large_image","twitter_misc":{"Price":"155,00&nbsp;&euro;","Availability":"In stock"},"schema":{"@context":"https:\/\/schema.org","@graph":[{"@type":"WebPage","@id":"https:\/\/raymarine.ee\/product\/glomex-vhf-antenn-ra106grpsb25\/","url":"https:\/\/raymarine.ee\/product\/glomex-vhf-antenn-ra106grpsb25\/","name":"Glomex RA106GRPSB25 VHF antenn purjepaadile - 25m kaabliga - NavSystems","isPartOf":{"@id":"https:\/\/raymarine.ee\/#website"},"primaryImageOfPage":{"@id":"https:\/\/raymarine.ee\/product\/glomex-vhf-antenn-ra106grpsb25\/#primaryimage"},"image":{"@id":"https:\/\/raymarine.ee\/product\/glomex-vhf-antenn-ra106grpsb25\/#primaryimage"},"thumbnailUrl":"https:\/\/raymarine.ee\/wp-content\/uploads\/2025\/01\/ra106grpsb18.webp","datePublished":"2025-01-02T17:33:08+00:00","dateModified":"2026-04-10T18:38:56+00:00","description":"Usaldusv\u00e4\u00e4rne Glomex RA106GRPSB25 VHF antenn purjepaadile tagab kvaliteetse kommunikatoni. Valige oma jahtidele parim VHF antenn!","breadcrumb":{"@id":"https:\/\/raymarine.ee\/product\/glomex-vhf-antenn-ra106grpsb25\/#breadcrumb"},"inLanguage":"en-GB","potentialAction":[{"@type":"ReadAction","target":["https:\/\/raymarine.ee\/product\/glomex-vhf-antenn-ra106grpsb25\/"]}]},{"@type":"ImageObject","inLanguage":"en-GB","@id":"https:\/\/raymarine.ee\/product\/glomex-vhf-antenn-ra106grpsb25\/#primaryimage","url":"https:\/\/raymarine.ee\/wp-content\/uploads\/2025\/01\/ra106grpsb18.webp","contentUrl":"https:\/\/raymarine.ee\/wp-content\/uploads\/2025\/01\/ra106grpsb18.webp","width":400,"height":268,"caption":"ra106grpsb18"},{"@type":"BreadcrumbList","@id":"https:\/\/raymarine.ee\/product\/glomex-vhf-antenn-ra106grpsb25\/#breadcrumb","itemListElement":[{"@type":"ListItem","position":1,"name":"Home","item":"https:\/\/raymarine.ee\/"},{"@type":"ListItem","position":2,"name":"Tooted","item":"https:\/\/raymarine.ee\/shop\/"},{"@type":"ListItem","position":3,"name":"Glomex RA106GRPSB25 VHF antenn 0,9m, 3dB, 25m kaabliga"}]},{"@type":"WebSite","@id":"https:\/\/raymarine.ee\/#website","url":"https:\/\/raymarine.ee\/","name":"www.raymarine.ee","description":"Mereelektroonika, kaardiplotter, autopiloot, pinnipiloot, roolipiloot, radar, AIS, VHF, Smart Wind","publisher":{"@id":"https:\/\/raymarine.ee\/#organization"},"alternateName":"Raymarine","potentialAction":[{"@type":"SearchAction","target":{"@type":"EntryPoint","urlTemplate":"https:\/\/raymarine.ee\/?s={search_term_string}"},"query-input":{"@type":"PropertyValueSpecification","valueRequired":true,"valueName":"search_term_string"}}],"inLanguage":"en-GB"},{"@type":"Organization","@id":"https:\/\/raymarine.ee\/#organization","name":"NavSystems O\u00dc","url":"https:\/\/raymarine.ee\/","logo":{"@type":"ImageObject","inLanguage":"en-GB","@id":"https:\/\/raymarine.ee\/#\/schema\/logo\/image\/","url":"https:\/\/raymarine.ee\/wp-content\/uploads\/2024\/10\/Screenshot-2024-10-15-151324_bg_removed.webp","contentUrl":"https:\/\/raymarine.ee\/wp-content\/uploads\/2024\/10\/Screenshot-2024-10-15-151324_bg_removed.webp","width":420,"height":276,"caption":"NavSystems O\u00dc"},"image":{"@id":"https:\/\/raymarine.ee\/#\/schema\/logo\/image\/"},"sameAs":["https:\/\/www.facebook.com\/NavSystems"],"legalName":"NavSystems O\u00dc","foundingDate":"2011-05-03","numberOfEmployees":{"@type":"QuantitativeValue","minValue":"1","maxValue":"10"}}]},"product_price_amount":"155.00","product_price_currency":"EUR","og_availability":"instock","product_availability":"instock","product_retailer_item_id":"RA106GRPSB25","product_condition":"new"},"jetpack_sharing_enabled":true,"_links":{"self":[{"href":"https:\/\/raymarine.ee\/en\/wp-json\/wp\/v2\/product\/6475","targetHints":{"allow":["GET"]}}],"collection":[{"href":"https:\/\/raymarine.ee\/en\/wp-json\/wp\/v2\/product"}],"about":[{"href":"https:\/\/raymarine.ee\/en\/wp-json\/wp\/v2\/types\/product"}],"wp:featuredmedia":[{"embeddable":true,"href":"https:\/\/raymarine.ee\/en\/wp-json\/wp\/v2\/media\/6536"}],"wp:attachment":[{"href":"https:\/\/raymarine.ee\/en\/wp-json\/wp\/v2\/media?parent=6475"}],"wp:term":[{"taxonomy":"product_brand","embeddable":true,"href":"https:\/\/raymarine.ee\/en\/wp-json\/wp\/v2\/product_brand?post=6475"},{"taxonomy":"product_cat","embeddable":true,"href":"https:\/\/raymarine.ee\/en\/wp-json\/wp\/v2\/product_cat?post=6475"},{"taxonomy":"product_tag","embeddable":true,"href":"https:\/\/raymarine.ee\/en\/wp-json\/wp\/v2\/product_tag?post=6475"}],"curies":[{"name":"wp","href":"https:\/\/api.w.org\/{rel}","templated":true}]}}