{"id":6484,"date":"2025-01-02T17:17:30","date_gmt":"2025-01-02T17:17:30","guid":{"rendered":"https:\/\/raymarine.ee\/?post_type=product&#038;p=6484"},"modified":"2026-04-28T08:49:59","modified_gmt":"2026-04-28T05:49:59","slug":"quantum-q24d-doppler-18-radar-with-10m-power-cable-and-10m-data-cable","status":"publish","type":"product","link":"https:\/\/raymarine.ee\/en\/product\/quantum-q24d-doppler-18-radar-with-10m-power-cable-and-10m-data-cable\/","title":{"rendered":"Quantum Q24D Doppler 18&#8243; Radar with 10m Power Cable and 10m Data Cable"},"content":{"rendered":"<h5>Raymarine &#8211; QUANTUM 2 Doppler<\/h5>\n<p>Raymarine&#8217;s QUANTUM 2 CHIRP pulse compression radar with doppler target identification\u00a0technology provides\u00a0you with extra safety on both long and short distances.<br \/>\nDue to the special processing of Doppler radar data, it is possible to display moving targets in color on the display.<\/p>\n<p>Easily Identify\u00a0Dangerous Targets<\/p>\n<div>Raymarine Quantum 2 Doppler target processing readily identifies and color codes moving radar contacts for instant recognition and reduced risk of collision.<\/div>\n<p>Superior Collision Avoidance<\/p>\n<div>Quantum 2 MARPA mode provides an effective means of dangerous target tracking. Raymarine MARPA target tracking is the same technology trusted by the United States Coast Guard.<\/div>\n<p>Key Features:<\/p>\n<ul>\n<li>Doppler moving target display allows for superior situational awareness at-a-glance<\/li>\n<li>Fully automatic ARPA target tracking, along with manual MARPA mode<\/li>\n<li>Adjustable TrueTrails target history shows the motion history of moving contacts<\/li>\n<li>CHIRP Pulse Compression detects contacts as close as 18-feet for zero-visibility navigation<\/li>\n<li>24-mile range for early detection of traffic, navigation aids, landfall and weather<\/li>\n<li>Immediate awareness \u2013 Quantum starts up and is ready to go in seconds<\/li>\n<li>Superior interference rejection eliminates noise from other radars<\/li>\n<li>Simplified installation with Wi-Fi or thin wire network connectivity<\/li>\n<li>Easy upgrade \u2013 Quantum 2 fits the same bolt pattern as other Raymarine scanners<\/li>\n<li>Lightweight and easy to install \u2013 Quantum weighs up to 50% less than comparable magnetron radars<\/li>\n<li>Safe emissions \u2013 mount Quantum anywhere onboard<\/li>\n<li>Low power consumption for extended battery life under sail<\/li>\n<\/ul>\n<h5>How Doppler Works?<\/h5>\n<div>Microwave energy waves are bounced off of a distant target, just like conventional radar.<br \/>\nMoving targets send back echoes whose frequencies shift upward or downward from what was originally transmitted.<br \/>\nFor inbound targets, the frequency increases as the leading edge of the returning echoes are received more frequently as the target\u2019s range decreases.<\/div>\n<div>For outbound targets, the frequency drops as the returning echoes spread out as its range increases.<\/div>\n<div>Doppler radars are engineered to detect these small shifts in wave frequency, and use them to classify moving radar targets.Doppler radar is tuned specifically to detect the radar echo frequency shift returned by moving vs. stationary targets.<\/div>\n<div>Quantum 2 then uniquely color codes moving targets to indicate whether they are getting closer, or moving away.Inbound targets are colored\u00a0red.<br \/>\nOutbound targets\u00a0are colored\u00a0green.Color coded targets make it simple to pick out moving traffic from other stationary targets like land, navigation aids or stopped\/anchored vessels.<\/div>\n<p><center><\/center>Fully Automatic Target Acquisition and Tracking<\/p>\n<div>\n<div class=\"col-sm-9 col-xs-18\">The Quantum 2 also features fully automatic target acquisition and tracking. Configure custom safety or alarm zones and be alerted to new radar contacts entering the zone. Quantum 2 can begin tracking those contacts automatically, calculating their course, speed, closest point of approach and more. You\u2019ll be alerted to dangerous contacts with audible alerts and easy to understand on-screen graphics.<\/div>\n<div class=\"col-sm-9 col-xs-18\"><img decoding=\"async\" class=\"img-responsive\" src=\"https:\/\/www.svb.de\/media\/content\/offer\/81654-Raymarine-Quantum2-AxiomPro-RadarTargets.png\" alt=\"Raymarine Axiom Pro with Quantum\" \/><\/div>\n<\/div>\n<div>Quantum 2 also features Raymarine\u2019s new True Trails target history display. The True Trails features enables you to see a historical \u201cwake\u201d behind every moving contact. This additional information makes it even easier to interpret the motion of other vessels, and make smart maneuvering decisions to pass safely.<\/div>\n<div><\/div>\n<div><\/div>\n<div>\n<div class=\"col-sm-9 col-xs-18\"><img decoding=\"async\" class=\"img-responsive\" src=\"https:\/\/www.svb.de\/media\/content\/offer\/Raymarine_Quantum2_Doppler_Screenshot.jpg\" alt=\"Raymarine Axiom Pro with Quantum\" \/><\/div>\n<div><\/div>\n<div class=\"col-sm-9 col-xs-18\"><img decoding=\"async\" class=\"img-responsive\" src=\"https:\/\/www.svb.de\/media\/content\/offer\/Raymarine_Quantum2_Doppler_Screenshot2.jpg\" alt=\"Raymarine Axiom Pro with Quantum\" \/><\/div>\n<div><\/div>\n<\/div>\n<div>Like every Raymarine Quantum system, you\u2019ll also benefit from a rugged and lightweight design that is super-easy to install. Quantum 2 has very low power consumption making it especially friendly to vessels running exclusively on battery power. Quantum 2 with Doppler can be installed in a traditional wired configuration, or use its built-in Wi-Fi technology to connect it to your Raymarine MFD.<\/div>\n<div><\/div>\n<div class=\"tableWrapper\">\n<table class=\"ordinary\">\n<tbody>\n<tr>\n<td colspan=\"2\">General Specifications<\/td>\n<\/tr>\n<tr>\n<td>Dimensions: diameter x height<\/td>\n<td>541.0 mm x 209.5 mm<\/td>\n<\/tr>\n<tr>\n<td>Weight:<\/td>\n<td>5.6 kg<\/td>\n<\/tr>\n<tr>\n<td>Supply voltage:<\/td>\n<td>Either 12 V or 24 V DC nominal<br \/>\nMinimum: 10.8 V DC | Maximum: 31.2 V DC<\/td>\n<\/tr>\n<tr>\n<td>Power consumption:<\/td>\n<td>Transmit mode (maximum): 17 W | Standby mode: 7 W | Sleep mode (applies only to radars connected via Wi-Fi): 2W<\/td>\n<\/tr>\n<tr>\n<td>Waterproofing:<\/td>\n<td>IPX6<\/td>\n<\/tr>\n<tr>\n<td>Operating temperature range:<\/td>\n<td>-10\u00b0 C to +55\u00b0C<\/td>\n<\/tr>\n<tr>\n<td>Storage temperature range:<\/td>\n<td>-25\u00b0C to +70\u00b0C<\/td>\n<\/tr>\n<tr>\n<td>Additional storage conditions:<\/td>\n<td>Store upright; do not block vents on underside<\/td>\n<\/tr>\n<tr>\n<td>Humidity:<\/td>\n<td>Up to 95% at 35\u00b0C<\/td>\n<\/tr>\n<tr>\n<td>Maximum wind speed:<\/td>\n<td>100 kts<\/td>\n<\/tr>\n<tr>\n<td colspan=\"2\">Transmitter<\/td>\n<\/tr>\n<tr>\n<td>Type:<\/td>\n<td>X-band solid-state transmitter with pulse compression technology<\/td>\n<\/tr>\n<tr>\n<td>Transmit frequency:<\/td>\n<td>9354 MHz to 9446 MHz<\/td>\n<\/tr>\n<tr>\n<td>Peak power output:<\/td>\n<td>20 W<\/td>\n<\/tr>\n<tr>\n<td>Duplexer:<\/td>\n<td>Circulator<\/td>\n<\/tr>\n<tr>\n<td>Pulse widths (3 dB):<\/td>\n<td>4 ns to 14.7<\/td>\n<\/tr>\n<tr>\n<td>Chirp bandwidth:<\/td>\n<td>Chirp lengths: 40 ns to<\/td>\n<\/tr>\n<tr>\n<td>pulse repetition frequency:<\/td>\n<td>2083 Hz<\/td>\n<\/tr>\n<tr>\n<td>Chirp bandwidth:<\/td>\n<td>Up to 32 MHz<\/td>\n<\/tr>\n<tr>\n<td>Standby mode<\/td>\n<td>Scanner rotation &#8211; OFF | Scanner transmission &#8211; OFF | Wi-Fi link &#8211; ON<\/td>\n<\/tr>\n<tr>\n<td colspan=\"2\">Antenna<\/td>\n<\/tr>\n<tr>\n<td>Type:<\/td>\n<td>Patch array<\/td>\n<\/tr>\n<tr>\n<td>Beamwidth (nominal):<\/td>\n<td>Horizontal: 4.9 \u00b0 | Vertical: 20 \u00b0<\/td>\n<\/tr>\n<tr>\n<td>Polarization<\/td>\n<td>Horizontal<\/td>\n<\/tr>\n<tr>\n<td>Rotation speed<\/td>\n<td>24 rpm nominal<\/td>\n<\/tr>\n<tr>\n<td colspan=\"2\">Doppler<\/td>\n<\/tr>\n<tr>\n<td>Traget Tracking<\/td>\n<td>Tracking of 10 simultaneous MARPA and \/ or ARPA targets (with Doppler-assisted ARPA)<\/td>\n<\/tr>\n<tr>\n<td>Target Filtering:<\/td>\n<td>True Motion mode identifies only those objects that are moving relative to the vessel<\/td>\n<\/tr>\n<\/tbody>\n<\/table>\n<p data-start=\"2608\" data-end=\"2907\"><strong>Juhendid<\/strong><\/p>\n<p data-start=\"2608\" data-end=\"2907\">Lae alla\u00a0<a href=\"https:\/\/raymarine.ee\/wp-content\/uploads\/2026\/04\/Quantum-2-Doppler-Radome-Installation-Instructions-87342-Rev-6-EN-1.pdf\" target=\"_blank\" rel=\"noopener\" data-wpel-link=\"internal\">Quantum Doppler radari<\/a>\u00a0paigaldusjuhend<\/p>\n<p data-start=\"2608\" data-end=\"2907\">Vaata milline peab olema\u00a0<a href=\"https:\/\/raymarine.ee\/wp-content\/uploads\/2026\/04\/Quantum-Quantum-2-MFD-Software-Requirements-84282-Rev-2-EN.pdf\" target=\"_blank\" rel=\"noopener\" data-wpel-link=\"internal\">Quantum radari<\/a>\u00a0puhul plotteri minimaalne tarkvaraversioon<\/p>\n<\/div>","protected":false},"excerpt":{"rendered":"<p>Introducing Raymarine Quantum 2 Radar with Doppler collision avoidance technology. The Quantum 2 next generation CHIRP pulse compression radar by Raymarine provides superior target awareness at both long and extremely short ranges. Using advanced Doppler processing, the system instantly highlights moving radar contacts and color codes them to indicate whether they are inbound or outbound. Quantum with Doppler makes it easy to discern potentially dangerous targets when navigating in high-traffic areas. Easily Identify Dangerous Targets Raymarine Quantum 2 Doppler target processing readily identifies and color codes moving radar contacts for instant recognition and reduced risk of collision. Superior Collision Avoidance Quantum 2 MARPA mode provides an effective means of dangerous target tracking. Raymarine MARPA target tracking is the same technology trusted by the United States Coast Guard. Tutvu kindlasti ka selle toote\u00a0juhenditega\u00a0ja k\u00fcsimuste korral pea n\u00f5u meie spetsialistiga.<\/p>","protected":false},"featured_media":7790,"template":"","meta":{"_acf_changed":false},"product_brand":[134],"product_cat":[343,80,55,103],"product_tag":[],"class_list":{"0":"post-6484","1":"product","2":"type-product","3":"status-publish","4":"has-post-thumbnail","6":"product_brand-raymarine","7":"product_cat-kampaaniad","8":"product_cat-kinnised_radariantennid","9":"product_cat-radarid","10":"product_cat-raymarine","12":"first","13":"onbackorder","14":"sale","15":"taxable","16":"shipping-taxable","17":"purchasable","18":"product-type-simple"},"acf":[],"yoast_head":"<!-- This site is optimized with the Yoast SEO Premium plugin v27.5 (Yoast SEO v27.5) - https:\/\/yoast.com\/product\/yoast-seo-premium-wordpress\/ -->\n<title>- NavSystems Raymarine Quantum2 Doppler radar<\/title>\n<meta name=\"description\" content=\"Raymarine Quantum Q24D Doppler 18&#039;&#039; radar pakub erakordset n\u00e4htavust ja liikuvate sihtm\u00e4rkide v\u00e4rvikoodimist. Ole merel turvalisem! \ud83c\udf0a NavSystems\" \/>\n<meta name=\"robots\" content=\"index, follow, max-snippet:-1, max-image-preview:large, max-video-preview:-1\" \/>\n<link rel=\"canonical\" href=\"https:\/\/raymarine.ee\/en\/product\/quantum-q24d-doppler-18-radar-with-10m-power-cable-and-10m-data-cable\/\" \/>\n<meta property=\"og:locale\" content=\"en_GB\" \/>\n<meta property=\"og:type\" content=\"article\" \/>\n<meta property=\"og:title\" content=\"Quantum Q24D Doppler 18&quot; Radar for Safety At Sea\" \/>\n<meta property=\"og:description\" content=\"Raymarine Quantum Q24D Doppler 18&quot; radariga saad kindel olla oma mereohutuses. Kliendi eelised h\u00f5lmavad v\u00e4rvikooditud sihtm\u00e4rkide tuvastamist!\" \/>\n<meta property=\"og:url\" content=\"https:\/\/raymarine.ee\/en\/product\/quantum-q24d-doppler-18-radar-with-10m-power-cable-and-10m-data-cable\/\" \/>\n<meta property=\"og:site_name\" content=\"NavSystems\" \/>\n<meta property=\"article:publisher\" content=\"https:\/\/www.facebook.com\/NavSystems\" \/>\n<meta property=\"article:modified_time\" content=\"2026-04-28T05:49:59+00:00\" \/>\n<meta property=\"og:image\" content=\"https:\/\/raymarine.ee\/wp-content\/uploads\/2024\/10\/ccfa00b0-42ac-4f41-984f-4dd3cb3aa28e.webp\" \/>\n\t<meta property=\"og:image:width\" content=\"1024\" \/>\n\t<meta property=\"og:image:height\" content=\"1024\" \/>\n\t<meta property=\"og:image:type\" content=\"image\/webp\" \/>\n<meta name=\"twitter:card\" content=\"summary_large_image\" \/>\n<meta name=\"twitter:title\" content=\"Quantum Q24D Doppler 18&quot; Radar with 10m Power Cable and 10m Data Cable\" \/>\n<meta name=\"twitter:label1\" content=\"Price\" \/>\n\t<meta name=\"twitter:data1\" content=\"2 285,00&nbsp;&euro;\" \/>\n\t<meta name=\"twitter:label2\" content=\"Availability\" \/>\n\t<meta name=\"twitter:data2\" content=\"On back order\" \/>\n<script type=\"application\/ld+json\" class=\"yoast-schema-graph\">{\"@context\":\"https:\\\/\\\/schema.org\",\"@graph\":[{\"@type\":\"WebPage\",\"@id\":\"https:\\\/\\\/raymarine.ee\\\/product\\\/quantum-q24d-doppler-18-radar-with-10m-power-cable-and-10m-data-cable\\\/\",\"url\":\"https:\\\/\\\/raymarine.ee\\\/product\\\/quantum-q24d-doppler-18-radar-with-10m-power-cable-and-10m-data-cable\\\/\",\"name\":\"- NavSystems Raymarine Quantum2 Doppler radar\",\"isPartOf\":{\"@id\":\"https:\\\/\\\/raymarine.ee\\\/#website\"},\"primaryImageOfPage\":{\"@id\":\"https:\\\/\\\/raymarine.ee\\\/product\\\/quantum-q24d-doppler-18-radar-with-10m-power-cable-and-10m-data-cable\\\/#primaryimage\"},\"image\":{\"@id\":\"https:\\\/\\\/raymarine.ee\\\/product\\\/quantum-q24d-doppler-18-radar-with-10m-power-cable-and-10m-data-cable\\\/#primaryimage\"},\"thumbnailUrl\":\"https:\\\/\\\/raymarine.ee\\\/wp-content\\\/uploads\\\/2024\\\/10\\\/ccfa00b0-42ac-4f41-984f-4dd3cb3aa28e.webp\",\"datePublished\":\"2025-01-02T17:17:30+00:00\",\"dateModified\":\"2026-04-28T05:49:59+00:00\",\"description\":\"Raymarine Quantum Q24D Doppler 18'' radar pakub erakordset n\u00e4htavust ja liikuvate sihtm\u00e4rkide v\u00e4rvikoodimist. Ole merel turvalisem! \ud83c\udf0a NavSystems\",\"breadcrumb\":{\"@id\":\"https:\\\/\\\/raymarine.ee\\\/product\\\/quantum-q24d-doppler-18-radar-with-10m-power-cable-and-10m-data-cable\\\/#breadcrumb\"},\"inLanguage\":\"en-GB\",\"potentialAction\":[{\"@type\":\"ReadAction\",\"target\":[\"https:\\\/\\\/raymarine.ee\\\/product\\\/quantum-q24d-doppler-18-radar-with-10m-power-cable-and-10m-data-cable\\\/\"]}]},{\"@type\":\"ImageObject\",\"inLanguage\":\"en-GB\",\"@id\":\"https:\\\/\\\/raymarine.ee\\\/product\\\/quantum-q24d-doppler-18-radar-with-10m-power-cable-and-10m-data-cable\\\/#primaryimage\",\"url\":\"https:\\\/\\\/raymarine.ee\\\/wp-content\\\/uploads\\\/2024\\\/10\\\/ccfa00b0-42ac-4f41-984f-4dd3cb3aa28e.webp\",\"contentUrl\":\"https:\\\/\\\/raymarine.ee\\\/wp-content\\\/uploads\\\/2024\\\/10\\\/ccfa00b0-42ac-4f41-984f-4dd3cb3aa28e.webp\",\"width\":1024,\"height\":1024},{\"@type\":\"BreadcrumbList\",\"@id\":\"https:\\\/\\\/raymarine.ee\\\/product\\\/quantum-q24d-doppler-18-radar-with-10m-power-cable-and-10m-data-cable\\\/#breadcrumb\",\"itemListElement\":[{\"@type\":\"ListItem\",\"position\":1,\"name\":\"Home\",\"item\":\"https:\\\/\\\/raymarine.ee\\\/\"},{\"@type\":\"ListItem\",\"position\":2,\"name\":\"Tooted\",\"item\":\"https:\\\/\\\/raymarine.ee\\\/shop\\\/\"},{\"@type\":\"ListItem\",\"position\":3,\"name\":\"Quantum Q24D Doppler 18&#8243; Radar with 10m Power Cable and 10m Data Cable\"}]},{\"@type\":\"WebSite\",\"@id\":\"https:\\\/\\\/raymarine.ee\\\/#website\",\"url\":\"https:\\\/\\\/raymarine.ee\\\/\",\"name\":\"www.raymarine.ee\",\"description\":\"Mereelektroonika, kaardiplotter, autopiloot, pinnipiloot, roolipiloot, radar, AIS, VHF, Smart Wind\",\"publisher\":{\"@id\":\"https:\\\/\\\/raymarine.ee\\\/#organization\"},\"alternateName\":\"Raymarine\",\"potentialAction\":[{\"@type\":\"SearchAction\",\"target\":{\"@type\":\"EntryPoint\",\"urlTemplate\":\"https:\\\/\\\/raymarine.ee\\\/?s={search_term_string}\"},\"query-input\":{\"@type\":\"PropertyValueSpecification\",\"valueRequired\":true,\"valueName\":\"search_term_string\"}}],\"inLanguage\":\"en-GB\"},{\"@type\":\"Organization\",\"@id\":\"https:\\\/\\\/raymarine.ee\\\/#organization\",\"name\":\"NavSystems O\u00dc\",\"url\":\"https:\\\/\\\/raymarine.ee\\\/\",\"logo\":{\"@type\":\"ImageObject\",\"inLanguage\":\"en-GB\",\"@id\":\"https:\\\/\\\/raymarine.ee\\\/#\\\/schema\\\/logo\\\/image\\\/\",\"url\":\"https:\\\/\\\/raymarine.ee\\\/wp-content\\\/uploads\\\/2024\\\/10\\\/Screenshot-2024-10-15-151324_bg_removed.webp\",\"contentUrl\":\"https:\\\/\\\/raymarine.ee\\\/wp-content\\\/uploads\\\/2024\\\/10\\\/Screenshot-2024-10-15-151324_bg_removed.webp\",\"width\":420,\"height\":276,\"caption\":\"NavSystems O\u00dc\"},\"image\":{\"@id\":\"https:\\\/\\\/raymarine.ee\\\/#\\\/schema\\\/logo\\\/image\\\/\"},\"sameAs\":[\"https:\\\/\\\/www.facebook.com\\\/NavSystems\"],\"legalName\":\"NavSystems O\u00dc\",\"foundingDate\":\"2011-05-03\",\"numberOfEmployees\":{\"@type\":\"QuantitativeValue\",\"minValue\":\"1\",\"maxValue\":\"10\"}}]}<\/script>\n<meta property=\"product:price:amount\" content=\"2285.00\" \/>\n<meta property=\"product:price:currency\" content=\"EUR\" \/>\n<meta property=\"og:availability\" content=\"backorder\" \/>\n<meta property=\"product:availability\" content=\"available for order\" \/>\n<meta property=\"product:retailer_item_id\" content=\"T70416\" \/>\n<meta property=\"product:condition\" content=\"new\" \/>\n<!-- \/ Yoast SEO Premium plugin. -->","yoast_head_json":{"title":"- NavSystems Raymarine Quantum2 Doppler radar","description":"Raymarine Quantum Q24D Doppler 18'' radar pakub erakordset n\u00e4htavust ja liikuvate sihtm\u00e4rkide v\u00e4rvikoodimist. Ole merel turvalisem! \ud83c\udf0a NavSystems","robots":{"index":"index","follow":"follow","max-snippet":"max-snippet:-1","max-image-preview":"max-image-preview:large","max-video-preview":"max-video-preview:-1"},"canonical":"https:\/\/raymarine.ee\/en\/product\/quantum-q24d-doppler-18-radar-with-10m-power-cable-and-10m-data-cable\/","og_locale":"en_GB","og_type":"article","og_title":"Quantum Q24D Doppler 18\" Radar for Safety At Sea","og_description":"Raymarine Quantum Q24D Doppler 18\" radariga saad kindel olla oma mereohutuses. Kliendi eelised h\u00f5lmavad v\u00e4rvikooditud sihtm\u00e4rkide tuvastamist!","og_url":"https:\/\/raymarine.ee\/en\/product\/quantum-q24d-doppler-18-radar-with-10m-power-cable-and-10m-data-cable\/","og_site_name":"NavSystems","article_publisher":"https:\/\/www.facebook.com\/NavSystems","article_modified_time":"2026-04-28T05:49:59+00:00","og_image":[{"width":1024,"height":1024,"url":"https:\/\/raymarine.ee\/wp-content\/uploads\/2024\/10\/ccfa00b0-42ac-4f41-984f-4dd3cb3aa28e.webp","type":"image\/webp"}],"twitter_card":"summary_large_image","twitter_title":"Quantum Q24D Doppler 18\" Radar with 10m Power Cable and 10m Data Cable","twitter_misc":{"Price":"2 285,00&nbsp;&euro;","Availability":"On back order"},"schema":{"@context":"https:\/\/schema.org","@graph":[{"@type":"WebPage","@id":"https:\/\/raymarine.ee\/product\/quantum-q24d-doppler-18-radar-with-10m-power-cable-and-10m-data-cable\/","url":"https:\/\/raymarine.ee\/product\/quantum-q24d-doppler-18-radar-with-10m-power-cable-and-10m-data-cable\/","name":"- NavSystems Raymarine Quantum2 Doppler radar","isPartOf":{"@id":"https:\/\/raymarine.ee\/#website"},"primaryImageOfPage":{"@id":"https:\/\/raymarine.ee\/product\/quantum-q24d-doppler-18-radar-with-10m-power-cable-and-10m-data-cable\/#primaryimage"},"image":{"@id":"https:\/\/raymarine.ee\/product\/quantum-q24d-doppler-18-radar-with-10m-power-cable-and-10m-data-cable\/#primaryimage"},"thumbnailUrl":"https:\/\/raymarine.ee\/wp-content\/uploads\/2024\/10\/ccfa00b0-42ac-4f41-984f-4dd3cb3aa28e.webp","datePublished":"2025-01-02T17:17:30+00:00","dateModified":"2026-04-28T05:49:59+00:00","description":"Raymarine Quantum Q24D Doppler 18'' radar pakub erakordset n\u00e4htavust ja liikuvate sihtm\u00e4rkide v\u00e4rvikoodimist. Ole merel turvalisem! \ud83c\udf0a NavSystems","breadcrumb":{"@id":"https:\/\/raymarine.ee\/product\/quantum-q24d-doppler-18-radar-with-10m-power-cable-and-10m-data-cable\/#breadcrumb"},"inLanguage":"en-GB","potentialAction":[{"@type":"ReadAction","target":["https:\/\/raymarine.ee\/product\/quantum-q24d-doppler-18-radar-with-10m-power-cable-and-10m-data-cable\/"]}]},{"@type":"ImageObject","inLanguage":"en-GB","@id":"https:\/\/raymarine.ee\/product\/quantum-q24d-doppler-18-radar-with-10m-power-cable-and-10m-data-cable\/#primaryimage","url":"https:\/\/raymarine.ee\/wp-content\/uploads\/2024\/10\/ccfa00b0-42ac-4f41-984f-4dd3cb3aa28e.webp","contentUrl":"https:\/\/raymarine.ee\/wp-content\/uploads\/2024\/10\/ccfa00b0-42ac-4f41-984f-4dd3cb3aa28e.webp","width":1024,"height":1024},{"@type":"BreadcrumbList","@id":"https:\/\/raymarine.ee\/product\/quantum-q24d-doppler-18-radar-with-10m-power-cable-and-10m-data-cable\/#breadcrumb","itemListElement":[{"@type":"ListItem","position":1,"name":"Home","item":"https:\/\/raymarine.ee\/"},{"@type":"ListItem","position":2,"name":"Tooted","item":"https:\/\/raymarine.ee\/shop\/"},{"@type":"ListItem","position":3,"name":"Quantum Q24D Doppler 18&#8243; Radar with 10m Power Cable and 10m Data Cable"}]},{"@type":"WebSite","@id":"https:\/\/raymarine.ee\/#website","url":"https:\/\/raymarine.ee\/","name":"www.raymarine.ee","description":"Mereelektroonika, kaardiplotter, autopiloot, pinnipiloot, roolipiloot, radar, AIS, VHF, Smart Wind","publisher":{"@id":"https:\/\/raymarine.ee\/#organization"},"alternateName":"Raymarine","potentialAction":[{"@type":"SearchAction","target":{"@type":"EntryPoint","urlTemplate":"https:\/\/raymarine.ee\/?s={search_term_string}"},"query-input":{"@type":"PropertyValueSpecification","valueRequired":true,"valueName":"search_term_string"}}],"inLanguage":"en-GB"},{"@type":"Organization","@id":"https:\/\/raymarine.ee\/#organization","name":"NavSystems O\u00dc","url":"https:\/\/raymarine.ee\/","logo":{"@type":"ImageObject","inLanguage":"en-GB","@id":"https:\/\/raymarine.ee\/#\/schema\/logo\/image\/","url":"https:\/\/raymarine.ee\/wp-content\/uploads\/2024\/10\/Screenshot-2024-10-15-151324_bg_removed.webp","contentUrl":"https:\/\/raymarine.ee\/wp-content\/uploads\/2024\/10\/Screenshot-2024-10-15-151324_bg_removed.webp","width":420,"height":276,"caption":"NavSystems O\u00dc"},"image":{"@id":"https:\/\/raymarine.ee\/#\/schema\/logo\/image\/"},"sameAs":["https:\/\/www.facebook.com\/NavSystems"],"legalName":"NavSystems O\u00dc","foundingDate":"2011-05-03","numberOfEmployees":{"@type":"QuantitativeValue","minValue":"1","maxValue":"10"}}]},"product_price_amount":"2285.00","product_price_currency":"EUR","og_availability":"backorder","product_availability":"available for order","product_retailer_item_id":"T70416","product_condition":"new"},"jetpack_sharing_enabled":true,"_links":{"self":[{"href":"https:\/\/raymarine.ee\/en\/wp-json\/wp\/v2\/product\/6484","targetHints":{"allow":["GET"]}}],"collection":[{"href":"https:\/\/raymarine.ee\/en\/wp-json\/wp\/v2\/product"}],"about":[{"href":"https:\/\/raymarine.ee\/en\/wp-json\/wp\/v2\/types\/product"}],"wp:featuredmedia":[{"embeddable":true,"href":"https:\/\/raymarine.ee\/en\/wp-json\/wp\/v2\/media\/7790"}],"wp:attachment":[{"href":"https:\/\/raymarine.ee\/en\/wp-json\/wp\/v2\/media?parent=6484"}],"wp:term":[{"taxonomy":"product_brand","embeddable":true,"href":"https:\/\/raymarine.ee\/en\/wp-json\/wp\/v2\/product_brand?post=6484"},{"taxonomy":"product_cat","embeddable":true,"href":"https:\/\/raymarine.ee\/en\/wp-json\/wp\/v2\/product_cat?post=6484"},{"taxonomy":"product_tag","embeddable":true,"href":"https:\/\/raymarine.ee\/en\/wp-json\/wp\/v2\/product_tag?post=6484"}],"curies":[{"name":"wp","href":"https:\/\/api.w.org\/{rel}","templated":true}]}}