{"id":6493,"date":"2025-01-02T17:00:26","date_gmt":"2025-01-02T17:00:26","guid":{"rendered":"https:\/\/raymarine.ee\/?post_type=product&#038;p=6493"},"modified":"2026-03-28T11:00:05","modified_gmt":"2026-03-28T09:00:05","slug":"ax8-thermal-and-visible-imaging-camera-for-temperature-measurement","status":"publish","type":"product","link":"https:\/\/raymarine.ee\/en\/product\/ax8-thermal-and-visible-imaging-camera-for-temperature-measurement\/","title":{"rendered":"AX8 Thermal and Visible Imaging Camera for temperature measurement"},"content":{"rendered":"<p><iframe src=\"https:\/\/www.youtube.com\/embed\/eJEVcIeiego\" width=\"700\" height=\"466\" frameborder=\"0\" allowfullscreen=\"allowfullscreen\" data-mce-fragment=\"1\"><\/iframe><\/p>\n<p><strong>Raymarine &amp; FLIR Thermal Cameras<\/strong><br \/>\nYour sixth sense at sea<\/p>\n<p>The FLIR and Raymarine\u2019s thermal infrared camera range offers a thermal night vision solution for every boater. There\u2019s the handheld Ocean Scout by FLIR offering a mobile thermal vision solution, the fixed mount T200 Series for smaller vessels and the T300 and T400 Series with 360\u00ba view and full pan, tilt and zoom capabilities.<\/p>\n<p><strong>FLIR AX8 Key Features<\/strong><br \/>\nSpot Potential Problems Before They Happen<br \/>\n\u2022 State-of-the-art thermal monitoring of engines and onboard machinery<br \/>\n\u2022 Powered by Lepton, FLIR\u2019s most advanced micro thermal camera<br \/>\n\u2022 Exclusive Multi-Spectral Dynamic Imaging (MSX\u00ae) for easy-to-understand thermal imagery.<\/p>\n<p><strong>On Board Thermal Alarming and Visual Analysis<\/strong><br \/>\n\u2022 Stream live thermal video of exhaust manifolds, propeller shafts, electrical panels, and other machinery<br \/>\n\u2022 Program specific areas to generate automated spot alarms when temperatures exceed pre-set thresholds<br \/>\n\u2022 Evaluate ongoing temperature trends<br \/>\n\u2022 Help avoid costly repairs and unwanted breakdowns<\/p>\n<p><strong>Raymarine Integration<\/strong><br \/>\n\u2022 View thermal, visible, and MSX video imagery on Raymarine LightHouse II\u2122 MFDs<br \/>\n\u2022 Continuous thermal monitoring with audible and visual alarms across the Raymarine network<br \/>\n\u2022 Connect up to eight AX8 cameras using Ethernet<br \/>\n\u2022 View and record thermal video and snapshots from any Raymarine display on the network<br \/>\n\u2022 Easy setup and alarm programming with a PC and web browser<\/p>\n<p>Tegemist on spetsiifilise tootega mille kasutamisel muudes\u00a0s\u00fcsteemides kui Raymarine LightHouse II\u00a0ja\u00a0LightHouse 3\/4<br \/>\non vaja v\u00e4hemalt elementaarseid teadmisi arvutiv\u00f5rgust, IP aadressidest ja\u00a0IP to Analog\u00a0videodekooderi konfigureerimisest.<br \/>\nKui teate juba ette, et kasutate seda toodet mujal kui eelpool mainitud\u00a0Raymarine s\u00fcsteemides ja k\u00f5hklete kas ikka saate<br \/>\nhakkama, siis konsulteerige enne ostu oma IT spetsialistiga.\u00a0Kui\u00a0asja \u00f5nnestumine on k\u00fcsitav v\u00f5i\u00a0tundub liiga keeruline, siis<br \/>\non targem see toode ostmata j\u00e4tta.\u00a0Arvuti- ja IT abi meie ei paku.\u00a0Termokaameraid tagastada ei saa!<\/p>","protected":false},"excerpt":{"rendered":"<p>FLIR AX8 combines thermal imaging with a visual cameras in one small, affordable package for continuous temperature monitoring and alarming. The AX8 helps you guard against unplanned outages, service interruptions, and failure of electrical or mechanical equipment. Compact and easy to install, the AX8 provides continuous monitoring of electrical cabinets, process and manufacturing areas, data centers, energy generation and distribution, transportation and mass transit, storage facilities and refrigeration warehouses.<\/p>","protected":false},"featured_media":7729,"template":"","meta":{"_acf_changed":false},"product_brand":[135],"product_cat":[56],"product_tag":[],"class_list":{"0":"post-6493","1":"product","2":"type-product","3":"status-publish","4":"has-post-thumbnail","6":"product_brand-flir","7":"product_cat-flir-termokaamerad","9":"first","10":"onbackorder","11":"sale","12":"featured","13":"taxable","14":"shipping-taxable","15":"purchasable","16":"product-type-simple"},"acf":[],"yoast_head":"<!-- This site is optimized with the Yoast SEO Premium plugin v27.5 (Yoast SEO v27.5) - https:\/\/yoast.com\/product\/yoast-seo-premium-wordpress\/ -->\n<title>AX8 Thermal and Visible Imaging Camera for temperature measurement - NavSystems Mereelektroonika<\/title>\n<meta name=\"description\" content=\"Kaardiplotter, autopiloot, vhf, radar, pinnipiloot, roolipiloot, tuules\u00fcsteem, dst810, rsw wind, wind vane,\" \/>\n<meta name=\"robots\" content=\"index, follow, max-snippet:-1, max-image-preview:large, max-video-preview:-1\" \/>\n<link rel=\"canonical\" href=\"https:\/\/raymarine.ee\/en\/product\/ax8-thermal-and-visible-imaging-camera-for-temperature-measurement\/\" \/>\n<meta property=\"og:locale\" content=\"en_GB\" \/>\n<meta property=\"og:type\" content=\"article\" \/>\n<meta property=\"og:title\" content=\"AX8 Thermal and Visible Imaging Camera for temperature measurement\" \/>\n<meta property=\"og:description\" content=\"Kaardiplotter, autopiloot, vhf, radar, pinnipiloot, roolipiloot, tuules\u00fcsteem, dst810, rsw wind, wind vane,\" \/>\n<meta property=\"og:url\" content=\"https:\/\/raymarine.ee\/en\/product\/ax8-thermal-and-visible-imaging-camera-for-temperature-measurement\/\" \/>\n<meta property=\"og:site_name\" content=\"NavSystems\" \/>\n<meta property=\"article:publisher\" content=\"https:\/\/www.facebook.com\/NavSystems\" \/>\n<meta property=\"article:modified_time\" content=\"2026-03-28T09:00:05+00:00\" \/>\n<meta property=\"og:image\" content=\"https:\/\/raymarine.ee\/wp-content\/uploads\/2025\/01\/1c68037d-ef40-4635-9d31-cda9957de8d2.webp\" \/>\n\t<meta property=\"og:image:width\" content=\"1024\" \/>\n\t<meta property=\"og:image:height\" content=\"1024\" \/>\n\t<meta property=\"og:image:type\" content=\"image\/webp\" \/>\n<meta name=\"twitter:card\" content=\"summary_large_image\" \/>\n<meta name=\"twitter:label1\" content=\"Price\" \/>\n\t<meta name=\"twitter:data1\" content=\"1 353,15&nbsp;&euro;\" \/>\n\t<meta name=\"twitter:label2\" content=\"Availability\" \/>\n\t<meta name=\"twitter:data2\" content=\"On back order\" \/>\n<script type=\"application\/ld+json\" class=\"yoast-schema-graph\">{\"@context\":\"https:\\\/\\\/schema.org\",\"@graph\":[{\"@type\":\"WebPage\",\"@id\":\"https:\\\/\\\/raymarine.ee\\\/product\\\/ax8-thermal-and-visible-imaging-camera-for-temperature-measurement\\\/\",\"url\":\"https:\\\/\\\/raymarine.ee\\\/product\\\/ax8-thermal-and-visible-imaging-camera-for-temperature-measurement\\\/\",\"name\":\"AX8 Thermal and Visible Imaging Camera for temperature measurement - NavSystems Mereelektroonika\",\"isPartOf\":{\"@id\":\"https:\\\/\\\/raymarine.ee\\\/#website\"},\"primaryImageOfPage\":{\"@id\":\"https:\\\/\\\/raymarine.ee\\\/product\\\/ax8-thermal-and-visible-imaging-camera-for-temperature-measurement\\\/#primaryimage\"},\"image\":{\"@id\":\"https:\\\/\\\/raymarine.ee\\\/product\\\/ax8-thermal-and-visible-imaging-camera-for-temperature-measurement\\\/#primaryimage\"},\"thumbnailUrl\":\"https:\\\/\\\/raymarine.ee\\\/wp-content\\\/uploads\\\/2025\\\/01\\\/1c68037d-ef40-4635-9d31-cda9957de8d2.webp\",\"datePublished\":\"2025-01-02T17:00:26+00:00\",\"dateModified\":\"2026-03-28T09:00:05+00:00\",\"description\":\"Kaardiplotter, autopiloot, vhf, radar, pinnipiloot, roolipiloot, tuules\u00fcsteem, dst810, rsw wind, wind vane,\",\"breadcrumb\":{\"@id\":\"https:\\\/\\\/raymarine.ee\\\/product\\\/ax8-thermal-and-visible-imaging-camera-for-temperature-measurement\\\/#breadcrumb\"},\"inLanguage\":\"en-GB\",\"potentialAction\":[{\"@type\":\"ReadAction\",\"target\":[\"https:\\\/\\\/raymarine.ee\\\/product\\\/ax8-thermal-and-visible-imaging-camera-for-temperature-measurement\\\/\"]}]},{\"@type\":\"ImageObject\",\"inLanguage\":\"en-GB\",\"@id\":\"https:\\\/\\\/raymarine.ee\\\/product\\\/ax8-thermal-and-visible-imaging-camera-for-temperature-measurement\\\/#primaryimage\",\"url\":\"https:\\\/\\\/raymarine.ee\\\/wp-content\\\/uploads\\\/2025\\\/01\\\/1c68037d-ef40-4635-9d31-cda9957de8d2.webp\",\"contentUrl\":\"https:\\\/\\\/raymarine.ee\\\/wp-content\\\/uploads\\\/2025\\\/01\\\/1c68037d-ef40-4635-9d31-cda9957de8d2.webp\",\"width\":1024,\"height\":1024},{\"@type\":\"BreadcrumbList\",\"@id\":\"https:\\\/\\\/raymarine.ee\\\/product\\\/ax8-thermal-and-visible-imaging-camera-for-temperature-measurement\\\/#breadcrumb\",\"itemListElement\":[{\"@type\":\"ListItem\",\"position\":1,\"name\":\"Home\",\"item\":\"https:\\\/\\\/raymarine.ee\\\/\"},{\"@type\":\"ListItem\",\"position\":2,\"name\":\"Tooted\",\"item\":\"https:\\\/\\\/raymarine.ee\\\/shop\\\/\"},{\"@type\":\"ListItem\",\"position\":3,\"name\":\"AX8 Thermal and Visible Imaging Camera for temperature measurement\"}]},{\"@type\":\"WebSite\",\"@id\":\"https:\\\/\\\/raymarine.ee\\\/#website\",\"url\":\"https:\\\/\\\/raymarine.ee\\\/\",\"name\":\"www.raymarine.ee\",\"description\":\"Mereelektroonika, kaardiplotter, autopiloot, pinnipiloot, roolipiloot, radar, AIS, VHF, Smart Wind\",\"publisher\":{\"@id\":\"https:\\\/\\\/raymarine.ee\\\/#organization\"},\"alternateName\":\"Raymarine\",\"potentialAction\":[{\"@type\":\"SearchAction\",\"target\":{\"@type\":\"EntryPoint\",\"urlTemplate\":\"https:\\\/\\\/raymarine.ee\\\/?s={search_term_string}\"},\"query-input\":{\"@type\":\"PropertyValueSpecification\",\"valueRequired\":true,\"valueName\":\"search_term_string\"}}],\"inLanguage\":\"en-GB\"},{\"@type\":\"Organization\",\"@id\":\"https:\\\/\\\/raymarine.ee\\\/#organization\",\"name\":\"NavSystems O\u00dc\",\"url\":\"https:\\\/\\\/raymarine.ee\\\/\",\"logo\":{\"@type\":\"ImageObject\",\"inLanguage\":\"en-GB\",\"@id\":\"https:\\\/\\\/raymarine.ee\\\/#\\\/schema\\\/logo\\\/image\\\/\",\"url\":\"https:\\\/\\\/raymarine.ee\\\/wp-content\\\/uploads\\\/2024\\\/10\\\/Screenshot-2024-10-15-151324_bg_removed.webp\",\"contentUrl\":\"https:\\\/\\\/raymarine.ee\\\/wp-content\\\/uploads\\\/2024\\\/10\\\/Screenshot-2024-10-15-151324_bg_removed.webp\",\"width\":420,\"height\":276,\"caption\":\"NavSystems O\u00dc\"},\"image\":{\"@id\":\"https:\\\/\\\/raymarine.ee\\\/#\\\/schema\\\/logo\\\/image\\\/\"},\"sameAs\":[\"https:\\\/\\\/www.facebook.com\\\/NavSystems\"],\"legalName\":\"NavSystems O\u00dc\",\"foundingDate\":\"2011-05-03\",\"numberOfEmployees\":{\"@type\":\"QuantitativeValue\",\"minValue\":\"1\",\"maxValue\":\"10\"}}]}<\/script>\n<meta property=\"product:price:amount\" content=\"1353.15\" \/>\n<meta property=\"product:price:currency\" content=\"EUR\" \/>\n<meta property=\"og:availability\" content=\"backorder\" \/>\n<meta property=\"product:availability\" content=\"available for order\" \/>\n<meta property=\"product:retailer_item_id\" content=\"E70321\" \/>\n<meta property=\"product:condition\" content=\"new\" \/>\n<!-- \/ Yoast SEO Premium plugin. -->","yoast_head_json":{"title":"AX8 Thermal and Visible Imaging Camera for temperature measurement - NavSystems Mereelektroonika","description":"Kaardiplotter, autopiloot, vhf, radar, pinnipiloot, roolipiloot, tuules\u00fcsteem, dst810, rsw wind, wind vane,","robots":{"index":"index","follow":"follow","max-snippet":"max-snippet:-1","max-image-preview":"max-image-preview:large","max-video-preview":"max-video-preview:-1"},"canonical":"https:\/\/raymarine.ee\/en\/product\/ax8-thermal-and-visible-imaging-camera-for-temperature-measurement\/","og_locale":"en_GB","og_type":"article","og_title":"AX8 Thermal and Visible Imaging Camera for temperature measurement","og_description":"Kaardiplotter, autopiloot, vhf, radar, pinnipiloot, roolipiloot, tuules\u00fcsteem, dst810, rsw wind, wind vane,","og_url":"https:\/\/raymarine.ee\/en\/product\/ax8-thermal-and-visible-imaging-camera-for-temperature-measurement\/","og_site_name":"NavSystems","article_publisher":"https:\/\/www.facebook.com\/NavSystems","article_modified_time":"2026-03-28T09:00:05+00:00","og_image":[{"width":1024,"height":1024,"url":"https:\/\/raymarine.ee\/wp-content\/uploads\/2025\/01\/1c68037d-ef40-4635-9d31-cda9957de8d2.webp","type":"image\/webp"}],"twitter_card":"summary_large_image","twitter_misc":{"Price":"1 353,15&nbsp;&euro;","Availability":"On back order"},"schema":{"@context":"https:\/\/schema.org","@graph":[{"@type":"WebPage","@id":"https:\/\/raymarine.ee\/product\/ax8-thermal-and-visible-imaging-camera-for-temperature-measurement\/","url":"https:\/\/raymarine.ee\/product\/ax8-thermal-and-visible-imaging-camera-for-temperature-measurement\/","name":"AX8 Thermal and Visible Imaging Camera for temperature measurement - NavSystems Mereelektroonika","isPartOf":{"@id":"https:\/\/raymarine.ee\/#website"},"primaryImageOfPage":{"@id":"https:\/\/raymarine.ee\/product\/ax8-thermal-and-visible-imaging-camera-for-temperature-measurement\/#primaryimage"},"image":{"@id":"https:\/\/raymarine.ee\/product\/ax8-thermal-and-visible-imaging-camera-for-temperature-measurement\/#primaryimage"},"thumbnailUrl":"https:\/\/raymarine.ee\/wp-content\/uploads\/2025\/01\/1c68037d-ef40-4635-9d31-cda9957de8d2.webp","datePublished":"2025-01-02T17:00:26+00:00","dateModified":"2026-03-28T09:00:05+00:00","description":"Kaardiplotter, autopiloot, vhf, radar, pinnipiloot, roolipiloot, tuules\u00fcsteem, dst810, rsw wind, wind vane,","breadcrumb":{"@id":"https:\/\/raymarine.ee\/product\/ax8-thermal-and-visible-imaging-camera-for-temperature-measurement\/#breadcrumb"},"inLanguage":"en-GB","potentialAction":[{"@type":"ReadAction","target":["https:\/\/raymarine.ee\/product\/ax8-thermal-and-visible-imaging-camera-for-temperature-measurement\/"]}]},{"@type":"ImageObject","inLanguage":"en-GB","@id":"https:\/\/raymarine.ee\/product\/ax8-thermal-and-visible-imaging-camera-for-temperature-measurement\/#primaryimage","url":"https:\/\/raymarine.ee\/wp-content\/uploads\/2025\/01\/1c68037d-ef40-4635-9d31-cda9957de8d2.webp","contentUrl":"https:\/\/raymarine.ee\/wp-content\/uploads\/2025\/01\/1c68037d-ef40-4635-9d31-cda9957de8d2.webp","width":1024,"height":1024},{"@type":"BreadcrumbList","@id":"https:\/\/raymarine.ee\/product\/ax8-thermal-and-visible-imaging-camera-for-temperature-measurement\/#breadcrumb","itemListElement":[{"@type":"ListItem","position":1,"name":"Home","item":"https:\/\/raymarine.ee\/"},{"@type":"ListItem","position":2,"name":"Tooted","item":"https:\/\/raymarine.ee\/shop\/"},{"@type":"ListItem","position":3,"name":"AX8 Thermal and Visible Imaging Camera for temperature measurement"}]},{"@type":"WebSite","@id":"https:\/\/raymarine.ee\/#website","url":"https:\/\/raymarine.ee\/","name":"www.raymarine.ee","description":"Mereelektroonika, kaardiplotter, autopiloot, pinnipiloot, roolipiloot, radar, AIS, VHF, Smart Wind","publisher":{"@id":"https:\/\/raymarine.ee\/#organization"},"alternateName":"Raymarine","potentialAction":[{"@type":"SearchAction","target":{"@type":"EntryPoint","urlTemplate":"https:\/\/raymarine.ee\/?s={search_term_string}"},"query-input":{"@type":"PropertyValueSpecification","valueRequired":true,"valueName":"search_term_string"}}],"inLanguage":"en-GB"},{"@type":"Organization","@id":"https:\/\/raymarine.ee\/#organization","name":"NavSystems O\u00dc","url":"https:\/\/raymarine.ee\/","logo":{"@type":"ImageObject","inLanguage":"en-GB","@id":"https:\/\/raymarine.ee\/#\/schema\/logo\/image\/","url":"https:\/\/raymarine.ee\/wp-content\/uploads\/2024\/10\/Screenshot-2024-10-15-151324_bg_removed.webp","contentUrl":"https:\/\/raymarine.ee\/wp-content\/uploads\/2024\/10\/Screenshot-2024-10-15-151324_bg_removed.webp","width":420,"height":276,"caption":"NavSystems O\u00dc"},"image":{"@id":"https:\/\/raymarine.ee\/#\/schema\/logo\/image\/"},"sameAs":["https:\/\/www.facebook.com\/NavSystems"],"legalName":"NavSystems O\u00dc","foundingDate":"2011-05-03","numberOfEmployees":{"@type":"QuantitativeValue","minValue":"1","maxValue":"10"}}]},"product_price_amount":"1353.15","product_price_currency":"EUR","og_availability":"backorder","product_availability":"available for order","product_retailer_item_id":"E70321","product_condition":"new"},"jetpack_sharing_enabled":true,"_links":{"self":[{"href":"https:\/\/raymarine.ee\/en\/wp-json\/wp\/v2\/product\/6493","targetHints":{"allow":["GET"]}}],"collection":[{"href":"https:\/\/raymarine.ee\/en\/wp-json\/wp\/v2\/product"}],"about":[{"href":"https:\/\/raymarine.ee\/en\/wp-json\/wp\/v2\/types\/product"}],"wp:featuredmedia":[{"embeddable":true,"href":"https:\/\/raymarine.ee\/en\/wp-json\/wp\/v2\/media\/7729"}],"wp:attachment":[{"href":"https:\/\/raymarine.ee\/en\/wp-json\/wp\/v2\/media?parent=6493"}],"wp:term":[{"taxonomy":"product_brand","embeddable":true,"href":"https:\/\/raymarine.ee\/en\/wp-json\/wp\/v2\/product_brand?post=6493"},{"taxonomy":"product_cat","embeddable":true,"href":"https:\/\/raymarine.ee\/en\/wp-json\/wp\/v2\/product_cat?post=6493"},{"taxonomy":"product_tag","embeddable":true,"href":"https:\/\/raymarine.ee\/en\/wp-json\/wp\/v2\/product_tag?post=6493"}],"curies":[{"name":"wp","href":"https:\/\/api.w.org\/{rel}","templated":true}]}}