{"id":6494,"date":"2025-01-02T17:03:18","date_gmt":"2025-01-02T17:03:18","guid":{"rendered":"https:\/\/raymarine.ee\/?post_type=product&#038;p=6494"},"modified":"2026-03-28T10:58:53","modified_gmt":"2026-03-28T08:58:53","slug":"m232-termokaamera-ip-camera-320-x-240-9hz-with-pan-tilt-and-electronic-zoom","status":"publish","type":"product","link":"https:\/\/raymarine.ee\/en\/product\/m232-termokaamera-ip-camera-320-x-240-9hz-with-pan-tilt-and-electronic-zoom\/","title":{"rendered":"M232 Termokaamera IP Camera (320 x 240, 9Hz) with Pan, Tilt and electronic zoom"},"content":{"rendered":"<p>Vaata\u00a0<a href=\"https:\/\/www.flir.com\/products\/m232\/\" target=\"_blank\" rel=\"noopener\">M232 termokaamera<\/a>\u00a0tootetutvustust<\/p>\n<table border=\"0\" cellspacing=\"0\" cellpadding=\"0\">\n<tbody>\n<tr>\n<td class=\"main m13\" width=\"100%\">Raymarine FLIR M232 Pan and Tilt Thermal Camera 9Hz, IP Video Output E70354<\/p>\n<div>The FLIR M232 pan and tilt camera is FLIR&#8217;s smallest and most affordable pan and tilt marine thermal night vision camera. Featuring a resolution of 320 x 240, the M232 improves safety by revealing vessels and obstacles at night. Enjoy 360 degree viewing while underway.<\/div>\n<div><\/div>\n<div>Why is Thermal Better? &#8211; Thermal imaging cameras detect and display images based on tiny differences in heat, not light. No matter how much light is available-from pitch black to moonlight to severe midday glare, FLIR detectors capture the thermal energy emitted or reflected by everything, even ice. FLIR cameras then convert changes in temperature into crisp infrared video images, allowing you to see at night and navigate in total darkness.<\/div>\n<div><\/div>\n<div>Combine the M232 with a Raymarine Axiom MFD and take advantage of FLIR&#8217;s ClearCruise<sup>TM<\/sup>\u00a0intelligent thermal analytics. ClearCruise<sup>TM<\/sup>\u00a0provides audible and visual alerts when &#8220;non-water&#8221; objects-such as boats, obstacles, or navigation markers-appear in the scene. This enhances boaters&#8217; overall situational awareness, both day and night.<\/div>\n<div><\/div>\n<div>The M232 also improves navigation and safety by helping to see bridges, docks, buoys, and other vessels, night and day. The FLIR M232 also helps boaters find people in the water faster than using spotlights and radar alone.<\/div>\n<div><\/div>\n<div>The M232 uses FLIR&#8217;s latest generation Boson<sup>TM<\/sup>\u00a0thermal core, and features optimized viewing with full 320 x 240 resolution for horizon-to-horizon viewing, and 4X continuous e-zoom.<\/div>\n<div><\/div>\n<div>The combination of the FLIR M232&#8217;s small, lightweight design and IP video connectivity makes it easy to install on any vessel, and a snap to install and integrate with multiple MFDs.<\/div>\n<div><\/div>\n<div>IP &#8220;Plug and Play&#8221; compatibility with Raymarine MFD&#8217;s running LightHouse II v.19 software, or Raymarine&#8217;s Axiom and Axiom Pro displays running Lighthouse 3. Compatible Raymarine MFD&#8217;s include the aSeries, cSeries, eSeries, eS Series, gS Series and Axiom.<\/div>\n<div>The following Garmin MFDs are supported for all FLIR integration (control and viewing) with a software upgrade to version V10.0: Garmin GPSMap 84xx\/86xx series, GPSMap 74xx\/76xx series, GPSMap 10&#215;2\/12&#215;2 series, GPSMap 7&#215;2\/9&#215;2 series, GPSMap 8k (this includes 80xx, 85xx, both Garmin and Volvo), Yamaha CL7.<\/div>\n<div><sub>Note: The Garmin Power over Ethernet (PoE) isolation coupler (Model 16361800, Garmin part number 010-10580-10) is required for all installations when connecting non-Garmin equipment to the Garmin marine Ethernet connection. This is required whether or not those devices use PoE.<\/sub><\/div>\n<div><\/div>\n<div>Specifications:<\/div>\n<div><\/div>\n<div>General<\/div>\n<div>\n<ul>\n<li>Detector Type: 320 \u00d7 240 VOx Microbolometer<\/li>\n<li>E-Zoom: 4x<\/li>\n<li>Field of View: 24\u00b0 \u00d7 18\u00b0<\/li>\n<li>Image Processing: FLIR Proprietary Digital Detail Enhancement<sup>TM<\/sup><\/li>\n<li>Pan\/Tilt Range:\n<ul>\n<li>Pan: 360\u00b0 (continuous)<\/li>\n<li>Tilt: +110\u00b0, -90\u00b0<\/li>\n<\/ul>\n<\/li>\n<li>Size:\n<ul>\n<li>6.34&#8243; (161.1 mm) Diameter<\/li>\n<li>9.03&#8243; (229.3 mm) High<\/li>\n<\/ul>\n<\/li>\n<li>Weight:\n<ul>\n<li>6.0 lb (2.7 kg) without Top-down Riser<\/li>\n<li>6.6 lb (3.0 kg) with Top-down Riser<\/li>\n<\/ul>\n<\/li>\n<\/ul>\n<p>Color Camera<\/p>\n<\/div>\n<div>\n<ul>\n<li>Resolution: 320 x 240<\/li>\n<\/ul>\n<p>Connections &amp; Communications<\/p>\n<\/div>\n<div>\n<ul>\n<li>Video Output: H264 IP Video stream<\/li>\n<\/ul>\n<p>Environments<\/p>\n<\/div>\n<div>\n<ul>\n<li>Drop Test Rating: 1m drop (in packaging)<\/li>\n<li>EMI IEC 60945<\/li>\n<li>Operating Temperature Range: -13\u00b0F (-25\u00b0C) to +131\u00b0F (+55\u00b0C)<\/li>\n<li>Rating: IPX6<\/li>\n<li>Relative Humidity: 95% max<\/li>\n<li>Salt Mist: IEC 60945<\/li>\n<li>Storage Temperature Range: -22\u00b0F (-30\u00b0C) to +158\u00b0F (+70\u00b0C)<\/li>\n<li>Vibration: IEC 60945; MIL-STD-810E<\/li>\n<li>Wind: 100 MPH (161 KPH)<\/li>\n<\/ul>\n<p>Marine Imaging &amp; Optical<\/p>\n<ul>\n<li>Video Refresh Rate: 9 Hz<\/li>\n<\/ul>\n<p>Power<\/p>\n<\/div>\n<div>\n<ul>\n<li>Power Consumption: 15 W (Typical) 18 W (Max)<\/li>\n<li>Power Requirements: 12 or 24 VDC<\/li>\n<\/ul>\n<p>Range Performance<\/p>\n<ul>\n<li>Person in the Water: ~1,500 ft (457 M)<\/li>\n<li>Small Vessel: ~0.67 nm (1.3 Km)<\/li>\n<\/ul>\n<\/div>\n<div>In the Box:<\/div>\n<div>\n<ul>\n<li>Thermal camera<\/li>\n<li>Thermal camera base-seal<\/li>\n<li>3 x Thermal camera fasteners: nuts, dome nuts, spring washers, flat washers, and threaded studs<\/li>\n<li>2 x Self-adhesive decals (for ball-down mounting only)<\/li>\n<li>RayNet-to-RJ45 Adapter cable (100 mm)<\/li>\n<li>RayNet-to-RayNet cable (10 m)<\/li>\n<li>*Right-angled 3-Pin Power cable (10 m)<\/li>\n<li>Top-down riser kit (includes riser, riser base seal, and riser mounting template<\/li>\n<li>Documentation pack<\/li>\n<\/ul>\n<p>Tegemist on spetsiifilise tootega mille kasutamisel muudes\u00a0s\u00fcsteemides kui Raymarine LightHouse II<br \/>\nja LightHouse 3\/4 on vaja v\u00e4hemalt elementaarseid teadmisi arvutiv\u00f5rgust, IP aadressidest ja\u00a0IP to Analog<br \/>\nvideodekooderi\u00a0konfigureerimisest. Kui teate juba ette, et kasutate seda toodet mujal kui eelpool mainitud<br \/>\nRaymarine s\u00fcsteemides, siis on h\u00e4davajalik osta juurde JCU-3 joystick. Kui k\u00f5hklete kas saate hakkama, siis<br \/>\nkonsulteerige enne ostu oma IT spetsialistiga. Kui\u00a0asja \u00f5nnestumine on k\u00fcsitav v\u00f5i\u00a0tundub\u00a0ikka keeruline, siis<br \/>\non targem see toode ostmata j\u00e4tta. Arvuti- ja IT abi meie ei paku. NB! Termokaameraid tagastada ei saa.<\/p>\n<p><a href=\"https:\/\/raymarine.ee\/en\/public\/files\/Raymarine\/Juhendid\/FLIR\/M132%20M232%20Thermal%20camera%20Installation%20and%20operation%20instructions%2071001-4-EN.pdf\/\" target=\"_blank\" rel=\"noopener\"><img decoding=\"async\" src=\"https:\/\/www.raymarine.ee\/public\/files\/Raymarine\/Juhendid\/pdf.png\" alt=\"\" \/><\/a>\u00a0Laadige alla M232 termokaamera paigaldus- ja kasutusjuhend.<br \/>\n<a href=\"https:\/\/raymarine.ee\/en\/public\/files\/Raymarine\/Juhendid\/FLIR\/IP%20Video%20Decoder%20instructions%2076002-2-EN.pdf\/\" target=\"_blank\" rel=\"noopener\"><img decoding=\"async\" src=\"https:\/\/www.raymarine.ee\/public\/files\/Raymarine\/Juhendid\/pdf.png\" alt=\"\" \/><\/a>\u00a0Laadige alla M232 kaamera jaoks m\u00f5eldud videodekooderi juhend.<br \/>\n<a href=\"https:\/\/raymarine.ee\/en\/public\/files\/Raymarine\/Juhendid\/FLIR\/JCU-3%20Installation%20and%20Operation%20instructions%2071002-2-EN.pdf\/\" target=\"_blank\" rel=\"noopener\"><img decoding=\"async\" src=\"https:\/\/www.raymarine.ee\/public\/files\/Raymarine\/Juhendid\/pdf.png\" alt=\"\" \/><\/a>\u00a0Laadige alla JCU-3 paigaldus- ja kasutusjuhend.<\/p>\n<\/div>\n<\/td>\n<\/tr>\n<\/tbody>\n<\/table>","protected":false},"excerpt":{"rendered":"<p>The M232 pan and tilt camera is one of FLIR&#8217;s smallest and affordable marine thermal cameras. Featuring a resolution of 320 \u00d7 240, the M232 improves safety by revealing vessels and obstacles at night. Enjoy 360 degree viewing while underway. Combine the M232 with a Raymarine Axiom MFD and take advantage of FLIR ClearCruise\u2122 intelligent thermal analytics. ClearCruise\u2122 provides audible and visual alerts when &#8220;non-water&#8221; objects such as boats, obstacles, ornavigation markers\u2014appear in the scene. This enhances boaters\u2019 overall situational awareness, both day and night. Installation Note: ClearCruise\u2122 features are only available on conventional ball-up installations. ClearCruise\u2122 is not available on ball-down installations. Please consult your FLIR dealer for more details.<\/p>","protected":false},"featured_media":7746,"template":"","meta":{"_acf_changed":false},"product_brand":[135],"product_cat":[56],"product_tag":[],"class_list":{"0":"post-6494","1":"product","2":"type-product","3":"status-publish","4":"has-post-thumbnail","6":"product_brand-flir","7":"product_cat-flir-termokaamerad","9":"first","10":"onbackorder","11":"sale","12":"taxable","13":"shipping-taxable","14":"purchasable","15":"product-type-simple"},"acf":[],"yoast_head":"<!-- This site is optimized with the Yoast SEO Premium plugin v27.5 (Yoast SEO v27.5) - https:\/\/yoast.com\/product\/yoast-seo-premium-wordpress\/ -->\n<title>M232 Termokaamera IP Camera (320 x 240, 9Hz) with Pan, Tilt and electronic zoom - NavSystems Mereelektroonika<\/title>\n<meta name=\"description\" content=\"Kaardiplotter, autopiloot, vhf, radar, pinnipiloot, roolipiloot, tuules\u00fcsteem, dst810, rsw wind, wind vane,\" \/>\n<meta name=\"robots\" content=\"index, follow, max-snippet:-1, max-image-preview:large, max-video-preview:-1\" \/>\n<link rel=\"canonical\" href=\"https:\/\/raymarine.ee\/en\/product\/m232-termokaamera-ip-camera-320-x-240-9hz-with-pan-tilt-and-electronic-zoom\/\" \/>\n<meta property=\"og:locale\" content=\"en_GB\" \/>\n<meta property=\"og:type\" content=\"article\" \/>\n<meta property=\"og:title\" content=\"M232 Termokaamera IP Camera (320 x 240, 9Hz) with Pan, Tilt and electronic zoom\" \/>\n<meta property=\"og:description\" content=\"Kaardiplotter, autopiloot, vhf, radar, pinnipiloot, roolipiloot, tuules\u00fcsteem, dst810, rsw wind, wind vane,\" \/>\n<meta property=\"og:url\" content=\"https:\/\/raymarine.ee\/en\/product\/m232-termokaamera-ip-camera-320-x-240-9hz-with-pan-tilt-and-electronic-zoom\/\" \/>\n<meta property=\"og:site_name\" content=\"NavSystems\" \/>\n<meta property=\"article:publisher\" content=\"https:\/\/www.facebook.com\/NavSystems\" \/>\n<meta property=\"article:modified_time\" content=\"2026-03-28T08:58:53+00:00\" \/>\n<meta property=\"og:image\" content=\"https:\/\/raymarine.ee\/wp-content\/uploads\/2025\/01\/134f9eb4-9ad2-45bc-9187-e7b207ab9623.webp\" \/>\n\t<meta property=\"og:image:width\" content=\"1024\" \/>\n\t<meta property=\"og:image:height\" content=\"1024\" \/>\n\t<meta property=\"og:image:type\" content=\"image\/webp\" \/>\n<meta name=\"twitter:card\" content=\"summary_large_image\" \/>\n<meta name=\"twitter:label1\" content=\"Price\" \/>\n\t<meta name=\"twitter:data1\" content=\"4 444,35&nbsp;&euro;\" \/>\n\t<meta name=\"twitter:label2\" content=\"Availability\" \/>\n\t<meta name=\"twitter:data2\" content=\"On back order\" \/>\n<script type=\"application\/ld+json\" class=\"yoast-schema-graph\">{\"@context\":\"https:\\\/\\\/schema.org\",\"@graph\":[{\"@type\":\"WebPage\",\"@id\":\"https:\\\/\\\/raymarine.ee\\\/product\\\/m232-termokaamera-ip-camera-320-x-240-9hz-with-pan-tilt-and-electronic-zoom\\\/\",\"url\":\"https:\\\/\\\/raymarine.ee\\\/product\\\/m232-termokaamera-ip-camera-320-x-240-9hz-with-pan-tilt-and-electronic-zoom\\\/\",\"name\":\"M232 Termokaamera IP Camera (320 x 240, 9Hz) with Pan, Tilt and electronic zoom - NavSystems Mereelektroonika\",\"isPartOf\":{\"@id\":\"https:\\\/\\\/raymarine.ee\\\/#website\"},\"primaryImageOfPage\":{\"@id\":\"https:\\\/\\\/raymarine.ee\\\/product\\\/m232-termokaamera-ip-camera-320-x-240-9hz-with-pan-tilt-and-electronic-zoom\\\/#primaryimage\"},\"image\":{\"@id\":\"https:\\\/\\\/raymarine.ee\\\/product\\\/m232-termokaamera-ip-camera-320-x-240-9hz-with-pan-tilt-and-electronic-zoom\\\/#primaryimage\"},\"thumbnailUrl\":\"https:\\\/\\\/raymarine.ee\\\/wp-content\\\/uploads\\\/2025\\\/01\\\/134f9eb4-9ad2-45bc-9187-e7b207ab9623.webp\",\"datePublished\":\"2025-01-02T17:03:18+00:00\",\"dateModified\":\"2026-03-28T08:58:53+00:00\",\"description\":\"Kaardiplotter, autopiloot, vhf, radar, pinnipiloot, roolipiloot, tuules\u00fcsteem, dst810, rsw wind, wind vane,\",\"breadcrumb\":{\"@id\":\"https:\\\/\\\/raymarine.ee\\\/product\\\/m232-termokaamera-ip-camera-320-x-240-9hz-with-pan-tilt-and-electronic-zoom\\\/#breadcrumb\"},\"inLanguage\":\"en-GB\",\"potentialAction\":[{\"@type\":\"ReadAction\",\"target\":[\"https:\\\/\\\/raymarine.ee\\\/product\\\/m232-termokaamera-ip-camera-320-x-240-9hz-with-pan-tilt-and-electronic-zoom\\\/\"]}]},{\"@type\":\"ImageObject\",\"inLanguage\":\"en-GB\",\"@id\":\"https:\\\/\\\/raymarine.ee\\\/product\\\/m232-termokaamera-ip-camera-320-x-240-9hz-with-pan-tilt-and-electronic-zoom\\\/#primaryimage\",\"url\":\"https:\\\/\\\/raymarine.ee\\\/wp-content\\\/uploads\\\/2025\\\/01\\\/134f9eb4-9ad2-45bc-9187-e7b207ab9623.webp\",\"contentUrl\":\"https:\\\/\\\/raymarine.ee\\\/wp-content\\\/uploads\\\/2025\\\/01\\\/134f9eb4-9ad2-45bc-9187-e7b207ab9623.webp\",\"width\":1024,\"height\":1024},{\"@type\":\"BreadcrumbList\",\"@id\":\"https:\\\/\\\/raymarine.ee\\\/product\\\/m232-termokaamera-ip-camera-320-x-240-9hz-with-pan-tilt-and-electronic-zoom\\\/#breadcrumb\",\"itemListElement\":[{\"@type\":\"ListItem\",\"position\":1,\"name\":\"Home\",\"item\":\"https:\\\/\\\/raymarine.ee\\\/\"},{\"@type\":\"ListItem\",\"position\":2,\"name\":\"Tooted\",\"item\":\"https:\\\/\\\/raymarine.ee\\\/shop\\\/\"},{\"@type\":\"ListItem\",\"position\":3,\"name\":\"M232 Termokaamera IP Camera (320 x 240, 9Hz) with Pan, Tilt and electronic zoom\"}]},{\"@type\":\"WebSite\",\"@id\":\"https:\\\/\\\/raymarine.ee\\\/#website\",\"url\":\"https:\\\/\\\/raymarine.ee\\\/\",\"name\":\"www.raymarine.ee\",\"description\":\"Mereelektroonika, kaardiplotter, autopiloot, pinnipiloot, roolipiloot, radar, AIS, VHF, Smart Wind\",\"publisher\":{\"@id\":\"https:\\\/\\\/raymarine.ee\\\/#organization\"},\"alternateName\":\"Raymarine\",\"potentialAction\":[{\"@type\":\"SearchAction\",\"target\":{\"@type\":\"EntryPoint\",\"urlTemplate\":\"https:\\\/\\\/raymarine.ee\\\/?s={search_term_string}\"},\"query-input\":{\"@type\":\"PropertyValueSpecification\",\"valueRequired\":true,\"valueName\":\"search_term_string\"}}],\"inLanguage\":\"en-GB\"},{\"@type\":\"Organization\",\"@id\":\"https:\\\/\\\/raymarine.ee\\\/#organization\",\"name\":\"NavSystems O\u00dc\",\"url\":\"https:\\\/\\\/raymarine.ee\\\/\",\"logo\":{\"@type\":\"ImageObject\",\"inLanguage\":\"en-GB\",\"@id\":\"https:\\\/\\\/raymarine.ee\\\/#\\\/schema\\\/logo\\\/image\\\/\",\"url\":\"https:\\\/\\\/raymarine.ee\\\/wp-content\\\/uploads\\\/2024\\\/10\\\/Screenshot-2024-10-15-151324_bg_removed.webp\",\"contentUrl\":\"https:\\\/\\\/raymarine.ee\\\/wp-content\\\/uploads\\\/2024\\\/10\\\/Screenshot-2024-10-15-151324_bg_removed.webp\",\"width\":420,\"height\":276,\"caption\":\"NavSystems O\u00dc\"},\"image\":{\"@id\":\"https:\\\/\\\/raymarine.ee\\\/#\\\/schema\\\/logo\\\/image\\\/\"},\"sameAs\":[\"https:\\\/\\\/www.facebook.com\\\/NavSystems\"],\"legalName\":\"NavSystems O\u00dc\",\"foundingDate\":\"2011-05-03\",\"numberOfEmployees\":{\"@type\":\"QuantitativeValue\",\"minValue\":\"1\",\"maxValue\":\"10\"}}]}<\/script>\n<meta property=\"product:price:amount\" content=\"4444.35\" \/>\n<meta property=\"product:price:currency\" content=\"EUR\" \/>\n<meta property=\"og:availability\" content=\"backorder\" \/>\n<meta property=\"product:availability\" content=\"available for order\" \/>\n<meta property=\"product:retailer_item_id\" content=\"E70354\" \/>\n<meta property=\"product:condition\" content=\"new\" \/>\n<!-- \/ Yoast SEO Premium plugin. -->","yoast_head_json":{"title":"M232 Termokaamera IP Camera (320 x 240, 9Hz) with Pan, Tilt and electronic zoom - NavSystems Mereelektroonika","description":"Kaardiplotter, autopiloot, vhf, radar, pinnipiloot, roolipiloot, tuules\u00fcsteem, dst810, rsw wind, wind vane,","robots":{"index":"index","follow":"follow","max-snippet":"max-snippet:-1","max-image-preview":"max-image-preview:large","max-video-preview":"max-video-preview:-1"},"canonical":"https:\/\/raymarine.ee\/en\/product\/m232-termokaamera-ip-camera-320-x-240-9hz-with-pan-tilt-and-electronic-zoom\/","og_locale":"en_GB","og_type":"article","og_title":"M232 Termokaamera IP Camera (320 x 240, 9Hz) with Pan, Tilt and electronic zoom","og_description":"Kaardiplotter, autopiloot, vhf, radar, pinnipiloot, roolipiloot, tuules\u00fcsteem, dst810, rsw wind, wind vane,","og_url":"https:\/\/raymarine.ee\/en\/product\/m232-termokaamera-ip-camera-320-x-240-9hz-with-pan-tilt-and-electronic-zoom\/","og_site_name":"NavSystems","article_publisher":"https:\/\/www.facebook.com\/NavSystems","article_modified_time":"2026-03-28T08:58:53+00:00","og_image":[{"width":1024,"height":1024,"url":"https:\/\/raymarine.ee\/wp-content\/uploads\/2025\/01\/134f9eb4-9ad2-45bc-9187-e7b207ab9623.webp","type":"image\/webp"}],"twitter_card":"summary_large_image","twitter_misc":{"Price":"4 444,35&nbsp;&euro;","Availability":"On back order"},"schema":{"@context":"https:\/\/schema.org","@graph":[{"@type":"WebPage","@id":"https:\/\/raymarine.ee\/product\/m232-termokaamera-ip-camera-320-x-240-9hz-with-pan-tilt-and-electronic-zoom\/","url":"https:\/\/raymarine.ee\/product\/m232-termokaamera-ip-camera-320-x-240-9hz-with-pan-tilt-and-electronic-zoom\/","name":"M232 Termokaamera IP Camera (320 x 240, 9Hz) with Pan, Tilt and electronic zoom - NavSystems Mereelektroonika","isPartOf":{"@id":"https:\/\/raymarine.ee\/#website"},"primaryImageOfPage":{"@id":"https:\/\/raymarine.ee\/product\/m232-termokaamera-ip-camera-320-x-240-9hz-with-pan-tilt-and-electronic-zoom\/#primaryimage"},"image":{"@id":"https:\/\/raymarine.ee\/product\/m232-termokaamera-ip-camera-320-x-240-9hz-with-pan-tilt-and-electronic-zoom\/#primaryimage"},"thumbnailUrl":"https:\/\/raymarine.ee\/wp-content\/uploads\/2025\/01\/134f9eb4-9ad2-45bc-9187-e7b207ab9623.webp","datePublished":"2025-01-02T17:03:18+00:00","dateModified":"2026-03-28T08:58:53+00:00","description":"Kaardiplotter, autopiloot, vhf, radar, pinnipiloot, roolipiloot, tuules\u00fcsteem, dst810, rsw wind, wind vane,","breadcrumb":{"@id":"https:\/\/raymarine.ee\/product\/m232-termokaamera-ip-camera-320-x-240-9hz-with-pan-tilt-and-electronic-zoom\/#breadcrumb"},"inLanguage":"en-GB","potentialAction":[{"@type":"ReadAction","target":["https:\/\/raymarine.ee\/product\/m232-termokaamera-ip-camera-320-x-240-9hz-with-pan-tilt-and-electronic-zoom\/"]}]},{"@type":"ImageObject","inLanguage":"en-GB","@id":"https:\/\/raymarine.ee\/product\/m232-termokaamera-ip-camera-320-x-240-9hz-with-pan-tilt-and-electronic-zoom\/#primaryimage","url":"https:\/\/raymarine.ee\/wp-content\/uploads\/2025\/01\/134f9eb4-9ad2-45bc-9187-e7b207ab9623.webp","contentUrl":"https:\/\/raymarine.ee\/wp-content\/uploads\/2025\/01\/134f9eb4-9ad2-45bc-9187-e7b207ab9623.webp","width":1024,"height":1024},{"@type":"BreadcrumbList","@id":"https:\/\/raymarine.ee\/product\/m232-termokaamera-ip-camera-320-x-240-9hz-with-pan-tilt-and-electronic-zoom\/#breadcrumb","itemListElement":[{"@type":"ListItem","position":1,"name":"Home","item":"https:\/\/raymarine.ee\/"},{"@type":"ListItem","position":2,"name":"Tooted","item":"https:\/\/raymarine.ee\/shop\/"},{"@type":"ListItem","position":3,"name":"M232 Termokaamera IP Camera (320 x 240, 9Hz) with Pan, Tilt and electronic zoom"}]},{"@type":"WebSite","@id":"https:\/\/raymarine.ee\/#website","url":"https:\/\/raymarine.ee\/","name":"www.raymarine.ee","description":"Mereelektroonika, kaardiplotter, autopiloot, pinnipiloot, roolipiloot, radar, AIS, VHF, Smart Wind","publisher":{"@id":"https:\/\/raymarine.ee\/#organization"},"alternateName":"Raymarine","potentialAction":[{"@type":"SearchAction","target":{"@type":"EntryPoint","urlTemplate":"https:\/\/raymarine.ee\/?s={search_term_string}"},"query-input":{"@type":"PropertyValueSpecification","valueRequired":true,"valueName":"search_term_string"}}],"inLanguage":"en-GB"},{"@type":"Organization","@id":"https:\/\/raymarine.ee\/#organization","name":"NavSystems O\u00dc","url":"https:\/\/raymarine.ee\/","logo":{"@type":"ImageObject","inLanguage":"en-GB","@id":"https:\/\/raymarine.ee\/#\/schema\/logo\/image\/","url":"https:\/\/raymarine.ee\/wp-content\/uploads\/2024\/10\/Screenshot-2024-10-15-151324_bg_removed.webp","contentUrl":"https:\/\/raymarine.ee\/wp-content\/uploads\/2024\/10\/Screenshot-2024-10-15-151324_bg_removed.webp","width":420,"height":276,"caption":"NavSystems O\u00dc"},"image":{"@id":"https:\/\/raymarine.ee\/#\/schema\/logo\/image\/"},"sameAs":["https:\/\/www.facebook.com\/NavSystems"],"legalName":"NavSystems O\u00dc","foundingDate":"2011-05-03","numberOfEmployees":{"@type":"QuantitativeValue","minValue":"1","maxValue":"10"}}]},"product_price_amount":"4444.35","product_price_currency":"EUR","og_availability":"backorder","product_availability":"available for order","product_retailer_item_id":"E70354","product_condition":"new"},"jetpack_sharing_enabled":true,"_links":{"self":[{"href":"https:\/\/raymarine.ee\/en\/wp-json\/wp\/v2\/product\/6494","targetHints":{"allow":["GET"]}}],"collection":[{"href":"https:\/\/raymarine.ee\/en\/wp-json\/wp\/v2\/product"}],"about":[{"href":"https:\/\/raymarine.ee\/en\/wp-json\/wp\/v2\/types\/product"}],"wp:featuredmedia":[{"embeddable":true,"href":"https:\/\/raymarine.ee\/en\/wp-json\/wp\/v2\/media\/7746"}],"wp:attachment":[{"href":"https:\/\/raymarine.ee\/en\/wp-json\/wp\/v2\/media?parent=6494"}],"wp:term":[{"taxonomy":"product_brand","embeddable":true,"href":"https:\/\/raymarine.ee\/en\/wp-json\/wp\/v2\/product_brand?post=6494"},{"taxonomy":"product_cat","embeddable":true,"href":"https:\/\/raymarine.ee\/en\/wp-json\/wp\/v2\/product_cat?post=6494"},{"taxonomy":"product_tag","embeddable":true,"href":"https:\/\/raymarine.ee\/en\/wp-json\/wp\/v2\/product_tag?post=6494"}],"curies":[{"name":"wp","href":"https:\/\/api.w.org\/{rel}","templated":true}]}}