{"id":6497,"date":"2025-01-02T16:58:44","date_gmt":"2025-01-02T16:58:44","guid":{"rendered":"https:\/\/raymarine.ee\/?post_type=product&#038;p=6497"},"modified":"2026-04-07T19:10:58","modified_gmt":"2026-04-07T16:10:58","slug":"m364-stabilised-pan-tilt-thermal-ip-camera-640-x-512-30hz-24-fov-termokaamera","status":"publish","type":"product","link":"https:\/\/raymarine.ee\/en\/product\/m364-stabilised-pan-tilt-thermal-ip-camera-640-x-512-30hz-24-fov-termokaamera\/","title":{"rendered":"Termokaamera M364 Stabilised Pan &#038; Tilt Thermal IP Camera (640 x 512, 30Hz, 24\u00b0 FoV) termokaamera"},"content":{"rendered":"<h3>Vaata\u00a0<a href=\"https:\/\/www.flir.eu\/products\/m364\/\" target=\"_blank\" rel=\"noopener\">M364 termokaamera<\/a>\u00a0tootetutvustust<\/h3>\n<p>M364 Stabilized Thermal IP Camera<\/p>\n<p>Pairing a rugged, all-weather design with one of the most advanced FLIR thermal imaging cores, the M364 deliver awareness-enhancing thermal vision for law enforcement, commercial, and recreational applications. Advanced gyro-stabilization and high-performance thermal imaging detect obstacles and targets in complete darkness and heavy seas, allowing safe navigation in the most challenging conditions.<\/p>\n<p>SAFE NAVIGATION IN LOW VISIBILITY ENVIRONMENTS<\/p>\n<p>Thermal imaging offers vision in complete darkness, glare, and light fog.<\/p>\n<ul>\n<li>Powered by the breakthrough FLIR Boson thermal imaging core<\/li>\n<li>Thermal resolution 640 x 512 VOx Microbolometer<\/li>\n<li>Smooth image refresh rates up to 30 Hz<\/li>\n<li>Pan\/Tilt Adjustment Range360\u00b0 Continuous Pan, +\/- 90\u00b0 Tilt<\/li>\n<li>Advanced onboard image processing technology<\/li>\n<li>ClearCruise Augmented Reality-enabled when paired with Raymarine Axiom MFDs<\/li>\n<\/ul>\n<p>A STEADY VIEW IN ROUGH SEAS<\/p>\n<p>Stable viewing in heavy seas keeps eyes on-target.<\/p>\n<ul>\n<li>Two-axis mechanical stabilization virtually eliminates the effects of pitch, heave, and yaw<\/li>\n<li>Integrated AHRS (Attitude Heading Reference Sensor)<\/li>\n<li>Horizontal stabilization automatically keeps the camera on scene as you maneuver<\/li>\n<\/ul>\n<p>SEAMLESS INTEGRATION<\/p>\n<p>Exceptional connectivity with navigation and security systems.<\/p>\n<ul>\n<li>Optional joystick control unit and multifunction navigation display integration (JCU2)<\/li>\n<li>ONVIF-compliant for PTZ security camera functionality<\/li>\n<li>H.264 IP video stream, HD-SDI lossless, and analog video output<\/li>\n<\/ul>\n<p id=\"specifications\">Specifications:<\/p>\n<table class=\"app-stripped-table\">\n<tbody>\n<tr>\n<td>Detector Type: 640 x 512 VOx Microbolometer<\/td>\n<\/tr>\n<tr>\n<td>Field of View: 24\u00b0 x 18\u00b0<\/td>\n<\/tr>\n<tr>\n<td>Image Processing: FLIR Proprietary Digital Detail Enhancement<\/td>\n<\/tr>\n<tr>\n<td>HD-SDI Lossless Video Output: Yes<\/td>\n<\/tr>\n<tr>\n<td>Network Video Output: Single H.264 Network Video Stream<\/td>\n<\/tr>\n<tr>\n<td>Pan &amp; Tilt Adjustment Range: 360\u00b0 Continuous Pan, +\/- 90\u00b0 Tilt<\/td>\n<\/tr>\n<tr>\n<td>Pan\/Tilt: Yes<\/td>\n<\/tr>\n<tr>\n<td>Analog Video Output: NTSC<\/td>\n<\/tr>\n<tr>\n<td>Analog Video Connector Types: BNC<\/td>\n<\/tr>\n<tr>\n<td>Automatic Window Defrost: Standard at Power-Up<\/td>\n<\/tr>\n<tr>\n<td>EMI: IEC60945<\/td>\n<\/tr>\n<tr>\n<td>Lightning Protection: Standard<\/td>\n<\/tr>\n<tr>\n<td>Operating Temperature Range: -13\u00b0F to +131\u00b0F (-25\u00b0C to +55\u00b0C)<\/td>\n<\/tr>\n<tr>\n<td>Salt Mist: IEC60945<\/td>\n<\/tr>\n<tr>\n<td>Shock: 15g vertical, 9g horizontal<\/td>\n<\/tr>\n<tr>\n<td>Storage Temperature Range: -30\u00b0F to +158\u00b0F (-30\u00b0C to +70\u00b0C)<\/td>\n<\/tr>\n<tr>\n<td>Vibration: IEC60945<\/td>\n<\/tr>\n<tr>\n<td>Water Ingress: IPX6 (heavy seas, power jets of water)<\/td>\n<\/tr>\n<tr>\n<td>Wind: 100 knots (115.2 MPH)<\/td>\n<\/tr>\n<tr>\n<td>Sand &amp; Dust Ingress: Mil-Std-810E or IP6X<\/td>\n<\/tr>\n<tr>\n<td>Focus: Fixed 12ft (3m) to infinity<\/td>\n<\/tr>\n<tr>\n<td>Continuous E-Zoom: 8x<\/td>\n<\/tr>\n<tr>\n<td>Focal Length &#8211; Thermal: 18mm<\/td>\n<\/tr>\n<tr>\n<td>Video Refresh Rate &#8211; Thermal: 30 Hz<\/td>\n<\/tr>\n<\/tbody>\n<\/table>\n<h3>Tegemist on spetsiifilise tootega mille kasutamisel muudes\u00a0s\u00fcsteemides kui Raymarine LightHouse II\u00a0ja LightHouse 3\/4<br \/>\non vaja v\u00e4hemalt elementaarseid teadmisi arvutiv\u00f5rgust ja IP aadressidest. Kui teate juba\u00a0ette, et kasutate seda toodet<br \/>\nmujal kui eelpool mainitud\u00a0Raymarine s\u00fcsteemid, siis on h\u00e4davajalik osta juurde JCU-2 joystick. Kui\u00a0k\u00f5hklete kas saate<br \/>\nhakkama,\u00a0siis konsulteerige enne ostu oma IT spetsialistiga.\u00a0Kui\u00a0asja \u00f5nnestumine on\u00a0k\u00fcsitav v\u00f5i\u00a0tundub\u00a0liiga keeruline,<br \/>\nsiis on\u00a0targem see toode ostmata j\u00e4tta.\u00a0Arvuti- ja IT abi meie ei paku.\u00a0NB!\u00a0Termokaameraid tagastada ei saa.<\/h3>\n<p>Lae alla\u00a0<a href=\"https:\/\/raymarine.ee\/en\/public\/files\/Raymarine\/Juhendid\/FLIR\/M364C-M364C-LR-Quick.pdf\/\" target=\"_blank\" rel=\"noopener\">M364C\u00a0termokaamera<\/a>\u00a0kiirjuhend.<\/p>\n<p>Lae alla\u00a0<a href=\"https:\/\/raymarine.ee\/en\/public\/files\/Raymarine\/Juhendid\/FLIR\/M300-manual.pdf\/\" target=\"_blank\" rel=\"noopener\">M4364C\u00a0termokaamera<\/a>\u00a0kasutusjuhend.<\/p>\n<p>Lae alla\u00a0<a href=\"https:\/\/raymarine.ee\/en\/public\/files\/Raymarine\/Juhendid\/FLIR\/Flir-M300.pdf\/\" target=\"_blank\" rel=\"noopener\">M300 seeria termokaamerate<\/a>\u00a0tootetutvustus.<\/p>","protected":false},"excerpt":{"rendered":"<p>Pairing a rugged, all-weather design with one of the most advanced FLIR thermal imaging cores, the M332 and M364 deliver awareness-enhancing thermal vision for law enforcement, commercial, and recreational applications. Advanced gyro-stabilization and high-performance thermal imaging detect obstacles and targets in complete darkness and heavy seas, allowing safe navigation in the most challenging conditions.<\/p>","protected":false},"featured_media":7748,"template":"","meta":{"_acf_changed":false},"product_brand":[135],"product_cat":[56],"product_tag":[],"class_list":{"0":"post-6497","1":"product","2":"type-product","3":"status-publish","4":"has-post-thumbnail","6":"product_brand-flir","7":"product_cat-flir-termokaamerad","9":"first","10":"onbackorder","11":"sale","12":"taxable","13":"shipping-taxable","14":"purchasable","15":"product-type-simple"},"acf":[],"yoast_head":"<!-- This site is optimized with the Yoast SEO Premium plugin v27.5 (Yoast SEO v27.5) - https:\/\/yoast.com\/product\/yoast-seo-premium-wordpress\/ -->\n<title>Termokaamera M364: T\u00e4iustatud n\u00e4htavus termokaameraga - NavSystems<\/title>\n<meta name=\"description\" content=\"Avasta t\u00e4iuslik termokaamera M364 mis pakub termopildi uut taset. Stabiliseeritud pilt ja hea n\u00e4htavus ka k\u00f5ige karmimates tingimustes!\" \/>\n<meta name=\"robots\" content=\"index, follow, max-snippet:-1, max-image-preview:large, max-video-preview:-1\" \/>\n<link rel=\"canonical\" href=\"https:\/\/raymarine.ee\/en\/product\/m364-stabilised-pan-tilt-thermal-ip-camera-640-x-512-30hz-24-fov-termokaamera\/\" \/>\n<meta property=\"og:locale\" content=\"en_GB\" \/>\n<meta property=\"og:type\" content=\"article\" \/>\n<meta property=\"og:title\" content=\"Termokaamera M364 Stabilised Pan &amp; Tilt Thermal IP Camera (640 x 512, 30Hz, 24\u00b0 FoV) termokaamera\" \/>\n<meta property=\"og:description\" content=\"Avasta t\u00e4iuslik termokaamera M364 mis pakub termopildi uut taset. Stabiliseeritud pilt ja hea n\u00e4htavus ka k\u00f5ige karmimates tingimustes!\" \/>\n<meta property=\"og:url\" content=\"https:\/\/raymarine.ee\/en\/product\/m364-stabilised-pan-tilt-thermal-ip-camera-640-x-512-30hz-24-fov-termokaamera\/\" \/>\n<meta property=\"og:site_name\" content=\"NavSystems\" \/>\n<meta property=\"article:publisher\" content=\"https:\/\/www.facebook.com\/NavSystems\" \/>\n<meta property=\"article:modified_time\" content=\"2026-04-07T16:10:58+00:00\" \/>\n<meta property=\"og:image\" content=\"https:\/\/raymarine.ee\/wp-content\/uploads\/2025\/01\/9e14b316-5c6b-405a-b187-9a48b1674f34.webp\" \/>\n\t<meta property=\"og:image:width\" content=\"1024\" \/>\n\t<meta property=\"og:image:height\" content=\"1024\" \/>\n\t<meta property=\"og:image:type\" content=\"image\/webp\" \/>\n<meta name=\"twitter:card\" content=\"summary_large_image\" \/>\n<meta name=\"twitter:label1\" content=\"Price\" \/>\n\t<meta name=\"twitter:data1\" content=\"18 637,39&nbsp;&euro;\" \/>\n\t<meta name=\"twitter:label2\" content=\"Availability\" \/>\n\t<meta name=\"twitter:data2\" content=\"On back order\" \/>\n<script type=\"application\/ld+json\" class=\"yoast-schema-graph\">{\"@context\":\"https:\\\/\\\/schema.org\",\"@graph\":[{\"@type\":\"WebPage\",\"@id\":\"https:\\\/\\\/raymarine.ee\\\/product\\\/m364-stabilised-pan-tilt-thermal-ip-camera-640-x-512-30hz-24-fov-termokaamera\\\/\",\"url\":\"https:\\\/\\\/raymarine.ee\\\/product\\\/m364-stabilised-pan-tilt-thermal-ip-camera-640-x-512-30hz-24-fov-termokaamera\\\/\",\"name\":\"Termokaamera M364: T\u00e4iustatud n\u00e4htavus termokaameraga - NavSystems\",\"isPartOf\":{\"@id\":\"https:\\\/\\\/raymarine.ee\\\/#website\"},\"primaryImageOfPage\":{\"@id\":\"https:\\\/\\\/raymarine.ee\\\/product\\\/m364-stabilised-pan-tilt-thermal-ip-camera-640-x-512-30hz-24-fov-termokaamera\\\/#primaryimage\"},\"image\":{\"@id\":\"https:\\\/\\\/raymarine.ee\\\/product\\\/m364-stabilised-pan-tilt-thermal-ip-camera-640-x-512-30hz-24-fov-termokaamera\\\/#primaryimage\"},\"thumbnailUrl\":\"https:\\\/\\\/raymarine.ee\\\/wp-content\\\/uploads\\\/2025\\\/01\\\/9e14b316-5c6b-405a-b187-9a48b1674f34.webp\",\"datePublished\":\"2025-01-02T16:58:44+00:00\",\"dateModified\":\"2026-04-07T16:10:58+00:00\",\"description\":\"Avasta t\u00e4iuslik termokaamera M364 mis pakub termopildi uut taset. Stabiliseeritud pilt ja hea n\u00e4htavus ka k\u00f5ige karmimates tingimustes!\",\"breadcrumb\":{\"@id\":\"https:\\\/\\\/raymarine.ee\\\/product\\\/m364-stabilised-pan-tilt-thermal-ip-camera-640-x-512-30hz-24-fov-termokaamera\\\/#breadcrumb\"},\"inLanguage\":\"en-GB\",\"potentialAction\":[{\"@type\":\"ReadAction\",\"target\":[\"https:\\\/\\\/raymarine.ee\\\/product\\\/m364-stabilised-pan-tilt-thermal-ip-camera-640-x-512-30hz-24-fov-termokaamera\\\/\"]}]},{\"@type\":\"ImageObject\",\"inLanguage\":\"en-GB\",\"@id\":\"https:\\\/\\\/raymarine.ee\\\/product\\\/m364-stabilised-pan-tilt-thermal-ip-camera-640-x-512-30hz-24-fov-termokaamera\\\/#primaryimage\",\"url\":\"https:\\\/\\\/raymarine.ee\\\/wp-content\\\/uploads\\\/2025\\\/01\\\/9e14b316-5c6b-405a-b187-9a48b1674f34.webp\",\"contentUrl\":\"https:\\\/\\\/raymarine.ee\\\/wp-content\\\/uploads\\\/2025\\\/01\\\/9e14b316-5c6b-405a-b187-9a48b1674f34.webp\",\"width\":1024,\"height\":1024},{\"@type\":\"BreadcrumbList\",\"@id\":\"https:\\\/\\\/raymarine.ee\\\/product\\\/m364-stabilised-pan-tilt-thermal-ip-camera-640-x-512-30hz-24-fov-termokaamera\\\/#breadcrumb\",\"itemListElement\":[{\"@type\":\"ListItem\",\"position\":1,\"name\":\"Home\",\"item\":\"https:\\\/\\\/raymarine.ee\\\/\"},{\"@type\":\"ListItem\",\"position\":2,\"name\":\"Tooted\",\"item\":\"https:\\\/\\\/raymarine.ee\\\/shop\\\/\"},{\"@type\":\"ListItem\",\"position\":3,\"name\":\"Termokaamera M364 Stabilised Pan &#038; Tilt Thermal IP Camera (640 x 512, 30Hz, 24\u00b0 FoV) termokaamera\"}]},{\"@type\":\"WebSite\",\"@id\":\"https:\\\/\\\/raymarine.ee\\\/#website\",\"url\":\"https:\\\/\\\/raymarine.ee\\\/\",\"name\":\"www.raymarine.ee\",\"description\":\"Mereelektroonika, kaardiplotter, autopiloot, pinnipiloot, roolipiloot, radar, AIS, VHF, Smart Wind\",\"publisher\":{\"@id\":\"https:\\\/\\\/raymarine.ee\\\/#organization\"},\"alternateName\":\"Raymarine\",\"potentialAction\":[{\"@type\":\"SearchAction\",\"target\":{\"@type\":\"EntryPoint\",\"urlTemplate\":\"https:\\\/\\\/raymarine.ee\\\/?s={search_term_string}\"},\"query-input\":{\"@type\":\"PropertyValueSpecification\",\"valueRequired\":true,\"valueName\":\"search_term_string\"}}],\"inLanguage\":\"en-GB\"},{\"@type\":\"Organization\",\"@id\":\"https:\\\/\\\/raymarine.ee\\\/#organization\",\"name\":\"NavSystems O\u00dc\",\"url\":\"https:\\\/\\\/raymarine.ee\\\/\",\"logo\":{\"@type\":\"ImageObject\",\"inLanguage\":\"en-GB\",\"@id\":\"https:\\\/\\\/raymarine.ee\\\/#\\\/schema\\\/logo\\\/image\\\/\",\"url\":\"https:\\\/\\\/raymarine.ee\\\/wp-content\\\/uploads\\\/2024\\\/10\\\/Screenshot-2024-10-15-151324_bg_removed.webp\",\"contentUrl\":\"https:\\\/\\\/raymarine.ee\\\/wp-content\\\/uploads\\\/2024\\\/10\\\/Screenshot-2024-10-15-151324_bg_removed.webp\",\"width\":420,\"height\":276,\"caption\":\"NavSystems O\u00dc\"},\"image\":{\"@id\":\"https:\\\/\\\/raymarine.ee\\\/#\\\/schema\\\/logo\\\/image\\\/\"},\"sameAs\":[\"https:\\\/\\\/www.facebook.com\\\/NavSystems\"],\"legalName\":\"NavSystems O\u00dc\",\"foundingDate\":\"2011-05-03\",\"numberOfEmployees\":{\"@type\":\"QuantitativeValue\",\"minValue\":\"1\",\"maxValue\":\"10\"}}]}<\/script>\n<meta property=\"product:price:amount\" content=\"18637.39\" \/>\n<meta property=\"product:price:currency\" content=\"EUR\" \/>\n<meta property=\"og:availability\" content=\"backorder\" \/>\n<meta property=\"product:availability\" content=\"available for order\" \/>\n<meta property=\"product:retailer_item_id\" content=\"E70525\" \/>\n<meta property=\"product:condition\" content=\"new\" \/>\n<!-- \/ Yoast SEO Premium plugin. -->","yoast_head_json":{"title":"Termokaamera M364: T\u00e4iustatud n\u00e4htavus termokaameraga - NavSystems","description":"Avasta t\u00e4iuslik termokaamera M364 mis pakub termopildi uut taset. Stabiliseeritud pilt ja hea n\u00e4htavus ka k\u00f5ige karmimates tingimustes!","robots":{"index":"index","follow":"follow","max-snippet":"max-snippet:-1","max-image-preview":"max-image-preview:large","max-video-preview":"max-video-preview:-1"},"canonical":"https:\/\/raymarine.ee\/en\/product\/m364-stabilised-pan-tilt-thermal-ip-camera-640-x-512-30hz-24-fov-termokaamera\/","og_locale":"en_GB","og_type":"article","og_title":"Termokaamera M364 Stabilised Pan & Tilt Thermal IP Camera (640 x 512, 30Hz, 24\u00b0 FoV) termokaamera","og_description":"Avasta t\u00e4iuslik termokaamera M364 mis pakub termopildi uut taset. Stabiliseeritud pilt ja hea n\u00e4htavus ka k\u00f5ige karmimates tingimustes!","og_url":"https:\/\/raymarine.ee\/en\/product\/m364-stabilised-pan-tilt-thermal-ip-camera-640-x-512-30hz-24-fov-termokaamera\/","og_site_name":"NavSystems","article_publisher":"https:\/\/www.facebook.com\/NavSystems","article_modified_time":"2026-04-07T16:10:58+00:00","og_image":[{"width":1024,"height":1024,"url":"https:\/\/raymarine.ee\/wp-content\/uploads\/2025\/01\/9e14b316-5c6b-405a-b187-9a48b1674f34.webp","type":"image\/webp"}],"twitter_card":"summary_large_image","twitter_misc":{"Price":"18 637,39&nbsp;&euro;","Availability":"On back order"},"schema":{"@context":"https:\/\/schema.org","@graph":[{"@type":"WebPage","@id":"https:\/\/raymarine.ee\/product\/m364-stabilised-pan-tilt-thermal-ip-camera-640-x-512-30hz-24-fov-termokaamera\/","url":"https:\/\/raymarine.ee\/product\/m364-stabilised-pan-tilt-thermal-ip-camera-640-x-512-30hz-24-fov-termokaamera\/","name":"Termokaamera M364: T\u00e4iustatud n\u00e4htavus termokaameraga - NavSystems","isPartOf":{"@id":"https:\/\/raymarine.ee\/#website"},"primaryImageOfPage":{"@id":"https:\/\/raymarine.ee\/product\/m364-stabilised-pan-tilt-thermal-ip-camera-640-x-512-30hz-24-fov-termokaamera\/#primaryimage"},"image":{"@id":"https:\/\/raymarine.ee\/product\/m364-stabilised-pan-tilt-thermal-ip-camera-640-x-512-30hz-24-fov-termokaamera\/#primaryimage"},"thumbnailUrl":"https:\/\/raymarine.ee\/wp-content\/uploads\/2025\/01\/9e14b316-5c6b-405a-b187-9a48b1674f34.webp","datePublished":"2025-01-02T16:58:44+00:00","dateModified":"2026-04-07T16:10:58+00:00","description":"Avasta t\u00e4iuslik termokaamera M364 mis pakub termopildi uut taset. Stabiliseeritud pilt ja hea n\u00e4htavus ka k\u00f5ige karmimates tingimustes!","breadcrumb":{"@id":"https:\/\/raymarine.ee\/product\/m364-stabilised-pan-tilt-thermal-ip-camera-640-x-512-30hz-24-fov-termokaamera\/#breadcrumb"},"inLanguage":"en-GB","potentialAction":[{"@type":"ReadAction","target":["https:\/\/raymarine.ee\/product\/m364-stabilised-pan-tilt-thermal-ip-camera-640-x-512-30hz-24-fov-termokaamera\/"]}]},{"@type":"ImageObject","inLanguage":"en-GB","@id":"https:\/\/raymarine.ee\/product\/m364-stabilised-pan-tilt-thermal-ip-camera-640-x-512-30hz-24-fov-termokaamera\/#primaryimage","url":"https:\/\/raymarine.ee\/wp-content\/uploads\/2025\/01\/9e14b316-5c6b-405a-b187-9a48b1674f34.webp","contentUrl":"https:\/\/raymarine.ee\/wp-content\/uploads\/2025\/01\/9e14b316-5c6b-405a-b187-9a48b1674f34.webp","width":1024,"height":1024},{"@type":"BreadcrumbList","@id":"https:\/\/raymarine.ee\/product\/m364-stabilised-pan-tilt-thermal-ip-camera-640-x-512-30hz-24-fov-termokaamera\/#breadcrumb","itemListElement":[{"@type":"ListItem","position":1,"name":"Home","item":"https:\/\/raymarine.ee\/"},{"@type":"ListItem","position":2,"name":"Tooted","item":"https:\/\/raymarine.ee\/shop\/"},{"@type":"ListItem","position":3,"name":"Termokaamera M364 Stabilised Pan &#038; Tilt Thermal IP Camera (640 x 512, 30Hz, 24\u00b0 FoV) termokaamera"}]},{"@type":"WebSite","@id":"https:\/\/raymarine.ee\/#website","url":"https:\/\/raymarine.ee\/","name":"www.raymarine.ee","description":"Mereelektroonika, kaardiplotter, autopiloot, pinnipiloot, roolipiloot, radar, AIS, VHF, Smart Wind","publisher":{"@id":"https:\/\/raymarine.ee\/#organization"},"alternateName":"Raymarine","potentialAction":[{"@type":"SearchAction","target":{"@type":"EntryPoint","urlTemplate":"https:\/\/raymarine.ee\/?s={search_term_string}"},"query-input":{"@type":"PropertyValueSpecification","valueRequired":true,"valueName":"search_term_string"}}],"inLanguage":"en-GB"},{"@type":"Organization","@id":"https:\/\/raymarine.ee\/#organization","name":"NavSystems O\u00dc","url":"https:\/\/raymarine.ee\/","logo":{"@type":"ImageObject","inLanguage":"en-GB","@id":"https:\/\/raymarine.ee\/#\/schema\/logo\/image\/","url":"https:\/\/raymarine.ee\/wp-content\/uploads\/2024\/10\/Screenshot-2024-10-15-151324_bg_removed.webp","contentUrl":"https:\/\/raymarine.ee\/wp-content\/uploads\/2024\/10\/Screenshot-2024-10-15-151324_bg_removed.webp","width":420,"height":276,"caption":"NavSystems O\u00dc"},"image":{"@id":"https:\/\/raymarine.ee\/#\/schema\/logo\/image\/"},"sameAs":["https:\/\/www.facebook.com\/NavSystems"],"legalName":"NavSystems O\u00dc","foundingDate":"2011-05-03","numberOfEmployees":{"@type":"QuantitativeValue","minValue":"1","maxValue":"10"}}]},"product_price_amount":"18637.39","product_price_currency":"EUR","og_availability":"backorder","product_availability":"available for order","product_retailer_item_id":"E70525","product_condition":"new"},"jetpack_sharing_enabled":true,"_links":{"self":[{"href":"https:\/\/raymarine.ee\/en\/wp-json\/wp\/v2\/product\/6497","targetHints":{"allow":["GET"]}}],"collection":[{"href":"https:\/\/raymarine.ee\/en\/wp-json\/wp\/v2\/product"}],"about":[{"href":"https:\/\/raymarine.ee\/en\/wp-json\/wp\/v2\/types\/product"}],"wp:featuredmedia":[{"embeddable":true,"href":"https:\/\/raymarine.ee\/en\/wp-json\/wp\/v2\/media\/7748"}],"wp:attachment":[{"href":"https:\/\/raymarine.ee\/en\/wp-json\/wp\/v2\/media?parent=6497"}],"wp:term":[{"taxonomy":"product_brand","embeddable":true,"href":"https:\/\/raymarine.ee\/en\/wp-json\/wp\/v2\/product_brand?post=6497"},{"taxonomy":"product_cat","embeddable":true,"href":"https:\/\/raymarine.ee\/en\/wp-json\/wp\/v2\/product_cat?post=6497"},{"taxonomy":"product_tag","embeddable":true,"href":"https:\/\/raymarine.ee\/en\/wp-json\/wp\/v2\/product_tag?post=6497"}],"curies":[{"name":"wp","href":"https:\/\/api.w.org\/{rel}","templated":true}]}}