{"id":6499,"date":"2025-01-02T16:56:52","date_gmt":"2025-01-02T16:56:52","guid":{"rendered":"https:\/\/raymarine.ee\/?post_type=product&#038;p=6499"},"modified":"2026-04-07T19:11:47","modified_gmt":"2026-04-07T16:11:47","slug":"m364c-lr-stabilised-pan-tilt-thermal-long-range-ip-camera-640-x-512-9hz-18-fov-termokaamera","status":"publish","type":"product","link":"https:\/\/raymarine.ee\/en\/product\/m364c-lr-stabilised-pan-tilt-thermal-long-range-ip-camera-640-x-512-9hz-18-fov-termokaamera\/","title":{"rendered":"Termokaamera M364C LR Stabilised Pan &#038; Tilt Thermal Long Range IP Camera (640 x 512, 9Hz, 18\u00b0 FoV) termokaamera"},"content":{"rendered":"<p>Vaata\u00a0<a href=\"https:\/\/www.flir.eu\/products\/m364c-lr\/\" target=\"_blank\" rel=\"noopener\">M364C LR termokaamera<\/a>\u00a0tootetutvustust<\/p>\n<h2>M364C LR Stabilzed Thermal\/Visible Long Range IP Camera<\/h2>\n<p>PREMIUM MULTISPECTRAL MARINE CAMERAS WITH ACTIVE GYRO-STABILIZATION<\/p>\n<p>Featuring a high definition low light camera and one of the most advanced FLIR thermal imaging cores, the M364C<br \/>\nprovide an elite level of awareness on the water. This camera use multispectral imaging to deliver exclusive FLIR Color<br \/>\nThermal Vision\u2122(CTV) \u00a0technology when used with Raymarine Axiom\u2122 MFDs. Color Thermal Vision blends visible camera<br \/>\ndetails with a thermal image, overlaying vital color imagery that allows captains to positively identify navigation aids and<br \/>\nother vessels within the thermal scene. Outstanding imaging performance and enhanced gyro-stabilization make the M364C<br \/>\nindispensable tools for law enforcement \u00a0 professionals, commercial mariners, and serious recreational boaters.<\/p>\n<p>ELITE AWARENESS WITH MULTISPECTRAL IMAGING<\/p>\n<p>Thermal and visible imaging featuring FLIR Color Thermal Vision and MSX\u00ae<\/p>\n<ul>\n<li>FLIR Boson 640 \u00d7 512 thermal sensor<\/li>\n<li>Thermal imaging detects objects in complete darkness, glare, and light fog<\/li>\n<li>Integrate the M364C with Raymarine Axiom and take advantage of FLIR Color Thermal Vision and MSX<br \/>\nmultispectral\u00a0imaging<\/li>\n<li>Color Thermal Vision blends thermal and the low light visible camera so captains can easily identify color<br \/>\ndetails like navigational lights and navigation aids<\/li>\n<\/ul>\n<p>HIGH DEFINITION NAVIGATION<\/p>\n<p>Low light HD visible imaging sensor and long-range zoom offer enhanced target identification.<\/p>\n<ul>\n<li>Better than binoculars, the M364C with 30x optical zoom and image stabilization delivers superior long-range<br \/>\nimaging and positive target identification<\/li>\n<li>Ultra-low light camera technology provides visible imagery in the most challenging lighting conditions<\/li>\n<li>Overlay AIS targets, chart objects, and waypoints in real time when combined with Raymarine Axiom and<br \/>\naward-winning\u00a0ClearCruise\u2122 augmented reality technology<\/li>\n<\/ul>\n<p>A STEADY VIEW IN ROUGH SEAS<\/p>\n<p>Steady, stable viewing in heavy seas keeps eyes on-target.<\/p>\n<ul>\n<li>Two-axis mechanical stabilization virtually eliminates the effects of pitch, heave, and yaw<\/li>\n<li>Horizontal stabilization automatically keeps the camera positioned in the same direction as the vessel turns<\/li>\n<li>Integrated AHRS (Attitude Heading Reference Sensor)<\/li>\n<\/ul>\n<table border=\"0\" width=\"491\" cellspacing=\"0\" cellpadding=\"0\">\n<tbody>\n<tr>\n<td>SPECIFICATION:<\/p>\n<p>Detector Type: 640 x 512 VOx Microbolometer<\/td>\n<\/tr>\n<tr>\n<td>Field of View: 18\u00b0 x 13.5\u00b0<\/td>\n<\/tr>\n<tr>\n<td>Image Processing: FLIR Proprietary Digital Detail Enhancement<\/td>\n<\/tr>\n<tr>\n<td>HD-SDI Lossless Video Output: Yes<\/td>\n<\/tr>\n<tr>\n<td>Network Video Output: Single H.264 Network Video Stream<\/td>\n<\/tr>\n<tr>\n<td>Pan &amp; Tilt Adjustment Range: 360\u00b0 Continuous Pan, \u00b1 90\u00b0 Tilt<\/td>\n<\/tr>\n<tr>\n<td>Pan\/Tilt: Yes<\/td>\n<\/tr>\n<tr>\n<td>E-Zoom &#8211; Color: 12x<\/td>\n<\/tr>\n<tr>\n<td>Analog Video Output: NTSC<\/td>\n<\/tr>\n<tr>\n<td>Analog Video Connector Types: BNC<\/td>\n<\/tr>\n<tr>\n<td>Zoom: 30x Optical Zoom<\/td>\n<\/tr>\n<tr>\n<td>Detector Type &#8211; Daylight: 1\/2.8&#8243; Exmor R CMOS<\/td>\n<\/tr>\n<tr>\n<td>Field of View &#8211; Daylight: Optical 63.7\u00b0 x 35.8\u00b0 WFOV to 2.3\u00b0 x 1.29\u00b0 NFOV<\/td>\n<\/tr>\n<tr>\n<td>Focal Length &#8211; Daylight: 129 mm to 4.3 mm<\/td>\n<\/tr>\n<tr>\n<td>Lines of Resolution &#8211; Daylight: High Definition up to 1080\/30p<\/td>\n<\/tr>\n<tr>\n<td>Minimum Illumination &#8211; Daylight: 0.1 lux (50 IRE, 1\/30s, ICR off, slow shutter off, high sensitivity off) \/ 0.0008 lux (30 IRE, ICR on, slow shutter 1\/4s, high sensitivity on)<\/td>\n<\/tr>\n<tr>\n<td>Automatic Window Defrost: Standard at Power-Up<\/td>\n<\/tr>\n<tr>\n<td>EMI: IEC60945<\/td>\n<\/tr>\n<tr>\n<td>Lightning Protection: Standard<\/td>\n<\/tr>\n<tr>\n<td>Operating Temperature Range: -13\u00b0F to +131\u00b0F (-25\u00b0C to +55\u00b0C)<\/td>\n<\/tr>\n<tr>\n<td>Salt Mist: IEC60945<\/td>\n<\/tr>\n<tr>\n<td>Shock: 15g vertical, 9g horizontal<\/td>\n<\/tr>\n<tr>\n<td>Storage Temperature Range: -30\u00b0F to +158\u00b0F (-30\u00b0C to +70\u00b0C)<\/td>\n<\/tr>\n<tr>\n<td>Vibration: IEC60945<\/td>\n<\/tr>\n<tr>\n<td>Water Ingress: IPX6 (heavy seas, power jets of water)<\/td>\n<\/tr>\n<tr>\n<td>Wind: 100 knots (115.2 MPH)<\/td>\n<\/tr>\n<tr>\n<td>Sand &amp; Dust Ingress: Mil-Std-810E or IP6X<\/td>\n<\/tr>\n<tr>\n<td>Focus: Fixed 12ft (3m) to infinity<\/td>\n<\/tr>\n<tr>\n<td>Continuous E-Zoom: 8x<\/td>\n<\/tr>\n<tr>\n<td>Focal Length &#8211; Thermal: 25mm<\/td>\n<\/tr>\n<tr>\n<td>Video Refresh Rate &#8211; Thermal: 9 Hz<\/td>\n<\/tr>\n<\/tbody>\n<\/table>\n<p>Tegemist on spetsiifilise tootega mille kasutamisel muudes\u00a0s\u00fcsteemides kui Raymarine LightHouse II\u00a0ja LightHouse 3\/4<br \/>\non vaja v\u00e4hemalt elementaarseid teadmisi arvutiv\u00f5rgust ja IP aadressidest. Kui teate juba\u00a0ette, et kasutate seda toodet<br \/>\nmujal kui eelpool mainitud\u00a0Raymarine s\u00fcsteemid, siis on h\u00e4davajalik osta juurde JCU-2 joystick. Kui\u00a0k\u00f5hklete kas saate<br \/>\nhakkama,\u00a0siis konsulteerige enne ostu oma IT spetsialistiga.\u00a0Kui\u00a0asja \u00f5nnestumine on\u00a0k\u00fcsitav v\u00f5i\u00a0tundub\u00a0liiga keeruline,<br \/>\nsiis on\u00a0targem see toode ostmata j\u00e4tta.\u00a0Arvuti- ja IT abi meie ei paku.\u00a0NB!\u00a0Termokaameraid tagastada ei saa.<\/p>\n<p>Lae alla\u00a0<a href=\"https:\/\/raymarine.ee\/en\/public\/files\/Raymarine\/Juhendid\/FLIR\/M364C-M364C-LR-Quick.pdf\/\" target=\"_blank\" rel=\"noopener\">M364C\u00a0termokaamera<\/a>\u00a0kiirjuhend.<\/p>\n<p>Lae alla\u00a0<a href=\"https:\/\/raymarine.ee\/en\/public\/files\/Raymarine\/Juhendid\/FLIR\/M300-manual.pdf\/\" target=\"_blank\" rel=\"noopener\">M4364C\u00a0termokaamera<\/a>\u00a0kasutusjuhend.<\/p>\n<p>Lae alla\u00a0<a href=\"https:\/\/raymarine.ee\/en\/public\/files\/Raymarine\/Juhendid\/FLIR\/Flir-M300.pdf\/\" target=\"_blank\" rel=\"noopener\">M300 seeria termokaamerate<\/a>\u00a0tootetutvustus.<\/p>","protected":false},"excerpt":{"rendered":"<p>M364C LR Stabilzed Thermal\/Visible Long Range IP Camera PREMIUM MULTISPECTRAL MARINE CAMERAS WITH ACTIVE GYRO-STABILIZATION Featuring a high definition low light camera and one of the most advanced FLIR thermal imaging cores, the M364C provide an elite level of awareness on the water. This camera use multispectral imaging to deliver exclusive FLIR Color Thermal Vision\u2122(CTV) technology when used with Raymarine Axiom\u2122 MFDs. Color Thermal Vision blends visible camera details with a thermal image, overlaying vital color imagery that allows captains to positively identify navigation aids and other vessels within the thermal scene. Outstanding imaging performance and enhanced gyro-stabilization make the M364C indispensable tools for law enforcement professionals, commercial mariners, and serious recreational boaters.<\/p>","protected":false},"featured_media":7750,"template":"","meta":{"_acf_changed":false},"product_brand":[135],"product_cat":[56],"product_tag":[],"class_list":{"0":"post-6499","1":"product","2":"type-product","3":"status-publish","4":"has-post-thumbnail","6":"product_brand-flir","7":"product_cat-flir-termokaamerad","9":"first","10":"onbackorder","11":"sale","12":"taxable","13":"shipping-taxable","14":"purchasable","15":"product-type-simple"},"acf":[],"yoast_head":"<!-- This site is optimized with the Yoast SEO Premium plugin v27.5 (Yoast SEO v27.5) - https:\/\/yoast.com\/product\/yoast-seo-premium-wordpress\/ -->\n<title>Termokaamera M364C LR: Tipptasemel tehnoloogia - NavSystems<\/title>\n<meta name=\"description\" content=\"Uuri l\u00e4hemalt M364C LR termokaamera omadusi ja avasta k\u00f5rge kvaliteediga \u00f6\u00f6-n\u00e4gemise v\u00f5imalused merel. Parima n\u00e4htavuse saamiseks vali see toode!\" \/>\n<meta name=\"robots\" content=\"index, follow, max-snippet:-1, max-image-preview:large, max-video-preview:-1\" \/>\n<link rel=\"canonical\" href=\"https:\/\/raymarine.ee\/en\/product\/m364c-lr-stabilised-pan-tilt-thermal-long-range-ip-camera-640-x-512-9hz-18-fov-termokaamera\/\" \/>\n<meta property=\"og:locale\" content=\"en_GB\" \/>\n<meta property=\"og:type\" content=\"article\" \/>\n<meta property=\"og:title\" content=\"Termokaamera M364C LR Stabilised Pan &amp; Tilt Thermal Long Range IP Camera (640 x 512, 9Hz, 18\u00b0 FoV) termokaamera\" \/>\n<meta property=\"og:description\" content=\"Uuri l\u00e4hemalt M364C LR termokaamera omadusi ja avasta k\u00f5rge kvaliteediga \u00f6\u00f6-n\u00e4gemise v\u00f5imalused merel. Parima n\u00e4htavuse saamiseks vali see toode!\" \/>\n<meta property=\"og:url\" content=\"https:\/\/raymarine.ee\/en\/product\/m364c-lr-stabilised-pan-tilt-thermal-long-range-ip-camera-640-x-512-9hz-18-fov-termokaamera\/\" \/>\n<meta property=\"og:site_name\" content=\"NavSystems\" \/>\n<meta property=\"article:publisher\" content=\"https:\/\/www.facebook.com\/NavSystems\" \/>\n<meta property=\"article:modified_time\" content=\"2026-04-07T16:11:47+00:00\" \/>\n<meta property=\"og:image\" content=\"https:\/\/raymarine.ee\/wp-content\/uploads\/2025\/01\/8e6a109f-1a74-4d32-a9e4-1b71bab4fde9.webp\" \/>\n\t<meta property=\"og:image:width\" content=\"1024\" \/>\n\t<meta property=\"og:image:height\" content=\"1024\" \/>\n\t<meta property=\"og:image:type\" content=\"image\/webp\" \/>\n<meta name=\"twitter:card\" content=\"summary_large_image\" \/>\n<meta name=\"twitter:label1\" content=\"Price\" \/>\n\t<meta name=\"twitter:data1\" content=\"37 280,79&nbsp;&euro;\" \/>\n\t<meta name=\"twitter:label2\" content=\"Availability\" \/>\n\t<meta name=\"twitter:data2\" content=\"On back order\" \/>\n<script type=\"application\/ld+json\" class=\"yoast-schema-graph\">{\"@context\":\"https:\\\/\\\/schema.org\",\"@graph\":[{\"@type\":\"WebPage\",\"@id\":\"https:\\\/\\\/raymarine.ee\\\/product\\\/m364c-lr-stabilised-pan-tilt-thermal-long-range-ip-camera-640-x-512-9hz-18-fov-termokaamera\\\/\",\"url\":\"https:\\\/\\\/raymarine.ee\\\/product\\\/m364c-lr-stabilised-pan-tilt-thermal-long-range-ip-camera-640-x-512-9hz-18-fov-termokaamera\\\/\",\"name\":\"Termokaamera M364C LR: Tipptasemel tehnoloogia - NavSystems\",\"isPartOf\":{\"@id\":\"https:\\\/\\\/raymarine.ee\\\/#website\"},\"primaryImageOfPage\":{\"@id\":\"https:\\\/\\\/raymarine.ee\\\/product\\\/m364c-lr-stabilised-pan-tilt-thermal-long-range-ip-camera-640-x-512-9hz-18-fov-termokaamera\\\/#primaryimage\"},\"image\":{\"@id\":\"https:\\\/\\\/raymarine.ee\\\/product\\\/m364c-lr-stabilised-pan-tilt-thermal-long-range-ip-camera-640-x-512-9hz-18-fov-termokaamera\\\/#primaryimage\"},\"thumbnailUrl\":\"https:\\\/\\\/raymarine.ee\\\/wp-content\\\/uploads\\\/2025\\\/01\\\/8e6a109f-1a74-4d32-a9e4-1b71bab4fde9.webp\",\"datePublished\":\"2025-01-02T16:56:52+00:00\",\"dateModified\":\"2026-04-07T16:11:47+00:00\",\"description\":\"Uuri l\u00e4hemalt M364C LR termokaamera omadusi ja avasta k\u00f5rge kvaliteediga \u00f6\u00f6-n\u00e4gemise v\u00f5imalused merel. Parima n\u00e4htavuse saamiseks vali see toode!\",\"breadcrumb\":{\"@id\":\"https:\\\/\\\/raymarine.ee\\\/product\\\/m364c-lr-stabilised-pan-tilt-thermal-long-range-ip-camera-640-x-512-9hz-18-fov-termokaamera\\\/#breadcrumb\"},\"inLanguage\":\"en-GB\",\"potentialAction\":[{\"@type\":\"ReadAction\",\"target\":[\"https:\\\/\\\/raymarine.ee\\\/product\\\/m364c-lr-stabilised-pan-tilt-thermal-long-range-ip-camera-640-x-512-9hz-18-fov-termokaamera\\\/\"]}]},{\"@type\":\"ImageObject\",\"inLanguage\":\"en-GB\",\"@id\":\"https:\\\/\\\/raymarine.ee\\\/product\\\/m364c-lr-stabilised-pan-tilt-thermal-long-range-ip-camera-640-x-512-9hz-18-fov-termokaamera\\\/#primaryimage\",\"url\":\"https:\\\/\\\/raymarine.ee\\\/wp-content\\\/uploads\\\/2025\\\/01\\\/8e6a109f-1a74-4d32-a9e4-1b71bab4fde9.webp\",\"contentUrl\":\"https:\\\/\\\/raymarine.ee\\\/wp-content\\\/uploads\\\/2025\\\/01\\\/8e6a109f-1a74-4d32-a9e4-1b71bab4fde9.webp\",\"width\":1024,\"height\":1024},{\"@type\":\"BreadcrumbList\",\"@id\":\"https:\\\/\\\/raymarine.ee\\\/product\\\/m364c-lr-stabilised-pan-tilt-thermal-long-range-ip-camera-640-x-512-9hz-18-fov-termokaamera\\\/#breadcrumb\",\"itemListElement\":[{\"@type\":\"ListItem\",\"position\":1,\"name\":\"Home\",\"item\":\"https:\\\/\\\/raymarine.ee\\\/\"},{\"@type\":\"ListItem\",\"position\":2,\"name\":\"Tooted\",\"item\":\"https:\\\/\\\/raymarine.ee\\\/shop\\\/\"},{\"@type\":\"ListItem\",\"position\":3,\"name\":\"Termokaamera M364C LR Stabilised Pan &#038; Tilt Thermal Long Range IP Camera (640 x 512, 9Hz, 18\u00b0 FoV) termokaamera\"}]},{\"@type\":\"WebSite\",\"@id\":\"https:\\\/\\\/raymarine.ee\\\/#website\",\"url\":\"https:\\\/\\\/raymarine.ee\\\/\",\"name\":\"www.raymarine.ee\",\"description\":\"Mereelektroonika, kaardiplotter, autopiloot, pinnipiloot, roolipiloot, radar, AIS, VHF, Smart Wind\",\"publisher\":{\"@id\":\"https:\\\/\\\/raymarine.ee\\\/#organization\"},\"alternateName\":\"Raymarine\",\"potentialAction\":[{\"@type\":\"SearchAction\",\"target\":{\"@type\":\"EntryPoint\",\"urlTemplate\":\"https:\\\/\\\/raymarine.ee\\\/?s={search_term_string}\"},\"query-input\":{\"@type\":\"PropertyValueSpecification\",\"valueRequired\":true,\"valueName\":\"search_term_string\"}}],\"inLanguage\":\"en-GB\"},{\"@type\":\"Organization\",\"@id\":\"https:\\\/\\\/raymarine.ee\\\/#organization\",\"name\":\"NavSystems O\u00dc\",\"url\":\"https:\\\/\\\/raymarine.ee\\\/\",\"logo\":{\"@type\":\"ImageObject\",\"inLanguage\":\"en-GB\",\"@id\":\"https:\\\/\\\/raymarine.ee\\\/#\\\/schema\\\/logo\\\/image\\\/\",\"url\":\"https:\\\/\\\/raymarine.ee\\\/wp-content\\\/uploads\\\/2024\\\/10\\\/Screenshot-2024-10-15-151324_bg_removed.webp\",\"contentUrl\":\"https:\\\/\\\/raymarine.ee\\\/wp-content\\\/uploads\\\/2024\\\/10\\\/Screenshot-2024-10-15-151324_bg_removed.webp\",\"width\":420,\"height\":276,\"caption\":\"NavSystems O\u00dc\"},\"image\":{\"@id\":\"https:\\\/\\\/raymarine.ee\\\/#\\\/schema\\\/logo\\\/image\\\/\"},\"sameAs\":[\"https:\\\/\\\/www.facebook.com\\\/NavSystems\"],\"legalName\":\"NavSystems O\u00dc\",\"foundingDate\":\"2011-05-03\",\"numberOfEmployees\":{\"@type\":\"QuantitativeValue\",\"minValue\":\"1\",\"maxValue\":\"10\"}}]}<\/script>\n<meta property=\"product:price:amount\" content=\"37280.79\" \/>\n<meta property=\"product:price:currency\" content=\"EUR\" \/>\n<meta property=\"og:availability\" content=\"backorder\" \/>\n<meta property=\"product:availability\" content=\"available for order\" \/>\n<meta property=\"product:retailer_item_id\" content=\"E70521\" \/>\n<meta property=\"product:condition\" content=\"new\" \/>\n<!-- \/ Yoast SEO Premium plugin. -->","yoast_head_json":{"title":"Termokaamera M364C LR: Tipptasemel tehnoloogia - NavSystems","description":"Uuri l\u00e4hemalt M364C LR termokaamera omadusi ja avasta k\u00f5rge kvaliteediga \u00f6\u00f6-n\u00e4gemise v\u00f5imalused merel. Parima n\u00e4htavuse saamiseks vali see toode!","robots":{"index":"index","follow":"follow","max-snippet":"max-snippet:-1","max-image-preview":"max-image-preview:large","max-video-preview":"max-video-preview:-1"},"canonical":"https:\/\/raymarine.ee\/en\/product\/m364c-lr-stabilised-pan-tilt-thermal-long-range-ip-camera-640-x-512-9hz-18-fov-termokaamera\/","og_locale":"en_GB","og_type":"article","og_title":"Termokaamera M364C LR Stabilised Pan & Tilt Thermal Long Range IP Camera (640 x 512, 9Hz, 18\u00b0 FoV) termokaamera","og_description":"Uuri l\u00e4hemalt M364C LR termokaamera omadusi ja avasta k\u00f5rge kvaliteediga \u00f6\u00f6-n\u00e4gemise v\u00f5imalused merel. Parima n\u00e4htavuse saamiseks vali see toode!","og_url":"https:\/\/raymarine.ee\/en\/product\/m364c-lr-stabilised-pan-tilt-thermal-long-range-ip-camera-640-x-512-9hz-18-fov-termokaamera\/","og_site_name":"NavSystems","article_publisher":"https:\/\/www.facebook.com\/NavSystems","article_modified_time":"2026-04-07T16:11:47+00:00","og_image":[{"width":1024,"height":1024,"url":"https:\/\/raymarine.ee\/wp-content\/uploads\/2025\/01\/8e6a109f-1a74-4d32-a9e4-1b71bab4fde9.webp","type":"image\/webp"}],"twitter_card":"summary_large_image","twitter_misc":{"Price":"37 280,79&nbsp;&euro;","Availability":"On back order"},"schema":{"@context":"https:\/\/schema.org","@graph":[{"@type":"WebPage","@id":"https:\/\/raymarine.ee\/product\/m364c-lr-stabilised-pan-tilt-thermal-long-range-ip-camera-640-x-512-9hz-18-fov-termokaamera\/","url":"https:\/\/raymarine.ee\/product\/m364c-lr-stabilised-pan-tilt-thermal-long-range-ip-camera-640-x-512-9hz-18-fov-termokaamera\/","name":"Termokaamera M364C LR: Tipptasemel tehnoloogia - NavSystems","isPartOf":{"@id":"https:\/\/raymarine.ee\/#website"},"primaryImageOfPage":{"@id":"https:\/\/raymarine.ee\/product\/m364c-lr-stabilised-pan-tilt-thermal-long-range-ip-camera-640-x-512-9hz-18-fov-termokaamera\/#primaryimage"},"image":{"@id":"https:\/\/raymarine.ee\/product\/m364c-lr-stabilised-pan-tilt-thermal-long-range-ip-camera-640-x-512-9hz-18-fov-termokaamera\/#primaryimage"},"thumbnailUrl":"https:\/\/raymarine.ee\/wp-content\/uploads\/2025\/01\/8e6a109f-1a74-4d32-a9e4-1b71bab4fde9.webp","datePublished":"2025-01-02T16:56:52+00:00","dateModified":"2026-04-07T16:11:47+00:00","description":"Uuri l\u00e4hemalt M364C LR termokaamera omadusi ja avasta k\u00f5rge kvaliteediga \u00f6\u00f6-n\u00e4gemise v\u00f5imalused merel. Parima n\u00e4htavuse saamiseks vali see toode!","breadcrumb":{"@id":"https:\/\/raymarine.ee\/product\/m364c-lr-stabilised-pan-tilt-thermal-long-range-ip-camera-640-x-512-9hz-18-fov-termokaamera\/#breadcrumb"},"inLanguage":"en-GB","potentialAction":[{"@type":"ReadAction","target":["https:\/\/raymarine.ee\/product\/m364c-lr-stabilised-pan-tilt-thermal-long-range-ip-camera-640-x-512-9hz-18-fov-termokaamera\/"]}]},{"@type":"ImageObject","inLanguage":"en-GB","@id":"https:\/\/raymarine.ee\/product\/m364c-lr-stabilised-pan-tilt-thermal-long-range-ip-camera-640-x-512-9hz-18-fov-termokaamera\/#primaryimage","url":"https:\/\/raymarine.ee\/wp-content\/uploads\/2025\/01\/8e6a109f-1a74-4d32-a9e4-1b71bab4fde9.webp","contentUrl":"https:\/\/raymarine.ee\/wp-content\/uploads\/2025\/01\/8e6a109f-1a74-4d32-a9e4-1b71bab4fde9.webp","width":1024,"height":1024},{"@type":"BreadcrumbList","@id":"https:\/\/raymarine.ee\/product\/m364c-lr-stabilised-pan-tilt-thermal-long-range-ip-camera-640-x-512-9hz-18-fov-termokaamera\/#breadcrumb","itemListElement":[{"@type":"ListItem","position":1,"name":"Home","item":"https:\/\/raymarine.ee\/"},{"@type":"ListItem","position":2,"name":"Tooted","item":"https:\/\/raymarine.ee\/shop\/"},{"@type":"ListItem","position":3,"name":"Termokaamera M364C LR Stabilised Pan &#038; Tilt Thermal Long Range IP Camera (640 x 512, 9Hz, 18\u00b0 FoV) termokaamera"}]},{"@type":"WebSite","@id":"https:\/\/raymarine.ee\/#website","url":"https:\/\/raymarine.ee\/","name":"www.raymarine.ee","description":"Mereelektroonika, kaardiplotter, autopiloot, pinnipiloot, roolipiloot, radar, AIS, VHF, Smart Wind","publisher":{"@id":"https:\/\/raymarine.ee\/#organization"},"alternateName":"Raymarine","potentialAction":[{"@type":"SearchAction","target":{"@type":"EntryPoint","urlTemplate":"https:\/\/raymarine.ee\/?s={search_term_string}"},"query-input":{"@type":"PropertyValueSpecification","valueRequired":true,"valueName":"search_term_string"}}],"inLanguage":"en-GB"},{"@type":"Organization","@id":"https:\/\/raymarine.ee\/#organization","name":"NavSystems O\u00dc","url":"https:\/\/raymarine.ee\/","logo":{"@type":"ImageObject","inLanguage":"en-GB","@id":"https:\/\/raymarine.ee\/#\/schema\/logo\/image\/","url":"https:\/\/raymarine.ee\/wp-content\/uploads\/2024\/10\/Screenshot-2024-10-15-151324_bg_removed.webp","contentUrl":"https:\/\/raymarine.ee\/wp-content\/uploads\/2024\/10\/Screenshot-2024-10-15-151324_bg_removed.webp","width":420,"height":276,"caption":"NavSystems O\u00dc"},"image":{"@id":"https:\/\/raymarine.ee\/#\/schema\/logo\/image\/"},"sameAs":["https:\/\/www.facebook.com\/NavSystems"],"legalName":"NavSystems O\u00dc","foundingDate":"2011-05-03","numberOfEmployees":{"@type":"QuantitativeValue","minValue":"1","maxValue":"10"}}]},"product_price_amount":"37280.79","product_price_currency":"EUR","og_availability":"backorder","product_availability":"available for order","product_retailer_item_id":"E70521","product_condition":"new"},"jetpack_sharing_enabled":true,"_links":{"self":[{"href":"https:\/\/raymarine.ee\/en\/wp-json\/wp\/v2\/product\/6499","targetHints":{"allow":["GET"]}}],"collection":[{"href":"https:\/\/raymarine.ee\/en\/wp-json\/wp\/v2\/product"}],"about":[{"href":"https:\/\/raymarine.ee\/en\/wp-json\/wp\/v2\/types\/product"}],"wp:featuredmedia":[{"embeddable":true,"href":"https:\/\/raymarine.ee\/en\/wp-json\/wp\/v2\/media\/7750"}],"wp:attachment":[{"href":"https:\/\/raymarine.ee\/en\/wp-json\/wp\/v2\/media?parent=6499"}],"wp:term":[{"taxonomy":"product_brand","embeddable":true,"href":"https:\/\/raymarine.ee\/en\/wp-json\/wp\/v2\/product_brand?post=6499"},{"taxonomy":"product_cat","embeddable":true,"href":"https:\/\/raymarine.ee\/en\/wp-json\/wp\/v2\/product_cat?post=6499"},{"taxonomy":"product_tag","embeddable":true,"href":"https:\/\/raymarine.ee\/en\/wp-json\/wp\/v2\/product_tag?post=6499"}],"curies":[{"name":"wp","href":"https:\/\/api.w.org\/{rel}","templated":true}]}}