{"id":6504,"date":"2025-01-02T16:50:26","date_gmt":"2025-01-02T16:50:26","guid":{"rendered":"https:\/\/raymarine.ee\/?post_type=product&#038;p=6504"},"modified":"2025-02-09T08:36:32","modified_gmt":"2025-02-09T06:36:32","slug":"raymarine-cam-50-pal","status":"publish","type":"product","link":"https:\/\/raymarine.ee\/en\/product\/raymarine-cam-50-pal\/","title":{"rendered":"Raymarine CAM 50 PAL"},"content":{"rendered":"<p>The ideal camera for interior installations. Unobtrusive dome design is ideal for mounting in the salon, wheel house or engine room.<\/p>\n<div id=\"esctl_866934\" class=\"element-tabs-panel-outer element-tabs-beta\">\n<div class=\"element-tabs-panel-inner\">\n<div class=\"ContentEditor\">\n<h2>CAM50 Features<\/h2>\n<ul>\n<li>Plug and play with Raymarine E Series<\/li>\n<li>Ceiling or wall mount<\/li>\n<li>Manually adjustable pan and tilt<\/li>\n<li>High quality imager<\/li>\n<li>Excellent colour reproduction<\/li>\n<\/ul>\n<\/div>\n<\/div>\n<\/div>\n<div id=\"esctl_866936\" class=\"element-tabs-panel-outer element-tabs-gamma\">\n<div class=\"element-tabs-panel-inner\">\n<div class=\"ContentEditor\">\n<h2>Specifications<\/h2>\n<ul>\n<li>Minimum Illumination: 0.3 Lux at F2<\/li>\n<li>Operating Temperature: -10\u00baC to 50\u00baC (14\u00baF to 122\u00ba F)<\/li>\n<li>Product weight: 11 oz. (0.31 kg)<\/li>\n<li>Format: PAL: 500 x 582 pixels<\/li>\n<li>Focal Length: 3.6 mm<\/li>\n<li>Overall dimensions: 3.38&#8243; (86mm) Diameter<br \/>\n2.68&#8243; (68mm) Tall<\/li>\n<li>Operating voltage: 12V DC (+30% to -10%)<\/li>\n<li>Power consumption: 80 mA @12V DC<\/li>\n<li>Imager: 1\/3 Super Sony HAD CCD (Medium Resolution)<\/li>\n<li>Horizontal Resolution: 380TVL<\/li>\n<li>Waterproofing: No. Not suitable for external mounting.<\/li>\n<\/ul>\n<\/div>\n<\/div>\n<\/div>","protected":false},"excerpt":{"rendered":"<p>Kuppelkorpusega CAM 50 peidab oma korpuses 1\/3\u201d Sony Super HAD CCD sensorit. Toode ei ole m\u00f5eldud \u00f5ue paigaldamiseks. Resolutsioon 500 x 582 pikselit. Kaamera t\u00f6\u00f6tab toitepingel 12V ja voolutarve on 80mA. Komplektis on kaasas toite- ja signaalikaabel.<\/p>","protected":false},"featured_media":7719,"template":"","meta":{"_acf_changed":false},"product_brand":[],"product_cat":[45],"product_tag":[],"class_list":{"0":"post-6504","1":"product","2":"type-product","3":"status-publish","4":"has-post-thumbnail","6":"product_cat-cameras","8":"first","9":"outofstock","10":"sale","11":"taxable","12":"shipping-taxable","13":"purchasable","14":"product-type-simple"},"acf":[],"yoast_head":"<!-- This site is optimized with the Yoast SEO Premium plugin v27.5 (Yoast SEO v27.5) - https:\/\/yoast.com\/product\/yoast-seo-premium-wordpress\/ -->\n<title>Raymarine CAM 50 PAL - NavSystems Mereelektroonika<\/title>\n<meta name=\"description\" content=\"Kaardiplotter, autopiloot, vhf, radar, pinnipiloot, roolipiloot, tuules\u00fcsteem, dst810, rsw wind, wind vane,\" \/>\n<meta name=\"robots\" content=\"index, follow, max-snippet:-1, max-image-preview:large, max-video-preview:-1\" \/>\n<link rel=\"canonical\" href=\"https:\/\/raymarine.ee\/en\/product\/raymarine-cam-50-pal\/\" \/>\n<meta property=\"og:locale\" content=\"en_GB\" \/>\n<meta property=\"og:type\" content=\"article\" \/>\n<meta property=\"og:title\" content=\"Raymarine CAM 50 PAL\" \/>\n<meta property=\"og:description\" content=\"Kaardiplotter, autopiloot, vhf, radar, pinnipiloot, roolipiloot, tuules\u00fcsteem, dst810, rsw wind, wind vane,\" \/>\n<meta property=\"og:url\" content=\"https:\/\/raymarine.ee\/en\/product\/raymarine-cam-50-pal\/\" \/>\n<meta property=\"og:site_name\" content=\"NavSystems\" \/>\n<meta property=\"article:publisher\" content=\"https:\/\/www.facebook.com\/NavSystems\" \/>\n<meta property=\"article:modified_time\" content=\"2025-02-09T06:36:32+00:00\" \/>\n<meta property=\"og:image\" content=\"https:\/\/raymarine.ee\/wp-content\/uploads\/2025\/01\/ca2e4af2-6efe-4ca2-9d05-9603a5f17a79.webp\" \/>\n\t<meta property=\"og:image:width\" content=\"1024\" \/>\n\t<meta property=\"og:image:height\" content=\"1024\" \/>\n\t<meta property=\"og:image:type\" content=\"image\/webp\" \/>\n<meta name=\"twitter:card\" content=\"summary_large_image\" \/>\n<meta name=\"twitter:label1\" content=\"Price\" \/>\n\t<meta name=\"twitter:data1\" content=\"349,00&nbsp;&euro;\" \/>\n\t<meta name=\"twitter:label2\" content=\"Availability\" \/>\n\t<meta name=\"twitter:data2\" content=\"Out of stock\" \/>\n<script type=\"application\/ld+json\" class=\"yoast-schema-graph\">{\"@context\":\"https:\\\/\\\/schema.org\",\"@graph\":[{\"@type\":\"WebPage\",\"@id\":\"https:\\\/\\\/raymarine.ee\\\/product\\\/raymarine-cam-50-pal\\\/\",\"url\":\"https:\\\/\\\/raymarine.ee\\\/product\\\/raymarine-cam-50-pal\\\/\",\"name\":\"Raymarine CAM 50 PAL - NavSystems Mereelektroonika\",\"isPartOf\":{\"@id\":\"https:\\\/\\\/raymarine.ee\\\/#website\"},\"primaryImageOfPage\":{\"@id\":\"https:\\\/\\\/raymarine.ee\\\/product\\\/raymarine-cam-50-pal\\\/#primaryimage\"},\"image\":{\"@id\":\"https:\\\/\\\/raymarine.ee\\\/product\\\/raymarine-cam-50-pal\\\/#primaryimage\"},\"thumbnailUrl\":\"https:\\\/\\\/raymarine.ee\\\/wp-content\\\/uploads\\\/2025\\\/01\\\/ca2e4af2-6efe-4ca2-9d05-9603a5f17a79.webp\",\"datePublished\":\"2025-01-02T16:50:26+00:00\",\"dateModified\":\"2025-02-09T06:36:32+00:00\",\"description\":\"Kaardiplotter, autopiloot, vhf, radar, pinnipiloot, roolipiloot, tuules\u00fcsteem, dst810, rsw wind, wind vane,\",\"breadcrumb\":{\"@id\":\"https:\\\/\\\/raymarine.ee\\\/product\\\/raymarine-cam-50-pal\\\/#breadcrumb\"},\"inLanguage\":\"en-GB\",\"potentialAction\":[{\"@type\":\"ReadAction\",\"target\":[\"https:\\\/\\\/raymarine.ee\\\/product\\\/raymarine-cam-50-pal\\\/\"]}]},{\"@type\":\"ImageObject\",\"inLanguage\":\"en-GB\",\"@id\":\"https:\\\/\\\/raymarine.ee\\\/product\\\/raymarine-cam-50-pal\\\/#primaryimage\",\"url\":\"https:\\\/\\\/raymarine.ee\\\/wp-content\\\/uploads\\\/2025\\\/01\\\/ca2e4af2-6efe-4ca2-9d05-9603a5f17a79.webp\",\"contentUrl\":\"https:\\\/\\\/raymarine.ee\\\/wp-content\\\/uploads\\\/2025\\\/01\\\/ca2e4af2-6efe-4ca2-9d05-9603a5f17a79.webp\",\"width\":1024,\"height\":1024},{\"@type\":\"BreadcrumbList\",\"@id\":\"https:\\\/\\\/raymarine.ee\\\/product\\\/raymarine-cam-50-pal\\\/#breadcrumb\",\"itemListElement\":[{\"@type\":\"ListItem\",\"position\":1,\"name\":\"Home\",\"item\":\"https:\\\/\\\/raymarine.ee\\\/\"},{\"@type\":\"ListItem\",\"position\":2,\"name\":\"Tooted\",\"item\":\"https:\\\/\\\/raymarine.ee\\\/shop\\\/\"},{\"@type\":\"ListItem\",\"position\":3,\"name\":\"Raymarine CAM 50 PAL\"}]},{\"@type\":\"WebSite\",\"@id\":\"https:\\\/\\\/raymarine.ee\\\/#website\",\"url\":\"https:\\\/\\\/raymarine.ee\\\/\",\"name\":\"www.raymarine.ee\",\"description\":\"Mereelektroonika, kaardiplotter, autopiloot, pinnipiloot, roolipiloot, radar, AIS, VHF, Smart Wind\",\"publisher\":{\"@id\":\"https:\\\/\\\/raymarine.ee\\\/#organization\"},\"alternateName\":\"Raymarine\",\"potentialAction\":[{\"@type\":\"SearchAction\",\"target\":{\"@type\":\"EntryPoint\",\"urlTemplate\":\"https:\\\/\\\/raymarine.ee\\\/?s={search_term_string}\"},\"query-input\":{\"@type\":\"PropertyValueSpecification\",\"valueRequired\":true,\"valueName\":\"search_term_string\"}}],\"inLanguage\":\"en-GB\"},{\"@type\":\"Organization\",\"@id\":\"https:\\\/\\\/raymarine.ee\\\/#organization\",\"name\":\"NavSystems O\u00dc\",\"url\":\"https:\\\/\\\/raymarine.ee\\\/\",\"logo\":{\"@type\":\"ImageObject\",\"inLanguage\":\"en-GB\",\"@id\":\"https:\\\/\\\/raymarine.ee\\\/#\\\/schema\\\/logo\\\/image\\\/\",\"url\":\"https:\\\/\\\/raymarine.ee\\\/wp-content\\\/uploads\\\/2024\\\/10\\\/Screenshot-2024-10-15-151324_bg_removed.webp\",\"contentUrl\":\"https:\\\/\\\/raymarine.ee\\\/wp-content\\\/uploads\\\/2024\\\/10\\\/Screenshot-2024-10-15-151324_bg_removed.webp\",\"width\":420,\"height\":276,\"caption\":\"NavSystems O\u00dc\"},\"image\":{\"@id\":\"https:\\\/\\\/raymarine.ee\\\/#\\\/schema\\\/logo\\\/image\\\/\"},\"sameAs\":[\"https:\\\/\\\/www.facebook.com\\\/NavSystems\"],\"legalName\":\"NavSystems O\u00dc\",\"foundingDate\":\"2011-05-03\",\"numberOfEmployees\":{\"@type\":\"QuantitativeValue\",\"minValue\":\"1\",\"maxValue\":\"10\"}}]}<\/script>\n<meta property=\"product:price:amount\" content=\"349.00\" \/>\n<meta property=\"product:price:currency\" content=\"EUR\" \/>\n<meta property=\"og:availability\" content=\"out of stock\" \/>\n<meta property=\"product:availability\" content=\"out of stock\" \/>\n<meta property=\"product:retailer_item_id\" content=\"E03017\" \/>\n<meta property=\"product:condition\" content=\"new\" \/>\n<!-- \/ Yoast SEO Premium plugin. -->","yoast_head_json":{"title":"Raymarine CAM 50 PAL - NavSystems Mereelektroonika","description":"Kaardiplotter, autopiloot, vhf, radar, pinnipiloot, roolipiloot, tuules\u00fcsteem, dst810, rsw wind, wind vane,","robots":{"index":"index","follow":"follow","max-snippet":"max-snippet:-1","max-image-preview":"max-image-preview:large","max-video-preview":"max-video-preview:-1"},"canonical":"https:\/\/raymarine.ee\/en\/product\/raymarine-cam-50-pal\/","og_locale":"en_GB","og_type":"article","og_title":"Raymarine CAM 50 PAL","og_description":"Kaardiplotter, autopiloot, vhf, radar, pinnipiloot, roolipiloot, tuules\u00fcsteem, dst810, rsw wind, wind vane,","og_url":"https:\/\/raymarine.ee\/en\/product\/raymarine-cam-50-pal\/","og_site_name":"NavSystems","article_publisher":"https:\/\/www.facebook.com\/NavSystems","article_modified_time":"2025-02-09T06:36:32+00:00","og_image":[{"width":1024,"height":1024,"url":"https:\/\/raymarine.ee\/wp-content\/uploads\/2025\/01\/ca2e4af2-6efe-4ca2-9d05-9603a5f17a79.webp","type":"image\/webp"}],"twitter_card":"summary_large_image","twitter_misc":{"Price":"349,00&nbsp;&euro;","Availability":"Out of stock"},"schema":{"@context":"https:\/\/schema.org","@graph":[{"@type":"WebPage","@id":"https:\/\/raymarine.ee\/product\/raymarine-cam-50-pal\/","url":"https:\/\/raymarine.ee\/product\/raymarine-cam-50-pal\/","name":"Raymarine CAM 50 PAL - NavSystems Mereelektroonika","isPartOf":{"@id":"https:\/\/raymarine.ee\/#website"},"primaryImageOfPage":{"@id":"https:\/\/raymarine.ee\/product\/raymarine-cam-50-pal\/#primaryimage"},"image":{"@id":"https:\/\/raymarine.ee\/product\/raymarine-cam-50-pal\/#primaryimage"},"thumbnailUrl":"https:\/\/raymarine.ee\/wp-content\/uploads\/2025\/01\/ca2e4af2-6efe-4ca2-9d05-9603a5f17a79.webp","datePublished":"2025-01-02T16:50:26+00:00","dateModified":"2025-02-09T06:36:32+00:00","description":"Kaardiplotter, autopiloot, vhf, radar, pinnipiloot, roolipiloot, tuules\u00fcsteem, dst810, rsw wind, wind vane,","breadcrumb":{"@id":"https:\/\/raymarine.ee\/product\/raymarine-cam-50-pal\/#breadcrumb"},"inLanguage":"en-GB","potentialAction":[{"@type":"ReadAction","target":["https:\/\/raymarine.ee\/product\/raymarine-cam-50-pal\/"]}]},{"@type":"ImageObject","inLanguage":"en-GB","@id":"https:\/\/raymarine.ee\/product\/raymarine-cam-50-pal\/#primaryimage","url":"https:\/\/raymarine.ee\/wp-content\/uploads\/2025\/01\/ca2e4af2-6efe-4ca2-9d05-9603a5f17a79.webp","contentUrl":"https:\/\/raymarine.ee\/wp-content\/uploads\/2025\/01\/ca2e4af2-6efe-4ca2-9d05-9603a5f17a79.webp","width":1024,"height":1024},{"@type":"BreadcrumbList","@id":"https:\/\/raymarine.ee\/product\/raymarine-cam-50-pal\/#breadcrumb","itemListElement":[{"@type":"ListItem","position":1,"name":"Home","item":"https:\/\/raymarine.ee\/"},{"@type":"ListItem","position":2,"name":"Tooted","item":"https:\/\/raymarine.ee\/shop\/"},{"@type":"ListItem","position":3,"name":"Raymarine CAM 50 PAL"}]},{"@type":"WebSite","@id":"https:\/\/raymarine.ee\/#website","url":"https:\/\/raymarine.ee\/","name":"www.raymarine.ee","description":"Mereelektroonika, kaardiplotter, autopiloot, pinnipiloot, roolipiloot, radar, AIS, VHF, Smart Wind","publisher":{"@id":"https:\/\/raymarine.ee\/#organization"},"alternateName":"Raymarine","potentialAction":[{"@type":"SearchAction","target":{"@type":"EntryPoint","urlTemplate":"https:\/\/raymarine.ee\/?s={search_term_string}"},"query-input":{"@type":"PropertyValueSpecification","valueRequired":true,"valueName":"search_term_string"}}],"inLanguage":"en-GB"},{"@type":"Organization","@id":"https:\/\/raymarine.ee\/#organization","name":"NavSystems O\u00dc","url":"https:\/\/raymarine.ee\/","logo":{"@type":"ImageObject","inLanguage":"en-GB","@id":"https:\/\/raymarine.ee\/#\/schema\/logo\/image\/","url":"https:\/\/raymarine.ee\/wp-content\/uploads\/2024\/10\/Screenshot-2024-10-15-151324_bg_removed.webp","contentUrl":"https:\/\/raymarine.ee\/wp-content\/uploads\/2024\/10\/Screenshot-2024-10-15-151324_bg_removed.webp","width":420,"height":276,"caption":"NavSystems O\u00dc"},"image":{"@id":"https:\/\/raymarine.ee\/#\/schema\/logo\/image\/"},"sameAs":["https:\/\/www.facebook.com\/NavSystems"],"legalName":"NavSystems O\u00dc","foundingDate":"2011-05-03","numberOfEmployees":{"@type":"QuantitativeValue","minValue":"1","maxValue":"10"}}]},"product_price_amount":"349.00","product_price_currency":"EUR","og_availability":"out of stock","product_availability":"out of stock","product_retailer_item_id":"E03017","product_condition":"new"},"jetpack_sharing_enabled":true,"_links":{"self":[{"href":"https:\/\/raymarine.ee\/en\/wp-json\/wp\/v2\/product\/6504","targetHints":{"allow":["GET"]}}],"collection":[{"href":"https:\/\/raymarine.ee\/en\/wp-json\/wp\/v2\/product"}],"about":[{"href":"https:\/\/raymarine.ee\/en\/wp-json\/wp\/v2\/types\/product"}],"wp:featuredmedia":[{"embeddable":true,"href":"https:\/\/raymarine.ee\/en\/wp-json\/wp\/v2\/media\/7719"}],"wp:attachment":[{"href":"https:\/\/raymarine.ee\/en\/wp-json\/wp\/v2\/media?parent=6504"}],"wp:term":[{"taxonomy":"product_brand","embeddable":true,"href":"https:\/\/raymarine.ee\/en\/wp-json\/wp\/v2\/product_brand?post=6504"},{"taxonomy":"product_cat","embeddable":true,"href":"https:\/\/raymarine.ee\/en\/wp-json\/wp\/v2\/product_cat?post=6504"},{"taxonomy":"product_tag","embeddable":true,"href":"https:\/\/raymarine.ee\/en\/wp-json\/wp\/v2\/product_tag?post=6504"}],"curies":[{"name":"wp","href":"https:\/\/api.w.org\/{rel}","templated":true}]}}