{"id":7800,"date":"2025-02-10T11:22:03","date_gmt":"2025-02-10T09:22:03","guid":{"rendered":"https:\/\/raymarine.ee\/?post_type=product&#038;p=7800"},"modified":"2026-04-09T20:47:01","modified_gmt":"2026-04-09T17:47:01","slug":"stng-backbone-adapter-nmea2000-male","status":"publish","type":"product","link":"https:\/\/raymarine.ee\/en\/product\/stng-backbone-adapter-nmea2000-male\/","title":{"rendered":"STNG BackBone adapter-NMEA2000 male"},"content":{"rendered":"<p>STNG BackBone adapterkaabel on hea v\u00f5imalus \u00fchendada STNG v\u00f5rk olemasoleva NMEA2000 v\u00f5rguga v\u00f5i vastupidi. Kui teete \u00fchenduse olemasoleva v\u00f5rgu otsa, siis l\u00e4heb vaja \u00fchte adapterkaablit ja kui teete \u00fchenduse keskele, siis l\u00e4heb vaja kahte adapterkaablit. Valige endale sobiv NMEA2000 pistik, v\u00f5imalusi on 2, kas Male v\u00f5i Female. Raymarine STNG BackBone (sinine\/must) kaabel nagu ka nimi \u00fctleb on &#8220;selgroo&#8221; kaabel. BackBone kaabel kulgeb paadis STNG v\u00f5rgu algusest l\u00f5puni ja m\u00f5istlik on v\u00f5rk koostada erinevate pikkustega kaablitest selliselt, et oleks v\u00f5imalik teha katkestused ja lisada T-liitmikuid v\u00f5i 5-Way liitmikuid kohtadesse kuhu on vaja lisada erinevaid STNG instrumente. BackBone on STNG v\u00f5rgu p\u00f5hikaabel ja v\u00f5rgu alustamiseks, j\u00e4tkamiseks v\u00f5i l\u00f5petamiseks tuleb lisada STNG terminaatorid, liitmikud ja 12V toide. STNG Siniseid ja valgeid kaableid ei saa valesti \u00fchendada, lisaks v\u00e4rvikodeeringule on STNG kaablitel ka erinev pinnide paigutus. Enne toote kasutamist tutvu STNG (NMEA2000) v\u00f5rgu t\u00f6\u00f6p\u00f5him\u00f5ttega. NB! STNG liitmike pistikupesade siniseid- ja valgeid mutreid tuleb keerata ainult veerand ringi. Vastavad t\u00e4histused on toote peale m\u00e4rgitud.<\/p>\n<p><strong>Juhendid:<\/strong><\/p>\n<p>Lae alla\u00a0<a href=\"https:\/\/raymarine.ee\/wp-content\/uploads\/2026\/04\/SeaTalkng-Reference-manual-81300-1-EN-1.pdf\" target=\"_blank\" rel=\"noopener\" data-wpel-link=\"internal\">STNG v\u00f5rgu \u00fcldine juhend<\/a><\/p>","protected":false},"excerpt":{"rendered":"<p>STNG BackBone adapterkaabel on hea v\u00f5imalus \u00fchendada STNG v\u00f5rk olemasoleva NMEA2000 v\u00f5rguga v\u00f5i vastupidi. Kui teete \u00fchenduse olemasoleva v\u00f5rgu otsa, siis l\u00e4heb vaja \u00fchte adapterkaablit ja kui teete \u00fchenduse keskele, siis l\u00e4heb vaja kahte adapterkaablit. Valige endale sobiv NMEA2000 pistik, v\u00f5imalusi on 2, kas Male v\u00f5i Female. Raymarine STNG BackBone (sinine\/must) kaabel nagu ka nimi \u00fctleb on &#8220;selgroo&#8221; kaabel. BackBone kaabel kulgeb paadis STNG v\u00f5rgu algusest l\u00f5puni ja m\u00f5istlik on v\u00f5rk koostada erinevate pikkustega kaablitest selliselt, et oleks v\u00f5imalik teha katkestused ja lisada T-liitmikuid v\u00f5i 5-Way liitmikuid kohtadesse kuhu on vaja lisada erinevaid STNG instrumente. BackBone on STNG v\u00f5rgu p\u00f5hikaabel ja v\u00f5rgu alustamiseks, j\u00e4tkamiseks v\u00f5i l\u00f5petamiseks tuleb lisada STNG terminaatorid, liitmikud ja 12V toide. STNG Siniseid ja valgeid kaableid ei saa valesti \u00fchendada, lisaks v\u00e4rvikodeeringule on STNG kaablitel ka erinev pinnide paigutus. Enne toote kasutamist tutvu STNG (NMEA2000) v\u00f5rgu t\u00f6\u00f6p\u00f5him\u00f5ttega. NB! STNG liitmike pistikupesade siniseid- ja valgeid mutreid tuleb keerata ainult veerand ringi. Vastavad t\u00e4histused on toote peale m\u00e4rgitud. Tutvu kindlasti ka selle toote ja \u00fcldise STNG v\u00f5rgu ja selle t\u00f6\u00f6p\u00f5him\u00f5tte\u00a0juhenditega, k\u00fcsimuste korral pea n\u00f5u meie spetsialistiga.<\/p>\n<p>&nbsp;<\/p>","protected":false},"featured_media":7802,"template":"","meta":{"_acf_changed":false},"product_brand":[134],"product_cat":[72,83],"product_tag":[],"class_list":{"0":"post-7800","1":"product","2":"type-product","3":"status-publish","4":"has-post-thumbnail","6":"product_brand-raymarine","7":"product_cat-tarvikud","8":"product_cat-stng_tarvikud","10":"first","11":"instock","12":"sale","13":"taxable","14":"shipping-taxable","15":"purchasable","16":"product-type-simple"},"acf":[],"yoast_head":"<!-- This site is optimized with the Yoast SEO Premium plugin v27.5 (Yoast SEO v27.5) - https:\/\/yoast.com\/product\/yoast-seo-premium-wordpress\/ -->\n<title>STNG BackBone adapter-NMEA2000 male - NavSystems Mereelektroonika<\/title>\n<meta name=\"description\" content=\"STNG BackBone adapterkaabel on hea v\u00f5imalus \u00fchendada STNG v\u00f5rk olemasoleva NMEA2000 v\u00f5rguga v\u00f5i vastupidi. Kui teete \u00fchenduse olemasoleva v\u00f5rgu otsa, siis l\u00e4heb vaja \u00fchte adapterkaablit ja kui teete \u00fchenduse keskele, siis l\u00e4heb vaja kahte adapterkaablit. Valige endale sobiv NMEA2000 pistik, v\u00f5imalusi on 2, kas Male v\u00f5i Female. Raymarine STNG BackBone (sinine\/must) kaabel nagu ka nimi \u00fctleb on &quot;selgroo&quot; kaabel. BackBone kaabel kulgeb paadis STNG v\u00f5rgu algusest l\u00f5puni ja m\u00f5istlik on v\u00f5rk koostada erinevate pikkustega kaablitest selliselt, et oleks v\u00f5imalik teha katkestused ja lisada T-liitmikuid v\u00f5i 5-Way liitmikuid kohtadesse kuhu on vaja lisada erinevaid STNG instrumente. BackBone on STNG v\u00f5rgu p\u00f5hikaabel ja v\u00f5rgu alustamiseks, j\u00e4tkamiseks v\u00f5i l\u00f5petamiseks tuleb lisada STNG terminaatorid, liitmikud ja 12V toide. STNG Siniseid ja valgeid kaableid ei saa valesti \u00fchendada, lisaks v\u00e4rvikodeeringule on STNG kaablitel ka erinev pinnide paigutus. Enne toote kasutamist tutvu STNG (NMEA2000) v\u00f5rgu t\u00f6\u00f6p\u00f5him\u00f5ttega. NB! STNG liitmike pistikupesade siniseid- ja valgeid mutreid tuleb keerata ainult veerand ringi. Vastavad t\u00e4histused on toote peale m\u00e4rgitud. Tutvu kindlasti ka selle toote ja \u00fcldise STNG v\u00f5rgu ja selle t\u00f6\u00f6p\u00f5him\u00f5tte\u00a0juhenditega, k\u00fcsimuste korral pea n\u00f5u meie spetsialistiga.  &nbsp;\" \/>\n<meta name=\"robots\" content=\"index, follow, max-snippet:-1, max-image-preview:large, max-video-preview:-1\" \/>\n<link rel=\"canonical\" href=\"https:\/\/raymarine.ee\/en\/product\/stng-backbone-adapter-nmea2000-male\/\" \/>\n<meta property=\"og:locale\" content=\"en_GB\" \/>\n<meta property=\"og:type\" content=\"article\" \/>\n<meta property=\"og:title\" content=\"STNG BackBone adapter-NMEA2000 male\" \/>\n<meta property=\"og:description\" content=\"STNG BackBone adapterkaabel on hea v\u00f5imalus \u00fchendada STNG v\u00f5rk olemasoleva NMEA2000 v\u00f5rguga v\u00f5i vastupidi. Kui teete \u00fchenduse olemasoleva v\u00f5rgu otsa, siis l\u00e4heb vaja \u00fchte adapterkaablit ja kui teete \u00fchenduse keskele, siis l\u00e4heb vaja kahte adapterkaablit. Valige endale sobiv NMEA2000 pistik, v\u00f5imalusi on 2, kas Male v\u00f5i Female. Raymarine STNG BackBone (sinine\/must) kaabel nagu ka nimi \u00fctleb on &quot;selgroo&quot; kaabel. BackBone kaabel kulgeb paadis STNG v\u00f5rgu algusest l\u00f5puni ja m\u00f5istlik on v\u00f5rk koostada erinevate pikkustega kaablitest selliselt, et oleks v\u00f5imalik teha katkestused ja lisada T-liitmikuid v\u00f5i 5-Way liitmikuid kohtadesse kuhu on vaja lisada erinevaid STNG instrumente. BackBone on STNG v\u00f5rgu p\u00f5hikaabel ja v\u00f5rgu alustamiseks, j\u00e4tkamiseks v\u00f5i l\u00f5petamiseks tuleb lisada STNG terminaatorid, liitmikud ja 12V toide. STNG Siniseid ja valgeid kaableid ei saa valesti \u00fchendada, lisaks v\u00e4rvikodeeringule on STNG kaablitel ka erinev pinnide paigutus. Enne toote kasutamist tutvu STNG (NMEA2000) v\u00f5rgu t\u00f6\u00f6p\u00f5him\u00f5ttega. NB! STNG liitmike pistikupesade siniseid- ja valgeid mutreid tuleb keerata ainult veerand ringi. Vastavad t\u00e4histused on toote peale m\u00e4rgitud. Tutvu kindlasti ka selle toote ja \u00fcldise STNG v\u00f5rgu ja selle t\u00f6\u00f6p\u00f5him\u00f5tte\u00a0juhenditega, k\u00fcsimuste korral pea n\u00f5u meie spetsialistiga.  &nbsp;\" \/>\n<meta property=\"og:url\" content=\"https:\/\/raymarine.ee\/en\/product\/stng-backbone-adapter-nmea2000-male\/\" \/>\n<meta property=\"og:site_name\" content=\"NavSystems\" \/>\n<meta property=\"article:publisher\" content=\"https:\/\/www.facebook.com\/NavSystems\" \/>\n<meta property=\"article:modified_time\" content=\"2026-04-09T17:47:01+00:00\" \/>\n<meta property=\"og:image\" content=\"https:\/\/raymarine.ee\/wp-content\/uploads\/2025\/02\/8c84bba1-9b8b-4ca2-961d-89119d98a44e.webp\" \/>\n\t<meta property=\"og:image:width\" content=\"1024\" \/>\n\t<meta property=\"og:image:height\" content=\"1024\" \/>\n\t<meta property=\"og:image:type\" content=\"image\/webp\" \/>\n<meta name=\"twitter:card\" content=\"summary_large_image\" \/>\n<meta name=\"twitter:label1\" content=\"Price\" \/>\n\t<meta name=\"twitter:data1\" content=\"47,34&nbsp;&euro;\" \/>\n\t<meta name=\"twitter:label2\" content=\"Availability\" \/>\n\t<meta name=\"twitter:data2\" content=\"In stock\" \/>\n<script type=\"application\/ld+json\" class=\"yoast-schema-graph\">{\"@context\":\"https:\\\/\\\/schema.org\",\"@graph\":[{\"@type\":\"WebPage\",\"@id\":\"https:\\\/\\\/raymarine.ee\\\/product\\\/stng-backbone-adapter-nmea2000-male\\\/\",\"url\":\"https:\\\/\\\/raymarine.ee\\\/product\\\/stng-backbone-adapter-nmea2000-male\\\/\",\"name\":\"STNG BackBone adapter-NMEA2000 male - NavSystems Mereelektroonika\",\"isPartOf\":{\"@id\":\"https:\\\/\\\/raymarine.ee\\\/#website\"},\"primaryImageOfPage\":{\"@id\":\"https:\\\/\\\/raymarine.ee\\\/product\\\/stng-backbone-adapter-nmea2000-male\\\/#primaryimage\"},\"image\":{\"@id\":\"https:\\\/\\\/raymarine.ee\\\/product\\\/stng-backbone-adapter-nmea2000-male\\\/#primaryimage\"},\"thumbnailUrl\":\"https:\\\/\\\/raymarine.ee\\\/wp-content\\\/uploads\\\/2025\\\/02\\\/8c84bba1-9b8b-4ca2-961d-89119d98a44e.webp\",\"datePublished\":\"2025-02-10T09:22:03+00:00\",\"dateModified\":\"2026-04-09T17:47:01+00:00\",\"description\":\"STNG BackBone adapterkaabel on hea v\u00f5imalus \u00fchendada STNG v\u00f5rk olemasoleva NMEA2000 v\u00f5rguga v\u00f5i vastupidi. Kui teete \u00fchenduse olemasoleva v\u00f5rgu otsa, siis l\u00e4heb vaja \u00fchte adapterkaablit ja kui teete \u00fchenduse keskele, siis l\u00e4heb vaja kahte adapterkaablit. Valige endale sobiv NMEA2000 pistik, v\u00f5imalusi on 2, kas Male v\u00f5i Female. Raymarine STNG BackBone (sinine\\\/must) kaabel nagu ka nimi \u00fctleb on \\\"selgroo\\\" kaabel. BackBone kaabel kulgeb paadis STNG v\u00f5rgu algusest l\u00f5puni ja m\u00f5istlik on v\u00f5rk koostada erinevate pikkustega kaablitest selliselt, et oleks v\u00f5imalik teha katkestused ja lisada T-liitmikuid v\u00f5i 5-Way liitmikuid kohtadesse kuhu on vaja lisada erinevaid STNG instrumente. BackBone on STNG v\u00f5rgu p\u00f5hikaabel ja v\u00f5rgu alustamiseks, j\u00e4tkamiseks v\u00f5i l\u00f5petamiseks tuleb lisada STNG terminaatorid, liitmikud ja 12V toide. STNG Siniseid ja valgeid kaableid ei saa valesti \u00fchendada, lisaks v\u00e4rvikodeeringule on STNG kaablitel ka erinev pinnide paigutus. Enne toote kasutamist tutvu STNG (NMEA2000) v\u00f5rgu t\u00f6\u00f6p\u00f5him\u00f5ttega. NB! STNG liitmike pistikupesade siniseid- ja valgeid mutreid tuleb keerata ainult veerand ringi. Vastavad t\u00e4histused on toote peale m\u00e4rgitud. Tutvu kindlasti ka selle toote ja \u00fcldise STNG v\u00f5rgu ja selle t\u00f6\u00f6p\u00f5him\u00f5tte\u00a0juhenditega, k\u00fcsimuste korral pea n\u00f5u meie spetsialistiga. &nbsp;\",\"breadcrumb\":{\"@id\":\"https:\\\/\\\/raymarine.ee\\\/product\\\/stng-backbone-adapter-nmea2000-male\\\/#breadcrumb\"},\"inLanguage\":\"en-GB\",\"potentialAction\":[{\"@type\":\"ReadAction\",\"target\":[\"https:\\\/\\\/raymarine.ee\\\/product\\\/stng-backbone-adapter-nmea2000-male\\\/\"]}]},{\"@type\":\"ImageObject\",\"inLanguage\":\"en-GB\",\"@id\":\"https:\\\/\\\/raymarine.ee\\\/product\\\/stng-backbone-adapter-nmea2000-male\\\/#primaryimage\",\"url\":\"https:\\\/\\\/raymarine.ee\\\/wp-content\\\/uploads\\\/2025\\\/02\\\/8c84bba1-9b8b-4ca2-961d-89119d98a44e.webp\",\"contentUrl\":\"https:\\\/\\\/raymarine.ee\\\/wp-content\\\/uploads\\\/2025\\\/02\\\/8c84bba1-9b8b-4ca2-961d-89119d98a44e.webp\",\"width\":1024,\"height\":1024},{\"@type\":\"BreadcrumbList\",\"@id\":\"https:\\\/\\\/raymarine.ee\\\/product\\\/stng-backbone-adapter-nmea2000-male\\\/#breadcrumb\",\"itemListElement\":[{\"@type\":\"ListItem\",\"position\":1,\"name\":\"Home\",\"item\":\"https:\\\/\\\/raymarine.ee\\\/\"},{\"@type\":\"ListItem\",\"position\":2,\"name\":\"Tooted\",\"item\":\"https:\\\/\\\/raymarine.ee\\\/shop\\\/\"},{\"@type\":\"ListItem\",\"position\":3,\"name\":\"STNG BackBone adapter-NMEA2000 male\"}]},{\"@type\":\"WebSite\",\"@id\":\"https:\\\/\\\/raymarine.ee\\\/#website\",\"url\":\"https:\\\/\\\/raymarine.ee\\\/\",\"name\":\"www.raymarine.ee\",\"description\":\"Mereelektroonika, kaardiplotter, autopiloot, pinnipiloot, roolipiloot, radar, AIS, VHF, Smart Wind\",\"publisher\":{\"@id\":\"https:\\\/\\\/raymarine.ee\\\/#organization\"},\"alternateName\":\"Raymarine\",\"potentialAction\":[{\"@type\":\"SearchAction\",\"target\":{\"@type\":\"EntryPoint\",\"urlTemplate\":\"https:\\\/\\\/raymarine.ee\\\/?s={search_term_string}\"},\"query-input\":{\"@type\":\"PropertyValueSpecification\",\"valueRequired\":true,\"valueName\":\"search_term_string\"}}],\"inLanguage\":\"en-GB\"},{\"@type\":\"Organization\",\"@id\":\"https:\\\/\\\/raymarine.ee\\\/#organization\",\"name\":\"NavSystems O\u00dc\",\"url\":\"https:\\\/\\\/raymarine.ee\\\/\",\"logo\":{\"@type\":\"ImageObject\",\"inLanguage\":\"en-GB\",\"@id\":\"https:\\\/\\\/raymarine.ee\\\/#\\\/schema\\\/logo\\\/image\\\/\",\"url\":\"https:\\\/\\\/raymarine.ee\\\/wp-content\\\/uploads\\\/2024\\\/10\\\/Screenshot-2024-10-15-151324_bg_removed.webp\",\"contentUrl\":\"https:\\\/\\\/raymarine.ee\\\/wp-content\\\/uploads\\\/2024\\\/10\\\/Screenshot-2024-10-15-151324_bg_removed.webp\",\"width\":420,\"height\":276,\"caption\":\"NavSystems O\u00dc\"},\"image\":{\"@id\":\"https:\\\/\\\/raymarine.ee\\\/#\\\/schema\\\/logo\\\/image\\\/\"},\"sameAs\":[\"https:\\\/\\\/www.facebook.com\\\/NavSystems\"],\"legalName\":\"NavSystems O\u00dc\",\"foundingDate\":\"2011-05-03\",\"numberOfEmployees\":{\"@type\":\"QuantitativeValue\",\"minValue\":\"1\",\"maxValue\":\"10\"}}]}<\/script>\n<meta property=\"product:price:amount\" content=\"47.34\" \/>\n<meta property=\"product:price:currency\" content=\"EUR\" \/>\n<meta property=\"og:availability\" content=\"instock\" \/>\n<meta property=\"product:availability\" content=\"instock\" \/>\n<meta property=\"product:retailer_item_id\" content=\"A80674\" \/>\n<meta property=\"product:condition\" content=\"new\" \/>\n<!-- \/ Yoast SEO Premium plugin. -->","yoast_head_json":{"title":"STNG BackBone adapter-NMEA2000 male - NavSystems Mereelektroonika","description":"STNG BackBone adapterkaabel on hea v\u00f5imalus \u00fchendada STNG v\u00f5rk olemasoleva NMEA2000 v\u00f5rguga v\u00f5i vastupidi. Kui teete \u00fchenduse olemasoleva v\u00f5rgu otsa, siis l\u00e4heb vaja \u00fchte adapterkaablit ja kui teete \u00fchenduse keskele, siis l\u00e4heb vaja kahte adapterkaablit. Valige endale sobiv NMEA2000 pistik, v\u00f5imalusi on 2, kas Male v\u00f5i Female. Raymarine STNG BackBone (sinine\/must) kaabel nagu ka nimi \u00fctleb on \"selgroo\" kaabel. BackBone kaabel kulgeb paadis STNG v\u00f5rgu algusest l\u00f5puni ja m\u00f5istlik on v\u00f5rk koostada erinevate pikkustega kaablitest selliselt, et oleks v\u00f5imalik teha katkestused ja lisada T-liitmikuid v\u00f5i 5-Way liitmikuid kohtadesse kuhu on vaja lisada erinevaid STNG instrumente. BackBone on STNG v\u00f5rgu p\u00f5hikaabel ja v\u00f5rgu alustamiseks, j\u00e4tkamiseks v\u00f5i l\u00f5petamiseks tuleb lisada STNG terminaatorid, liitmikud ja 12V toide. STNG Siniseid ja valgeid kaableid ei saa valesti \u00fchendada, lisaks v\u00e4rvikodeeringule on STNG kaablitel ka erinev pinnide paigutus. Enne toote kasutamist tutvu STNG (NMEA2000) v\u00f5rgu t\u00f6\u00f6p\u00f5him\u00f5ttega. NB! STNG liitmike pistikupesade siniseid- ja valgeid mutreid tuleb keerata ainult veerand ringi. Vastavad t\u00e4histused on toote peale m\u00e4rgitud. Tutvu kindlasti ka selle toote ja \u00fcldise STNG v\u00f5rgu ja selle t\u00f6\u00f6p\u00f5him\u00f5tte\u00a0juhenditega, k\u00fcsimuste korral pea n\u00f5u meie spetsialistiga.  &nbsp;","robots":{"index":"index","follow":"follow","max-snippet":"max-snippet:-1","max-image-preview":"max-image-preview:large","max-video-preview":"max-video-preview:-1"},"canonical":"https:\/\/raymarine.ee\/en\/product\/stng-backbone-adapter-nmea2000-male\/","og_locale":"en_GB","og_type":"article","og_title":"STNG BackBone adapter-NMEA2000 male","og_description":"STNG BackBone adapterkaabel on hea v\u00f5imalus \u00fchendada STNG v\u00f5rk olemasoleva NMEA2000 v\u00f5rguga v\u00f5i vastupidi. Kui teete \u00fchenduse olemasoleva v\u00f5rgu otsa, siis l\u00e4heb vaja \u00fchte adapterkaablit ja kui teete \u00fchenduse keskele, siis l\u00e4heb vaja kahte adapterkaablit. Valige endale sobiv NMEA2000 pistik, v\u00f5imalusi on 2, kas Male v\u00f5i Female. Raymarine STNG BackBone (sinine\/must) kaabel nagu ka nimi \u00fctleb on \"selgroo\" kaabel. BackBone kaabel kulgeb paadis STNG v\u00f5rgu algusest l\u00f5puni ja m\u00f5istlik on v\u00f5rk koostada erinevate pikkustega kaablitest selliselt, et oleks v\u00f5imalik teha katkestused ja lisada T-liitmikuid v\u00f5i 5-Way liitmikuid kohtadesse kuhu on vaja lisada erinevaid STNG instrumente. BackBone on STNG v\u00f5rgu p\u00f5hikaabel ja v\u00f5rgu alustamiseks, j\u00e4tkamiseks v\u00f5i l\u00f5petamiseks tuleb lisada STNG terminaatorid, liitmikud ja 12V toide. STNG Siniseid ja valgeid kaableid ei saa valesti \u00fchendada, lisaks v\u00e4rvikodeeringule on STNG kaablitel ka erinev pinnide paigutus. Enne toote kasutamist tutvu STNG (NMEA2000) v\u00f5rgu t\u00f6\u00f6p\u00f5him\u00f5ttega. NB! STNG liitmike pistikupesade siniseid- ja valgeid mutreid tuleb keerata ainult veerand ringi. Vastavad t\u00e4histused on toote peale m\u00e4rgitud. Tutvu kindlasti ka selle toote ja \u00fcldise STNG v\u00f5rgu ja selle t\u00f6\u00f6p\u00f5him\u00f5tte\u00a0juhenditega, k\u00fcsimuste korral pea n\u00f5u meie spetsialistiga.  &nbsp;","og_url":"https:\/\/raymarine.ee\/en\/product\/stng-backbone-adapter-nmea2000-male\/","og_site_name":"NavSystems","article_publisher":"https:\/\/www.facebook.com\/NavSystems","article_modified_time":"2026-04-09T17:47:01+00:00","og_image":[{"width":1024,"height":1024,"url":"https:\/\/raymarine.ee\/wp-content\/uploads\/2025\/02\/8c84bba1-9b8b-4ca2-961d-89119d98a44e.webp","type":"image\/webp"}],"twitter_card":"summary_large_image","twitter_misc":{"Price":"47,34&nbsp;&euro;","Availability":"In stock"},"schema":{"@context":"https:\/\/schema.org","@graph":[{"@type":"WebPage","@id":"https:\/\/raymarine.ee\/product\/stng-backbone-adapter-nmea2000-male\/","url":"https:\/\/raymarine.ee\/product\/stng-backbone-adapter-nmea2000-male\/","name":"STNG BackBone adapter-NMEA2000 male - NavSystems Mereelektroonika","isPartOf":{"@id":"https:\/\/raymarine.ee\/#website"},"primaryImageOfPage":{"@id":"https:\/\/raymarine.ee\/product\/stng-backbone-adapter-nmea2000-male\/#primaryimage"},"image":{"@id":"https:\/\/raymarine.ee\/product\/stng-backbone-adapter-nmea2000-male\/#primaryimage"},"thumbnailUrl":"https:\/\/raymarine.ee\/wp-content\/uploads\/2025\/02\/8c84bba1-9b8b-4ca2-961d-89119d98a44e.webp","datePublished":"2025-02-10T09:22:03+00:00","dateModified":"2026-04-09T17:47:01+00:00","description":"STNG BackBone adapterkaabel on hea v\u00f5imalus \u00fchendada STNG v\u00f5rk olemasoleva NMEA2000 v\u00f5rguga v\u00f5i vastupidi. Kui teete \u00fchenduse olemasoleva v\u00f5rgu otsa, siis l\u00e4heb vaja \u00fchte adapterkaablit ja kui teete \u00fchenduse keskele, siis l\u00e4heb vaja kahte adapterkaablit. Valige endale sobiv NMEA2000 pistik, v\u00f5imalusi on 2, kas Male v\u00f5i Female. Raymarine STNG BackBone (sinine\/must) kaabel nagu ka nimi \u00fctleb on \"selgroo\" kaabel. BackBone kaabel kulgeb paadis STNG v\u00f5rgu algusest l\u00f5puni ja m\u00f5istlik on v\u00f5rk koostada erinevate pikkustega kaablitest selliselt, et oleks v\u00f5imalik teha katkestused ja lisada T-liitmikuid v\u00f5i 5-Way liitmikuid kohtadesse kuhu on vaja lisada erinevaid STNG instrumente. BackBone on STNG v\u00f5rgu p\u00f5hikaabel ja v\u00f5rgu alustamiseks, j\u00e4tkamiseks v\u00f5i l\u00f5petamiseks tuleb lisada STNG terminaatorid, liitmikud ja 12V toide. STNG Siniseid ja valgeid kaableid ei saa valesti \u00fchendada, lisaks v\u00e4rvikodeeringule on STNG kaablitel ka erinev pinnide paigutus. Enne toote kasutamist tutvu STNG (NMEA2000) v\u00f5rgu t\u00f6\u00f6p\u00f5him\u00f5ttega. NB! STNG liitmike pistikupesade siniseid- ja valgeid mutreid tuleb keerata ainult veerand ringi. Vastavad t\u00e4histused on toote peale m\u00e4rgitud. Tutvu kindlasti ka selle toote ja \u00fcldise STNG v\u00f5rgu ja selle t\u00f6\u00f6p\u00f5him\u00f5tte\u00a0juhenditega, k\u00fcsimuste korral pea n\u00f5u meie spetsialistiga. &nbsp;","breadcrumb":{"@id":"https:\/\/raymarine.ee\/product\/stng-backbone-adapter-nmea2000-male\/#breadcrumb"},"inLanguage":"en-GB","potentialAction":[{"@type":"ReadAction","target":["https:\/\/raymarine.ee\/product\/stng-backbone-adapter-nmea2000-male\/"]}]},{"@type":"ImageObject","inLanguage":"en-GB","@id":"https:\/\/raymarine.ee\/product\/stng-backbone-adapter-nmea2000-male\/#primaryimage","url":"https:\/\/raymarine.ee\/wp-content\/uploads\/2025\/02\/8c84bba1-9b8b-4ca2-961d-89119d98a44e.webp","contentUrl":"https:\/\/raymarine.ee\/wp-content\/uploads\/2025\/02\/8c84bba1-9b8b-4ca2-961d-89119d98a44e.webp","width":1024,"height":1024},{"@type":"BreadcrumbList","@id":"https:\/\/raymarine.ee\/product\/stng-backbone-adapter-nmea2000-male\/#breadcrumb","itemListElement":[{"@type":"ListItem","position":1,"name":"Home","item":"https:\/\/raymarine.ee\/"},{"@type":"ListItem","position":2,"name":"Tooted","item":"https:\/\/raymarine.ee\/shop\/"},{"@type":"ListItem","position":3,"name":"STNG BackBone adapter-NMEA2000 male"}]},{"@type":"WebSite","@id":"https:\/\/raymarine.ee\/#website","url":"https:\/\/raymarine.ee\/","name":"www.raymarine.ee","description":"Mereelektroonika, kaardiplotter, autopiloot, pinnipiloot, roolipiloot, radar, AIS, VHF, Smart Wind","publisher":{"@id":"https:\/\/raymarine.ee\/#organization"},"alternateName":"Raymarine","potentialAction":[{"@type":"SearchAction","target":{"@type":"EntryPoint","urlTemplate":"https:\/\/raymarine.ee\/?s={search_term_string}"},"query-input":{"@type":"PropertyValueSpecification","valueRequired":true,"valueName":"search_term_string"}}],"inLanguage":"en-GB"},{"@type":"Organization","@id":"https:\/\/raymarine.ee\/#organization","name":"NavSystems O\u00dc","url":"https:\/\/raymarine.ee\/","logo":{"@type":"ImageObject","inLanguage":"en-GB","@id":"https:\/\/raymarine.ee\/#\/schema\/logo\/image\/","url":"https:\/\/raymarine.ee\/wp-content\/uploads\/2024\/10\/Screenshot-2024-10-15-151324_bg_removed.webp","contentUrl":"https:\/\/raymarine.ee\/wp-content\/uploads\/2024\/10\/Screenshot-2024-10-15-151324_bg_removed.webp","width":420,"height":276,"caption":"NavSystems O\u00dc"},"image":{"@id":"https:\/\/raymarine.ee\/#\/schema\/logo\/image\/"},"sameAs":["https:\/\/www.facebook.com\/NavSystems"],"legalName":"NavSystems O\u00dc","foundingDate":"2011-05-03","numberOfEmployees":{"@type":"QuantitativeValue","minValue":"1","maxValue":"10"}}]},"product_price_amount":"47.34","product_price_currency":"EUR","og_availability":"instock","product_availability":"instock","product_retailer_item_id":"A80674","product_condition":"new"},"jetpack_sharing_enabled":true,"_links":{"self":[{"href":"https:\/\/raymarine.ee\/en\/wp-json\/wp\/v2\/product\/7800","targetHints":{"allow":["GET"]}}],"collection":[{"href":"https:\/\/raymarine.ee\/en\/wp-json\/wp\/v2\/product"}],"about":[{"href":"https:\/\/raymarine.ee\/en\/wp-json\/wp\/v2\/types\/product"}],"wp:featuredmedia":[{"embeddable":true,"href":"https:\/\/raymarine.ee\/en\/wp-json\/wp\/v2\/media\/7802"}],"wp:attachment":[{"href":"https:\/\/raymarine.ee\/en\/wp-json\/wp\/v2\/media?parent=7800"}],"wp:term":[{"taxonomy":"product_brand","embeddable":true,"href":"https:\/\/raymarine.ee\/en\/wp-json\/wp\/v2\/product_brand?post=7800"},{"taxonomy":"product_cat","embeddable":true,"href":"https:\/\/raymarine.ee\/en\/wp-json\/wp\/v2\/product_cat?post=7800"},{"taxonomy":"product_tag","embeddable":true,"href":"https:\/\/raymarine.ee\/en\/wp-json\/wp\/v2\/product_tag?post=7800"}],"curies":[{"name":"wp","href":"https:\/\/api.w.org\/{rel}","templated":true}]}}