{"id":7846,"date":"2025-02-10T18:48:51","date_gmt":"2025-02-10T16:48:51","guid":{"rendered":"https:\/\/raymarine.ee\/?post_type=product&#038;p=7846"},"modified":"2026-04-28T08:40:13","modified_gmt":"2026-04-28T05:40:13","slug":"quantum-q24d-doppler-18-black-radar-with-10m-power-cable-and-10m-data-cable","status":"publish","type":"product","link":"https:\/\/raymarine.ee\/en\/product\/quantum-q24d-doppler-18-black-radar-with-10m-power-cable-and-10m-data-cable\/","title":{"rendered":"Quantum Q24D Doppler 18&#8243; Black Radar with 10m Power Cable and 10m Data Cable"},"content":{"rendered":"<h2>Raymarine &#8211; QUANTUM 2<\/h2>\n<div>\n<p data-start=\"144\" data-end=\"226\"><strong data-start=\"144\" data-end=\"226\">Raymarine Quantum 2 \u2013 CHIRP Doppler radar maksimaalse ohutuse tagamiseks merel<\/strong><\/p>\n<p data-start=\"228\" data-end=\"550\"><strong data-start=\"228\" data-end=\"251\">Raymarine Quantum 2<\/strong> on uusima p\u00f5lvkonna <strong data-start=\"272\" data-end=\"305\">CHIRP pulse compression radar<\/strong>, mis kasutab <strong data-start=\"319\" data-end=\"364\">Doppleri sihtm\u00e4rkide tuvastustehnoloogiat<\/strong>, pakkudes erakordset ohutust nii l\u00e4hi- kui ka kaugvaates. T\u00e4nu Doppleri andmete t\u00f6\u00f6tlusele kuvatakse liikuvaid sihtm\u00e4rke v\u00e4rvikoodidena, v\u00f5imaldades kiiret ja t\u00e4pset olukorra hindamist.<\/p>\n<h3 data-start=\"552\" data-end=\"607\"><strong data-start=\"556\" data-end=\"607\">Lihtne ja kiire ohtlike sihtm\u00e4rkide tuvastamine<\/strong><\/h3>\n<p data-start=\"608\" data-end=\"846\">Quantum 2 t\u00f6\u00f6tleb automaatselt liikuvaid kontakte ning <strong data-start=\"663\" data-end=\"709\">v\u00e4rvikoodib need vastavalt liikumissuunale<\/strong> \u2013 <strong data-start=\"712\" data-end=\"722\">punane<\/strong> t\u00e4hendab l\u00e4henevat, <strong data-start=\"743\" data-end=\"755\">roheline<\/strong> kaugenevat objekti. See visuaalne info muudab ohtude tuvastamise kiireks ja intuitiivseks.<\/p>\n<\/div>\n<h3 data-start=\"848\" data-end=\"897\"><strong data-start=\"852\" data-end=\"897\">Tipptasemel kokkup\u00f5rke v\u00e4ltimise v\u00f5imekus<\/strong><\/h3>\n<p data-start=\"898\" data-end=\"1202\">Quantum 2 toetab <strong data-start=\"915\" data-end=\"962\">t\u00e4isautomaatset MARPA sihtm\u00e4rkide j\u00e4lgimist<\/strong> \u2013 see on sama tehnoloogia, millele toetub ka <strong data-start=\"1008\" data-end=\"1044\">Ameerika \u00dchendriikide rannavalve<\/strong>. Saad seada kohandatud ohutustsoonid ja lasta radaril automaatselt j\u00e4lgida uusi kontakte, arvutades nende liikumissuunda, kiirust ja l\u00e4himat l\u00e4henemispunkti.<\/p>\n<h3 data-start=\"1204\" data-end=\"1230\"><strong data-start=\"1208\" data-end=\"1230\">Peamised omadused:<\/strong><\/h3>\n<ul data-start=\"1231\" data-end=\"2106\">\n<li data-start=\"1231\" data-end=\"1327\">\n<p data-start=\"1233\" data-end=\"1327\"><strong data-start=\"1233\" data-end=\"1256\">Doppler-tehnoloogia<\/strong> v\u00f5imaldab kohest olukorrateadlikkust v\u00e4rvikooditud sihtm\u00e4rkide kaudu<\/p>\n<\/li>\n<li data-start=\"1328\" data-end=\"1408\">\n<p data-start=\"1330\" data-end=\"1408\"><strong data-start=\"1330\" data-end=\"1355\">TrueTrails funktsioon<\/strong> n\u00e4itab iga liikuva objekti ajaloolist liikumisrada<\/p>\n<\/li>\n<li data-start=\"1409\" data-end=\"1526\">\n<p data-start=\"1411\" data-end=\"1526\"><strong data-start=\"1411\" data-end=\"1438\">CHIRP Pulse Compression<\/strong> tuvastab objektid alates 5,5 meetri kauguselt \u2013 ideaalne null-n\u00e4htavusega olukordades<\/p>\n<\/li>\n<li data-start=\"1527\" data-end=\"1628\">\n<p data-start=\"1529\" data-end=\"1628\"><strong data-start=\"1529\" data-end=\"1558\">Kuni 24-miiline t\u00f6\u00f6ulatus<\/strong> liikluse, navigeerimist\u00e4histe ja ilmaolude varajaseks tuvastamiseks<\/p>\n<\/li>\n<li data-start=\"1629\" data-end=\"1724\">\n<p data-start=\"1631\" data-end=\"1724\"><strong data-start=\"1631\" data-end=\"1658\">V\u00e4ga madal energiatarve<\/strong> \u2013 sobib ideaalselt purjelaevadele ja aku-p\u00f5histele s\u00fcsteemidele<\/p>\n<\/li>\n<li data-start=\"1725\" data-end=\"1815\">\n<p data-start=\"1727\" data-end=\"1815\"><strong data-start=\"1727\" data-end=\"1756\">Kerge ja kompaktne disain<\/strong> \u2013 kuni 50% kergem kui traditsioonilised magnetronradarid<\/p>\n<\/li>\n<li data-start=\"1816\" data-end=\"1920\">\n<p data-start=\"1818\" data-end=\"1920\"><strong data-start=\"1818\" data-end=\"1848\">Wi-Fi v\u00f5i juhtmega \u00fchendus<\/strong> \u2013 lihtne paigaldada ja \u00fchendada Raymarine multifunktsiooniekraanidega<\/p>\n<\/li>\n<li data-start=\"1921\" data-end=\"2011\">\n<p data-start=\"1923\" data-end=\"2011\"><strong data-start=\"1923\" data-end=\"1940\">Ohutu kasutus<\/strong> \u2013 kiirgused on madalad ja seade sobib paigaldamiseks k\u00f5ikjale pardal<\/p>\n<\/li>\n<li data-start=\"2012\" data-end=\"2106\">\n<p data-start=\"2014\" data-end=\"2106\"><strong data-start=\"2014\" data-end=\"2051\">T\u00f6\u00f6kindel ka rasketes tingimustes<\/strong> \u2013 IPX6 veekindlus ja t\u00f6\u00f6temperatuur -10\u00b0C kuni +55\u00b0C<\/p>\n<\/li>\n<\/ul>\n<div>\n<div class=\"col-sm-9 col-xs-18\"><img decoding=\"async\" class=\"img-responsive\" src=\"https:\/\/www.svb.de\/media\/content\/offer\/81654-Raymarine-Quantum2-AxiomPro-RadarTargets.png\" alt=\"Raymarine Axiom Pro with Quantum\" \/><\/div>\n<\/div>\n<div>\n<div class=\"col-sm-9 col-xs-18\"><img decoding=\"async\" class=\"img-responsive\" src=\"https:\/\/www.svb.de\/media\/content\/offer\/Raymarine_Quantum2_Doppler_Screenshot.jpg\" alt=\"Raymarine Axiom Pro with Quantum\" \/><\/div>\n<div class=\"col-sm-9 col-xs-18\"><img decoding=\"async\" class=\"img-responsive\" src=\"https:\/\/www.svb.de\/media\/content\/offer\/Raymarine_Quantum2_Doppler_Screenshot2.jpg\" alt=\"Raymarine Axiom Pro with Quantum\" \/><\/div>\n<\/div>\n<div>\n<h3 data-start=\"2108\" data-end=\"2145\"><strong data-start=\"2112\" data-end=\"2145\">Tehnilised andmed (\u00fclevaade):<\/strong><\/h3>\n<ul data-start=\"2146\" data-end=\"2606\">\n<li data-start=\"2146\" data-end=\"2200\">\n<p data-start=\"2148\" data-end=\"2200\"><strong data-start=\"2148\" data-end=\"2159\">M\u00f5\u00f5dud:<\/strong> 541 mm (diameeter) x 209,5 mm (k\u00f5rgus)<\/p>\n<\/li>\n<li data-start=\"2201\" data-end=\"2221\">\n<p data-start=\"2203\" data-end=\"2221\"><strong data-start=\"2203\" data-end=\"2212\">Kaal:<\/strong> 5,6 kg<\/p>\n<\/li>\n<li data-start=\"2222\" data-end=\"2265\">\n<p data-start=\"2224\" data-end=\"2265\"><strong data-start=\"2224\" data-end=\"2234\">Toide:<\/strong> 12 V \/ 24 V DC (10.8\u201331.2 V)<\/p>\n<\/li>\n<li data-start=\"2266\" data-end=\"2339\">\n<p data-start=\"2268\" data-end=\"2339\"><strong data-start=\"2268\" data-end=\"2285\">Energiatarve:<\/strong> Transmit \u2013 17 W, Standby \u2013 7 W, Sleep (Wi-Fi) \u2013 2 W<\/p>\n<\/li>\n<li data-start=\"2340\" data-end=\"2413\">\n<p data-start=\"2342\" data-end=\"2413\"><strong data-start=\"2342\" data-end=\"2357\">Radarit\u00fc\u00fcp:<\/strong> X-band tahkisraadiolainete saatja CHIRP tehnoloogiaga<\/p>\n<\/li>\n<li data-start=\"2414\" data-end=\"2498\">\n<p data-start=\"2416\" data-end=\"2498\"><strong data-start=\"2416\" data-end=\"2433\">Antenni t\u00fc\u00fcp:<\/strong> Patch array | Horisontaalne kiirlaotus: 4.9\u00b0, vertikaalne: 20\u00b0<\/p>\n<\/li>\n<li data-start=\"2499\" data-end=\"2532\">\n<p data-start=\"2501\" data-end=\"2532\"><strong data-start=\"2501\" data-end=\"2521\">P\u00f6\u00f6rlemiskiirus:<\/strong> 24 p\/min<\/p>\n<\/li>\n<li data-start=\"2533\" data-end=\"2606\">\n<p data-start=\"2535\" data-end=\"2606\"><strong data-start=\"2535\" data-end=\"2563\">Tuvastatavad sihtm\u00e4rgid:<\/strong> kuni 10 MARPA\/ARPA sihtm\u00e4rki samaaegselt<\/p>\n<\/li>\n<\/ul>\n<p data-start=\"2608\" data-end=\"2907\"><strong data-start=\"2608\" data-end=\"2631\">Raymarine Quantum 2<\/strong> radar on professionaalne lahendus, mis pakub <strong data-start=\"2677\" data-end=\"2708\">\u00fclimat n\u00e4htavust ja ohutust<\/strong> igas meres\u00f5iduolukorras. T\u00e4nu <strong data-start=\"2739\" data-end=\"2771\">t\u00e4psele Doppleri tuvastusele<\/strong>, <strong data-start=\"2773\" data-end=\"2801\">automaatsele j\u00e4lgimisele<\/strong> ja <strong data-start=\"2805\" data-end=\"2834\">lihtsale integreerimisele<\/strong> on see ideaalne valik nii harrastus- kui ka kutselistele meres\u00f5itjatele.<\/p>\n<p data-start=\"2608\" data-end=\"2907\"><strong>Juhendid<\/strong><\/p>\n<p data-start=\"2608\" data-end=\"2907\">Lae alla <a href=\"https:\/\/raymarine.ee\/wp-content\/uploads\/2026\/04\/Quantum-2-Doppler-Radome-Installation-Instructions-87342-Rev-6-EN-1.pdf\" target=\"_blank\" rel=\"noopener\">Quantum Doppler radari<\/a> paigaldusjuhend<\/p>\n<p data-start=\"2608\" data-end=\"2907\">Vaata milline peab olema <a href=\"https:\/\/raymarine.ee\/wp-content\/uploads\/2026\/04\/Quantum-Quantum-2-MFD-Software-Requirements-84282-Rev-2-EN.pdf\" target=\"_blank\" rel=\"noopener\">Quantum radari<\/a> puhul plotteri minimaalne tarkvaraversioon<\/p>\n<\/div>","protected":false},"excerpt":{"rendered":"<p>Introducing Raymarine Quantum 2 Radar with Doppler collision avoidance technology. The Quantum 2 next generation CHIRP pulse compression radar by Raymarine provides superior target awareness at both long and extremely short ranges. Using advanced Doppler processing, the system instantly highlights moving radar contacts and color codes them to indicate whether they are inbound or outbound. Quantum with Doppler makes it easy to discern potentially dangerous targets when navigating in high-traffic areas. Easily Identify Dangerous Targets Raymarine Quantum 2 Doppler target processing readily identifies and color codes moving radar contacts for instant recognition and reduced risk of collision. Superior Collision Avoidance Quantum 2 MARPA mode provides an effective means of dangerous target tracking. Raymarine MARPA target tracking is the same technology trusted by the United States Coast Guard. Tutvu kindlasti ka selle toote\u00a0juhenditega\u00a0ja k\u00fcsimuste korral pea n\u00f5u meie spetsialistiga.<\/p>","protected":false},"featured_media":7848,"template":"","meta":{"_acf_changed":false},"product_brand":[134],"product_cat":[80,55,103],"product_tag":[],"class_list":{"0":"post-7846","1":"product","2":"type-product","3":"status-publish","4":"has-post-thumbnail","6":"product_brand-raymarine","7":"product_cat-kinnised_radariantennid","8":"product_cat-radarid","9":"product_cat-raymarine","11":"first","12":"instock","13":"sale","14":"taxable","15":"shipping-taxable","16":"purchasable","17":"product-type-simple"},"acf":[],"yoast_head":"<!-- This site is optimized with the Yoast SEO Premium plugin v27.5 (Yoast SEO v27.5) - https:\/\/yoast.com\/product\/yoast-seo-premium-wordpress\/ -->\n<title>Radar Quantum Doppler: Liikuvad sihtm\u00e4rgid v\u00e4rvikoodidega - NavSystems<\/title>\n<meta name=\"description\" content=\"Avastage Raymarine Quantum 2 radariga, mis pakub maksimaalset ohutust merel. Nautige t\u00e4pset olukorra hindamist objektide v\u00e4rvikoodide abil! Musta v\u00e4rvi.\" \/>\n<meta name=\"robots\" content=\"index, follow, max-snippet:-1, max-image-preview:large, max-video-preview:-1\" \/>\n<link rel=\"canonical\" href=\"https:\/\/raymarine.ee\/en\/product\/quantum-q24d-doppler-18-black-radar-with-10m-power-cable-and-10m-data-cable\/\" \/>\n<meta property=\"og:locale\" content=\"en_GB\" \/>\n<meta property=\"og:type\" content=\"article\" \/>\n<meta property=\"og:title\" content=\"Quantum Q24D Doppler 18&quot; Black Radar with 10m Power Cable and 10m Data Cable\" \/>\n<meta property=\"og:description\" content=\"Avastage Raymarine Quantum 2 radariga, mis pakub maksimaalset ohutust merel. Nautige t\u00e4pset olukorra hindamist objektide v\u00e4rvikoodide abil! Musta v\u00e4rvi.\" \/>\n<meta property=\"og:url\" content=\"https:\/\/raymarine.ee\/en\/product\/quantum-q24d-doppler-18-black-radar-with-10m-power-cable-and-10m-data-cable\/\" \/>\n<meta property=\"og:site_name\" content=\"NavSystems\" \/>\n<meta property=\"article:publisher\" content=\"https:\/\/www.facebook.com\/NavSystems\" \/>\n<meta property=\"article:modified_time\" content=\"2026-04-28T05:40:13+00:00\" \/>\n<meta property=\"og:image\" content=\"https:\/\/raymarine.ee\/wp-content\/uploads\/2025\/02\/36728ddb-ecdf-4585-b55c-828481b2acdb.webp\" \/>\n\t<meta property=\"og:image:width\" content=\"1024\" \/>\n\t<meta property=\"og:image:height\" content=\"1024\" \/>\n\t<meta property=\"og:image:type\" content=\"image\/webp\" \/>\n<meta name=\"twitter:card\" content=\"summary_large_image\" \/>\n<meta name=\"twitter:label1\" content=\"Price\" \/>\n\t<meta name=\"twitter:data1\" content=\"3 130,00&nbsp;&euro;\" \/>\n\t<meta name=\"twitter:label2\" content=\"Availability\" \/>\n\t<meta name=\"twitter:data2\" content=\"In stock\" \/>\n<script type=\"application\/ld+json\" class=\"yoast-schema-graph\">{\"@context\":\"https:\\\/\\\/schema.org\",\"@graph\":[{\"@type\":\"WebPage\",\"@id\":\"https:\\\/\\\/raymarine.ee\\\/product\\\/quantum-q24d-doppler-18-black-radar-with-10m-power-cable-and-10m-data-cable\\\/\",\"url\":\"https:\\\/\\\/raymarine.ee\\\/product\\\/quantum-q24d-doppler-18-black-radar-with-10m-power-cable-and-10m-data-cable\\\/\",\"name\":\"Radar Quantum Doppler: Liikuvad sihtm\u00e4rgid v\u00e4rvikoodidega - NavSystems\",\"isPartOf\":{\"@id\":\"https:\\\/\\\/raymarine.ee\\\/#website\"},\"primaryImageOfPage\":{\"@id\":\"https:\\\/\\\/raymarine.ee\\\/product\\\/quantum-q24d-doppler-18-black-radar-with-10m-power-cable-and-10m-data-cable\\\/#primaryimage\"},\"image\":{\"@id\":\"https:\\\/\\\/raymarine.ee\\\/product\\\/quantum-q24d-doppler-18-black-radar-with-10m-power-cable-and-10m-data-cable\\\/#primaryimage\"},\"thumbnailUrl\":\"https:\\\/\\\/raymarine.ee\\\/wp-content\\\/uploads\\\/2025\\\/02\\\/36728ddb-ecdf-4585-b55c-828481b2acdb.webp\",\"datePublished\":\"2025-02-10T16:48:51+00:00\",\"dateModified\":\"2026-04-28T05:40:13+00:00\",\"description\":\"Avastage Raymarine Quantum 2 radariga, mis pakub maksimaalset ohutust merel. Nautige t\u00e4pset olukorra hindamist objektide v\u00e4rvikoodide abil! Musta v\u00e4rvi.\",\"breadcrumb\":{\"@id\":\"https:\\\/\\\/raymarine.ee\\\/product\\\/quantum-q24d-doppler-18-black-radar-with-10m-power-cable-and-10m-data-cable\\\/#breadcrumb\"},\"inLanguage\":\"en-GB\",\"potentialAction\":[{\"@type\":\"ReadAction\",\"target\":[\"https:\\\/\\\/raymarine.ee\\\/product\\\/quantum-q24d-doppler-18-black-radar-with-10m-power-cable-and-10m-data-cable\\\/\"]}]},{\"@type\":\"ImageObject\",\"inLanguage\":\"en-GB\",\"@id\":\"https:\\\/\\\/raymarine.ee\\\/product\\\/quantum-q24d-doppler-18-black-radar-with-10m-power-cable-and-10m-data-cable\\\/#primaryimage\",\"url\":\"https:\\\/\\\/raymarine.ee\\\/wp-content\\\/uploads\\\/2025\\\/02\\\/36728ddb-ecdf-4585-b55c-828481b2acdb.webp\",\"contentUrl\":\"https:\\\/\\\/raymarine.ee\\\/wp-content\\\/uploads\\\/2025\\\/02\\\/36728ddb-ecdf-4585-b55c-828481b2acdb.webp\",\"width\":1024,\"height\":1024},{\"@type\":\"BreadcrumbList\",\"@id\":\"https:\\\/\\\/raymarine.ee\\\/product\\\/quantum-q24d-doppler-18-black-radar-with-10m-power-cable-and-10m-data-cable\\\/#breadcrumb\",\"itemListElement\":[{\"@type\":\"ListItem\",\"position\":1,\"name\":\"Home\",\"item\":\"https:\\\/\\\/raymarine.ee\\\/\"},{\"@type\":\"ListItem\",\"position\":2,\"name\":\"Tooted\",\"item\":\"https:\\\/\\\/raymarine.ee\\\/shop\\\/\"},{\"@type\":\"ListItem\",\"position\":3,\"name\":\"Quantum Q24D Doppler 18&#8243; Black Radar with 10m Power Cable and 10m Data Cable\"}]},{\"@type\":\"WebSite\",\"@id\":\"https:\\\/\\\/raymarine.ee\\\/#website\",\"url\":\"https:\\\/\\\/raymarine.ee\\\/\",\"name\":\"www.raymarine.ee\",\"description\":\"Mereelektroonika, kaardiplotter, autopiloot, pinnipiloot, roolipiloot, radar, AIS, VHF, Smart Wind\",\"publisher\":{\"@id\":\"https:\\\/\\\/raymarine.ee\\\/#organization\"},\"alternateName\":\"Raymarine\",\"potentialAction\":[{\"@type\":\"SearchAction\",\"target\":{\"@type\":\"EntryPoint\",\"urlTemplate\":\"https:\\\/\\\/raymarine.ee\\\/?s={search_term_string}\"},\"query-input\":{\"@type\":\"PropertyValueSpecification\",\"valueRequired\":true,\"valueName\":\"search_term_string\"}}],\"inLanguage\":\"en-GB\"},{\"@type\":\"Organization\",\"@id\":\"https:\\\/\\\/raymarine.ee\\\/#organization\",\"name\":\"NavSystems O\u00dc\",\"url\":\"https:\\\/\\\/raymarine.ee\\\/\",\"logo\":{\"@type\":\"ImageObject\",\"inLanguage\":\"en-GB\",\"@id\":\"https:\\\/\\\/raymarine.ee\\\/#\\\/schema\\\/logo\\\/image\\\/\",\"url\":\"https:\\\/\\\/raymarine.ee\\\/wp-content\\\/uploads\\\/2024\\\/10\\\/Screenshot-2024-10-15-151324_bg_removed.webp\",\"contentUrl\":\"https:\\\/\\\/raymarine.ee\\\/wp-content\\\/uploads\\\/2024\\\/10\\\/Screenshot-2024-10-15-151324_bg_removed.webp\",\"width\":420,\"height\":276,\"caption\":\"NavSystems O\u00dc\"},\"image\":{\"@id\":\"https:\\\/\\\/raymarine.ee\\\/#\\\/schema\\\/logo\\\/image\\\/\"},\"sameAs\":[\"https:\\\/\\\/www.facebook.com\\\/NavSystems\"],\"legalName\":\"NavSystems O\u00dc\",\"foundingDate\":\"2011-05-03\",\"numberOfEmployees\":{\"@type\":\"QuantitativeValue\",\"minValue\":\"1\",\"maxValue\":\"10\"}}]}<\/script>\n<meta property=\"product:price:amount\" content=\"3130.00\" \/>\n<meta property=\"product:price:currency\" content=\"EUR\" \/>\n<meta property=\"og:availability\" content=\"instock\" \/>\n<meta property=\"product:availability\" content=\"instock\" \/>\n<meta property=\"product:retailer_item_id\" content=\"T70549\" \/>\n<meta property=\"product:condition\" content=\"new\" \/>\n<!-- \/ Yoast SEO Premium plugin. -->","yoast_head_json":{"title":"Radar Quantum Doppler: Liikuvad sihtm\u00e4rgid v\u00e4rvikoodidega - NavSystems","description":"Avastage Raymarine Quantum 2 radariga, mis pakub maksimaalset ohutust merel. Nautige t\u00e4pset olukorra hindamist objektide v\u00e4rvikoodide abil! Musta v\u00e4rvi.","robots":{"index":"index","follow":"follow","max-snippet":"max-snippet:-1","max-image-preview":"max-image-preview:large","max-video-preview":"max-video-preview:-1"},"canonical":"https:\/\/raymarine.ee\/en\/product\/quantum-q24d-doppler-18-black-radar-with-10m-power-cable-and-10m-data-cable\/","og_locale":"en_GB","og_type":"article","og_title":"Quantum Q24D Doppler 18\" Black Radar with 10m Power Cable and 10m Data Cable","og_description":"Avastage Raymarine Quantum 2 radariga, mis pakub maksimaalset ohutust merel. Nautige t\u00e4pset olukorra hindamist objektide v\u00e4rvikoodide abil! Musta v\u00e4rvi.","og_url":"https:\/\/raymarine.ee\/en\/product\/quantum-q24d-doppler-18-black-radar-with-10m-power-cable-and-10m-data-cable\/","og_site_name":"NavSystems","article_publisher":"https:\/\/www.facebook.com\/NavSystems","article_modified_time":"2026-04-28T05:40:13+00:00","og_image":[{"width":1024,"height":1024,"url":"https:\/\/raymarine.ee\/wp-content\/uploads\/2025\/02\/36728ddb-ecdf-4585-b55c-828481b2acdb.webp","type":"image\/webp"}],"twitter_card":"summary_large_image","twitter_misc":{"Price":"3 130,00&nbsp;&euro;","Availability":"In stock"},"schema":{"@context":"https:\/\/schema.org","@graph":[{"@type":"WebPage","@id":"https:\/\/raymarine.ee\/product\/quantum-q24d-doppler-18-black-radar-with-10m-power-cable-and-10m-data-cable\/","url":"https:\/\/raymarine.ee\/product\/quantum-q24d-doppler-18-black-radar-with-10m-power-cable-and-10m-data-cable\/","name":"Radar Quantum Doppler: Liikuvad sihtm\u00e4rgid v\u00e4rvikoodidega - NavSystems","isPartOf":{"@id":"https:\/\/raymarine.ee\/#website"},"primaryImageOfPage":{"@id":"https:\/\/raymarine.ee\/product\/quantum-q24d-doppler-18-black-radar-with-10m-power-cable-and-10m-data-cable\/#primaryimage"},"image":{"@id":"https:\/\/raymarine.ee\/product\/quantum-q24d-doppler-18-black-radar-with-10m-power-cable-and-10m-data-cable\/#primaryimage"},"thumbnailUrl":"https:\/\/raymarine.ee\/wp-content\/uploads\/2025\/02\/36728ddb-ecdf-4585-b55c-828481b2acdb.webp","datePublished":"2025-02-10T16:48:51+00:00","dateModified":"2026-04-28T05:40:13+00:00","description":"Avastage Raymarine Quantum 2 radariga, mis pakub maksimaalset ohutust merel. Nautige t\u00e4pset olukorra hindamist objektide v\u00e4rvikoodide abil! Musta v\u00e4rvi.","breadcrumb":{"@id":"https:\/\/raymarine.ee\/product\/quantum-q24d-doppler-18-black-radar-with-10m-power-cable-and-10m-data-cable\/#breadcrumb"},"inLanguage":"en-GB","potentialAction":[{"@type":"ReadAction","target":["https:\/\/raymarine.ee\/product\/quantum-q24d-doppler-18-black-radar-with-10m-power-cable-and-10m-data-cable\/"]}]},{"@type":"ImageObject","inLanguage":"en-GB","@id":"https:\/\/raymarine.ee\/product\/quantum-q24d-doppler-18-black-radar-with-10m-power-cable-and-10m-data-cable\/#primaryimage","url":"https:\/\/raymarine.ee\/wp-content\/uploads\/2025\/02\/36728ddb-ecdf-4585-b55c-828481b2acdb.webp","contentUrl":"https:\/\/raymarine.ee\/wp-content\/uploads\/2025\/02\/36728ddb-ecdf-4585-b55c-828481b2acdb.webp","width":1024,"height":1024},{"@type":"BreadcrumbList","@id":"https:\/\/raymarine.ee\/product\/quantum-q24d-doppler-18-black-radar-with-10m-power-cable-and-10m-data-cable\/#breadcrumb","itemListElement":[{"@type":"ListItem","position":1,"name":"Home","item":"https:\/\/raymarine.ee\/"},{"@type":"ListItem","position":2,"name":"Tooted","item":"https:\/\/raymarine.ee\/shop\/"},{"@type":"ListItem","position":3,"name":"Quantum Q24D Doppler 18&#8243; Black Radar with 10m Power Cable and 10m Data Cable"}]},{"@type":"WebSite","@id":"https:\/\/raymarine.ee\/#website","url":"https:\/\/raymarine.ee\/","name":"www.raymarine.ee","description":"Mereelektroonika, kaardiplotter, autopiloot, pinnipiloot, roolipiloot, radar, AIS, VHF, Smart Wind","publisher":{"@id":"https:\/\/raymarine.ee\/#organization"},"alternateName":"Raymarine","potentialAction":[{"@type":"SearchAction","target":{"@type":"EntryPoint","urlTemplate":"https:\/\/raymarine.ee\/?s={search_term_string}"},"query-input":{"@type":"PropertyValueSpecification","valueRequired":true,"valueName":"search_term_string"}}],"inLanguage":"en-GB"},{"@type":"Organization","@id":"https:\/\/raymarine.ee\/#organization","name":"NavSystems O\u00dc","url":"https:\/\/raymarine.ee\/","logo":{"@type":"ImageObject","inLanguage":"en-GB","@id":"https:\/\/raymarine.ee\/#\/schema\/logo\/image\/","url":"https:\/\/raymarine.ee\/wp-content\/uploads\/2024\/10\/Screenshot-2024-10-15-151324_bg_removed.webp","contentUrl":"https:\/\/raymarine.ee\/wp-content\/uploads\/2024\/10\/Screenshot-2024-10-15-151324_bg_removed.webp","width":420,"height":276,"caption":"NavSystems O\u00dc"},"image":{"@id":"https:\/\/raymarine.ee\/#\/schema\/logo\/image\/"},"sameAs":["https:\/\/www.facebook.com\/NavSystems"],"legalName":"NavSystems O\u00dc","foundingDate":"2011-05-03","numberOfEmployees":{"@type":"QuantitativeValue","minValue":"1","maxValue":"10"}}]},"product_price_amount":"3130.00","product_price_currency":"EUR","og_availability":"instock","product_availability":"instock","product_retailer_item_id":"T70549","product_condition":"new"},"jetpack_sharing_enabled":true,"_links":{"self":[{"href":"https:\/\/raymarine.ee\/en\/wp-json\/wp\/v2\/product\/7846","targetHints":{"allow":["GET"]}}],"collection":[{"href":"https:\/\/raymarine.ee\/en\/wp-json\/wp\/v2\/product"}],"about":[{"href":"https:\/\/raymarine.ee\/en\/wp-json\/wp\/v2\/types\/product"}],"wp:featuredmedia":[{"embeddable":true,"href":"https:\/\/raymarine.ee\/en\/wp-json\/wp\/v2\/media\/7848"}],"wp:attachment":[{"href":"https:\/\/raymarine.ee\/en\/wp-json\/wp\/v2\/media?parent=7846"}],"wp:term":[{"taxonomy":"product_brand","embeddable":true,"href":"https:\/\/raymarine.ee\/en\/wp-json\/wp\/v2\/product_brand?post=7846"},{"taxonomy":"product_cat","embeddable":true,"href":"https:\/\/raymarine.ee\/en\/wp-json\/wp\/v2\/product_cat?post=7846"},{"taxonomy":"product_tag","embeddable":true,"href":"https:\/\/raymarine.ee\/en\/wp-json\/wp\/v2\/product_tag?post=7846"}],"curies":[{"name":"wp","href":"https:\/\/api.w.org\/{rel}","templated":true}]}}