{"id":7850,"date":"2025-02-10T18:57:43","date_gmt":"2025-02-10T16:57:43","guid":{"rendered":"https:\/\/raymarine.ee\/?post_type=product&#038;p=7850"},"modified":"2026-04-28T08:49:09","modified_gmt":"2026-04-28T05:49:09","slug":"quantum-q24d-doppler-18-radar-no-cables","status":"publish","type":"product","link":"https:\/\/raymarine.ee\/en\/product\/quantum-q24d-doppler-18-radar-no-cables\/","title":{"rendered":"Quantum Q24C 18&#8243; Radar 10m Power cable"},"content":{"rendered":"<div class=\"tableWrapper\">\n<p data-start=\"108\" data-end=\"187\"><strong data-start=\"108\" data-end=\"187\">Raymarine Quantum \u2013 Juhtmevaba CHIRP radar suurep\u00e4rase n\u00e4htavuse tagamiseks<\/strong><\/p>\n<p data-start=\"189\" data-end=\"458\"><strong data-start=\"189\" data-end=\"216\">Raymarine Quantum radar<\/strong>, FLIR-i poolt loodud, esindab uue p\u00f5lvkonna <strong data-start=\"261\" data-end=\"289\">kompaktset tahkisradarit<\/strong>, mis kasutab <strong data-start=\"303\" data-end=\"343\">CHIRP Pulse Compression tehnoloogiat<\/strong>. See tagab erakordse pildi kvaliteedi nii l\u00fchikestel kui ka pikkadel vahemaadel \u2013 ideaalne igat t\u00fc\u00fcpi meres\u00f5iduks.<\/p>\n<h3 data-start=\"460\" data-end=\"503\"><strong data-start=\"464\" data-end=\"503\">Tipptehnoloogia v\u00e4ikestes m\u00f5\u00f5tmetes<\/strong><\/h3>\n<p data-start=\"504\" data-end=\"803\">Quantum radar seab uue standardi oma <strong data-start=\"541\" data-end=\"577\">kerge ja energiat\u00f5husa disainiga<\/strong>, pakkudes ohutut kiirgustaset ning madalat energiatarvet. <strong data-start=\"636\" data-end=\"659\">Sisseehitatud Wi-Fi<\/strong> ja <strong data-start=\"663\" data-end=\"684\">\u00f5huke toitekaabel<\/strong> muudavad paigalduse uskumatult lihtsaks ka kitsastes oludes. Sobib t\u00e4iuslikult <strong data-start=\"764\" data-end=\"791\">Raymarine LightHouse II<\/strong> seadmetega.<\/p>\n<h3 data-start=\"805\" data-end=\"848\"><strong data-start=\"809\" data-end=\"848\">ATX\u2122 sihtm\u00e4rkide eraldustehnoloogia<\/strong><\/h3>\n<p data-start=\"849\" data-end=\"1054\">FLIR-i eksklusiivne <strong data-start=\"869\" data-end=\"889\">ATX\u2122 tehnoloogia<\/strong> kuvab <strong data-start=\"896\" data-end=\"964\">paadid, navigatsioonim\u00e4rgid, kivid, poi\u2019d ja ilmastikutingimused<\/strong> erakordse detailsuse ja selgusega, v\u00f5imaldades kiiret ja t\u00e4pset navigatsiooniotsustamist.<\/p>\n<h3 data-start=\"1056\" data-end=\"1119\"><strong data-start=\"1060\" data-end=\"1119\">CHIRP Pulse Compression \u2013 parim n\u00e4htavus igas olukorras<\/strong><\/h3>\n<ul data-start=\"1120\" data-end=\"1353\">\n<li data-start=\"1120\" data-end=\"1197\">\n<p data-start=\"1122\" data-end=\"1197\"><strong data-start=\"1122\" data-end=\"1154\">Suurep\u00e4rane l\u00fchimaa tuvastus<\/strong> \u2013 objektide avastamine alates 6 meetrist<\/p>\n<\/li>\n<li data-start=\"1198\" data-end=\"1273\">\n<p data-start=\"1200\" data-end=\"1273\"><strong data-start=\"1200\" data-end=\"1233\">V\u00f5imas pikamaa pildikvaliteet<\/strong> \u2013 rohkem energiat j\u00f5uab sihtm\u00e4rkideni<\/p>\n<\/li>\n<li data-start=\"1274\" data-end=\"1353\">\n<p data-start=\"1276\" data-end=\"1353\"><strong data-start=\"1276\" data-end=\"1319\">Tuvastab ka v\u00e4ikseid ja n\u00f5rku sihtm\u00e4rke<\/strong>, isegi tugeva taustam\u00fcra juures<\/p>\n<\/li>\n<\/ul>\n<h3 data-start=\"1355\" data-end=\"1383\"><strong data-start=\"1359\" data-end=\"1383\">Olulisemad omadused:<\/strong><\/h3>\n<ul data-start=\"1384\" data-end=\"1798\">\n<li data-start=\"1384\" data-end=\"1448\">\n<p data-start=\"1386\" data-end=\"1448\"><strong data-start=\"1386\" data-end=\"1421\">Valmis kasutamiseks sekunditega<\/strong> \u2013 ei vaja soojenemisaega<\/p>\n<\/li>\n<li data-start=\"1449\" data-end=\"1495\">\n<p data-start=\"1451\" data-end=\"1495\"><strong data-start=\"1451\" data-end=\"1493\">Juhtmevaba v\u00f5i RayNet kaabliga \u00fchendus<\/strong><\/p>\n<\/li>\n<li data-start=\"1496\" data-end=\"1572\">\n<p data-start=\"1498\" data-end=\"1572\"><strong data-start=\"1498\" data-end=\"1517\">Kerge paigaldus<\/strong> \u2013 sobib olemasolevatele Raymarine radarikinnitustele<\/p>\n<\/li>\n<li data-start=\"1573\" data-end=\"1614\">\n<p data-start=\"1575\" data-end=\"1614\"><strong data-start=\"1575\" data-end=\"1612\">Sisaldab 10-meetrist toitekaablit<\/strong><\/p>\n<\/li>\n<li data-start=\"1615\" data-end=\"1675\">\n<p data-start=\"1617\" data-end=\"1675\"><strong data-start=\"1617\" data-end=\"1673\">Energiat\u00f5hus \u2013 vaid 17W edastamisel, 7W ootere\u017eiimis<\/strong><\/p>\n<\/li>\n<li data-start=\"1676\" data-end=\"1736\">\n<p data-start=\"1678\" data-end=\"1736\"><strong data-start=\"1678\" data-end=\"1706\">Kuni 24 meremiili ulatus<\/strong> \u2013 skaala 1\/16 kuni 24 miili<\/p>\n<\/li>\n<li data-start=\"1737\" data-end=\"1798\">\n<p data-start=\"1739\" data-end=\"1798\"><strong data-start=\"1739\" data-end=\"1760\">Ohutu tahkisandur<\/strong> \u2013 sobib paigaldamiseks igasse paati<\/p>\n<\/li>\n<\/ul>\n<h3 data-start=\"1800\" data-end=\"1826\"><strong data-start=\"1804\" data-end=\"1826\">Tehnilised andmed:<\/strong><\/h3>\n<ul data-start=\"1827\" data-end=\"2103\">\n<li data-start=\"1827\" data-end=\"1885\">\n<p data-start=\"1829\" data-end=\"1885\"><strong data-start=\"1829\" data-end=\"1845\">Sisendpinge:<\/strong> 12 v\u00f5i 24 V DC (min 10.8V, max 31.2V)<\/p>\n<\/li>\n<li data-start=\"1886\" data-end=\"1945\">\n<p data-start=\"1888\" data-end=\"1945\"><strong data-start=\"1888\" data-end=\"1903\">Radarit\u00fc\u00fcp:<\/strong> X-band tahkis saatja, CHIRP tehnoloogia<\/p>\n<\/li>\n<li data-start=\"1946\" data-end=\"1970\">\n<p data-start=\"1948\" data-end=\"1970\"><strong data-start=\"1948\" data-end=\"1964\">Tippv\u00f5imsus:<\/strong> 20W<\/p>\n<\/li>\n<li data-start=\"1971\" data-end=\"2004\">\n<p data-start=\"1973\" data-end=\"2004\"><strong data-start=\"1973\" data-end=\"1990\">Antenni t\u00fc\u00fcp:<\/strong> Patch array<\/p>\n<\/li>\n<li data-start=\"2005\" data-end=\"2057\">\n<p data-start=\"2007\" data-end=\"2057\"><strong data-start=\"2007\" data-end=\"2023\">Kimbu laius:<\/strong> 4.9\u00b0 horisontaal, 20\u00b0 vertikaal<\/p>\n<\/li>\n<li data-start=\"2058\" data-end=\"2082\">\n<p data-start=\"2060\" data-end=\"2082\"><strong data-start=\"2060\" data-end=\"2075\">Veekindlus:<\/strong> IPX6<\/p>\n<\/li>\n<li data-start=\"2083\" data-end=\"2103\">\n<p data-start=\"2085\" data-end=\"2103\"><strong data-start=\"2085\" data-end=\"2094\">Kaal:<\/strong> 5.6 kg<\/p>\n<\/li>\n<\/ul>\n<p data-start=\"2105\" data-end=\"2336\"><strong data-start=\"2105\" data-end=\"2126\">Raymarine Quantum<\/strong> \u00fchendab <strong data-start=\"2135\" data-end=\"2168\">moodsaimad radarifunktsioonid<\/strong>, <strong data-start=\"2170\" data-end=\"2194\">lihtsuse paigalduses<\/strong>, ning <strong data-start=\"2201\" data-end=\"2224\">madala energiatarbe<\/strong>, muutes selle ideaalseks lahenduseks v\u00e4ikestele ja keskmise suurusega jahtidele, kaatritele ja mootorpaatidele.<\/p>\n<p data-start=\"2608\" data-end=\"2907\"><strong>Juhendid<\/strong><\/p>\n<p data-start=\"2608\" data-end=\"2907\">Lae alla\u00a0<a href=\"https:\/\/raymarine.ee\/wp-content\/uploads\/2026\/04\/Quantum-Radome-Installation-instructions-87209-Rev-9-EN.pdf\" target=\"_blank\" rel=\"noopener\" data-wpel-link=\"internal\">Quantum radari<\/a>\u00a0paigaldusjuhend<\/p>\n<p data-start=\"2608\" data-end=\"2907\">Vaata milline peab olema\u00a0<a href=\"https:\/\/raymarine.ee\/wp-content\/uploads\/2026\/04\/Quantum-Quantum-2-MFD-Software-Requirements-84282-Rev-2-EN.pdf\" target=\"_blank\" rel=\"noopener\" data-wpel-link=\"internal\">Quantum radari<\/a>\u00a0puhul plotteri minimaalne tarkvaraversioon<\/p>\n<\/div>","protected":false},"excerpt":{"rendered":"<p><strong>Raymarine Quantum<\/strong> \u2013 Wireless CHIRP radar. Raymarine Quantum Radar, by FLIR, is the next generation of marine radar featuring CHIRP pulse compression technology.<\/p>\n<p>Setting a new standard for compact solid state radar, Quantum delivers superior radar imaging on both long and extremely short ranges. Integrated Wi-Fi and thin cabling allow for easy installation. Quantum\u2019s energy efficient and lightweight design also provides safe radiated emissions and substantially reduced power consumption. FLIR\u2019s exclusive ATX\u2122 advanced target separation technology displays targets like boats, landmarks, rocks, buoys, and weather cells with unsurpassed resolution and separation quality.<\/p>\n<p>Tutvu kindlasti ka selle toote\u00a0juhenditega\u00a0ja k\u00fcsimuste korral pea n\u00f5u meie spetsialistiga.<\/p>","protected":false},"featured_media":7870,"template":"","meta":{"_acf_changed":false},"product_brand":[134],"product_cat":[80,55,103],"product_tag":[],"class_list":{"0":"post-7850","1":"product","2":"type-product","3":"status-publish","4":"has-post-thumbnail","6":"product_brand-raymarine","7":"product_cat-kinnised_radariantennid","8":"product_cat-radarid","9":"product_cat-raymarine","11":"first","12":"instock","13":"sale","14":"featured","15":"taxable","16":"shipping-taxable","17":"purchasable","18":"product-type-simple"},"acf":[],"yoast_head":"<!-- This site is optimized with the Yoast SEO Premium plugin v27.5 (Yoast SEO v27.5) - https:\/\/yoast.com\/product\/yoast-seo-premium-wordpress\/ -->\n<title>Quantum Q24C 18&quot; Radar 10m Power cable - NavSystems Mereelektroonika<\/title>\n<meta name=\"description\" content=\"Tutvuge Raymarine Quantum Doppler radariga, mis tagab erakordse n\u00e4htavuse ka k\u00f5ige tihedama liiklusega alal. Avasta uus p\u00f5lvkond meretehnoloogias! \ud83c\udf0a\" \/>\n<meta name=\"robots\" content=\"index, follow, max-snippet:-1, max-image-preview:large, max-video-preview:-1\" \/>\n<link rel=\"canonical\" href=\"https:\/\/raymarine.ee\/en\/product\/quantum-q24d-doppler-18-radar-no-cables\/\" \/>\n<meta property=\"og:locale\" content=\"en_GB\" \/>\n<meta property=\"og:type\" content=\"article\" \/>\n<meta property=\"og:title\" content=\"Quantum Q24C 18&quot; Radar 10m Power cable\" \/>\n<meta property=\"og:description\" content=\"Tutvuge Raymarine Quantum Doppler radariga, mis tagab erakordse n\u00e4htavuse ka k\u00f5ige tihedama liiklusega alal. Avasta uus p\u00f5lvkond meretehnoloogias! \ud83c\udf0a\" \/>\n<meta property=\"og:url\" content=\"https:\/\/raymarine.ee\/en\/product\/quantum-q24d-doppler-18-radar-no-cables\/\" \/>\n<meta property=\"og:site_name\" content=\"NavSystems\" \/>\n<meta property=\"article:publisher\" content=\"https:\/\/www.facebook.com\/NavSystems\" \/>\n<meta property=\"article:modified_time\" content=\"2026-04-28T05:49:09+00:00\" \/>\n<meta property=\"og:image\" content=\"https:\/\/raymarine.ee\/wp-content\/uploads\/2025\/02\/845fd869-e299-4a1f-9ac0-dc1053cfe917.webp\" \/>\n\t<meta property=\"og:image:width\" content=\"1024\" \/>\n\t<meta property=\"og:image:height\" content=\"1024\" \/>\n\t<meta property=\"og:image:type\" content=\"image\/webp\" \/>\n<meta name=\"twitter:card\" content=\"summary_large_image\" \/>\n<meta name=\"twitter:label1\" content=\"Price\" \/>\n\t<meta name=\"twitter:data1\" content=\"2 360,88&nbsp;&euro;\" \/>\n\t<meta name=\"twitter:label2\" content=\"Availability\" \/>\n\t<meta name=\"twitter:data2\" content=\"In stock\" \/>\n<script type=\"application\/ld+json\" class=\"yoast-schema-graph\">{\"@context\":\"https:\\\/\\\/schema.org\",\"@graph\":[{\"@type\":\"WebPage\",\"@id\":\"https:\\\/\\\/raymarine.ee\\\/product\\\/quantum-q24d-doppler-18-radar-no-cables\\\/\",\"url\":\"https:\\\/\\\/raymarine.ee\\\/product\\\/quantum-q24d-doppler-18-radar-no-cables\\\/\",\"name\":\"Quantum Q24C 18\\\" Radar 10m Power cable - NavSystems Mereelektroonika\",\"isPartOf\":{\"@id\":\"https:\\\/\\\/raymarine.ee\\\/#website\"},\"primaryImageOfPage\":{\"@id\":\"https:\\\/\\\/raymarine.ee\\\/product\\\/quantum-q24d-doppler-18-radar-no-cables\\\/#primaryimage\"},\"image\":{\"@id\":\"https:\\\/\\\/raymarine.ee\\\/product\\\/quantum-q24d-doppler-18-radar-no-cables\\\/#primaryimage\"},\"thumbnailUrl\":\"https:\\\/\\\/raymarine.ee\\\/wp-content\\\/uploads\\\/2025\\\/02\\\/845fd869-e299-4a1f-9ac0-dc1053cfe917.webp\",\"datePublished\":\"2025-02-10T16:57:43+00:00\",\"dateModified\":\"2026-04-28T05:49:09+00:00\",\"description\":\"Tutvuge Raymarine Quantum Doppler radariga, mis tagab erakordse n\u00e4htavuse ka k\u00f5ige tihedama liiklusega alal. Avasta uus p\u00f5lvkond meretehnoloogias! \ud83c\udf0a\",\"breadcrumb\":{\"@id\":\"https:\\\/\\\/raymarine.ee\\\/product\\\/quantum-q24d-doppler-18-radar-no-cables\\\/#breadcrumb\"},\"inLanguage\":\"en-GB\",\"potentialAction\":[{\"@type\":\"ReadAction\",\"target\":[\"https:\\\/\\\/raymarine.ee\\\/product\\\/quantum-q24d-doppler-18-radar-no-cables\\\/\"]}]},{\"@type\":\"ImageObject\",\"inLanguage\":\"en-GB\",\"@id\":\"https:\\\/\\\/raymarine.ee\\\/product\\\/quantum-q24d-doppler-18-radar-no-cables\\\/#primaryimage\",\"url\":\"https:\\\/\\\/raymarine.ee\\\/wp-content\\\/uploads\\\/2025\\\/02\\\/845fd869-e299-4a1f-9ac0-dc1053cfe917.webp\",\"contentUrl\":\"https:\\\/\\\/raymarine.ee\\\/wp-content\\\/uploads\\\/2025\\\/02\\\/845fd869-e299-4a1f-9ac0-dc1053cfe917.webp\",\"width\":1024,\"height\":1024,\"caption\":\"quantum doppler radar\"},{\"@type\":\"BreadcrumbList\",\"@id\":\"https:\\\/\\\/raymarine.ee\\\/product\\\/quantum-q24d-doppler-18-radar-no-cables\\\/#breadcrumb\",\"itemListElement\":[{\"@type\":\"ListItem\",\"position\":1,\"name\":\"Home\",\"item\":\"https:\\\/\\\/raymarine.ee\\\/\"},{\"@type\":\"ListItem\",\"position\":2,\"name\":\"Tooted\",\"item\":\"https:\\\/\\\/raymarine.ee\\\/shop\\\/\"},{\"@type\":\"ListItem\",\"position\":3,\"name\":\"Quantum Q24C 18&#8243; Radar 10m Power cable\"}]},{\"@type\":\"WebSite\",\"@id\":\"https:\\\/\\\/raymarine.ee\\\/#website\",\"url\":\"https:\\\/\\\/raymarine.ee\\\/\",\"name\":\"www.raymarine.ee\",\"description\":\"Mereelektroonika, kaardiplotter, autopiloot, pinnipiloot, roolipiloot, radar, AIS, VHF, Smart Wind\",\"publisher\":{\"@id\":\"https:\\\/\\\/raymarine.ee\\\/#organization\"},\"alternateName\":\"Raymarine\",\"potentialAction\":[{\"@type\":\"SearchAction\",\"target\":{\"@type\":\"EntryPoint\",\"urlTemplate\":\"https:\\\/\\\/raymarine.ee\\\/?s={search_term_string}\"},\"query-input\":{\"@type\":\"PropertyValueSpecification\",\"valueRequired\":true,\"valueName\":\"search_term_string\"}}],\"inLanguage\":\"en-GB\"},{\"@type\":\"Organization\",\"@id\":\"https:\\\/\\\/raymarine.ee\\\/#organization\",\"name\":\"NavSystems O\u00dc\",\"url\":\"https:\\\/\\\/raymarine.ee\\\/\",\"logo\":{\"@type\":\"ImageObject\",\"inLanguage\":\"en-GB\",\"@id\":\"https:\\\/\\\/raymarine.ee\\\/#\\\/schema\\\/logo\\\/image\\\/\",\"url\":\"https:\\\/\\\/raymarine.ee\\\/wp-content\\\/uploads\\\/2024\\\/10\\\/Screenshot-2024-10-15-151324_bg_removed.webp\",\"contentUrl\":\"https:\\\/\\\/raymarine.ee\\\/wp-content\\\/uploads\\\/2024\\\/10\\\/Screenshot-2024-10-15-151324_bg_removed.webp\",\"width\":420,\"height\":276,\"caption\":\"NavSystems O\u00dc\"},\"image\":{\"@id\":\"https:\\\/\\\/raymarine.ee\\\/#\\\/schema\\\/logo\\\/image\\\/\"},\"sameAs\":[\"https:\\\/\\\/www.facebook.com\\\/NavSystems\"],\"legalName\":\"NavSystems O\u00dc\",\"foundingDate\":\"2011-05-03\",\"numberOfEmployees\":{\"@type\":\"QuantitativeValue\",\"minValue\":\"1\",\"maxValue\":\"10\"}}]}<\/script>\n<meta property=\"product:price:amount\" content=\"2360.88\" \/>\n<meta property=\"product:price:currency\" content=\"EUR\" \/>\n<meta property=\"og:availability\" content=\"instock\" \/>\n<meta property=\"product:availability\" content=\"instock\" \/>\n<meta property=\"product:retailer_item_id\" content=\"E7049\" \/>\n<meta property=\"product:condition\" content=\"new\" \/>\n<!-- \/ Yoast SEO Premium plugin. -->","yoast_head_json":{"title":"Quantum Q24C 18\" Radar 10m Power cable - NavSystems Mereelektroonika","description":"Tutvuge Raymarine Quantum Doppler radariga, mis tagab erakordse n\u00e4htavuse ka k\u00f5ige tihedama liiklusega alal. Avasta uus p\u00f5lvkond meretehnoloogias! \ud83c\udf0a","robots":{"index":"index","follow":"follow","max-snippet":"max-snippet:-1","max-image-preview":"max-image-preview:large","max-video-preview":"max-video-preview:-1"},"canonical":"https:\/\/raymarine.ee\/en\/product\/quantum-q24d-doppler-18-radar-no-cables\/","og_locale":"en_GB","og_type":"article","og_title":"Quantum Q24C 18\" Radar 10m Power cable","og_description":"Tutvuge Raymarine Quantum Doppler radariga, mis tagab erakordse n\u00e4htavuse ka k\u00f5ige tihedama liiklusega alal. Avasta uus p\u00f5lvkond meretehnoloogias! \ud83c\udf0a","og_url":"https:\/\/raymarine.ee\/en\/product\/quantum-q24d-doppler-18-radar-no-cables\/","og_site_name":"NavSystems","article_publisher":"https:\/\/www.facebook.com\/NavSystems","article_modified_time":"2026-04-28T05:49:09+00:00","og_image":[{"width":1024,"height":1024,"url":"https:\/\/raymarine.ee\/wp-content\/uploads\/2025\/02\/845fd869-e299-4a1f-9ac0-dc1053cfe917.webp","type":"image\/webp"}],"twitter_card":"summary_large_image","twitter_misc":{"Price":"2 360,88&nbsp;&euro;","Availability":"In stock"},"schema":{"@context":"https:\/\/schema.org","@graph":[{"@type":"WebPage","@id":"https:\/\/raymarine.ee\/product\/quantum-q24d-doppler-18-radar-no-cables\/","url":"https:\/\/raymarine.ee\/product\/quantum-q24d-doppler-18-radar-no-cables\/","name":"Quantum Q24C 18\" Radar 10m Power cable - NavSystems Mereelektroonika","isPartOf":{"@id":"https:\/\/raymarine.ee\/#website"},"primaryImageOfPage":{"@id":"https:\/\/raymarine.ee\/product\/quantum-q24d-doppler-18-radar-no-cables\/#primaryimage"},"image":{"@id":"https:\/\/raymarine.ee\/product\/quantum-q24d-doppler-18-radar-no-cables\/#primaryimage"},"thumbnailUrl":"https:\/\/raymarine.ee\/wp-content\/uploads\/2025\/02\/845fd869-e299-4a1f-9ac0-dc1053cfe917.webp","datePublished":"2025-02-10T16:57:43+00:00","dateModified":"2026-04-28T05:49:09+00:00","description":"Tutvuge Raymarine Quantum Doppler radariga, mis tagab erakordse n\u00e4htavuse ka k\u00f5ige tihedama liiklusega alal. Avasta uus p\u00f5lvkond meretehnoloogias! \ud83c\udf0a","breadcrumb":{"@id":"https:\/\/raymarine.ee\/product\/quantum-q24d-doppler-18-radar-no-cables\/#breadcrumb"},"inLanguage":"en-GB","potentialAction":[{"@type":"ReadAction","target":["https:\/\/raymarine.ee\/product\/quantum-q24d-doppler-18-radar-no-cables\/"]}]},{"@type":"ImageObject","inLanguage":"en-GB","@id":"https:\/\/raymarine.ee\/product\/quantum-q24d-doppler-18-radar-no-cables\/#primaryimage","url":"https:\/\/raymarine.ee\/wp-content\/uploads\/2025\/02\/845fd869-e299-4a1f-9ac0-dc1053cfe917.webp","contentUrl":"https:\/\/raymarine.ee\/wp-content\/uploads\/2025\/02\/845fd869-e299-4a1f-9ac0-dc1053cfe917.webp","width":1024,"height":1024,"caption":"quantum doppler radar"},{"@type":"BreadcrumbList","@id":"https:\/\/raymarine.ee\/product\/quantum-q24d-doppler-18-radar-no-cables\/#breadcrumb","itemListElement":[{"@type":"ListItem","position":1,"name":"Home","item":"https:\/\/raymarine.ee\/"},{"@type":"ListItem","position":2,"name":"Tooted","item":"https:\/\/raymarine.ee\/shop\/"},{"@type":"ListItem","position":3,"name":"Quantum Q24C 18&#8243; Radar 10m Power cable"}]},{"@type":"WebSite","@id":"https:\/\/raymarine.ee\/#website","url":"https:\/\/raymarine.ee\/","name":"www.raymarine.ee","description":"Mereelektroonika, kaardiplotter, autopiloot, pinnipiloot, roolipiloot, radar, AIS, VHF, Smart Wind","publisher":{"@id":"https:\/\/raymarine.ee\/#organization"},"alternateName":"Raymarine","potentialAction":[{"@type":"SearchAction","target":{"@type":"EntryPoint","urlTemplate":"https:\/\/raymarine.ee\/?s={search_term_string}"},"query-input":{"@type":"PropertyValueSpecification","valueRequired":true,"valueName":"search_term_string"}}],"inLanguage":"en-GB"},{"@type":"Organization","@id":"https:\/\/raymarine.ee\/#organization","name":"NavSystems O\u00dc","url":"https:\/\/raymarine.ee\/","logo":{"@type":"ImageObject","inLanguage":"en-GB","@id":"https:\/\/raymarine.ee\/#\/schema\/logo\/image\/","url":"https:\/\/raymarine.ee\/wp-content\/uploads\/2024\/10\/Screenshot-2024-10-15-151324_bg_removed.webp","contentUrl":"https:\/\/raymarine.ee\/wp-content\/uploads\/2024\/10\/Screenshot-2024-10-15-151324_bg_removed.webp","width":420,"height":276,"caption":"NavSystems O\u00dc"},"image":{"@id":"https:\/\/raymarine.ee\/#\/schema\/logo\/image\/"},"sameAs":["https:\/\/www.facebook.com\/NavSystems"],"legalName":"NavSystems O\u00dc","foundingDate":"2011-05-03","numberOfEmployees":{"@type":"QuantitativeValue","minValue":"1","maxValue":"10"}}]},"product_price_amount":"2360.88","product_price_currency":"EUR","og_availability":"instock","product_availability":"instock","product_retailer_item_id":"E7049","product_condition":"new"},"jetpack_sharing_enabled":true,"_links":{"self":[{"href":"https:\/\/raymarine.ee\/en\/wp-json\/wp\/v2\/product\/7850","targetHints":{"allow":["GET"]}}],"collection":[{"href":"https:\/\/raymarine.ee\/en\/wp-json\/wp\/v2\/product"}],"about":[{"href":"https:\/\/raymarine.ee\/en\/wp-json\/wp\/v2\/types\/product"}],"wp:featuredmedia":[{"embeddable":true,"href":"https:\/\/raymarine.ee\/en\/wp-json\/wp\/v2\/media\/7870"}],"wp:attachment":[{"href":"https:\/\/raymarine.ee\/en\/wp-json\/wp\/v2\/media?parent=7850"}],"wp:term":[{"taxonomy":"product_brand","embeddable":true,"href":"https:\/\/raymarine.ee\/en\/wp-json\/wp\/v2\/product_brand?post=7850"},{"taxonomy":"product_cat","embeddable":true,"href":"https:\/\/raymarine.ee\/en\/wp-json\/wp\/v2\/product_cat?post=7850"},{"taxonomy":"product_tag","embeddable":true,"href":"https:\/\/raymarine.ee\/en\/wp-json\/wp\/v2\/product_tag?post=7850"}],"curies":[{"name":"wp","href":"https:\/\/api.w.org\/{rel}","templated":true}]}}