{"id":8046,"date":"2025-02-16T08:26:25","date_gmt":"2025-02-16T06:26:25","guid":{"rendered":"https:\/\/raymarine.ee\/?post_type=product&#038;p=8046"},"modified":"2026-01-02T06:42:44","modified_gmt":"2026-01-02T04:42:44","slug":"raymarine-rns-8-network-switch-4x-poe","status":"publish","type":"product","link":"https:\/\/raymarine.ee\/en\/product\/raymarine-rns-8-network-switch-4x-poe\/","title":{"rendered":"Raymarine RNS-8 Gigabyte Network Switch (8-ports, 4x POE)"},"content":{"rendered":"<p class=\"\" data-start=\"81\" data-end=\"161\"><strong data-start=\"81\" data-end=\"161\">Raymarine RNS-8 v\u00f5rgul\u00fcliti \u2013 ideaalne lahendus suurematele meres\u00fcsteemidele<\/strong><\/p>\n<p class=\"\" data-start=\"163\" data-end=\"547\"><strong data-start=\"163\" data-end=\"184\">RNS-8 v\u00f5rgul\u00fcliti<\/strong> on loodud just ulatuslikumate v\u00f5rguvajaduste jaoks, v\u00f5imaldades <strong data-start=\"249\" data-end=\"334\">Axiom ekraanide integreerimist radarite, sonarimoodulite ja FLIR termokaameratega<\/strong>. See v\u00f5imas v\u00f5rgul\u00fcliti sisaldab <strong data-start=\"368\" data-end=\"418\">4 spetsiaalset Power-over-Ethernet (PoE) porti<\/strong>, mis v\u00f5imaldavad \u00fchendada ja toita PoE-toega seadmeid, nagu n\u00e4iteks <strong data-start=\"487\" data-end=\"513\">CAM300 mere-IP-kaamera<\/strong> ja <strong data-start=\"517\" data-end=\"546\">RMK-10 kaugjuhtimispuldid<\/strong>.<\/p>\n<p class=\"\" data-start=\"549\" data-end=\"731\">Sujuva ja usaldusv\u00e4\u00e4rse \u00fchenduse tagamiseks <strong data-start=\"593\" data-end=\"638\">Axiom kaardiplotteri ja RNS-8 v\u00f5rgul\u00fcliti<\/strong> vahel, soovitame tungivalt uuendada Axiom-seadmed <strong data-start=\"689\" data-end=\"730\">LightHouse 4.5 operatsioonis\u00fcsteemile<\/strong>.<\/p>\n<h3 class=\"\" data-start=\"733\" data-end=\"750\">P\u00f5hiomadused:<\/h3>\n<ul data-start=\"751\" data-end=\"1034\">\n<li class=\"\" data-start=\"751\" data-end=\"823\">\n<p class=\"\" data-start=\"753\" data-end=\"823\"><strong data-start=\"753\" data-end=\"785\">Laiendatud \u00fchendusv\u00f5imalused<\/strong> Axiom s\u00fcsteemidele suurtes v\u00f5rkudes<\/p>\n<\/li>\n<li class=\"\" data-start=\"824\" data-end=\"891\">\n<p class=\"\" data-start=\"826\" data-end=\"891\"><strong data-start=\"826\" data-end=\"841\">4 PoE porti<\/strong> PoE-\u00fchilduvate seadmete \u00fchendamiseks ja toiteks<\/p>\n<\/li>\n<li class=\"\" data-start=\"892\" data-end=\"940\">\n<p class=\"\" data-start=\"894\" data-end=\"940\"><strong data-start=\"894\" data-end=\"938\">\u00dchildub CAM300 kaamera ja RMK-10 puldiga<\/strong><\/p>\n<\/li>\n<li class=\"\" data-start=\"941\" data-end=\"987\">\n<p class=\"\" data-start=\"943\" data-end=\"987\"><strong data-start=\"943\" data-end=\"985\">Optimeeritud t\u00f6\u00f6kindlus ja v\u00f5rgukiirus<\/strong><\/p>\n<\/li>\n<li class=\"\" data-start=\"988\" data-end=\"1034\">\n<p class=\"\" data-start=\"990\" data-end=\"1034\"><strong data-start=\"990\" data-end=\"1034\">Parim tulemus LightHouse 4.5 versiooniga<\/strong><\/p>\n<\/li>\n<\/ul>\n<p class=\"\" data-start=\"1036\" data-end=\"1177\">Ehita t\u00f6\u00f6kindel ja tulevikukindel <strong data-start=\"1070\" data-end=\"1102\">meresidev\u00f5rk Raymarine RNS-8<\/strong> v\u00f5rgul\u00fcliti abil \u2013 ideaalne professionaalsetele navigatsioonilahendustele.<\/p>","protected":false},"excerpt":{"rendered":"<p>The Raymarine RNS-8 Network Switch has been designed for more extensive networks, to allow the Axiom displays to be integrated with radars, sonar modules and FLIR thermal cameras.<\/p>","protected":false},"featured_media":8048,"template":"","meta":{"_acf_changed":false},"product_brand":[134],"product_cat":[32,72,103,344],"product_tag":[],"class_list":{"0":"post-8046","1":"product","2":"type-product","3":"status-publish","4":"has-post-thumbnail","6":"product_brand-raymarine","7":"product_cat-instruments","8":"product_cat-tarvikud","9":"product_cat-raymarine","10":"product_cat-raynet","12":"first","13":"onbackorder","14":"sale","15":"taxable","16":"shipping-taxable","17":"purchasable","18":"product-type-simple"},"acf":[],"yoast_head":"<!-- This site is optimized with the Yoast SEO Premium plugin v27.5 (Yoast SEO v27.5) - https:\/\/yoast.com\/product\/yoast-seo-premium-wordpress\/ -->\n<title>Raymarine RNS-8 Gigabyte Network Switch (8-ports, 4x POE) - NavSystems Mereelektroonika<\/title>\n<meta name=\"description\" content=\"The Raymarine RNS-8 Network Switch has been designed for more extensive networks, to allow the Axiom displays to be integrated with radars, sonar modules and FLIR thermal cameras.\" \/>\n<meta name=\"robots\" content=\"index, follow, max-snippet:-1, max-image-preview:large, max-video-preview:-1\" \/>\n<link rel=\"canonical\" href=\"https:\/\/raymarine.ee\/en\/product\/raymarine-rns-8-network-switch-4x-poe\/\" \/>\n<meta property=\"og:locale\" content=\"en_GB\" \/>\n<meta property=\"og:type\" content=\"article\" \/>\n<meta property=\"og:title\" content=\"Raymarine RNS-8 Gigabyte Network Switch (8-ports, 4x POE)\" \/>\n<meta property=\"og:description\" content=\"The Raymarine RNS-8 Network Switch has been designed for more extensive networks, to allow the Axiom displays to be integrated with radars, sonar modules and FLIR thermal cameras.\" \/>\n<meta property=\"og:url\" content=\"https:\/\/raymarine.ee\/en\/product\/raymarine-rns-8-network-switch-4x-poe\/\" \/>\n<meta property=\"og:site_name\" content=\"NavSystems\" \/>\n<meta property=\"article:publisher\" content=\"https:\/\/www.facebook.com\/NavSystems\" \/>\n<meta property=\"article:modified_time\" content=\"2026-01-02T04:42:44+00:00\" \/>\n<meta property=\"og:image\" content=\"https:\/\/raymarine.ee\/wp-content\/uploads\/2025\/02\/96a34d76-976b-42bc-b4d9-698e877a9d44.webp\" \/>\n\t<meta property=\"og:image:width\" content=\"1024\" \/>\n\t<meta property=\"og:image:height\" content=\"1024\" \/>\n\t<meta property=\"og:image:type\" content=\"image\/webp\" \/>\n<meta name=\"twitter:card\" content=\"summary_large_image\" \/>\n<meta name=\"twitter:label1\" content=\"Price\" \/>\n\t<meta name=\"twitter:data1\" content=\"1 093,00&nbsp;&euro;\" \/>\n\t<meta name=\"twitter:label2\" content=\"Availability\" \/>\n\t<meta name=\"twitter:data2\" content=\"On back order\" \/>\n<script type=\"application\/ld+json\" class=\"yoast-schema-graph\">{\"@context\":\"https:\\\/\\\/schema.org\",\"@graph\":[{\"@type\":\"WebPage\",\"@id\":\"https:\\\/\\\/raymarine.ee\\\/product\\\/raymarine-rns-8-network-switch-4x-poe\\\/\",\"url\":\"https:\\\/\\\/raymarine.ee\\\/product\\\/raymarine-rns-8-network-switch-4x-poe\\\/\",\"name\":\"Raymarine RNS-8 Gigabyte Network Switch (8-ports, 4x POE) - NavSystems Mereelektroonika\",\"isPartOf\":{\"@id\":\"https:\\\/\\\/raymarine.ee\\\/#website\"},\"primaryImageOfPage\":{\"@id\":\"https:\\\/\\\/raymarine.ee\\\/product\\\/raymarine-rns-8-network-switch-4x-poe\\\/#primaryimage\"},\"image\":{\"@id\":\"https:\\\/\\\/raymarine.ee\\\/product\\\/raymarine-rns-8-network-switch-4x-poe\\\/#primaryimage\"},\"thumbnailUrl\":\"https:\\\/\\\/raymarine.ee\\\/wp-content\\\/uploads\\\/2025\\\/02\\\/96a34d76-976b-42bc-b4d9-698e877a9d44.webp\",\"datePublished\":\"2025-02-16T06:26:25+00:00\",\"dateModified\":\"2026-01-02T04:42:44+00:00\",\"description\":\"The Raymarine RNS-8 Network Switch has been designed for more extensive networks, to allow the Axiom displays to be integrated with radars, sonar modules and FLIR thermal cameras.\",\"breadcrumb\":{\"@id\":\"https:\\\/\\\/raymarine.ee\\\/product\\\/raymarine-rns-8-network-switch-4x-poe\\\/#breadcrumb\"},\"inLanguage\":\"en-GB\",\"potentialAction\":[{\"@type\":\"ReadAction\",\"target\":[\"https:\\\/\\\/raymarine.ee\\\/product\\\/raymarine-rns-8-network-switch-4x-poe\\\/\"]}]},{\"@type\":\"ImageObject\",\"inLanguage\":\"en-GB\",\"@id\":\"https:\\\/\\\/raymarine.ee\\\/product\\\/raymarine-rns-8-network-switch-4x-poe\\\/#primaryimage\",\"url\":\"https:\\\/\\\/raymarine.ee\\\/wp-content\\\/uploads\\\/2025\\\/02\\\/96a34d76-976b-42bc-b4d9-698e877a9d44.webp\",\"contentUrl\":\"https:\\\/\\\/raymarine.ee\\\/wp-content\\\/uploads\\\/2025\\\/02\\\/96a34d76-976b-42bc-b4d9-698e877a9d44.webp\",\"width\":1024,\"height\":1024},{\"@type\":\"BreadcrumbList\",\"@id\":\"https:\\\/\\\/raymarine.ee\\\/product\\\/raymarine-rns-8-network-switch-4x-poe\\\/#breadcrumb\",\"itemListElement\":[{\"@type\":\"ListItem\",\"position\":1,\"name\":\"Home\",\"item\":\"https:\\\/\\\/raymarine.ee\\\/\"},{\"@type\":\"ListItem\",\"position\":2,\"name\":\"Tooted\",\"item\":\"https:\\\/\\\/raymarine.ee\\\/shop\\\/\"},{\"@type\":\"ListItem\",\"position\":3,\"name\":\"Raymarine RNS-8 Gigabyte Network Switch (8-ports, 4x POE)\"}]},{\"@type\":\"WebSite\",\"@id\":\"https:\\\/\\\/raymarine.ee\\\/#website\",\"url\":\"https:\\\/\\\/raymarine.ee\\\/\",\"name\":\"www.raymarine.ee\",\"description\":\"Mereelektroonika, kaardiplotter, autopiloot, pinnipiloot, roolipiloot, radar, AIS, VHF, Smart Wind\",\"publisher\":{\"@id\":\"https:\\\/\\\/raymarine.ee\\\/#organization\"},\"alternateName\":\"Raymarine\",\"potentialAction\":[{\"@type\":\"SearchAction\",\"target\":{\"@type\":\"EntryPoint\",\"urlTemplate\":\"https:\\\/\\\/raymarine.ee\\\/?s={search_term_string}\"},\"query-input\":{\"@type\":\"PropertyValueSpecification\",\"valueRequired\":true,\"valueName\":\"search_term_string\"}}],\"inLanguage\":\"en-GB\"},{\"@type\":\"Organization\",\"@id\":\"https:\\\/\\\/raymarine.ee\\\/#organization\",\"name\":\"NavSystems O\u00dc\",\"url\":\"https:\\\/\\\/raymarine.ee\\\/\",\"logo\":{\"@type\":\"ImageObject\",\"inLanguage\":\"en-GB\",\"@id\":\"https:\\\/\\\/raymarine.ee\\\/#\\\/schema\\\/logo\\\/image\\\/\",\"url\":\"https:\\\/\\\/raymarine.ee\\\/wp-content\\\/uploads\\\/2024\\\/10\\\/Screenshot-2024-10-15-151324_bg_removed.webp\",\"contentUrl\":\"https:\\\/\\\/raymarine.ee\\\/wp-content\\\/uploads\\\/2024\\\/10\\\/Screenshot-2024-10-15-151324_bg_removed.webp\",\"width\":420,\"height\":276,\"caption\":\"NavSystems O\u00dc\"},\"image\":{\"@id\":\"https:\\\/\\\/raymarine.ee\\\/#\\\/schema\\\/logo\\\/image\\\/\"},\"sameAs\":[\"https:\\\/\\\/www.facebook.com\\\/NavSystems\"],\"legalName\":\"NavSystems O\u00dc\",\"foundingDate\":\"2011-05-03\",\"numberOfEmployees\":{\"@type\":\"QuantitativeValue\",\"minValue\":\"1\",\"maxValue\":\"10\"}}]}<\/script>\n<meta property=\"product:price:amount\" content=\"1093.00\" \/>\n<meta property=\"product:price:currency\" content=\"EUR\" \/>\n<meta property=\"og:availability\" content=\"backorder\" \/>\n<meta property=\"product:availability\" content=\"available for order\" \/>\n<meta property=\"product:retailer_item_id\" content=\"A80732\" \/>\n<meta property=\"product:condition\" content=\"new\" \/>\n<!-- \/ Yoast SEO Premium plugin. -->","yoast_head_json":{"title":"Raymarine RNS-8 Gigabyte Network Switch (8-ports, 4x POE) - NavSystems Mereelektroonika","description":"The Raymarine RNS-8 Network Switch has been designed for more extensive networks, to allow the Axiom displays to be integrated with radars, sonar modules and FLIR thermal cameras.","robots":{"index":"index","follow":"follow","max-snippet":"max-snippet:-1","max-image-preview":"max-image-preview:large","max-video-preview":"max-video-preview:-1"},"canonical":"https:\/\/raymarine.ee\/en\/product\/raymarine-rns-8-network-switch-4x-poe\/","og_locale":"en_GB","og_type":"article","og_title":"Raymarine RNS-8 Gigabyte Network Switch (8-ports, 4x POE)","og_description":"The Raymarine RNS-8 Network Switch has been designed for more extensive networks, to allow the Axiom displays to be integrated with radars, sonar modules and FLIR thermal cameras.","og_url":"https:\/\/raymarine.ee\/en\/product\/raymarine-rns-8-network-switch-4x-poe\/","og_site_name":"NavSystems","article_publisher":"https:\/\/www.facebook.com\/NavSystems","article_modified_time":"2026-01-02T04:42:44+00:00","og_image":[{"width":1024,"height":1024,"url":"https:\/\/raymarine.ee\/wp-content\/uploads\/2025\/02\/96a34d76-976b-42bc-b4d9-698e877a9d44.webp","type":"image\/webp"}],"twitter_card":"summary_large_image","twitter_misc":{"Price":"1 093,00&nbsp;&euro;","Availability":"On back order"},"schema":{"@context":"https:\/\/schema.org","@graph":[{"@type":"WebPage","@id":"https:\/\/raymarine.ee\/product\/raymarine-rns-8-network-switch-4x-poe\/","url":"https:\/\/raymarine.ee\/product\/raymarine-rns-8-network-switch-4x-poe\/","name":"Raymarine RNS-8 Gigabyte Network Switch (8-ports, 4x POE) - NavSystems Mereelektroonika","isPartOf":{"@id":"https:\/\/raymarine.ee\/#website"},"primaryImageOfPage":{"@id":"https:\/\/raymarine.ee\/product\/raymarine-rns-8-network-switch-4x-poe\/#primaryimage"},"image":{"@id":"https:\/\/raymarine.ee\/product\/raymarine-rns-8-network-switch-4x-poe\/#primaryimage"},"thumbnailUrl":"https:\/\/raymarine.ee\/wp-content\/uploads\/2025\/02\/96a34d76-976b-42bc-b4d9-698e877a9d44.webp","datePublished":"2025-02-16T06:26:25+00:00","dateModified":"2026-01-02T04:42:44+00:00","description":"The Raymarine RNS-8 Network Switch has been designed for more extensive networks, to allow the Axiom displays to be integrated with radars, sonar modules and FLIR thermal cameras.","breadcrumb":{"@id":"https:\/\/raymarine.ee\/product\/raymarine-rns-8-network-switch-4x-poe\/#breadcrumb"},"inLanguage":"en-GB","potentialAction":[{"@type":"ReadAction","target":["https:\/\/raymarine.ee\/product\/raymarine-rns-8-network-switch-4x-poe\/"]}]},{"@type":"ImageObject","inLanguage":"en-GB","@id":"https:\/\/raymarine.ee\/product\/raymarine-rns-8-network-switch-4x-poe\/#primaryimage","url":"https:\/\/raymarine.ee\/wp-content\/uploads\/2025\/02\/96a34d76-976b-42bc-b4d9-698e877a9d44.webp","contentUrl":"https:\/\/raymarine.ee\/wp-content\/uploads\/2025\/02\/96a34d76-976b-42bc-b4d9-698e877a9d44.webp","width":1024,"height":1024},{"@type":"BreadcrumbList","@id":"https:\/\/raymarine.ee\/product\/raymarine-rns-8-network-switch-4x-poe\/#breadcrumb","itemListElement":[{"@type":"ListItem","position":1,"name":"Home","item":"https:\/\/raymarine.ee\/"},{"@type":"ListItem","position":2,"name":"Tooted","item":"https:\/\/raymarine.ee\/shop\/"},{"@type":"ListItem","position":3,"name":"Raymarine RNS-8 Gigabyte Network Switch (8-ports, 4x POE)"}]},{"@type":"WebSite","@id":"https:\/\/raymarine.ee\/#website","url":"https:\/\/raymarine.ee\/","name":"www.raymarine.ee","description":"Mereelektroonika, kaardiplotter, autopiloot, pinnipiloot, roolipiloot, radar, AIS, VHF, Smart Wind","publisher":{"@id":"https:\/\/raymarine.ee\/#organization"},"alternateName":"Raymarine","potentialAction":[{"@type":"SearchAction","target":{"@type":"EntryPoint","urlTemplate":"https:\/\/raymarine.ee\/?s={search_term_string}"},"query-input":{"@type":"PropertyValueSpecification","valueRequired":true,"valueName":"search_term_string"}}],"inLanguage":"en-GB"},{"@type":"Organization","@id":"https:\/\/raymarine.ee\/#organization","name":"NavSystems O\u00dc","url":"https:\/\/raymarine.ee\/","logo":{"@type":"ImageObject","inLanguage":"en-GB","@id":"https:\/\/raymarine.ee\/#\/schema\/logo\/image\/","url":"https:\/\/raymarine.ee\/wp-content\/uploads\/2024\/10\/Screenshot-2024-10-15-151324_bg_removed.webp","contentUrl":"https:\/\/raymarine.ee\/wp-content\/uploads\/2024\/10\/Screenshot-2024-10-15-151324_bg_removed.webp","width":420,"height":276,"caption":"NavSystems O\u00dc"},"image":{"@id":"https:\/\/raymarine.ee\/#\/schema\/logo\/image\/"},"sameAs":["https:\/\/www.facebook.com\/NavSystems"],"legalName":"NavSystems O\u00dc","foundingDate":"2011-05-03","numberOfEmployees":{"@type":"QuantitativeValue","minValue":"1","maxValue":"10"}}]},"product_price_amount":"1093.00","product_price_currency":"EUR","og_availability":"backorder","product_availability":"available for order","product_retailer_item_id":"A80732","product_condition":"new"},"jetpack_sharing_enabled":true,"_links":{"self":[{"href":"https:\/\/raymarine.ee\/en\/wp-json\/wp\/v2\/product\/8046","targetHints":{"allow":["GET"]}}],"collection":[{"href":"https:\/\/raymarine.ee\/en\/wp-json\/wp\/v2\/product"}],"about":[{"href":"https:\/\/raymarine.ee\/en\/wp-json\/wp\/v2\/types\/product"}],"wp:featuredmedia":[{"embeddable":true,"href":"https:\/\/raymarine.ee\/en\/wp-json\/wp\/v2\/media\/8048"}],"wp:attachment":[{"href":"https:\/\/raymarine.ee\/en\/wp-json\/wp\/v2\/media?parent=8046"}],"wp:term":[{"taxonomy":"product_brand","embeddable":true,"href":"https:\/\/raymarine.ee\/en\/wp-json\/wp\/v2\/product_brand?post=8046"},{"taxonomy":"product_cat","embeddable":true,"href":"https:\/\/raymarine.ee\/en\/wp-json\/wp\/v2\/product_cat?post=8046"},{"taxonomy":"product_tag","embeddable":true,"href":"https:\/\/raymarine.ee\/en\/wp-json\/wp\/v2\/product_tag?post=8046"}],"curies":[{"name":"wp","href":"https:\/\/api.w.org\/{rel}","templated":true}]}}