{"id":8050,"date":"2025-02-16T08:35:49","date_gmt":"2025-02-16T06:35:49","guid":{"rendered":"https:\/\/raymarine.ee\/?post_type=product&#038;p=8050"},"modified":"2026-04-26T17:08:30","modified_gmt":"2026-04-26T14:08:30","slug":"raymarine-rns-5-gigabit-raynet-network-switch-5-ports","status":"publish","type":"product","link":"https:\/\/raymarine.ee\/en\/product\/raymarine-rns-5-gigabit-raynet-network-switch-5-ports\/","title":{"rendered":"Raymarine RNS-5 Gigabit Raynet Network Switch (5-ports)"},"content":{"rendered":"<p data-start=\"76\" data-end=\"151\"><strong data-start=\"76\" data-end=\"151\">RNS-5 switch \u2013 kiire ja usaldusv\u00e4\u00e4rne \u00fchendus Raymarine RayNet seadmetele<\/strong><\/p>\n<p data-start=\"153\" data-end=\"456\">Lihtsasti paigaldatav RNS-5 switch v\u00f5imaldab laiendada Raymarine kaardiplotterite s\u00fcsteeme. Suure kiirusega RNS-5 ja RayNet v\u00f5rgukaablid v\u00f5imaldavad omavahel \u00fchendada Axiom seeria plotterid ja Alpha display-d. Samasse v\u00f5rku saab lisada radari, v\u00e4lise sonari, IP kaamerad ja FLIR termokaamerad.\u00a0RNS-5 toetab ka Raymarine YachtSense digitaalse juhtimiss\u00fcsteemi ja YachtSense Link merel kasutatava mobiilse ruuteri v\u00f5rgu\u00fchendust. Suuremate v\u00f5rkude loomiseks on v\u00f5imalik \u00fchendada kaks v\u00f5i rohkem\u00a0 RNS-5 switch-i j\u00e4rjestikku.<\/p>\n<h3 data-start=\"677\" data-end=\"694\">P\u00f5hiomadused:<\/h3>\n<ul data-start=\"695\" data-end=\"1095\">\n<li data-start=\"695\" data-end=\"768\">\n<p data-start=\"697\" data-end=\"768\"><strong data-start=\"697\" data-end=\"732\">5 RayNet Gigabit Ethernet porti<\/strong> kiireks ja stabiilseks \u00fchenduseks<\/p>\n<\/li>\n<li data-start=\"769\" data-end=\"827\">\n<p data-start=\"771\" data-end=\"827\"><strong data-start=\"771\" data-end=\"797\">Vastupidav IPX6 korpus<\/strong> merekeskkonnas kasutamiseks<\/p>\n<\/li>\n<li data-start=\"828\" data-end=\"902\">\n<p data-start=\"830\" data-end=\"902\"><strong data-start=\"830\" data-end=\"860\">Veekindlad RayNet pistikud<\/strong> kindla ja turvalise \u00fchenduse tagamiseks<\/p>\n<\/li>\n<li data-start=\"903\" data-end=\"956\">\n<p data-start=\"905\" data-end=\"956\"><strong data-start=\"905\" data-end=\"925\">Lihtne paigaldus<\/strong> laevakerele (bulkhead mount)<\/p>\n<\/li>\n<li data-start=\"957\" data-end=\"1014\">\n<p data-start=\"959\" data-end=\"1014\"><strong data-start=\"959\" data-end=\"979\">LED indikaatorid<\/strong> toite- ja v\u00f5rguoleku j\u00e4lgimiseks<\/p>\n<\/li>\n<li data-start=\"1015\" data-end=\"1095\">\n<p data-start=\"1017\" data-end=\"1095\"><strong data-start=\"1017\" data-end=\"1048\">Plug &amp; Play funktsionaalsus<\/strong> \u2013 \u00fchenda ja kasuta koos Raymarine seadmetega<\/p>\n<\/li>\n<\/ul>\n<p data-start=\"1097\" data-end=\"1238\">Paranda oma mereelektroonika v\u00f5rku usaldusv\u00e4\u00e4rse ja kiire <strong data-start=\"1155\" data-end=\"1178\">RNS-5 switch-iga<\/strong>, mis on loodud vastama rasketele ilmastikutingimustele ja n\u00f5udlikele navigatsioonivajadustele.<\/p>\n<p data-start=\"1097\" data-end=\"1238\"><strong>Juhend<\/strong><\/p>\n<p data-start=\"1097\" data-end=\"1238\">Lae alla <a href=\"https:\/\/raymarine.ee\/wp-content\/uploads\/2026\/04\/RNS-5-Network-switch-Installation-instructions-87442-Rev-2-EN.pdf\" target=\"_blank\" rel=\"noopener\">Raymarine RNS-5 paigaldusjuhend<\/a><\/p>","protected":false},"excerpt":{"rendered":"<p data-start=\"76\" data-end=\"151\"><strong data-start=\"76\" data-end=\"151\">RNS-5 switch \u2013 kiire ja usaldusv\u00e4\u00e4rne \u00fchendus Raymarine RayNet seadmetele<\/strong><\/p>\n<p data-start=\"153\" data-end=\"456\">Lihtsasti paigaldatav RNS-5 switch v\u00f5imaldab laiendada Raymarine kaardiplotterite s\u00fcsteeme. Suure kiirusega RNS-5 ja RayNet v\u00f5rgukaablid v\u00f5imaldavad omavahel \u00fchendada Axiom seeria plotterid ja Alpha display-d. Samasse v\u00f5rku saab lisada radari, v\u00e4lise sonari, IP kaamerad ja FLIR termokaamerad.\u00a0RNS-5 toetab ka Raymarine YachtSense digitaalse juhtimiss\u00fcsteemi ja YachtSense Link merel kasutatava mobiilse ruuteri v\u00f5rgu\u00fchendust. Suuremate v\u00f5rkude loomiseks on v\u00f5imalik \u00fchendada kaks v\u00f5i rohkem\u00a0 RNS-5 switch-i j\u00e4rjestikku.\u00a0 Tutvu kindlasti ka selle toote juhenditega ja k\u00fcsimuste korral pea n\u00f5u meie spetsialistiga.<\/p>","protected":false},"featured_media":8052,"template":"","meta":{"_acf_changed":false},"product_brand":[134],"product_cat":[32,72,103,344],"product_tag":[],"class_list":{"0":"post-8050","1":"product","2":"type-product","3":"status-publish","4":"has-post-thumbnail","6":"product_brand-raymarine","7":"product_cat-instruments","8":"product_cat-tarvikud","9":"product_cat-raymarine","10":"product_cat-raynet","12":"first","13":"instock","14":"sale","15":"taxable","16":"shipping-taxable","17":"purchasable","18":"product-type-simple"},"acf":[],"yoast_head":"<!-- This site is optimized with the Yoast SEO Premium plugin v27.5 (Yoast SEO v27.5) - https:\/\/yoast.com\/product\/yoast-seo-premium-wordpress\/ -->\n<title>RNS-5 RayNet Switch Axiom ekraanide ja radari \u00fchendamiseks - NavSystems<\/title>\n<meta name=\"description\" content=\"RNS-5 RayNet switch, kiire ja usaldusv\u00e4\u00e4rne lahendus Raymarine seadmete \u00fchendamiseks. \u00dchenda plotterid, radar, Alpha ekraanid ja kaamerad \u00fchte v\u00f5rku.\" \/>\n<meta name=\"robots\" content=\"index, follow, max-snippet:-1, max-image-preview:large, max-video-preview:-1\" \/>\n<link rel=\"canonical\" href=\"https:\/\/raymarine.ee\/en\/product\/raymarine-rns-5-gigabit-raynet-network-switch-5-ports\/\" \/>\n<meta property=\"og:locale\" content=\"en_GB\" \/>\n<meta property=\"og:type\" content=\"article\" \/>\n<meta property=\"og:title\" content=\"Raymarine RNS-5 Gigabit Raynet Network Switch (5-ports)\" \/>\n<meta property=\"og:description\" content=\"RNS-5 RayNet switch, kiire ja usaldusv\u00e4\u00e4rne lahendus Raymarine seadmete \u00fchendamiseks. \u00dchenda plotterid, radar, Alpha ekraanid ja kaamerad \u00fchte v\u00f5rku.\" \/>\n<meta property=\"og:url\" content=\"https:\/\/raymarine.ee\/en\/product\/raymarine-rns-5-gigabit-raynet-network-switch-5-ports\/\" \/>\n<meta property=\"og:site_name\" content=\"NavSystems\" \/>\n<meta property=\"article:publisher\" content=\"https:\/\/www.facebook.com\/NavSystems\" \/>\n<meta property=\"article:modified_time\" content=\"2026-04-26T14:08:30+00:00\" \/>\n<meta property=\"og:image\" content=\"https:\/\/raymarine.ee\/wp-content\/uploads\/2025\/02\/4971a91e-2de4-48ff-bb79-a91a8c54ad36.webp\" \/>\n\t<meta property=\"og:image:width\" content=\"1024\" \/>\n\t<meta property=\"og:image:height\" content=\"1024\" \/>\n\t<meta property=\"og:image:type\" content=\"image\/webp\" \/>\n<meta name=\"twitter:card\" content=\"summary_large_image\" \/>\n<meta name=\"twitter:label1\" content=\"Price\" \/>\n\t<meta name=\"twitter:data1\" content=\"433,71&nbsp;&euro;\" \/>\n\t<meta name=\"twitter:label2\" content=\"Availability\" \/>\n\t<meta name=\"twitter:data2\" content=\"In stock\" \/>\n<script type=\"application\/ld+json\" class=\"yoast-schema-graph\">{\"@context\":\"https:\\\/\\\/schema.org\",\"@graph\":[{\"@type\":\"WebPage\",\"@id\":\"https:\\\/\\\/raymarine.ee\\\/product\\\/raymarine-rns-5-gigabit-raynet-network-switch-5-ports\\\/\",\"url\":\"https:\\\/\\\/raymarine.ee\\\/product\\\/raymarine-rns-5-gigabit-raynet-network-switch-5-ports\\\/\",\"name\":\"RNS-5 RayNet Switch Axiom ekraanide ja radari \u00fchendamiseks - NavSystems\",\"isPartOf\":{\"@id\":\"https:\\\/\\\/raymarine.ee\\\/#website\"},\"primaryImageOfPage\":{\"@id\":\"https:\\\/\\\/raymarine.ee\\\/product\\\/raymarine-rns-5-gigabit-raynet-network-switch-5-ports\\\/#primaryimage\"},\"image\":{\"@id\":\"https:\\\/\\\/raymarine.ee\\\/product\\\/raymarine-rns-5-gigabit-raynet-network-switch-5-ports\\\/#primaryimage\"},\"thumbnailUrl\":\"https:\\\/\\\/raymarine.ee\\\/wp-content\\\/uploads\\\/2025\\\/02\\\/4971a91e-2de4-48ff-bb79-a91a8c54ad36.webp\",\"datePublished\":\"2025-02-16T06:35:49+00:00\",\"dateModified\":\"2026-04-26T14:08:30+00:00\",\"description\":\"RNS-5 RayNet switch, kiire ja usaldusv\u00e4\u00e4rne lahendus Raymarine seadmete \u00fchendamiseks. \u00dchenda plotterid, radar, Alpha ekraanid ja kaamerad \u00fchte v\u00f5rku.\",\"breadcrumb\":{\"@id\":\"https:\\\/\\\/raymarine.ee\\\/product\\\/raymarine-rns-5-gigabit-raynet-network-switch-5-ports\\\/#breadcrumb\"},\"inLanguage\":\"en-GB\",\"potentialAction\":[{\"@type\":\"ReadAction\",\"target\":[\"https:\\\/\\\/raymarine.ee\\\/product\\\/raymarine-rns-5-gigabit-raynet-network-switch-5-ports\\\/\"]}]},{\"@type\":\"ImageObject\",\"inLanguage\":\"en-GB\",\"@id\":\"https:\\\/\\\/raymarine.ee\\\/product\\\/raymarine-rns-5-gigabit-raynet-network-switch-5-ports\\\/#primaryimage\",\"url\":\"https:\\\/\\\/raymarine.ee\\\/wp-content\\\/uploads\\\/2025\\\/02\\\/4971a91e-2de4-48ff-bb79-a91a8c54ad36.webp\",\"contentUrl\":\"https:\\\/\\\/raymarine.ee\\\/wp-content\\\/uploads\\\/2025\\\/02\\\/4971a91e-2de4-48ff-bb79-a91a8c54ad36.webp\",\"width\":1024,\"height\":1024},{\"@type\":\"BreadcrumbList\",\"@id\":\"https:\\\/\\\/raymarine.ee\\\/product\\\/raymarine-rns-5-gigabit-raynet-network-switch-5-ports\\\/#breadcrumb\",\"itemListElement\":[{\"@type\":\"ListItem\",\"position\":1,\"name\":\"Home\",\"item\":\"https:\\\/\\\/raymarine.ee\\\/\"},{\"@type\":\"ListItem\",\"position\":2,\"name\":\"Tooted\",\"item\":\"https:\\\/\\\/raymarine.ee\\\/shop\\\/\"},{\"@type\":\"ListItem\",\"position\":3,\"name\":\"Raymarine RNS-5 Gigabit Raynet Network Switch (5-ports)\"}]},{\"@type\":\"WebSite\",\"@id\":\"https:\\\/\\\/raymarine.ee\\\/#website\",\"url\":\"https:\\\/\\\/raymarine.ee\\\/\",\"name\":\"www.raymarine.ee\",\"description\":\"Mereelektroonika, kaardiplotter, autopiloot, pinnipiloot, roolipiloot, radar, AIS, VHF, Smart Wind\",\"publisher\":{\"@id\":\"https:\\\/\\\/raymarine.ee\\\/#organization\"},\"alternateName\":\"Raymarine\",\"potentialAction\":[{\"@type\":\"SearchAction\",\"target\":{\"@type\":\"EntryPoint\",\"urlTemplate\":\"https:\\\/\\\/raymarine.ee\\\/?s={search_term_string}\"},\"query-input\":{\"@type\":\"PropertyValueSpecification\",\"valueRequired\":true,\"valueName\":\"search_term_string\"}}],\"inLanguage\":\"en-GB\"},{\"@type\":\"Organization\",\"@id\":\"https:\\\/\\\/raymarine.ee\\\/#organization\",\"name\":\"NavSystems O\u00dc\",\"url\":\"https:\\\/\\\/raymarine.ee\\\/\",\"logo\":{\"@type\":\"ImageObject\",\"inLanguage\":\"en-GB\",\"@id\":\"https:\\\/\\\/raymarine.ee\\\/#\\\/schema\\\/logo\\\/image\\\/\",\"url\":\"https:\\\/\\\/raymarine.ee\\\/wp-content\\\/uploads\\\/2024\\\/10\\\/Screenshot-2024-10-15-151324_bg_removed.webp\",\"contentUrl\":\"https:\\\/\\\/raymarine.ee\\\/wp-content\\\/uploads\\\/2024\\\/10\\\/Screenshot-2024-10-15-151324_bg_removed.webp\",\"width\":420,\"height\":276,\"caption\":\"NavSystems O\u00dc\"},\"image\":{\"@id\":\"https:\\\/\\\/raymarine.ee\\\/#\\\/schema\\\/logo\\\/image\\\/\"},\"sameAs\":[\"https:\\\/\\\/www.facebook.com\\\/NavSystems\"],\"legalName\":\"NavSystems O\u00dc\",\"foundingDate\":\"2011-05-03\",\"numberOfEmployees\":{\"@type\":\"QuantitativeValue\",\"minValue\":\"1\",\"maxValue\":\"10\"}}]}<\/script>\n<meta property=\"product:price:amount\" content=\"433.71\" \/>\n<meta property=\"product:price:currency\" content=\"EUR\" \/>\n<meta property=\"og:availability\" content=\"instock\" \/>\n<meta property=\"product:availability\" content=\"instock\" \/>\n<meta property=\"product:retailer_item_id\" content=\"A80731\" \/>\n<meta property=\"product:condition\" content=\"new\" \/>\n<!-- \/ Yoast SEO Premium plugin. -->","yoast_head_json":{"title":"RNS-5 RayNet Switch Axiom ekraanide ja radari \u00fchendamiseks - NavSystems","description":"RNS-5 RayNet switch, kiire ja usaldusv\u00e4\u00e4rne lahendus Raymarine seadmete \u00fchendamiseks. \u00dchenda plotterid, radar, Alpha ekraanid ja kaamerad \u00fchte v\u00f5rku.","robots":{"index":"index","follow":"follow","max-snippet":"max-snippet:-1","max-image-preview":"max-image-preview:large","max-video-preview":"max-video-preview:-1"},"canonical":"https:\/\/raymarine.ee\/en\/product\/raymarine-rns-5-gigabit-raynet-network-switch-5-ports\/","og_locale":"en_GB","og_type":"article","og_title":"Raymarine RNS-5 Gigabit Raynet Network Switch (5-ports)","og_description":"RNS-5 RayNet switch, kiire ja usaldusv\u00e4\u00e4rne lahendus Raymarine seadmete \u00fchendamiseks. \u00dchenda plotterid, radar, Alpha ekraanid ja kaamerad \u00fchte v\u00f5rku.","og_url":"https:\/\/raymarine.ee\/en\/product\/raymarine-rns-5-gigabit-raynet-network-switch-5-ports\/","og_site_name":"NavSystems","article_publisher":"https:\/\/www.facebook.com\/NavSystems","article_modified_time":"2026-04-26T14:08:30+00:00","og_image":[{"width":1024,"height":1024,"url":"https:\/\/raymarine.ee\/wp-content\/uploads\/2025\/02\/4971a91e-2de4-48ff-bb79-a91a8c54ad36.webp","type":"image\/webp"}],"twitter_card":"summary_large_image","twitter_misc":{"Price":"433,71&nbsp;&euro;","Availability":"In stock"},"schema":{"@context":"https:\/\/schema.org","@graph":[{"@type":"WebPage","@id":"https:\/\/raymarine.ee\/product\/raymarine-rns-5-gigabit-raynet-network-switch-5-ports\/","url":"https:\/\/raymarine.ee\/product\/raymarine-rns-5-gigabit-raynet-network-switch-5-ports\/","name":"RNS-5 RayNet Switch Axiom ekraanide ja radari \u00fchendamiseks - NavSystems","isPartOf":{"@id":"https:\/\/raymarine.ee\/#website"},"primaryImageOfPage":{"@id":"https:\/\/raymarine.ee\/product\/raymarine-rns-5-gigabit-raynet-network-switch-5-ports\/#primaryimage"},"image":{"@id":"https:\/\/raymarine.ee\/product\/raymarine-rns-5-gigabit-raynet-network-switch-5-ports\/#primaryimage"},"thumbnailUrl":"https:\/\/raymarine.ee\/wp-content\/uploads\/2025\/02\/4971a91e-2de4-48ff-bb79-a91a8c54ad36.webp","datePublished":"2025-02-16T06:35:49+00:00","dateModified":"2026-04-26T14:08:30+00:00","description":"RNS-5 RayNet switch, kiire ja usaldusv\u00e4\u00e4rne lahendus Raymarine seadmete \u00fchendamiseks. \u00dchenda plotterid, radar, Alpha ekraanid ja kaamerad \u00fchte v\u00f5rku.","breadcrumb":{"@id":"https:\/\/raymarine.ee\/product\/raymarine-rns-5-gigabit-raynet-network-switch-5-ports\/#breadcrumb"},"inLanguage":"en-GB","potentialAction":[{"@type":"ReadAction","target":["https:\/\/raymarine.ee\/product\/raymarine-rns-5-gigabit-raynet-network-switch-5-ports\/"]}]},{"@type":"ImageObject","inLanguage":"en-GB","@id":"https:\/\/raymarine.ee\/product\/raymarine-rns-5-gigabit-raynet-network-switch-5-ports\/#primaryimage","url":"https:\/\/raymarine.ee\/wp-content\/uploads\/2025\/02\/4971a91e-2de4-48ff-bb79-a91a8c54ad36.webp","contentUrl":"https:\/\/raymarine.ee\/wp-content\/uploads\/2025\/02\/4971a91e-2de4-48ff-bb79-a91a8c54ad36.webp","width":1024,"height":1024},{"@type":"BreadcrumbList","@id":"https:\/\/raymarine.ee\/product\/raymarine-rns-5-gigabit-raynet-network-switch-5-ports\/#breadcrumb","itemListElement":[{"@type":"ListItem","position":1,"name":"Home","item":"https:\/\/raymarine.ee\/"},{"@type":"ListItem","position":2,"name":"Tooted","item":"https:\/\/raymarine.ee\/shop\/"},{"@type":"ListItem","position":3,"name":"Raymarine RNS-5 Gigabit Raynet Network Switch (5-ports)"}]},{"@type":"WebSite","@id":"https:\/\/raymarine.ee\/#website","url":"https:\/\/raymarine.ee\/","name":"www.raymarine.ee","description":"Mereelektroonika, kaardiplotter, autopiloot, pinnipiloot, roolipiloot, radar, AIS, VHF, Smart Wind","publisher":{"@id":"https:\/\/raymarine.ee\/#organization"},"alternateName":"Raymarine","potentialAction":[{"@type":"SearchAction","target":{"@type":"EntryPoint","urlTemplate":"https:\/\/raymarine.ee\/?s={search_term_string}"},"query-input":{"@type":"PropertyValueSpecification","valueRequired":true,"valueName":"search_term_string"}}],"inLanguage":"en-GB"},{"@type":"Organization","@id":"https:\/\/raymarine.ee\/#organization","name":"NavSystems O\u00dc","url":"https:\/\/raymarine.ee\/","logo":{"@type":"ImageObject","inLanguage":"en-GB","@id":"https:\/\/raymarine.ee\/#\/schema\/logo\/image\/","url":"https:\/\/raymarine.ee\/wp-content\/uploads\/2024\/10\/Screenshot-2024-10-15-151324_bg_removed.webp","contentUrl":"https:\/\/raymarine.ee\/wp-content\/uploads\/2024\/10\/Screenshot-2024-10-15-151324_bg_removed.webp","width":420,"height":276,"caption":"NavSystems O\u00dc"},"image":{"@id":"https:\/\/raymarine.ee\/#\/schema\/logo\/image\/"},"sameAs":["https:\/\/www.facebook.com\/NavSystems"],"legalName":"NavSystems O\u00dc","foundingDate":"2011-05-03","numberOfEmployees":{"@type":"QuantitativeValue","minValue":"1","maxValue":"10"}}]},"product_price_amount":"433.71","product_price_currency":"EUR","og_availability":"instock","product_availability":"instock","product_retailer_item_id":"A80731","product_condition":"new"},"jetpack_sharing_enabled":true,"_links":{"self":[{"href":"https:\/\/raymarine.ee\/en\/wp-json\/wp\/v2\/product\/8050","targetHints":{"allow":["GET"]}}],"collection":[{"href":"https:\/\/raymarine.ee\/en\/wp-json\/wp\/v2\/product"}],"about":[{"href":"https:\/\/raymarine.ee\/en\/wp-json\/wp\/v2\/types\/product"}],"wp:featuredmedia":[{"embeddable":true,"href":"https:\/\/raymarine.ee\/en\/wp-json\/wp\/v2\/media\/8052"}],"wp:attachment":[{"href":"https:\/\/raymarine.ee\/en\/wp-json\/wp\/v2\/media?parent=8050"}],"wp:term":[{"taxonomy":"product_brand","embeddable":true,"href":"https:\/\/raymarine.ee\/en\/wp-json\/wp\/v2\/product_brand?post=8050"},{"taxonomy":"product_cat","embeddable":true,"href":"https:\/\/raymarine.ee\/en\/wp-json\/wp\/v2\/product_cat?post=8050"},{"taxonomy":"product_tag","embeddable":true,"href":"https:\/\/raymarine.ee\/en\/wp-json\/wp\/v2\/product_tag?post=8050"}],"curies":[{"name":"wp","href":"https:\/\/api.w.org\/{rel}","templated":true}]}}