{"id":8088,"date":"2025-02-16T10:33:29","date_gmt":"2025-02-16T08:33:29","guid":{"rendered":"https:\/\/raymarine.ee\/?post_type=product&#038;p=8088"},"modified":"2026-04-28T09:00:42","modified_gmt":"2026-04-28T06:00:42","slug":"quantum-radar-data-cable-15m-raynet-pistikuga","status":"publish","type":"product","link":"https:\/\/raymarine.ee\/en\/product\/quantum-radar-data-cable-15m-raynet-pistikuga\/","title":{"rendered":"Quantum Radar Data Cable 15m (RayNet pistikuga)"},"content":{"rendered":"<p>Quantum Radari Data Cable on vajalik radari \u00fchendamiseks switch-i v\u00f5i plotterisse. Kui data kaablit on paha vedada saab Quantum radari \u00fchendada Master plotteriga ka Wi-Fi kaudu. Toitekaabel peab radaril olema \u00fchendatud, Quantum radatite toitepinge on 12\/24V.<\/p>","protected":false},"excerpt":{"rendered":"<p>Quantum Radari Data Cable on vajalik radari \u00fchendamiseks switch-i v\u00f5i plotterisse. Kui data kaablit on paha vedada saab Quantum radari \u00fchendada Master plotteriga ka Wi-Fi kaudu. Toitekaabel peab radaril olema \u00fchendatud, Quantum radatite toitepinge on 12\/24V.<\/p>","protected":false},"featured_media":8085,"template":"","meta":{"_acf_changed":false},"product_brand":[134],"product_cat":[82,344],"product_tag":[],"class_list":{"0":"post-8088","1":"product","2":"type-product","3":"status-publish","4":"has-post-thumbnail","6":"product_brand-raymarine","7":"product_cat-radaritarvikud","8":"product_cat-raynet","10":"first","11":"instock","12":"sale","13":"featured","14":"taxable","15":"shipping-taxable","16":"purchasable","17":"product-type-simple"},"acf":[],"yoast_head":"<!-- This site is optimized with the Yoast SEO Premium plugin v27.5 (Yoast SEO v27.5) - https:\/\/yoast.com\/product\/yoast-seo-premium-wordpress\/ -->\n<title>Quantum Radar Data Cable 15m (RayNet pistikuga) - NavSystems Mereelektroonika<\/title>\n<meta name=\"description\" content=\"Quantum Radari Data Cable on vajalik radari \u00fchendamiseks switch-i v\u00f5i plotterisse. Kui data kaablit on paha vedada saab Quantum radari \u00fchendada Master plotteriga ka Wi-Fi kaudu. Toitekaabel peab radaril olema \u00fchendatud, Quantum radatite toitepinge on 12\/24V.\" \/>\n<meta name=\"robots\" content=\"index, follow, max-snippet:-1, max-image-preview:large, max-video-preview:-1\" \/>\n<link rel=\"canonical\" href=\"https:\/\/raymarine.ee\/en\/product\/quantum-radar-data-cable-15m-raynet-pistikuga\/\" \/>\n<meta property=\"og:locale\" content=\"en_GB\" \/>\n<meta property=\"og:type\" content=\"article\" \/>\n<meta property=\"og:title\" content=\"Quantum Radar Data Cable 15m (RayNet pistikuga)\" \/>\n<meta property=\"og:description\" content=\"Quantum Radari Data Cable on vajalik radari \u00fchendamiseks switch-i v\u00f5i plotterisse. Kui data kaablit on paha vedada saab Quantum radari \u00fchendada Master plotteriga ka Wi-Fi kaudu. Toitekaabel peab radaril olema \u00fchendatud, Quantum radatite toitepinge on 12\/24V.\" \/>\n<meta property=\"og:url\" content=\"https:\/\/raymarine.ee\/en\/product\/quantum-radar-data-cable-15m-raynet-pistikuga\/\" \/>\n<meta property=\"og:site_name\" content=\"NavSystems\" \/>\n<meta property=\"article:publisher\" content=\"https:\/\/www.facebook.com\/NavSystems\" \/>\n<meta property=\"article:modified_time\" content=\"2026-04-28T06:00:42+00:00\" \/>\n<meta property=\"og:image\" content=\"https:\/\/raymarine.ee\/wp-content\/uploads\/2025\/02\/c8db671b-9749-481f-bf5c-7fcd78831768.webp\" \/>\n\t<meta property=\"og:image:width\" content=\"1024\" \/>\n\t<meta property=\"og:image:height\" content=\"1024\" \/>\n\t<meta property=\"og:image:type\" content=\"image\/webp\" \/>\n<meta name=\"twitter:card\" content=\"summary_large_image\" \/>\n<meta name=\"twitter:label1\" content=\"Price\" \/>\n\t<meta name=\"twitter:data1\" content=\"248,51&nbsp;&euro;\" \/>\n\t<meta name=\"twitter:label2\" content=\"Availability\" \/>\n\t<meta name=\"twitter:data2\" content=\"In stock\" \/>\n<script type=\"application\/ld+json\" class=\"yoast-schema-graph\">{\"@context\":\"https:\\\/\\\/schema.org\",\"@graph\":[{\"@type\":\"WebPage\",\"@id\":\"https:\\\/\\\/raymarine.ee\\\/product\\\/quantum-radar-data-cable-15m-raynet-pistikuga\\\/\",\"url\":\"https:\\\/\\\/raymarine.ee\\\/product\\\/quantum-radar-data-cable-15m-raynet-pistikuga\\\/\",\"name\":\"Quantum Radar Data Cable 15m (RayNet pistikuga) - NavSystems Mereelektroonika\",\"isPartOf\":{\"@id\":\"https:\\\/\\\/raymarine.ee\\\/#website\"},\"primaryImageOfPage\":{\"@id\":\"https:\\\/\\\/raymarine.ee\\\/product\\\/quantum-radar-data-cable-15m-raynet-pistikuga\\\/#primaryimage\"},\"image\":{\"@id\":\"https:\\\/\\\/raymarine.ee\\\/product\\\/quantum-radar-data-cable-15m-raynet-pistikuga\\\/#primaryimage\"},\"thumbnailUrl\":\"https:\\\/\\\/raymarine.ee\\\/wp-content\\\/uploads\\\/2025\\\/02\\\/c8db671b-9749-481f-bf5c-7fcd78831768.webp\",\"datePublished\":\"2025-02-16T08:33:29+00:00\",\"dateModified\":\"2026-04-28T06:00:42+00:00\",\"description\":\"Quantum Radari Data Cable on vajalik radari \u00fchendamiseks switch-i v\u00f5i plotterisse. Kui data kaablit on paha vedada saab Quantum radari \u00fchendada Master plotteriga ka Wi-Fi kaudu. Toitekaabel peab radaril olema \u00fchendatud, Quantum radatite toitepinge on 12\\\/24V.\",\"breadcrumb\":{\"@id\":\"https:\\\/\\\/raymarine.ee\\\/product\\\/quantum-radar-data-cable-15m-raynet-pistikuga\\\/#breadcrumb\"},\"inLanguage\":\"en-GB\",\"potentialAction\":[{\"@type\":\"ReadAction\",\"target\":[\"https:\\\/\\\/raymarine.ee\\\/product\\\/quantum-radar-data-cable-15m-raynet-pistikuga\\\/\"]}]},{\"@type\":\"ImageObject\",\"inLanguage\":\"en-GB\",\"@id\":\"https:\\\/\\\/raymarine.ee\\\/product\\\/quantum-radar-data-cable-15m-raynet-pistikuga\\\/#primaryimage\",\"url\":\"https:\\\/\\\/raymarine.ee\\\/wp-content\\\/uploads\\\/2025\\\/02\\\/c8db671b-9749-481f-bf5c-7fcd78831768.webp\",\"contentUrl\":\"https:\\\/\\\/raymarine.ee\\\/wp-content\\\/uploads\\\/2025\\\/02\\\/c8db671b-9749-481f-bf5c-7fcd78831768.webp\",\"width\":1024,\"height\":1024},{\"@type\":\"BreadcrumbList\",\"@id\":\"https:\\\/\\\/raymarine.ee\\\/product\\\/quantum-radar-data-cable-15m-raynet-pistikuga\\\/#breadcrumb\",\"itemListElement\":[{\"@type\":\"ListItem\",\"position\":1,\"name\":\"Home\",\"item\":\"https:\\\/\\\/raymarine.ee\\\/\"},{\"@type\":\"ListItem\",\"position\":2,\"name\":\"Tooted\",\"item\":\"https:\\\/\\\/raymarine.ee\\\/shop\\\/\"},{\"@type\":\"ListItem\",\"position\":3,\"name\":\"Quantum Radar Data Cable 15m (RayNet pistikuga)\"}]},{\"@type\":\"WebSite\",\"@id\":\"https:\\\/\\\/raymarine.ee\\\/#website\",\"url\":\"https:\\\/\\\/raymarine.ee\\\/\",\"name\":\"www.raymarine.ee\",\"description\":\"Mereelektroonika, kaardiplotter, autopiloot, pinnipiloot, roolipiloot, radar, AIS, VHF, Smart Wind\",\"publisher\":{\"@id\":\"https:\\\/\\\/raymarine.ee\\\/#organization\"},\"alternateName\":\"Raymarine\",\"potentialAction\":[{\"@type\":\"SearchAction\",\"target\":{\"@type\":\"EntryPoint\",\"urlTemplate\":\"https:\\\/\\\/raymarine.ee\\\/?s={search_term_string}\"},\"query-input\":{\"@type\":\"PropertyValueSpecification\",\"valueRequired\":true,\"valueName\":\"search_term_string\"}}],\"inLanguage\":\"en-GB\"},{\"@type\":\"Organization\",\"@id\":\"https:\\\/\\\/raymarine.ee\\\/#organization\",\"name\":\"NavSystems O\u00dc\",\"url\":\"https:\\\/\\\/raymarine.ee\\\/\",\"logo\":{\"@type\":\"ImageObject\",\"inLanguage\":\"en-GB\",\"@id\":\"https:\\\/\\\/raymarine.ee\\\/#\\\/schema\\\/logo\\\/image\\\/\",\"url\":\"https:\\\/\\\/raymarine.ee\\\/wp-content\\\/uploads\\\/2024\\\/10\\\/Screenshot-2024-10-15-151324_bg_removed.webp\",\"contentUrl\":\"https:\\\/\\\/raymarine.ee\\\/wp-content\\\/uploads\\\/2024\\\/10\\\/Screenshot-2024-10-15-151324_bg_removed.webp\",\"width\":420,\"height\":276,\"caption\":\"NavSystems O\u00dc\"},\"image\":{\"@id\":\"https:\\\/\\\/raymarine.ee\\\/#\\\/schema\\\/logo\\\/image\\\/\"},\"sameAs\":[\"https:\\\/\\\/www.facebook.com\\\/NavSystems\"],\"legalName\":\"NavSystems O\u00dc\",\"foundingDate\":\"2011-05-03\",\"numberOfEmployees\":{\"@type\":\"QuantitativeValue\",\"minValue\":\"1\",\"maxValue\":\"10\"}}]}<\/script>\n<meta property=\"product:price:amount\" content=\"248.51\" \/>\n<meta property=\"product:price:currency\" content=\"EUR\" \/>\n<meta property=\"og:availability\" content=\"instock\" \/>\n<meta property=\"product:availability\" content=\"instock\" \/>\n<meta property=\"product:retailer_item_id\" content=\"A80310\" \/>\n<meta property=\"product:condition\" content=\"new\" \/>\n<!-- \/ Yoast SEO Premium plugin. -->","yoast_head_json":{"title":"Quantum Radar Data Cable 15m (RayNet pistikuga) - NavSystems Mereelektroonika","description":"Quantum Radari Data Cable on vajalik radari \u00fchendamiseks switch-i v\u00f5i plotterisse. Kui data kaablit on paha vedada saab Quantum radari \u00fchendada Master plotteriga ka Wi-Fi kaudu. Toitekaabel peab radaril olema \u00fchendatud, Quantum radatite toitepinge on 12\/24V.","robots":{"index":"index","follow":"follow","max-snippet":"max-snippet:-1","max-image-preview":"max-image-preview:large","max-video-preview":"max-video-preview:-1"},"canonical":"https:\/\/raymarine.ee\/en\/product\/quantum-radar-data-cable-15m-raynet-pistikuga\/","og_locale":"en_GB","og_type":"article","og_title":"Quantum Radar Data Cable 15m (RayNet pistikuga)","og_description":"Quantum Radari Data Cable on vajalik radari \u00fchendamiseks switch-i v\u00f5i plotterisse. Kui data kaablit on paha vedada saab Quantum radari \u00fchendada Master plotteriga ka Wi-Fi kaudu. Toitekaabel peab radaril olema \u00fchendatud, Quantum radatite toitepinge on 12\/24V.","og_url":"https:\/\/raymarine.ee\/en\/product\/quantum-radar-data-cable-15m-raynet-pistikuga\/","og_site_name":"NavSystems","article_publisher":"https:\/\/www.facebook.com\/NavSystems","article_modified_time":"2026-04-28T06:00:42+00:00","og_image":[{"width":1024,"height":1024,"url":"https:\/\/raymarine.ee\/wp-content\/uploads\/2025\/02\/c8db671b-9749-481f-bf5c-7fcd78831768.webp","type":"image\/webp"}],"twitter_card":"summary_large_image","twitter_misc":{"Price":"248,51&nbsp;&euro;","Availability":"In stock"},"schema":{"@context":"https:\/\/schema.org","@graph":[{"@type":"WebPage","@id":"https:\/\/raymarine.ee\/product\/quantum-radar-data-cable-15m-raynet-pistikuga\/","url":"https:\/\/raymarine.ee\/product\/quantum-radar-data-cable-15m-raynet-pistikuga\/","name":"Quantum Radar Data Cable 15m (RayNet pistikuga) - NavSystems Mereelektroonika","isPartOf":{"@id":"https:\/\/raymarine.ee\/#website"},"primaryImageOfPage":{"@id":"https:\/\/raymarine.ee\/product\/quantum-radar-data-cable-15m-raynet-pistikuga\/#primaryimage"},"image":{"@id":"https:\/\/raymarine.ee\/product\/quantum-radar-data-cable-15m-raynet-pistikuga\/#primaryimage"},"thumbnailUrl":"https:\/\/raymarine.ee\/wp-content\/uploads\/2025\/02\/c8db671b-9749-481f-bf5c-7fcd78831768.webp","datePublished":"2025-02-16T08:33:29+00:00","dateModified":"2026-04-28T06:00:42+00:00","description":"Quantum Radari Data Cable on vajalik radari \u00fchendamiseks switch-i v\u00f5i plotterisse. Kui data kaablit on paha vedada saab Quantum radari \u00fchendada Master plotteriga ka Wi-Fi kaudu. Toitekaabel peab radaril olema \u00fchendatud, Quantum radatite toitepinge on 12\/24V.","breadcrumb":{"@id":"https:\/\/raymarine.ee\/product\/quantum-radar-data-cable-15m-raynet-pistikuga\/#breadcrumb"},"inLanguage":"en-GB","potentialAction":[{"@type":"ReadAction","target":["https:\/\/raymarine.ee\/product\/quantum-radar-data-cable-15m-raynet-pistikuga\/"]}]},{"@type":"ImageObject","inLanguage":"en-GB","@id":"https:\/\/raymarine.ee\/product\/quantum-radar-data-cable-15m-raynet-pistikuga\/#primaryimage","url":"https:\/\/raymarine.ee\/wp-content\/uploads\/2025\/02\/c8db671b-9749-481f-bf5c-7fcd78831768.webp","contentUrl":"https:\/\/raymarine.ee\/wp-content\/uploads\/2025\/02\/c8db671b-9749-481f-bf5c-7fcd78831768.webp","width":1024,"height":1024},{"@type":"BreadcrumbList","@id":"https:\/\/raymarine.ee\/product\/quantum-radar-data-cable-15m-raynet-pistikuga\/#breadcrumb","itemListElement":[{"@type":"ListItem","position":1,"name":"Home","item":"https:\/\/raymarine.ee\/"},{"@type":"ListItem","position":2,"name":"Tooted","item":"https:\/\/raymarine.ee\/shop\/"},{"@type":"ListItem","position":3,"name":"Quantum Radar Data Cable 15m (RayNet pistikuga)"}]},{"@type":"WebSite","@id":"https:\/\/raymarine.ee\/#website","url":"https:\/\/raymarine.ee\/","name":"www.raymarine.ee","description":"Mereelektroonika, kaardiplotter, autopiloot, pinnipiloot, roolipiloot, radar, AIS, VHF, Smart Wind","publisher":{"@id":"https:\/\/raymarine.ee\/#organization"},"alternateName":"Raymarine","potentialAction":[{"@type":"SearchAction","target":{"@type":"EntryPoint","urlTemplate":"https:\/\/raymarine.ee\/?s={search_term_string}"},"query-input":{"@type":"PropertyValueSpecification","valueRequired":true,"valueName":"search_term_string"}}],"inLanguage":"en-GB"},{"@type":"Organization","@id":"https:\/\/raymarine.ee\/#organization","name":"NavSystems O\u00dc","url":"https:\/\/raymarine.ee\/","logo":{"@type":"ImageObject","inLanguage":"en-GB","@id":"https:\/\/raymarine.ee\/#\/schema\/logo\/image\/","url":"https:\/\/raymarine.ee\/wp-content\/uploads\/2024\/10\/Screenshot-2024-10-15-151324_bg_removed.webp","contentUrl":"https:\/\/raymarine.ee\/wp-content\/uploads\/2024\/10\/Screenshot-2024-10-15-151324_bg_removed.webp","width":420,"height":276,"caption":"NavSystems O\u00dc"},"image":{"@id":"https:\/\/raymarine.ee\/#\/schema\/logo\/image\/"},"sameAs":["https:\/\/www.facebook.com\/NavSystems"],"legalName":"NavSystems O\u00dc","foundingDate":"2011-05-03","numberOfEmployees":{"@type":"QuantitativeValue","minValue":"1","maxValue":"10"}}]},"product_price_amount":"248.51","product_price_currency":"EUR","og_availability":"instock","product_availability":"instock","product_retailer_item_id":"A80310","product_condition":"new"},"jetpack_sharing_enabled":true,"_links":{"self":[{"href":"https:\/\/raymarine.ee\/en\/wp-json\/wp\/v2\/product\/8088","targetHints":{"allow":["GET"]}}],"collection":[{"href":"https:\/\/raymarine.ee\/en\/wp-json\/wp\/v2\/product"}],"about":[{"href":"https:\/\/raymarine.ee\/en\/wp-json\/wp\/v2\/types\/product"}],"wp:featuredmedia":[{"embeddable":true,"href":"https:\/\/raymarine.ee\/en\/wp-json\/wp\/v2\/media\/8085"}],"wp:attachment":[{"href":"https:\/\/raymarine.ee\/en\/wp-json\/wp\/v2\/media?parent=8088"}],"wp:term":[{"taxonomy":"product_brand","embeddable":true,"href":"https:\/\/raymarine.ee\/en\/wp-json\/wp\/v2\/product_brand?post=8088"},{"taxonomy":"product_cat","embeddable":true,"href":"https:\/\/raymarine.ee\/en\/wp-json\/wp\/v2\/product_cat?post=8088"},{"taxonomy":"product_tag","embeddable":true,"href":"https:\/\/raymarine.ee\/en\/wp-json\/wp\/v2\/product_tag?post=8088"}],"curies":[{"name":"wp","href":"https:\/\/api.w.org\/{rel}","templated":true}]}}