{"id":8107,"date":"2025-02-17T09:43:15","date_gmt":"2025-02-17T07:43:15","guid":{"rendered":"https:\/\/raymarine.ee\/?post_type=product&#038;p=8107"},"modified":"2026-04-26T08:48:20","modified_gmt":"2026-04-26T05:48:20","slug":"raymarine-lighthouse-merekaart-neu-north-europe","status":"publish","type":"product","link":"https:\/\/raymarine.ee\/en\/product\/raymarine-lighthouse-merekaart-neu-north-europe\/","title":{"rendered":"Raymarine LightHouse merekaart NEU (North Europe)"},"content":{"rendered":"<div class=\"x11i5rnm xat24cr x1mh8g0r x1vvkbs xtlvy1s x126k92a\">\n<div dir=\"auto\">Raymarine LightHouse merekaart, North Europe. Need kaardid p\u00f5hinevad ametlikest h\u00fcdrograafiaalastest allikatest p\u00e4rinevatel andmetel, mis on konverteeritud Raymarine oma formaati. Uue kaarditarkvara eelised on erakordne selgus, suurem funktsionaalsus ja t\u00e4iustatud kujutised. Raymarine Lighthouse merekaardid sobivad Lighthouse 3, 4, ja 5 operatsioonis\u00fcsteemi kasutavatele seadmetele, Axiom, Axiom+, Axiom Pro, Axiom2 Pro, Axiom XL, Axiom2 XL ja Element seeria. Kontrollige kas teie seadmed on Up to Date. LightHouse merekaardi kuvamiseks vajalik minimaalne uuendustarkvara .iso failid on m\u00e4lukaardil juba olemas. Kui teie seadmed on uuendatud, siis v\u00f5ite tarkvara sisaldavad failid m\u00e4lukaardilt \u00e4ra kustutada.<\/div>\n<\/div>\n<div class=\"x11i5rnm xat24cr x1mh8g0r x1vvkbs xtlvy1s x126k92a\">\n<div dir=\"auto\">Vaata lisa Raymarine <a href=\"https:\/\/www.raymarine.com\/en-gb\/our-products\/nautical-charts\/lighthouse-charts\" target=\"_blank\" rel=\"noopener\">LightHouse merekaartide kohta.<\/a> Raymarine seadmete tarkvara on vabalt alla laetav. Enne oma kaardiplotteri v\u00f5i muude navigatsiooniseadmete tarkvara uuendamist lugege palun l\u00e4bi juhend kuidas seda teha. <a href=\"https:\/\/www.raymarine.com\/en-gb\/support\/software-updates-and-documents\" target=\"_blank\" rel=\"noopener\">Tarkvara uuendamine<\/a> toimub teie omal vastutusel.<\/div>\n<\/div>\n<div class=\"x11i5rnm xat24cr x1mh8g0r x1vvkbs xtlvy1s x126k92a\"><\/div>\n<div class=\"x11i5rnm xat24cr x1mh8g0r x1vvkbs xtlvy1s x126k92a\">\n<div dir=\"auto\">Raymarine LightHouse kaartide kasutajad saavad valida nelja erineva kuvamisre\u017eiimi vahel milleks on p\u00e4ev, videvik, \u00f6\u00f6 ja ere p\u00e4ike. K\u00f5ik need re\u017eiimid on m\u00f5eldud \u00fcldise selguse suurendamiseks ja silmade koormuse v\u00e4hendamiseks erinevates valgustingimustes. Muutmata \u00fcldist merekaardi suurust saab Lighthouse merekaartidel muuta merem\u00e4rkide, tulede ja muude navigeerimisikoonide suurust. Samuti saab reguleerida merekaartidel kuvatava detailsuse taset piirdudes ainult peamiste navigeerimisabivahenditega (madal) v\u00f5i lisades erineval m\u00e4\u00e4ral teisi objekte (k\u00f5rge).<\/div>\n<\/div>\n<div class=\"x11i5rnm xat24cr x1mh8g0r x1vvkbs xtlvy1s x126k92a\">\n<div dir=\"auto\">Huviobjektide l\u00e4hteandmed on p\u00e4rit mereinfo tunnustatud allikatest, Reeds Almanac ja Marinas com. Selle teabe maksimaalseks kasutamiseks on Raymarine lisanud funktsiooni &#8220;Leia l\u00e4him &#8230;&#8221; koos eelseadistatud valikutega mis viib teid otse l\u00e4hima jahisadama, k\u00fctusetankla, ankrukoha, remondit\u00f6\u00f6koja v\u00f5i supelrannani. \u00dcks v\u00e4ga kasulik funktsioon millele kohta tuleb tulevikus t\u00e4iustatud teave on t\u00f5eline loodete k\u00f5rgus ja hoovused, Raymarine t\u00f6\u00f6tab praegu selle kallal. LightHouse kaartidele pakub satelliidipilte Mapbox ja neid saab kihtidena lisada v\u00f5i eemaldada nii, et need kataksid ainult maad v\u00f5i nii maad kui ka merd. Lisaks visuaalsele atraktiivsusele kus n\u00e4ete \u00fcmbritsevat piirkonda erksate fotodetailidega kuni \u00fcksikute t\u00e4navate, hoonete ja parkideni on see suurep\u00e4rane v\u00f5imalus ka madalike ja karide v\u00e4ltimiseks.<\/div>\n<\/div>\n<div class=\"x11i5rnm xat24cr x1mh8g0r x1vvkbs xtlvy1s x126k92a\">\n<div dir=\"auto\">V\u00f5imalus on valida profi- ja vaba aja esitlusre\u017eiimide vahel; Esimene on S-52 (Government Chart Style), mis on professionaalsete meremeeste poolt soositud v\u00e4ga puhta ja p\u00f5hjaliku mereinfoga varustatud kaardire\u017eiim ja sellel puudub praktiliselt igasugune teave maismaa kohta. Teine \u200b\u200bon v\u00e4rvikam ja lisainformatsiooni poolest rikkalikum versioon mida huvilaevade omanikud saavad kasutada sadamate, poodide ja ka muude huviobjektide leidmiseks.<\/div>\n<\/div>\n<div class=\"x11i5rnm xat24cr x1mh8g0r x1vvkbs xtlvy1s x126k92a\">\n<div dir=\"auto\">Veel on kaks lisafunktsiooni millest esimene on loodud eelk\u00f5ige kalap\u00fc\u00fcgihuvilistele. Selleks on ekspertide poolt kontrollitud kalastuspiirkonnad kus kuvatakse detailselt erinevate liikide p\u00fc\u00fcdmist parimatest kohtadest koos t\u00e4iendava info-, \u00fche meetrise sammuga samas\u00fcgavusjoonte- ja RealBathy kaardistamisv\u00f5imalusega. See v\u00f5imaldab kasutajatel ise oma kajaloe abil luua sonarikaarte seni kaardistamata aladel.<\/div>\n<\/div>\n<div class=\"x11i5rnm xat24cr x1mh8g0r x1vvkbs xtlvy1s x126k92a\">\n<div dir=\"auto\">LightHouse Chart-i teine v\u00e4ga kasulik funktsioon avaneb Raymarine Premium teenuse kasutamisel mis annab v\u00f5imaluse plotteri kaarte v\u00e4rskendada l\u00e4bi nutiseadme. Premium pakett v\u00f5imaldab ka ligip\u00e4\u00e4su t\u00e4iustatud satelliidipiltidele ja suurele ning pidevalt uuenevale huviobjektide andmebaasile (POI). See annab ajakohast teavet jahisadamate, tanklate, paaditehaste, remondit\u00f6\u00f6kodade ja ka l\u00e4hedal asuvate kaubakeskuste ja restoranide kohta. \u00c4ra on m\u00e4rgitud ka Raymarine teeninduspunktide asukohad.<\/div>\n<\/div>\n<div class=\"x11i5rnm xat24cr x1mh8g0r x1vvkbs xtlvy1s x126k92a\">\n<div dir=\"auto\">\n<p>Kaardi suurendusastmest s\u00f5ltumatu kaardis\u00fcmbolite suuruse muutmine. Muutmata \u00fcldist merekaardi suurust saab muuta n\u00e4iteks merem\u00e4rkide, tulede ja muude navigeerimisikoonide suurust. Samuti saab reguleerida merekaartidel kuvatava detailsuse taset piirdudes ainult peamiste navigeerimisabivahenditega (madal) v\u00f5i lisades erineval m\u00e4\u00e4ral v\u00e4hemolulisi huviobjekte (k\u00f5rge).<\/p>\n<\/div>\n<div dir=\"auto\">\n<p><strong>KIIRJUHEND:<\/strong> T\u00e4name, et tundsite huvi Raymarine LightHouse kaartide vastu. Uus kaart tuleb endal alla laadida ja kopeerida pakis oleva m\u00e4lukaardi kataloogi <strong>lighthouse_charts<\/strong>. Selleks, et kaart alla laadida minge <a href=\"https:\/\/chartmanager.raymarine.com\/\" target=\"_blank\" rel=\"noopener\">Raymarine Chartmanager<\/a> lehele ja looge endale konto. Kui olete kaardi pakendi avanud, siis leiate kaardi <strong>VOUTCHER CODE<\/strong>. Valige Chartmanager-i avalehelt k\u00e4sk: <strong>Redeem your voutcher<\/strong>, sisestage \u00f5ige kood ja vajutage <strong>Submit<\/strong>. Edasi j\u00e4lgige ekraanik\u00e4sklusi. Merekaart <strong>NEU<\/strong> on juba valitud ja te saate t\u00e4iendada omad valikud kahes kategoorias: <strong>POI<\/strong>, mis on t\u00e4navad ja huviobjektid ja <strong>Aerial<\/strong>, mis on satelliitvaade. M\u00f5lemas kategoorias saate vedada kaardile ruudud nendesse piirkondadesse mida soovite alla laadida. Valida saab neli ruutu m\u00f5lema kategooria kohta, tehke valik m\u00f5istlikult. Kui olete k\u00f5ik vajalikud valikud teinud, siis kuvatakse teile orienteeruv faili maht ja vajutage nuppu <strong>Download<\/strong>. N\u00fc\u00fcd palutakse teil sisestada oma <strong>LightHouse kaardi ID<\/strong>. Navigeerige otsinguaknas oma uuele m\u00e4lukaardile ja valige fail nimega <strong>lighthouse_id.txt<\/strong> Teie alla laetav merekaart on edaspidi seotud just selle m\u00e4lukaardiga, hoidke pakendit turvalises kohas ja \u00e4rge kaotage m\u00e4lukaarti \u00e4ra. Allalaadimine ei toimu hetkega, vastaval tehtud valikutele valmistab server teie alla laetava LightHouse merekaardi faili ette. See v\u00f5tab aega vastavalt mahule mis v\u00f5ib ulatuda alates 1,9GB-st kuni k\u00f5ikide lisadega 20GB-ni. \u00c4rge sulgege laadimise ajal brauserit ega arvutit, merekaardi fail laetakse alla automaatselt teie arvuti Downloads kataloogi ja sealt kopeerige see m\u00e4lukaardil olevasse kataloogi <strong>lighthouse_charts <\/strong>Enne kopeerimist kontrollige<strong>, <\/strong>et allalaadimine on l\u00f5ppenud ja kaardifaili nimi on <strong>lighthouse_chart.rmc<\/strong> <span style=\"color: #ff0000;\">NB!<\/span> \u00c4rge muutke faili nime ega t\u00fc\u00fcpi!<\/p>\n<p>Alates 10.02.2025 r\u00e4\u00e4gime me LightHouse kaartide Gen2 p\u00f5lvkonnast ja Jim on teinud ilusa <a href=\"https:\/\/youtu.be\/8JE-nxFuKQo\" target=\"_blank\" rel=\"noopener\">seletava ja informatiivse video<\/a> selle kohta.<\/p>\n<\/div>\n<div dir=\"auto\">Korduma kippuvad k\u00fcsimused LightHouse kaardi kohta on v\u00e4lja toodud <a href=\"https:\/\/www.raymarine.com\/en-gb\/our-products\/nautical-charts\/lighthouse-charts#faq\" target=\"_blank\" rel=\"noopener\">tootja kodulehel<\/a>.<\/div>\n<\/div>","protected":false},"excerpt":{"rendered":"<div class=\"x11i5rnm xat24cr x1mh8g0r x1vvkbs xtlvy1s x126k92a\">\n<div dir=\"auto\">\n<p>Raymarine LightHouse merekaart, North Europe. Need kaardid p\u00f5hinevad ametlikest h\u00fcdrograafiaalastest allikatest p\u00e4rinevatel andmetel, mis on konverteeritud Raymarine oma formaati. Uue kaarditarkvara eelised on erakordne selgus, suurem funktsionaalsus ja t\u00e4iustatud kujutised. Raymarine Lighthouse merekaardid sobivad Lighthouse 3, 4 ja 5 operatsioonis\u00fcsteemi kasutavatele seadmetele, Axiom, Axiom+, Axiom Pro, Axiom2 Pro, Axiom XL, Axiom2 XL ja Element seeria. Vaata lisa <a href=\"https:\/\/www.raymarine.com\/en-gb\/our-products\/nautical-charts\/lighthouse-charts\" target=\"_blank\" rel=\"noopener\">Raymarine LightHouse<\/a> merekaartide kohta.<span class=\"html-span xdj266r x11i5rnm xat24cr x1mh8g0r xexx8yu x4uap5 x18d9i69 xkhd6sd x1hl2dhg x16tdsg8 x1vvkbs\">\u00a0<\/span>Raymarine seadmete tarkvara on vabalt alla laetav. Minimaalne LightHouse merekaartide kuvamiseks vajalik kaardiplotterite tarkvara on m\u00e4lukaardil juba olemas. Raymarine LightHouse kaartide kasutajad saavad valida nelja erineva kuvamisre\u017eiimi vahel milleks on p\u00e4ev, videvik, \u00f6\u00f6 ja ere p\u00e4ike. K\u00f5ik need re\u017eiimid on m\u00f5eldud \u00fcldise selguse suurendamiseks ja silmade koormuse v\u00e4hendamiseks erinevates valgustingimustes. Muutmata \u00fcldist merekaardi suurust saab Lighthouse merekaartidel muuta merem\u00e4rkide, tulede ja muude navigeerimisikoonide suurust. Samuti saab reguleerida merekaartidel kuvatava detailsuse taset piirdudes ainult peamiste navigeerimisabivahenditega (madal) v\u00f5i lisades erineval m\u00e4\u00e4ral teisi objekte (k\u00f5rge).<\/p>\n<p>Kiirjuhend kuidas LightHouse kaarti alla laadida asub lehek\u00fclje l\u00f5pus!<\/p>\n<\/div>\n<\/div>","protected":false},"featured_media":8108,"template":"","meta":{"_acf_changed":false},"product_brand":[134],"product_cat":[58,59,18,347,346,57,60],"product_tag":[],"class_list":{"0":"post-8107","1":"product","2":"type-product","3":"status-publish","4":"has-post-thumbnail","6":"product_brand-raymarine","7":"product_cat-axiom_pro","8":"product_cat-axiom_xl","9":"product_cat-axiom-axiom2-kaardiplotter-axiom2-pro","10":"product_cat-lighthouse-charts","11":"product_cat-merekaardid","12":"product_cat-axiomaxiom","13":"product_cat-element","14":"product_shipping_class-turvaymbrikus-kerged-kaubad","16":"first","17":"instock","18":"sale","19":"featured","20":"taxable","21":"shipping-taxable","22":"purchasable","23":"product-type-simple"},"acf":[],"yoast_head":"<!-- This site is optimized with the Yoast SEO Premium plugin v27.5 (Yoast SEO v27.5) - https:\/\/yoast.com\/product\/yoast-seo-premium-wordpress\/ -->\n<title>LightHouse merekaart: Selged ja funktsionaalsed kaardid Axiomile - NavSystems<\/title>\n<meta name=\"description\" content=\"Avastage Raymarine LightHouse merekaart ja nautige erakordset selgust ja funktsionaalsust. Veenduge, et teie seadmed on ajakohased!\" \/>\n<meta name=\"robots\" content=\"index, follow, max-snippet:-1, max-image-preview:large, max-video-preview:-1\" \/>\n<link rel=\"canonical\" href=\"https:\/\/raymarine.ee\/en\/product\/raymarine-lighthouse-merekaart-neu-north-europe\/\" \/>\n<meta property=\"og:locale\" content=\"en_GB\" \/>\n<meta property=\"og:type\" content=\"article\" \/>\n<meta property=\"og:title\" content=\"Raymarine LightHouse merekaart NEU (North Europe)\" \/>\n<meta property=\"og:description\" content=\"Avastage Raymarine LightHouse merekaart ja nautige erakordset selgust ja funktsionaalsust. Veenduge, et teie seadmed on ajakohased!\" \/>\n<meta property=\"og:url\" content=\"https:\/\/raymarine.ee\/en\/product\/raymarine-lighthouse-merekaart-neu-north-europe\/\" \/>\n<meta property=\"og:site_name\" content=\"NavSystems\" \/>\n<meta property=\"article:publisher\" content=\"https:\/\/www.facebook.com\/NavSystems\" \/>\n<meta property=\"article:modified_time\" content=\"2026-04-26T05:48:20+00:00\" \/>\n<meta property=\"og:image\" content=\"https:\/\/raymarine.ee\/wp-content\/uploads\/2025\/02\/LightHouse-Chart-NEU.webp\" \/>\n\t<meta property=\"og:image:width\" content=\"1000\" \/>\n\t<meta property=\"og:image:height\" content=\"1000\" \/>\n\t<meta property=\"og:image:type\" content=\"image\/webp\" \/>\n<meta name=\"twitter:card\" content=\"summary_large_image\" \/>\n<meta name=\"twitter:label1\" content=\"Price\" \/>\n\t<meta name=\"twitter:data1\" content=\"199,00&nbsp;&euro;\" \/>\n\t<meta name=\"twitter:label2\" content=\"Availability\" \/>\n\t<meta name=\"twitter:data2\" content=\"In stock\" \/>\n<script type=\"application\/ld+json\" class=\"yoast-schema-graph\">{\"@context\":\"https:\\\/\\\/schema.org\",\"@graph\":[{\"@type\":\"WebPage\",\"@id\":\"https:\\\/\\\/raymarine.ee\\\/product\\\/raymarine-lighthouse-merekaart-neu-north-europe\\\/\",\"url\":\"https:\\\/\\\/raymarine.ee\\\/product\\\/raymarine-lighthouse-merekaart-neu-north-europe\\\/\",\"name\":\"LightHouse merekaart: Selged ja funktsionaalsed kaardid Axiomile - NavSystems\",\"isPartOf\":{\"@id\":\"https:\\\/\\\/raymarine.ee\\\/#website\"},\"primaryImageOfPage\":{\"@id\":\"https:\\\/\\\/raymarine.ee\\\/product\\\/raymarine-lighthouse-merekaart-neu-north-europe\\\/#primaryimage\"},\"image\":{\"@id\":\"https:\\\/\\\/raymarine.ee\\\/product\\\/raymarine-lighthouse-merekaart-neu-north-europe\\\/#primaryimage\"},\"thumbnailUrl\":\"https:\\\/\\\/raymarine.ee\\\/wp-content\\\/uploads\\\/2025\\\/02\\\/LightHouse-Chart-NEU.webp\",\"datePublished\":\"2025-02-17T07:43:15+00:00\",\"dateModified\":\"2026-04-26T05:48:20+00:00\",\"description\":\"Avastage Raymarine LightHouse merekaart ja nautige erakordset selgust ja funktsionaalsust. Veenduge, et teie seadmed on ajakohased!\",\"breadcrumb\":{\"@id\":\"https:\\\/\\\/raymarine.ee\\\/product\\\/raymarine-lighthouse-merekaart-neu-north-europe\\\/#breadcrumb\"},\"inLanguage\":\"en-GB\",\"potentialAction\":[{\"@type\":\"ReadAction\",\"target\":[\"https:\\\/\\\/raymarine.ee\\\/product\\\/raymarine-lighthouse-merekaart-neu-north-europe\\\/\"]}]},{\"@type\":\"ImageObject\",\"inLanguage\":\"en-GB\",\"@id\":\"https:\\\/\\\/raymarine.ee\\\/product\\\/raymarine-lighthouse-merekaart-neu-north-europe\\\/#primaryimage\",\"url\":\"https:\\\/\\\/raymarine.ee\\\/wp-content\\\/uploads\\\/2025\\\/02\\\/LightHouse-Chart-NEU.webp\",\"contentUrl\":\"https:\\\/\\\/raymarine.ee\\\/wp-content\\\/uploads\\\/2025\\\/02\\\/LightHouse-Chart-NEU.webp\",\"width\":1000,\"height\":1000,\"caption\":\"Lighthouse merekaart-P\u00f5hja Euroopa\"},{\"@type\":\"BreadcrumbList\",\"@id\":\"https:\\\/\\\/raymarine.ee\\\/product\\\/raymarine-lighthouse-merekaart-neu-north-europe\\\/#breadcrumb\",\"itemListElement\":[{\"@type\":\"ListItem\",\"position\":1,\"name\":\"Home\",\"item\":\"https:\\\/\\\/raymarine.ee\\\/\"},{\"@type\":\"ListItem\",\"position\":2,\"name\":\"Tooted\",\"item\":\"https:\\\/\\\/raymarine.ee\\\/shop\\\/\"},{\"@type\":\"ListItem\",\"position\":3,\"name\":\"Raymarine LightHouse merekaart NEU (North Europe)\"}]},{\"@type\":\"WebSite\",\"@id\":\"https:\\\/\\\/raymarine.ee\\\/#website\",\"url\":\"https:\\\/\\\/raymarine.ee\\\/\",\"name\":\"www.raymarine.ee\",\"description\":\"Mereelektroonika, kaardiplotter, autopiloot, pinnipiloot, roolipiloot, radar, AIS, VHF, Smart Wind\",\"publisher\":{\"@id\":\"https:\\\/\\\/raymarine.ee\\\/#organization\"},\"alternateName\":\"Raymarine\",\"potentialAction\":[{\"@type\":\"SearchAction\",\"target\":{\"@type\":\"EntryPoint\",\"urlTemplate\":\"https:\\\/\\\/raymarine.ee\\\/?s={search_term_string}\"},\"query-input\":{\"@type\":\"PropertyValueSpecification\",\"valueRequired\":true,\"valueName\":\"search_term_string\"}}],\"inLanguage\":\"en-GB\"},{\"@type\":\"Organization\",\"@id\":\"https:\\\/\\\/raymarine.ee\\\/#organization\",\"name\":\"NavSystems O\u00dc\",\"url\":\"https:\\\/\\\/raymarine.ee\\\/\",\"logo\":{\"@type\":\"ImageObject\",\"inLanguage\":\"en-GB\",\"@id\":\"https:\\\/\\\/raymarine.ee\\\/#\\\/schema\\\/logo\\\/image\\\/\",\"url\":\"https:\\\/\\\/raymarine.ee\\\/wp-content\\\/uploads\\\/2024\\\/10\\\/Screenshot-2024-10-15-151324_bg_removed.webp\",\"contentUrl\":\"https:\\\/\\\/raymarine.ee\\\/wp-content\\\/uploads\\\/2024\\\/10\\\/Screenshot-2024-10-15-151324_bg_removed.webp\",\"width\":420,\"height\":276,\"caption\":\"NavSystems O\u00dc\"},\"image\":{\"@id\":\"https:\\\/\\\/raymarine.ee\\\/#\\\/schema\\\/logo\\\/image\\\/\"},\"sameAs\":[\"https:\\\/\\\/www.facebook.com\\\/NavSystems\"],\"legalName\":\"NavSystems O\u00dc\",\"foundingDate\":\"2011-05-03\",\"numberOfEmployees\":{\"@type\":\"QuantitativeValue\",\"minValue\":\"1\",\"maxValue\":\"10\"}}]}<\/script>\n<meta property=\"product:price:amount\" content=\"199.00\" \/>\n<meta property=\"product:price:currency\" content=\"EUR\" \/>\n<meta property=\"og:availability\" content=\"instock\" \/>\n<meta property=\"product:availability\" content=\"instock\" \/>\n<meta property=\"product:retailer_item_id\" content=\"R70794-NEU\" \/>\n<meta property=\"product:condition\" content=\"new\" \/>\n<!-- \/ Yoast SEO Premium plugin. -->","yoast_head_json":{"title":"LightHouse merekaart: Selged ja funktsionaalsed kaardid Axiomile - NavSystems","description":"Avastage Raymarine LightHouse merekaart ja nautige erakordset selgust ja funktsionaalsust. Veenduge, et teie seadmed on ajakohased!","robots":{"index":"index","follow":"follow","max-snippet":"max-snippet:-1","max-image-preview":"max-image-preview:large","max-video-preview":"max-video-preview:-1"},"canonical":"https:\/\/raymarine.ee\/en\/product\/raymarine-lighthouse-merekaart-neu-north-europe\/","og_locale":"en_GB","og_type":"article","og_title":"Raymarine LightHouse merekaart NEU (North Europe)","og_description":"Avastage Raymarine LightHouse merekaart ja nautige erakordset selgust ja funktsionaalsust. Veenduge, et teie seadmed on ajakohased!","og_url":"https:\/\/raymarine.ee\/en\/product\/raymarine-lighthouse-merekaart-neu-north-europe\/","og_site_name":"NavSystems","article_publisher":"https:\/\/www.facebook.com\/NavSystems","article_modified_time":"2026-04-26T05:48:20+00:00","og_image":[{"width":1000,"height":1000,"url":"https:\/\/raymarine.ee\/wp-content\/uploads\/2025\/02\/LightHouse-Chart-NEU.webp","type":"image\/webp"}],"twitter_card":"summary_large_image","twitter_misc":{"Price":"199,00&nbsp;&euro;","Availability":"In stock"},"schema":{"@context":"https:\/\/schema.org","@graph":[{"@type":"WebPage","@id":"https:\/\/raymarine.ee\/product\/raymarine-lighthouse-merekaart-neu-north-europe\/","url":"https:\/\/raymarine.ee\/product\/raymarine-lighthouse-merekaart-neu-north-europe\/","name":"LightHouse merekaart: Selged ja funktsionaalsed kaardid Axiomile - NavSystems","isPartOf":{"@id":"https:\/\/raymarine.ee\/#website"},"primaryImageOfPage":{"@id":"https:\/\/raymarine.ee\/product\/raymarine-lighthouse-merekaart-neu-north-europe\/#primaryimage"},"image":{"@id":"https:\/\/raymarine.ee\/product\/raymarine-lighthouse-merekaart-neu-north-europe\/#primaryimage"},"thumbnailUrl":"https:\/\/raymarine.ee\/wp-content\/uploads\/2025\/02\/LightHouse-Chart-NEU.webp","datePublished":"2025-02-17T07:43:15+00:00","dateModified":"2026-04-26T05:48:20+00:00","description":"Avastage Raymarine LightHouse merekaart ja nautige erakordset selgust ja funktsionaalsust. Veenduge, et teie seadmed on ajakohased!","breadcrumb":{"@id":"https:\/\/raymarine.ee\/product\/raymarine-lighthouse-merekaart-neu-north-europe\/#breadcrumb"},"inLanguage":"en-GB","potentialAction":[{"@type":"ReadAction","target":["https:\/\/raymarine.ee\/product\/raymarine-lighthouse-merekaart-neu-north-europe\/"]}]},{"@type":"ImageObject","inLanguage":"en-GB","@id":"https:\/\/raymarine.ee\/product\/raymarine-lighthouse-merekaart-neu-north-europe\/#primaryimage","url":"https:\/\/raymarine.ee\/wp-content\/uploads\/2025\/02\/LightHouse-Chart-NEU.webp","contentUrl":"https:\/\/raymarine.ee\/wp-content\/uploads\/2025\/02\/LightHouse-Chart-NEU.webp","width":1000,"height":1000,"caption":"Lighthouse merekaart-P\u00f5hja Euroopa"},{"@type":"BreadcrumbList","@id":"https:\/\/raymarine.ee\/product\/raymarine-lighthouse-merekaart-neu-north-europe\/#breadcrumb","itemListElement":[{"@type":"ListItem","position":1,"name":"Home","item":"https:\/\/raymarine.ee\/"},{"@type":"ListItem","position":2,"name":"Tooted","item":"https:\/\/raymarine.ee\/shop\/"},{"@type":"ListItem","position":3,"name":"Raymarine LightHouse merekaart NEU (North Europe)"}]},{"@type":"WebSite","@id":"https:\/\/raymarine.ee\/#website","url":"https:\/\/raymarine.ee\/","name":"www.raymarine.ee","description":"Mereelektroonika, kaardiplotter, autopiloot, pinnipiloot, roolipiloot, radar, AIS, VHF, Smart Wind","publisher":{"@id":"https:\/\/raymarine.ee\/#organization"},"alternateName":"Raymarine","potentialAction":[{"@type":"SearchAction","target":{"@type":"EntryPoint","urlTemplate":"https:\/\/raymarine.ee\/?s={search_term_string}"},"query-input":{"@type":"PropertyValueSpecification","valueRequired":true,"valueName":"search_term_string"}}],"inLanguage":"en-GB"},{"@type":"Organization","@id":"https:\/\/raymarine.ee\/#organization","name":"NavSystems O\u00dc","url":"https:\/\/raymarine.ee\/","logo":{"@type":"ImageObject","inLanguage":"en-GB","@id":"https:\/\/raymarine.ee\/#\/schema\/logo\/image\/","url":"https:\/\/raymarine.ee\/wp-content\/uploads\/2024\/10\/Screenshot-2024-10-15-151324_bg_removed.webp","contentUrl":"https:\/\/raymarine.ee\/wp-content\/uploads\/2024\/10\/Screenshot-2024-10-15-151324_bg_removed.webp","width":420,"height":276,"caption":"NavSystems O\u00dc"},"image":{"@id":"https:\/\/raymarine.ee\/#\/schema\/logo\/image\/"},"sameAs":["https:\/\/www.facebook.com\/NavSystems"],"legalName":"NavSystems O\u00dc","foundingDate":"2011-05-03","numberOfEmployees":{"@type":"QuantitativeValue","minValue":"1","maxValue":"10"}}]},"product_price_amount":"199.00","product_price_currency":"EUR","og_availability":"instock","product_availability":"instock","product_retailer_item_id":"R70794-NEU","product_condition":"new"},"jetpack_sharing_enabled":true,"_links":{"self":[{"href":"https:\/\/raymarine.ee\/en\/wp-json\/wp\/v2\/product\/8107","targetHints":{"allow":["GET"]}}],"collection":[{"href":"https:\/\/raymarine.ee\/en\/wp-json\/wp\/v2\/product"}],"about":[{"href":"https:\/\/raymarine.ee\/en\/wp-json\/wp\/v2\/types\/product"}],"wp:featuredmedia":[{"embeddable":true,"href":"https:\/\/raymarine.ee\/en\/wp-json\/wp\/v2\/media\/8108"}],"wp:attachment":[{"href":"https:\/\/raymarine.ee\/en\/wp-json\/wp\/v2\/media?parent=8107"}],"wp:term":[{"taxonomy":"product_brand","embeddable":true,"href":"https:\/\/raymarine.ee\/en\/wp-json\/wp\/v2\/product_brand?post=8107"},{"taxonomy":"product_cat","embeddable":true,"href":"https:\/\/raymarine.ee\/en\/wp-json\/wp\/v2\/product_cat?post=8107"},{"taxonomy":"product_tag","embeddable":true,"href":"https:\/\/raymarine.ee\/en\/wp-json\/wp\/v2\/product_tag?post=8107"}],"curies":[{"name":"wp","href":"https:\/\/api.w.org\/{rel}","templated":true}]}}