{"id":8448,"date":"2025-05-07T19:41:52","date_gmt":"2025-05-07T17:41:52","guid":{"rendered":"https:\/\/raymarine.ee\/?post_type=product&#038;p=8448"},"modified":"2026-04-09T19:31:27","modified_gmt":"2026-04-09T16:31:27","slug":"stng-power-kaabel-2m","status":"publish","type":"product","link":"https:\/\/raymarine.ee\/en\/product\/stng-power-kaabel-2m\/","title":{"rendered":"STNG Power kaabel 2m"},"content":{"rendered":"<p>STNG v\u00f5rgu Power kaabel on v\u00e4ga oluline v\u00f5rgu komponent. Selle kaabli kaudu toidetakse STNG v\u00f5rku 12V pingega. Kui v\u00f5rgus toidet pole, siis v\u00f5rk ei t\u00f6\u00f6ta. STNG v\u00f5rku toidetakse tavaliselt \u00fchest kohast ja soovitatavalt LEN ekvivalendi j\u00e4rgi v\u00f5rgu keskelt nii, et m\u00f5lemale poole toidet j\u00e4\u00e4ks enam v\u00e4hem \u00fchesugune koormus. STNG v\u00f5rgu toide on m\u00f5eldud ainult otse STNG v\u00f5rgust toidet saavate andurite ja instrumentide jaoks. STNG v\u00f5rgust ei tohi v\u00f5tta toidet plotterile, autoraadiole, telefonilaadijale ja muudele tarbijatele mis pole ette n\u00e4htud toidet saama otse STNG (NMEA2000) v\u00f5rgust. Power kaabel \u00fchendatakse (sinine\/must) BackBone kaabliga T-liitmiku v\u00f5i 5-Way liitmiku abil. BackBone kaabel kulgeb paadis STNG v\u00f5rgu algusest l\u00f5puni ja m\u00f5istlik on v\u00f5rk koostada erinevate pikkustega kaablitest selliselt, et oleks v\u00f5imalik teha katkestused ja lisada T-liitmikuid v\u00f5i 5-Way liitmikuid kohtadesse kuhu on vaja lisada erinevaid STNG instrumente. BackBone on STNG v\u00f5rgu p\u00f5hikaabel ja v\u00f5rgu alustamiseks, j\u00e4tkamiseks v\u00f5i l\u00f5petamiseks tuleb lisada STNG terminaatorid, liitmikud ja 12V toide. STNG Siniseid ja valgeid kaableid ei saa valesti \u00fchendada, lisaks v\u00e4rvikodeeringule on STNG kaablitel ka erinev pinnide paigutus. Enne toote kasutamist tutvu STNG (NMEA2000) v\u00f5rgu t\u00f6\u00f6p\u00f5him\u00f5ttega. NB! STNG liitmike pistikupesade siniseid- ja valgeid mutreid tuleb keerata ainult veerand ringi. Vastavad t\u00e4histused on toote peale m\u00e4rgitud.<\/p>\n<p><strong>Juhendid:<\/strong><\/p>\n<p>Lae alla\u00a0<a href=\"https:\/\/raymarine.ee\/wp-content\/uploads\/2026\/04\/SeaTalkng-Reference-manual-81300-1-EN-1.pdf\" target=\"_blank\" rel=\"noopener\" data-wpel-link=\"internal\">STNG v\u00f5rgu \u00fcldine juhend<\/a><\/p>","protected":false},"excerpt":{"rendered":"<p>STNG v\u00f5rgu Power kaabel on v\u00e4ga oluline v\u00f5rgu komponent. Selle kaabli kaudu toidetakse STNG v\u00f5rku 12V pingega. Kui v\u00f5rgus toidet pole, siis v\u00f5rk ei t\u00f6\u00f6ta. STNG v\u00f5rku toidetakse tavaliselt \u00fchest kohast ja soovitatavalt LEN ekvivalendi j\u00e4rgi v\u00f5rgu keskelt nii, et m\u00f5lemale poole toidet j\u00e4\u00e4ks enam v\u00e4hem \u00fchesugune koormus. STNG v\u00f5rgu toide on m\u00f5eldud ainult otse STNG v\u00f5rgust toidet saavate andurite ja instrumentide jaoks. STNG v\u00f5rgust ei tohi v\u00f5tta toidet plotterile, autoraadiole, telefonilaadijale ja muudele tarbijatele mis pole ette n\u00e4htud toidet saama otse STNG (NMEA2000) v\u00f5rgust. Power kaabel \u00fchendatakse (sinine\/must) BackBone kaabliga T-liitmiku v\u00f5i 5-Way liitmiku abil. Tutvu kindlasti ka selle toote juhenditega\u00a0ja k\u00fcsimuste korral pea n\u00f5u meie spetsialistiga.<\/p>","protected":false},"featured_media":8450,"template":"","meta":{"_acf_changed":false},"product_brand":[134],"product_cat":[72,83],"product_tag":[],"class_list":{"0":"post-8448","1":"product","2":"type-product","3":"status-publish","4":"has-post-thumbnail","6":"product_brand-raymarine","7":"product_cat-tarvikud","8":"product_cat-stng_tarvikud","10":"first","11":"instock","12":"sale","13":"taxable","14":"shipping-taxable","15":"purchasable","16":"product-type-simple"},"acf":[],"yoast_head":"<!-- This site is optimized with the Yoast SEO Premium plugin v27.5 (Yoast SEO v27.5) - https:\/\/yoast.com\/product\/yoast-seo-premium-wordpress\/ -->\n<title>STNG Power kaabel: Oluline v\u00f5rgu komponent, toide: 12V - NavSystems<\/title>\n<meta name=\"description\" content=\"STNG Power kaabel on v\u00f5rgu h\u00e4davajalik komponent. STNG v\u00f5rk vajab toitepinget 12V. \u00c4ra katseta, osta originaaltoode juba t\u00e4na\ufe0f \u26a1\" \/>\n<meta name=\"robots\" content=\"index, follow, max-snippet:-1, max-image-preview:large, max-video-preview:-1\" \/>\n<link rel=\"canonical\" href=\"https:\/\/raymarine.ee\/en\/product\/stng-power-kaabel-2m\/\" \/>\n<meta property=\"og:locale\" content=\"en_GB\" \/>\n<meta property=\"og:type\" content=\"article\" \/>\n<meta property=\"og:title\" content=\"STNG Power kaabel 2m\" \/>\n<meta property=\"og:description\" content=\"STNG Power kaabel on v\u00f5rgu h\u00e4davajalik komponent. STNG v\u00f5rk vajab toitepinget 12V. \u00c4ra katseta, osta originaaltoode juba t\u00e4na\ufe0f \u26a1\" \/>\n<meta property=\"og:url\" content=\"https:\/\/raymarine.ee\/en\/product\/stng-power-kaabel-2m\/\" \/>\n<meta property=\"og:site_name\" content=\"NavSystems\" \/>\n<meta property=\"article:publisher\" content=\"https:\/\/www.facebook.com\/NavSystems\" \/>\n<meta property=\"article:modified_time\" content=\"2026-04-09T16:31:27+00:00\" \/>\n<meta property=\"og:image\" content=\"https:\/\/raymarine.ee\/wp-content\/uploads\/2025\/05\/92aa43a5-ad9a-471a-945d-f7f0b686f6e7.jpg\" \/>\n\t<meta property=\"og:image:width\" content=\"1024\" \/>\n\t<meta property=\"og:image:height\" content=\"1024\" \/>\n\t<meta property=\"og:image:type\" content=\"image\/jpeg\" \/>\n<meta name=\"twitter:card\" content=\"summary_large_image\" \/>\n<meta name=\"twitter:label1\" content=\"Price\" \/>\n\t<meta name=\"twitter:data1\" content=\"30,07&nbsp;&euro;\" \/>\n\t<meta name=\"twitter:label2\" content=\"Availability\" \/>\n\t<meta name=\"twitter:data2\" content=\"In stock\" \/>\n<script type=\"application\/ld+json\" class=\"yoast-schema-graph\">{\"@context\":\"https:\\\/\\\/schema.org\",\"@graph\":[{\"@type\":\"WebPage\",\"@id\":\"https:\\\/\\\/raymarine.ee\\\/product\\\/stng-power-kaabel-2m\\\/\",\"url\":\"https:\\\/\\\/raymarine.ee\\\/product\\\/stng-power-kaabel-2m\\\/\",\"name\":\"STNG Power kaabel: Oluline v\u00f5rgu komponent, toide: 12V - NavSystems\",\"isPartOf\":{\"@id\":\"https:\\\/\\\/raymarine.ee\\\/#website\"},\"primaryImageOfPage\":{\"@id\":\"https:\\\/\\\/raymarine.ee\\\/product\\\/stng-power-kaabel-2m\\\/#primaryimage\"},\"image\":{\"@id\":\"https:\\\/\\\/raymarine.ee\\\/product\\\/stng-power-kaabel-2m\\\/#primaryimage\"},\"thumbnailUrl\":\"https:\\\/\\\/raymarine.ee\\\/wp-content\\\/uploads\\\/2025\\\/05\\\/92aa43a5-ad9a-471a-945d-f7f0b686f6e7.jpg\",\"datePublished\":\"2025-05-07T17:41:52+00:00\",\"dateModified\":\"2026-04-09T16:31:27+00:00\",\"description\":\"STNG Power kaabel on v\u00f5rgu h\u00e4davajalik komponent. STNG v\u00f5rk vajab toitepinget 12V. \u00c4ra katseta, osta originaaltoode juba t\u00e4na\ufe0f \u26a1\",\"breadcrumb\":{\"@id\":\"https:\\\/\\\/raymarine.ee\\\/product\\\/stng-power-kaabel-2m\\\/#breadcrumb\"},\"inLanguage\":\"en-GB\",\"potentialAction\":[{\"@type\":\"ReadAction\",\"target\":[\"https:\\\/\\\/raymarine.ee\\\/product\\\/stng-power-kaabel-2m\\\/\"]}]},{\"@type\":\"ImageObject\",\"inLanguage\":\"en-GB\",\"@id\":\"https:\\\/\\\/raymarine.ee\\\/product\\\/stng-power-kaabel-2m\\\/#primaryimage\",\"url\":\"https:\\\/\\\/raymarine.ee\\\/wp-content\\\/uploads\\\/2025\\\/05\\\/92aa43a5-ad9a-471a-945d-f7f0b686f6e7.jpg\",\"contentUrl\":\"https:\\\/\\\/raymarine.ee\\\/wp-content\\\/uploads\\\/2025\\\/05\\\/92aa43a5-ad9a-471a-945d-f7f0b686f6e7.jpg\",\"width\":1024,\"height\":1024},{\"@type\":\"BreadcrumbList\",\"@id\":\"https:\\\/\\\/raymarine.ee\\\/product\\\/stng-power-kaabel-2m\\\/#breadcrumb\",\"itemListElement\":[{\"@type\":\"ListItem\",\"position\":1,\"name\":\"Home\",\"item\":\"https:\\\/\\\/raymarine.ee\\\/\"},{\"@type\":\"ListItem\",\"position\":2,\"name\":\"Tooted\",\"item\":\"https:\\\/\\\/raymarine.ee\\\/shop\\\/\"},{\"@type\":\"ListItem\",\"position\":3,\"name\":\"STNG Power kaabel 2m\"}]},{\"@type\":\"WebSite\",\"@id\":\"https:\\\/\\\/raymarine.ee\\\/#website\",\"url\":\"https:\\\/\\\/raymarine.ee\\\/\",\"name\":\"www.raymarine.ee\",\"description\":\"Mereelektroonika, kaardiplotter, autopiloot, pinnipiloot, roolipiloot, radar, AIS, VHF, Smart Wind\",\"publisher\":{\"@id\":\"https:\\\/\\\/raymarine.ee\\\/#organization\"},\"alternateName\":\"Raymarine\",\"potentialAction\":[{\"@type\":\"SearchAction\",\"target\":{\"@type\":\"EntryPoint\",\"urlTemplate\":\"https:\\\/\\\/raymarine.ee\\\/?s={search_term_string}\"},\"query-input\":{\"@type\":\"PropertyValueSpecification\",\"valueRequired\":true,\"valueName\":\"search_term_string\"}}],\"inLanguage\":\"en-GB\"},{\"@type\":\"Organization\",\"@id\":\"https:\\\/\\\/raymarine.ee\\\/#organization\",\"name\":\"NavSystems O\u00dc\",\"url\":\"https:\\\/\\\/raymarine.ee\\\/\",\"logo\":{\"@type\":\"ImageObject\",\"inLanguage\":\"en-GB\",\"@id\":\"https:\\\/\\\/raymarine.ee\\\/#\\\/schema\\\/logo\\\/image\\\/\",\"url\":\"https:\\\/\\\/raymarine.ee\\\/wp-content\\\/uploads\\\/2024\\\/10\\\/Screenshot-2024-10-15-151324_bg_removed.webp\",\"contentUrl\":\"https:\\\/\\\/raymarine.ee\\\/wp-content\\\/uploads\\\/2024\\\/10\\\/Screenshot-2024-10-15-151324_bg_removed.webp\",\"width\":420,\"height\":276,\"caption\":\"NavSystems O\u00dc\"},\"image\":{\"@id\":\"https:\\\/\\\/raymarine.ee\\\/#\\\/schema\\\/logo\\\/image\\\/\"},\"sameAs\":[\"https:\\\/\\\/www.facebook.com\\\/NavSystems\"],\"legalName\":\"NavSystems O\u00dc\",\"foundingDate\":\"2011-05-03\",\"numberOfEmployees\":{\"@type\":\"QuantitativeValue\",\"minValue\":\"1\",\"maxValue\":\"10\"}}]}<\/script>\n<meta property=\"product:price:amount\" content=\"30.07\" \/>\n<meta property=\"product:price:currency\" content=\"EUR\" \/>\n<meta property=\"og:availability\" content=\"instock\" \/>\n<meta property=\"product:availability\" content=\"instock\" \/>\n<meta property=\"product:retailer_item_id\" content=\"A06049\" \/>\n<meta property=\"product:condition\" content=\"new\" \/>\n<!-- \/ Yoast SEO Premium plugin. -->","yoast_head_json":{"title":"STNG Power kaabel: Oluline v\u00f5rgu komponent, toide: 12V - NavSystems","description":"STNG Power kaabel on v\u00f5rgu h\u00e4davajalik komponent. STNG v\u00f5rk vajab toitepinget 12V. \u00c4ra katseta, osta originaaltoode juba t\u00e4na\ufe0f \u26a1","robots":{"index":"index","follow":"follow","max-snippet":"max-snippet:-1","max-image-preview":"max-image-preview:large","max-video-preview":"max-video-preview:-1"},"canonical":"https:\/\/raymarine.ee\/en\/product\/stng-power-kaabel-2m\/","og_locale":"en_GB","og_type":"article","og_title":"STNG Power kaabel 2m","og_description":"STNG Power kaabel on v\u00f5rgu h\u00e4davajalik komponent. STNG v\u00f5rk vajab toitepinget 12V. \u00c4ra katseta, osta originaaltoode juba t\u00e4na\ufe0f \u26a1","og_url":"https:\/\/raymarine.ee\/en\/product\/stng-power-kaabel-2m\/","og_site_name":"NavSystems","article_publisher":"https:\/\/www.facebook.com\/NavSystems","article_modified_time":"2026-04-09T16:31:27+00:00","og_image":[{"width":1024,"height":1024,"url":"https:\/\/raymarine.ee\/wp-content\/uploads\/2025\/05\/92aa43a5-ad9a-471a-945d-f7f0b686f6e7.jpg","type":"image\/jpeg"}],"twitter_card":"summary_large_image","twitter_misc":{"Price":"30,07&nbsp;&euro;","Availability":"In stock"},"schema":{"@context":"https:\/\/schema.org","@graph":[{"@type":"WebPage","@id":"https:\/\/raymarine.ee\/product\/stng-power-kaabel-2m\/","url":"https:\/\/raymarine.ee\/product\/stng-power-kaabel-2m\/","name":"STNG Power kaabel: Oluline v\u00f5rgu komponent, toide: 12V - NavSystems","isPartOf":{"@id":"https:\/\/raymarine.ee\/#website"},"primaryImageOfPage":{"@id":"https:\/\/raymarine.ee\/product\/stng-power-kaabel-2m\/#primaryimage"},"image":{"@id":"https:\/\/raymarine.ee\/product\/stng-power-kaabel-2m\/#primaryimage"},"thumbnailUrl":"https:\/\/raymarine.ee\/wp-content\/uploads\/2025\/05\/92aa43a5-ad9a-471a-945d-f7f0b686f6e7.jpg","datePublished":"2025-05-07T17:41:52+00:00","dateModified":"2026-04-09T16:31:27+00:00","description":"STNG Power kaabel on v\u00f5rgu h\u00e4davajalik komponent. STNG v\u00f5rk vajab toitepinget 12V. \u00c4ra katseta, osta originaaltoode juba t\u00e4na\ufe0f \u26a1","breadcrumb":{"@id":"https:\/\/raymarine.ee\/product\/stng-power-kaabel-2m\/#breadcrumb"},"inLanguage":"en-GB","potentialAction":[{"@type":"ReadAction","target":["https:\/\/raymarine.ee\/product\/stng-power-kaabel-2m\/"]}]},{"@type":"ImageObject","inLanguage":"en-GB","@id":"https:\/\/raymarine.ee\/product\/stng-power-kaabel-2m\/#primaryimage","url":"https:\/\/raymarine.ee\/wp-content\/uploads\/2025\/05\/92aa43a5-ad9a-471a-945d-f7f0b686f6e7.jpg","contentUrl":"https:\/\/raymarine.ee\/wp-content\/uploads\/2025\/05\/92aa43a5-ad9a-471a-945d-f7f0b686f6e7.jpg","width":1024,"height":1024},{"@type":"BreadcrumbList","@id":"https:\/\/raymarine.ee\/product\/stng-power-kaabel-2m\/#breadcrumb","itemListElement":[{"@type":"ListItem","position":1,"name":"Home","item":"https:\/\/raymarine.ee\/"},{"@type":"ListItem","position":2,"name":"Tooted","item":"https:\/\/raymarine.ee\/shop\/"},{"@type":"ListItem","position":3,"name":"STNG Power kaabel 2m"}]},{"@type":"WebSite","@id":"https:\/\/raymarine.ee\/#website","url":"https:\/\/raymarine.ee\/","name":"www.raymarine.ee","description":"Mereelektroonika, kaardiplotter, autopiloot, pinnipiloot, roolipiloot, radar, AIS, VHF, Smart Wind","publisher":{"@id":"https:\/\/raymarine.ee\/#organization"},"alternateName":"Raymarine","potentialAction":[{"@type":"SearchAction","target":{"@type":"EntryPoint","urlTemplate":"https:\/\/raymarine.ee\/?s={search_term_string}"},"query-input":{"@type":"PropertyValueSpecification","valueRequired":true,"valueName":"search_term_string"}}],"inLanguage":"en-GB"},{"@type":"Organization","@id":"https:\/\/raymarine.ee\/#organization","name":"NavSystems O\u00dc","url":"https:\/\/raymarine.ee\/","logo":{"@type":"ImageObject","inLanguage":"en-GB","@id":"https:\/\/raymarine.ee\/#\/schema\/logo\/image\/","url":"https:\/\/raymarine.ee\/wp-content\/uploads\/2024\/10\/Screenshot-2024-10-15-151324_bg_removed.webp","contentUrl":"https:\/\/raymarine.ee\/wp-content\/uploads\/2024\/10\/Screenshot-2024-10-15-151324_bg_removed.webp","width":420,"height":276,"caption":"NavSystems O\u00dc"},"image":{"@id":"https:\/\/raymarine.ee\/#\/schema\/logo\/image\/"},"sameAs":["https:\/\/www.facebook.com\/NavSystems"],"legalName":"NavSystems O\u00dc","foundingDate":"2011-05-03","numberOfEmployees":{"@type":"QuantitativeValue","minValue":"1","maxValue":"10"}}]},"product_price_amount":"30.07","product_price_currency":"EUR","og_availability":"instock","product_availability":"instock","product_retailer_item_id":"A06049","product_condition":"new"},"jetpack_sharing_enabled":true,"_links":{"self":[{"href":"https:\/\/raymarine.ee\/en\/wp-json\/wp\/v2\/product\/8448","targetHints":{"allow":["GET"]}}],"collection":[{"href":"https:\/\/raymarine.ee\/en\/wp-json\/wp\/v2\/product"}],"about":[{"href":"https:\/\/raymarine.ee\/en\/wp-json\/wp\/v2\/types\/product"}],"wp:featuredmedia":[{"embeddable":true,"href":"https:\/\/raymarine.ee\/en\/wp-json\/wp\/v2\/media\/8450"}],"wp:attachment":[{"href":"https:\/\/raymarine.ee\/en\/wp-json\/wp\/v2\/media?parent=8448"}],"wp:term":[{"taxonomy":"product_brand","embeddable":true,"href":"https:\/\/raymarine.ee\/en\/wp-json\/wp\/v2\/product_brand?post=8448"},{"taxonomy":"product_cat","embeddable":true,"href":"https:\/\/raymarine.ee\/en\/wp-json\/wp\/v2\/product_cat?post=8448"},{"taxonomy":"product_tag","embeddable":true,"href":"https:\/\/raymarine.ee\/en\/wp-json\/wp\/v2\/product_tag?post=8448"}],"curies":[{"name":"wp","href":"https:\/\/api.w.org\/{rel}","templated":true}]}}