{"id":8452,"date":"2025-05-10T08:17:42","date_gmt":"2025-05-10T06:17:42","guid":{"rendered":"https:\/\/raymarine.ee\/?post_type=product&#038;p=8452"},"modified":"2026-04-09T19:59:39","modified_gmt":"2026-04-09T16:59:39","slug":"raymarine-seatalk1-seatalkng-converter-kit","status":"publish","type":"product","link":"https:\/\/raymarine.ee\/en\/product\/raymarine-seatalk1-seatalkng-converter-kit\/","title":{"rendered":"Raymarine SeaTalk1- SeaTalkng converter Kit"},"content":{"rendered":"<div>The Raymarine SeaTalk1\/ SeaTalkng converter allows communication for devices within the SeaTalk1 to a SeaTalkng network. It is compatible with ST40, ST60+, Raystar 125 GPS and LifeTag MOB systems.<\/div>\n<div><\/div>\n<div>\n<div>The SeaTalk<sup>1<\/sup>\/ SeaTalk<sup>ng<\/sup>\u00a0converter is a practicle solution for network connections.<\/div>\n<\/div>\n<div><\/div>\n<div><strong>Main features:<\/strong><\/div>\n<div>\n<ul>\n<li>Simple \u00ab plug-and-play \u00bb connection to SeaTalk<sup>ng<\/sup><\/li>\n<li>Works with SeaTalk<sup>1<\/sup>\u00a0instruments, GPS antennas and LifeTag.<\/li>\n<li>SeaTalkng<sup>ng<\/sup>\u00a0supplied components allow basic connection to the instrument system<\/li>\n<li>Easy upgrade with Raymarine SeaTalk<strong><sup>ng\u00a0<\/sup><\/strong>accessories<\/li>\n<\/ul>\n<\/div>\n<div><strong>In the box:<\/strong><\/div>\n<div>\n<div><\/div>\n<div>The kit comes with all of the required components to interface SeaTalk<sup>1<\/sup>\u00a0instruments to a SeaTalk<sup>ng<\/sup>system, including:<\/div>\n<ul>\n<li>SeaTalk<sup>1<\/sup>\u00a0\/ SeaTalk<sup>ng\u00a0<\/sup>converter<\/li>\n<li>SeaTalk<sup>ng<\/sup>\u00a0terminators (x2)<\/li>\n<li>Protective caps SeaTalk<sup>ng<\/sup>(x2)<\/li>\n<li>400 mm cable SeaTalk<sup>1<\/sup>\u00a0\/ SeaTalk<sup>ng<\/sup><\/li>\n<li>SeaTalk<sup>ng<\/sup>\u00a0power cable<\/li>\n<li>1 m SeaTalk<sup>ng<\/sup>\u00a0cable<\/li>\n<\/ul>\n<p>&nbsp;<\/p>\n<p>See toode sobib h\u00e4sti ka <a href=\"https:\/\/raymarine.ee\/en\/product\/st1000-plus-pinnipiloot\/\">ST1000+<\/a> ja <a href=\"https:\/\/raymarine.ee\/en\/product\/st2000-plus-pinnipiloot\/\">ST2000+<\/a> pinnipiloodi integreerimiseks uue STNG (NMEA2000) v\u00f5rguga.<\/p>\n<p><strong>Juhendid:<\/strong><\/p>\n<p>Lae alla\u00a0<a href=\"https:\/\/raymarine.ee\/wp-content\/uploads\/2026\/04\/SeaTalkng-Reference-manual-81300-1-EN-1.pdf\" target=\"_blank\" rel=\"noopener\" data-wpel-link=\"internal\">STNG v\u00f5rgu \u00fcldine juhend<\/a><\/p>\n<p>Lae alla <a href=\"https:\/\/raymarine.ee\/wp-content\/uploads\/2026\/04\/SeaTalk_to_SeaTalkng_Converter_Installation_instructions_87121-3_EN.pdf\" target=\"_blank\" rel=\"noopener\">STNG to SeaTalk1 konverteri juhend<\/a><\/p>\n<\/div>","protected":false},"excerpt":{"rendered":"<div>The Raymarine SeaTalk1\/ SeaTalkng converter allows communication for devices within the SeaTalk1 to a SeaTalkng network. It is compatible with ST40, ST60+, Raystar 125 GPS and LifeTag MOB systems.\u00a0The SeaTalk<sup>1<\/sup>\/ SeaTalk<sup>ng<\/sup> converter is a practicle solution for network connections.<\/div>\n<div><\/div>\n<div>\n<div><\/div>\n<div><strong>Main features:<\/strong><\/div>\n<ul>\n<li>Simple \u00ab plug-and-play \u00bb connection to SeaTalk<sup>ng<\/sup><\/li>\n<li>Works with SeaTalk<sup>1<\/sup>\u00a0instruments, GPS antennas and LifeTag.<\/li>\n<li>SeaTalkng<sup>ng<\/sup>\u00a0supplied components allow basic connection to the instrument system<\/li>\n<li>Easy upgrade with Raymarine SeaTalk<strong><sup>ng\u00a0<\/sup><\/strong>accessories<\/li>\n<\/ul>\n<p>&nbsp;<\/p>\n<p>Tutvu kindlasti ka selle toote\u00a0juhenditega\u00a0ja k\u00fcsimuste korral pea n\u00f5u meie spetsialistiga.<\/p>\n<\/div>","protected":false},"featured_media":8454,"template":"","meta":{"_acf_changed":false},"product_brand":[134],"product_cat":[72,83],"product_tag":[],"class_list":{"0":"post-8452","1":"product","2":"type-product","3":"status-publish","4":"has-post-thumbnail","6":"product_brand-raymarine","7":"product_cat-tarvikud","8":"product_cat-stng_tarvikud","10":"first","11":"instock","12":"sale","13":"taxable","14":"shipping-taxable","15":"purchasable","16":"product-type-simple"},"acf":[],"yoast_head":"<!-- This site is optimized with the Yoast SEO Premium plugin v27.5 (Yoast SEO v27.5) - https:\/\/yoast.com\/product\/yoast-seo-premium-wordpress\/ -->\n<title>STNG to SeaTalk1 Converter for Easy Connections<\/title>\n<meta name=\"description\" content=\"Lihtne ja mugav STNG to SeaTalk1 Converter v\u00f5imaldab sujuvat \u00fchendust SeaTalk1 ja SeaTalkng v\u00f5rgu vahel. Proovi seda juba t\u00e4na!\" \/>\n<meta name=\"robots\" content=\"index, follow, max-snippet:-1, max-image-preview:large, max-video-preview:-1\" \/>\n<link rel=\"canonical\" href=\"https:\/\/raymarine.ee\/en\/product\/raymarine-seatalk1-seatalkng-converter-kit\/\" \/>\n<meta property=\"og:locale\" content=\"en_GB\" \/>\n<meta property=\"og:type\" content=\"article\" \/>\n<meta property=\"og:title\" content=\"Raymarine SeaTalk1- SeaTalkng converter Kit\" \/>\n<meta property=\"og:description\" content=\"Lihtne ja mugav STNG to SeaTalk1 Converter v\u00f5imaldab sujuvat \u00fchendust SeaTalk1 ja SeaTalkng v\u00f5rgu vahel. Proovi seda juba t\u00e4na!\" \/>\n<meta property=\"og:url\" content=\"https:\/\/raymarine.ee\/en\/product\/raymarine-seatalk1-seatalkng-converter-kit\/\" \/>\n<meta property=\"og:site_name\" content=\"NavSystems\" \/>\n<meta property=\"article:publisher\" content=\"https:\/\/www.facebook.com\/NavSystems\" \/>\n<meta property=\"article:modified_time\" content=\"2026-04-09T16:59:39+00:00\" \/>\n<meta property=\"og:image\" content=\"https:\/\/raymarine.ee\/wp-content\/uploads\/2025\/05\/7f7fe37e-8d04-492c-8d88-fea5582ef4a8.jpg\" \/>\n\t<meta property=\"og:image:width\" content=\"1024\" \/>\n\t<meta property=\"og:image:height\" content=\"1024\" \/>\n\t<meta property=\"og:image:type\" content=\"image\/jpeg\" \/>\n<meta name=\"twitter:card\" content=\"summary_large_image\" \/>\n<meta name=\"twitter:label1\" content=\"Price\" \/>\n\t<meta name=\"twitter:data1\" content=\"153,84&nbsp;&euro;\" \/>\n\t<meta name=\"twitter:label2\" content=\"Availability\" \/>\n\t<meta name=\"twitter:data2\" content=\"In stock\" \/>\n<script type=\"application\/ld+json\" class=\"yoast-schema-graph\">{\"@context\":\"https:\\\/\\\/schema.org\",\"@graph\":[{\"@type\":\"WebPage\",\"@id\":\"https:\\\/\\\/raymarine.ee\\\/product\\\/raymarine-seatalk1-seatalkng-converter-kit\\\/\",\"url\":\"https:\\\/\\\/raymarine.ee\\\/product\\\/raymarine-seatalk1-seatalkng-converter-kit\\\/\",\"name\":\"STNG to SeaTalk1 Converter for Easy Connections\",\"isPartOf\":{\"@id\":\"https:\\\/\\\/raymarine.ee\\\/#website\"},\"primaryImageOfPage\":{\"@id\":\"https:\\\/\\\/raymarine.ee\\\/product\\\/raymarine-seatalk1-seatalkng-converter-kit\\\/#primaryimage\"},\"image\":{\"@id\":\"https:\\\/\\\/raymarine.ee\\\/product\\\/raymarine-seatalk1-seatalkng-converter-kit\\\/#primaryimage\"},\"thumbnailUrl\":\"https:\\\/\\\/raymarine.ee\\\/wp-content\\\/uploads\\\/2025\\\/05\\\/7f7fe37e-8d04-492c-8d88-fea5582ef4a8.jpg\",\"datePublished\":\"2025-05-10T06:17:42+00:00\",\"dateModified\":\"2026-04-09T16:59:39+00:00\",\"description\":\"Lihtne ja mugav STNG to SeaTalk1 Converter v\u00f5imaldab sujuvat \u00fchendust SeaTalk1 ja SeaTalkng v\u00f5rgu vahel. Proovi seda juba t\u00e4na!\",\"breadcrumb\":{\"@id\":\"https:\\\/\\\/raymarine.ee\\\/product\\\/raymarine-seatalk1-seatalkng-converter-kit\\\/#breadcrumb\"},\"inLanguage\":\"en-GB\",\"potentialAction\":[{\"@type\":\"ReadAction\",\"target\":[\"https:\\\/\\\/raymarine.ee\\\/product\\\/raymarine-seatalk1-seatalkng-converter-kit\\\/\"]}]},{\"@type\":\"ImageObject\",\"inLanguage\":\"en-GB\",\"@id\":\"https:\\\/\\\/raymarine.ee\\\/product\\\/raymarine-seatalk1-seatalkng-converter-kit\\\/#primaryimage\",\"url\":\"https:\\\/\\\/raymarine.ee\\\/wp-content\\\/uploads\\\/2025\\\/05\\\/7f7fe37e-8d04-492c-8d88-fea5582ef4a8.jpg\",\"contentUrl\":\"https:\\\/\\\/raymarine.ee\\\/wp-content\\\/uploads\\\/2025\\\/05\\\/7f7fe37e-8d04-492c-8d88-fea5582ef4a8.jpg\",\"width\":1024,\"height\":1024},{\"@type\":\"BreadcrumbList\",\"@id\":\"https:\\\/\\\/raymarine.ee\\\/product\\\/raymarine-seatalk1-seatalkng-converter-kit\\\/#breadcrumb\",\"itemListElement\":[{\"@type\":\"ListItem\",\"position\":1,\"name\":\"Home\",\"item\":\"https:\\\/\\\/raymarine.ee\\\/\"},{\"@type\":\"ListItem\",\"position\":2,\"name\":\"Tooted\",\"item\":\"https:\\\/\\\/raymarine.ee\\\/shop\\\/\"},{\"@type\":\"ListItem\",\"position\":3,\"name\":\"Raymarine SeaTalk1- SeaTalkng converter Kit\"}]},{\"@type\":\"WebSite\",\"@id\":\"https:\\\/\\\/raymarine.ee\\\/#website\",\"url\":\"https:\\\/\\\/raymarine.ee\\\/\",\"name\":\"www.raymarine.ee\",\"description\":\"Mereelektroonika, kaardiplotter, autopiloot, pinnipiloot, roolipiloot, radar, AIS, VHF, Smart Wind\",\"publisher\":{\"@id\":\"https:\\\/\\\/raymarine.ee\\\/#organization\"},\"alternateName\":\"Raymarine\",\"potentialAction\":[{\"@type\":\"SearchAction\",\"target\":{\"@type\":\"EntryPoint\",\"urlTemplate\":\"https:\\\/\\\/raymarine.ee\\\/?s={search_term_string}\"},\"query-input\":{\"@type\":\"PropertyValueSpecification\",\"valueRequired\":true,\"valueName\":\"search_term_string\"}}],\"inLanguage\":\"en-GB\"},{\"@type\":\"Organization\",\"@id\":\"https:\\\/\\\/raymarine.ee\\\/#organization\",\"name\":\"NavSystems O\u00dc\",\"url\":\"https:\\\/\\\/raymarine.ee\\\/\",\"logo\":{\"@type\":\"ImageObject\",\"inLanguage\":\"en-GB\",\"@id\":\"https:\\\/\\\/raymarine.ee\\\/#\\\/schema\\\/logo\\\/image\\\/\",\"url\":\"https:\\\/\\\/raymarine.ee\\\/wp-content\\\/uploads\\\/2024\\\/10\\\/Screenshot-2024-10-15-151324_bg_removed.webp\",\"contentUrl\":\"https:\\\/\\\/raymarine.ee\\\/wp-content\\\/uploads\\\/2024\\\/10\\\/Screenshot-2024-10-15-151324_bg_removed.webp\",\"width\":420,\"height\":276,\"caption\":\"NavSystems O\u00dc\"},\"image\":{\"@id\":\"https:\\\/\\\/raymarine.ee\\\/#\\\/schema\\\/logo\\\/image\\\/\"},\"sameAs\":[\"https:\\\/\\\/www.facebook.com\\\/NavSystems\"],\"legalName\":\"NavSystems O\u00dc\",\"foundingDate\":\"2011-05-03\",\"numberOfEmployees\":{\"@type\":\"QuantitativeValue\",\"minValue\":\"1\",\"maxValue\":\"10\"}}]}<\/script>\n<meta property=\"product:price:amount\" content=\"153.84\" \/>\n<meta property=\"product:price:currency\" content=\"EUR\" \/>\n<meta property=\"og:availability\" content=\"instock\" \/>\n<meta property=\"product:availability\" content=\"instock\" \/>\n<meta property=\"product:retailer_item_id\" content=\"E22158\" \/>\n<meta property=\"product:condition\" content=\"new\" \/>\n<!-- \/ Yoast SEO Premium plugin. -->","yoast_head_json":{"title":"STNG to SeaTalk1 Converter for Easy Connections","description":"Lihtne ja mugav STNG to SeaTalk1 Converter v\u00f5imaldab sujuvat \u00fchendust SeaTalk1 ja SeaTalkng v\u00f5rgu vahel. Proovi seda juba t\u00e4na!","robots":{"index":"index","follow":"follow","max-snippet":"max-snippet:-1","max-image-preview":"max-image-preview:large","max-video-preview":"max-video-preview:-1"},"canonical":"https:\/\/raymarine.ee\/en\/product\/raymarine-seatalk1-seatalkng-converter-kit\/","og_locale":"en_GB","og_type":"article","og_title":"Raymarine SeaTalk1- SeaTalkng converter Kit","og_description":"Lihtne ja mugav STNG to SeaTalk1 Converter v\u00f5imaldab sujuvat \u00fchendust SeaTalk1 ja SeaTalkng v\u00f5rgu vahel. Proovi seda juba t\u00e4na!","og_url":"https:\/\/raymarine.ee\/en\/product\/raymarine-seatalk1-seatalkng-converter-kit\/","og_site_name":"NavSystems","article_publisher":"https:\/\/www.facebook.com\/NavSystems","article_modified_time":"2026-04-09T16:59:39+00:00","og_image":[{"width":1024,"height":1024,"url":"https:\/\/raymarine.ee\/wp-content\/uploads\/2025\/05\/7f7fe37e-8d04-492c-8d88-fea5582ef4a8.jpg","type":"image\/jpeg"}],"twitter_card":"summary_large_image","twitter_misc":{"Price":"153,84&nbsp;&euro;","Availability":"In stock"},"schema":{"@context":"https:\/\/schema.org","@graph":[{"@type":"WebPage","@id":"https:\/\/raymarine.ee\/product\/raymarine-seatalk1-seatalkng-converter-kit\/","url":"https:\/\/raymarine.ee\/product\/raymarine-seatalk1-seatalkng-converter-kit\/","name":"STNG to SeaTalk1 Converter for Easy Connections","isPartOf":{"@id":"https:\/\/raymarine.ee\/#website"},"primaryImageOfPage":{"@id":"https:\/\/raymarine.ee\/product\/raymarine-seatalk1-seatalkng-converter-kit\/#primaryimage"},"image":{"@id":"https:\/\/raymarine.ee\/product\/raymarine-seatalk1-seatalkng-converter-kit\/#primaryimage"},"thumbnailUrl":"https:\/\/raymarine.ee\/wp-content\/uploads\/2025\/05\/7f7fe37e-8d04-492c-8d88-fea5582ef4a8.jpg","datePublished":"2025-05-10T06:17:42+00:00","dateModified":"2026-04-09T16:59:39+00:00","description":"Lihtne ja mugav STNG to SeaTalk1 Converter v\u00f5imaldab sujuvat \u00fchendust SeaTalk1 ja SeaTalkng v\u00f5rgu vahel. Proovi seda juba t\u00e4na!","breadcrumb":{"@id":"https:\/\/raymarine.ee\/product\/raymarine-seatalk1-seatalkng-converter-kit\/#breadcrumb"},"inLanguage":"en-GB","potentialAction":[{"@type":"ReadAction","target":["https:\/\/raymarine.ee\/product\/raymarine-seatalk1-seatalkng-converter-kit\/"]}]},{"@type":"ImageObject","inLanguage":"en-GB","@id":"https:\/\/raymarine.ee\/product\/raymarine-seatalk1-seatalkng-converter-kit\/#primaryimage","url":"https:\/\/raymarine.ee\/wp-content\/uploads\/2025\/05\/7f7fe37e-8d04-492c-8d88-fea5582ef4a8.jpg","contentUrl":"https:\/\/raymarine.ee\/wp-content\/uploads\/2025\/05\/7f7fe37e-8d04-492c-8d88-fea5582ef4a8.jpg","width":1024,"height":1024},{"@type":"BreadcrumbList","@id":"https:\/\/raymarine.ee\/product\/raymarine-seatalk1-seatalkng-converter-kit\/#breadcrumb","itemListElement":[{"@type":"ListItem","position":1,"name":"Home","item":"https:\/\/raymarine.ee\/"},{"@type":"ListItem","position":2,"name":"Tooted","item":"https:\/\/raymarine.ee\/shop\/"},{"@type":"ListItem","position":3,"name":"Raymarine SeaTalk1- SeaTalkng converter Kit"}]},{"@type":"WebSite","@id":"https:\/\/raymarine.ee\/#website","url":"https:\/\/raymarine.ee\/","name":"www.raymarine.ee","description":"Mereelektroonika, kaardiplotter, autopiloot, pinnipiloot, roolipiloot, radar, AIS, VHF, Smart Wind","publisher":{"@id":"https:\/\/raymarine.ee\/#organization"},"alternateName":"Raymarine","potentialAction":[{"@type":"SearchAction","target":{"@type":"EntryPoint","urlTemplate":"https:\/\/raymarine.ee\/?s={search_term_string}"},"query-input":{"@type":"PropertyValueSpecification","valueRequired":true,"valueName":"search_term_string"}}],"inLanguage":"en-GB"},{"@type":"Organization","@id":"https:\/\/raymarine.ee\/#organization","name":"NavSystems O\u00dc","url":"https:\/\/raymarine.ee\/","logo":{"@type":"ImageObject","inLanguage":"en-GB","@id":"https:\/\/raymarine.ee\/#\/schema\/logo\/image\/","url":"https:\/\/raymarine.ee\/wp-content\/uploads\/2024\/10\/Screenshot-2024-10-15-151324_bg_removed.webp","contentUrl":"https:\/\/raymarine.ee\/wp-content\/uploads\/2024\/10\/Screenshot-2024-10-15-151324_bg_removed.webp","width":420,"height":276,"caption":"NavSystems O\u00dc"},"image":{"@id":"https:\/\/raymarine.ee\/#\/schema\/logo\/image\/"},"sameAs":["https:\/\/www.facebook.com\/NavSystems"],"legalName":"NavSystems O\u00dc","foundingDate":"2011-05-03","numberOfEmployees":{"@type":"QuantitativeValue","minValue":"1","maxValue":"10"}}]},"product_price_amount":"153.84","product_price_currency":"EUR","og_availability":"instock","product_availability":"instock","product_retailer_item_id":"E22158","product_condition":"new"},"jetpack_sharing_enabled":true,"_links":{"self":[{"href":"https:\/\/raymarine.ee\/en\/wp-json\/wp\/v2\/product\/8452","targetHints":{"allow":["GET"]}}],"collection":[{"href":"https:\/\/raymarine.ee\/en\/wp-json\/wp\/v2\/product"}],"about":[{"href":"https:\/\/raymarine.ee\/en\/wp-json\/wp\/v2\/types\/product"}],"wp:featuredmedia":[{"embeddable":true,"href":"https:\/\/raymarine.ee\/en\/wp-json\/wp\/v2\/media\/8454"}],"wp:attachment":[{"href":"https:\/\/raymarine.ee\/en\/wp-json\/wp\/v2\/media?parent=8452"}],"wp:term":[{"taxonomy":"product_brand","embeddable":true,"href":"https:\/\/raymarine.ee\/en\/wp-json\/wp\/v2\/product_brand?post=8452"},{"taxonomy":"product_cat","embeddable":true,"href":"https:\/\/raymarine.ee\/en\/wp-json\/wp\/v2\/product_cat?post=8452"},{"taxonomy":"product_tag","embeddable":true,"href":"https:\/\/raymarine.ee\/en\/wp-json\/wp\/v2\/product_tag?post=8452"}],"curies":[{"name":"wp","href":"https:\/\/api.w.org\/{rel}","templated":true}]}}