{"id":8758,"date":"2026-02-25T08:46:47","date_gmt":"2026-02-25T06:46:47","guid":{"rendered":"https:\/\/raymarine.ee\/?post_type=product&#038;p=8758"},"modified":"2026-04-09T19:54:07","modified_gmt":"2026-04-09T16:54:07","slug":"90-nurgaga-stng-male-stng-female-adapter","status":"publish","type":"product","link":"https:\/\/raymarine.ee\/en\/product\/90-nurgaga-stng-male-stng-female-adapter\/","title":{"rendered":"90\u00b0 nurgaga STNG Male &#8211; STNG Female adapter"},"content":{"rendered":"<p>90\u00b0 nurgaga STNG Male &#8211; STNG Female adapter on STNG Spur (valge) kaabli \u00fchendamiseks STNG pistikuga seadmesse v\u00f5i liitmikusse kui seadme taga on v\u00e4he ruumi. STNG F otsal mis l\u00e4heb seadmesse on juhtsoon (v\u00f5ti) sisenurga poole, see t\u00e4hendab, et i70s, p70s ja ka i50, i60 instrumendi taga j\u00e4\u00e4b nurk vaatama \u00fclesse. See liitmik v\u00f5imaldab igast STNG harukaablist, (valge\/must, ehk SPUR) teha nurgaga STNG kaabli. STNG 90\u00b0 nurgaga adapter sobib ainult SPUR (valge\/must) kaablile. STNG siniseid (BackBone) ja valgeid (Spur) kaableid ei saa omavahel \u00e4ra vahetada, pinnide paigutus on erinev. Enne toote kasutamist tutvu STNG (NMEA2000) v\u00f5rgu t\u00f6\u00f6p\u00f5him\u00f5ttega. NB! STNG liitmike siniseid- ja valgeid mutreid tuleb keerata ainult veerand ringi. Vastavad t\u00e4histused on toote peale m\u00e4rgitud.<\/p>\n<p><strong>Juhendid:<\/strong><\/p>\n<p>Lae alla\u00a0<a href=\"https:\/\/raymarine.ee\/wp-content\/uploads\/2026\/04\/SeaTalkng-Reference-manual-81300-1-EN-1.pdf\" target=\"_blank\" rel=\"noopener\" data-wpel-link=\"internal\">STNG v\u00f5rgu \u00fcldine juhend<\/a><\/p>","protected":false},"excerpt":{"rendered":"<p>90\u00b0 nurgaga STNG Male &#8211; STNG Female adapter on STNG Spur (valge) kaabli \u00fchendamiseks STNG pistikuga seadmesse v\u00f5i liitmikusse kui seadme taga on v\u00e4he ruumi. STNG F otsal mis l\u00e4heb seadmesse on juhtsoon (v\u00f5ti) sisenurga poole, see t\u00e4hendab, et i70s, p70s ja ka i50, i60 instrumendi taga j\u00e4\u00e4b nurk vaatama \u00fclesse. Tutvu kindlasti ka selle toote juhenditega\u00a0ja k\u00fcsimuste korral pea n\u00f5u meie spetsialistiga.<\/p>","protected":false},"featured_media":8760,"template":"","meta":{"_acf_changed":false},"product_brand":[134],"product_cat":[72,83],"product_tag":[],"class_list":{"0":"post-8758","1":"product","2":"type-product","3":"status-publish","4":"has-post-thumbnail","6":"product_brand-raymarine","7":"product_cat-tarvikud","8":"product_cat-stng_tarvikud","10":"first","11":"instock","12":"sale","13":"taxable","14":"shipping-taxable","15":"purchasable","16":"product-type-simple"},"acf":[],"yoast_head":"<!-- This site is optimized with the Yoast SEO Premium plugin v27.5 (Yoast SEO v27.5) - https:\/\/yoast.com\/product\/yoast-seo-premium-wordpress\/ -->\n<title>SeaTalk NG right angle adaptor: 90\u00b0 Stng connection - NavSystems<\/title>\n<meta name=\"description\" content=\"90\u00b0 nurgaga STNG Male - STNG Female adapter on STNG Spur (valge) kaabli \u00fchendamiseks STNG pistikuga seadmesse v\u00f5i liitmikusse kui seadme taga on v\u00e4he ruumi. STNG F otsal mis l\u00e4heb seadmesse on juhtsoon (v\u00f5ti) sisenurga poole, see t\u00e4hendab, et i70s, p70s ja ka i50, i60 instrumendi taga j\u00e4\u00e4b nurk vaatama \u00fclesse. Tutvu kindlasti ka selle toote juhenditega\u00a0ja k\u00fcsimuste korral pea n\u00f5u meie spetsialistiga. %\" \/>\n<meta name=\"robots\" content=\"index, follow, max-snippet:-1, max-image-preview:large, max-video-preview:-1\" \/>\n<link rel=\"canonical\" href=\"https:\/\/raymarine.ee\/en\/product\/90-nurgaga-stng-male-stng-female-adapter\/\" \/>\n<meta property=\"og:locale\" content=\"en_GB\" \/>\n<meta property=\"og:type\" content=\"article\" \/>\n<meta property=\"og:title\" content=\"90\u00b0 nurgaga STNG Male - STNG Female adapter\" \/>\n<meta property=\"og:description\" content=\"90\u00b0 nurgaga STNG Male - STNG Female adapter on STNG Spur (valge) kaabli \u00fchendamiseks STNG pistikuga seadmesse v\u00f5i liitmikusse kui seadme taga on v\u00e4he ruumi. STNG F otsal mis l\u00e4heb seadmesse on juhtsoon (v\u00f5ti) sisenurga poole, see t\u00e4hendab, et i70s, p70s ja ka i50, i60 instrumendi taga j\u00e4\u00e4b nurk vaatama \u00fclesse. Tutvu kindlasti ka selle toote juhenditega\u00a0ja k\u00fcsimuste korral pea n\u00f5u meie spetsialistiga. %\" \/>\n<meta property=\"og:url\" content=\"https:\/\/raymarine.ee\/en\/product\/90-nurgaga-stng-male-stng-female-adapter\/\" \/>\n<meta property=\"og:site_name\" content=\"NavSystems\" \/>\n<meta property=\"article:publisher\" content=\"https:\/\/www.facebook.com\/NavSystems\" \/>\n<meta property=\"article:modified_time\" content=\"2026-04-09T16:54:07+00:00\" \/>\n<meta property=\"og:image\" content=\"https:\/\/raymarine.ee\/wp-content\/uploads\/2026\/02\/1aa956e9-7094-42ed-922d-fa08502d44e6.png\" \/>\n\t<meta property=\"og:image:width\" content=\"2000\" \/>\n\t<meta property=\"og:image:height\" content=\"2000\" \/>\n\t<meta property=\"og:image:type\" content=\"image\/png\" \/>\n<meta name=\"twitter:card\" content=\"summary_large_image\" \/>\n<meta name=\"twitter:label1\" content=\"Price\" \/>\n\t<meta name=\"twitter:data1\" content=\"24,06&nbsp;&euro;\" \/>\n\t<meta name=\"twitter:label2\" content=\"Availability\" \/>\n\t<meta name=\"twitter:data2\" content=\"In stock\" \/>\n<script type=\"application\/ld+json\" class=\"yoast-schema-graph\">{\"@context\":\"https:\\\/\\\/schema.org\",\"@graph\":[{\"@type\":\"WebPage\",\"@id\":\"https:\\\/\\\/raymarine.ee\\\/product\\\/90-nurgaga-stng-male-stng-female-adapter\\\/\",\"url\":\"https:\\\/\\\/raymarine.ee\\\/product\\\/90-nurgaga-stng-male-stng-female-adapter\\\/\",\"name\":\"SeaTalk NG right angle adaptor: 90\u00b0 Stng connection - NavSystems\",\"isPartOf\":{\"@id\":\"https:\\\/\\\/raymarine.ee\\\/#website\"},\"primaryImageOfPage\":{\"@id\":\"https:\\\/\\\/raymarine.ee\\\/product\\\/90-nurgaga-stng-male-stng-female-adapter\\\/#primaryimage\"},\"image\":{\"@id\":\"https:\\\/\\\/raymarine.ee\\\/product\\\/90-nurgaga-stng-male-stng-female-adapter\\\/#primaryimage\"},\"thumbnailUrl\":\"https:\\\/\\\/raymarine.ee\\\/wp-content\\\/uploads\\\/2026\\\/02\\\/1aa956e9-7094-42ed-922d-fa08502d44e6.png\",\"datePublished\":\"2026-02-25T06:46:47+00:00\",\"dateModified\":\"2026-04-09T16:54:07+00:00\",\"description\":\"90\u00b0 nurgaga STNG Male - STNG Female adapter on STNG Spur (valge) kaabli \u00fchendamiseks STNG pistikuga seadmesse v\u00f5i liitmikusse kui seadme taga on v\u00e4he ruumi. STNG F otsal mis l\u00e4heb seadmesse on juhtsoon (v\u00f5ti) sisenurga poole, see t\u00e4hendab, et i70s, p70s ja ka i50, i60 instrumendi taga j\u00e4\u00e4b nurk vaatama \u00fclesse. Tutvu kindlasti ka selle toote juhenditega\u00a0ja k\u00fcsimuste korral pea n\u00f5u meie spetsialistiga. %\",\"breadcrumb\":{\"@id\":\"https:\\\/\\\/raymarine.ee\\\/product\\\/90-nurgaga-stng-male-stng-female-adapter\\\/#breadcrumb\"},\"inLanguage\":\"en-GB\",\"potentialAction\":[{\"@type\":\"ReadAction\",\"target\":[\"https:\\\/\\\/raymarine.ee\\\/product\\\/90-nurgaga-stng-male-stng-female-adapter\\\/\"]}]},{\"@type\":\"ImageObject\",\"inLanguage\":\"en-GB\",\"@id\":\"https:\\\/\\\/raymarine.ee\\\/product\\\/90-nurgaga-stng-male-stng-female-adapter\\\/#primaryimage\",\"url\":\"https:\\\/\\\/raymarine.ee\\\/wp-content\\\/uploads\\\/2026\\\/02\\\/1aa956e9-7094-42ed-922d-fa08502d44e6.png\",\"contentUrl\":\"https:\\\/\\\/raymarine.ee\\\/wp-content\\\/uploads\\\/2026\\\/02\\\/1aa956e9-7094-42ed-922d-fa08502d44e6.png\",\"width\":2000,\"height\":2000},{\"@type\":\"BreadcrumbList\",\"@id\":\"https:\\\/\\\/raymarine.ee\\\/product\\\/90-nurgaga-stng-male-stng-female-adapter\\\/#breadcrumb\",\"itemListElement\":[{\"@type\":\"ListItem\",\"position\":1,\"name\":\"Home\",\"item\":\"https:\\\/\\\/raymarine.ee\\\/\"},{\"@type\":\"ListItem\",\"position\":2,\"name\":\"Tooted\",\"item\":\"https:\\\/\\\/raymarine.ee\\\/shop\\\/\"},{\"@type\":\"ListItem\",\"position\":3,\"name\":\"90\u00b0 nurgaga STNG Male &#8211; STNG Female adapter\"}]},{\"@type\":\"WebSite\",\"@id\":\"https:\\\/\\\/raymarine.ee\\\/#website\",\"url\":\"https:\\\/\\\/raymarine.ee\\\/\",\"name\":\"www.raymarine.ee\",\"description\":\"Mereelektroonika, kaardiplotter, autopiloot, pinnipiloot, roolipiloot, radar, AIS, VHF, Smart Wind\",\"publisher\":{\"@id\":\"https:\\\/\\\/raymarine.ee\\\/#organization\"},\"alternateName\":\"Raymarine\",\"potentialAction\":[{\"@type\":\"SearchAction\",\"target\":{\"@type\":\"EntryPoint\",\"urlTemplate\":\"https:\\\/\\\/raymarine.ee\\\/?s={search_term_string}\"},\"query-input\":{\"@type\":\"PropertyValueSpecification\",\"valueRequired\":true,\"valueName\":\"search_term_string\"}}],\"inLanguage\":\"en-GB\"},{\"@type\":\"Organization\",\"@id\":\"https:\\\/\\\/raymarine.ee\\\/#organization\",\"name\":\"NavSystems O\u00dc\",\"url\":\"https:\\\/\\\/raymarine.ee\\\/\",\"logo\":{\"@type\":\"ImageObject\",\"inLanguage\":\"en-GB\",\"@id\":\"https:\\\/\\\/raymarine.ee\\\/#\\\/schema\\\/logo\\\/image\\\/\",\"url\":\"https:\\\/\\\/raymarine.ee\\\/wp-content\\\/uploads\\\/2024\\\/10\\\/Screenshot-2024-10-15-151324_bg_removed.webp\",\"contentUrl\":\"https:\\\/\\\/raymarine.ee\\\/wp-content\\\/uploads\\\/2024\\\/10\\\/Screenshot-2024-10-15-151324_bg_removed.webp\",\"width\":420,\"height\":276,\"caption\":\"NavSystems O\u00dc\"},\"image\":{\"@id\":\"https:\\\/\\\/raymarine.ee\\\/#\\\/schema\\\/logo\\\/image\\\/\"},\"sameAs\":[\"https:\\\/\\\/www.facebook.com\\\/NavSystems\"],\"legalName\":\"NavSystems O\u00dc\",\"foundingDate\":\"2011-05-03\",\"numberOfEmployees\":{\"@type\":\"QuantitativeValue\",\"minValue\":\"1\",\"maxValue\":\"10\"}}]}<\/script>\n<meta property=\"product:price:amount\" content=\"24.06\" \/>\n<meta property=\"product:price:currency\" content=\"EUR\" \/>\n<meta property=\"og:availability\" content=\"instock\" \/>\n<meta property=\"product:availability\" content=\"instock\" \/>\n<meta property=\"product:retailer_item_id\" content=\"A06077\" \/>\n<meta property=\"product:condition\" content=\"new\" \/>\n<!-- \/ Yoast SEO Premium plugin. -->","yoast_head_json":{"title":"SeaTalk NG right angle adaptor: 90\u00b0 Stng connection - NavSystems","description":"90\u00b0 nurgaga STNG Male - STNG Female adapter on STNG Spur (valge) kaabli \u00fchendamiseks STNG pistikuga seadmesse v\u00f5i liitmikusse kui seadme taga on v\u00e4he ruumi. STNG F otsal mis l\u00e4heb seadmesse on juhtsoon (v\u00f5ti) sisenurga poole, see t\u00e4hendab, et i70s, p70s ja ka i50, i60 instrumendi taga j\u00e4\u00e4b nurk vaatama \u00fclesse. Tutvu kindlasti ka selle toote juhenditega\u00a0ja k\u00fcsimuste korral pea n\u00f5u meie spetsialistiga. %","robots":{"index":"index","follow":"follow","max-snippet":"max-snippet:-1","max-image-preview":"max-image-preview:large","max-video-preview":"max-video-preview:-1"},"canonical":"https:\/\/raymarine.ee\/en\/product\/90-nurgaga-stng-male-stng-female-adapter\/","og_locale":"en_GB","og_type":"article","og_title":"90\u00b0 nurgaga STNG Male - STNG Female adapter","og_description":"90\u00b0 nurgaga STNG Male - STNG Female adapter on STNG Spur (valge) kaabli \u00fchendamiseks STNG pistikuga seadmesse v\u00f5i liitmikusse kui seadme taga on v\u00e4he ruumi. STNG F otsal mis l\u00e4heb seadmesse on juhtsoon (v\u00f5ti) sisenurga poole, see t\u00e4hendab, et i70s, p70s ja ka i50, i60 instrumendi taga j\u00e4\u00e4b nurk vaatama \u00fclesse. Tutvu kindlasti ka selle toote juhenditega\u00a0ja k\u00fcsimuste korral pea n\u00f5u meie spetsialistiga. %","og_url":"https:\/\/raymarine.ee\/en\/product\/90-nurgaga-stng-male-stng-female-adapter\/","og_site_name":"NavSystems","article_publisher":"https:\/\/www.facebook.com\/NavSystems","article_modified_time":"2026-04-09T16:54:07+00:00","og_image":[{"width":2000,"height":2000,"url":"https:\/\/raymarine.ee\/wp-content\/uploads\/2026\/02\/1aa956e9-7094-42ed-922d-fa08502d44e6.png","type":"image\/png"}],"twitter_card":"summary_large_image","twitter_misc":{"Price":"24,06&nbsp;&euro;","Availability":"In stock"},"schema":{"@context":"https:\/\/schema.org","@graph":[{"@type":"WebPage","@id":"https:\/\/raymarine.ee\/product\/90-nurgaga-stng-male-stng-female-adapter\/","url":"https:\/\/raymarine.ee\/product\/90-nurgaga-stng-male-stng-female-adapter\/","name":"SeaTalk NG right angle adaptor: 90\u00b0 Stng connection - NavSystems","isPartOf":{"@id":"https:\/\/raymarine.ee\/#website"},"primaryImageOfPage":{"@id":"https:\/\/raymarine.ee\/product\/90-nurgaga-stng-male-stng-female-adapter\/#primaryimage"},"image":{"@id":"https:\/\/raymarine.ee\/product\/90-nurgaga-stng-male-stng-female-adapter\/#primaryimage"},"thumbnailUrl":"https:\/\/raymarine.ee\/wp-content\/uploads\/2026\/02\/1aa956e9-7094-42ed-922d-fa08502d44e6.png","datePublished":"2026-02-25T06:46:47+00:00","dateModified":"2026-04-09T16:54:07+00:00","description":"90\u00b0 nurgaga STNG Male - STNG Female adapter on STNG Spur (valge) kaabli \u00fchendamiseks STNG pistikuga seadmesse v\u00f5i liitmikusse kui seadme taga on v\u00e4he ruumi. STNG F otsal mis l\u00e4heb seadmesse on juhtsoon (v\u00f5ti) sisenurga poole, see t\u00e4hendab, et i70s, p70s ja ka i50, i60 instrumendi taga j\u00e4\u00e4b nurk vaatama \u00fclesse. Tutvu kindlasti ka selle toote juhenditega\u00a0ja k\u00fcsimuste korral pea n\u00f5u meie spetsialistiga. %","breadcrumb":{"@id":"https:\/\/raymarine.ee\/product\/90-nurgaga-stng-male-stng-female-adapter\/#breadcrumb"},"inLanguage":"en-GB","potentialAction":[{"@type":"ReadAction","target":["https:\/\/raymarine.ee\/product\/90-nurgaga-stng-male-stng-female-adapter\/"]}]},{"@type":"ImageObject","inLanguage":"en-GB","@id":"https:\/\/raymarine.ee\/product\/90-nurgaga-stng-male-stng-female-adapter\/#primaryimage","url":"https:\/\/raymarine.ee\/wp-content\/uploads\/2026\/02\/1aa956e9-7094-42ed-922d-fa08502d44e6.png","contentUrl":"https:\/\/raymarine.ee\/wp-content\/uploads\/2026\/02\/1aa956e9-7094-42ed-922d-fa08502d44e6.png","width":2000,"height":2000},{"@type":"BreadcrumbList","@id":"https:\/\/raymarine.ee\/product\/90-nurgaga-stng-male-stng-female-adapter\/#breadcrumb","itemListElement":[{"@type":"ListItem","position":1,"name":"Home","item":"https:\/\/raymarine.ee\/"},{"@type":"ListItem","position":2,"name":"Tooted","item":"https:\/\/raymarine.ee\/shop\/"},{"@type":"ListItem","position":3,"name":"90\u00b0 nurgaga STNG Male &#8211; STNG Female adapter"}]},{"@type":"WebSite","@id":"https:\/\/raymarine.ee\/#website","url":"https:\/\/raymarine.ee\/","name":"www.raymarine.ee","description":"Mereelektroonika, kaardiplotter, autopiloot, pinnipiloot, roolipiloot, radar, AIS, VHF, Smart Wind","publisher":{"@id":"https:\/\/raymarine.ee\/#organization"},"alternateName":"Raymarine","potentialAction":[{"@type":"SearchAction","target":{"@type":"EntryPoint","urlTemplate":"https:\/\/raymarine.ee\/?s={search_term_string}"},"query-input":{"@type":"PropertyValueSpecification","valueRequired":true,"valueName":"search_term_string"}}],"inLanguage":"en-GB"},{"@type":"Organization","@id":"https:\/\/raymarine.ee\/#organization","name":"NavSystems O\u00dc","url":"https:\/\/raymarine.ee\/","logo":{"@type":"ImageObject","inLanguage":"en-GB","@id":"https:\/\/raymarine.ee\/#\/schema\/logo\/image\/","url":"https:\/\/raymarine.ee\/wp-content\/uploads\/2024\/10\/Screenshot-2024-10-15-151324_bg_removed.webp","contentUrl":"https:\/\/raymarine.ee\/wp-content\/uploads\/2024\/10\/Screenshot-2024-10-15-151324_bg_removed.webp","width":420,"height":276,"caption":"NavSystems O\u00dc"},"image":{"@id":"https:\/\/raymarine.ee\/#\/schema\/logo\/image\/"},"sameAs":["https:\/\/www.facebook.com\/NavSystems"],"legalName":"NavSystems O\u00dc","foundingDate":"2011-05-03","numberOfEmployees":{"@type":"QuantitativeValue","minValue":"1","maxValue":"10"}}]},"product_price_amount":"24.06","product_price_currency":"EUR","og_availability":"instock","product_availability":"instock","product_retailer_item_id":"A06077","product_condition":"new"},"jetpack_sharing_enabled":true,"_links":{"self":[{"href":"https:\/\/raymarine.ee\/en\/wp-json\/wp\/v2\/product\/8758","targetHints":{"allow":["GET"]}}],"collection":[{"href":"https:\/\/raymarine.ee\/en\/wp-json\/wp\/v2\/product"}],"about":[{"href":"https:\/\/raymarine.ee\/en\/wp-json\/wp\/v2\/types\/product"}],"wp:featuredmedia":[{"embeddable":true,"href":"https:\/\/raymarine.ee\/en\/wp-json\/wp\/v2\/media\/8760"}],"wp:attachment":[{"href":"https:\/\/raymarine.ee\/en\/wp-json\/wp\/v2\/media?parent=8758"}],"wp:term":[{"taxonomy":"product_brand","embeddable":true,"href":"https:\/\/raymarine.ee\/en\/wp-json\/wp\/v2\/product_brand?post=8758"},{"taxonomy":"product_cat","embeddable":true,"href":"https:\/\/raymarine.ee\/en\/wp-json\/wp\/v2\/product_cat?post=8758"},{"taxonomy":"product_tag","embeddable":true,"href":"https:\/\/raymarine.ee\/en\/wp-json\/wp\/v2\/product_tag?post=8758"}],"curies":[{"name":"wp","href":"https:\/\/api.w.org\/{rel}","templated":true}]}}