{"id":8789,"date":"2026-03-24T11:14:17","date_gmt":"2026-03-24T09:14:17","guid":{"rendered":"https:\/\/raymarine.ee\/?post_type=product&#038;p=8789"},"modified":"2026-04-09T18:57:36","modified_gmt":"2026-04-09T15:57:36","slug":"uus-rcu-1-autopilot-remote","status":"publish","type":"product","link":"https:\/\/raymarine.ee\/en\/product\/uus-rcu-1-autopilot-remote\/","title":{"rendered":"RCU-1 Autopilot Remote"},"content":{"rendered":"<h4 data-start=\"55\" data-end=\"122\">Uus Raymarine RCU-1 autopiloodi juhtmevaba kaugjuhtimispult ja baasjaam<\/h4>\n<p data-start=\"55\" data-end=\"122\">A wireless autopilot remote controller designed for both powerboats and sailboats. With a bright color display, intuitive Point-and-Go navigation, and Solo Sailor safety mode, it puts full autopilot control in your hand.<\/p>\n<h4>Effortless navigation, enhanced safety<\/h4>\n<p data-start=\"55\" data-end=\"122\">\u200bInstant, handheld control of your boat&#8217;s autopilot when precision and safety matter most.<\/p>\n<div style=\"width: 800px;\" class=\"wp-video\"><video class=\"wp-video-shortcode\" id=\"video-8789-1\" width=\"800\" height=\"450\" preload=\"metadata\" controls=\"controls\"><source type=\"video\/mp4\" src=\"https:\/\/raymarine.ee\/wp-content\/uploads\/2026\/03\/70e47e36afe04250b71b7a67a476aa68.preview.mp4?_=1\" \/><a href=\"https:\/\/raymarine.ee\/wp-content\/uploads\/2026\/03\/70e47e36afe04250b71b7a67a476aa68.preview.mp4\">https:\/\/raymarine.ee\/wp-content\/uploads\/2026\/03\/70e47e36afe04250b71b7a67a476aa68.preview.mp4<\/a><\/video><\/div>\n<h4>\u00a0Control in the palm of your hands<\/h4>\n<p>Featuring a bright color display and ergonomic design for single hand operation, the RCU\u20111 wireless marine autopilot remote puts the power of Raymarine Evolution in the palm of your hand. Whether trimming sails, managing fishing gear, or simply moving around the deck, boaters can stay in command from virtually anywhere on board.<\/p>\n<h4>Why Choose The RCU-1 Autopilot Remote?<\/h4>\n<ul>\n<li><strong>Wireless Autopilot Control<\/strong> &#8211; Enjoy the freedom of engaging and disengaging your boat&#8217;s Evolution autopilot from anywhere onboard.<\/li>\n<li><strong>Intuitive Control<\/strong> &#8211; Set a new course with Point-and-Go mode. Simply aim the RCU-1 in direction you want the autopilot to follow.<\/li>\n<li><strong>Enhanced Safety<\/strong> &#8211; Solo Sailor Mode automatically points the boat into the wind when a wearer-overboard situation is detected.<\/li>\n<li><strong>Long Battery Life<\/strong> &#8211; Powered by two AA batteries for up to 30 days of continuous use.<\/li>\n<li><strong>Live Navigation Data<\/strong> &#8211; View heading, speed, depth, wind, and waypoint info on a bright handheld display.<\/li>\n<li><strong>Built for the Marine Environment<\/strong> &#8211; Rugged, waterproof design and a bright sunlight viewable display.<\/li>\n<\/ul>\n<p>&nbsp;<\/p>\n<p><strong>Juhendid:<\/strong><\/p>\n<p>Lae alla <a href=\"https:\/\/raymarine.ee\/wp-content\/uploads\/2026\/04\/RCU-1-WG-1-Installation-Intructions-87492-Rev-1-EN.pdf\" target=\"_blank\" rel=\"noopener\">RCU-1 paigaldusjuhend<\/a><\/p>\n<p>Lae alla <a href=\"https:\/\/raymarine.ee\/wp-content\/uploads\/2026\/04\/RCU-1-Operation-Intructions-81426-Rev-2-EN.pdf\" target=\"_blank\" rel=\"noopener\">RCU-1 kasutusjuhend<\/a><\/p>","protected":false},"excerpt":{"rendered":"<p><span style=\"color: #ff9900;\"><strong>Tarne algab Aprill-Juuni 2026<br \/>\n<\/strong><\/span>M\u00f5istlik on ette tellida, alguses kindlasti k\u00f5igile ei jatku!<\/p>\n<p>Uus Raymarine RCU-1 autopiloodi juhtmevaba kaugjuhtimispult ja baasjaam. Komplektis olev baasjaam WG-1 \u00fchendatakse otse STNG (NMEA2000) v\u00f5rku. \u00dchte baasjaama saab \u00fchendada kuni kolm RCU-1 kaugjuhtimispulti. Kaugjuhtimispuldi toiteallikaks on 2xAA patareid mis kestavad igap\u00e4evase kasutamise juures kuni 30 p\u00e4eva. Sobivad 1,5V AA t\u00fc\u00fcpi alkaline patareid ja ka laetavad 1,5V liithium v\u00f5i NiMh akud. Uues kaugjuhtimispuldis on ka turvafunktsioon soolopurjetajatele, paat keerab ennast vastu tuult kui kaugjuhtimispuldi kandja kukub vette. Lisaks on uuel juhtimispuldil kiire nn. suuna ja vajuta (Point-and-Go) kursi m\u00e4\u00e4ramise funktsioon. Uus RCU-1 on umbes 16Cm pikk, 6 Cm lai ja 3 Cm paksune. V\u00e4rvilise ja taustavalgusega ekraani peal on n\u00e4htav ka muud andmed, kiirus, s\u00fcgavus, tuul jne. Puldil on sisseehitatud 3 teljelised andurid, kiirendusm\u00f5\u00f5tur, magnetomeeter ja g\u00fcroskoop. Seade \u00fchendub baasjaamaga Bluetooth 5.1 kaudu, ja t\u00f6\u00f6raadius avatud keskkonnas on 30m. Tutvu kindlasti ka selle toote\u00a0juhenditega\u00a0ja k\u00fcsimuste korral pea n\u00f5u meie spetsialistiga.<\/p>\n<p><span style=\"color: #ff9900;\">NB! Toode on m\u00f5eldud kasutamiseks ainult Raymarine Evolution autopilootidega.<\/span><\/p>","protected":false},"featured_media":8790,"template":"","meta":{"_acf_changed":false},"product_brand":[134],"product_cat":[67,52,103],"product_tag":[],"class_list":{"0":"post-8789","1":"product","2":"type-product","3":"status-publish","4":"has-post-thumbnail","6":"product_brand-raymarine","7":"product_cat-kontrollerid","8":"product_cat-autopiloot-autopiloodid","9":"product_cat-raymarine","11":"first","12":"onbackorder","13":"sale","14":"taxable","15":"shipping-taxable","16":"purchasable","17":"product-type-simple"},"acf":[],"yoast_head":"<!-- This site is optimized with the Yoast SEO Premium plugin v27.5 (Yoast SEO v27.5) - https:\/\/yoast.com\/product\/yoast-seo-premium-wordpress\/ -->\n<title>RCU-1 Autopilot Remote for Powerboats and Sailboats - NavSystems<\/title>\n<meta name=\"description\" content=\"Lihtsus ja t\u00e4psus RCU-1 Autopilot Remote&#039;iga! Kogege t\u00f5husat kontrolli oma paadi \u00fcle. Uus RCU-1 sobib purjepaatidele ja ka mootorpaatidele.\" \/>\n<meta name=\"robots\" content=\"index, follow, max-snippet:-1, max-image-preview:large, max-video-preview:-1\" \/>\n<link rel=\"canonical\" href=\"https:\/\/raymarine.ee\/en\/product\/uus-rcu-1-autopilot-remote\/\" \/>\n<meta property=\"og:locale\" content=\"en_GB\" \/>\n<meta property=\"og:type\" content=\"article\" \/>\n<meta property=\"og:title\" content=\"RCU-1 Autopilot Remote\" \/>\n<meta property=\"og:description\" content=\"Lihtsus ja t\u00e4psus RCU-1 Autopilot Remote&#039;iga! Kogege t\u00f5husat kontrolli oma paadi \u00fcle. Uus RCU-1 sobib purjepaatidele ja ka mootorpaatidele.\" \/>\n<meta property=\"og:url\" content=\"https:\/\/raymarine.ee\/en\/product\/uus-rcu-1-autopilot-remote\/\" \/>\n<meta property=\"og:site_name\" content=\"NavSystems\" \/>\n<meta property=\"article:publisher\" content=\"https:\/\/www.facebook.com\/NavSystems\" \/>\n<meta property=\"article:modified_time\" content=\"2026-04-09T15:57:36+00:00\" \/>\n<meta property=\"og:image\" content=\"https:\/\/raymarine.ee\/wp-content\/uploads\/2026\/03\/RCU-1.png\" \/>\n\t<meta property=\"og:image:width\" content=\"617\" \/>\n\t<meta property=\"og:image:height\" content=\"552\" \/>\n\t<meta property=\"og:image:type\" content=\"image\/png\" \/>\n<meta name=\"twitter:card\" content=\"summary_large_image\" \/>\n<meta name=\"twitter:label1\" content=\"Price\" \/>\n\t<meta name=\"twitter:data1\" content=\"661,54&nbsp;&euro;\" \/>\n\t<meta name=\"twitter:label2\" content=\"Availability\" \/>\n\t<meta name=\"twitter:data2\" content=\"On back order\" \/>\n<script type=\"application\/ld+json\" class=\"yoast-schema-graph\">{\"@context\":\"https:\\\/\\\/schema.org\",\"@graph\":[{\"@type\":\"WebPage\",\"@id\":\"https:\\\/\\\/raymarine.ee\\\/product\\\/uus-rcu-1-autopilot-remote\\\/\",\"url\":\"https:\\\/\\\/raymarine.ee\\\/product\\\/uus-rcu-1-autopilot-remote\\\/\",\"name\":\"RCU-1 Autopilot Remote for Powerboats and Sailboats - NavSystems\",\"isPartOf\":{\"@id\":\"https:\\\/\\\/raymarine.ee\\\/#website\"},\"primaryImageOfPage\":{\"@id\":\"https:\\\/\\\/raymarine.ee\\\/product\\\/uus-rcu-1-autopilot-remote\\\/#primaryimage\"},\"image\":{\"@id\":\"https:\\\/\\\/raymarine.ee\\\/product\\\/uus-rcu-1-autopilot-remote\\\/#primaryimage\"},\"thumbnailUrl\":\"https:\\\/\\\/raymarine.ee\\\/wp-content\\\/uploads\\\/2026\\\/03\\\/RCU-1.png\",\"datePublished\":\"2026-03-24T09:14:17+00:00\",\"dateModified\":\"2026-04-09T15:57:36+00:00\",\"description\":\"Lihtsus ja t\u00e4psus RCU-1 Autopilot Remote'iga! Kogege t\u00f5husat kontrolli oma paadi \u00fcle. Uus RCU-1 sobib purjepaatidele ja ka mootorpaatidele.\",\"breadcrumb\":{\"@id\":\"https:\\\/\\\/raymarine.ee\\\/product\\\/uus-rcu-1-autopilot-remote\\\/#breadcrumb\"},\"inLanguage\":\"en-GB\",\"potentialAction\":[{\"@type\":\"ReadAction\",\"target\":[\"https:\\\/\\\/raymarine.ee\\\/product\\\/uus-rcu-1-autopilot-remote\\\/\"]}]},{\"@type\":\"ImageObject\",\"inLanguage\":\"en-GB\",\"@id\":\"https:\\\/\\\/raymarine.ee\\\/product\\\/uus-rcu-1-autopilot-remote\\\/#primaryimage\",\"url\":\"https:\\\/\\\/raymarine.ee\\\/wp-content\\\/uploads\\\/2026\\\/03\\\/RCU-1.png\",\"contentUrl\":\"https:\\\/\\\/raymarine.ee\\\/wp-content\\\/uploads\\\/2026\\\/03\\\/RCU-1.png\",\"width\":617,\"height\":552,\"caption\":\"E70718 RCU-1\"},{\"@type\":\"BreadcrumbList\",\"@id\":\"https:\\\/\\\/raymarine.ee\\\/product\\\/uus-rcu-1-autopilot-remote\\\/#breadcrumb\",\"itemListElement\":[{\"@type\":\"ListItem\",\"position\":1,\"name\":\"Home\",\"item\":\"https:\\\/\\\/raymarine.ee\\\/\"},{\"@type\":\"ListItem\",\"position\":2,\"name\":\"Tooted\",\"item\":\"https:\\\/\\\/raymarine.ee\\\/shop\\\/\"},{\"@type\":\"ListItem\",\"position\":3,\"name\":\"RCU-1 Autopilot Remote\"}]},{\"@type\":\"WebSite\",\"@id\":\"https:\\\/\\\/raymarine.ee\\\/#website\",\"url\":\"https:\\\/\\\/raymarine.ee\\\/\",\"name\":\"www.raymarine.ee\",\"description\":\"Mereelektroonika, kaardiplotter, autopiloot, pinnipiloot, roolipiloot, radar, AIS, VHF, Smart Wind\",\"publisher\":{\"@id\":\"https:\\\/\\\/raymarine.ee\\\/#organization\"},\"alternateName\":\"Raymarine\",\"potentialAction\":[{\"@type\":\"SearchAction\",\"target\":{\"@type\":\"EntryPoint\",\"urlTemplate\":\"https:\\\/\\\/raymarine.ee\\\/?s={search_term_string}\"},\"query-input\":{\"@type\":\"PropertyValueSpecification\",\"valueRequired\":true,\"valueName\":\"search_term_string\"}}],\"inLanguage\":\"en-GB\"},{\"@type\":\"Organization\",\"@id\":\"https:\\\/\\\/raymarine.ee\\\/#organization\",\"name\":\"NavSystems O\u00dc\",\"url\":\"https:\\\/\\\/raymarine.ee\\\/\",\"logo\":{\"@type\":\"ImageObject\",\"inLanguage\":\"en-GB\",\"@id\":\"https:\\\/\\\/raymarine.ee\\\/#\\\/schema\\\/logo\\\/image\\\/\",\"url\":\"https:\\\/\\\/raymarine.ee\\\/wp-content\\\/uploads\\\/2024\\\/10\\\/Screenshot-2024-10-15-151324_bg_removed.webp\",\"contentUrl\":\"https:\\\/\\\/raymarine.ee\\\/wp-content\\\/uploads\\\/2024\\\/10\\\/Screenshot-2024-10-15-151324_bg_removed.webp\",\"width\":420,\"height\":276,\"caption\":\"NavSystems O\u00dc\"},\"image\":{\"@id\":\"https:\\\/\\\/raymarine.ee\\\/#\\\/schema\\\/logo\\\/image\\\/\"},\"sameAs\":[\"https:\\\/\\\/www.facebook.com\\\/NavSystems\"],\"legalName\":\"NavSystems O\u00dc\",\"foundingDate\":\"2011-05-03\",\"numberOfEmployees\":{\"@type\":\"QuantitativeValue\",\"minValue\":\"1\",\"maxValue\":\"10\"}}]}<\/script>\n<meta property=\"product:price:amount\" content=\"661.54\" \/>\n<meta property=\"product:price:currency\" content=\"EUR\" \/>\n<meta property=\"og:availability\" content=\"backorder\" \/>\n<meta property=\"product:availability\" content=\"available for order\" \/>\n<meta property=\"product:retailer_item_id\" content=\"E70718\" \/>\n<meta property=\"product:condition\" content=\"new\" \/>\n<!-- \/ Yoast SEO Premium plugin. -->","yoast_head_json":{"title":"RCU-1 Autopilot Remote for Powerboats and Sailboats - NavSystems","description":"Lihtsus ja t\u00e4psus RCU-1 Autopilot Remote'iga! Kogege t\u00f5husat kontrolli oma paadi \u00fcle. Uus RCU-1 sobib purjepaatidele ja ka mootorpaatidele.","robots":{"index":"index","follow":"follow","max-snippet":"max-snippet:-1","max-image-preview":"max-image-preview:large","max-video-preview":"max-video-preview:-1"},"canonical":"https:\/\/raymarine.ee\/en\/product\/uus-rcu-1-autopilot-remote\/","og_locale":"en_GB","og_type":"article","og_title":"RCU-1 Autopilot Remote","og_description":"Lihtsus ja t\u00e4psus RCU-1 Autopilot Remote'iga! Kogege t\u00f5husat kontrolli oma paadi \u00fcle. Uus RCU-1 sobib purjepaatidele ja ka mootorpaatidele.","og_url":"https:\/\/raymarine.ee\/en\/product\/uus-rcu-1-autopilot-remote\/","og_site_name":"NavSystems","article_publisher":"https:\/\/www.facebook.com\/NavSystems","article_modified_time":"2026-04-09T15:57:36+00:00","og_image":[{"width":617,"height":552,"url":"https:\/\/raymarine.ee\/wp-content\/uploads\/2026\/03\/RCU-1.png","type":"image\/png"}],"twitter_card":"summary_large_image","twitter_misc":{"Price":"661,54&nbsp;&euro;","Availability":"On back order"},"schema":{"@context":"https:\/\/schema.org","@graph":[{"@type":"WebPage","@id":"https:\/\/raymarine.ee\/product\/uus-rcu-1-autopilot-remote\/","url":"https:\/\/raymarine.ee\/product\/uus-rcu-1-autopilot-remote\/","name":"RCU-1 Autopilot Remote for Powerboats and Sailboats - NavSystems","isPartOf":{"@id":"https:\/\/raymarine.ee\/#website"},"primaryImageOfPage":{"@id":"https:\/\/raymarine.ee\/product\/uus-rcu-1-autopilot-remote\/#primaryimage"},"image":{"@id":"https:\/\/raymarine.ee\/product\/uus-rcu-1-autopilot-remote\/#primaryimage"},"thumbnailUrl":"https:\/\/raymarine.ee\/wp-content\/uploads\/2026\/03\/RCU-1.png","datePublished":"2026-03-24T09:14:17+00:00","dateModified":"2026-04-09T15:57:36+00:00","description":"Lihtsus ja t\u00e4psus RCU-1 Autopilot Remote'iga! Kogege t\u00f5husat kontrolli oma paadi \u00fcle. Uus RCU-1 sobib purjepaatidele ja ka mootorpaatidele.","breadcrumb":{"@id":"https:\/\/raymarine.ee\/product\/uus-rcu-1-autopilot-remote\/#breadcrumb"},"inLanguage":"en-GB","potentialAction":[{"@type":"ReadAction","target":["https:\/\/raymarine.ee\/product\/uus-rcu-1-autopilot-remote\/"]}]},{"@type":"ImageObject","inLanguage":"en-GB","@id":"https:\/\/raymarine.ee\/product\/uus-rcu-1-autopilot-remote\/#primaryimage","url":"https:\/\/raymarine.ee\/wp-content\/uploads\/2026\/03\/RCU-1.png","contentUrl":"https:\/\/raymarine.ee\/wp-content\/uploads\/2026\/03\/RCU-1.png","width":617,"height":552,"caption":"E70718 RCU-1"},{"@type":"BreadcrumbList","@id":"https:\/\/raymarine.ee\/product\/uus-rcu-1-autopilot-remote\/#breadcrumb","itemListElement":[{"@type":"ListItem","position":1,"name":"Home","item":"https:\/\/raymarine.ee\/"},{"@type":"ListItem","position":2,"name":"Tooted","item":"https:\/\/raymarine.ee\/shop\/"},{"@type":"ListItem","position":3,"name":"RCU-1 Autopilot Remote"}]},{"@type":"WebSite","@id":"https:\/\/raymarine.ee\/#website","url":"https:\/\/raymarine.ee\/","name":"www.raymarine.ee","description":"Mereelektroonika, kaardiplotter, autopiloot, pinnipiloot, roolipiloot, radar, AIS, VHF, Smart Wind","publisher":{"@id":"https:\/\/raymarine.ee\/#organization"},"alternateName":"Raymarine","potentialAction":[{"@type":"SearchAction","target":{"@type":"EntryPoint","urlTemplate":"https:\/\/raymarine.ee\/?s={search_term_string}"},"query-input":{"@type":"PropertyValueSpecification","valueRequired":true,"valueName":"search_term_string"}}],"inLanguage":"en-GB"},{"@type":"Organization","@id":"https:\/\/raymarine.ee\/#organization","name":"NavSystems O\u00dc","url":"https:\/\/raymarine.ee\/","logo":{"@type":"ImageObject","inLanguage":"en-GB","@id":"https:\/\/raymarine.ee\/#\/schema\/logo\/image\/","url":"https:\/\/raymarine.ee\/wp-content\/uploads\/2024\/10\/Screenshot-2024-10-15-151324_bg_removed.webp","contentUrl":"https:\/\/raymarine.ee\/wp-content\/uploads\/2024\/10\/Screenshot-2024-10-15-151324_bg_removed.webp","width":420,"height":276,"caption":"NavSystems O\u00dc"},"image":{"@id":"https:\/\/raymarine.ee\/#\/schema\/logo\/image\/"},"sameAs":["https:\/\/www.facebook.com\/NavSystems"],"legalName":"NavSystems O\u00dc","foundingDate":"2011-05-03","numberOfEmployees":{"@type":"QuantitativeValue","minValue":"1","maxValue":"10"}}]},"product_price_amount":"661.54","product_price_currency":"EUR","og_availability":"backorder","product_availability":"available for order","product_retailer_item_id":"E70718","product_condition":"new"},"jetpack_sharing_enabled":true,"_links":{"self":[{"href":"https:\/\/raymarine.ee\/en\/wp-json\/wp\/v2\/product\/8789","targetHints":{"allow":["GET"]}}],"collection":[{"href":"https:\/\/raymarine.ee\/en\/wp-json\/wp\/v2\/product"}],"about":[{"href":"https:\/\/raymarine.ee\/en\/wp-json\/wp\/v2\/types\/product"}],"wp:featuredmedia":[{"embeddable":true,"href":"https:\/\/raymarine.ee\/en\/wp-json\/wp\/v2\/media\/8790"}],"wp:attachment":[{"href":"https:\/\/raymarine.ee\/en\/wp-json\/wp\/v2\/media?parent=8789"}],"wp:term":[{"taxonomy":"product_brand","embeddable":true,"href":"https:\/\/raymarine.ee\/en\/wp-json\/wp\/v2\/product_brand?post=8789"},{"taxonomy":"product_cat","embeddable":true,"href":"https:\/\/raymarine.ee\/en\/wp-json\/wp\/v2\/product_cat?post=8789"},{"taxonomy":"product_tag","embeddable":true,"href":"https:\/\/raymarine.ee\/en\/wp-json\/wp\/v2\/product_tag?post=8789"}],"curies":[{"name":"wp","href":"https:\/\/api.w.org\/{rel}","templated":true}]}}