{"id":8868,"date":"2026-03-27T07:35:09","date_gmt":"2026-03-27T05:35:09","guid":{"rendered":"https:\/\/raymarine.ee\/?post_type=product&#038;p=8868"},"modified":"2026-04-01T18:47:19","modified_gmt":"2026-04-01T16:47:19","slug":"raymarine-raynet-m-to-rayanet-f-nurk-90o","status":"publish","type":"product","link":"https:\/\/raymarine.ee\/en\/product\/raymarine-raynet-m-to-rayanet-f-nurk-90o\/","title":{"rendered":"Raymarine RayNet M to Rayanet F nurk 90\u00ba"},"content":{"rendered":"<p>Raymarine RayNet M to RaYNet F 90\u00ba nurk on sobilik plotteri taga oleva RayNet Male pistiku \u00fchenduse j\u00e4rsuks p\u00f6\u00f6ramiseks. See on kitsastes oludes vahest v\u00e4ga vajalik. See nurk oli algselt disainitud RMK-9 ja RMK-10 nupustiku jaoks, aga sobib igasse RayNet pesasse. Seda, kuhu poole j\u00e4\u00e4b vaatama nurga Male pistiku ots m\u00e4\u00e4rab seadme taga olev Male pistik, nurk ise on j\u00e4ik ja selle suunda muuta ei saa.<\/p>","protected":false},"excerpt":{"rendered":"<p>Raymarine RayNet M to RaYNet F 90\u00ba nurk on sobilik plotteri taga oleva RayNet M pistiku \u00fchenduse j\u00e4rsuks \u00e4ra p\u00f6\u00f6ramiseks. See on kitsastes oludes v\u00e4ga vajalik. See nurk oli algselt disainitud RMK-9 ja RMK-10 nupustiku jaoks, aga sobib igasse RayNet pesasse. Seda kuhu poole j\u00e4\u00e4b vaatama nurga M pistiku pool m\u00e4\u00e4rab seadme taga olev M pistik, nurk on j\u00e4ik ja selle suunda muuta ei saa.<\/p>","protected":false},"featured_media":8869,"template":"","meta":{"_acf_changed":false},"product_brand":[134],"product_cat":[32,72,103,344],"product_tag":[],"class_list":{"0":"post-8868","1":"product","2":"type-product","3":"status-publish","4":"has-post-thumbnail","6":"product_brand-raymarine","7":"product_cat-instruments","8":"product_cat-tarvikud","9":"product_cat-raymarine","10":"product_cat-raynet","12":"first","13":"instock","14":"sale","15":"taxable","16":"shipping-taxable","17":"purchasable","18":"product-type-simple"},"acf":[],"yoast_head":"<!-- This site is optimized with the Yoast SEO Premium plugin v27.5 (Yoast SEO v27.5) - https:\/\/yoast.com\/product\/yoast-seo-premium-wordpress\/ -->\n<title>Raymarine RayNet M to Rayanet F nurk 90\u00ba - NavSystems Mereelektroonika<\/title>\n<meta name=\"description\" content=\"Raymarine RayNet M to RaYNet F 90\u00ba nurk on sobilik plotteri taga oleva RayNet M pistiku \u00fchenduse j\u00e4rsuks \u00e4ra p\u00f6\u00f6ramiseks. See on kitsastes oludes v\u00e4ga vajalik. See nurk oli algselt disainitud RMK-9 ja RMK-10 nupustiku jaoks, aga sobib igasse RayNet pesasse. Seda kuhu poole j\u00e4\u00e4b vaatama nurga M pistiku pool m\u00e4\u00e4rab seadme taga olev M pistik, nurk on j\u00e4ik ja selle suunda muuta ei saa.\" \/>\n<meta name=\"robots\" content=\"index, follow, max-snippet:-1, max-image-preview:large, max-video-preview:-1\" \/>\n<link rel=\"canonical\" href=\"https:\/\/raymarine.ee\/en\/product\/raymarine-raynet-m-to-rayanet-f-nurk-90o\/\" \/>\n<meta property=\"og:locale\" content=\"en_GB\" \/>\n<meta property=\"og:type\" content=\"article\" \/>\n<meta property=\"og:title\" content=\"Raymarine RayNet M to Rayanet F nurk 90\u00ba\" \/>\n<meta property=\"og:description\" content=\"Raymarine RayNet M to RaYNet F 90\u00ba nurk on sobilik plotteri taga oleva RayNet M pistiku \u00fchenduse j\u00e4rsuks \u00e4ra p\u00f6\u00f6ramiseks. See on kitsastes oludes v\u00e4ga vajalik. See nurk oli algselt disainitud RMK-9 ja RMK-10 nupustiku jaoks, aga sobib igasse RayNet pesasse. Seda kuhu poole j\u00e4\u00e4b vaatama nurga M pistiku pool m\u00e4\u00e4rab seadme taga olev M pistik, nurk on j\u00e4ik ja selle suunda muuta ei saa.\" \/>\n<meta property=\"og:url\" content=\"https:\/\/raymarine.ee\/en\/product\/raymarine-raynet-m-to-rayanet-f-nurk-90o\/\" \/>\n<meta property=\"og:site_name\" content=\"NavSystems\" \/>\n<meta property=\"article:publisher\" content=\"https:\/\/www.facebook.com\/NavSystems\" \/>\n<meta property=\"article:modified_time\" content=\"2026-04-01T16:47:19+00:00\" \/>\n<meta property=\"og:image\" content=\"https:\/\/raymarine.ee\/wp-content\/uploads\/2026\/03\/raymarine-raynet-male-angled-adapter-A80262-1-1.jpg\" \/>\n\t<meta property=\"og:image:width\" content=\"840\" \/>\n\t<meta property=\"og:image:height\" content=\"600\" \/>\n\t<meta property=\"og:image:type\" content=\"image\/jpeg\" \/>\n<meta name=\"twitter:card\" content=\"summary_large_image\" \/>\n<meta name=\"twitter:label1\" content=\"Price\" \/>\n\t<meta name=\"twitter:data1\" content=\"42,10&nbsp;&euro;\" \/>\n\t<meta name=\"twitter:label2\" content=\"Availability\" \/>\n\t<meta name=\"twitter:data2\" content=\"In stock\" \/>\n<script type=\"application\/ld+json\" class=\"yoast-schema-graph\">{\"@context\":\"https:\\\/\\\/schema.org\",\"@graph\":[{\"@type\":\"WebPage\",\"@id\":\"https:\\\/\\\/raymarine.ee\\\/product\\\/raymarine-raynet-m-to-rayanet-f-nurk-90o\\\/\",\"url\":\"https:\\\/\\\/raymarine.ee\\\/product\\\/raymarine-raynet-m-to-rayanet-f-nurk-90o\\\/\",\"name\":\"Raymarine RayNet M to Rayanet F nurk 90\u00ba - NavSystems Mereelektroonika\",\"isPartOf\":{\"@id\":\"https:\\\/\\\/raymarine.ee\\\/#website\"},\"primaryImageOfPage\":{\"@id\":\"https:\\\/\\\/raymarine.ee\\\/product\\\/raymarine-raynet-m-to-rayanet-f-nurk-90o\\\/#primaryimage\"},\"image\":{\"@id\":\"https:\\\/\\\/raymarine.ee\\\/product\\\/raymarine-raynet-m-to-rayanet-f-nurk-90o\\\/#primaryimage\"},\"thumbnailUrl\":\"https:\\\/\\\/raymarine.ee\\\/wp-content\\\/uploads\\\/2026\\\/03\\\/raymarine-raynet-male-angled-adapter-A80262-1-1.jpg\",\"datePublished\":\"2026-03-27T05:35:09+00:00\",\"dateModified\":\"2026-04-01T16:47:19+00:00\",\"description\":\"Raymarine RayNet M to RaYNet F 90\u00ba nurk on sobilik plotteri taga oleva RayNet M pistiku \u00fchenduse j\u00e4rsuks \u00e4ra p\u00f6\u00f6ramiseks. See on kitsastes oludes v\u00e4ga vajalik. See nurk oli algselt disainitud RMK-9 ja RMK-10 nupustiku jaoks, aga sobib igasse RayNet pesasse. Seda kuhu poole j\u00e4\u00e4b vaatama nurga M pistiku pool m\u00e4\u00e4rab seadme taga olev M pistik, nurk on j\u00e4ik ja selle suunda muuta ei saa.\",\"breadcrumb\":{\"@id\":\"https:\\\/\\\/raymarine.ee\\\/product\\\/raymarine-raynet-m-to-rayanet-f-nurk-90o\\\/#breadcrumb\"},\"inLanguage\":\"en-GB\",\"potentialAction\":[{\"@type\":\"ReadAction\",\"target\":[\"https:\\\/\\\/raymarine.ee\\\/product\\\/raymarine-raynet-m-to-rayanet-f-nurk-90o\\\/\"]}]},{\"@type\":\"ImageObject\",\"inLanguage\":\"en-GB\",\"@id\":\"https:\\\/\\\/raymarine.ee\\\/product\\\/raymarine-raynet-m-to-rayanet-f-nurk-90o\\\/#primaryimage\",\"url\":\"https:\\\/\\\/raymarine.ee\\\/wp-content\\\/uploads\\\/2026\\\/03\\\/raymarine-raynet-male-angled-adapter-A80262-1-1.jpg\",\"contentUrl\":\"https:\\\/\\\/raymarine.ee\\\/wp-content\\\/uploads\\\/2026\\\/03\\\/raymarine-raynet-male-angled-adapter-A80262-1-1.jpg\",\"width\":840,\"height\":600},{\"@type\":\"BreadcrumbList\",\"@id\":\"https:\\\/\\\/raymarine.ee\\\/product\\\/raymarine-raynet-m-to-rayanet-f-nurk-90o\\\/#breadcrumb\",\"itemListElement\":[{\"@type\":\"ListItem\",\"position\":1,\"name\":\"Home\",\"item\":\"https:\\\/\\\/raymarine.ee\\\/\"},{\"@type\":\"ListItem\",\"position\":2,\"name\":\"Tooted\",\"item\":\"https:\\\/\\\/raymarine.ee\\\/shop\\\/\"},{\"@type\":\"ListItem\",\"position\":3,\"name\":\"Raymarine RayNet M to Rayanet F nurk 90\u00ba\"}]},{\"@type\":\"WebSite\",\"@id\":\"https:\\\/\\\/raymarine.ee\\\/#website\",\"url\":\"https:\\\/\\\/raymarine.ee\\\/\",\"name\":\"www.raymarine.ee\",\"description\":\"Mereelektroonika, kaardiplotter, autopiloot, pinnipiloot, roolipiloot, radar, AIS, VHF, Smart Wind\",\"publisher\":{\"@id\":\"https:\\\/\\\/raymarine.ee\\\/#organization\"},\"alternateName\":\"Raymarine\",\"potentialAction\":[{\"@type\":\"SearchAction\",\"target\":{\"@type\":\"EntryPoint\",\"urlTemplate\":\"https:\\\/\\\/raymarine.ee\\\/?s={search_term_string}\"},\"query-input\":{\"@type\":\"PropertyValueSpecification\",\"valueRequired\":true,\"valueName\":\"search_term_string\"}}],\"inLanguage\":\"en-GB\"},{\"@type\":\"Organization\",\"@id\":\"https:\\\/\\\/raymarine.ee\\\/#organization\",\"name\":\"NavSystems O\u00dc\",\"url\":\"https:\\\/\\\/raymarine.ee\\\/\",\"logo\":{\"@type\":\"ImageObject\",\"inLanguage\":\"en-GB\",\"@id\":\"https:\\\/\\\/raymarine.ee\\\/#\\\/schema\\\/logo\\\/image\\\/\",\"url\":\"https:\\\/\\\/raymarine.ee\\\/wp-content\\\/uploads\\\/2024\\\/10\\\/Screenshot-2024-10-15-151324_bg_removed.webp\",\"contentUrl\":\"https:\\\/\\\/raymarine.ee\\\/wp-content\\\/uploads\\\/2024\\\/10\\\/Screenshot-2024-10-15-151324_bg_removed.webp\",\"width\":420,\"height\":276,\"caption\":\"NavSystems O\u00dc\"},\"image\":{\"@id\":\"https:\\\/\\\/raymarine.ee\\\/#\\\/schema\\\/logo\\\/image\\\/\"},\"sameAs\":[\"https:\\\/\\\/www.facebook.com\\\/NavSystems\"],\"legalName\":\"NavSystems O\u00dc\",\"foundingDate\":\"2011-05-03\",\"numberOfEmployees\":{\"@type\":\"QuantitativeValue\",\"minValue\":\"1\",\"maxValue\":\"10\"}}]}<\/script>\n<meta property=\"product:price:amount\" content=\"42.10\" \/>\n<meta property=\"product:price:currency\" content=\"EUR\" \/>\n<meta property=\"og:availability\" content=\"instock\" \/>\n<meta property=\"product:availability\" content=\"instock\" \/>\n<meta property=\"product:retailer_item_id\" content=\"A80262\" \/>\n<meta property=\"product:condition\" content=\"new\" \/>\n<!-- \/ Yoast SEO Premium plugin. -->","yoast_head_json":{"title":"Raymarine RayNet M to Rayanet F nurk 90\u00ba - NavSystems Mereelektroonika","description":"Raymarine RayNet M to RaYNet F 90\u00ba nurk on sobilik plotteri taga oleva RayNet M pistiku \u00fchenduse j\u00e4rsuks \u00e4ra p\u00f6\u00f6ramiseks. See on kitsastes oludes v\u00e4ga vajalik. See nurk oli algselt disainitud RMK-9 ja RMK-10 nupustiku jaoks, aga sobib igasse RayNet pesasse. Seda kuhu poole j\u00e4\u00e4b vaatama nurga M pistiku pool m\u00e4\u00e4rab seadme taga olev M pistik, nurk on j\u00e4ik ja selle suunda muuta ei saa.","robots":{"index":"index","follow":"follow","max-snippet":"max-snippet:-1","max-image-preview":"max-image-preview:large","max-video-preview":"max-video-preview:-1"},"canonical":"https:\/\/raymarine.ee\/en\/product\/raymarine-raynet-m-to-rayanet-f-nurk-90o\/","og_locale":"en_GB","og_type":"article","og_title":"Raymarine RayNet M to Rayanet F nurk 90\u00ba","og_description":"Raymarine RayNet M to RaYNet F 90\u00ba nurk on sobilik plotteri taga oleva RayNet M pistiku \u00fchenduse j\u00e4rsuks \u00e4ra p\u00f6\u00f6ramiseks. See on kitsastes oludes v\u00e4ga vajalik. See nurk oli algselt disainitud RMK-9 ja RMK-10 nupustiku jaoks, aga sobib igasse RayNet pesasse. Seda kuhu poole j\u00e4\u00e4b vaatama nurga M pistiku pool m\u00e4\u00e4rab seadme taga olev M pistik, nurk on j\u00e4ik ja selle suunda muuta ei saa.","og_url":"https:\/\/raymarine.ee\/en\/product\/raymarine-raynet-m-to-rayanet-f-nurk-90o\/","og_site_name":"NavSystems","article_publisher":"https:\/\/www.facebook.com\/NavSystems","article_modified_time":"2026-04-01T16:47:19+00:00","og_image":[{"width":840,"height":600,"url":"https:\/\/raymarine.ee\/wp-content\/uploads\/2026\/03\/raymarine-raynet-male-angled-adapter-A80262-1-1.jpg","type":"image\/jpeg"}],"twitter_card":"summary_large_image","twitter_misc":{"Price":"42,10&nbsp;&euro;","Availability":"In stock"},"schema":{"@context":"https:\/\/schema.org","@graph":[{"@type":"WebPage","@id":"https:\/\/raymarine.ee\/product\/raymarine-raynet-m-to-rayanet-f-nurk-90o\/","url":"https:\/\/raymarine.ee\/product\/raymarine-raynet-m-to-rayanet-f-nurk-90o\/","name":"Raymarine RayNet M to Rayanet F nurk 90\u00ba - NavSystems Mereelektroonika","isPartOf":{"@id":"https:\/\/raymarine.ee\/#website"},"primaryImageOfPage":{"@id":"https:\/\/raymarine.ee\/product\/raymarine-raynet-m-to-rayanet-f-nurk-90o\/#primaryimage"},"image":{"@id":"https:\/\/raymarine.ee\/product\/raymarine-raynet-m-to-rayanet-f-nurk-90o\/#primaryimage"},"thumbnailUrl":"https:\/\/raymarine.ee\/wp-content\/uploads\/2026\/03\/raymarine-raynet-male-angled-adapter-A80262-1-1.jpg","datePublished":"2026-03-27T05:35:09+00:00","dateModified":"2026-04-01T16:47:19+00:00","description":"Raymarine RayNet M to RaYNet F 90\u00ba nurk on sobilik plotteri taga oleva RayNet M pistiku \u00fchenduse j\u00e4rsuks \u00e4ra p\u00f6\u00f6ramiseks. See on kitsastes oludes v\u00e4ga vajalik. See nurk oli algselt disainitud RMK-9 ja RMK-10 nupustiku jaoks, aga sobib igasse RayNet pesasse. Seda kuhu poole j\u00e4\u00e4b vaatama nurga M pistiku pool m\u00e4\u00e4rab seadme taga olev M pistik, nurk on j\u00e4ik ja selle suunda muuta ei saa.","breadcrumb":{"@id":"https:\/\/raymarine.ee\/product\/raymarine-raynet-m-to-rayanet-f-nurk-90o\/#breadcrumb"},"inLanguage":"en-GB","potentialAction":[{"@type":"ReadAction","target":["https:\/\/raymarine.ee\/product\/raymarine-raynet-m-to-rayanet-f-nurk-90o\/"]}]},{"@type":"ImageObject","inLanguage":"en-GB","@id":"https:\/\/raymarine.ee\/product\/raymarine-raynet-m-to-rayanet-f-nurk-90o\/#primaryimage","url":"https:\/\/raymarine.ee\/wp-content\/uploads\/2026\/03\/raymarine-raynet-male-angled-adapter-A80262-1-1.jpg","contentUrl":"https:\/\/raymarine.ee\/wp-content\/uploads\/2026\/03\/raymarine-raynet-male-angled-adapter-A80262-1-1.jpg","width":840,"height":600},{"@type":"BreadcrumbList","@id":"https:\/\/raymarine.ee\/product\/raymarine-raynet-m-to-rayanet-f-nurk-90o\/#breadcrumb","itemListElement":[{"@type":"ListItem","position":1,"name":"Home","item":"https:\/\/raymarine.ee\/"},{"@type":"ListItem","position":2,"name":"Tooted","item":"https:\/\/raymarine.ee\/shop\/"},{"@type":"ListItem","position":3,"name":"Raymarine RayNet M to Rayanet F nurk 90\u00ba"}]},{"@type":"WebSite","@id":"https:\/\/raymarine.ee\/#website","url":"https:\/\/raymarine.ee\/","name":"www.raymarine.ee","description":"Mereelektroonika, kaardiplotter, autopiloot, pinnipiloot, roolipiloot, radar, AIS, VHF, Smart Wind","publisher":{"@id":"https:\/\/raymarine.ee\/#organization"},"alternateName":"Raymarine","potentialAction":[{"@type":"SearchAction","target":{"@type":"EntryPoint","urlTemplate":"https:\/\/raymarine.ee\/?s={search_term_string}"},"query-input":{"@type":"PropertyValueSpecification","valueRequired":true,"valueName":"search_term_string"}}],"inLanguage":"en-GB"},{"@type":"Organization","@id":"https:\/\/raymarine.ee\/#organization","name":"NavSystems O\u00dc","url":"https:\/\/raymarine.ee\/","logo":{"@type":"ImageObject","inLanguage":"en-GB","@id":"https:\/\/raymarine.ee\/#\/schema\/logo\/image\/","url":"https:\/\/raymarine.ee\/wp-content\/uploads\/2024\/10\/Screenshot-2024-10-15-151324_bg_removed.webp","contentUrl":"https:\/\/raymarine.ee\/wp-content\/uploads\/2024\/10\/Screenshot-2024-10-15-151324_bg_removed.webp","width":420,"height":276,"caption":"NavSystems O\u00dc"},"image":{"@id":"https:\/\/raymarine.ee\/#\/schema\/logo\/image\/"},"sameAs":["https:\/\/www.facebook.com\/NavSystems"],"legalName":"NavSystems O\u00dc","foundingDate":"2011-05-03","numberOfEmployees":{"@type":"QuantitativeValue","minValue":"1","maxValue":"10"}}]},"product_price_amount":"42.10","product_price_currency":"EUR","og_availability":"instock","product_availability":"instock","product_retailer_item_id":"A80262","product_condition":"new"},"jetpack_sharing_enabled":true,"_links":{"self":[{"href":"https:\/\/raymarine.ee\/en\/wp-json\/wp\/v2\/product\/8868","targetHints":{"allow":["GET"]}}],"collection":[{"href":"https:\/\/raymarine.ee\/en\/wp-json\/wp\/v2\/product"}],"about":[{"href":"https:\/\/raymarine.ee\/en\/wp-json\/wp\/v2\/types\/product"}],"wp:featuredmedia":[{"embeddable":true,"href":"https:\/\/raymarine.ee\/en\/wp-json\/wp\/v2\/media\/8869"}],"wp:attachment":[{"href":"https:\/\/raymarine.ee\/en\/wp-json\/wp\/v2\/media?parent=8868"}],"wp:term":[{"taxonomy":"product_brand","embeddable":true,"href":"https:\/\/raymarine.ee\/en\/wp-json\/wp\/v2\/product_brand?post=8868"},{"taxonomy":"product_cat","embeddable":true,"href":"https:\/\/raymarine.ee\/en\/wp-json\/wp\/v2\/product_cat?post=8868"},{"taxonomy":"product_tag","embeddable":true,"href":"https:\/\/raymarine.ee\/en\/wp-json\/wp\/v2\/product_tag?post=8868"}],"curies":[{"name":"wp","href":"https:\/\/api.w.org\/{rel}","templated":true}]}}