{"id":8878,"date":"2026-03-27T09:08:21","date_gmt":"2026-03-27T07:08:21","guid":{"rendered":"https:\/\/raymarine.ee\/?post_type=product&#038;p=8878"},"modified":"2026-04-15T20:39:34","modified_gmt":"2026-04-15T17:39:34","slug":"i70s-smart-wind-pack-i70s-rsw-dst810","status":"publish","type":"product","link":"https:\/\/raymarine.ee\/en\/product\/i70s-smart-wind-pack-i70s-rsw-dst810\/","title":{"rendered":"i70s Smart Wind Pack &#8211; i70s, RSW, DST810"},"content":{"rendered":"<p data-start=\"34\" data-end=\"66\"><strong data-start=\"34\" data-end=\"66\">Raymarine i70s Smart Wind tuulekomplekt<\/strong><\/p>\n<p data-start=\"68\" data-end=\"788\">Raymarine i70s Smart Wind tuulekomplekt sisaldab k\u00f5ike vajalikku tuule-, kiiruse-, s\u00fcgavuse- ja temperatuurin\u00e4itude kuvamiseks. Komplekti keskmes on i70s v\u00e4rvilise ekraaniga multi-instrument, mis n\u00e4itab\u00a0 andmeid selgelt ja t\u00e4pselt. Komplekti kuulub uus RSW Smart Wind tuuleandur kood RSW gateway-ga. Komplekti kuuluv DST810 smart andur n\u00e4itab kiirust-, s\u00fcgavust-, temperatuuri ja ka kreeni ja differenti. iTC-5 ei ole enam vajalik, Smart Wind anduri Gateway \u00fchendatakse otse STNG v\u00f5rku. DST810 paigaldatakse l\u00e4bi p\u00f5hja, soovitatavalt kiilu ette. STNG v\u00f5rgu ehitamise alustamiseks on vajalikud kaablid, T-liitmikud ja terminaatorid komplektis kaasas.<\/p>\n<p data-start=\"790\" data-end=\"809\"><strong data-start=\"790\" data-end=\"809\">Komplekti sisu:<\/strong><\/p>\n<ul>\n<li>E70327\u00a0i70s Multifunction Colour Display x 1<\/li>\n<li>E70667\u00a0Airmar DST810 0\u00b0 (NMEA2000) x 1<\/li>\n<li>E70670\u00a0RSW-Wired Performance Wind x 1<\/li>\n<li>A06031\u00a0STNG Backbone Terminator x 2<\/li>\n<li>A06064\u00a0STNG 5-WAY CONNECTOR x 1<\/li>\n<li>A06035\u00a0STNG Backbone Cable 3m x 1<\/li>\n<li>A06049\u00a0STNG Power Cable x 1<\/li>\n<li>A06028\u00a0STNG T-Piece Connector x 1<\/li>\n<\/ul>\n<p data-start=\"1229\" data-end=\"1242\"><strong data-start=\"1229\" data-end=\"1242\">Omadused:<\/strong><\/p>\n<ul data-start=\"1243\" data-end=\"1488\">\n<li data-start=\"1243\" data-end=\"1276\">\n<p data-start=\"1245\" data-end=\"1276\">Selge ja v\u00e4rviline i70s ekraan.<\/p>\n<\/li>\n<li data-start=\"1277\" data-end=\"1317\">\n<p data-start=\"1279\" data-end=\"1317\">RSW Smart Wind &#8211; T\u00e4pne tuulekiiruse ja -suuna m\u00f5\u00f5tmine.<\/p>\n<\/li>\n<li data-start=\"1318\" data-end=\"1377\">\n<p data-start=\"1320\" data-end=\"1377\">DST810 &#8211; Kiiruse-, s\u00fcgavuse- ja temperatuuriandmed \u00fchest andurist.<\/p>\n<\/li>\n<li data-start=\"1378\" data-end=\"1426\">\n<p data-start=\"1380\" data-end=\"1426\">Lihtne integreerida Raymarine SeaTalkNG v\u00f5rku.<\/p>\n<\/li>\n<li data-start=\"1427\" data-end=\"1488\">\n<p data-start=\"1429\" data-end=\"1488\">Komplektis k\u00f5ik vajalikud kaablid ja tarvikud paigalduseks.<\/p>\n<\/li>\n<\/ul>\n<p><strong>Juhendid:<\/strong><\/p>\n<p>Lae alla <a href=\"https:\/\/raymarine.ee\/wp-content\/uploads\/2026\/04\/i70s-Installation-Instructions-87420-Rev-2-EN.pdf\" target=\"_blank\" rel=\"noopener\">i70s paigaldusjuhend<\/a><\/p>\n<p>Lae alla i70 ja <a href=\"https:\/\/raymarine.ee\/wp-content\/uploads\/2026\/04\/i70-i70s-Instrument-Operation-Instructions-81401-Rev-6-EN.pdf\" target=\"_blank\" rel=\"noopener\">i70s kasutusjuhend<\/a><\/p>\n<p>Lae alla Raymarine <a href=\"https:\/\/raymarine.ee\/wp-content\/uploads\/2026\/04\/RSW-Wired-Smart-Wind-Transducer-Gateway-Installation-Instructions-87465-Rev-5-EN.pdf\" target=\"_blank\" rel=\"noopener\">RSW Wind paigaldusjuhend<\/a><\/p>\n<p>Lae alla <a href=\"https:\/\/raymarine.ee\/wp-content\/uploads\/2026\/04\/dst810-installation.pdf\" target=\"_blank\" rel=\"noopener\">DST810 paigaldusjuhend<\/a><\/p>\n<p>Lae alla <a href=\"https:\/\/raymarine.ee\/wp-content\/uploads\/2026\/04\/SeaTalkng-Reference-manual-81300-1-EN.pdf\" target=\"_blank\" rel=\"noopener\">STNG v\u00f5rgu paigaldusjuhend<\/a><\/p>","protected":false},"excerpt":{"rendered":"<p>Raymarine i70s Smart Wind tuulekomplekt sisaldab k\u00f5ike vajalikku tuule-, kiiruse-, s\u00fcgavuse- ja temperatuurin\u00e4itude kuvamiseks. Komplekti keskmes on i70s v\u00e4rvilise ekraaniga multi-instrument, mis n\u00e4itab\u00a0 andmeid selgelt ja t\u00e4pselt. Komplekti kuulub uus RSW Smart Wind tuuleandur kood RSW gateway-ga. Komplekti kuuluv DST810 smart andur n\u00e4itab kiirust-, s\u00fcgavust-, temperatuuri ja ka kreeni ja differenti. Tutvu kindlasti ka selle komplekti juhenditega ja k\u00fcsimuste korral pea n\u00f5u meie spetsialistiga.<\/p>","protected":false},"featured_media":8957,"template":"","meta":{"_acf_changed":false},"product_brand":[134],"product_cat":[70,32,343,103],"product_tag":[],"class_list":{"0":"post-8878","1":"product","2":"type-product","3":"status-publish","4":"has-post-thumbnail","6":"product_brand-raymarine","7":"product_cat-i70_alpha","8":"product_cat-instruments","9":"product_cat-kampaaniad","10":"product_cat-raymarine","12":"first","13":"instock","14":"sale","15":"featured","16":"taxable","17":"shipping-taxable","18":"purchasable","19":"product-type-simple"},"acf":[],"yoast_head":"<!-- This site is optimized with the Yoast SEO Premium plugin v27.5 (Yoast SEO v27.5) - https:\/\/yoast.com\/product\/yoast-seo-premium-wordpress\/ -->\n<title>i70s Smart Wind Pack - i70s, RSW, DST810 - NavSystems Mereelektroonika<\/title>\n<meta name=\"description\" content=\"Tutvuge RSW Wind tuulekomplektiga, mis pakub t\u00e4pset tuule-, kiirus- ja s\u00fcgavuse andmete j\u00e4lgimist. Hankige kvaliteetne varustus juba t\u00e4na!\" \/>\n<meta name=\"robots\" content=\"index, follow, max-snippet:-1, max-image-preview:large, max-video-preview:-1\" \/>\n<link rel=\"canonical\" href=\"https:\/\/raymarine.ee\/en\/product\/i70s-smart-wind-pack-i70s-rsw-dst810\/\" \/>\n<meta property=\"og:locale\" content=\"en_GB\" \/>\n<meta property=\"og:type\" content=\"article\" \/>\n<meta property=\"og:title\" content=\"i70s Smart Wind Pack - i70s, RSW, DST810\" \/>\n<meta property=\"og:description\" content=\"Tutvuge RSW Wind tuulekomplektiga, mis pakub t\u00e4pset tuule-, kiirus- ja s\u00fcgavuse andmete j\u00e4lgimist. Hankige kvaliteetne varustus juba t\u00e4na!\" \/>\n<meta property=\"og:url\" content=\"https:\/\/raymarine.ee\/en\/product\/i70s-smart-wind-pack-i70s-rsw-dst810\/\" \/>\n<meta property=\"og:site_name\" content=\"NavSystems\" \/>\n<meta property=\"article:publisher\" content=\"https:\/\/www.facebook.com\/NavSystems\" \/>\n<meta property=\"article:modified_time\" content=\"2026-04-15T17:39:34+00:00\" \/>\n<meta property=\"og:image\" content=\"https:\/\/raymarine.ee\/wp-content\/uploads\/2026\/03\/T70607-RSW-Pack.jpg\" \/>\n\t<meta property=\"og:image:width\" content=\"1200\" \/>\n\t<meta property=\"og:image:height\" content=\"1200\" \/>\n\t<meta property=\"og:image:type\" content=\"image\/jpeg\" \/>\n<meta name=\"twitter:card\" content=\"summary_large_image\" \/>\n<meta name=\"twitter:label1\" content=\"Price\" \/>\n\t<meta name=\"twitter:data1\" content=\"1 891,93&nbsp;&euro;\" \/>\n\t<meta name=\"twitter:label2\" content=\"Availability\" \/>\n\t<meta name=\"twitter:data2\" content=\"In stock\" \/>\n<script type=\"application\/ld+json\" class=\"yoast-schema-graph\">{\"@context\":\"https:\\\/\\\/schema.org\",\"@graph\":[{\"@type\":\"WebPage\",\"@id\":\"https:\\\/\\\/raymarine.ee\\\/product\\\/i70s-smart-wind-pack-i70s-rsw-dst810\\\/\",\"url\":\"https:\\\/\\\/raymarine.ee\\\/product\\\/i70s-smart-wind-pack-i70s-rsw-dst810\\\/\",\"name\":\"i70s Smart Wind Pack - i70s, RSW, DST810 - NavSystems Mereelektroonika\",\"isPartOf\":{\"@id\":\"https:\\\/\\\/raymarine.ee\\\/#website\"},\"primaryImageOfPage\":{\"@id\":\"https:\\\/\\\/raymarine.ee\\\/product\\\/i70s-smart-wind-pack-i70s-rsw-dst810\\\/#primaryimage\"},\"image\":{\"@id\":\"https:\\\/\\\/raymarine.ee\\\/product\\\/i70s-smart-wind-pack-i70s-rsw-dst810\\\/#primaryimage\"},\"thumbnailUrl\":\"https:\\\/\\\/raymarine.ee\\\/wp-content\\\/uploads\\\/2026\\\/03\\\/T70607-RSW-Pack.jpg\",\"datePublished\":\"2026-03-27T07:08:21+00:00\",\"dateModified\":\"2026-04-15T17:39:34+00:00\",\"description\":\"Tutvuge RSW Wind tuulekomplektiga, mis pakub t\u00e4pset tuule-, kiirus- ja s\u00fcgavuse andmete j\u00e4lgimist. Hankige kvaliteetne varustus juba t\u00e4na!\",\"breadcrumb\":{\"@id\":\"https:\\\/\\\/raymarine.ee\\\/product\\\/i70s-smart-wind-pack-i70s-rsw-dst810\\\/#breadcrumb\"},\"inLanguage\":\"en-GB\",\"potentialAction\":[{\"@type\":\"ReadAction\",\"target\":[\"https:\\\/\\\/raymarine.ee\\\/product\\\/i70s-smart-wind-pack-i70s-rsw-dst810\\\/\"]}]},{\"@type\":\"ImageObject\",\"inLanguage\":\"en-GB\",\"@id\":\"https:\\\/\\\/raymarine.ee\\\/product\\\/i70s-smart-wind-pack-i70s-rsw-dst810\\\/#primaryimage\",\"url\":\"https:\\\/\\\/raymarine.ee\\\/wp-content\\\/uploads\\\/2026\\\/03\\\/T70607-RSW-Pack.jpg\",\"contentUrl\":\"https:\\\/\\\/raymarine.ee\\\/wp-content\\\/uploads\\\/2026\\\/03\\\/T70607-RSW-Pack.jpg\",\"width\":1200,\"height\":1200},{\"@type\":\"BreadcrumbList\",\"@id\":\"https:\\\/\\\/raymarine.ee\\\/product\\\/i70s-smart-wind-pack-i70s-rsw-dst810\\\/#breadcrumb\",\"itemListElement\":[{\"@type\":\"ListItem\",\"position\":1,\"name\":\"Home\",\"item\":\"https:\\\/\\\/raymarine.ee\\\/\"},{\"@type\":\"ListItem\",\"position\":2,\"name\":\"Tooted\",\"item\":\"https:\\\/\\\/raymarine.ee\\\/shop\\\/\"},{\"@type\":\"ListItem\",\"position\":3,\"name\":\"i70s Smart Wind Pack &#8211; i70s, RSW, DST810\"}]},{\"@type\":\"WebSite\",\"@id\":\"https:\\\/\\\/raymarine.ee\\\/#website\",\"url\":\"https:\\\/\\\/raymarine.ee\\\/\",\"name\":\"www.raymarine.ee\",\"description\":\"Mereelektroonika, kaardiplotter, autopiloot, pinnipiloot, roolipiloot, radar, AIS, VHF, Smart Wind\",\"publisher\":{\"@id\":\"https:\\\/\\\/raymarine.ee\\\/#organization\"},\"alternateName\":\"Raymarine\",\"potentialAction\":[{\"@type\":\"SearchAction\",\"target\":{\"@type\":\"EntryPoint\",\"urlTemplate\":\"https:\\\/\\\/raymarine.ee\\\/?s={search_term_string}\"},\"query-input\":{\"@type\":\"PropertyValueSpecification\",\"valueRequired\":true,\"valueName\":\"search_term_string\"}}],\"inLanguage\":\"en-GB\"},{\"@type\":\"Organization\",\"@id\":\"https:\\\/\\\/raymarine.ee\\\/#organization\",\"name\":\"NavSystems O\u00dc\",\"url\":\"https:\\\/\\\/raymarine.ee\\\/\",\"logo\":{\"@type\":\"ImageObject\",\"inLanguage\":\"en-GB\",\"@id\":\"https:\\\/\\\/raymarine.ee\\\/#\\\/schema\\\/logo\\\/image\\\/\",\"url\":\"https:\\\/\\\/raymarine.ee\\\/wp-content\\\/uploads\\\/2024\\\/10\\\/Screenshot-2024-10-15-151324_bg_removed.webp\",\"contentUrl\":\"https:\\\/\\\/raymarine.ee\\\/wp-content\\\/uploads\\\/2024\\\/10\\\/Screenshot-2024-10-15-151324_bg_removed.webp\",\"width\":420,\"height\":276,\"caption\":\"NavSystems O\u00dc\"},\"image\":{\"@id\":\"https:\\\/\\\/raymarine.ee\\\/#\\\/schema\\\/logo\\\/image\\\/\"},\"sameAs\":[\"https:\\\/\\\/www.facebook.com\\\/NavSystems\"],\"legalName\":\"NavSystems O\u00dc\",\"foundingDate\":\"2011-05-03\",\"numberOfEmployees\":{\"@type\":\"QuantitativeValue\",\"minValue\":\"1\",\"maxValue\":\"10\"}}]}<\/script>\n<meta property=\"product:price:amount\" content=\"1891.93\" \/>\n<meta property=\"product:price:currency\" content=\"EUR\" \/>\n<meta property=\"og:availability\" content=\"instock\" \/>\n<meta property=\"product:availability\" content=\"instock\" \/>\n<meta property=\"product:retailer_item_id\" content=\"T70607\" \/>\n<meta property=\"product:condition\" content=\"new\" \/>\n<!-- \/ Yoast SEO Premium plugin. -->","yoast_head_json":{"title":"i70s Smart Wind Pack - i70s, RSW, DST810 - NavSystems Mereelektroonika","description":"Tutvuge RSW Wind tuulekomplektiga, mis pakub t\u00e4pset tuule-, kiirus- ja s\u00fcgavuse andmete j\u00e4lgimist. Hankige kvaliteetne varustus juba t\u00e4na!","robots":{"index":"index","follow":"follow","max-snippet":"max-snippet:-1","max-image-preview":"max-image-preview:large","max-video-preview":"max-video-preview:-1"},"canonical":"https:\/\/raymarine.ee\/en\/product\/i70s-smart-wind-pack-i70s-rsw-dst810\/","og_locale":"en_GB","og_type":"article","og_title":"i70s Smart Wind Pack - i70s, RSW, DST810","og_description":"Tutvuge RSW Wind tuulekomplektiga, mis pakub t\u00e4pset tuule-, kiirus- ja s\u00fcgavuse andmete j\u00e4lgimist. Hankige kvaliteetne varustus juba t\u00e4na!","og_url":"https:\/\/raymarine.ee\/en\/product\/i70s-smart-wind-pack-i70s-rsw-dst810\/","og_site_name":"NavSystems","article_publisher":"https:\/\/www.facebook.com\/NavSystems","article_modified_time":"2026-04-15T17:39:34+00:00","og_image":[{"width":1200,"height":1200,"url":"https:\/\/raymarine.ee\/wp-content\/uploads\/2026\/03\/T70607-RSW-Pack.jpg","type":"image\/jpeg"}],"twitter_card":"summary_large_image","twitter_misc":{"Price":"1 891,93&nbsp;&euro;","Availability":"In stock"},"schema":{"@context":"https:\/\/schema.org","@graph":[{"@type":"WebPage","@id":"https:\/\/raymarine.ee\/product\/i70s-smart-wind-pack-i70s-rsw-dst810\/","url":"https:\/\/raymarine.ee\/product\/i70s-smart-wind-pack-i70s-rsw-dst810\/","name":"i70s Smart Wind Pack - i70s, RSW, DST810 - NavSystems Mereelektroonika","isPartOf":{"@id":"https:\/\/raymarine.ee\/#website"},"primaryImageOfPage":{"@id":"https:\/\/raymarine.ee\/product\/i70s-smart-wind-pack-i70s-rsw-dst810\/#primaryimage"},"image":{"@id":"https:\/\/raymarine.ee\/product\/i70s-smart-wind-pack-i70s-rsw-dst810\/#primaryimage"},"thumbnailUrl":"https:\/\/raymarine.ee\/wp-content\/uploads\/2026\/03\/T70607-RSW-Pack.jpg","datePublished":"2026-03-27T07:08:21+00:00","dateModified":"2026-04-15T17:39:34+00:00","description":"Tutvuge RSW Wind tuulekomplektiga, mis pakub t\u00e4pset tuule-, kiirus- ja s\u00fcgavuse andmete j\u00e4lgimist. Hankige kvaliteetne varustus juba t\u00e4na!","breadcrumb":{"@id":"https:\/\/raymarine.ee\/product\/i70s-smart-wind-pack-i70s-rsw-dst810\/#breadcrumb"},"inLanguage":"en-GB","potentialAction":[{"@type":"ReadAction","target":["https:\/\/raymarine.ee\/product\/i70s-smart-wind-pack-i70s-rsw-dst810\/"]}]},{"@type":"ImageObject","inLanguage":"en-GB","@id":"https:\/\/raymarine.ee\/product\/i70s-smart-wind-pack-i70s-rsw-dst810\/#primaryimage","url":"https:\/\/raymarine.ee\/wp-content\/uploads\/2026\/03\/T70607-RSW-Pack.jpg","contentUrl":"https:\/\/raymarine.ee\/wp-content\/uploads\/2026\/03\/T70607-RSW-Pack.jpg","width":1200,"height":1200},{"@type":"BreadcrumbList","@id":"https:\/\/raymarine.ee\/product\/i70s-smart-wind-pack-i70s-rsw-dst810\/#breadcrumb","itemListElement":[{"@type":"ListItem","position":1,"name":"Home","item":"https:\/\/raymarine.ee\/"},{"@type":"ListItem","position":2,"name":"Tooted","item":"https:\/\/raymarine.ee\/shop\/"},{"@type":"ListItem","position":3,"name":"i70s Smart Wind Pack &#8211; i70s, RSW, DST810"}]},{"@type":"WebSite","@id":"https:\/\/raymarine.ee\/#website","url":"https:\/\/raymarine.ee\/","name":"www.raymarine.ee","description":"Mereelektroonika, kaardiplotter, autopiloot, pinnipiloot, roolipiloot, radar, AIS, VHF, Smart Wind","publisher":{"@id":"https:\/\/raymarine.ee\/#organization"},"alternateName":"Raymarine","potentialAction":[{"@type":"SearchAction","target":{"@type":"EntryPoint","urlTemplate":"https:\/\/raymarine.ee\/?s={search_term_string}"},"query-input":{"@type":"PropertyValueSpecification","valueRequired":true,"valueName":"search_term_string"}}],"inLanguage":"en-GB"},{"@type":"Organization","@id":"https:\/\/raymarine.ee\/#organization","name":"NavSystems O\u00dc","url":"https:\/\/raymarine.ee\/","logo":{"@type":"ImageObject","inLanguage":"en-GB","@id":"https:\/\/raymarine.ee\/#\/schema\/logo\/image\/","url":"https:\/\/raymarine.ee\/wp-content\/uploads\/2024\/10\/Screenshot-2024-10-15-151324_bg_removed.webp","contentUrl":"https:\/\/raymarine.ee\/wp-content\/uploads\/2024\/10\/Screenshot-2024-10-15-151324_bg_removed.webp","width":420,"height":276,"caption":"NavSystems O\u00dc"},"image":{"@id":"https:\/\/raymarine.ee\/#\/schema\/logo\/image\/"},"sameAs":["https:\/\/www.facebook.com\/NavSystems"],"legalName":"NavSystems O\u00dc","foundingDate":"2011-05-03","numberOfEmployees":{"@type":"QuantitativeValue","minValue":"1","maxValue":"10"}}]},"product_price_amount":"1891.93","product_price_currency":"EUR","og_availability":"instock","product_availability":"instock","product_retailer_item_id":"T70607","product_condition":"new"},"jetpack_sharing_enabled":true,"_links":{"self":[{"href":"https:\/\/raymarine.ee\/en\/wp-json\/wp\/v2\/product\/8878","targetHints":{"allow":["GET"]}}],"collection":[{"href":"https:\/\/raymarine.ee\/en\/wp-json\/wp\/v2\/product"}],"about":[{"href":"https:\/\/raymarine.ee\/en\/wp-json\/wp\/v2\/types\/product"}],"wp:featuredmedia":[{"embeddable":true,"href":"https:\/\/raymarine.ee\/en\/wp-json\/wp\/v2\/media\/8957"}],"wp:attachment":[{"href":"https:\/\/raymarine.ee\/en\/wp-json\/wp\/v2\/media?parent=8878"}],"wp:term":[{"taxonomy":"product_brand","embeddable":true,"href":"https:\/\/raymarine.ee\/en\/wp-json\/wp\/v2\/product_brand?post=8878"},{"taxonomy":"product_cat","embeddable":true,"href":"https:\/\/raymarine.ee\/en\/wp-json\/wp\/v2\/product_cat?post=8878"},{"taxonomy":"product_tag","embeddable":true,"href":"https:\/\/raymarine.ee\/en\/wp-json\/wp\/v2\/product_tag?post=8878"}],"curies":[{"name":"wp","href":"https:\/\/api.w.org\/{rel}","templated":true}]}}