{"id":9336,"date":"2026-04-04T12:33:31","date_gmt":"2026-04-04T10:33:31","guid":{"rendered":"https:\/\/raymarine.ee\/?post_type=product&#038;p=9336"},"modified":"2026-04-04T13:51:07","modified_gmt":"2026-04-04T11:51:07","slug":"pinnipiloodi-pedestal-assembly-38mm-st1000-st2000-st4000-tiller","status":"publish","type":"product","link":"https:\/\/raymarine.ee\/en\/product\/pinnipiloodi-pedestal-assembly-38mm-st1000-st2000-st4000-tiller\/","title":{"rendered":"Pinnipiloodi Pedestal Assembly 38mm (ST1000+, ST2000+, ST4000 tiller)"},"content":{"rendered":"<div id=\"esctl_799073\" class=\"element-tabs-panel-outer element-tabs-alpha\">\n<div class=\"element-tabs-panel-inner\">\n<div class=\"ContentEditor\">\n<p>Pinnipiloodi Pedestal Assembly on tugi mis on m\u00f5eldud pinnipiloodi ajami kerepoolse otsa t\u00f5stmiseks, et ajam oleks pinniga \u00fchel joonel (loodis). Tugi kinnitatakse kere horisontaalse pinna k\u00fclge ja on saadaval m\u00f5\u00f5tudes 38mm, 51mm, 64mm, 76mm ja 89mm. Paigalduse k\u00e4igus ei saa alati t\u00e4pselt kontrollida kuhu ST1000+, ST2000+, ST4000 pinnipiloodi ajami tagumine ots kinnitada. Valida tuleb k\u00f5ige m\u00f5istlikum, k\u00e4ep\u00e4rasem ja tugevam koht. Samas tuleb kinni pidada olulistest paigalduse m\u00f5\u00f5tudest mis on 460mm roolipallerist pinni k\u00e4epideme poole ja v\u00f5imalikult paralleelselt paadi ja roolipinni suhtes. Teine t\u00e4htis m\u00f5\u00f5t on nn. &#8220;Midstroke&#8221;, ehk kesk asend, ST1000+ ja ST2000+ puhul on see 589mm ja ST4000 puhul 620mm. Need on roolipinni- ja kerepoolse kinnituse tsentrite vahed. Ideaalse tulemuse saavutamiseks tuleb vahest appi v\u00f5tta erinevad pikendusl\u00fclid, pinni tasapinna t\u00f5stmiseks v\u00f5i langetamiseks m\u00f5eldud kinnitused ja horisontaalse- v\u00f5i vertikaalse seina k\u00fclge kinnitatavad pikendustoed.<\/p>\n<\/div>\n<\/div>\n<\/div>\n<div id=\"esctl_799075\" class=\"element-tabs-panel-outer element-tabs-gamma\">\n<div class=\"element-tabs-panel-inner\">\n<div class=\"ContentEditor\">\n<p><strong>Juhendid:\u00a0<\/strong><\/p>\n<p>Lae alla ST1000+ ST2000+ <a href=\"https:\/\/raymarine.ee\/wp-content\/uploads\/2026\/04\/S1000-S2000-Owner-handbook-81130-7-EN.pdf\" target=\"_blank\" rel=\"noopener\" data-wpel-link=\"internal\">paigaldus ja kasutusjuhend<\/a><\/p>\n<p>Lae alla ST4000 pinnipiloodi ajami <a href=\"https:\/\/raymarine.ee\/wp-content\/uploads\/2026\/04\/Tiller-Drive-Q047-Installation-instructions-87279-3-EN-1.pdf\" target=\"_blank\" rel=\"noopener\">paigaldusjuhend<\/a><\/p>\n<\/div>\n<\/div>\n<\/div>","protected":false},"excerpt":{"rendered":"<p>Pinnipiloodi Pedestal Assembly on tugi mis on m\u00f5eldud pinnipiloodi ajami kerepoolse otsa t\u00f5stmiseks, et ajam oleks pinniga \u00fchel joonel (loodis). Tugi kinnitatakse kere horisontaalse pinna k\u00fclge ja on saadaval m\u00f5\u00f5tudes 38mm, 51mm, 64mm, 76mm ja 89mm. Paigalduse k\u00e4igus ei saa alati t\u00e4pselt kontrollida kuhu ST1000+, ST2000+, ST4000 pinnipiloodi ajami tagumine ots kinnitada. Valida tuleb k\u00f5ige m\u00f5istlikum, k\u00e4ep\u00e4rasem ja tugevam koht. Samas tuleb kinni pidada olulistest paigalduse m\u00f5\u00f5tudest mis on 460mm roolipallerist pinni k\u00e4epideme poole ja v\u00f5imalikult paralleelselt paadi ja roolipinni suhtes. Teine t\u00e4htis m\u00f5\u00f5t on nn. &#8220;Midstroke&#8221;, ehk kesk asend, ST1000+ ja ST2000+ puhul on see 589mm ja ST4000 puhul 620mm. Need on roolipinni- ja kerepoolse kinnituse tsentrite vahed. Ideaalse tulemuse saavutamiseks tuleb vahest appi v\u00f5tta erinevad pikendusl\u00fclid, pinni tasapinna t\u00f5stmiseks v\u00f5i langetamiseks m\u00f5eldud kinnitused ja horisontaalse- v\u00f5i vertikaalse seina k\u00fclge kinnitatavad pikendustoed. Tutvu kindlasti ka pinnipilootide juhenditega ja k\u00fcsimuste korral pea n\u00f5u meie spetsialistiga.<\/p>","protected":false},"featured_media":9337,"template":"","meta":{"_acf_changed":false},"product_brand":[134],"product_cat":[52,64,103],"product_tag":[],"class_list":{"0":"post-9336","1":"product","2":"type-product","3":"status-publish","4":"has-post-thumbnail","6":"product_brand-raymarine","7":"product_cat-autopiloot-autopiloodid","8":"product_cat-pinnipiloodid","9":"product_cat-raymarine","11":"first","12":"instock","13":"sale","14":"taxable","15":"shipping-taxable","16":"purchasable","17":"product-type-simple"},"acf":[],"yoast_head":"<!-- This site is optimized with the Yoast SEO Premium plugin v27.5 (Yoast SEO v27.5) - https:\/\/yoast.com\/product\/yoast-seo-premium-wordpress\/ -->\n<title>Pinnipiloodi Pedestal Assembly 38mm (ST1000+, ST2000+, ST4000 tiller) - NavSystems Mereelektroonika<\/title>\n<meta name=\"description\" content=\"Raymarine Tiller Pilot \u2013 usaldusv\u00e4\u00e4rne ja nutikas automaatrool v\u00e4ikelaevadele. T\u00e4pne juhtimine, energias\u00e4\u00e4st ja lihtne kasutamine igas olukorras.\" \/>\n<meta name=\"robots\" content=\"index, follow, max-snippet:-1, max-image-preview:large, max-video-preview:-1\" \/>\n<link rel=\"canonical\" href=\"https:\/\/raymarine.ee\/en\/product\/pinnipiloodi-pedestal-assembly-38mm-st1000-st2000-st4000-tiller\/\" \/>\n<meta property=\"og:locale\" content=\"en_GB\" \/>\n<meta property=\"og:type\" content=\"article\" \/>\n<meta property=\"og:title\" content=\"Pinnipiloodi Pedestal Assembly 38mm (ST1000+, ST2000+, ST4000 tiller)\" \/>\n<meta property=\"og:description\" content=\"Raymarine Tiller Pilot \u2013 usaldusv\u00e4\u00e4rne ja nutikas automaatrool v\u00e4ikelaevadele. T\u00e4pne juhtimine, energias\u00e4\u00e4st ja lihtne kasutamine igas olukorras.\" \/>\n<meta property=\"og:url\" content=\"https:\/\/raymarine.ee\/en\/product\/pinnipiloodi-pedestal-assembly-38mm-st1000-st2000-st4000-tiller\/\" \/>\n<meta property=\"og:site_name\" content=\"NavSystems\" \/>\n<meta property=\"article:publisher\" content=\"https:\/\/www.facebook.com\/NavSystems\" \/>\n<meta property=\"article:modified_time\" content=\"2026-04-04T11:51:07+00:00\" \/>\n<meta property=\"og:image\" content=\"https:\/\/raymarine.ee\/wp-content\/uploads\/2026\/04\/raymarine-pedestal-assambly.jpg\" \/>\n\t<meta property=\"og:image:width\" content=\"1000\" \/>\n\t<meta property=\"og:image:height\" content=\"1000\" \/>\n\t<meta property=\"og:image:type\" content=\"image\/jpeg\" \/>\n<meta name=\"twitter:card\" content=\"summary_large_image\" \/>\n<meta name=\"twitter:label1\" content=\"Price\" \/>\n\t<meta name=\"twitter:data1\" content=\"120,80&nbsp;&euro;\" \/>\n\t<meta name=\"twitter:label2\" content=\"Availability\" \/>\n\t<meta name=\"twitter:data2\" content=\"In stock\" \/>\n<script type=\"application\/ld+json\" class=\"yoast-schema-graph\">{\"@context\":\"https:\\\/\\\/schema.org\",\"@graph\":[{\"@type\":\"WebPage\",\"@id\":\"https:\\\/\\\/raymarine.ee\\\/product\\\/pinnipiloodi-pedestal-assembly-38mm-st1000-st2000-st4000-tiller\\\/\",\"url\":\"https:\\\/\\\/raymarine.ee\\\/product\\\/pinnipiloodi-pedestal-assembly-38mm-st1000-st2000-st4000-tiller\\\/\",\"name\":\"Pinnipiloodi Pedestal Assembly 38mm (ST1000+, ST2000+, ST4000 tiller) - NavSystems Mereelektroonika\",\"isPartOf\":{\"@id\":\"https:\\\/\\\/raymarine.ee\\\/#website\"},\"primaryImageOfPage\":{\"@id\":\"https:\\\/\\\/raymarine.ee\\\/product\\\/pinnipiloodi-pedestal-assembly-38mm-st1000-st2000-st4000-tiller\\\/#primaryimage\"},\"image\":{\"@id\":\"https:\\\/\\\/raymarine.ee\\\/product\\\/pinnipiloodi-pedestal-assembly-38mm-st1000-st2000-st4000-tiller\\\/#primaryimage\"},\"thumbnailUrl\":\"https:\\\/\\\/raymarine.ee\\\/wp-content\\\/uploads\\\/2026\\\/04\\\/raymarine-pedestal-assambly.jpg\",\"datePublished\":\"2026-04-04T10:33:31+00:00\",\"dateModified\":\"2026-04-04T11:51:07+00:00\",\"description\":\"Raymarine Tiller Pilot \u2013 usaldusv\u00e4\u00e4rne ja nutikas automaatrool v\u00e4ikelaevadele. T\u00e4pne juhtimine, energias\u00e4\u00e4st ja lihtne kasutamine igas olukorras.\",\"breadcrumb\":{\"@id\":\"https:\\\/\\\/raymarine.ee\\\/product\\\/pinnipiloodi-pedestal-assembly-38mm-st1000-st2000-st4000-tiller\\\/#breadcrumb\"},\"inLanguage\":\"en-GB\",\"potentialAction\":[{\"@type\":\"ReadAction\",\"target\":[\"https:\\\/\\\/raymarine.ee\\\/product\\\/pinnipiloodi-pedestal-assembly-38mm-st1000-st2000-st4000-tiller\\\/\"]}]},{\"@type\":\"ImageObject\",\"inLanguage\":\"en-GB\",\"@id\":\"https:\\\/\\\/raymarine.ee\\\/product\\\/pinnipiloodi-pedestal-assembly-38mm-st1000-st2000-st4000-tiller\\\/#primaryimage\",\"url\":\"https:\\\/\\\/raymarine.ee\\\/wp-content\\\/uploads\\\/2026\\\/04\\\/raymarine-pedestal-assambly.jpg\",\"contentUrl\":\"https:\\\/\\\/raymarine.ee\\\/wp-content\\\/uploads\\\/2026\\\/04\\\/raymarine-pedestal-assambly.jpg\",\"width\":1000,\"height\":1000},{\"@type\":\"BreadcrumbList\",\"@id\":\"https:\\\/\\\/raymarine.ee\\\/product\\\/pinnipiloodi-pedestal-assembly-38mm-st1000-st2000-st4000-tiller\\\/#breadcrumb\",\"itemListElement\":[{\"@type\":\"ListItem\",\"position\":1,\"name\":\"Home\",\"item\":\"https:\\\/\\\/raymarine.ee\\\/\"},{\"@type\":\"ListItem\",\"position\":2,\"name\":\"Tooted\",\"item\":\"https:\\\/\\\/raymarine.ee\\\/shop\\\/\"},{\"@type\":\"ListItem\",\"position\":3,\"name\":\"Pinnipiloodi Pedestal Assembly 38mm (ST1000+, ST2000+, ST4000 tiller)\"}]},{\"@type\":\"WebSite\",\"@id\":\"https:\\\/\\\/raymarine.ee\\\/#website\",\"url\":\"https:\\\/\\\/raymarine.ee\\\/\",\"name\":\"www.raymarine.ee\",\"description\":\"Mereelektroonika, kaardiplotter, autopiloot, pinnipiloot, roolipiloot, radar, AIS, VHF, Smart Wind\",\"publisher\":{\"@id\":\"https:\\\/\\\/raymarine.ee\\\/#organization\"},\"alternateName\":\"Raymarine\",\"potentialAction\":[{\"@type\":\"SearchAction\",\"target\":{\"@type\":\"EntryPoint\",\"urlTemplate\":\"https:\\\/\\\/raymarine.ee\\\/?s={search_term_string}\"},\"query-input\":{\"@type\":\"PropertyValueSpecification\",\"valueRequired\":true,\"valueName\":\"search_term_string\"}}],\"inLanguage\":\"en-GB\"},{\"@type\":\"Organization\",\"@id\":\"https:\\\/\\\/raymarine.ee\\\/#organization\",\"name\":\"NavSystems O\u00dc\",\"url\":\"https:\\\/\\\/raymarine.ee\\\/\",\"logo\":{\"@type\":\"ImageObject\",\"inLanguage\":\"en-GB\",\"@id\":\"https:\\\/\\\/raymarine.ee\\\/#\\\/schema\\\/logo\\\/image\\\/\",\"url\":\"https:\\\/\\\/raymarine.ee\\\/wp-content\\\/uploads\\\/2024\\\/10\\\/Screenshot-2024-10-15-151324_bg_removed.webp\",\"contentUrl\":\"https:\\\/\\\/raymarine.ee\\\/wp-content\\\/uploads\\\/2024\\\/10\\\/Screenshot-2024-10-15-151324_bg_removed.webp\",\"width\":420,\"height\":276,\"caption\":\"NavSystems O\u00dc\"},\"image\":{\"@id\":\"https:\\\/\\\/raymarine.ee\\\/#\\\/schema\\\/logo\\\/image\\\/\"},\"sameAs\":[\"https:\\\/\\\/www.facebook.com\\\/NavSystems\"],\"legalName\":\"NavSystems O\u00dc\",\"foundingDate\":\"2011-05-03\",\"numberOfEmployees\":{\"@type\":\"QuantitativeValue\",\"minValue\":\"1\",\"maxValue\":\"10\"}}]}<\/script>\n<meta property=\"product:price:amount\" content=\"120.80\" \/>\n<meta property=\"product:price:currency\" content=\"EUR\" \/>\n<meta property=\"og:availability\" content=\"instock\" \/>\n<meta property=\"product:availability\" content=\"instock\" \/>\n<meta property=\"product:retailer_item_id\" content=\"D026\" \/>\n<meta property=\"product:condition\" content=\"new\" \/>\n<!-- \/ Yoast SEO Premium plugin. -->","yoast_head_json":{"title":"Pinnipiloodi Pedestal Assembly 38mm (ST1000+, ST2000+, ST4000 tiller) - NavSystems Mereelektroonika","description":"Raymarine Tiller Pilot \u2013 usaldusv\u00e4\u00e4rne ja nutikas automaatrool v\u00e4ikelaevadele. T\u00e4pne juhtimine, energias\u00e4\u00e4st ja lihtne kasutamine igas olukorras.","robots":{"index":"index","follow":"follow","max-snippet":"max-snippet:-1","max-image-preview":"max-image-preview:large","max-video-preview":"max-video-preview:-1"},"canonical":"https:\/\/raymarine.ee\/en\/product\/pinnipiloodi-pedestal-assembly-38mm-st1000-st2000-st4000-tiller\/","og_locale":"en_GB","og_type":"article","og_title":"Pinnipiloodi Pedestal Assembly 38mm (ST1000+, ST2000+, ST4000 tiller)","og_description":"Raymarine Tiller Pilot \u2013 usaldusv\u00e4\u00e4rne ja nutikas automaatrool v\u00e4ikelaevadele. T\u00e4pne juhtimine, energias\u00e4\u00e4st ja lihtne kasutamine igas olukorras.","og_url":"https:\/\/raymarine.ee\/en\/product\/pinnipiloodi-pedestal-assembly-38mm-st1000-st2000-st4000-tiller\/","og_site_name":"NavSystems","article_publisher":"https:\/\/www.facebook.com\/NavSystems","article_modified_time":"2026-04-04T11:51:07+00:00","og_image":[{"width":1000,"height":1000,"url":"https:\/\/raymarine.ee\/wp-content\/uploads\/2026\/04\/raymarine-pedestal-assambly.jpg","type":"image\/jpeg"}],"twitter_card":"summary_large_image","twitter_misc":{"Price":"120,80&nbsp;&euro;","Availability":"In stock"},"schema":{"@context":"https:\/\/schema.org","@graph":[{"@type":"WebPage","@id":"https:\/\/raymarine.ee\/product\/pinnipiloodi-pedestal-assembly-38mm-st1000-st2000-st4000-tiller\/","url":"https:\/\/raymarine.ee\/product\/pinnipiloodi-pedestal-assembly-38mm-st1000-st2000-st4000-tiller\/","name":"Pinnipiloodi Pedestal Assembly 38mm (ST1000+, ST2000+, ST4000 tiller) - NavSystems Mereelektroonika","isPartOf":{"@id":"https:\/\/raymarine.ee\/#website"},"primaryImageOfPage":{"@id":"https:\/\/raymarine.ee\/product\/pinnipiloodi-pedestal-assembly-38mm-st1000-st2000-st4000-tiller\/#primaryimage"},"image":{"@id":"https:\/\/raymarine.ee\/product\/pinnipiloodi-pedestal-assembly-38mm-st1000-st2000-st4000-tiller\/#primaryimage"},"thumbnailUrl":"https:\/\/raymarine.ee\/wp-content\/uploads\/2026\/04\/raymarine-pedestal-assambly.jpg","datePublished":"2026-04-04T10:33:31+00:00","dateModified":"2026-04-04T11:51:07+00:00","description":"Raymarine Tiller Pilot \u2013 usaldusv\u00e4\u00e4rne ja nutikas automaatrool v\u00e4ikelaevadele. T\u00e4pne juhtimine, energias\u00e4\u00e4st ja lihtne kasutamine igas olukorras.","breadcrumb":{"@id":"https:\/\/raymarine.ee\/product\/pinnipiloodi-pedestal-assembly-38mm-st1000-st2000-st4000-tiller\/#breadcrumb"},"inLanguage":"en-GB","potentialAction":[{"@type":"ReadAction","target":["https:\/\/raymarine.ee\/product\/pinnipiloodi-pedestal-assembly-38mm-st1000-st2000-st4000-tiller\/"]}]},{"@type":"ImageObject","inLanguage":"en-GB","@id":"https:\/\/raymarine.ee\/product\/pinnipiloodi-pedestal-assembly-38mm-st1000-st2000-st4000-tiller\/#primaryimage","url":"https:\/\/raymarine.ee\/wp-content\/uploads\/2026\/04\/raymarine-pedestal-assambly.jpg","contentUrl":"https:\/\/raymarine.ee\/wp-content\/uploads\/2026\/04\/raymarine-pedestal-assambly.jpg","width":1000,"height":1000},{"@type":"BreadcrumbList","@id":"https:\/\/raymarine.ee\/product\/pinnipiloodi-pedestal-assembly-38mm-st1000-st2000-st4000-tiller\/#breadcrumb","itemListElement":[{"@type":"ListItem","position":1,"name":"Home","item":"https:\/\/raymarine.ee\/"},{"@type":"ListItem","position":2,"name":"Tooted","item":"https:\/\/raymarine.ee\/shop\/"},{"@type":"ListItem","position":3,"name":"Pinnipiloodi Pedestal Assembly 38mm (ST1000+, ST2000+, ST4000 tiller)"}]},{"@type":"WebSite","@id":"https:\/\/raymarine.ee\/#website","url":"https:\/\/raymarine.ee\/","name":"www.raymarine.ee","description":"Mereelektroonika, kaardiplotter, autopiloot, pinnipiloot, roolipiloot, radar, AIS, VHF, Smart Wind","publisher":{"@id":"https:\/\/raymarine.ee\/#organization"},"alternateName":"Raymarine","potentialAction":[{"@type":"SearchAction","target":{"@type":"EntryPoint","urlTemplate":"https:\/\/raymarine.ee\/?s={search_term_string}"},"query-input":{"@type":"PropertyValueSpecification","valueRequired":true,"valueName":"search_term_string"}}],"inLanguage":"en-GB"},{"@type":"Organization","@id":"https:\/\/raymarine.ee\/#organization","name":"NavSystems O\u00dc","url":"https:\/\/raymarine.ee\/","logo":{"@type":"ImageObject","inLanguage":"en-GB","@id":"https:\/\/raymarine.ee\/#\/schema\/logo\/image\/","url":"https:\/\/raymarine.ee\/wp-content\/uploads\/2024\/10\/Screenshot-2024-10-15-151324_bg_removed.webp","contentUrl":"https:\/\/raymarine.ee\/wp-content\/uploads\/2024\/10\/Screenshot-2024-10-15-151324_bg_removed.webp","width":420,"height":276,"caption":"NavSystems O\u00dc"},"image":{"@id":"https:\/\/raymarine.ee\/#\/schema\/logo\/image\/"},"sameAs":["https:\/\/www.facebook.com\/NavSystems"],"legalName":"NavSystems O\u00dc","foundingDate":"2011-05-03","numberOfEmployees":{"@type":"QuantitativeValue","minValue":"1","maxValue":"10"}}]},"product_price_amount":"120.80","product_price_currency":"EUR","og_availability":"instock","product_availability":"instock","product_retailer_item_id":"D026","product_condition":"new"},"jetpack_sharing_enabled":true,"_links":{"self":[{"href":"https:\/\/raymarine.ee\/en\/wp-json\/wp\/v2\/product\/9336","targetHints":{"allow":["GET"]}}],"collection":[{"href":"https:\/\/raymarine.ee\/en\/wp-json\/wp\/v2\/product"}],"about":[{"href":"https:\/\/raymarine.ee\/en\/wp-json\/wp\/v2\/types\/product"}],"wp:featuredmedia":[{"embeddable":true,"href":"https:\/\/raymarine.ee\/en\/wp-json\/wp\/v2\/media\/9337"}],"wp:attachment":[{"href":"https:\/\/raymarine.ee\/en\/wp-json\/wp\/v2\/media?parent=9336"}],"wp:term":[{"taxonomy":"product_brand","embeddable":true,"href":"https:\/\/raymarine.ee\/en\/wp-json\/wp\/v2\/product_brand?post=9336"},{"taxonomy":"product_cat","embeddable":true,"href":"https:\/\/raymarine.ee\/en\/wp-json\/wp\/v2\/product_cat?post=9336"},{"taxonomy":"product_tag","embeddable":true,"href":"https:\/\/raymarine.ee\/en\/wp-json\/wp\/v2\/product_tag?post=9336"}],"curies":[{"name":"wp","href":"https:\/\/api.w.org\/{rel}","templated":true}]}}