{"id":9366,"date":"2026-04-04T17:04:54","date_gmt":"2026-04-04T15:04:54","guid":{"rendered":"https:\/\/raymarine.ee\/?post_type=product&#038;p=9366"},"modified":"2026-04-04T17:31:25","modified_gmt":"2026-04-04T15:31:25","slug":"st4000-tiller-drive-end-cap","status":"publish","type":"product","link":"https:\/\/raymarine.ee\/en\/product\/st4000-tiller-drive-end-cap\/","title":{"rendered":"ST4000 Tiller Drive End Cap"},"content":{"rendered":"<div id=\"esctl_799073\" class=\"element-tabs-panel-outer element-tabs-alpha\">\n<div class=\"element-tabs-panel-inner\">\n<div class=\"ContentEditor\">\n<p>Tegijal ikka juhtub. See on k\u00fcll harv juhus, aga vahest l\u00e4heb ka ST4000 pinniajamil varuosasid vaja. Ajami kere poolne ots on siiani olnud ainus varuosa mida on selle toote puhul vaja l\u00e4inud ja see on meil laos olemas.<\/p>\n<\/div>\n<\/div>\n<\/div>","protected":false},"excerpt":{"rendered":"<p>Tegijal ikka juhtub. See on k\u00fcll harv juhus, aga vahest l\u00e4heb ka ST4000 pinniajamil varuosasid vaja. Ajami kere poolne ots on siiani olnud ainus varuosa mida on selle toote puhul vaja l\u00e4inud ja see on meil laos olemas.<\/p>","protected":false},"featured_media":9370,"template":"","meta":{"_acf_changed":false},"product_brand":[134],"product_cat":[52,64,103],"product_tag":[],"class_list":{"0":"post-9366","1":"product","2":"type-product","3":"status-publish","4":"has-post-thumbnail","6":"product_brand-raymarine","7":"product_cat-autopiloot-autopiloodid","8":"product_cat-pinnipiloodid","9":"product_cat-raymarine","11":"first","12":"instock","13":"sale","14":"taxable","15":"shipping-taxable","16":"purchasable","17":"product-type-simple"},"acf":[],"yoast_head":"<!-- This site is optimized with the Yoast SEO Premium plugin v27.5 (Yoast SEO v27.5) - https:\/\/yoast.com\/product\/yoast-seo-premium-wordpress\/ -->\n<title>ST4000 Tiller Drive End Cap - NavSystems Mereelektroonika<\/title>\n<meta name=\"description\" content=\"Raymarine Tiller Pilot \u2013 usaldusv\u00e4\u00e4rne ja nutikas automaatrool v\u00e4ikelaevadele. T\u00e4pne juhtimine, energias\u00e4\u00e4st ja lihtne kasutamine igas olukorras.\" \/>\n<meta name=\"robots\" content=\"index, follow, max-snippet:-1, max-image-preview:large, max-video-preview:-1\" \/>\n<link rel=\"canonical\" href=\"https:\/\/raymarine.ee\/en\/product\/st4000-tiller-drive-end-cap\/\" \/>\n<meta property=\"og:locale\" content=\"en_GB\" \/>\n<meta property=\"og:type\" content=\"article\" \/>\n<meta property=\"og:title\" content=\"ST4000 Tiller Drive End Cap\" \/>\n<meta property=\"og:description\" content=\"Raymarine Tiller Pilot \u2013 usaldusv\u00e4\u00e4rne ja nutikas automaatrool v\u00e4ikelaevadele. T\u00e4pne juhtimine, energias\u00e4\u00e4st ja lihtne kasutamine igas olukorras.\" \/>\n<meta property=\"og:url\" content=\"https:\/\/raymarine.ee\/en\/product\/st4000-tiller-drive-end-cap\/\" \/>\n<meta property=\"og:site_name\" content=\"NavSystems\" \/>\n<meta property=\"article:publisher\" content=\"https:\/\/www.facebook.com\/NavSystems\" \/>\n<meta property=\"article:modified_time\" content=\"2026-04-04T15:31:25+00:00\" \/>\n<meta property=\"og:image\" content=\"https:\/\/raymarine.ee\/wp-content\/uploads\/2026\/04\/raymarine-W014-st4000-tiller-spare.png\" \/>\n\t<meta property=\"og:image:width\" content=\"600\" \/>\n\t<meta property=\"og:image:height\" content=\"367\" \/>\n\t<meta property=\"og:image:type\" content=\"image\/png\" \/>\n<meta name=\"twitter:card\" content=\"summary_large_image\" \/>\n<meta name=\"twitter:label1\" content=\"Price\" \/>\n\t<meta name=\"twitter:data1\" content=\"83,70&nbsp;&euro;\" \/>\n\t<meta name=\"twitter:label2\" content=\"Availability\" \/>\n\t<meta name=\"twitter:data2\" content=\"In stock\" \/>\n<script type=\"application\/ld+json\" class=\"yoast-schema-graph\">{\"@context\":\"https:\\\/\\\/schema.org\",\"@graph\":[{\"@type\":\"WebPage\",\"@id\":\"https:\\\/\\\/raymarine.ee\\\/product\\\/st4000-tiller-drive-end-cap\\\/\",\"url\":\"https:\\\/\\\/raymarine.ee\\\/product\\\/st4000-tiller-drive-end-cap\\\/\",\"name\":\"ST4000 Tiller Drive End Cap - NavSystems Mereelektroonika\",\"isPartOf\":{\"@id\":\"https:\\\/\\\/raymarine.ee\\\/#website\"},\"primaryImageOfPage\":{\"@id\":\"https:\\\/\\\/raymarine.ee\\\/product\\\/st4000-tiller-drive-end-cap\\\/#primaryimage\"},\"image\":{\"@id\":\"https:\\\/\\\/raymarine.ee\\\/product\\\/st4000-tiller-drive-end-cap\\\/#primaryimage\"},\"thumbnailUrl\":\"https:\\\/\\\/raymarine.ee\\\/wp-content\\\/uploads\\\/2026\\\/04\\\/raymarine-W014-st4000-tiller-spare.png\",\"datePublished\":\"2026-04-04T15:04:54+00:00\",\"dateModified\":\"2026-04-04T15:31:25+00:00\",\"description\":\"Raymarine Tiller Pilot \u2013 usaldusv\u00e4\u00e4rne ja nutikas automaatrool v\u00e4ikelaevadele. T\u00e4pne juhtimine, energias\u00e4\u00e4st ja lihtne kasutamine igas olukorras.\",\"breadcrumb\":{\"@id\":\"https:\\\/\\\/raymarine.ee\\\/product\\\/st4000-tiller-drive-end-cap\\\/#breadcrumb\"},\"inLanguage\":\"en-GB\",\"potentialAction\":[{\"@type\":\"ReadAction\",\"target\":[\"https:\\\/\\\/raymarine.ee\\\/product\\\/st4000-tiller-drive-end-cap\\\/\"]}]},{\"@type\":\"ImageObject\",\"inLanguage\":\"en-GB\",\"@id\":\"https:\\\/\\\/raymarine.ee\\\/product\\\/st4000-tiller-drive-end-cap\\\/#primaryimage\",\"url\":\"https:\\\/\\\/raymarine.ee\\\/wp-content\\\/uploads\\\/2026\\\/04\\\/raymarine-W014-st4000-tiller-spare.png\",\"contentUrl\":\"https:\\\/\\\/raymarine.ee\\\/wp-content\\\/uploads\\\/2026\\\/04\\\/raymarine-W014-st4000-tiller-spare.png\",\"width\":600,\"height\":367},{\"@type\":\"BreadcrumbList\",\"@id\":\"https:\\\/\\\/raymarine.ee\\\/product\\\/st4000-tiller-drive-end-cap\\\/#breadcrumb\",\"itemListElement\":[{\"@type\":\"ListItem\",\"position\":1,\"name\":\"Home\",\"item\":\"https:\\\/\\\/raymarine.ee\\\/\"},{\"@type\":\"ListItem\",\"position\":2,\"name\":\"Tooted\",\"item\":\"https:\\\/\\\/raymarine.ee\\\/shop\\\/\"},{\"@type\":\"ListItem\",\"position\":3,\"name\":\"ST4000 Tiller Drive End Cap\"}]},{\"@type\":\"WebSite\",\"@id\":\"https:\\\/\\\/raymarine.ee\\\/#website\",\"url\":\"https:\\\/\\\/raymarine.ee\\\/\",\"name\":\"www.raymarine.ee\",\"description\":\"Mereelektroonika, kaardiplotter, autopiloot, pinnipiloot, roolipiloot, radar, AIS, VHF, Smart Wind\",\"publisher\":{\"@id\":\"https:\\\/\\\/raymarine.ee\\\/#organization\"},\"alternateName\":\"Raymarine\",\"potentialAction\":[{\"@type\":\"SearchAction\",\"target\":{\"@type\":\"EntryPoint\",\"urlTemplate\":\"https:\\\/\\\/raymarine.ee\\\/?s={search_term_string}\"},\"query-input\":{\"@type\":\"PropertyValueSpecification\",\"valueRequired\":true,\"valueName\":\"search_term_string\"}}],\"inLanguage\":\"en-GB\"},{\"@type\":\"Organization\",\"@id\":\"https:\\\/\\\/raymarine.ee\\\/#organization\",\"name\":\"NavSystems O\u00dc\",\"url\":\"https:\\\/\\\/raymarine.ee\\\/\",\"logo\":{\"@type\":\"ImageObject\",\"inLanguage\":\"en-GB\",\"@id\":\"https:\\\/\\\/raymarine.ee\\\/#\\\/schema\\\/logo\\\/image\\\/\",\"url\":\"https:\\\/\\\/raymarine.ee\\\/wp-content\\\/uploads\\\/2024\\\/10\\\/Screenshot-2024-10-15-151324_bg_removed.webp\",\"contentUrl\":\"https:\\\/\\\/raymarine.ee\\\/wp-content\\\/uploads\\\/2024\\\/10\\\/Screenshot-2024-10-15-151324_bg_removed.webp\",\"width\":420,\"height\":276,\"caption\":\"NavSystems O\u00dc\"},\"image\":{\"@id\":\"https:\\\/\\\/raymarine.ee\\\/#\\\/schema\\\/logo\\\/image\\\/\"},\"sameAs\":[\"https:\\\/\\\/www.facebook.com\\\/NavSystems\"],\"legalName\":\"NavSystems O\u00dc\",\"foundingDate\":\"2011-05-03\",\"numberOfEmployees\":{\"@type\":\"QuantitativeValue\",\"minValue\":\"1\",\"maxValue\":\"10\"}}]}<\/script>\n<meta property=\"product:price:amount\" content=\"83.70\" \/>\n<meta property=\"product:price:currency\" content=\"EUR\" \/>\n<meta property=\"og:availability\" content=\"instock\" \/>\n<meta property=\"product:availability\" content=\"instock\" \/>\n<meta property=\"product:retailer_item_id\" content=\"W014\" \/>\n<meta property=\"product:condition\" content=\"new\" \/>\n<!-- \/ Yoast SEO Premium plugin. -->","yoast_head_json":{"title":"ST4000 Tiller Drive End Cap - NavSystems Mereelektroonika","description":"Raymarine Tiller Pilot \u2013 usaldusv\u00e4\u00e4rne ja nutikas automaatrool v\u00e4ikelaevadele. T\u00e4pne juhtimine, energias\u00e4\u00e4st ja lihtne kasutamine igas olukorras.","robots":{"index":"index","follow":"follow","max-snippet":"max-snippet:-1","max-image-preview":"max-image-preview:large","max-video-preview":"max-video-preview:-1"},"canonical":"https:\/\/raymarine.ee\/en\/product\/st4000-tiller-drive-end-cap\/","og_locale":"en_GB","og_type":"article","og_title":"ST4000 Tiller Drive End Cap","og_description":"Raymarine Tiller Pilot \u2013 usaldusv\u00e4\u00e4rne ja nutikas automaatrool v\u00e4ikelaevadele. T\u00e4pne juhtimine, energias\u00e4\u00e4st ja lihtne kasutamine igas olukorras.","og_url":"https:\/\/raymarine.ee\/en\/product\/st4000-tiller-drive-end-cap\/","og_site_name":"NavSystems","article_publisher":"https:\/\/www.facebook.com\/NavSystems","article_modified_time":"2026-04-04T15:31:25+00:00","og_image":[{"width":600,"height":367,"url":"https:\/\/raymarine.ee\/wp-content\/uploads\/2026\/04\/raymarine-W014-st4000-tiller-spare.png","type":"image\/png"}],"twitter_card":"summary_large_image","twitter_misc":{"Price":"83,70&nbsp;&euro;","Availability":"In stock"},"schema":{"@context":"https:\/\/schema.org","@graph":[{"@type":"WebPage","@id":"https:\/\/raymarine.ee\/product\/st4000-tiller-drive-end-cap\/","url":"https:\/\/raymarine.ee\/product\/st4000-tiller-drive-end-cap\/","name":"ST4000 Tiller Drive End Cap - NavSystems Mereelektroonika","isPartOf":{"@id":"https:\/\/raymarine.ee\/#website"},"primaryImageOfPage":{"@id":"https:\/\/raymarine.ee\/product\/st4000-tiller-drive-end-cap\/#primaryimage"},"image":{"@id":"https:\/\/raymarine.ee\/product\/st4000-tiller-drive-end-cap\/#primaryimage"},"thumbnailUrl":"https:\/\/raymarine.ee\/wp-content\/uploads\/2026\/04\/raymarine-W014-st4000-tiller-spare.png","datePublished":"2026-04-04T15:04:54+00:00","dateModified":"2026-04-04T15:31:25+00:00","description":"Raymarine Tiller Pilot \u2013 usaldusv\u00e4\u00e4rne ja nutikas automaatrool v\u00e4ikelaevadele. T\u00e4pne juhtimine, energias\u00e4\u00e4st ja lihtne kasutamine igas olukorras.","breadcrumb":{"@id":"https:\/\/raymarine.ee\/product\/st4000-tiller-drive-end-cap\/#breadcrumb"},"inLanguage":"en-GB","potentialAction":[{"@type":"ReadAction","target":["https:\/\/raymarine.ee\/product\/st4000-tiller-drive-end-cap\/"]}]},{"@type":"ImageObject","inLanguage":"en-GB","@id":"https:\/\/raymarine.ee\/product\/st4000-tiller-drive-end-cap\/#primaryimage","url":"https:\/\/raymarine.ee\/wp-content\/uploads\/2026\/04\/raymarine-W014-st4000-tiller-spare.png","contentUrl":"https:\/\/raymarine.ee\/wp-content\/uploads\/2026\/04\/raymarine-W014-st4000-tiller-spare.png","width":600,"height":367},{"@type":"BreadcrumbList","@id":"https:\/\/raymarine.ee\/product\/st4000-tiller-drive-end-cap\/#breadcrumb","itemListElement":[{"@type":"ListItem","position":1,"name":"Home","item":"https:\/\/raymarine.ee\/"},{"@type":"ListItem","position":2,"name":"Tooted","item":"https:\/\/raymarine.ee\/shop\/"},{"@type":"ListItem","position":3,"name":"ST4000 Tiller Drive End Cap"}]},{"@type":"WebSite","@id":"https:\/\/raymarine.ee\/#website","url":"https:\/\/raymarine.ee\/","name":"www.raymarine.ee","description":"Mereelektroonika, kaardiplotter, autopiloot, pinnipiloot, roolipiloot, radar, AIS, VHF, Smart Wind","publisher":{"@id":"https:\/\/raymarine.ee\/#organization"},"alternateName":"Raymarine","potentialAction":[{"@type":"SearchAction","target":{"@type":"EntryPoint","urlTemplate":"https:\/\/raymarine.ee\/?s={search_term_string}"},"query-input":{"@type":"PropertyValueSpecification","valueRequired":true,"valueName":"search_term_string"}}],"inLanguage":"en-GB"},{"@type":"Organization","@id":"https:\/\/raymarine.ee\/#organization","name":"NavSystems O\u00dc","url":"https:\/\/raymarine.ee\/","logo":{"@type":"ImageObject","inLanguage":"en-GB","@id":"https:\/\/raymarine.ee\/#\/schema\/logo\/image\/","url":"https:\/\/raymarine.ee\/wp-content\/uploads\/2024\/10\/Screenshot-2024-10-15-151324_bg_removed.webp","contentUrl":"https:\/\/raymarine.ee\/wp-content\/uploads\/2024\/10\/Screenshot-2024-10-15-151324_bg_removed.webp","width":420,"height":276,"caption":"NavSystems O\u00dc"},"image":{"@id":"https:\/\/raymarine.ee\/#\/schema\/logo\/image\/"},"sameAs":["https:\/\/www.facebook.com\/NavSystems"],"legalName":"NavSystems O\u00dc","foundingDate":"2011-05-03","numberOfEmployees":{"@type":"QuantitativeValue","minValue":"1","maxValue":"10"}}]},"product_price_amount":"83.70","product_price_currency":"EUR","og_availability":"instock","product_availability":"instock","product_retailer_item_id":"W014","product_condition":"new"},"jetpack_sharing_enabled":true,"_links":{"self":[{"href":"https:\/\/raymarine.ee\/en\/wp-json\/wp\/v2\/product\/9366","targetHints":{"allow":["GET"]}}],"collection":[{"href":"https:\/\/raymarine.ee\/en\/wp-json\/wp\/v2\/product"}],"about":[{"href":"https:\/\/raymarine.ee\/en\/wp-json\/wp\/v2\/types\/product"}],"wp:featuredmedia":[{"embeddable":true,"href":"https:\/\/raymarine.ee\/en\/wp-json\/wp\/v2\/media\/9370"}],"wp:attachment":[{"href":"https:\/\/raymarine.ee\/en\/wp-json\/wp\/v2\/media?parent=9366"}],"wp:term":[{"taxonomy":"product_brand","embeddable":true,"href":"https:\/\/raymarine.ee\/en\/wp-json\/wp\/v2\/product_brand?post=9366"},{"taxonomy":"product_cat","embeddable":true,"href":"https:\/\/raymarine.ee\/en\/wp-json\/wp\/v2\/product_cat?post=9366"},{"taxonomy":"product_tag","embeddable":true,"href":"https:\/\/raymarine.ee\/en\/wp-json\/wp\/v2\/product_tag?post=9366"}],"curies":[{"name":"wp","href":"https:\/\/api.w.org\/{rel}","templated":true}]}}